{"id":22531,"date":"2019-07-06T18:23:19","date_gmt":"2019-07-06T18:23:19","guid":{"rendered":"https:\/\/www.sisinternational.com\/?p=22531"},"modified":"2026-01-26T18:08:32","modified_gmt":"2026-01-26T23:08:32","slug":"inteligencia-artificial","status":"publish","type":"page","link":"https:\/\/www.sisinternational.com\/es\/soluciones\/investigacion-de-mercado-de-ia-y-consultoria-estrategica\/inteligencia-artificial\/","title":{"rendered":"Investigaci\u00f3n de mercado de inteligencia artificial"},"content":{"rendered":"<h1 class=\"wp-block-heading\">Investigaci\u00f3n de mercado de inteligencia artificial<\/h1>\n\n\n\n<figure class=\"gb-block-image gb-block-image-9d14d326\"><img loading=\"lazy\" decoding=\"async\" width=\"1456\" height=\"816\" class=\"gb-image gb-image-9d14d326\" src=\"https:\/\/www.sisinternational.com\/wp-content\/uploads\/2025\/08\/AI-11.jpg\" alt=\"Investigaci\u00f3n y estrategia de mercado internacional de SIS\" title=\"AI (11)\" srcset=\"https:\/\/www.sisinternational.com\/wp-content\/uploads\/2025\/08\/AI-11.jpg 1456w, https:\/\/www.sisinternational.com\/wp-content\/uploads\/2025\/08\/AI-11-300x168.jpg 300w, https:\/\/www.sisinternational.com\/wp-content\/uploads\/2025\/08\/AI-11-1024x574.jpg 1024w, https:\/\/www.sisinternational.com\/wp-content\/uploads\/2025\/08\/AI-11-768x430.jpg 768w, https:\/\/www.sisinternational.com\/wp-content\/uploads\/2025\/08\/AI-11-18x10.jpg 18w\" sizes=\"auto, (max-width: 1456px) 100vw, 1456px\"><\/figure>\n\n\n\n<p><\/p>\n\n\n\n<h2 class=\"wp-block-heading p3\"><span class=\"s1\">La inteligencia artificial es un tema muy discutido estos d\u00edas, pero no es nada nuevo.<\/span><\/h2>\n\n\n\n<p class=\"p3\"><span class=\"s1\">La cultura popular ha reflejado nuestra fascinaci\u00f3n por la IA durante a\u00f1os en pel\u00edculas como 2001: Odisea en el espacio, Yo, Robot y, l\u00f3gicamente, IA.<span class=\"Apple-converted-space\">&nbsp; <\/span>Entonces, \u00bfqu\u00e9 es exactamente la inteligencia artificial? Est\u00e1 aqu\u00ed, es el futuro y, para algunas personas, parece un poco aterrador.<\/span><\/p>\n\n\n\n<h2 class=\"wp-block-heading\">La g\u00e9nesis de la IA<\/h2>\n\n\n\n<p class=\"p3\"><span class=\"s1\">John McCarthy fue un cient\u00edfico de gran prestigio en Stanford y el MIT. Invent\u00f3 el nombre Inteligencia artificial en 1955, defini\u00e9ndola como &quot;la ciencia y la ingenier\u00eda para fabricar m\u00e1quinas inteligentes&quot;.<\/span><\/p>\n\n\n\n<p class=\"p4\"><span class=\"s3\">Los or\u00edgenes de nuestra intriga con la inteligencia artificial se remontan mucho m\u00e1s all\u00e1 del advenimiento de la era inform\u00e1tica moderna. Alrededor del 2500 a. C., los antiguos egipcios a veces consultaban con estatuas para obtener informaci\u00f3n sobre su supuesta sabidur\u00eda sobrenatural. Hoy, un enorme busto de <i>Re-Harmakis<\/i> en un museo de El Cairo, \u201c<\/span><span class=\"s4\">revela el secreto de su genio: una abertura en la nuca lo suficientemente grande como para albergar a un sacerdote\u201d.<\/span><\/p>\n\n\n\n<p class=\"p5\"><span class=\"s1\">Otros inventos revolucionarios, como la m\u00e1quina anal\u00edtica de Charles Babbage en 1833, allanaron el camino para la inform\u00e1tica contempor\u00e1nea y lo que se conoce como inteligencia artificial. En 1948, en los albores de la era digital, el escenario parec\u00eda preparado para el r\u00e1pido avance de la IA. El cient\u00edfico inform\u00e1tico brit\u00e1nico Alan Turing sorprendi\u00f3 a muchos en la comunidad cient\u00edfica y m\u00e1s all\u00e1 con su art\u00edculo &quot;Maquinaria inteligente&quot;, &quot;no viendo objeciones a una tecnolog\u00eda que funcionara&quot;. , m\u00e1quina pensante para finales de siglo\u201d.<\/span><\/p>\n\n\n\n<p class=\"p5\"><span class=\"s1\">Las primeras y toscas computadoras, como la UNIVAC 1, dieron paso a otras, como la de IBM. <i>Azul profundo<\/i>, el primer programa de ajedrez por computadora que prescindi\u00f3 efectivamente de todos los desaf\u00edos humanos.&nbsp;<\/span><\/p>\n\n\n\n<h2 class=\"wp-block-heading\">IA hoy<\/h2>\n\n\n\n<p class=\"p5\"><span class=\"s1\">Hoy en d\u00eda, grandes empresas como Microsoft, Amazon y Google ya han invertido mucho en IA para mejorar la tecnolog\u00eda de los motores de b\u00fasqueda y proporcionar a las personas ciberasistentes viables. Naturalmente, la inteligencia artificial se est\u00e1 aprovechando para hacer cosas \u00fatiles en campos como la atenci\u00f3n m\u00e9dica, a medida que los proveedores \u201caprovechan las nuevas tecnolog\u00edas para mejorar los resultados y reducir los costos (con) la disponibilidad de computadoras m\u00e1s baratas y potentes\u201d.<\/span><\/p>\n\n\n\n<p class=\"p5\"><span class=\"s1\"><i>watson<\/i> es una computadora dise\u00f1ada espec\u00edficamente para responder las preguntas que se le presentan en un lenguaje sencillo. Watson, un producto del proyecto Deep QA de IBM, fue desarrollado para competir en el popular programa de televisi\u00f3n, <i>\u00a1Peligro!<\/i> contra un par de ex campeones. Al final, Watson prevaleci\u00f3 y gan\u00f3 la competencia, con un poco de ayuda de los \u201c200 millones de p\u00e1ginas de contenido estructurado y no estructurado que consumen cuatro <a href=\"https:\/\/en.wikipedia.org\/wiki\/Terabyte\" target=\"_blank\" rel=\"noopener\"><span class=\"s6\">terabytes<\/span><\/a> de <a href=\"https:\/\/en.wikipedia.org\/wiki\/Disk_storage\" target=\"_blank\" rel=\"noopener\"><span class=\"s6\">almacenamiento de disco<\/span><\/a> incluyendo el texto completo de <a href=\"https:\/\/en.wikipedia.org\/wiki\/Wikipedia\" target=\"_blank\" rel=\"noopener\"><span class=\"s6\">Wikipedia<\/span><\/a> a su disposici\u00f3n.&quot;<\/span><\/p>\n\n\n\n<p class=\"p5\"><span class=\"s1\">Aprovechando esta nueva conciencia p\u00fablica sobre las capacidades de Watson, IBM present\u00f3 Watson como una entidad comercial para el sector de la salud, utiliz\u00e1ndola las enfermeras del Memorial Sloan Kettering Cancer Center para ayudar en decisiones importantes relacionadas con los tratamientos del c\u00e1ncer de pulm\u00f3n.<\/span><\/p>\n\n\n\n<h2 class=\"wp-block-heading\">\u00bfQu\u00e9 es la investigaci\u00f3n de mercado de Inteligencia artificial?<\/h2>\n\n\n\n<p><span style=\"font-weight: 400;\">La investigaci\u00f3n de mercado de la inteligencia artificial implica un an\u00e1lisis exhaustivo de la din\u00e1mica del mercado global en torno a la inteligencia artificial (IA). Incluye la evaluaci\u00f3n del tama\u00f1o del mercado, las tendencias de crecimiento, los casos de uso de la industria, el panorama competitivo y las perspectivas de las tecnolog\u00edas de IA.<\/span><\/p>\n\n\n\n<p><span style=\"font-weight: 400;\">De manera similar, la investigaci\u00f3n de mercado de la inteligencia artificial tambi\u00e9n implica examinar las industrias de uso final que se benefician significativamente de las aplicaciones de la IA. Estos incluyen atenci\u00f3n m\u00e9dica, automoci\u00f3n, finanzas, comercio minorista y manufactura, entre otros. La investigaci\u00f3n tiene como objetivo proporcionar informaci\u00f3n sobre c\u00f3mo la IA est\u00e1 transformando estas industrias, optimizando las operaciones, mejorando las experiencias de los clientes e impulsando la innovaci\u00f3n.<\/span><\/p>\n\n\n\n<p><span style=\"font-weight: 400;\">Otro aspecto crucial de la investigaci\u00f3n de mercado de la inteligencia artificial es comprender los desaf\u00edos y limitaciones de la IA, incluidas las consideraciones \u00e9ticas, las cuestiones de privacidad de los datos y el impacto potencial en el empleo. Tambi\u00e9n analiza el panorama de inversi\u00f3n, los patrones de financiaci\u00f3n y las iniciativas estrat\u00e9gicas emprendidas por los actores clave del mercado en el espacio de la IA.<\/span><\/p>\n\n\n\n<h2 class=\"wp-block-heading\">Uso de la IA en los negocios<\/h2>\n\n\n\n<figure class=\"gb-block-image gb-block-image-24a30049\"><img loading=\"lazy\" decoding=\"async\" width=\"1456\" height=\"816\" class=\"gb-image gb-image-24a30049\" src=\"https:\/\/www.sisinternational.com\/wp-content\/uploads\/2025\/08\/AI-6.jpg\" alt=\"Investigaci\u00f3n y estrategia de mercado internacional de SIS\" title=\"AI (6)\" srcset=\"https:\/\/www.sisinternational.com\/wp-content\/uploads\/2025\/08\/AI-6.jpg 1456w, https:\/\/www.sisinternational.com\/wp-content\/uploads\/2025\/08\/AI-6-300x168.jpg 300w, https:\/\/www.sisinternational.com\/wp-content\/uploads\/2025\/08\/AI-6-1024x574.jpg 1024w, https:\/\/www.sisinternational.com\/wp-content\/uploads\/2025\/08\/AI-6-768x430.jpg 768w, https:\/\/www.sisinternational.com\/wp-content\/uploads\/2025\/08\/AI-6-18x10.jpg 18w\" sizes=\"auto, (max-width: 1456px) 100vw, 1456px\"><\/figure>\n\n\n\n<p><\/p>\n\n\n\n<p class=\"p5\"><span class=\"s1\">M\u00e1s all\u00e1 del \u00e1mbito m\u00e9dico, la IA se est\u00e1 empleando ahora en otras \u00e1reas, como la aplicaci\u00f3n de la ley, el comercio de acciones, la investigaci\u00f3n cient\u00edfica y la industria del juguete. Notas de Nick Bostrum de la Universidad de Oxford; &quot;Muchos miles de aplicaciones de IA est\u00e1n profundamente integradas en la infraestructura de cada industria&quot;.<\/span><\/p>\n\n\n\n<p class=\"p5\"><span class=\"s1\">La inteligencia artificial no est\u00e1 exenta de detractores. El respetado f\u00edsico te\u00f3rico ingl\u00e9s Stephen Hawking ha dejado constancia de que: \u201cLa inteligencia artificial podr\u00eda ser un peligro real en un futuro no muy lejano\u201d. \u00c9l cree que alg\u00fan d\u00eda un robot podr\u00eda &quot;dise\u00f1ar mejoras para s\u00ed mismo y ser m\u00e1s astuto que todos nosotros&quot;.<\/span><\/p>\n\n\n\n<p class=\"p6\"><span class=\"s4\">El f\u00edsico Louis Del Monte, autor de <i>La revoluci\u00f3n de la inteligencia artificial, <\/i>Recientemente hizo esta alarmante predicci\u00f3n sobre el r\u00e1pido avance de la IA. <\/span><span class=\"s1\">\u201cEntre 2040 y 2045 habremos desarrollado una m\u00e1quina o m\u00e1quinas que no s\u00f3lo ser\u00e1n equivalentes a una mente humana sino m\u00e1s inteligentes que toda la raza humana combinada\u201d.<\/span><\/p>\n\n\n\n<h2 class=\"wp-block-heading\">Importancia de la investigaci\u00f3n de mercado de la inteligencia artificial<\/h2>\n\n\n\n<p><span style=\"font-weight: 400;\">La investigaci\u00f3n de mercado de la inteligencia artificial es crucial para mantenerse al tanto de los r\u00e1pidos avances tecnol\u00f3gicos en IA. El campo de la IA es diverso y evoluciona r\u00e1pidamente, con nuevos desarrollos surgiendo a un ritmo acelerado. Por lo tanto, mantenerse informado sobre estos cambios es esencial para que las empresas y organizaciones sigan siendo competitivas e innovadoras.<\/span><\/p>\n\n\n\n<p><span style=\"font-weight: 400;\">Adem\u00e1s, esta investigaci\u00f3n desempe\u00f1a un papel clave en la identificaci\u00f3n de tendencias y aplicaciones emergentes de la IA en todas las industrias. Ayuda a las empresas a comprender c\u00f3mo se puede aplicar la IA para mejorar sus operaciones, desde automatizar tareas rutinarias hasta proporcionar informaci\u00f3n y an\u00e1lisis de datos sofisticados. La investigaci\u00f3n de mercado de la inteligencia artificial tambi\u00e9n ayuda a comprender los desaf\u00edos y riesgos potenciales asociados con la IA, como consideraciones \u00e9ticas, sesgos en los algoritmos de la IA y amenazas a la ciberseguridad.&nbsp;<\/span><\/p>\n\n\n\n<p><span style=\"font-weight: 400;\">Sin embargo, tiene muchos otros beneficios, entre ellos:&nbsp;<\/span><\/p>\n\n\n\n<p><b>\u2022 Identificaci\u00f3n de Nuevas Oportunidades de Negocio: <\/b><span style=\"font-weight: 400;\">Esta investigaci\u00f3n ayuda a identificar nuevas oportunidades donde se puede aprovechar la IA para crear valor. Las empresas pueden descubrir mercados sin explotar o aplicaciones innovadoras de IA que pueden conducir al crecimiento y la diversificaci\u00f3n del negocio.<\/span><\/p>\n\n\n\n<p><b>\u2022 Gesti\u00f3n y Mitigaci\u00f3n de Riesgos: <\/b><span style=\"font-weight: 400;\">La investigaci\u00f3n de mercado de la inteligencia artificial proporciona informaci\u00f3n sobre los riesgos y desaf\u00edos potenciales asociados con la IA, incluidas consideraciones \u00e9ticas, sesgos y preocupaciones sobre la seguridad de los datos.&nbsp;<\/span><\/p>\n\n\n\n<p><b>\u2022 Desarrollo de productos mejorado: <\/b>For technology developers and providers, artificial intelligence <a href=\"https:\/\/www.sisinternational.com\/es\/la-necesidad-de-inteligencia-competitiva-en-esta-recesion\/\" title=\"La necesidad de inteligencia competitiva en una recesi\u00f3n\" data-wpil-monitor-id=\"7225\">investigaci\u00f3n de mercado<\/a> is crucial for creating products that meet market needs. It assists in understanding customer requirements and technological gaps, guiding the development of more effective AI solutions.<\/span><\/p>\n\n\n\n<p><b>\u2022 Desarrollo de Pol\u00edticas y Cumplimiento Normativo: <\/b><span style=\"font-weight: 400;\">Para los organismos reguladores y los formuladores de pol\u00edticas, comprender el mercado de la IA es clave para desarrollar pol\u00edticas y regulaciones efectivas que gobiernen las tecnolog\u00edas de IA, garantizando un uso responsable y \u00e9tico.<\/span><\/p>\n\n\n\n<p><b>\u2022 Perspectivas de inversi\u00f3n y financiaci\u00f3n: <\/b><span style=\"font-weight: 400;\">Esta investigaci\u00f3n es beneficiosa para inversores y capitalistas de riesgo. Proporciona informaci\u00f3n sobre las \u00e1reas m\u00e1s prometedoras para la inversi\u00f3n en IA, ayud\u00e1ndoles a tomar decisiones informadas sobre d\u00f3nde asignar fondos.<\/span><\/p>\n\n\n\n<h2 class=\"wp-block-heading\">Oportunidades en el mercado de la Inteligencia Artificial para las empresas<\/h2>\n\n\n\n<p><span style=\"font-weight: 400;\">El <a href=\"https:\/\/www.sisinternational.com\/es\/adopcion-de-la-inteligencia-artificial-en-las-pequenas-empresas\/\" title=\"Adopci\u00f3n de la Inteligencia Artificial (IA) en las peque\u00f1as empresas\" data-wpil-monitor-id=\"2796\">artificial intelligence market<\/a> presents a wealth of opportunities for businesses across a wide range of industries \u2013 and here are some key opportunities for businesses:<\/span><\/p>\n\n\n\n<p><b>\u2022 Agilizaci\u00f3n de operaciones y reducci\u00f3n de costos: <\/b><span style=\"font-weight: 400;\">Las tecnolog\u00edas de inteligencia artificial pueden automatizar y optimizar diversos procesos comerciales, desde la gesti\u00f3n de la cadena de suministro hasta el servicio al cliente. Esta automatizaci\u00f3n no s\u00f3lo agiliza las operaciones sino que tambi\u00e9n reduce significativamente los costos operativos.<\/span><\/p>\n\n\n\n<p><b>\u2022 Mejora del an\u00e1lisis de datos y la toma de decisiones: <\/b><span style=\"font-weight: 400;\">La capacidad de la IA para procesar y analizar grandes vol\u00famenes de datos puede proporcionar a las empresas informaci\u00f3n valiosa, facilitando una toma de decisiones m\u00e1s informada y estrat\u00e9gica. Esto puede resultar especialmente beneficioso en \u00e1reas como la investigaci\u00f3n de mercado, el an\u00e1lisis financiero y el an\u00e1lisis del comportamiento del cliente.<\/span><\/p>\n\n\n\n<p><b>\u2022 Mejorar la experiencia del cliente: <\/b><span style=\"font-weight: 400;\">La IA puede personalizar las interacciones con los clientes y mejorar el servicio al cliente, desde chatbots que brindan atenci\u00f3n al cliente instant\u00e1nea hasta la personalizaci\u00f3n impulsada por la IA en el comercio electr\u00f3nico.&nbsp;<\/span><\/p>\n\n\n\n<p><b>\u2022 Ampliaci\u00f3n a nuevos mercados: <\/b><span style=\"font-weight: 400;\">La IA puede permitir a las empresas expandirse a nuevos mercados, incluidos los mercados globales, al superar las barreras del idioma, predecir las tendencias del mercado y comprender los comportamientos de los consumidores locales.<\/span><\/p>\n\n\n\n<p><b>\u2022 Mejora de la seguridad: <\/b><span style=\"font-weight: 400;\">La IA puede mejorar significativamente la seguridad, desde soluciones de ciberseguridad que protegen contra amenazas cibern\u00e9ticas sofisticadas hasta sistemas de seguridad f\u00edsica que utilizan vigilancia impulsada por IA.<\/span><\/p>\n\n\n\n<p><b>\u2022 Promoci\u00f3n de pr\u00e1cticas sostenibles: <\/b><span style=\"font-weight: 400;\">La IA tambi\u00e9n se puede utilizar para promover la sostenibilidad en las operaciones comerciales, como optimizar el uso de energ\u00eda en la fabricaci\u00f3n o mejorar las pr\u00e1cticas de gesti\u00f3n de residuos.<\/span><\/p>\n\n\n\n<h2 class=\"wp-block-heading\">El futuro de la IA<\/h2>\n\n\n\n<p class=\"p7\"><span class=\"s1\">En verdad, la IA podr\u00eda ayudarnos en la aplicaci\u00f3n de datos de formas que los humanos nunca podr\u00edan imaginar. Las posibilidades se ampl\u00edan cuando se considera la colaboraci\u00f3n actual entre los instrumentos de inteligencia artificial y los humanos que los crearon. A medida que estos sistemas evolucionen y se mejoren, la IA seguir\u00e1 \u201centrelaz\u00e1ndose en el tejido de nuestra vida diaria, ayud\u00e1ndonos en todo, desde la toma de decisiones b\u00e1sicas hasta la conducci\u00f3n de nuestros autom\u00f3viles\u201d.<\/span> <span class=\"s1\">Al aprovechar esta tremenda fuente de conocimiento floreciente, la ciencia ficci\u00f3n del pasado se est\u00e1 convirtiendo r\u00e1pidamente en la apasionante realidad de hoy.<\/span><\/p>\n\n\n\n<h2 class=\"wp-block-heading\">C\u00f3mo ayuda la investigaci\u00f3n de mercado<\/h2>\n\n\n\n<h3 class=\"wp-block-heading\">La investigaci\u00f3n de mercado revela informaci\u00f3n sobre lo siguiente:<\/h3>\n\n\n\n<ul class=\"wp-block-list\">\n<li>Clientes<\/li>\n\n\n\n<li>Compa\u00f1\u00edas<\/li>\n\n\n\n<li>Competidores<\/li>\n\n\n\n<li>Cadenas de suministro<\/li>\n\n\n\n<li>Mercados, industrias y pa\u00edses<\/li>\n<\/ul>\n\n\n\n<p>As AI is in the early stages of adoption in many industries, many clients prefer to conduct Customer Research, Product Testing, and <a href=\"https:\/\/www.sisinternational.com\/es\/cobertura\/las-americas\/cobertura-de-estados-unidos\/investigacion-de-mercado-tampa-florida\/\" title=\"Investigaci\u00f3n de mercado en Tampa, Florida\" data-wpil-monitor-id=\"4147\">Investigaci\u00f3n de oportunidades de mercado<\/a>.<\/p>\n\n\n\n<h2 class=\"wp-block-heading\">Soluciones SIS: Investigaci\u00f3n de mercado de inteligencia artificial<\/h2>\n\n\n\n<h4 class=\"wp-block-heading\">SIS utiliza un enfoque integral e integrado en Inteligencia Artificial<\/h4>\n\n\n\n<p>We provide insights into global market dynamics, including market size assessments, growth trends, and competitive landscapes. Our researchers conduct strategic analyses to turn information into actionable insights, helping clients consider artificial <a href=\"https:\/\/www.sisinternational.com\/es\/soluciones\/consultoria-estrategica\/inteligencia-de-mercado\/\" title=\"Inteligencia de mercado\" data-wpil-monitor-id=\"6755\">intelligence with a full market<\/a> view. Our solutions include:<\/p>\n\n\n\n<ul class=\"wp-block-list\">\n<li>Investigaci\u00f3n de clientes<\/li>\n\n\n\n<li>An\u00e1lisis competitivo<\/li>\n\n\n\n<li>Investigaci\u00f3n de Producto y Usabilidad (UX)<\/li>\n\n\n\n<li>Evaluaciones de oportunidades de mercado, viabilidad, entrada y dimensionamiento<\/li>\n\n\n\n<li>Informes mensuales de seguimiento de la industria<\/li>\n<\/ul>\n\n\n\n<p>Nuestra relaci\u00f3n con especialistas de la industria permite a SIS profundizar en la inteligencia artificial. El equipo de estrategia de SIS se mantiene al tanto de lo \u00faltimo en IA y trabaja en estrecha colaboraci\u00f3n con nuestras oficinas locales en todo el mundo.<\/p>\n\n\n\n<h3 class=\"wp-block-heading\"><span style=\"font-weight: 400;\">Permita que SIS International Research sea su puente hacia mejores negocios en este momento de incre\u00edbles oportunidades.<\/span><\/h3>\n\n\n\n<h2 class=\"wp-block-heading\">Acerca de nuestro trabajo en la investigaci\u00f3n de mercado de IA<\/h2>\n\n\n\n<p>SIS often works with Technology companies developing new AI products and services.&nbsp; Our clients include Education Technology or other Technology companies exploring new applications of AI, Machine Learning and Deep Learning.&nbsp; Other clients include Financial Services companies innovating new products and services to improve their customer experience.&nbsp; SIS also does a significant amount of work in Shipping and Logistics and major organizations seeking to adopt cutting-edge technologies.&nbsp; We provide Qualitative, Quantitative, and Strategy Market Research. We provide the &#8220;Human Element&#8221; behind AI adoption and transformation.&nbsp; Our solutions include:<\/p>\n\n\n\n<ul class=\"wp-block-list\">\n<li>Investigaci\u00f3n de clientes<\/li>\n\n\n\n<li>An\u00e1lisis competitivo<\/li>\n\n\n\n<li>Investigaci\u00f3n de Producto y Usabilidad (UX)<\/li>\n\n\n\n<li>Evaluaciones de oportunidades de mercado, viabilidad, entrada y dimensionamiento<\/li>\n\n\n\n<li>Informes mensuales de seguimiento de la industria<\/li>\n<\/ul>\n\n\n\n<h3 class=\"wp-block-heading title-heading-left\">You&nbsp;may also be interested in\u2026<\/h3>\n\n\n\n<p><\/p>","protected":false},"excerpt":{"rendered":"<p>La Inteligencia Artificial est\u00e1 transformando la forma en que vivimos y trabajamos. Descubra formas de impulsar el crecimiento con la investigaci\u00f3n de mercado de inteligencia artificial.<\/p>","protected":false},"author":1,"featured_media":62603,"parent":44406,"menu_order":0,"comment_status":"closed","ping_status":"open","template":"","meta":{"footnotes":""},"class_list":["post-22531","page","type-page","status-publish","has-post-thumbnail"],"_links":{"self":[{"href":"https:\/\/www.sisinternational.com\/es\/wp-json\/wp\/v2\/pages\/22531","targetHints":{"allow":["GET"]}}],"collection":[{"href":"https:\/\/www.sisinternational.com\/es\/wp-json\/wp\/v2\/pages"}],"about":[{"href":"https:\/\/www.sisinternational.com\/es\/wp-json\/wp\/v2\/types\/page"}],"author":[{"embeddable":true,"href":"https:\/\/www.sisinternational.com\/es\/wp-json\/wp\/v2\/users\/1"}],"replies":[{"embeddable":true,"href":"https:\/\/www.sisinternational.com\/es\/wp-json\/wp\/v2\/comments?post=22531"}],"version-history":[{"count":11,"href":"https:\/\/www.sisinternational.com\/es\/wp-json\/wp\/v2\/pages\/22531\/revisions"}],"predecessor-version":[{"id":80873,"href":"https:\/\/www.sisinternational.com\/es\/wp-json\/wp\/v2\/pages\/22531\/revisions\/80873"}],"up":[{"embeddable":true,"href":"https:\/\/www.sisinternational.com\/es\/wp-json\/wp\/v2\/pages\/44406"}],"wp:featuredmedia":[{"embeddable":true,"href":"https:\/\/www.sisinternational.com\/es\/wp-json\/wp\/v2\/media\/62603"}],"wp:attachment":[{"href":"https:\/\/www.sisinternational.com\/es\/wp-json\/wp\/v2\/media?parent=22531"}],"curies":[{"name":"wp","href":"https:\/\/api.w.org\/{rel}","templated":true}]}}