{"id":22186,"date":"2017-02-28T23:44:27","date_gmt":"2017-02-28T23:44:27","guid":{"rendered":"https:\/\/www.sisinternational.com\/?page_id=22186"},"modified":"2025-08-31T00:55:40","modified_gmt":"2025-08-31T04:55:40","slug":"consultoria-de-planificacion-estrategica","status":"publish","type":"page","link":"https:\/\/www.sisinternational.com\/es\/soluciones\/si-crecimiento-global\/consultoria-de-planificacion-estrategica\/","title":{"rendered":"Consultor\u00eda de Planificaci\u00f3n Estrat\u00e9gica"},"content":{"rendered":"<h1 class=\"wp-block-heading p1\">Consultor\u00eda de Planificaci\u00f3n Estrat\u00e9gica<\/h1>\n\n\n\n<figure class=\"gb-block-image gb-block-image-fc596e9e\"><img loading=\"lazy\" decoding=\"async\" width=\"1456\" height=\"816\" class=\"gb-image gb-image-fc596e9e\" src=\"https:\/\/www.sisinternational.com\/wp-content\/uploads\/2025\/08\/Strategy-consulting-24.jpg\" alt=\"Investigaci\u00f3n y estrategia de mercado internacional de SIS\" title=\"Strategy consulting (24)\" srcset=\"https:\/\/www.sisinternational.com\/wp-content\/uploads\/2025\/08\/Strategy-consulting-24.jpg 1456w, https:\/\/www.sisinternational.com\/wp-content\/uploads\/2025\/08\/Strategy-consulting-24-300x168.jpg 300w, https:\/\/www.sisinternational.com\/wp-content\/uploads\/2025\/08\/Strategy-consulting-24-1024x574.jpg 1024w, https:\/\/www.sisinternational.com\/wp-content\/uploads\/2025\/08\/Strategy-consulting-24-768x430.jpg 768w, https:\/\/www.sisinternational.com\/wp-content\/uploads\/2025\/08\/Strategy-consulting-24-18x10.jpg 18w\" sizes=\"auto, (max-width: 1456px) 100vw, 1456px\"><\/figure>\n\n\n\n<p><\/p>\n\n\n\n<hr class=\"wp-block-separator has-alpha-channel-opacity is-style-dots\"\/>\n\n\n\n<p class=\"p1\"><span class=\"s1\">SIS Global Growth provides full-service consulting for strategic&nbsp;development and advantage. SIS Global Growth provides today\u2019s&nbsp;managers and executives with strategic planning services and advisory.&nbsp;Complex factors that impact businesses today, such as changing&nbsp;customer needs, new competitive forces, supply chain dynamics and&nbsp;other on-the-ground realities that impact business. Rapid changes and&nbsp;new linkages in the global economy require further nuance from today\u2019s&nbsp;strategist.<\/span><\/p>\n\n\n\n<p class=\"p1\"><span class=\"s1\"><a href=\"https:\/\/www.sisinternational.com\/es\/soluciones\/consultoria-estrategica\/consultoria-de-ejecucion-de-desarrollo-de-estrategia\/\" title=\"Consultor\u00eda en Desarrollo y Ejecuci\u00f3n de Estrategias\"  data-wpil-monitor-id=\"10696\">Developing and implementing strategy<\/a> can create opportunity and&nbsp;challenge. For this reason, <a href=\"https:\/\/www.sisinternational.com\/es\/soluciones\/si-crecimiento-global\/\" title=\"Consultor\u00eda de crecimiento global SIS\"  data-wpil-monitor-id=\"10682\">Crecimiento global del SIS<\/a> partners with our clients&nbsp;to provide results, add value, and help them to develop competitive&nbsp;advantage.<\/span><\/p>\n\n\n\n<p class=\"p1\"><span class=\"s1\">SIS Global Growth serves <a href=\"https:\/\/www.sisinternational.com\/es\/campana-de-marketing-omnicanal-para-una-empresa-lider-mundial-en-soluciones-de-gestion-animal\/\" title=\"Servicios de publicidad multicultural para una empresa l\u00edder mundial en soluciones de gesti\u00f3n animal\"  data-wpil-monitor-id=\"10691\">companies with solutions<\/a> across the business&nbsp;landscape and different strategic functions:<\/span><\/p>\n\n\n\n<ul class=\"wp-block-list\">\n<li><span class=\"s1\"><a href=\"https:\/\/www.sisinternational.com\/es\/soluciones\/consultoria-estrategica\/inteligencia-de-mercado\/\" title=\"Inteligencia de mercado\"  data-wpil-monitor-id=\"10693\">Evaluaci\u00f3n e inteligencia de mercado<\/a><\/span><\/li>\n\n\n\n<li><span class=\"s1\"><a href=\"https:\/\/www.sisinternational.com\/es\/soluciones\/consultoria-estrategica\/responsabilidad-del-producto-investigacion-de-mercado-consultoria-estrategica\/\" title=\"Investigaci\u00f3n de mercado de responsabilidad por productos y consultor\u00eda estrat\u00e9gica\"  data-wpil-monitor-id=\"10688\">Estrategia de producto y mercado<\/a><\/span><\/li>\n\n\n\n<li><span class=\"s1\">Competencias b\u00e1sicas<\/span><\/li>\n\n\n\n<li><span class=\"s1\">Innovaci\u00f3n<\/span><\/li>\n\n\n\n<li><span class=\"s1\">Diferenciaci\u00f3n, Diversificaci\u00f3n y Especializaci\u00f3n<\/span><\/li>\n\n\n\n<li><span class=\"s1\">Precios y creaci\u00f3n de valor<\/span><\/li>\n\n\n\n<li><span class=\"s1\">El comercio internacional<\/span><\/li>\n\n\n\n<li><span class=\"s1\">Entrada y salida del mercado<\/span><\/li>\n\n\n\n<li><span class=\"s1\">Rendimiento y rentabilidad<\/span><\/li>\n\n\n\n<li><span class=\"s1\">Abastecimiento y cadena de suministro<\/span><\/li>\n\n\n\n<li><span class=\"s1\">Posicionamiento competitivo<\/span><\/li>\n\n\n\n<li><span class=\"s1\">Din\u00e1mica competitiva<\/span><\/li>\n\n\n\n<li><span class=\"s1\">Planificaci\u00f3n de escenarios<\/span><\/li>\n\n\n\n<li><span class=\"s1\">Sinergia<\/span><\/li>\n\n\n\n<li><span class=\"s1\">Gesti\u00f3n del talento<\/span><\/li>\n<\/ul>\n\n\n<h2>Nuestra ubicaci\u00f3n de instalaciones en Nueva York<\/h2>\n<p><iframe loading=\"lazy\" src=\"https:\/\/www.google.com\/maps\/embed?pb=!1m18!1m12!1m3!1d3022.976188376966!2d-73.99130312499956!3d40.740549471389315!2m3!1f0!2f0!3f0!3m2!1i1024!2i768!4f13.1!3m3!1m2!1s0x89c259a15798c731%3A0xd695d09bdd495f25!2s11%20E%2022nd%20St%20FL%202%2C%20New%20York%2C%20NY%2010010%2C%20USA!5e0!3m2!1sen!2spe!4v1726171763526!5m2!1sen!2spe\" width=\"600\" height=\"450\" allowfullscreen=\"allowfullscreen\" data-mce-fragment=\"1\"><\/iframe><\/p>\n<h3 class=\"wp-block-heading\">11 E 22nd Street, Piso 2, Nueva York, NY 10010 T: +1(212) 505-6805<\/h3>\n<hr \/>\n<h2><span style=\"font-weight: 400;\">Acerca de SIS Internacional<\/span><\/h2>\n<p><a href=\"https:\/\/www.sisinternational.com\/es\/\"><span style=\"font-weight: 400;\">SIS Internacional<\/span><\/a><span style=\"font-weight: 400;\">\u00a0offers Quantitative, Qualitative, and Strategy Research. We provide data, tools, strategies, reports, and insights for decision-making. We also conduct interviews, surveys, focus groups, and other <a href=\"https:\/\/www.sisinternational.com\/es\/quantitative-market-research-methods-and-techniques\/\" title=\"Quantitative Market Research Methods and Techniques\"  data-wpil-monitor-id=\"10685\">Market Research methods<\/a> and approaches.<\/span><a href=\"https:\/\/www.sisinternational.com\/es\/sobre-la-investigacion-internacional-de-sis\/contact-sis-international-market-research\/\"><span style=\"font-weight: 400;\">\u00a0P\u00f3ngase en contacto con nosotros<\/span><\/a><span style=\"font-weight: 400;\">\u00a0para su pr\u00f3ximo proyecto de Investigaci\u00f3n de Mercado.<\/span><\/p>\n<\/p>","protected":false},"excerpt":{"rendered":"<p>SIS Global Growth presta servicios a empresas con soluciones de consultor\u00eda de planificaci\u00f3n estrat\u00e9gica. Descubra c\u00f3mo hacer crecer su negocio en todo el mundo.<\/p>","protected":false},"author":1,"featured_media":62558,"parent":22092,"menu_order":6,"comment_status":"closed","ping_status":"closed","template":"","meta":{"footnotes":""},"class_list":["post-22186","page","type-page","status-publish","has-post-thumbnail"],"_links":{"self":[{"href":"https:\/\/www.sisinternational.com\/es\/wp-json\/wp\/v2\/pages\/22186","targetHints":{"allow":["GET"]}}],"collection":[{"href":"https:\/\/www.sisinternational.com\/es\/wp-json\/wp\/v2\/pages"}],"about":[{"href":"https:\/\/www.sisinternational.com\/es\/wp-json\/wp\/v2\/types\/page"}],"author":[{"embeddable":true,"href":"https:\/\/www.sisinternational.com\/es\/wp-json\/wp\/v2\/users\/1"}],"replies":[{"embeddable":true,"href":"https:\/\/www.sisinternational.com\/es\/wp-json\/wp\/v2\/comments?post=22186"}],"version-history":[{"count":4,"href":"https:\/\/www.sisinternational.com\/es\/wp-json\/wp\/v2\/pages\/22186\/revisions"}],"predecessor-version":[{"id":81752,"href":"https:\/\/www.sisinternational.com\/es\/wp-json\/wp\/v2\/pages\/22186\/revisions\/81752"}],"up":[{"embeddable":true,"href":"https:\/\/www.sisinternational.com\/es\/wp-json\/wp\/v2\/pages\/22092"}],"wp:featuredmedia":[{"embeddable":true,"href":"https:\/\/www.sisinternational.com\/es\/wp-json\/wp\/v2\/media\/62558"}],"wp:attachment":[{"href":"https:\/\/www.sisinternational.com\/es\/wp-json\/wp\/v2\/media?parent=22186"}],"curies":[{"name":"wp","href":"https:\/\/api.w.org\/{rel}","templated":true}]}}