{"id":22167,"date":"2017-02-28T14:21:18","date_gmt":"2017-02-28T14:21:18","guid":{"rendered":"https:\/\/www.sisinternational.com\/?page_id=22167"},"modified":"2026-01-26T17:41:32","modified_gmt":"2026-01-26T22:41:32","slug":"desarrollo-de-la-cadena-de-suministro-global","status":"publish","type":"page","link":"https:\/\/www.sisinternational.com\/es\/soluciones\/si-crecimiento-global\/desarrollo-de-la-cadena-de-suministro-global\/","title":{"rendered":"Consultor\u00eda de cadena de suministro global"},"content":{"rendered":"<h1 class=\"wp-block-heading p1\">Consultor\u00eda de cadena de suministro global<\/h1>\n\n\n\n<figure class=\"gb-block-image gb-block-image-0b62ebea\"><img loading=\"lazy\" decoding=\"async\" width=\"1456\" height=\"816\" class=\"gb-image gb-image-0b62ebea\" src=\"https:\/\/www.sisinternational.com\/wp-content\/uploads\/2025\/08\/Global-6.jpg\" alt=\"Investigaci\u00f3n y estrategia de mercado internacional de SIS\" title=\"Global (6)\" srcset=\"https:\/\/www.sisinternational.com\/wp-content\/uploads\/2025\/08\/Global-6.jpg 1456w, https:\/\/www.sisinternational.com\/wp-content\/uploads\/2025\/08\/Global-6-300x168.jpg 300w, https:\/\/www.sisinternational.com\/wp-content\/uploads\/2025\/08\/Global-6-1024x574.jpg 1024w, https:\/\/www.sisinternational.com\/wp-content\/uploads\/2025\/08\/Global-6-768x430.jpg 768w, https:\/\/www.sisinternational.com\/wp-content\/uploads\/2025\/08\/Global-6-18x10.jpg 18w\" sizes=\"auto, (max-width: 1456px) 100vw, 1456px\"><\/figure>\n\n\n\n<p><\/p>\n\n\n\n<hr class=\"wp-block-separator has-alpha-channel-opacity is-style-dots\"\/>\n\n\n\n<p class=\"p1\"><span class=\"s1\">SIS Global Growth provides solutions for global supply chain&nbsp;development and optimization. Today\u2019s supply chain presents new&nbsp;opportunities and challenges to business leaders. For many companies,&nbsp;efficiency, time to market, flexibility, delivery, profitability, compliance&nbsp;and performance all increasingly converge to create complex systems&nbsp;across multiple countries. These systems can provide tremendous&nbsp;advantages in competitive markets, or can be major liabilities. SIS&nbsp;works with clients to strategically support global supply chain development,&nbsp;improvement and management and to create advantage.<\/span><\/p>\n\n\n\n<h2 class=\"wp-block-heading p1\"><span class=\"s1\">La diferencia del crecimiento global de SIS:<\/span><\/h2>\n\n\n\n<ul class=\"wp-block-list\">\n<li><span class=\"s1\">Expertos en la industria<\/span><\/li>\n\n\n\n<li><span class=\"s1\"><a href=\"https:\/\/www.sisinternational.com\/es\/sis-global-coverage\/\" title=\"sis global coverage\"  data-wpil-monitor-id=\"6582\">Global resources and emerging Markets coverage<\/a> over 3 decades<\/span><\/li>\n\n\n\n<li><span class=\"s1\">Soluciones dise\u00f1adas para generar ventajas<\/span><\/li>\n\n\n\n<li><span class=\"s1\">Soluciones personalizadas de servicio completo<\/span><\/li>\n<\/ul>\n\n\n\n<h2 class=\"wp-block-heading p1\"><span class=\"s1\">Investigaci\u00f3n e Inteligencia<\/span><\/h2>\n\n\n\n<p class=\"p1\"><span class=\"s1\">For over 30 years, our renowned market research unit,&nbsp;SIS&nbsp;International Research, has served many of the world\u2019s largest and&nbsp;most influential companies. SIS provides unique advantages to clients&nbsp;in competitive markets with leading market research and intelligence&nbsp;solutions.<\/span><\/p>\n\n\n\n<h2 class=\"wp-block-heading p1\"><span class=\"s1\">Trabajamos en una variedad de funciones dentro de la cadena de suministro:<\/span><\/h2>\n\n\n\n<ul class=\"wp-block-list\">\n<li><span class=\"s1\">Rentabilidad<\/span><\/li>\n\n\n\n<li><span class=\"s1\">Variabilidad<\/span><\/li>\n\n\n\n<li><span class=\"s1\">Entrega<\/span><\/li>\n\n\n\n<li><span class=\"s1\">Producci\u00f3n<\/span><\/li>\n\n\n\n<li><span class=\"s1\">Flexibilidad y agilidad<\/span><\/li>\n\n\n\n<li><span class=\"s1\">Aviso de disputas<\/span><\/li>\n\n\n\n<li><span class=\"s1\">Problem-solving<\/span><\/li>\n\n\n\n<li><span class=\"s1\">Materiales e insumos<\/span><\/li>\n\n\n\n<li><span class=\"s1\">Precios y creaci\u00f3n de valor<\/span><\/li>\n\n\n\n<li><span class=\"s1\">Abastecimiento<\/span><\/li>\n\n\n\n<li><span class=\"s1\">Sostenibilidad<\/span><\/li>\n\n\n\n<li><span class=\"s1\">Comercio internacional y log\u00edstica<\/span><\/li>\n\n\n\n<li><span class=\"s1\">Utilizaci\u00f3n<\/span><\/li>\n\n\n\n<li><span class=\"s1\">Capacidad<\/span><\/li>\n\n\n\n<li><span class=\"s1\">Retorno de la inversi\u00f3n<\/span><\/li>\n\n\n\n<li><span class=\"s1\">Planificaci\u00f3n estrat\u00e9gica<\/span><\/li>\n<\/ul>\n\n\n\n<figure class=\"gb-block-image gb-block-image-2989f3b7\"><img loading=\"lazy\" decoding=\"async\" width=\"1456\" height=\"816\" class=\"gb-image gb-image-2989f3b7\" src=\"https:\/\/www.sisinternational.com\/wp-content\/uploads\/2025\/08\/Strategy-consulting-29.jpg\" alt=\"Investigaci\u00f3n y estrategia de mercado internacional de SIS\" title=\"Strategy consulting (29)\" srcset=\"https:\/\/www.sisinternational.com\/wp-content\/uploads\/2025\/08\/Strategy-consulting-29.jpg 1456w, https:\/\/www.sisinternational.com\/wp-content\/uploads\/2025\/08\/Strategy-consulting-29-300x168.jpg 300w, https:\/\/www.sisinternational.com\/wp-content\/uploads\/2025\/08\/Strategy-consulting-29-1024x574.jpg 1024w, https:\/\/www.sisinternational.com\/wp-content\/uploads\/2025\/08\/Strategy-consulting-29-768x430.jpg 768w, https:\/\/www.sisinternational.com\/wp-content\/uploads\/2025\/08\/Strategy-consulting-29-18x10.jpg 18w\" sizes=\"auto, (max-width: 1456px) 100vw, 1456px\"><\/figure>\n\n\n\n<p><\/p>\n\n\n\n<p class=\"p1\"><span class=\"s1\">SIS Global Growth provides comprehensive custom assessments,&nbsp;benchmarking, best practices, market intelligence, strategic&nbsp;assessments,<\/span> and other research and corporate intelligence solutions&nbsp;across the business landscape internationally. Our research spans the&nbsp;entire including supply chain intelligence, industry research,&nbsp;opportunity assessments, competitive intelligence, strategic market&nbsp;research, market assessment, ROI analysis, scenario planning,&nbsp;customer research,<span class=\"s1\"> and beyond.<\/span><\/p>\n\n\n\n<h2 class=\"wp-block-heading p1\"><span class=\"s1\">Asesor\u00eda y Consultor\u00eda<\/span><\/h2>\n\n\n\n<p class=\"p1\"><span class=\"s1\">SIS provides value added solutions to help companies optimize,&nbsp;maximize and improve their global supply chain&nbsp;development in competitive industries.&nbsp;Our consultants deliver strategic <a href=\"https:\/\/www.sisinternational.com\/es\/soluciones\/investigacion-de-mercado-de-ia-y-consultoria-estrategica\/consultoria-de-automatizacion-de-ia-de-la-cadena-de-suministro\/\" title=\"Consultor\u00eda de automatizaci\u00f3n de IA en la cadena de suministro\"  data-wpil-monitor-id=\"4408\">consulting solutions to generate and&nbsp;implement supply<\/a> chain strategies tailored to specific business needs&nbsp;and goals.<\/span><\/p>\n\n\n\n<p class=\"p1\"><span class=\"s1\">Some supply chain priorities may range from effective inventory&nbsp;management to investment, longterm planning and cost management.&nbsp;SIS Global Growth advises and consults on how to efficiently manage&nbsp;inventory flow and reduce operational costs for goods and services&nbsp;industries.<\/span><\/p>\n\n\n\n<p class=\"p1\"><span class=\"s1\">As part of those solutions, our practice can address issues regarding&nbsp;buffer stocks, outsourcing, material tracking, turnover, logistical&nbsp;oversight, operations planning, organizational development,&nbsp;procurement, strategic sourcing, product quantity and volume,&nbsp;distribution, warehouse management solutions, productivity&nbsp;development, project management and beyond.<\/span><\/p>\n\n\n\n<p class=\"p1\"><span class=\"s1\">SIS Global Growth develops and implements problem solving solutions&nbsp;from conflicts to dispute advisory. Dispute advisory is another practice&nbsp;we provide. SIS provides expertise, support and resources in planning&nbsp;and decision making in supply chain disputes.<\/span><\/p>\n\n\n\n<p class=\"p1\"><span class=\"s1\">Our practice also addresses problems in the supply chain concerning&nbsp;theft, labor issues, counter trade and damaged goods. We further&nbsp;provide trade advisory support and audit solutions for other needs such&nbsp;as forensic evaluations, counter trade assessments, risk assessments,&nbsp;and data discovery.<\/span><\/p>\n\n\n\n<h2 class=\"wp-block-heading\">Nuestra ubicaci\u00f3n de instalaciones en Nueva York<\/h2>\n\n\n\n<p><iframe loading=\"lazy\" src=\"https:\/\/www.google.com\/maps\/embed?pb=!1m18!1m12!1m3!1d3022.976188376966!2d-73.99130312499956!3d40.740549471389315!2m3!1f0!2f0!3f0!3m2!1i1024!2i768!4f13.1!3m3!1m2!1s0x89c259a15798c731%3A0xd695d09bdd495f25!2s11%20E%2022nd%20St%20FL%202%2C%20New%20York%2C%20NY%2010010%2C%20USA!5e0!3m2!1sen!2spe!4v1726171763526!5m2!1sen!2spe\" width=\"600\" height=\"450\" allowfullscreen=\"allowfullscreen\" data-mce-fragment=\"1\"><\/iframe><\/p>\n\n\n\n<h3 class=\"wp-block-heading\">11 E 22nd Street, piso 2, Nueva York, NY 10010 T: +1(212) 505-6805<\/h3>\n\n\n\n<hr class=\"wp-block-separator has-alpha-channel-opacity\"\/>\n\n\n\n<h2 class=\"wp-block-heading\"><span style=\"font-weight: 400;\">Acerca de SIS Internacional<\/span><\/h2>\n\n\n\n<p><a href=\"https:\/\/www.sisinternational.com\/es\/\"><span style=\"font-weight: 400;\">SIS Internacional<\/span><\/a><span style=\"font-weight: 400;\">&nbsp;ofrece investigaci\u00f3n cuantitativa, cualitativa y estrat\u00e9gica. Proporcionamos datos, herramientas, estrategias, informes y conocimientos para la toma de decisiones. Tambi\u00e9n realizamos entrevistas, encuestas, grupos focales y otros m\u00e9todos y enfoques de investigaci\u00f3n de mercado.<\/span><a href=\"https:\/\/www.sisinternational.com\/es\/sobre-la-investigacion-internacional-de-sis\/contact-sis-international-market-research\/\"><span style=\"font-weight: 400;\">&nbsp;P\u00f3ngase en contacto con nosotros<\/span><\/a><span style=\"font-weight: 400;\">&nbsp;para su pr\u00f3ximo proyecto de Investigaci\u00f3n de Mercado.<\/span><\/p>\n\n\n\n<p>&nbsp;<\/p>","protected":false},"excerpt":{"rendered":"<p>SIS trabaja con clientes para apoyar estrat\u00e9gicamente el desarrollo, la mejora y la gesti\u00f3n de la cadena de suministro global. Creamos ventaja empresarial.<\/p>","protected":false},"author":1,"featured_media":62414,"parent":22092,"menu_order":4,"comment_status":"closed","ping_status":"closed","template":"","meta":{"footnotes":""},"class_list":["post-22167","page","type-page","status-publish","has-post-thumbnail"],"_links":{"self":[{"href":"https:\/\/www.sisinternational.com\/es\/wp-json\/wp\/v2\/pages\/22167","targetHints":{"allow":["GET"]}}],"collection":[{"href":"https:\/\/www.sisinternational.com\/es\/wp-json\/wp\/v2\/pages"}],"about":[{"href":"https:\/\/www.sisinternational.com\/es\/wp-json\/wp\/v2\/types\/page"}],"author":[{"embeddable":true,"href":"https:\/\/www.sisinternational.com\/es\/wp-json\/wp\/v2\/users\/1"}],"replies":[{"embeddable":true,"href":"https:\/\/www.sisinternational.com\/es\/wp-json\/wp\/v2\/comments?post=22167"}],"version-history":[{"count":7,"href":"https:\/\/www.sisinternational.com\/es\/wp-json\/wp\/v2\/pages\/22167\/revisions"}],"predecessor-version":[{"id":80162,"href":"https:\/\/www.sisinternational.com\/es\/wp-json\/wp\/v2\/pages\/22167\/revisions\/80162"}],"up":[{"embeddable":true,"href":"https:\/\/www.sisinternational.com\/es\/wp-json\/wp\/v2\/pages\/22092"}],"wp:featuredmedia":[{"embeddable":true,"href":"https:\/\/www.sisinternational.com\/es\/wp-json\/wp\/v2\/media\/62414"}],"wp:attachment":[{"href":"https:\/\/www.sisinternational.com\/es\/wp-json\/wp\/v2\/media?parent=22167"}],"curies":[{"name":"wp","href":"https:\/\/api.w.org\/{rel}","templated":true}]}}