{"id":22149,"date":"2017-02-28T00:34:11","date_gmt":"2017-02-28T00:34:11","guid":{"rendered":"https:\/\/www.sisinternational.com\/?page_id=22149"},"modified":"2025-09-10T22:58:22","modified_gmt":"2025-09-11T02:58:22","slug":"adquisiciones-de-abastecimiento-estrategico","status":"publish","type":"page","link":"https:\/\/www.sisinternational.com\/es\/soluciones\/si-crecimiento-global\/adquisiciones-de-abastecimiento-estrategico\/","title":{"rendered":"Soluciones de adquisiciones expertas"},"content":{"rendered":"<h1 class=\"wp-block-heading p1\">Soluciones de adquisiciones expertas<\/h1>\n\n\n\n<figure class=\"gb-block-image gb-block-image-c0abd4a4\"><img loading=\"lazy\" decoding=\"async\" width=\"1024\" height=\"574\" class=\"gb-image gb-image-c0abd4a4\" src=\"https:\/\/www.sisinternational.com\/wp-content\/uploads\/2025\/08\/Focus-group-meeting-10-1024x574.jpg\" alt=\"Investigaci\u00f3n y estrategia de mercado internacional de SIS\" title=\"Focus group &amp; meeting (10)\" srcset=\"https:\/\/www.sisinternational.com\/wp-content\/uploads\/2025\/08\/Focus-group-meeting-10-1024x574.jpg 1024w, https:\/\/www.sisinternational.com\/wp-content\/uploads\/2025\/08\/Focus-group-meeting-10-300x168.jpg 300w, https:\/\/www.sisinternational.com\/wp-content\/uploads\/2025\/08\/Focus-group-meeting-10-768x430.jpg 768w, https:\/\/www.sisinternational.com\/wp-content\/uploads\/2025\/08\/Focus-group-meeting-10-18x10.jpg 18w, https:\/\/www.sisinternational.com\/wp-content\/uploads\/2025\/08\/Focus-group-meeting-10.jpg 1456w\" sizes=\"auto, (max-width: 1024px) 100vw, 1024px\"><\/figure>\n\n\n\n<p><\/p>\n\n\n\n<hr class=\"wp-block-separator has-alpha-channel-opacity is-style-dots\"\/>\n\n\n\n<p>SIS Global Growth provides businesses access to experts, analysts, consultants, opinion leaders and thought-leaders for corporate growth, management, change, and strategy. Technical expertise, best practices and specialized experts are often unique competitive advantages for companies. Businesses can encounter challenges that fall outside their traditional purview. <a href=\"https:\/\/www.sisinternational.com\/es\/soluciones\/si-crecimiento-global\/\" title=\"Consultor\u00eda de crecimiento global SIS\"  data-wpil-monitor-id=\"10480\">Crecimiento global del SIS<\/a> provides our clients a global platform of rapidly accessible experts, analysts, consultants and thought-leaders with highly specialized expertise and skill sets. With SIS Global Growth Strategic Sourcing and Procurement solutions, companies gain advantage in accessing <a href=\"https:\/\/www.sisinternational.com\/es\/soluciones\/soluciones-de-branding-e-investigacion-de-clientes\/investigacion-de-mercado-del-cuidado-de-la-piel\/\" title=\"Investigaci\u00f3n de mercado del cuidado de la piel | Consultor\u00eda en la industria de la belleza\"  data-wpil-monitor-id=\"10487\">industry experts and consultants<\/a> worldwide.<\/p>\n\n\n\n<h2 class=\"wp-block-heading\">Analistas expertos en adquisiciones e industria bajo demanda<\/h2>\n\n\n\n<p>SIS conecta su organizaci\u00f3n con expertos de todo el mundo que pueden:<\/p>\n\n\n\n<ul class=\"wp-block-list\">\n<li><span class=\"s2\">Consult on operations, sales, marketing, department development,&nbsp;management, competitive strategy, new product development, supply chain, and&nbsp;other business functions.<\/span><\/li>\n\n\n\n<li><span class=\"s2\">Advise on <a href=\"https:\/\/www.sisinternational.com\/es\/la-principal-empresa-de-prevision-de-tendencias-de-la-industria-b2b\/\" title=\"Principal empresa de previsi\u00f3n de tendencias de la industria B2B\"  data-wpil-monitor-id=\"10497\">industry changes and trends<\/a><\/span><\/li>\n\n\n\n<li><span class=\"s2\">Initiate <a href=\"https:\/\/www.sisinternational.com\/es\/soluciones\/si-crecimiento-global\/consultoria-estrategica-en-mercados-emergentes\/\" title=\"Consultor\u00eda de estrategia de mercados emergentes\"  data-wpil-monitor-id=\"10490\">strategies for entering new markets<\/a><\/span><\/li>\n\n\n\n<li><span class=\"s2\"><a href=\"https:\/\/www.sisinternational.com\/es\/soluciones\/si-crecimiento-global\/gestion-de-proyectos-globales\/\" title=\"Consultor\u00eda de gesti\u00f3n de proyectos globales\"  data-wpil-monitor-id=\"10493\">Gestionar iniciativas y proyectos estrat\u00e9gicos.<\/a><\/span><\/li>\n\n\n\n<li><span class=\"s2\">Cambios en el proceso de soporte y desarrollo de productos.<\/span><\/li>\n\n\n\n<li><span class=\"s2\">Implementar mejores pr\u00e1cticas<\/span><\/li>\n\n\n\n<li><span class=\"s2\">Inspirar innovaci\u00f3n y nuevas ideas<\/span><\/li>\n\n\n\n<li><span class=\"s2\">Proporcionar an\u00e1lisis estrat\u00e9gico.<\/span><\/li>\n\n\n\n<li><span class=\"s2\">Abordar los problemas organizacionales<\/span><\/li>\n\n\n\n<li><span class=\"s2\">Abordar cuestiones como la productividad y la rentabilidad.<\/span><\/li>\n\n\n\n<li><span class=\"s2\">Personal de apoyo en la toma de decisiones informadas y oportunas.<\/span><\/li>\n<\/ul>\n\n\n\n<h2 class=\"wp-block-heading p1\"><span class=\"s1\">L\u00edder de opini\u00f3n global en soluciones de adquisiciones<\/span><\/h2>\n\n\n\n<p class=\"p1\"><span class=\"s1\">SIS provides a global <a href=\"https:\/\/www.sisinternational.com\/es\/soluciones\/consultoria-estrategica\/investigacion-de-mercado-de-redes-de-expertos\/\" title=\"Investigaci\u00f3n de mercado de redes de expertos\"  data-wpil-monitor-id=\"10495\">network of experts<\/a> distinguished by their influence and profile in&nbsp;their respective industry, professional expertise, published books, white papers, and&nbsp;thought leadership. These thought leaders are established in a specific field and have&nbsp;industry-specific expertise.<\/span><\/p>\n\n\n\n<h3 class=\"wp-block-heading p1\"><span class=\"s1\">Expertos en muestras:<\/span><\/h3>\n\n\n\n<ul class=\"wp-block-list\">\n<li><span class=\"s2\"><strong>Professional Leaders:<\/strong> C-Level \u2013 Industry leaders \u2013 Decision Makers \u2013 Corporate&nbsp;alumni \u2013 Market Entry experts<\/span><\/li>\n\n\n\n<li><span class=\"s2\"><strong>Technical Leaders<\/strong>: Attorneys \u2013 Engineers \u2013 Project Managers \u2013 Designers \u2013&nbsp;Physicians \u2013 Administrators \u2013 Hydrologists \u2013 <a href=\"https:\/\/www.sisinternational.com\/es\/pericia\/industrias\/investigacion-de-mercado-de-petroleo-y-gas\/\" title=\"Investigaci\u00f3n de mercado de petr\u00f3leo y gas\"  data-wpil-monitor-id=\"10499\">Petr\u00f3leo y gas<\/a> Experts \u2013 Import \/ Export&nbsp;\u2013 IT experts<\/span><\/li>\n\n\n\n<li><span class=\"s2\">Desarrolladores de software: expertos forenses<\/span><\/li>\n\n\n\n<li><span class=\"s2\"><strong>Thought Leaders<\/strong>: Authors \u2013 Writers \u2013 Online influencers \u2013 Activists<\/span><\/li>\n\n\n\n<li><span class=\"s2\">Bloggers \u2013 Group Leaders \u2013 Community Leader<\/span><\/li>\n\n\n\n<li>Profesionales de los medios: periodistas, productores y directores de cine y ejecutivos de medios<\/li>\n<\/ul>\n\n\n\n<h2 class=\"wp-block-heading p1\"><span class=\"s1\">Beneficios del abastecimiento y las adquisiciones estrat\u00e9gicas de crecimiento global de SIS:<\/span><\/h2>\n\n\n\n<ul class=\"wp-block-list\">\n<li><span class=\"s2\">Procurement of the highest-quality experts worldwide<\/span><\/li>\n\n\n\n<li><span class=\"s2\">M\u00e1s de 30 a\u00f1os de experiencia al servicio de muchas de las organizaciones l\u00edderes del mundo<\/span><\/li>\n<\/ul>\n\n\n\n<p><span class=\"s2\">Estrictos procedimientos y supervisi\u00f3n de calidad.<\/span><\/p>\n\n\n\n<p><span class=\"s2\">Ability to assemble high-performance teams of experts<\/span><\/p>\n\n\n\n<p><span class=\"s2\">Respuesta r\u00e1pida<\/span><\/p>\n\n\n<h2>Nuestra ubicaci\u00f3n de instalaciones en Nueva York<\/h2>\n<p><iframe loading=\"lazy\" src=\"https:\/\/www.google.com\/maps\/embed?pb=!1m18!1m12!1m3!1d3022.976188376966!2d-73.99130312499956!3d40.740549471389315!2m3!1f0!2f0!3f0!3m2!1i1024!2i768!4f13.1!3m3!1m2!1s0x89c259a15798c731%3A0xd695d09bdd495f25!2s11%20E%2022nd%20St%20FL%202%2C%20New%20York%2C%20NY%2010010%2C%20USA!5e0!3m2!1sen!2spe!4v1726171763526!5m2!1sen!2spe\" width=\"600\" height=\"450\" allowfullscreen=\"allowfullscreen\" data-mce-fragment=\"1\"><\/iframe><\/p>\n<h3 class=\"wp-block-heading\">11 E 22nd Street, Piso 2, Nueva York, NY 10010 T: +1(212) 505-6805<\/h3>\n<hr \/>\n<h2><span style=\"font-weight: 400;\">Acerca de SIS Internacional<\/span><\/h2>\n<p><a href=\"https:\/\/www.sisinternational.com\/es\/\"><span style=\"font-weight: 400;\">SIS Internacional<\/span><\/a><span style=\"font-weight: 400;\">\u00a0offers Quantitative, Qualitative, and Strategy Research. We provide data, tools, strategies, reports, and insights for decision-making. We also conduct interviews, surveys, focus groups, and other <a href=\"https:\/\/www.sisinternational.com\/es\/quantitative-market-research-methods-and-techniques\/\" title=\"Quantitative Market Research Methods and Techniques\"  data-wpil-monitor-id=\"10484\">Market Research methods<\/a> and approaches.<\/span><a href=\"https:\/\/www.sisinternational.com\/es\/sobre-la-investigacion-internacional-de-sis\/contact-sis-international-market-research\/\"><span style=\"font-weight: 400;\">\u00a0P\u00f3ngase en contacto con nosotros<\/span><\/a><span style=\"font-weight: 400;\">\u00a0para su pr\u00f3ximo proyecto de Investigaci\u00f3n de Mercado.<\/span><\/p>\n<\/p>\n\n\n<p><\/p>","protected":false},"excerpt":{"rendered":"<p>SIS es una empresa l\u00edder en estrategia global. Proporcionamos expertos, autores, consultores, l\u00edderes de opini\u00f3n clave y l\u00edderes de opini\u00f3n para el crecimiento corporativo.<\/p>","protected":false},"author":1,"featured_media":62672,"parent":22092,"menu_order":2,"comment_status":"closed","ping_status":"closed","template":"","meta":{"footnotes":""},"class_list":["post-22149","page","type-page","status-publish","has-post-thumbnail"],"_links":{"self":[{"href":"https:\/\/www.sisinternational.com\/es\/wp-json\/wp\/v2\/pages\/22149","targetHints":{"allow":["GET"]}}],"collection":[{"href":"https:\/\/www.sisinternational.com\/es\/wp-json\/wp\/v2\/pages"}],"about":[{"href":"https:\/\/www.sisinternational.com\/es\/wp-json\/wp\/v2\/types\/page"}],"author":[{"embeddable":true,"href":"https:\/\/www.sisinternational.com\/es\/wp-json\/wp\/v2\/users\/1"}],"replies":[{"embeddable":true,"href":"https:\/\/www.sisinternational.com\/es\/wp-json\/wp\/v2\/comments?post=22149"}],"version-history":[{"count":6,"href":"https:\/\/www.sisinternational.com\/es\/wp-json\/wp\/v2\/pages\/22149\/revisions"}],"predecessor-version":[{"id":81725,"href":"https:\/\/www.sisinternational.com\/es\/wp-json\/wp\/v2\/pages\/22149\/revisions\/81725"}],"up":[{"embeddable":true,"href":"https:\/\/www.sisinternational.com\/es\/wp-json\/wp\/v2\/pages\/22092"}],"wp:featuredmedia":[{"embeddable":true,"href":"https:\/\/www.sisinternational.com\/es\/wp-json\/wp\/v2\/media\/62672"}],"wp:attachment":[{"href":"https:\/\/www.sisinternational.com\/es\/wp-json\/wp\/v2\/media?parent=22149"}],"curies":[{"name":"wp","href":"https:\/\/api.w.org\/{rel}","templated":true}]}}