{"id":20021,"date":"2016-03-08T01:16:26","date_gmt":"2016-03-08T01:16:26","guid":{"rendered":"https:\/\/www.sisinternational.com\/?p=20021"},"modified":"2026-01-25T18:41:39","modified_gmt":"2026-01-25T23:41:39","slug":"investigacion-de-mercado-de-inteligencia-de-canales","status":"publish","type":"page","link":"https:\/\/www.sisinternational.com\/es\/publicaciones\/investigacion-de-mercado-de-inteligencia-de-canales\/","title":{"rendered":"Investigaci\u00f3n de mercado de inteligencia de canales"},"content":{"rendered":"<h1 class=\"wp-block-heading\">Investigaci\u00f3n de mercado de inteligencia de canales<\/h1>\n\n\n\n<figure class=\"gb-block-image gb-block-image-5b175b3b\"><img loading=\"lazy\" decoding=\"async\" width=\"1456\" height=\"816\" class=\"gb-image gb-image-5b175b3b\" src=\"https:\/\/www.sisinternational.com\/wp-content\/uploads\/2025\/08\/Logisticv-7.jpg\" alt=\"Investigaci\u00f3n y estrategia de mercado internacional de SIS\" title=\"Logisticv (7)\" srcset=\"https:\/\/www.sisinternational.com\/wp-content\/uploads\/2025\/08\/Logisticv-7.jpg 1456w, https:\/\/www.sisinternational.com\/wp-content\/uploads\/2025\/08\/Logisticv-7-300x168.jpg 300w, https:\/\/www.sisinternational.com\/wp-content\/uploads\/2025\/08\/Logisticv-7-1024x574.jpg 1024w, https:\/\/www.sisinternational.com\/wp-content\/uploads\/2025\/08\/Logisticv-7-768x430.jpg 768w, https:\/\/www.sisinternational.com\/wp-content\/uploads\/2025\/08\/Logisticv-7-18x10.jpg 18w\" sizes=\"auto, (max-width: 1456px) 100vw, 1456px\"><\/figure>\n\n\n\n<p class=\"has-text-align-center\"><\/p>\n\n\n\n<hr class=\"wp-block-separator has-alpha-channel-opacity is-style-dots\"\/>\n\n\n\n<h2 class=\"wp-block-heading\">SIS International Research ha utilizado Channel Intelligence Market Research durante m\u00e1s de 40 a\u00f1os. Durante los \u00faltimos 20 a\u00f1os, hemos utilizado los siguientes m\u00e9todos tradicionales:<\/h2>\n\n\n\n<ul class=\"wp-block-list\">\n<li><h3>Investigaci\u00f3n documental para identificar los socios de canal, distribuidores, OEMS, etc.<\/h3><\/li>\n\n\n\n<li><h3>Asistir a ferias comerciales y conferencias para identificar altos ejecutivos clave<\/h3><\/li>\n\n\n\n<li><h3>Listas de compras para CEO, CMO, I+D s\u00e9nior y ejecutivos operativos<\/h3><\/li>\n\n\n\n<li><h3>Uso de llamadas telef\u00f3nicas de referencia<\/h3><\/li>\n<\/ul>\n\n\n\n<h2 class=\"wp-block-heading\">Nuevos m\u00e9todos de investigaci\u00f3n de mercado de inteligencia de canales<\/h2>\n\n\n\n<p>Durante los \u00faltimos 5 a 7 a\u00f1os, <a href=\"https:\/\/www.sisinternational.com\/es\/cuales-son-las-tendencias-en-el-sector-de-los-estudios-de-mercado\/\" target=\"_blank\" rel=\"noopener\">redes sociales y movilidad<\/a> Hay m\u00e9todos m\u00e1s eficaces para llegar a estos encuestados. Adem\u00e1s, al menos entre el 40 y el 501 TP3T de esta poblaci\u00f3n son millennials a los que s\u00f3lo se puede acceder a trav\u00e9s de la movilidad, por ejemplo, con sus tel\u00e9fonos m\u00f3viles o m\u00f3viles. En segundo lugar, su tiempo es muy valioso para esta generaci\u00f3n m\u00e1s joven y es dif\u00edcil realizar una entrevista de m\u00e1s de 15 a 20 minutos como m\u00e1ximo. La movilidad y la tecnolog\u00eda tambi\u00e9n han impactado los canales tradicionales en el transporte, la manufactura y otros sectores comerciales. <a href=\"https:\/\/smallbusiness.chron.com\/difference-between-marketing-research-marketing-intelligence-25562.html\" target=\"_blank\" rel=\"noopener\">Los l\u00edderes de equipo y los empleadores conf\u00edan en datos r\u00e1pidos y precisos<\/a> para sus canales, para garantizar que su negocio se mantenga en la cima.<\/p>\n\n\n\n<p>Tener un plan firme de investigaci\u00f3n de inteligencia de canales ayuda a las empresas a comprender a sus clientes y c\u00f3mo dise\u00f1ar promociones y merchandising con \u00e9xito. Pueden priorizar mejor la gesti\u00f3n y el marketing conociendo los hechos y h\u00e1bitos de sus encuestados. Los proveedores tambi\u00e9n se benefician de una estrategia para comprender qu\u00e9 buscan los compradores y c\u00f3mo se comportan sus clientes en comparaci\u00f3n con la competencia.<\/p>\n\n\n\n<h2 class=\"wp-block-heading\">\u00bfPor qu\u00e9 es tan importante la investigaci\u00f3n de inteligencia de canales?<\/h2>\n\n\n\n<p>If you are a manufacturer and sell products either B2B or B2C through distributors, OEMs, sales agents, you are removed from the ultimate customer. This \u201carms-length\u201d distance from the customer can cause you to \u201cmiss the market\u201d and ignore customer needs and \u201cpain points.\u201d <a href=\"https:\/\/www.sisinternational.com\/es\/cobertura\/las-americas\/investigacion-de-mercado-de-america-latina\/investigacion-de-mercado-uruguay\/\" title=\"Investigaci\u00f3n de Mercado en Uruguay\" data-wpil-monitor-id=\"5080\">Investigaci\u00f3n<\/a> throughout the channel is important to deliver the following market intelligence:<\/p>\n\n\n\n<p>La investigaci\u00f3n a lo largo de su cartera de canales descubrir\u00e1 las fortalezas y debilidades de sus proyectos y tambi\u00e9n brindar\u00e1 valiosa inteligencia competitiva. Dada nuestra experiencia con canales B2B y B2C, recomendamos los siguientes m\u00e9todos de investigaci\u00f3n para la inteligencia de canales:<\/p>\n\n\n\n<p>Investigaci\u00f3n cualitativa: ofrece la inteligencia de canal m\u00e1s valiosa, ya que ofrece &quot;la voz del cliente&quot; y los puntos d\u00e9biles del canal.<\/p>\n\n\n\n<h3 class=\"wp-block-heading\">M\u00e9todos de b\u00fasqueda:<\/h3>\n\n\n\n<h3 class=\"wp-block-heading\">Para maximizar la inteligencia de su canal, recomendamos una combinaci\u00f3n de estos 3 m\u00e9todos. Aqu\u00ed puede obtener el panorama del canal, la &quot;voz de los miembros de su canal&quot; y la cuantificaci\u00f3n de los resultados para obtener una imagen completa del panorama de su canal. Para obtener m\u00e1s informaci\u00f3n sobre los m\u00e9todos de investigaci\u00f3n de inteligencia de canales, comun\u00edquese con: <a href=\"mailto:Research@sisinternational.com\">Research@sisinternational.com<\/a>.<\/h3>\n\n\n<h2>Nuestra ubicaci\u00f3n de instalaciones en Nueva York<\/h2>\n<p><!-- \/wp:post-content --> <!-- wp:html --> <iframe loading=\"lazy\" src=\"https:\/\/www.google.com\/maps\/embed?pb=!1m18!1m12!1m3!1d3022.976188376966!2d-73.99130312499956!3d40.740549471389315!2m3!1f0!2f0!3f0!3m2!1i1024!2i768!4f13.1!3m3!1m2!1s0x89c259a15798c731%3A0xd695d09bdd495f25!2s11%20E%2022nd%20St%20FL%202%2C%20New%20York%2C%20NY%2010010%2C%20USA!5e0!3m2!1sen!2spe!4v1726171763526!5m2!1sen!2spe\" width=\"600\" height=\"450\" allowfullscreen=\"allowfullscreen\" data-mce-fragment=\"1\"><\/iframe> <!-- \/wp:html --> <!-- wp:paragraph --><\/p>\n<h3 class=\"wp-block-heading\">11 E 22nd Street, Piso 2, Nueva York, NY 10010 T: +1(212) 505-6805<\/h3>\n<hr \/>\n<h2><span style=\"font-weight: 400;\">Acerca de SIS Internacional<\/span><\/h2>\n<p><a href=\"https:\/\/www.sisinternational.com\/es\/\"><span style=\"font-weight: 400;\">SIS Internacional<\/span><\/a><span style=\"font-weight: 400;\"> ofrece investigaci\u00f3n cuantitativa, cualitativa y estrat\u00e9gica. Proporcionamos datos, herramientas, estrategias, informes y conocimientos para la toma de decisiones. Tambi\u00e9n realizamos entrevistas, encuestas, grupos focales y otros m\u00e9todos y enfoques de investigaci\u00f3n de mercado.<\/span><a href=\"https:\/\/www.sisinternational.com\/es\/sobre-la-investigacion-internacional-de-sis\/contact-sis-international-market-research\/\"><span style=\"font-weight: 400;\"> P\u00f3ngase en contacto con nosotros<\/span><\/a><span style=\"font-weight: 400;\"> para su pr\u00f3ximo proyecto de Investigaci\u00f3n de Mercado.<\/span><\/p>\n<\/p>\n\n<!-- wp:paragraph -->\n<p><\/p>\n<!-- \/wp:paragraph -->","protected":false},"excerpt":{"rendered":"<p>Descubra c\u00f3mo est\u00e1 evolucionando Channel Intelligence y c\u00f3mo los nuevos m\u00e9todos pueden aportarle ventajas.<\/p>","protected":false},"author":1,"featured_media":63706,"parent":20148,"menu_order":0,"comment_status":"closed","ping_status":"open","template":"","meta":{"footnotes":""},"class_list":["post-20021","page","type-page","status-publish","has-post-thumbnail"],"_links":{"self":[{"href":"https:\/\/www.sisinternational.com\/es\/wp-json\/wp\/v2\/pages\/20021","targetHints":{"allow":["GET"]}}],"collection":[{"href":"https:\/\/www.sisinternational.com\/es\/wp-json\/wp\/v2\/pages"}],"about":[{"href":"https:\/\/www.sisinternational.com\/es\/wp-json\/wp\/v2\/types\/page"}],"author":[{"embeddable":true,"href":"https:\/\/www.sisinternational.com\/es\/wp-json\/wp\/v2\/users\/1"}],"replies":[{"embeddable":true,"href":"https:\/\/www.sisinternational.com\/es\/wp-json\/wp\/v2\/comments?post=20021"}],"version-history":[{"count":6,"href":"https:\/\/www.sisinternational.com\/es\/wp-json\/wp\/v2\/pages\/20021\/revisions"}],"predecessor-version":[{"id":78973,"href":"https:\/\/www.sisinternational.com\/es\/wp-json\/wp\/v2\/pages\/20021\/revisions\/78973"}],"up":[{"embeddable":true,"href":"https:\/\/www.sisinternational.com\/es\/wp-json\/wp\/v2\/pages\/20148"}],"wp:featuredmedia":[{"embeddable":true,"href":"https:\/\/www.sisinternational.com\/es\/wp-json\/wp\/v2\/media\/63706"}],"wp:attachment":[{"href":"https:\/\/www.sisinternational.com\/es\/wp-json\/wp\/v2\/media?parent=20021"}],"curies":[{"name":"wp","href":"https:\/\/api.w.org\/{rel}","templated":true}]}}