{"id":19200,"date":"2015-10-27T03:55:01","date_gmt":"2015-10-27T03:55:01","guid":{"rendered":"https:\/\/www.sisinternational.com\/?page_id=19200"},"modified":"2026-01-26T18:32:20","modified_gmt":"2026-01-26T23:32:20","slug":"curriculum-de-experiencia-en-electrodomesticos-y-productos-para-el-hogar","status":"publish","type":"page","link":"https:\/\/www.sisinternational.com\/es\/pericia\/curriculums-de-experiencia\/curriculum-de-experiencia-en-electrodomesticos-y-productos-para-el-hogar\/","title":{"rendered":"Experiencia en investigaci\u00f3n de mercado de electrodom\u00e9sticos"},"content":{"rendered":"<h1 class=\"wp-block-heading\">Experiencia en investigaci\u00f3n de mercado de electrodom\u00e9sticos<\/h1>\n\n\n\n<figure class=\"gb-block-image gb-block-image-4d683a22\"><img loading=\"lazy\" decoding=\"async\" width=\"1456\" height=\"816\" class=\"gb-image gb-image-4d683a22\" src=\"https:\/\/www.sisinternational.com\/wp-content\/uploads\/2025\/08\/Vacuum-4.jpg\" alt=\"Investigaci\u00f3n y estrategia de mercado internacional de SIS\" title=\"Vacuum (4)\" srcset=\"https:\/\/www.sisinternational.com\/wp-content\/uploads\/2025\/08\/Vacuum-4.jpg 1456w, https:\/\/www.sisinternational.com\/wp-content\/uploads\/2025\/08\/Vacuum-4-300x168.jpg 300w, https:\/\/www.sisinternational.com\/wp-content\/uploads\/2025\/08\/Vacuum-4-1024x574.jpg 1024w, https:\/\/www.sisinternational.com\/wp-content\/uploads\/2025\/08\/Vacuum-4-768x430.jpg 768w, https:\/\/www.sisinternational.com\/wp-content\/uploads\/2025\/08\/Vacuum-4-18x10.jpg 18w\" sizes=\"auto, (max-width: 1456px) 100vw, 1456px\"><\/figure>\n\n\n\n<p><\/p>\n\n\n\n<ul class=\"wp-block-list\">\n<li>Seguimiento competitivo continuo para un fabricante y distribuidor de una amplia variedad de productos para el hogar.<\/li>\n\n\n\n<li>Realic\u00e9 entrevistas y visitas domiciliarias a compradores recientes de aspiradoras sin bolsa en los EE. UU.<\/li>\n\n\n\n<li>Estudio de investigaci\u00f3n y desarrollo de nuevas ideas de productos para cocinas y ba\u00f1os.<\/li>\n\n\n\n<li>Estudios de inteligencia de mercado e inteligencia competitiva sobre tendencias en remodelaci\u00f3n y decoraci\u00f3n del hogar.<\/li>\n\n\n\n<li>An\u00e1lisis del mercado de plantas de hogar.<\/li>\n\n\n\n<li><a href=\"https:\/\/www.sisinternational.com\/es\/pericia\/industrias\/investigacion-de-mercado-de-circuitos-electronicos\/\" title=\"Investigaci\u00f3n de mercado de circuitos electr\u00f3nicos\"  data-wpil-monitor-id=\"6919\">Market feasibility study for household electronic<\/a> air fresheners and insecticides in Germany and Brazil.<\/li>\n\n\n\n<li>Grupos focales para consumidores sobre sus actitudes hacia una nueva generaci\u00f3n de licuadoras en el Reino Unido, Francia y Alemania.<\/li>\n\n\n\n<li><a href=\"https:\/\/www.sisinternational.com\/es\/pericia\/industrias\/estudio-de-mercado-de-electrodomesticos\/\" title=\"Investigaci\u00f3n de mercado de electrodom\u00e9sticos\"  data-wpil-monitor-id=\"6594\">Market study in the US for home<\/a> furnishings.<\/li>\n\n\n\n<li>Estudio de mercado en Estados Unidos para manteles individuales.<\/li>\n\n\n\n<li>Se realizaron interceptaciones de correo para un estudio de aire acondicionado y deshumidificador en los EE. UU.<\/li>\n\n\n\n<li>Conducted a coffee maker market study in Japan, Germany, Spain, and the UK.<\/li>\n\n\n\n<li>Realic\u00e9 un estudio sobre cuchiller\u00eda en Europa, Asia y Am\u00e9rica Latina.<\/li>\n\n\n\n<li>Conducted a study for a home security system company<\/li>\n\n\n\n<li><a href=\"https:\/\/www.sisinternational.com\/es\/cobertura\/las-americas\/investigacion-de-mercado-en-el-caribe\/investigacion-de-mercado-bahamas\/\" title=\"Investigaci\u00f3n de mercado en las Bahamas\"  data-wpil-monitor-id=\"4180\">Market Quantitative research<\/a> study on 100 cutlery customers as well as 100 non-customers in Korea to evaluate the expansion of a US company.<\/li>\n\n\n\n<li>Estudio de Inteligencia de Mercado sobre aires acondicionados en Corea.<\/li>\n\n\n\n<li>Conducted triad focus groups to test positioning statements for a cutlery study in Korea.<\/li>\n\n\n\n<li>Estudio de inteligencia de mercado para obtener informaci\u00f3n de los consumidores de alto nivel sobre la apariencia y el dise\u00f1o de diversos productos electr\u00f3nicos para el hogar.<\/li>\n\n\n\n<li>Realic\u00e9 estudio de mercado para obtener informaci\u00f3n sobre el desarrollo de nuevos conceptos y generaci\u00f3n de ideas para refrigeradores.<\/li>\n\n\n\n<li>Se realizaron visitas domiciliarias a personas propietarias de lavadoras de carga frontal y refrigeradores estilo puerta francesa.<\/li>\n\n\n\n<li>Market potential study for garbage disposals in Russia using in-depth interviews with wholesalers.<\/li>\n\n\n\n<li>Se llev\u00f3 a cabo una encuesta sobre tendencias y respuestas del mercado con respecto a productos para el hogar, como productos para matar insectos naturales y materiales de pintura.<\/li>\n\n\n\n<li>Conducted in-depth interviews to assess consumer brand awareness for a home furniture firm.<\/li>\n\n\n\n<li>Se realiz\u00f3 un estudio sobre las actitudes de los consumidores rusos hacia los productos y marcas de eliminaci\u00f3n de basura.<\/li>\n\n\n\n<li>Realic\u00e9 un estudio de conocimiento de marca en el mercado de muebles de Am\u00e9rica del Norte.<\/li>\n\n\n\n<li>Realic\u00e9 grupos focales sobre las necesidades de los consumidores y la satisfacci\u00f3n del cliente con refrigeradores premium.<\/li>\n\n\n\n<li>Conducted desk <a href=\"https:\/\/www.sisinternational.com\/es\/cobertura\/europa\/investigacion-de-mercado-san-marino-europa\/\" title=\"Investigaci\u00f3n de mercado en San Marino, Europa\"  data-wpil-monitor-id=\"4206\">research on market<\/a> trends and major competitor trends, in-depth interviews, and focus groups for a market entry of a towel manufacturer.<\/li>\n\n\n\n<li>Realic\u00e9 trabajo de campo en un estudio sobre microondas OTR.<\/li>\n\n\n\n<li>Se realizaron encuestas entre pandillas para prepararse para el lanzamiento de un producto de lavadora en Am\u00e9rica del Norte.<\/li>\n\n\n\n<li>Estudio de respuesta del mercado realizado para refrigeradores.<\/li>\n\n\n\n<li>Conducted research study for the absorption chiller-heater study<\/li>\n\n\n\n<li>Estudio de investigaci\u00f3n realizado sobre el estilo de vida estadounidense y las aspiradoras.<\/li>\n\n\n\n<li>Conducted a Refrigerator <a class=\"wpil_keyword_link\" href=\"https:\/\/www.sisinternational.com\/es\/cobertura\/las-americas\/cobertura-de-estados-unidos\/focus-group-in-new-york\/\"   title=\"Focus Group in New York\" data-wpil-keyword-link=\"linked\"  data-wpil-monitor-id=\"783\">focus group in New York<\/a><\/li>\n\n\n\n<li>Realic\u00e9 un estudio sobre lavadoras.<\/li>\n\n\n\n<li>Estudio de potencial de mercado para trituradoras dom\u00e9sticas.<\/li>\n\n\n\n<li>Realizaci\u00f3n de un estudio de dise\u00f1o de electrodom\u00e9sticos de cocina empotrados.<\/li>\n<\/ul>\n\n\n\n<h2 class=\"wp-block-heading\">Muestra de Clientes de la Industria de Electrodom\u00e9sticos<\/h2>\n\n\n\n<ul class=\"wp-block-list\">\n<li>cutco<\/li>\n\n\n\n<li>EC21<\/li>\n\n\n\n<li>Ekornes<\/li>\n\n\n\n<li>GfK AG<\/li>\n\n\n\n<li>Electr\u00f3nica LG<\/li>\n\n\n\n<li>Sin estr\u00e9s<\/li>\n\n\n\n<li>Samsung<\/li>\n<\/ul>\n\n\n\n<p><\/p>","protected":false},"excerpt":{"rendered":"<p>Experiencia Seleccionada en la Industria de Electrodom\u00e9sticos y Productos para el Hogar<\/p>","protected":false},"author":1,"featured_media":63615,"parent":15106,"menu_order":9,"comment_status":"closed","ping_status":"closed","template":"","meta":{"footnotes":""},"class_list":["post-19200","page","type-page","status-publish","has-post-thumbnail"],"_links":{"self":[{"href":"https:\/\/www.sisinternational.com\/es\/wp-json\/wp\/v2\/pages\/19200","targetHints":{"allow":["GET"]}}],"collection":[{"href":"https:\/\/www.sisinternational.com\/es\/wp-json\/wp\/v2\/pages"}],"about":[{"href":"https:\/\/www.sisinternational.com\/es\/wp-json\/wp\/v2\/types\/page"}],"author":[{"embeddable":true,"href":"https:\/\/www.sisinternational.com\/es\/wp-json\/wp\/v2\/users\/1"}],"replies":[{"embeddable":true,"href":"https:\/\/www.sisinternational.com\/es\/wp-json\/wp\/v2\/comments?post=19200"}],"version-history":[{"count":8,"href":"https:\/\/www.sisinternational.com\/es\/wp-json\/wp\/v2\/pages\/19200\/revisions"}],"predecessor-version":[{"id":80488,"href":"https:\/\/www.sisinternational.com\/es\/wp-json\/wp\/v2\/pages\/19200\/revisions\/80488"}],"up":[{"embeddable":true,"href":"https:\/\/www.sisinternational.com\/es\/wp-json\/wp\/v2\/pages\/15106"}],"wp:featuredmedia":[{"embeddable":true,"href":"https:\/\/www.sisinternational.com\/es\/wp-json\/wp\/v2\/media\/63615"}],"wp:attachment":[{"href":"https:\/\/www.sisinternational.com\/es\/wp-json\/wp\/v2\/media?parent=19200"}],"curies":[{"name":"wp","href":"https:\/\/api.w.org\/{rel}","templated":true}]}}