{"id":19165,"date":"2015-10-26T03:05:34","date_gmt":"2015-10-26T03:05:34","guid":{"rendered":"https:\/\/www.sisinternational.com\/?page_id=19165"},"modified":"2026-03-13T00:58:26","modified_gmt":"2026-03-13T04:58:26","slug":"curriculum-vitae-de-experiencia-en-bienes-de-consumo-y-envasados","status":"publish","type":"page","link":"https:\/\/www.sisinternational.com\/es\/consumer-market-research-page\/curriculum-vitae-de-experiencia-en-bienes-de-consumo-y-envasados\/","title":{"rendered":"Investigaci\u00f3n de mercado de bienes de consumo y envasados"},"content":{"rendered":"<h1 class=\"wp-block-heading\">Experiencia en investigaci\u00f3n de mercados en las industrias de consumo.<\/h1>\n\n\n\n<figure class=\"gb-block-image gb-block-image-619cfc43\"><img loading=\"lazy\" decoding=\"async\" width=\"1456\" height=\"816\" class=\"gb-image gb-image-619cfc43\" src=\"https:\/\/www.sisinternational.com\/wp-content\/uploads\/2025\/08\/Food-packaging-1.jpg\" alt=\"Investigaci\u00f3n y estrategia de mercado internacional de SIS\" title=\"Food packaging (1)\" srcset=\"https:\/\/www.sisinternational.com\/wp-content\/uploads\/2025\/08\/Food-packaging-1.jpg 1456w, https:\/\/www.sisinternational.com\/wp-content\/uploads\/2025\/08\/Food-packaging-1-300x168.jpg 300w, https:\/\/www.sisinternational.com\/wp-content\/uploads\/2025\/08\/Food-packaging-1-1024x574.jpg 1024w, https:\/\/www.sisinternational.com\/wp-content\/uploads\/2025\/08\/Food-packaging-1-768x430.jpg 768w, https:\/\/www.sisinternational.com\/wp-content\/uploads\/2025\/08\/Food-packaging-1-18x10.jpg 18w\" sizes=\"auto, (max-width: 1456px) 100vw, 1456px\"><\/figure>\n\n\n\n<p><\/p>\n\n\n\n<h3 class=\"wp-block-heading\">Publicidad<\/h3>\n\n\n\n<p>Entrevistas en profundidad a ejecutivos que compran publicidad en Asia, Am\u00e9rica Latina y Europa, evaluando c\u00f3mo gastan sus presupuestos publicitarios y sus necesidades de medios.<\/p>\n\n\n\n<h3 class=\"wp-block-heading\">Vestir<\/h3>\n\n\n\n<ul class=\"wp-block-list\">\n<li>Estudio cuantitativo sobre prendas de vestir en el Reino Unido y Alemania.<\/li>\n\n\n\n<li>Estudio de mercado en Estados Unidos para indumentaria femenina.<\/li>\n\n\n\n<li>Estudio de mercado en Estados Unidos para ropa infantil.<\/li>\n\n\n\n<li>Estudio de mercado en Estados Unidos para trajes de ba\u00f1o.<\/li>\n\n\n\n<li>Estudio de mercado en Estados Unidos para ropa masculina.<\/li>\n\n\n\n<li>Estudio de mercado en Estados Unidos de tejidos.<\/li>\n\n\n\n<li><a href=\"https:\/\/www.sisinternational.com\/es\/pericia\/industrias\/investigacion-de-mercado-de-ropa-impermeable\/\" title=\"Investigaci\u00f3n de mercado de ropa impermeable\"  data-wpil-monitor-id=\"6839\">Market study for upscale women\u2019s apparel<\/a> and accessories.<\/li>\n\n\n\n<li>Estudio de mercado de zapatillas en Jap\u00f3n.<\/li>\n\n\n\n<li>Estudio Intercept sobre tiendas de ropa de nivel medio en Francia, Espa\u00f1a y Corea del Sur<\/li>\n\n\n\n<li>Automoci\u00f3n<\/li>\n<\/ul>\n\n\n\n<p>Global qualitative <a href=\"https:\/\/www.sisinternational.com\/es\/estudio-de-caso-hipotetico-de-armonia-de-analisis-de-consumidores\/\" title=\"An\u00e1lisis del consumidor: estudio de caso hipot\u00e9tico de eHarmony\"  data-wpil-monitor-id=\"4334\">study of automobile drivers and consumers<\/a> in Argentina, Brazil, France, Germany, Hong Kong, Italy, Japan, Malaysia, Netherlands, Norway, Puerto Rico, Singapore, Thailand, and the UK.<\/p>\n\n\n\n<p>Encuesta estadounidense a consumidores para determinar sus actitudes sobre el uso de gasolina premium.<\/p>\n\n\n\n<p>Realic\u00e9 grupos focales con consumidores que han comprado autom\u00f3viles de alta gama.<\/p>\n\n\n\n<h3 class=\"wp-block-heading\">Beverage&nbsp; &#8211; Non Alcoholic<\/h3>\n\n\n\n<ul class=\"wp-block-list\">\n<li>An\u00e1lisis del mercado de cafeteras japonesas.<\/li>\n\n\n\n<li>Organic\u00e9 un panel de discusi\u00f3n de madres y personas solteras para un fabricante de jugos.<\/li>\n\n\n\n<li>Conducted <a href=\"https:\/\/www.sisinternational.com\/es\/soluciones\/grupos-de-enfoque\/grupos-de-discusion-sobre-el-alcohol\/\" title=\"Grupos de discusi\u00f3n sobre el alcohol: bebidas alcoh\u00f3licas y no alcoh\u00f3licas\u00a0\"  data-wpil-monitor-id=\"1602\">focus groups for global beverage<\/a> company.<\/li>\n\n\n\n<li>Encuesta de inteligencia de mercado para determinar el tama\u00f1o del mercado, el potencial y la distribuci\u00f3n \u00f3ptima de una bebida desde M\u00e9xico a la India.<\/li>\n<\/ul>\n\n\n\n<h3 class=\"wp-block-heading\">Bebidas \u2013 Alcoh\u00f3licas<\/h3>\n\n\n\n<ul class=\"wp-block-list\">\n<li>Realic\u00e9 grupos focales para una nueva lata de cerveza en EE. UU.<\/li>\n\n\n\n<li>Estudio cuantitativo para un nuevo concepto de producto para cerveza en Estados Unidos.<\/li>\n\n\n\n<li>Realic\u00e9 grupos focales sobre vodka en Estados Unidos.<\/li>\n<\/ul>\n\n\n\n<h3 class=\"wp-block-heading\">Tarjetas de cr\u00e9dito<\/h3>\n\n\n\n<p>Realic\u00e9 un estudio cuantitativo global sobre el uso de tarjetas de cr\u00e9dito de los consumidores en Europa, Sud\u00e1frica, Medio Oriente, Asia y Am\u00e9rica Latina.<\/p>\n\n\n\n<h3 class=\"wp-block-heading\">Estudios de preferencia del consumidor<\/h3>\n\n\n\n<ul class=\"wp-block-list\">\n<li>Estudio cuantitativo que determin\u00f3 las preferencias de los consumidores por equipos de imagen.<\/li>\n\n\n\n<li>Entrevist\u00f3 a mujeres adineradas para estudiar sus h\u00e1bitos de gasto.<\/li>\n\n\n\n<li>Realic\u00e9 un estudio para determinar si la tienda de una marca en particular se ajusta o no a su identidad de marca general.<\/li>\n<\/ul>\n\n\n\n<h3 class=\"wp-block-heading\">Estudios de lectores del consumidor<\/h3>\n\n\n\n<p>Evaluaci\u00f3n de tendencias de lectura de publicaciones en Am\u00e9rica Latina, determinando qui\u00e9nes leen revistas seleccionadas y sus actitudes y nivel de uso.<\/p>\n\n\n\n<h3 class=\"wp-block-heading\">Estudios de Inteligencia Competitiva<\/h3>\n\n\n\n<ul class=\"wp-block-list\">\n<li>Estudio cuantitativo que abarca Estados Unidos, Puerto Rico y Rep\u00fablica Dominicana para determinar qu\u00e9 productos competitivos se producen en esos pa\u00edses y c\u00f3mo se promocionan.<\/li>\n\n\n\n<li>Estudio de inteligencia de negocios sobre el entorno competitivo del mercado de la cuchiller\u00eda en Europa y Am\u00e9rica Latina.<\/li>\n\n\n\n<li>Investigaci\u00f3n de campo para localizar y comprar productos de cafetera competitivos en Reino Unido, Espa\u00f1a y Alemania.<\/li>\n\n\n\n<li>Evaluaci\u00f3n de sistemas de filtrado de aire competitivos para consumidores de Italia, Francia, Alemania, Reino Unido y Espa\u00f1a.<\/li>\n\n\n\n<li>Evaluaci\u00f3n competitiva de productos de tratamiento de aire y sistemas de filtrado.<\/li>\n\n\n\n<li>Perfiles de la competencia de las principales empresas de productos de consumo: su estrategia global, globalizaci\u00f3n de productos clave, \u00e9xitos y fracasos de la marca global.<\/li>\n\n\n\n<li>An\u00e1lisis competitivo de los departamentos de I+D de grandes empresas de productos de consumo.<\/li>\n\n\n\n<li><a href=\"https:\/\/www.sisinternational.com\/es\/pericia\/industrias\/investigacion-de-mercado-de-la-moda\/\" title=\"Investigaci\u00f3n de mercado de moda y confecci\u00f3n\"  data-wpil-monitor-id=\"7116\">Market intelligence study covering apparel<\/a> and infant wear offerings of mass merchandisers in the retail industry.<\/li>\n\n\n\n<li>Cre\u00e9 un perfil de competidor para una importante firma de productos de consumo.<\/li>\n\n\n\n<li>Global strategy competitive assessment for <a href=\"https:\/\/www.sisinternational.com\/es\/soluciones\/consultoria-estrategica\/inteligencia-de-embalaje\/\" title=\"Consumer Packaging Strategy Solutions\"  data-wpil-monitor-id=\"6760\">consumidor<\/a> goods and packaged foods supplier.<\/li>\n\n\n\n<li>An\u00e1lisis de la reorganizaci\u00f3n de un actor importante en la industria de productos de consumo y sus implicaciones para la empresa.<\/li>\n\n\n\n<li>Entrevistas en tiendas con due\u00f1os de negocios en Chinatown, Nueva York.<\/li>\n\n\n\n<li>Estudio de inteligencia competitiva sobre los mercados de lentes de contacto y soluciones de contacto en EE. UU.<\/li>\n\n\n\n<li>Realic\u00e9 un an\u00e1lisis de la competencia en los mercados de cuidado de aromas y exterminador de insectos en EE. UU.<\/li>\n<\/ul>\n\n\n\n<h3 class=\"wp-block-heading\">Electr\u00f3nica<\/h3>\n\n\n\n<ul class=\"wp-block-list\">\n<li>Realic\u00e9 encuestas de consumidores para determinar la preferencia por equipos electr\u00f3nicos de consumo.<\/li>\n\n\n\n<li>Conducted <a href=\"https:\/\/www.sisinternational.com\/es\/pericia\/industrias\/investigacion-de-mercado-de-bienes-de-consumo\/\" title=\"Investigaci\u00f3n de mercado de bienes de consumo\"  data-wpil-monitor-id=\"6283\">consumer surveys in the digital camera market<\/a>.<\/li>\n\n\n\n<li>Realic\u00e9 grupos focales para consumidores estadounidenses para probar nuevos productos de consumo en el mercado de c\u00e1maras digitales.<\/li>\n\n\n\n<li>Realizaci\u00f3n de estudios de mercado nacional e internacional sobre televisores de pantalla plana de plasma y LCD.<\/li>\n\n\n\n<li>Realic\u00e9 grupos focales de consumidores para analizar qu\u00e9 factores determinan el atractivo para los clientes de los contenidos de demostraci\u00f3n mostrados en una tienda.<\/li>\n\n\n\n<li>Realic\u00e9 entrevistas en profundidad con los distribuidores para comprender c\u00f3mo los distribuidores utilizan los contenidos de demostraci\u00f3n para promover las ventas.<\/li>\n\n\n\n<li>Realic\u00e9 un estudio cuantitativo internacional sobre televisi\u00f3n para determinar las actitudes y h\u00e1bitos de uso de los clientes de televisi\u00f3n en India, China, Reino Unido y Estados Unidos.<\/li>\n\n\n\n<li>Realic\u00e9 grupos focales sobre el uso de MP3.<\/li>\n\n\n\n<li>Estudio de mercado sobre devoluciones de llamada de TV.<\/li>\n\n\n\n<li>Realic\u00e9 un estudio de interceptaci\u00f3n de consumidores en un importante centro de convenciones de Nueva York.<\/li>\n\n\n\n<li>Estudio realizado para comprender c\u00f3mo las personas usan un programa inform\u00e1tico en particular y c\u00f3mo se influy\u00f3 y se tom\u00f3 la decisi\u00f3n de compra dentro de empresas de diferentes tama\u00f1os.<\/li>\n\n\n\n<li>Estudio de investigaci\u00f3n realizado sobre usuarios del sistema operativo Mac.<\/li>\n\n\n\n<li>Realic\u00e9 grupos focales de usuarios de tel\u00e9fonos m\u00f3viles que reflejaron la participaci\u00f3n de mercado de las principales marcas.<\/li>\n\n\n\n<li>Conducted research study to understand <a href=\"https:\/\/www.sisinternational.com\/es\/la-base-neurobiologica-de-la-eleccion-del-consumidor\/\" title=\"Investigaci\u00f3n de mercado de neuromarketing de consumo\"  data-wpil-monitor-id=\"2682\">market<\/a> response to the existing Blu-ray player and to examine consumer needs and attitude towards the player.<\/li>\n\n\n\n<li>Estudio de viabilidad realizado para evaluar el lanzamiento de productos audiovisuales en varios mercados asi\u00e1ticos.<\/li>\n\n\n\n<li>Se realizaron entrevistas en Israel y Sud\u00e1frica con tomadores de decisiones de compra de televisores que recientemente hab\u00edan comprado un televisor LCD.<\/li>\n\n\n\n<li>Se realiz\u00f3 un estudio cualitativo sobre cine en casa.<\/li>\n\n\n\n<li>Conducted focus groups and qualitative <a href=\"https:\/\/www.sisinternational.com\/es\/pericia\/industrias\/investigacion-de-mercado-de-diseno-de-envases\/\" title=\"Investigaci\u00f3n de mercado de dise\u00f1o de envases\"  data-wpil-monitor-id=\"6193\">research on a new headphone packaging<\/a> program.<\/li>\n<\/ul>\n\n\n\n<h3 class=\"wp-block-heading\">Bienes de consumo de r\u00e1pido movimiento<\/h3>\n\n\n\n<ul class=\"wp-block-list\">\n<li>Evaluada entre las principales empresas de productos envasados del mundo a nivel regional.<\/li>\n\n\n\n<li>Se entrevist\u00f3 a directores ejecutivos de empresas medianas de productos de consumo para determinar los problemas estrat\u00e9gicos que enfrentan sus negocios.<\/li>\n\n\n\n<li>Se realizaron entrevistas CATI con consumidores comunes y corrientes que han comprado en una combinaci\u00f3n de diferentes supermercados en el \u00e1rea metropolitana de Londres para evaluar su experiencia y necesidades de compra.<\/li>\n<\/ul>\n\n\n\n<h3 class=\"wp-block-heading\">Aptitud f\u00edsica<\/h3>\n\n\n\n<ul class=\"wp-block-list\">\n<li>Realic\u00e9 grupos focales en gimnasios de Chicago y Los \u00c1ngeles para probar un nuevo reloj.<\/li>\n\n\n\n<li>Realiz\u00f3 un estudio sobre las actitudes de los consumidores estadounidenses hacia la aptitud f\u00edsica.<\/li>\n\n\n\n<li>Realic\u00e9 grupos focales en San Francisco con consumidores sobre su aceptaci\u00f3n de un nuevo producto de nutrici\u00f3n general.<\/li>\n\n\n\n<li>Evaluaci\u00f3n del mercado del fitness en Europa.<\/li>\n\n\n\n<li>Realic\u00e9 una prueba previa de publicidad para la publicidad de productos de fitness para consumidores en los EE. UU.<\/li>\n<\/ul>\n\n\n\n<h3 class=\"wp-block-heading\">Electrodom\u00e9sticos y productos para el hogar<\/h3>\n\n\n\n<ul class=\"wp-block-list\">\n<li>Seguimiento competitivo continuo para un fabricante y distribuidor de una amplia variedad de productos para el hogar.<\/li>\n\n\n\n<li>Realic\u00e9 entrevistas y visitas domiciliarias a compradores recientes de aspiradoras sin bolsa en los EE. UU.<\/li>\n\n\n\n<li>Estudio de investigaci\u00f3n y desarrollo de nuevas ideas de productos para cocinas y ba\u00f1os.<\/li>\n\n\n\n<li>Estudios de inteligencia de mercado e inteligencia competitiva sobre tendencias en remodelaci\u00f3n y decoraci\u00f3n del hogar.<\/li>\n\n\n\n<li>An\u00e1lisis del mercado de plantas de hogar.<\/li>\n\n\n\n<li><a href=\"https:\/\/www.sisinternational.com\/es\/pericia\/industrias\/investigacion-de-mercado-de-circuitos-electronicos\/\" title=\"Investigaci\u00f3n de mercado de circuitos electr\u00f3nicos\"  data-wpil-monitor-id=\"6925\">Market feasibility study for household electronic<\/a> air fresheners and insecticides in Germany and Brazil.<\/li>\n\n\n\n<li>Grupos focales para consumidores sobre sus actitudes hacia una nueva generaci\u00f3n de licuadoras en el Reino Unido, Francia y Alemania.<\/li>\n\n\n\n<li>Estudio de mercado en Estados Unidos para muebles para el hogar.<\/li>\n\n\n\n<li>Estudio de mercado en Estados Unidos para manteles individuales.<\/li>\n\n\n\n<li>Se realizaron interceptaciones de correo para un estudio de aire acondicionado y deshumidificador en los EE. UU.<\/li>\n\n\n\n<li>Realizaci\u00f3n de un estudio de mercado de cafeteras en Jap\u00f3n, Alemania, Espa\u00f1a y Reino Unido.<\/li>\n\n\n\n<li>Realic\u00e9 un estudio sobre cuchiller\u00eda en Europa, Asia y Am\u00e9rica Latina.<\/li>\n\n\n\n<li>Estudio realizado para obtener informaci\u00f3n de los consumidores de alto nivel sobre la apariencia y el dise\u00f1o de diversos productos electr\u00f3nicos para el hogar.<\/li>\n\n\n\n<li>Realic\u00e9 estudio de mercado para obtener informaci\u00f3n sobre el desarrollo de nuevos conceptos y generaci\u00f3n de ideas para refrigeradores.<\/li>\n\n\n\n<li>Estudio realizado para una empresa de sistemas de seguridad para el hogar.<\/li>\n\n\n\n<li>Se realizaron visitas domiciliarias a personas propietarias de lavadoras de carga frontal y refrigeradores estilo franc\u00e9s.<\/li>\n\n\n\n<li>Realizaci\u00f3n de grupos focales para consumidores sobre su opini\u00f3n sobre los futuros conceptos de m\u00e1quinas de caf\u00e9.<\/li>\n<\/ul>\n\n\n\n<h3 class=\"wp-block-heading\">Grabadora IC<\/h3>\n\n\n\n<p>Estudio de mercado para grabadoras IC en EE. UU. que analiza la oferta de productos de los puntos de venta minorista.<\/p>\n\n\n\n<h3 class=\"wp-block-heading\">Juvenil<\/h3>\n\n\n\n<ul class=\"wp-block-list\">\n<li>Evaluaci\u00f3n de mercado del mercado de Estilo de Vida Juvenil.<\/li>\n\n\n\n<li>Se realiz\u00f3 una encuesta sobre el uso del tel\u00e9fono celular entre los adolescentes.<\/li>\n\n\n\n<li>Realic\u00e9 grupos focales en Jap\u00f3n y el Reino Unido para determinar los competidores de una popular serie de libros para ni\u00f1os vendida a trav\u00e9s de un importante minorista de libros.<\/li>\n\n\n\n<li>Se realizaron entrevistas en profundidad sobre el uso de pa\u00f1ales.<\/li>\n\n\n\n<li>Realic\u00e9 el reclutamiento y dise\u00f1\u00e9 un evaluador de IDI de madres con beb\u00e9s.<\/li>\n<\/ul>\n\n\n\n<h3 class=\"wp-block-heading\">Art\u00edculos de lujo<\/h3>\n\n\n\n<p>Realic\u00e9 estudio de joyer\u00eda para empresa de alta gama.<\/p>\n\n\n\n<h3 class=\"wp-block-heading\">Estudios de Reposicionamiento de Mercado<\/h3>\n\n\n\n<p>Realizaci\u00f3n de un estudio sobre el Canad\u00e1 franc\u00f3fono para determinar la literatura competitiva y el reposicionamiento de los productos de consumo.<\/p>\n\n\n\n<h3 class=\"wp-block-heading\">Estudios de segmentaci\u00f3n de mercado<\/h3>\n\n\n\n<ul class=\"wp-block-list\">\n<li>Evaluation of the market size, segmentation, distribution, wholesale, retail pricing, and potential acquisition candidates for the mattress <a href=\"https:\/\/www.sisinternational.com\/es\/investigacion-de-mercado-tijuana-mexico\/\" title=\"Investigaci\u00f3n de Mercado en Tijuana, M\u00e9xico\"  data-wpil-monitor-id=\"6924\">market in Mexico<\/a>.<\/li>\n\n\n\n<li>Estudios de seguimiento de competidores y segmentos de mercado en los sectores de cuidado personal y productos para el hogar para identificar oportunidades de mercado en mercados establecidos y emergentes.<\/li>\n<\/ul>\n\n\n\n<h3 class=\"wp-block-heading\">Productos de maquinilla de afeitar para hombres<\/h3>\n\n\n\n<ul class=\"wp-block-list\">\n<li>Estudio cuantitativo europeo sobre un nuevo producto de afeitar para hombres.<\/li>\n\n\n\n<li>Interviewed barbers and African American men who shave their heads and\/or faces with razors to analyze a variety of facial care and shaving products.<\/li>\n<\/ul>\n\n\n\n<h3 class=\"wp-block-heading\">embalaje<\/h3>\n\n\n\n<ul class=\"wp-block-list\">\n<li>Encuesta sobre envases a prueba de ni\u00f1os en EE. UU. sobre las actitudes de los clientes hacia los envases con cierre tradicional frente a los blister.<\/li>\n\n\n\n<li>Conducted recruitment and moderation of high-end headphone users for packaging design study.<\/li>\n<\/ul>\n\n\n\n<h3 class=\"wp-block-heading\">Estudios Psicogr\u00e1ficos<\/h3>\n\n\n\n<ul class=\"wp-block-list\">\n<li>Realic\u00e9 varios grupos focales sobre los niveles de vida de los grupos hispanos y asi\u00e1ticos.<\/li>\n\n\n\n<li>Se llevaron a cabo grupos focales que analizaron las actitudes de diferentes grupos \u00e9tnicos hacia diferentes tipos de m\u00fasica.<\/li>\n\n\n\n<li>Realic\u00e9 entrevistas en profundidad para un estudio cualitativo sobre la comprensi\u00f3n de las asociaciones de consumidores con marcas nuevas y existentes.<\/li>\n<\/ul>\n\n\n\n<h3 class=\"wp-block-heading\">Relojes<\/h3>\n\n\n\n<p>Uso de relojes de consumo en EE. UU.: demograf\u00eda, actitudes y precios para el posicionamiento en el mercado.<\/p>\n\n\n\n<h2 class=\"wp-block-heading\">Muestra de nuestros clientes pasados y presentes<\/h2>\n\n\n\n<h2 class=\"wp-block-heading\">&nbsp;<\/h2>\n\n\n\n<ul class=\"wp-block-list\">\n<li>Era de la publicidad internacional<\/li>\n\n\n\n<li>Productos para el hogar americano<\/li>\n\n\n\n<li>Corporaci\u00f3n Amway<\/li>\n\n\n\n<li>Manzana<\/li>\n\n\n\n<li>Bausch &amp; Lomb<\/li>\n\n\n\n<li>Tecnolog\u00eda biomista<\/li>\n\n\n\n<li>Cartier<\/li>\n\n\n\n<li>Corporaci\u00f3n de Vigilancia Ciudadana<\/li>\n\n\n\n<li>Asociaci\u00f3n de fabricantes de cierres<\/li>\n\n\n\n<li>Compa\u00f1\u00eda Colgate-Palmolive<\/li>\n\n\n\n<li>Coors<\/li>\n\n\n\n<li>Tecnolog\u00edas de calefacci\u00f3n Dekko<\/li>\n\n\n\n<li>Compa\u00f1\u00eda Eastman Kodak<\/li>\n\n\n\n<li>Est\u00e9e Lauder<\/li>\n\n\n\n<li>Farall\u00f3n Capital<\/li>\n\n\n\n<li>Compania de motores ford<\/li>\n\n\n\n<li>Enfoque global<\/li>\n\n\n\n<li>Grolsch<\/li>\n\n\n\n<li>Heineken<\/li>\n\n\n\n<li>Infocom. Internacional<\/li>\n\n\n\n<li>IPS<\/li>\n\n\n\n<li>Jacob Javits<\/li>\n\n\n\n<li>LG<\/li>\n<\/ul>\n\n\n\n<ul class=\"wp-block-list\">\n<li>Ejercicio de vida<\/li>\n\n\n\n<li>Marte<\/li>\n\n\n\n<li>Mastercard Internacional<\/li>\n\n\n\n<li>Philip Morris<\/li>\n\n\n\n<li>polaroid<\/li>\n\n\n\n<li>Procter and Gamble<\/li>\n\n\n\n<li>Investigaci\u00f3n en mesa redonda<\/li>\n\n\n\n<li>Samsung<\/li>\n\n\n\n<li>Cera SC Johnson<\/li>\n\n\n\n<li>Seagramas<\/li>\n\n\n\n<li>Sennheiser<\/li>\n\n\n\n<li>Estrella de sol<\/li>\n\n\n\n<li>sinovado<\/li>\n\n\n\n<li>tesco<\/li>\n\n\n\n<li>La Corporaci\u00f3n Dial<\/li>\n\n\n\n<li>La empresa Gillette<\/li>\n\n\n\n<li>Hora Internacional<\/li>\n\n\n\n<li>Toys R Us<\/li>\n\n\n\n<li>Unilever<\/li>\n\n\n\n<li>Visa Internacional<\/li>\n\n\n\n<li>Grupo Warner Lambert Chicle<\/li>\n\n\n\n<li>Corporaci\u00f3n Whirlpool<\/li>\n\n\n\n<li>Wyeth Nutricional<\/li>\n<\/ul>\n\n\n\n<h2 class=\"wp-block-heading\"><a href=\"https:\/\/www.sisinternational.com\/es\/about-sis\/contact-sis-international-market-research\/\">Cont\u00e1ctenos para su pr\u00f3ximo proyecto de Investigaci\u00f3n de Mercado de Consumo.<\/a><\/h2>","protected":false},"excerpt":{"rendered":"<p>Experiencia Seleccionada en las Industrias de Consumo<\/p>","protected":false},"author":1,"featured_media":63800,"parent":84529,"menu_order":5,"comment_status":"closed","ping_status":"closed","template":"","meta":{"footnotes":""},"class_list":["post-19165","page","type-page","status-publish","has-post-thumbnail"],"_links":{"self":[{"href":"https:\/\/www.sisinternational.com\/es\/wp-json\/wp\/v2\/pages\/19165","targetHints":{"allow":["GET"]}}],"collection":[{"href":"https:\/\/www.sisinternational.com\/es\/wp-json\/wp\/v2\/pages"}],"about":[{"href":"https:\/\/www.sisinternational.com\/es\/wp-json\/wp\/v2\/types\/page"}],"author":[{"embeddable":true,"href":"https:\/\/www.sisinternational.com\/es\/wp-json\/wp\/v2\/users\/1"}],"replies":[{"embeddable":true,"href":"https:\/\/www.sisinternational.com\/es\/wp-json\/wp\/v2\/comments?post=19165"}],"version-history":[{"count":12,"href":"https:\/\/www.sisinternational.com\/es\/wp-json\/wp\/v2\/pages\/19165\/revisions"}],"predecessor-version":[{"id":80680,"href":"https:\/\/www.sisinternational.com\/es\/wp-json\/wp\/v2\/pages\/19165\/revisions\/80680"}],"up":[{"embeddable":true,"href":"https:\/\/www.sisinternational.com\/es\/wp-json\/wp\/v2\/pages\/84529"}],"wp:featuredmedia":[{"embeddable":true,"href":"https:\/\/www.sisinternational.com\/es\/wp-json\/wp\/v2\/media\/63800"}],"wp:attachment":[{"href":"https:\/\/www.sisinternational.com\/es\/wp-json\/wp\/v2\/media?parent=19165"}],"curies":[{"name":"wp","href":"https:\/\/api.w.org\/{rel}","templated":true}]}}