{"id":19158,"date":"2015-10-26T02:34:59","date_gmt":"2015-10-26T02:34:59","guid":{"rendered":"https:\/\/www.sisinternational.com\/?page_id=19158"},"modified":"2026-01-24T21:18:08","modified_gmt":"2026-01-25T02:18:08","slug":"curriculum-de-experiencia-en-industrias-quimicas-y-energeticas","status":"publish","type":"page","link":"https:\/\/www.sisinternational.com\/es\/pericia\/curriculums-de-experiencia\/curriculum-de-experiencia-en-industrias-quimicas-y-energeticas\/","title":{"rendered":"Empresa de Investigaci\u00f3n de Mercados Qu\u00edmicos y Energ\u00e9ticos"},"content":{"rendered":"<h1 class=\"wp-block-heading\">Empresa de Investigaci\u00f3n de Mercados Qu\u00edmicos y Energ\u00e9ticos<\/h1>\n\n\n\n<figure class=\"gb-block-image gb-block-image-b6cf8439\"><img loading=\"lazy\" decoding=\"async\" width=\"1456\" height=\"816\" class=\"gb-image gb-image-b6cf8439\" src=\"https:\/\/www.sisinternational.com\/wp-content\/uploads\/2025\/09\/Chemicals-2-1.jpg\" alt=\"Investigaci\u00f3n y estrategia de mercado internacional de SIS\" title=\"Chemicals (2)\" srcset=\"https:\/\/www.sisinternational.com\/wp-content\/uploads\/2025\/09\/Chemicals-2-1.jpg 1456w, https:\/\/www.sisinternational.com\/wp-content\/uploads\/2025\/09\/Chemicals-2-1-300x168.jpg 300w, https:\/\/www.sisinternational.com\/wp-content\/uploads\/2025\/09\/Chemicals-2-1-1024x574.jpg 1024w, https:\/\/www.sisinternational.com\/wp-content\/uploads\/2025\/09\/Chemicals-2-1-768x430.jpg 768w, https:\/\/www.sisinternational.com\/wp-content\/uploads\/2025\/09\/Chemicals-2-1-18x10.jpg 18w\" sizes=\"auto, (max-width: 1456px) 100vw, 1456px\"><\/figure>\n\n\n\n<p><\/p>\n\n\n\n<ul class=\"wp-block-list\">\n<li>Estudio de Inteligencia Competitiva sobre la fabricaci\u00f3n bajo terceros de prepol\u00edmeros.<\/li>\n\n\n\n<li>Estudio de posicionamiento global de productos en el mercado de protectores contra sobretensiones.<\/li>\n\n\n\n<li>Realizaci\u00f3n de un estudio de inteligencia global sobre fabricantes de paneles solares.<\/li>\n\n\n\n<li>Market structure study of the Phenolic <a href=\"https:\/\/www.sisinternational.com\/es\/pericia\/industrias\/investigacion-de-mercado-de-resina\/\" title=\"Investigaci\u00f3n de mercado de resina\"  data-wpil-monitor-id=\"6915\">Resin<\/a> market in the US for a competitor analysis.<\/li>\n\n\n\n<li>Realic\u00e9 un importante estudio de imagen corporativa global entre ejecutivos de alto nivel, l\u00edderes de opini\u00f3n clave, ejecutivos, partes interesadas y funcionarios gubernamentales para una gran empresa europea de petr\u00f3leo y gas.<\/li>\n\n\n\n<li>Estudio de la estructura del mercado de Resinas Epoxi en Estados Unidos para un an\u00e1lisis de la competencia.<\/li>\n\n\n\n<li>Estudio competitivo de la producci\u00f3n de un pesticida por parte de una empresa en Israel.<\/li>\n\n\n\n<li>Perfil del competidor de un productor de productos qu\u00edmicos inorg\u00e1nicos en Francia.<\/li>\n\n\n\n<li>Global monthly <a class=\"wpil_keyword_link\" href=\"https:\/\/www.sisinternational.com\/es\/boletin-informativo\/\"   title=\"Suscr\u00edbete a nuestro bolet\u00edn\" data-wpil-keyword-link=\"linked\"  data-wpil-monitor-id=\"784\">Boletin informativo<\/a> that focused on its peer competitors in Europe, new products and applications in the plastics, glass, and rubber segments of the automotive industry.<\/li>\n\n\n\n<li>Estudio de mercado de ETP retardantes de llama en China.<\/li>\n\n\n\n<li>Estudio sobre el tama\u00f1o del mercado, potencial y estructura de la industria de cierres en Estados Unidos.<\/li>\n\n\n\n<li>Estudio sobre el estado del embalaje blister frente al embalaje con cierre tradicional.<\/li>\n\n\n\n<li>Study for the global <a href=\"https:\/\/www.sisinternational.com\/es\/pericia\/investigacion-de-mercado-de-productos-quimicos-a-granel\/\" title=\"Investigaci\u00f3n de mercado de productos qu\u00edmicos a granel\"  data-wpil-monitor-id=\"2117\">market opportunities in the auto chemicals<\/a> market, covering the UK, France, Germany, Spain, Italy, and the Benelux countries.<\/li>\n\n\n\n<li>Analyzed the <a href=\"https:\/\/www.sisinternational.com\/es\/analisis-de-la-industria-textil\/\" title=\"Investigaci\u00f3n de Mercado Textil\"  data-wpil-monitor-id=\"7321\">market feasibility for enzymes in the textile<\/a> industry in China by surveying over 100 plants, dye houses, and distributors throughout China.<\/li>\n\n\n\n<li>Estudio de Inteligencia de Mercado para el Mercado de Soluciones de Mostrador en Estados Unidos.<\/li>\n\n\n\n<li>Estudio de Inteligencia Competitiva en la Industria de Superficies S\u00f3lidas.<\/li>\n\n\n\n<li>Estudio cuantitativo de Imagen de Marca de productos de limpieza industrial en Estados Unidos y Europa por segmentos de mercado de uso final.<\/li>\n\n\n\n<li>Se llev\u00f3 a cabo un estudio de evaluaci\u00f3n y tama\u00f1o del mercado estadounidense de resinas fen\u00f3licas y sus segmentos de mercado de uso final.<\/li>\n\n\n\n<li>Se llev\u00f3 a cabo un estudio que evalu\u00f3 mezclas selectas de pol\u00edmeros\/olig\u00f3meros utilizadas para crear espumas de poliuretano especiales.<\/li>\n\n\n\n<li>Realic\u00e9 un nuevo proyecto de desarrollo de negocio para un nuevo dispositivo de salida de seguridad.<\/li>\n\n\n\n<li>Seguimiento mensual de los fabricantes de productos qu\u00edmicos europeos.<\/li>\n\n\n\n<li>Estudio de precios competitivos de fertilizantes en Australia y Francia.<\/li>\n\n\n\n<li>Informes trimestrales de actividades competitivas de los productores de bromo en Jap\u00f3n.<\/li>\n\n\n\n<li>Estudio de mercado que determin\u00f3 el tama\u00f1o del mercado de productos desinfectantes en hospitales y hoteles.<\/li>\n\n\n\n<li>Auditor\u00eda de informaci\u00f3n estrat\u00e9gica para un fabricante l\u00edder a nivel mundial de gafas especiales y materiales inorg\u00e1nicos relacionados: entrevist\u00f3 a ejecutivos clave de la empresa, analiz\u00f3 el flujo y las fuentes de informaci\u00f3n y desarroll\u00f3 un sistema de seguimiento BI\/CI para el personal de I+D dentro de la empresa.<\/li>\n\n\n\n<li>Perfil de competidor de un conglomerado europeo con intereses en petr\u00f3leo, crudo, energ\u00eda, productos qu\u00edmicos y servicios financieros.<\/li>\n\n\n\n<li>Auditor\u00eda de informaci\u00f3n estrat\u00e9gica para una gran empresa de servicios p\u00fablicos: analiz\u00f3 el flujo de documentos, consult\u00f3 con el equipo de marketing internacional y recomend\u00f3 el sistema de inteligencia empresarial \u00f3ptimo.<\/li>\n\n\n\n<li>Se entrevist\u00f3 a directores ejecutivos de empresas qu\u00edmicas y energ\u00e9ticas sobre los problemas estrat\u00e9gicos que enfrentan sus industrias.<\/li>\n\n\n\n<li>Auditor\u00eda de informaci\u00f3n estrat\u00e9gica de una empresa de servicios p\u00fablicos, dando como resultado un sistema de seguimiento BI\/CI.<\/li>\n\n\n\n<li>Estudio mundial sobre el estado de las industrias de servicios p\u00fablicos en Asia, Am\u00e9rica Latina y Europa, que incluye un an\u00e1lisis extenso de la demanda global, la privatizaci\u00f3n, las alianzas estrat\u00e9gicas y el futuro de la industria, pa\u00eds por pa\u00eds.<\/li>\n\n\n\n<li>Realic\u00e9 un estudio de Inteligencia de Mercado Global para una empresa de sistemas de energ\u00eda.<\/li>\n\n\n\n<li>Estudio de mercado sobre cu\u00e1nto ducto de polietileno se consume anualmente en el despliegue de cables de comunicaciones subterr\u00e1neos en EE.UU.<\/li>\n\n\n\n<li>Se llev\u00f3 a cabo un estudio global de percepci\u00f3n y requisitos del usuario final de Genset.<\/li>\n\n\n\n<li>Market Intelligence Study for a <a href=\"https:\/\/www.sisinternational.com\/es\/pericia\/industrias\/investigacion-de-mercado-de-productos-quimicos-organicos\/\" title=\"Investigaci\u00f3n de mercado de productos qu\u00edmicos org\u00e1nicos\"  data-wpil-monitor-id=\"3316\">company<\/a> in a chemical sector.<\/li>\n\n\n\n<li>Realic\u00e9 un estudio de Inteligencia de Mercado para un fabricante de sal y productos qu\u00edmicos.<\/li>\n\n\n\n<li>Realic\u00e9 un estudio de inteligencia empresarial mediante entrevistas a expertos con profesionales principiantes de las principales corporaciones qu\u00edmicas.<\/li>\n\n\n\n<li>Se realiz\u00f3 una encuesta cuantitativa para recopilar y analizar datos relacionados con las percepciones y expectativas.<\/li>\n\n\n\n<li>Se realizaron entrevistas a expertos para obtener informaci\u00f3n sobre el mercado solar, es decir, identidad de marca y conocimiento de los paneles solares.<\/li>\n\n\n\n<li>Estudio de mercado y procedimiento para el establecimiento de una planta de energ\u00eda solar en Francia.<\/li>\n\n\n\n<li>Proyecto de inteligencia de mercado sobre el mercado global de recipientes a presi\u00f3n nucleares.<\/li>\n\n\n\n<li>Realic\u00e9 un an\u00e1lisis de mercado del mercado de membranas de gas en EE. UU. y Jap\u00f3n.<\/li>\n\n\n\n<li>Realic\u00e9 un estudio para empresas de oleoductos de Am\u00e9rica del Norte, un estudio de sistemas est\u00e1ndar.<\/li>\n\n\n\n<li>Realizaci\u00f3n de entrevistas en profundidad en Bangkok sobre el jab\u00f3n<\/li>\n\n\n\n<li>Realic\u00e9 un estudio de investigaci\u00f3n sobre el aceite para autom\u00f3viles.<\/li>\n<\/ul>\n\n\n\n<h2 class=\"wp-block-heading\">Una muestra de nuestros clientes pasados y presentes en las industrias qu\u00edmica y energ\u00e9tica<\/h2>\n\n\n\n<ul class=\"wp-block-list\">\n<li>Servicio p\u00fablico de Arizona<\/li>\n\n\n\n<li>Ashland Qu\u00edmica<\/li>\n\n\n\n<li>Atochem<\/li>\n\n\n\n<li>Bayer<\/li>\n\n\n\n<li>Bourns<\/li>\n\n\n\n<li>Minerales de la br\u00fajula<\/li>\n\n\n\n<li>ConEdison<\/li>\n\n\n\n<li>Cummins<\/li>\n\n\n\n<li>dow<\/li>\n\n\n\n<li>EI Du Pont de Nemours y Compa\u00f1\u00eda<\/li>\n\n\n\n<li>Elfo Aquitania<\/li>\n\n\n\n<li>Exxon<\/li>\n\n\n\n<li>genencor<\/li>\n\n\n\n<li>Georgia Pac\u00edfico<\/li>\n\n\n\n<li>Kohler PETROBRAS<\/li>\n\n\n\n<li>Milliken y compa\u00f1\u00eda<\/li>\n\n\n\n<li>PETROBRAS<\/li>\n\n\n\n<li>Compa\u00f1\u00eda del Sur<\/li>\n\n\n\n<li>La empresa Clorox<\/li>\n<\/ul>\n\n\n\n<h2 class=\"wp-block-heading\"><\/h2>","protected":false},"excerpt":{"rendered":"<p>Experiencia Seleccionada en las Industrias Qu\u00edmica y Energ\u00e9tica<\/p>","protected":false},"author":1,"featured_media":67291,"parent":15106,"menu_order":4,"comment_status":"closed","ping_status":"closed","template":"","meta":{"footnotes":""},"class_list":["post-19158","page","type-page","status-publish","has-post-thumbnail"],"_links":{"self":[{"href":"https:\/\/www.sisinternational.com\/es\/wp-json\/wp\/v2\/pages\/19158","targetHints":{"allow":["GET"]}}],"collection":[{"href":"https:\/\/www.sisinternational.com\/es\/wp-json\/wp\/v2\/pages"}],"about":[{"href":"https:\/\/www.sisinternational.com\/es\/wp-json\/wp\/v2\/types\/page"}],"author":[{"embeddable":true,"href":"https:\/\/www.sisinternational.com\/es\/wp-json\/wp\/v2\/users\/1"}],"replies":[{"embeddable":true,"href":"https:\/\/www.sisinternational.com\/es\/wp-json\/wp\/v2\/comments?post=19158"}],"version-history":[{"count":9,"href":"https:\/\/www.sisinternational.com\/es\/wp-json\/wp\/v2\/pages\/19158\/revisions"}],"predecessor-version":[{"id":80968,"href":"https:\/\/www.sisinternational.com\/es\/wp-json\/wp\/v2\/pages\/19158\/revisions\/80968"}],"up":[{"embeddable":true,"href":"https:\/\/www.sisinternational.com\/es\/wp-json\/wp\/v2\/pages\/15106"}],"wp:featuredmedia":[{"embeddable":true,"href":"https:\/\/www.sisinternational.com\/es\/wp-json\/wp\/v2\/media\/67291"}],"wp:attachment":[{"href":"https:\/\/www.sisinternational.com\/es\/wp-json\/wp\/v2\/media?parent=19158"}],"curies":[{"name":"wp","href":"https:\/\/api.w.org\/{rel}","templated":true}]}}