{"id":19154,"date":"2015-10-26T02:11:22","date_gmt":"2015-10-26T02:11:22","guid":{"rendered":"https:\/\/www.sisinternational.com\/?page_id=19154"},"modified":"2026-01-26T18:50:41","modified_gmt":"2026-01-26T23:50:41","slug":"curriculum-de-experiencia-en-investigacion-de-marcas","status":"publish","type":"page","link":"https:\/\/www.sisinternational.com\/es\/pericia\/curriculums-de-experiencia\/curriculum-de-experiencia-en-investigacion-de-marcas\/","title":{"rendered":"Empresa de investigaci\u00f3n de mercado de marca"},"content":{"rendered":"<h1 class=\"wp-block-heading\">Experiencia en investigaci\u00f3n de mercado de marca<\/h1>\n\n\n\n<p><\/p>\n\n\n\n<figure class=\"gb-block-image gb-block-image-89bc12b1\"><img loading=\"lazy\" decoding=\"async\" width=\"1456\" height=\"816\" class=\"gb-image gb-image-89bc12b1\" src=\"https:\/\/www.sisinternational.com\/wp-content\/uploads\/2025\/09\/Branding-6.jpg\" alt=\"Investigaci\u00f3n y estrategia de mercado internacional de SIS\" title=\"Branding (6)\" srcset=\"https:\/\/www.sisinternational.com\/wp-content\/uploads\/2025\/09\/Branding-6.jpg 1456w, https:\/\/www.sisinternational.com\/wp-content\/uploads\/2025\/09\/Branding-6-300x168.jpg 300w, https:\/\/www.sisinternational.com\/wp-content\/uploads\/2025\/09\/Branding-6-1024x574.jpg 1024w, https:\/\/www.sisinternational.com\/wp-content\/uploads\/2025\/09\/Branding-6-768x430.jpg 768w, https:\/\/www.sisinternational.com\/wp-content\/uploads\/2025\/09\/Branding-6-18x10.jpg 18w\" sizes=\"auto, (max-width: 1456px) 100vw, 1456px\"><\/figure>\n\n\n\n<p><\/p>\n\n\n\n<h2 class=\"wp-block-heading\">Experiencia en investigaci\u00f3n de mercado de marca<\/h2>\n\n\n\n<p><strong>SIS es una empresa l\u00edder en consultor\u00eda estrat\u00e9gica e investigaci\u00f3n de mercados de marcas. Benef\u00edciese de nuestra experiencia en marca empresarial.<\/strong><\/p>\n\n\n\n<h3 class=\"wp-block-heading\">Imagen de marca<\/h3>\n\n\n\n<ul class=\"wp-block-list\">\n<li>Brand image study for a major airline conducted via CATI in US and the UK.&nbsp; Respondents were international leisure and business travelers.<\/li>\n\n\n\n<li>Conducted mall intercepts in US on consumers&#8217; attitudes toward retail clothing store brand names.<\/li>\n\n\n\n<li>Conducted focus groups for brand-name items.<\/li>\n\n\n\n<li>Cuantitativo <a href=\"https:\/\/www.sisinternational.com\/es\/pericia\/industrias\/investigacion-de-mercado-de-marca\/\" title=\"Investigaci\u00f3n de mercado de marca\"  data-wpil-monitor-id=\"7077\">Marca<\/a> Image Study for the US and Europe for Industrial Cleaning products by end-use Market Segments.<\/li>\n\n\n\n<li>Encuesta cuantitativa sobre la imagen de marca de fabricantes de vidrio en EE. UU.<\/li>\n\n\n\n<li>Encuesta Cuantitativa de Imagen de Marca para un Fabricante de Vidrio.<\/li>\n\n\n\n<li>Conducted an intercept study on <a href=\"https:\/\/www.sisinternational.com\/es\/pericia\/curriculums-de-experiencia\/investigacion-de-marca\/\" title=\"Empresa de investigaci\u00f3n de marca\"  data-wpil-monitor-id=\"6299\">brand image for food companies<\/a><\/li>\n\n\n\n<li>Realizaci\u00f3n de estudio de imagen y eficacia de marca de una empresa de muebles.<\/li>\n<\/ul>\n\n\n\n<h3 class=\"wp-block-heading\">Valor de marca<\/h3>\n\n\n\n<ul class=\"wp-block-list\">\n<li>Estudio de Branding Global para empresas de confiter\u00eda para una empresa de publicidad asi\u00e1tica.<\/li>\n\n\n\n<li>Completed a brand awareness tracking study for a global manufacturer of a multi-purpose power tool in Australia, Chile, and Argentina.&nbsp; We conducted a pre and post wave of telephone interviews discussing these media campaigns.<\/li>\n\n\n\n<li>Realic\u00e9 un estudio de valor y conocimiento de marca en el mercado de muebles de Am\u00e9rica del Norte.<\/li>\n\n\n\n<li>Conducted a brand equity and brand research <a href=\"https:\/\/www.sisinternational.com\/es\/investigacion-a-gran-escala-para-pequenas-empresas\/\" title=\"Investigaci\u00f3n a gran escala para peque\u00f1as empresas\"  data-wpil-monitor-id=\"2334\">strategy study for a major aerospace company<\/a> in the North American market.\u00a0 In 2009, we conducted a comprehensive, multi-phase global brand equity study for a major global aircraft engine manufacturer. We followed this with one-on-one interviews with key industry executives regarding current and anticipated industry issues. We surveyed airlines, appraisers, bankers, lessors, cargo companies and MROs including everyone from procurement and finance people to fleet managers and company executives. Our client used this <a href=\"https:\/\/www.sisinternational.com\/es\/cobertura\/las-americas\/investigacion-de-mercado-en-el-caribe\/investigacion-de-mercado-bahamas\/\" title=\"Investigaci\u00f3n de mercado en las Bahamas\"  data-wpil-monitor-id=\"4196\">research to refine their marketing<\/a> strategies and to inform next-generation aircraft engine initiatives.<\/li>\n\n\n\n<li>Realic\u00e9 una investigaci\u00f3n de lealtad a la marca, para un cuestionario cuantitativo en l\u00ednea.<\/li>\n<\/ul>\n\n\n\n<h3 class=\"wp-block-heading\">Identidad de la marca<\/h3>\n\n\n\n<ul class=\"wp-block-list\">\n<li>Se realizaron interceptaciones en centros comerciales de EE. UU. sobre las actitudes de los consumidores hacia las marcas de tiendas minoristas de ropa.<\/li>\n\n\n\n<li>Realic\u00e9 un estudio para ayudar a determinar la marca y los nombres de las funciones de un nuevo sistema operativo en Jap\u00f3n y Alemania con usuarios de PC.<\/li>\n\n\n\n<li>Realic\u00e9 IDI con periodistas y analistas sobre su identidad\/conocimiento de marca para paneles solares.<\/li>\n<\/ul>\n\n\n\n<h3 class=\"wp-block-heading\">Estrategia de marca<\/h3>\n\n\n\n<ul class=\"wp-block-list\">\n<li>productos, \u00e9xitos y fracasos de la marca global.<\/li>\n\n\n\n<li>Realizaci\u00f3n de un estudio de soluci\u00f3n de marca europea con radi\u00f3logos.<\/li>\n\n\n\n<li>Investigaci\u00f3n cualitativa entre m\u00e9dicos y madres reaccionando al concepto de tener toda una l\u00ednea de productos nutricionales bajo una \u00fanica marca global y su posicionamiento.<\/li>\n\n\n\n<li>T\u00e9cnicas exitosas de gesti\u00f3n de marca en la industria minorista de EE. UU.<\/li>\n\n\n\n<li>Reposicion\u00e9 la estrategia de marca de un cliente de fabricaci\u00f3n de ventanas para apuntar a contratistas profesionales.<\/li>\n\n\n\n<li>Realic\u00e9 IDIS para evaluar los slogans de marca corporativa de un importante fabricante de celulares<\/li>\n<\/ul>\n\n\n\n<h2 class=\"wp-block-heading\"><a href=\"https:\/\/www.sisinternational.com\/es\/about-sis\/contact-sis-international-market-research\/\">Cont\u00e1ctenos para su pr\u00f3ximo proyecto de Investigaci\u00f3n y Estrategia de Mercado de Marca.<\/a><\/h2>","protected":false},"excerpt":{"rendered":"<p>Benef\u00edciese de nuestra experiencia en Branding Empresarial e Investigaci\u00f3n de Marca.<\/p>","protected":false},"author":1,"featured_media":69135,"parent":15106,"menu_order":3,"comment_status":"closed","ping_status":"closed","template":"","meta":{"footnotes":""},"class_list":["post-19154","page","type-page","status-publish","has-post-thumbnail"],"_links":{"self":[{"href":"https:\/\/www.sisinternational.com\/es\/wp-json\/wp\/v2\/pages\/19154","targetHints":{"allow":["GET"]}}],"collection":[{"href":"https:\/\/www.sisinternational.com\/es\/wp-json\/wp\/v2\/pages"}],"about":[{"href":"https:\/\/www.sisinternational.com\/es\/wp-json\/wp\/v2\/types\/page"}],"author":[{"embeddable":true,"href":"https:\/\/www.sisinternational.com\/es\/wp-json\/wp\/v2\/users\/1"}],"replies":[{"embeddable":true,"href":"https:\/\/www.sisinternational.com\/es\/wp-json\/wp\/v2\/comments?post=19154"}],"version-history":[{"count":8,"href":"https:\/\/www.sisinternational.com\/es\/wp-json\/wp\/v2\/pages\/19154\/revisions"}],"predecessor-version":[{"id":80641,"href":"https:\/\/www.sisinternational.com\/es\/wp-json\/wp\/v2\/pages\/19154\/revisions\/80641"}],"up":[{"embeddable":true,"href":"https:\/\/www.sisinternational.com\/es\/wp-json\/wp\/v2\/pages\/15106"}],"wp:featuredmedia":[{"embeddable":true,"href":"https:\/\/www.sisinternational.com\/es\/wp-json\/wp\/v2\/media\/69135"}],"wp:attachment":[{"href":"https:\/\/www.sisinternational.com\/es\/wp-json\/wp\/v2\/media?parent=19154"}],"curies":[{"name":"wp","href":"https:\/\/api.w.org\/{rel}","templated":true}]}}