{"id":19150,"date":"2015-10-25T18:45:27","date_gmt":"2015-10-25T18:45:27","guid":{"rendered":"https:\/\/www.sisinternational.com\/?page_id=19150"},"modified":"2026-03-05T23:41:27","modified_gmt":"2026-03-06T04:41:27","slug":"empresa-de-investigacion-de-mercados-b2b","status":"publish","type":"page","link":"https:\/\/www.sisinternational.com\/es\/soluciones\/investigacion-de-mercado-b2b\/empresa-de-investigacion-de-mercados-b2b\/","title":{"rendered":"La mejor empresa de investigaci\u00f3n de mercados B2B"},"content":{"rendered":"<h1 class=\"wp-block-heading\">La mejor empresa de investigaci\u00f3n de mercados B2B<\/h1>\n\n\n\n<p><\/p>\n\n\n\n<figure class=\"gb-block-image gb-block-image-a61a8d9b\"><img loading=\"lazy\" decoding=\"async\" width=\"1456\" height=\"816\" class=\"gb-image gb-image-a61a8d9b\" src=\"https:\/\/www.sisinternational.com\/wp-content\/uploads\/2025\/08\/B2Bjpg-4.jpg\" alt=\"Investigaci\u00f3n y estrategia de mercado internacional de SIS\" title=\"B2Bjpg (4)\" srcset=\"https:\/\/www.sisinternational.com\/wp-content\/uploads\/2025\/08\/B2Bjpg-4.jpg 1456w, https:\/\/www.sisinternational.com\/wp-content\/uploads\/2025\/08\/B2Bjpg-4-300x168.jpg 300w, https:\/\/www.sisinternational.com\/wp-content\/uploads\/2025\/08\/B2Bjpg-4-1024x574.jpg 1024w, https:\/\/www.sisinternational.com\/wp-content\/uploads\/2025\/08\/B2Bjpg-4-768x430.jpg 768w, https:\/\/www.sisinternational.com\/wp-content\/uploads\/2025\/08\/B2Bjpg-4-18x10.jpg 18w\" sizes=\"auto, (max-width: 1456px) 100vw, 1456px\"><\/figure>\n\n\n\n<hr class=\"wp-block-separator has-alpha-channel-opacity is-style-dots\"\/>\n\n\n\n<h3 class=\"wp-block-heading\"><span style=\"font-weight: 400;\">Toda gran decisi\u00f3n empresarial comienza con la informaci\u00f3n correcta, y eso es exactamente lo que ofrece una empresa l\u00edder en investigaci\u00f3n de mercados B2B.<\/span><\/h3>\n\n\n\n<p><span style=\"font-weight: 400;\">Una empresa l\u00edder en investigaci\u00f3n de mercados B2B cierra la brecha entre los datos y la acci\u00f3n, garantizando que sus decisiones se alineen con las demandas del mercado. Desde la exploraci\u00f3n de las preferencias de los clientes hasta el an\u00e1lisis de las tendencias de la industria, estas empresas dotan a las empresas de los conocimientos necesarios para impulsar el crecimiento, reducir los riesgos y lograr el \u00e9xito a largo plazo.<\/span><\/p>\n\n\n\n<h2 class=\"wp-block-heading\"><strong>\u00bfQu\u00e9 es una empresa de investigaci\u00f3n de mercados B2B l\u00edder?<\/strong><\/h2>\n\n\n\n<p><span style=\"font-weight: 400;\">A top B2B market research company delivers key insights and data-driven strategies tailored to the unique needs of business-to-business markets. These <a href=\"https:\/\/www.sisinternational.com\/es\/la-principal-empresa-de-prevision-de-tendencias-de-la-industria-b2b\/\" title=\"Principal empresa de previsi\u00f3n de tendencias de la industria B2B\"  data-wpil-monitor-id=\"1634\">companies conduct in-depth analyses to uncover trends<\/a>, identify opportunities, and address challenges within specific industries. Their services include gathering qualitative and quantitative data through surveys, focus groups, interviews, and data analytics.&nbsp;<\/span><\/p>\n\n\n\n<p><span style=\"font-weight: 400;\">For instance, a top <a class=\"wpil_keyword_link\" href=\"https:\/\/www.sisinternational.com\/es\/soluciones\/investigacion-de-mercado-b2b\/\"   title=\"Investigaci\u00f3n de mercados B2B\" data-wpil-keyword-link=\"linked\"  data-wpil-monitor-id=\"785\">Investigaci\u00f3n de mercado B2B<\/a> company might help a logistics firm analyze regional demand for supply chain solutions or assist a software company in understanding the needs of enterprise clients for a new SaaS product.&nbsp;<\/span><\/p>\n\n\n\n<h2 class=\"wp-block-heading\"><strong>\u00bfPor qu\u00e9 las empresas necesitan una empresa de investigaci\u00f3n de mercados B2B?<\/strong><\/h2>\n\n\n\n<p><\/p>\n\n\n\n<figure class=\"gb-block-image gb-block-image-f8cab8e1\"><img loading=\"lazy\" decoding=\"async\" width=\"1456\" height=\"816\" class=\"gb-image gb-image-f8cab8e1\" src=\"https:\/\/www.sisinternational.com\/wp-content\/uploads\/2025\/08\/B2B-2-4.jpg\" alt=\"Investigaci\u00f3n y estrategia de mercado internacional de SIS\" title=\"B2B 2 (4)\" srcset=\"https:\/\/www.sisinternational.com\/wp-content\/uploads\/2025\/08\/B2B-2-4.jpg 1456w, https:\/\/www.sisinternational.com\/wp-content\/uploads\/2025\/08\/B2B-2-4-300x168.jpg 300w, https:\/\/www.sisinternational.com\/wp-content\/uploads\/2025\/08\/B2B-2-4-1024x574.jpg 1024w, https:\/\/www.sisinternational.com\/wp-content\/uploads\/2025\/08\/B2B-2-4-768x430.jpg 768w, https:\/\/www.sisinternational.com\/wp-content\/uploads\/2025\/08\/B2B-2-4-18x10.jpg 18w\" sizes=\"auto, (max-width: 1456px) 100vw, 1456px\"><\/figure>\n\n\n\n<p><\/p>\n\n\n\n<p><span style=\"font-weight: 400;\"><a href=\"https:\/\/www.sisinternational.com\/es\/soluciones\/investigacion-de-mercado-b2b\/mejores-practicas-para-la-investigacion-de-mercados-b2b\/\" title=\"Mejores pr\u00e1cticas para la investigaci\u00f3n de mercados B2B\"  data-wpil-monitor-id=\"1790\">Investigaci\u00f3n de mercado B2B<\/a> firms provide the expertise and tools necessary to address these complexities, enabling organizations to make data-driven decisions and stay ahead in competitive industries. Here\u2019s why businesses need the support of a <a href=\"https:\/\/www.sisinternational.com\/es\/soluciones\/legal-market-research\/mock-jury-market-research-3\/\" title=\"La mejor empresa de investigaci\u00f3n de mercado de jurados simulados\"  data-wpil-monitor-id=\"912\">top B2B market research company<\/a>:<\/span><\/p>\n\n\n\n<h4 class=\"wp-block-heading\"><b>Comprender los ciclos de compra complejos<\/b><\/h4>\n\n\n\n<p><span style=\"font-weight: 400;\">Multiple stakeholders, longer sales cycles, and intricate approval processes typically influence B2B purchasing decisions. A <a href=\"https:\/\/www.sisinternational.com\/es\/empresa-lider-en-estrategias-de-marketing\/\" title=\"Empresa l\u00edder en estrategias de marketing\"  data-wpil-monitor-id=\"998\">top B2B market research company<\/a> helps businesses map out these decision-making journeys, uncovering critical factors influencing buyer behavior.&nbsp;<\/span><\/p>\n\n\n\n<h4 class=\"wp-block-heading\"><b>Identificar oportunidades de mercado<\/b><\/h4>\n\n\n\n<p><span style=\"font-weight: 400;\"><a href=\"https:\/\/www.sisinternational.com\/es\/la-principal-empresa-de-seguimiento-de-tendencias-del-mercado-b2b\/\" title=\"Principal empresa de monitoreo de tendencias del mercado B2B\"  data-wpil-monitor-id=\"1224\">B2B market research companies<\/a> conduct thorough market analyses to identify demand, assess competition, and evaluate entry barriers. This ensures businesses can confidently pursue growth opportunities while mitigating potential challenges.&nbsp;<\/span><\/p>\n\n\n\n<h4 class=\"wp-block-heading\"><b>Optimizaci\u00f3n de estrategias de marketing y ventas<\/b><\/h4>\n\n\n\n<p><span style=\"font-weight: 400;\">A <a href=\"https:\/\/www.sisinternational.com\/es\/investigacion-de-mercado-de-generacion-de-leads-b2b\/\" title=\"Investigaci\u00f3n de mercado de generaci\u00f3n de leads B2B\"  data-wpil-monitor-id=\"1339\">leading B2B market research<\/a> company helps businesses refine their messaging, identify the most effective marketing channels, and tailor their value propositions to resonate with target audiences.&nbsp;<\/span><\/p>\n\n\n\n<h4 class=\"wp-block-heading\"><b>Mejorar la retenci\u00f3n de clientes<\/b><\/h4>\n\n\n\n<p><span style=\"font-weight: 400;\">Understanding client pain points, satisfaction levels, and future needs is crucial for maintaining these relationships. A <a href=\"https:\/\/www.sisinternational.com\/es\/empresa-lider-mundial-en-investigacion-cualitativa\/\" title=\"Empresa l\u00edder mundial en investigaci\u00f3n cualitativa\"  data-wpil-monitor-id=\"1025\">top B2B market research company<\/a> conducts customer satisfaction studies and retention analyses to help businesses strengthen their client base.<\/span><\/p>\n\n\n\n<h2 class=\"wp-block-heading\"><strong>Oportunidades en la investigaci\u00f3n de mercados B2B<\/strong><\/h2>\n\n\n\n<p><span style=\"font-weight: 400;\">The evolving business landscape presents several opportunities for <a href=\"https:\/\/www.sisinternational.com\/es\/la-principal-empresa-de-generacion-de-demanda-b2b\/\" title=\"Principal empresa de generaci\u00f3n de demanda B2B\"  data-wpil-monitor-id=\"1393\">companies<\/a> to leverage the insights of a B2B market research company. Below are some critical opportunities for businesses to explore through <a href=\"https:\/\/www.sisinternational.com\/es\/soluciones\/investigacion-de-mercado-de-conocimiento-de-marca-b2b\/\" title=\"Estudio de mercado sobre la conciencia de marca B2B\"  data-wpil-monitor-id=\"2318\">Investigaci\u00f3n de mercado B2B<\/a>:<\/span><\/p>\n\n\n\n<h4 class=\"wp-block-heading\"><b>1. Expansi\u00f3n hacia mercados emergentes<\/b><\/h4>\n\n\n\n<p><span style=\"font-weight: 400;\">Rapid economic growth in Southeast Asia, Africa, and Latin America presents untapped opportunities. <a href=\"https:\/\/www.sisinternational.com\/es\/soluciones\/empresa-de-investigacion-de-mercado-comunitaria-en-linea-b2b\/\" title=\"Empresa de estudios de mercado de comunidades en l\u00ednea B2B\"  data-wpil-monitor-id=\"2378\">Investigaci\u00f3n de mercado B2B<\/a> can identify high-potential markets, cultural nuances, and local regulatory requirements, enabling businesses to tailor their strategies effectively.<\/span><\/p>\n\n\n\n<h4 class=\"wp-block-heading\"><b>2. Aprovechar la transformaci\u00f3n digital<\/b><\/h4>\n\n\n\n<p><span style=\"font-weight: 400;\"><a href=\"https:\/\/www.sisinternational.com\/es\/la-mejor-empresa-con-estrategia-de-salida-al-mercado-b2b\/\" title=\"La mejor empresa de estrategia de salida al mercado B2B\"  data-wpil-monitor-id=\"1367\">Companies can use B2B market<\/a> research to assess how AI, machine learning, and blockchain impact their markets, helping them integrate these innovations to enhance operations and customer experiences.<\/span><\/p>\n\n\n\n<h4 class=\"wp-block-heading\"><b>3. Alineaci\u00f3n entre ESG y sostenibilidad<\/b><\/h4>\n\n\n\n<p><span style=\"font-weight: 400;\">Con la creciente importancia de los criterios ambientales, sociales y de gobernanza (ESG), las empresas pueden posicionarse como l\u00edderes en materia de sostenibilidad. Esta investigaci\u00f3n de mercado ayuda a identificar las prioridades de los clientes en materia de pr\u00e1cticas ecol\u00f3gicas y cumplimiento normativo, lo que permite a las empresas alinear sus ofertas en consecuencia.<\/span><\/p>\n\n\n\n<h4 class=\"wp-block-heading\"><b>4. Personalizaci\u00f3n y personalizaci\u00f3n<\/b><\/h4>\n\n\n\n<p><span style=\"font-weight: 400;\">La investigaci\u00f3n de mercado proporciona informaci\u00f3n sobre las necesidades espec\u00edficas de los clientes, lo que permite a las empresas ofrecer productos, servicios y experiencias personalizados.<\/span><\/p>\n\n\n\n<h4 class=\"wp-block-heading\"><b>5. Innovaci\u00f3n en el desarrollo de productos y servicios<\/b><\/h4>\n\n\n\n<p><span style=\"font-weight: 400;\">A <a href=\"https:\/\/www.sisinternational.com\/es\/la-mejor-empresa-de-optimizacion-de-ventas-b2b\/\" title=\"Empresa l\u00edder en optimizaci\u00f3n de ventas B2B\"  data-wpil-monitor-id=\"1661\">B2B market research company<\/a> helps businesses identify unmet needs, test new ideas, and refine product offerings to resonate with their target audience.<\/span><\/p>\n\n\n\n<h3 class=\"wp-block-heading p12\"><b>Una muestra de nuestros clientes pasados y presentes<\/b><\/h3>\n\n\n\n<p><\/p>\n\n\n\n<figure class=\"gb-block-image gb-block-image-a0ad1b08\"><img loading=\"lazy\" decoding=\"async\" width=\"1456\" height=\"816\" class=\"gb-image gb-image-a0ad1b08\" src=\"https:\/\/www.sisinternational.com\/wp-content\/uploads\/2025\/08\/B2Bjpg-3.jpg\" alt=\"Investigaci\u00f3n y estrategia de mercado internacional de SIS\" title=\"B2Bjpg (3)\" srcset=\"https:\/\/www.sisinternational.com\/wp-content\/uploads\/2025\/08\/B2Bjpg-3.jpg 1456w, https:\/\/www.sisinternational.com\/wp-content\/uploads\/2025\/08\/B2Bjpg-3-300x168.jpg 300w, https:\/\/www.sisinternational.com\/wp-content\/uploads\/2025\/08\/B2Bjpg-3-1024x574.jpg 1024w, https:\/\/www.sisinternational.com\/wp-content\/uploads\/2025\/08\/B2Bjpg-3-768x430.jpg 768w, https:\/\/www.sisinternational.com\/wp-content\/uploads\/2025\/08\/B2Bjpg-3-18x10.jpg 18w\" sizes=\"auto, (max-width: 1456px) 100vw, 1456px\"><\/figure>\n\n\n\n<p><\/p>\n\n\n\n<ul class=\"wp-block-list\">\n<li>Materiales de control de tr\u00e1fico de 3M<\/li>\n\n\n\n<li>Acer<\/li>\n\n\n\n<li>Compa\u00f1\u00eda del alfabeto<\/li>\n\n\n\n<li>amway<\/li>\n\n\n\n<li>Manzana<\/li>\n\n\n\n<li>Materiales aplicados<\/li>\n\n\n\n<li>AT&amp;T<\/li>\n\n\n\n<li>Avery Dennison<\/li>\n\n\n\n<li>Bain &amp; Co.<\/li>\n\n\n\n<li>campana sur<\/li>\n\n\n\n<li>Bellcore<\/li>\n\n\n\n<li>Brady Corp.<\/li>\n\n\n\n<li>cisco<\/li>\n\n\n\n<li>Asociaci\u00f3n de fabricantes de cierres<\/li>\n\n\n\n<li>Conectar Teleservicios, LLC<\/li>\n\n\n\n<li>Soluciones de monitorizaci\u00f3n y respiraci\u00f3n de Covidien<\/li>\n\n\n\n<li>continuo<\/li>\n\n\n\n<li>Cummins<\/li>\n\n\n\n<li>Daimler<\/li>\n\n\n\n<li>Corporaci\u00f3n de equipos digitales<\/li>\n\n\n\n<li>Palanca diversa<\/li>\n\n\n\n<li>dremel<\/li>\n\n\n\n<li>Kodak<\/li>\n\n\n\n<li>EC21<\/li>\n\n\n\n<li>Sistemas de datos electr\u00f3nicos<\/li>\n\n\n\n<li>Elfo Aquitania<\/li>\n\n\n\n<li>Exxon-Mobil<\/li>\n\n\n\n<li>Fasson \u2013 Divisi\u00f3n Roll<\/li>\n\n\n\n<li>Cinco Doce Grupo<\/li>\n\n\n\n<li>Fleishman Hillard<\/li>\n\n\n\n<li>Compania de motores ford<\/li>\n\n\n\n<li>genecor<\/li>\n\n\n\n<li>Energia General<\/li>\n\n\n\n<li>Motores generales<\/li>\n\n\n\n<li>Grainger<\/li>\n\n\n\n<li>Servicios de informaci\u00f3n GTE<\/li>\n\n\n\n<li>Hewlett Packard<\/li>\n\n\n\n<li>colina-rom<\/li>\n\n\n\n<li>IBM<\/li>\n\n\n\n<li>Erador en el fregadero<\/li>\n\n\n\n<li>itvasline<\/li>\n\n\n\n<li>Johnson controla<\/li>\n\n\n\n<li>Kohler<\/li>\n\n\n\n<li>Milliken y compa\u00f1\u00eda<\/li>\n\n\n\n<li>Motorola<\/li>\n\n\n\n<li>MTS<\/li>\n\n\n\n<li>Nicholson Kovac, Inc.<\/li>\n\n\n\n<li>Nikkei<\/li>\n\n\n\n<li>Nissan<\/li>\n\n\n\n<li>nokia<\/li>\n\n\n\n<li>Nortel<\/li>\n\n\n\n<li>Campana del Pac\u00edfico<\/li>\n\n\n\n<li>Parsons Brinckerhoff<\/li>\n\n\n\n<li>Pitney Bowes<\/li>\n\n\n\n<li>Pohl-Boskamp<\/li>\n\n\n\n<li>Corporaci\u00f3n Polaroid<\/li>\n\n\n\n<li>Electricidad Reliance<\/li>\n\n\n\n<li>Gr\u00e1ficos Rexam<\/li>\n\n\n\n<li>Rinnai<\/li>\n\n\n\n<li>Samsung<\/li>\n\n\n\n<li>Cera SC Johnson<\/li>\n\n\n\n<li>Cierres Seaquist<\/li>\n\n\n\n<li>Corporaci\u00f3n Electr\u00f3nica Sensormatic<\/li>\n\n\n\n<li>Caparaz\u00f3n<\/li>\n\n\n\n<li>siemens<\/li>\n\n\n\n<li>Corporaci\u00f3n Simplex<\/li>\n\n\n\n<li>Campana del suroeste<\/li>\n\n\n\n<li>Springer-Verlag<\/li>\n\n\n\n<li>obras de stanley<\/li>\n\n\n\n<li>Caja de acero<\/li>\n\n\n\n<li>Banco de datos Teikoku Am\u00e9rica<\/li>\n\n\n\n<li>Editorial Tom\u00e1s<\/li>\n\n\n\n<li>toyota<\/li>\n\n\n\n<li>Uni\u00f3n Pac\u00edfico<\/li>\n\n\n\n<li>Unisys<\/li>\n\n\n\n<li>Tecnolog\u00eda unida<\/li>\n\n\n\n<li>Volvo Norteam\u00e9rica Corp.<\/li>\n\n\n\n<li>WR Grace y compa\u00f1\u00eda<\/li>\n\n\n\n<li>Corporaci\u00f3n Whirlpool<\/li>\n\n\n\n<li>Wireluci\u00f3n<\/li>\n<\/ul>\n\n\n\n<h2 class=\"wp-block-heading\"><strong>\u00bfQu\u00e9 hace de SIS International una de las principales empresas de investigaci\u00f3n de mercados B2B?<\/strong><\/h2>\n\n\n\n<p><a href=\"https:\/\/www.linkedin.com\/company\/sisinternationalresearch\/\" target=\"_blank\" rel=\"noopener\"><span style=\"font-weight: 400;\">SIS Internacional<\/span><\/a><span style=\"font-weight: 400;\"> Ofrece informaci\u00f3n de alta calidad y estrategias pr\u00e1cticas a empresas de diversas industrias. Con una trayectoria de \u00e9xito comprobada, la empresa combina una gran experiencia, metodolog\u00edas innovadoras y un enfoque centrado en el cliente para ayudar a las organizaciones a tomar decisiones basadas en datos.<\/span><\/p>\n\n\n\n<p><b>Experiencia integral en el mercado<\/b><b><br><\/b><b><br><\/b><a href=\"https:\/\/twitter.com\/SISIntlResearch\" target=\"_blank\" rel=\"noopener\"><span style=\"font-weight: 400;\">SIS<\/span><\/a><span style=\"font-weight: 400;\"> se especializa en mercados B2B y ofrece conocimientos incomparables sobre industrias complejas como la tecnolog\u00eda, la atenci\u00f3n m\u00e9dica, la fabricaci\u00f3n y los servicios financieros. Nuestro equipo de expertos aporta a\u00f1os de experiencia y una comprensi\u00f3n matizada de los desaf\u00edos espec\u00edficos de la industria.<\/span><\/p>\n\n\n\n<p><b>Alcance global con experiencia local<\/b><b><br><\/b><b><br><\/b><span style=\"font-weight: 400;\">We provide businesses with a global perspective and localized insights. It ensures clients receive strategies tailored to their specific markets, whether they\u2019re navigating regional regulations or cultural dynamics.<\/span><\/p>\n\n\n\n<p><b>M\u00e9todos de investigaci\u00f3n innovadores<\/b><b><br><\/b><b><br><\/b><a href=\"https:\/\/medium.com\/@sisinternational\/sis-international-c17160da8fac\" target=\"_blank\" rel=\"noopener\"><span style=\"font-weight: 400;\">SIS<\/span><\/a><span style=\"font-weight: 400;\"> Aprovecha metodolog\u00edas de vanguardia, que incluyen an\u00e1lisis de datos avanzados, modelos predictivos y herramientas digitales. La empresa ofrece informaci\u00f3n confiable y con visi\u00f3n de futuro mediante la integraci\u00f3n de t\u00e9cnicas de investigaci\u00f3n tradicionales y modernas.<\/span><\/p>\n\n\n\n<p><b>Compromiso con conocimientos pr\u00e1cticos<\/b><b><br><\/b><b><br><\/b><span style=\"font-weight: 400;\">Nuestro equipo va m\u00e1s all\u00e1 de la recopilaci\u00f3n de datos y transforma la informaci\u00f3n sin procesar en estrategias viables. Los clientes se benefician de recomendaciones claras y pr\u00e1cticas que se alinean con sus objetivos comerciales y generan resultados mensurables.<\/span><\/p>\n\n\n\n<p><b>Con la confianza de los l\u00edderes de la industria<\/b><b><br><\/b><b><br><\/b><span style=\"font-weight: 400;\">SIS International se ha asociado con empresas l\u00edderes de diferentes sectores y se ha ganado una reputaci\u00f3n de excelencia, confiabilidad y valor. Sus clientes conf\u00edan en la firma para obtener informaci\u00f3n que les permita tomar decisiones informadas y de impacto.<\/span><\/p>\n\n\n\n<h3 class=\"wp-block-heading\"><b>La ventaja internacional del SIS<\/b><\/h3>\n\n\n\n<p><span style=\"font-weight: 400;\">SIS International is more than just a research provider\u2014it\u2019s a strategic partner dedicated to helping businesses navigate complex markets and achieve sustainable growth. As a <a href=\"https:\/\/www.sisinternational.com\/es\/empresa-lider-mundial-en-investigacion-cuantitativa-de-mercados\/\" title=\"Empresa l\u00edder mundial en investigaci\u00f3n cuantitativa de mercados\" data-wpil-monitor-id=\"1047\">top B2B market research company<\/a>, SIS International combines expertise, innovation, and client-centricity to deliver unparalleled value.<\/span><\/p>\n\n\n\n<h2 class=\"wp-block-heading\">Nuestra ubicaci\u00f3n de instalaciones en Nueva York<\/h2>\n\n\n\n<p>\n\n\n\n<iframe loading=\"lazy\" src=\"https:\/\/www.google.com\/maps\/embed?pb=!1m18!1m12!1m3!1d3022.976188376966!2d-73.99130312499956!3d40.740549471389315!2m3!1f0!2f0!3f0!3m2!1i1024!2i768!4f13.1!3m3!1m2!1s0x89c259a15798c731%3A0xd695d09bdd495f25!2s11%20E%2022nd%20St%20FL%202%2C%20New%20York%2C%20NY%2010010%2C%20USA!5e0!3m2!1sen!2spe!4v1726171763526!5m2!1sen!2spe\" width=\"600\" height=\"450\" allowfullscreen=\"allowfullscreen\" data-mce-fragment=\"1\"><\/iframe>\n\n\n\n<\/p>\n\n\n\n<h3 class=\"wp-block-heading\">11 E 22nd Street, piso 2, Nueva York, NY 10010 T: +1(212) 505-6805<\/h3>\n\n\n\n<hr class=\"wp-block-separator has-alpha-channel-opacity\"\/>\n\n\n\n<h2 class=\"wp-block-heading\"><span style=\"font-weight: 400;\">Acerca de SIS Internacional<\/span><\/h2>\n\n\n\n<p><a href=\"https:\/\/www.sisinternational.com\/es\/\"><span style=\"font-weight: 400;\">SIS Internacional<\/span><\/a><span style=\"font-weight: 400;\"> ofrece investigaci\u00f3n cuantitativa, cualitativa y estrat\u00e9gica. Proporcionamos datos, herramientas, estrategias, informes y conocimientos para la toma de decisiones. Tambi\u00e9n realizamos entrevistas, encuestas, grupos focales y otros m\u00e9todos y enfoques de investigaci\u00f3n de mercado.<\/span><a href=\"https:\/\/www.sisinternational.com\/es\/sobre-la-investigacion-internacional-de-sis\/contact-sis-international-market-research\/\"><span style=\"font-weight: 400;\"> P\u00f3ngase en contacto con nosotros<\/span><\/a><span style=\"font-weight: 400;\"> para su pr\u00f3ximo proyecto de Investigaci\u00f3n de Mercado.<\/span><\/p>\n\n\n\n<p><\/p>","protected":false},"excerpt":{"rendered":"<p>Benef\u00edciese de nuestra experiencia global en la industria B2B.<\/p>","protected":false},"author":1,"featured_media":62382,"parent":11292,"menu_order":0,"comment_status":"closed","ping_status":"closed","template":"","meta":{"footnotes":""},"class_list":["post-19150","page","type-page","status-publish","has-post-thumbnail"],"_links":{"self":[{"href":"https:\/\/www.sisinternational.com\/es\/wp-json\/wp\/v2\/pages\/19150","targetHints":{"allow":["GET"]}}],"collection":[{"href":"https:\/\/www.sisinternational.com\/es\/wp-json\/wp\/v2\/pages"}],"about":[{"href":"https:\/\/www.sisinternational.com\/es\/wp-json\/wp\/v2\/types\/page"}],"author":[{"embeddable":true,"href":"https:\/\/www.sisinternational.com\/es\/wp-json\/wp\/v2\/users\/1"}],"replies":[{"embeddable":true,"href":"https:\/\/www.sisinternational.com\/es\/wp-json\/wp\/v2\/comments?post=19150"}],"version-history":[{"count":20,"href":"https:\/\/www.sisinternational.com\/es\/wp-json\/wp\/v2\/pages\/19150\/revisions"}],"predecessor-version":[{"id":76726,"href":"https:\/\/www.sisinternational.com\/es\/wp-json\/wp\/v2\/pages\/19150\/revisions\/76726"}],"up":[{"embeddable":true,"href":"https:\/\/www.sisinternational.com\/es\/wp-json\/wp\/v2\/pages\/11292"}],"wp:featuredmedia":[{"embeddable":true,"href":"https:\/\/www.sisinternational.com\/es\/wp-json\/wp\/v2\/media\/62382"}],"wp:attachment":[{"href":"https:\/\/www.sisinternational.com\/es\/wp-json\/wp\/v2\/media?parent=19150"}],"curies":[{"name":"wp","href":"https:\/\/api.w.org\/{rel}","templated":true}]}}