{"id":19141,"date":"2015-10-25T18:13:12","date_gmt":"2015-10-25T18:13:12","guid":{"rendered":"https:\/\/www.sisinternational.com\/?page_id=19141"},"modified":"2026-03-12T11:54:24","modified_gmt":"2026-03-12T15:54:24","slug":"curriculum-de-experiencia-en-la-industria-automotriz","status":"publish","type":"page","link":"https:\/\/www.sisinternational.com\/es\/pericia\/investigacion-de-mercado-automotriz\/curriculum-de-experiencia-en-la-industria-automotriz\/","title":{"rendered":"Empresa de investigaci\u00f3n de mercado de la industria automotriz"},"content":{"rendered":"<h1 class=\"wp-block-heading\">Experiencia en investigaci\u00f3n de mercado de la industria automotriz<\/h1>\n\n\n\n<p><\/p>\n\n\n\n<figure class=\"gb-block-image gb-block-image-bda5eeb9\"><img loading=\"lazy\" decoding=\"async\" width=\"1456\" height=\"816\" class=\"gb-image gb-image-bda5eeb9\" src=\"https:\/\/www.sisinternational.com\/wp-content\/uploads\/2025\/09\/Automotive-Market-Research-in-Europe-1.jpg\" alt=\"Investigaci\u00f3n y estrategia de mercado internacional de SIS\" title=\"Automotive Market Research in Europe (1)\" srcset=\"https:\/\/www.sisinternational.com\/wp-content\/uploads\/2025\/09\/Automotive-Market-Research-in-Europe-1.jpg 1456w, https:\/\/www.sisinternational.com\/wp-content\/uploads\/2025\/09\/Automotive-Market-Research-in-Europe-1-300x168.jpg 300w, https:\/\/www.sisinternational.com\/wp-content\/uploads\/2025\/09\/Automotive-Market-Research-in-Europe-1-1024x574.jpg 1024w, https:\/\/www.sisinternational.com\/wp-content\/uploads\/2025\/09\/Automotive-Market-Research-in-Europe-1-768x430.jpg 768w, https:\/\/www.sisinternational.com\/wp-content\/uploads\/2025\/09\/Automotive-Market-Research-in-Europe-1-18x10.jpg 18w\" sizes=\"auto, (max-width: 1456px) 100vw, 1456px\"><\/figure>\n\n\n\n<p><\/p>\n\n\n\n<h2 class=\"wp-block-heading\">Nuestra experiencia en investigaci\u00f3n de mercados en la industria automotriz<\/h2>\n\n\n\n<p><strong>SIS es una empresa l\u00edder en investigaci\u00f3n y estrategia del mercado automotriz mundial. Benef\u00edciese de nuestra experiencia en la Industria Automotriz.<\/strong><\/p>\n\n\n\n<ul class=\"wp-block-list\">\n<li>Se realiz\u00f3 un estudio cuantitativo y cualitativo sobre la opini\u00f3n de los consumidores sobre el precio del equipo y la necesidad de cada opci\u00f3n, precio esperado, preferencia e ideas para nuevas opciones\/caracter\u00edsticas.<\/li>\n\n\n\n<li>Realic\u00e9 estudios etnogr\u00e1ficos automotrices sobre ambientadores en Brasil y China.<\/li>\n\n\n\n<li>Realic\u00e9 una gran cl\u00ednica de autom\u00f3viles en la ciudad de Nueva York sobre la tecnolog\u00eda de sensores de estacionamiento.<\/li>\n\n\n\n<li>Conducted an in-depth <a href=\"https:\/\/www.sisinternational.com\/es\/soluciones\/grupos-de-enfoque\/grupos-de-discusion-en-nueva-york-para-probar-productos-para-personas-mayores\/\" title=\"Aprovechar los grupos de discusi\u00f3n de la ciudad de Nueva York para probar productos para personas mayores \u00a0\"  data-wpil-monitor-id=\"10537\">focus group and ethnographic study in NYC<\/a>, LA and Seattle among Generation Y about their attitudes towards a new car concept.<\/li>\n\n\n\n<li><a href=\"https:\/\/www.sisinternational.com\/es\/soluciones\/investigacion-de-mercado-de-grupo-focal\/como-realizar-un-grupo-focal\/\" title=\"C\u00f3mo realizar un grupo focal\"  data-wpil-monitor-id=\"10534\">Conducted focus groups<\/a> of very low-incidence car owners in the Los Angeles area<\/li>\n\n\n\n<li>Realic\u00e9 un estudio sobre compradores y no compradores de BMW para recopilar informaci\u00f3n sobre necesidades y preferencias.<\/li>\n\n\n\n<li>Realiz\u00f3 un estudio global sobre veh\u00edculos h\u00edbridos-el\u00e9ctricos (HEV), con especial \u00e9nfasis en Argentina, Brasil, Chile, M\u00e9xico, Australia y Nueva Zelanda.<\/li>\n\n\n\n<li><a href=\"https:\/\/www.sisinternational.com\/es\/how-to-conduct-effective-desk-research\/\" title=\"How to Conduct Effective Desk Research\"  data-wpil-monitor-id=\"10541\">Conducted advertising effectiveness research<\/a> and CAWI interviews in NYC among high income, low incidence European automobile drivers.<\/li>\n\n\n\n<li>Se llevaron a cabo grupos de discusi\u00f3n cualitativos sobre la experiencia de los concesionarios de autom\u00f3viles de lujo entre los propietarios de autom\u00f3viles de lujo.<\/li>\n\n\n\n<li>Realic\u00e9 un gran estudio automotriz de lujo y de baja incidencia (F2F, CATI) en Washington DC.<\/li>\n\n\n\n<li>Realic\u00e9 reclutamiento y trabajo de campo en una gran cl\u00ednica automotriz en Los \u00c1ngeles para un importante fabricante de autom\u00f3viles europeo.<\/li>\n\n\n\n<li>Realic\u00e9 una investigaci\u00f3n de diversos documentos de ventas desde la perspectiva del cliente de una empresa europea de autom\u00f3viles de lujo.<\/li>\n\n\n\n<li>Realic\u00e9 un estudio de la competencia sobre dos principales competidores OEM que son distribuidores de componentes automotrices.<\/li>\n\n\n\n<li>Conducted worldwide study of auto drives.&nbsp; Conducted focus groups in the following countries: Argentina, Brazil, France, Germany, Hong Kong, Italy, Japan, Malaysia, Netherlands, Norway, Puerto Rico, Singapore, Thailand, and the UK.<\/li>\n\n\n\n<li>Realic\u00e9 un Estudio de Inteligencia Empresarial para investigar la evaluaci\u00f3n competitiva de la segunda etapa de fabricaci\u00f3n de las corporaciones automotrices.<\/li>\n\n\n\n<li><a href=\"https:\/\/www.sisinternational.com\/es\/how-to-conduct-in-depth-interviews-for-market-insights\/\" title=\"C\u00f3mo realizar entrevistas exhaustivas para obtener informaci\u00f3n sobre el mercado\"  data-wpil-monitor-id=\"10530\">Conducted in-depth interviews<\/a> on new advertising slogans for a high-end car.<\/li>\n\n\n\n<li>Estudio de Imagen Publicitaria Corporativa en Estados Unidos para un gran Fabricante de Autom\u00f3viles Europeo.<\/li>\n\n\n\n<li>Estudio cualitativo para j\u00f3venes estadounidenses para estudios automotrices en EE. UU.<\/li>\n\n\n\n<li>Conducted study in Asia for the <a href=\"https:\/\/www.sisinternational.com\/es\/opinion-del-producto-conocimientos-culturales-entrada-al-mercado-de-asia-a-europa\/\" title=\"Investigaci\u00f3n de entrada al mercado automotriz | Caso de estudio\"  data-wpil-monitor-id=\"6669\">automotor<\/a> testing equipment market.<\/li>\n\n\n\n<li>Realic\u00e9 un programa publicitario de reconocimiento de imagen para un fabricante de autom\u00f3viles global.<\/li>\n\n\n\n<li>Evaluaci\u00f3n competitiva de una importante empresa automovil\u00edstica de Tailandia.<\/li>\n\n\n\n<li>Entrevistas cualitativas y en profundidad a usuarios de nuevos modelos de SUV.<\/li>\n\n\n\n<li>Tendencias de compra identificadas y preferencias de autom\u00f3viles de los consumidores solteros en EE. UU.<\/li>\n\n\n\n<li>Estudio realizado para analizar las condiciones actuales de estacionamiento de espacios individuales, lotes municipales y munimetros en la ciudad de Nueva York.<\/li>\n\n\n\n<li>Realic\u00e9 un trabajo de campo en profundidad de baja incidencia sobre la satisfacci\u00f3n del servicio automotriz a trav\u00e9s de un estudio CATI en profundidad.<\/li>\n\n\n\n<li>Estudio realizado sobre propietarios y concesionarios de autom\u00f3viles. El alcance de este estudio fue examinar las experiencias, comportamientos y niveles generales de satisfacci\u00f3n de los compradores y concesionarios de autom\u00f3viles con respecto a la financiaci\u00f3n de pr\u00e9stamos para autom\u00f3viles.<\/li>\n\n\n\n<li>Realic\u00e9 entrevistas in situ en el sal\u00f3n del autom\u00f3vil de Nueva York para establecer comentarios sobre los intereses de la marca para la planificaci\u00f3n futura.<\/li>\n\n\n\n<li>Realic\u00e9 grupos focales y visitas domiciliarias para obtener informaci\u00f3n sobre el papel de un autom\u00f3vil en el hogar, los perfiles de los clientes y el proceso de compra y decisi\u00f3n.<\/li>\n\n\n\n<li>Conducted focus <a href=\"https:\/\/www.sisinternational.com\/es\/pericia\/industrias\/investigacion-de-mercado-de-grupos-focales-en-automocion\/\" title=\"Investigaci\u00f3n de mercado de grupos focales automotrices\"  data-wpil-monitor-id=\"10536\">groups in the consumer and automotive<\/a> industry with focus in the tires category regarding emotional values linked to functional benefits.<\/li>\n\n\n\n<li>Realizaci\u00f3n de una encuesta online para analizar la actitud de los propietarios de autom\u00f3viles respecto de sus veh\u00edculos en Reino Unido, Alemania, Rusia y Australia.<\/li>\n\n\n\n<li>Consumer research (purchase decision, car strengths and weaknesses, image and brand perception) in New <a href=\"https:\/\/www.sisinternational.com\/es\/soluciones\/grupos-de-enfoque\/instalaciones-para-grupos-focales-en-nueva-york\/\" title=\"Instalaciones para grupos focales en la ciudad de Nueva York\"  data-wpil-monitor-id=\"10531\">York City using focus groups<\/a>.<\/li>\n\n\n\n<li>Pruebas de conceptos automotrices en China mediante entrevistas en profundidad.<\/li>\n\n\n\n<li>Cl\u00ednica de autom\u00f3viles en Estados Unidos para probar nuevos conceptos de autom\u00f3viles en el segmento de lujo.<\/li>\n\n\n\n<li>Realic\u00e9 un estudio de inteligencia de mercado sobre el mercado de ruedas de aluminio en Estados Unidos.<\/li>\n\n\n\n<li>Cre\u00e9 an\u00e1lisis de mercado del mercado de autos el\u00e9ctricos en las Am\u00e9ricas.<\/li>\n\n\n\n<li>Realizaci\u00f3n de pruebas de usabilidad de sensores de aparcamiento de coches de alquiler.<\/li>\n\n\n\n<li>Conducted study to gain insight in <a href=\"https:\/\/www.sisinternational.com\/es\/financial-services-consulting\/financial-services-customer-satisfaction\/\" title=\"Financial Services Customer Satisfaction\"  data-wpil-monitor-id=\"10539\">customer satisfaction with car repair services<\/a>.<\/li>\n\n\n\n<li>Realic\u00e9 entrevistas con concesionarios de autom\u00f3viles en Estados Unidos.<\/li>\n\n\n\n<li>Realizaci\u00f3n de grupos focales para propietarios\/clientes potenciales de motores Yamaha.<\/li>\n\n\n\n<li>Estudio realizado sobre concesionarios de autom\u00f3viles chinos<\/li>\n\n\n\n<li>Estudio de investigaci\u00f3n realizado para probar autom\u00f3viles y conceptos de autom\u00f3viles.<\/li>\n\n\n\n<li>Conducted a steering wheel report study in the US<\/li>\n\n\n\n<li>Conducted a <a href=\"https:\/\/www.sisinternational.com\/es\/pericia\/industrias\/estudio-de-mercado-de-vehiculos-electricos\/\" title=\"Investigaci\u00f3n de mercado de veh\u00edculos el\u00e9ctricos\"  data-wpil-monitor-id=\"10543\">research study regarding Electric Vehicles<\/a> in the US<\/li>\n\n\n\n<li>Se llev\u00f3 a cabo un estudio de investigaci\u00f3n comparativo sobre Volvo Penta.<\/li>\n\n\n\n<li>Se llev\u00f3 a cabo un estudio de investigaci\u00f3n sobre el motor Ford Gen IV.<\/li>\n\n\n\n<li>Conducted an online and telephone research for machines and small engines<\/li>\n\n\n\n<li>Realic\u00e9 una investigaci\u00f3n de usabilidad del sitio web para un importante fabricante de autom\u00f3viles.<\/li>\n<\/ul>\n\n\n\n<h3 class=\"wp-block-heading\"><b>Una muestra de nuestros clientes actuales y pasados<\/b><\/h3>\n\n\n\n<ul class=\"wp-block-list\">\n<li>Daimler<\/li>\n\n\n\n<li>Compania de motores ford<\/li>\n\n\n\n<li>Motores generales<\/li>\n\n\n\n<li>honda<\/li>\n\n\n\n<li>MINI<\/li>\n\n\n\n<li>MTS<\/li>\n\n\n\n<li>Nissan<\/li>\n\n\n\n<li>hyundai<\/li>\n\n\n\n<li>Jaguar<\/li>\n\n\n\n<li>Reforja<\/li>\n\n\n\n<li>Caparaz\u00f3n<\/li>\n\n\n\n<li>toyota<\/li>\n\n\n\n<li>Volvo Norteam\u00e9rica<\/li>\n\n\n\n<li>yamaha<\/li>\n\n\n\n<li>Red GMS<\/li>\n\n\n\n<li>Porche<\/li>\n\n\n\n<li>BMW<\/li>\n<\/ul>\n\n\n\n<h2 class=\"wp-block-heading\"><a href=\"https:\/\/www.sisinternational.com\/es\/about-sis\/contact-sis-international-market-research\/\">Cont\u00e1ctenos para su pr\u00f3ximo proyecto de Investigaci\u00f3n de Mercado Automotriz.<\/a><\/h2>\n\n\n\n<p><\/p>","protected":false},"excerpt":{"rendered":"<p>Benef\u00edciese de nuestra experiencia en la Industria Automotriz.<\/p>","protected":false},"author":1,"featured_media":66388,"parent":11155,"menu_order":2,"comment_status":"closed","ping_status":"closed","template":"","meta":{"footnotes":""},"class_list":["post-19141","page","type-page","status-publish","has-post-thumbnail"],"_links":{"self":[{"href":"https:\/\/www.sisinternational.com\/es\/wp-json\/wp\/v2\/pages\/19141","targetHints":{"allow":["GET"]}}],"collection":[{"href":"https:\/\/www.sisinternational.com\/es\/wp-json\/wp\/v2\/pages"}],"about":[{"href":"https:\/\/www.sisinternational.com\/es\/wp-json\/wp\/v2\/types\/page"}],"author":[{"embeddable":true,"href":"https:\/\/www.sisinternational.com\/es\/wp-json\/wp\/v2\/users\/1"}],"replies":[{"embeddable":true,"href":"https:\/\/www.sisinternational.com\/es\/wp-json\/wp\/v2\/comments?post=19141"}],"version-history":[{"count":5,"href":"https:\/\/www.sisinternational.com\/es\/wp-json\/wp\/v2\/pages\/19141\/revisions"}],"predecessor-version":[{"id":81731,"href":"https:\/\/www.sisinternational.com\/es\/wp-json\/wp\/v2\/pages\/19141\/revisions\/81731"}],"up":[{"embeddable":true,"href":"https:\/\/www.sisinternational.com\/es\/wp-json\/wp\/v2\/pages\/11155"}],"wp:featuredmedia":[{"embeddable":true,"href":"https:\/\/www.sisinternational.com\/es\/wp-json\/wp\/v2\/media\/66388"}],"wp:attachment":[{"href":"https:\/\/www.sisinternational.com\/es\/wp-json\/wp\/v2\/media?parent=19141"}],"curies":[{"name":"wp","href":"https:\/\/api.w.org\/{rel}","templated":true}]}}