{"id":18880,"date":"2015-09-19T21:12:32","date_gmt":"2015-09-19T21:12:32","guid":{"rendered":"https:\/\/www.sisinternational.com\/?page_id=18880"},"modified":"2025-09-16T17:58:52","modified_gmt":"2025-09-16T21:58:52","slug":"talleres-de-ideacion","status":"publish","type":"page","link":"https:\/\/www.sisinternational.com\/es\/soluciones\/innovacion\/talleres-de-ideacion\/","title":{"rendered":"Investigaci\u00f3n de ideaci\u00f3n"},"content":{"rendered":"<h1 class=\"wp-block-heading\">Investigaci\u00f3n de ideaci\u00f3n<\/h1>\n\n\n\n<p><\/p>\n\n\n\n<figure class=\"gb-block-image gb-block-image-59b8f966\"><img loading=\"lazy\" decoding=\"async\" width=\"1456\" height=\"816\" class=\"gb-image gb-image-59b8f966\" src=\"https:\/\/www.sisinternational.com\/wp-content\/uploads\/2025\/08\/Desk-research-3.jpg\" alt=\"Investigaci\u00f3n y estrategia de mercado internacional de SIS\" title=\"Desk research (3)\" srcset=\"https:\/\/www.sisinternational.com\/wp-content\/uploads\/2025\/08\/Desk-research-3.jpg 1456w, https:\/\/www.sisinternational.com\/wp-content\/uploads\/2025\/08\/Desk-research-3-300x168.jpg 300w, https:\/\/www.sisinternational.com\/wp-content\/uploads\/2025\/08\/Desk-research-3-1024x574.jpg 1024w, https:\/\/www.sisinternational.com\/wp-content\/uploads\/2025\/08\/Desk-research-3-768x430.jpg 768w, https:\/\/www.sisinternational.com\/wp-content\/uploads\/2025\/08\/Desk-research-3-18x10.jpg 18w\" sizes=\"auto, (max-width: 1456px) 100vw, 1456px\"><\/figure>\n\n\n\n<p><\/p>\n\n\n\n<h2 class=\"wp-block-heading p1\"><span class=\"s1\">\u00bfQu\u00e9 es la ideaci\u00f3n?<\/span><\/h2>\n\n\n\n<p class=\"p2\"><span class=\"s1\">Tanto en el mercado de consumo como en el B2B, el objetivo de la ideaci\u00f3n (o del proceso de ideaci\u00f3n) no es s\u00f3lo generar ideas. M\u00e1s bien, deber\u00eda centrarse en c\u00f3mo satisfacer mejor cualquier <\/span><span class=\"s2\">unmet&nbsp;needs of your <span class=\"s3\">clientes<\/span><\/span><span class=\"s4\">.<\/span><span class=\"s1\">&nbsp; Un taller de ideaci\u00f3n implica un proceso creativo para abordar este desaf\u00edo. En muchos aspectos es similar a lo que se suele llamar una sesi\u00f3n de lluvia de ideas. Idealmente, conduce al desarrollo de nuevos productos o extensiones de l\u00ednea mejorados o previamente inimaginables.<\/span><\/p>\n\n\n\n<p>Mercado <a href=\"https:\/\/www.sisinternational.com\/es\/pericia\/curriculums-de-experiencia\/curriculum-vitae-de-experiencia-en-bienes-de-consumo-y-envasados\/\" title=\"Investigaci\u00f3n de mercado de bienes de consumo y envasados\"  data-wpil-monitor-id=\"8534\">investigaci\u00f3n<\/a> can be used as a preliminary step to learn what consumers need or desire to do easier, faster, cheaper, or more effectively. Personal interviews, focus groups, <a href=\"https:\/\/www.sisinternational.com\/es\/soluciones\/empresa-de-investigacion-de-mercado-de-muestreo-de-encuestas-en-linea\/\" title=\"Empresa de estudios de mercado de muestreo de encuestas en l\u00ednea\"  data-wpil-monitor-id=\"8532\">online or telephone surveys<\/a> are just a few methods that can help to uncover some of these needs. The gist of the questions would revolve around \u201cwhat else would you like\u2026?\u201d<\/p>\n\n\n\n<h2 class=\"wp-block-heading p1\"><span class=\"s1\">\u00bfC\u00f3mo se lleva a cabo un taller de ideaci\u00f3n?<\/span><\/h2>\n\n\n\n<p class=\"p1\"><span class=\"s1\">Una de las primeras tareas es encontrar un moderador calificado, casi siempre un profesional ajeno a su empresa que tenga experiencia en la realizaci\u00f3n de este tipo de ejercicios. A continuaci\u00f3n, para obtener la retroalimentaci\u00f3n m\u00e1s amplia posible, se debe invitar a participar a entre 8 y 12 miembros dentro de su organizaci\u00f3n. Deben poseer una diversidad de rasgos o caracter\u00edsticas, por ejemplo, g\u00e9nero, grupo de edad, nivel gerencial, funci\u00f3n laboral. En el taller, todos los individuos y sus ideas deben ser tratados por igual, <\/span><span style=\"text-decoration: underline;\"><span class=\"s2\">sin juicio ni prejuicios<\/span><\/span><span class=\"s1\">. Es posible que los participantes no se conozcan entre s\u00ed y, excepto por sus nombres, no necesitan ninguna identificaci\u00f3n adicional.<\/span><\/p>\n\n\n\n<ul class=\"wp-block-list\">\n<li><span class=\"s1\">Hay una serie de \u201cpruebas\u201d de personalidad de uso com\u00fan que ayudan a ubicar a las personas en ciertas categor\u00edas. Myers-Briggs, por ejemplo, formula una serie de preguntas tras las cuales se asigna a las personas uno de los 16 tipos de personalidad, algunos de los cuales pueden ser m\u00e1s introvertidos, extrovertidos, intuitivos, anal\u00edticos o creativos. <\/span><\/li>\n<\/ul>\n\n\n\n<p class=\"p1\"><span class=\"s1\">Se pueden establecer reglas o restricciones para obligar a las personas a pensar de maneras nuevas y diferentes. Por ejemplo:<\/span><\/p>\n\n\n\n<ul class=\"wp-block-list\">\n<li><span class=\"s1\">Debido a la escasez o al aumento de precios, \u00bfqu\u00e9 pasar\u00eda si no pudiera utilizar ciertos ingredientes o materiales para producir un producto? <\/span><\/li>\n\n\n\n<li><span class=\"s1\">\u00bfC\u00f3mo podr\u00edas completar una tarea en la mitad de tiempo o por la mitad de costo? <\/span><\/li>\n\n\n\n<li><span class=\"s1\">How would a <a href=\"https:\/\/www.sisinternational.com\/es\/pericia\/curriculums-de-experiencia\/curriculum-de-experiencia-en-la-industria-automotriz\/\" title=\"Empresa de investigaci\u00f3n de mercado de la industria automotriz\"  data-wpil-monitor-id=\"8535\">company in another industry<\/a> address the problem?<\/span><\/li>\n<\/ul>\n\n\n\n<p><span class=\"s1\">El l\u00edder de la sesi\u00f3n normalmente tendr\u00e1 ciertos elementos disponibles en la sala de reuniones:<\/span><\/p>\n\n\n\n<ul class=\"wp-block-list\">\n<li><span class=\"s1\">Post it notas de diferentes colores y tama\u00f1os.<\/span><\/li>\n\n\n\n<li><span class=\"s1\">Rotafolios<\/span><\/li>\n\n\n\n<li><span class=\"s1\">Pizarras blancas<\/span><\/li>\n\n\n\n<li><span class=\"s1\">Marcadores de diferentes colores.<\/span><\/li>\n\n\n\n<li><span class=\"s1\">Juguetes, objetos o juegos para reducir la tensi\u00f3n, crear una atm\u00f3sfera divertida y estimular el pensamiento innovador.<\/span><\/li>\n<\/ul>\n\n\n\n<p class=\"p1\"><span class=\"s1\">Participants may be asked to co-create or create drawings or simple sketches and place them around the room for others to see and react to. This co-creation dives deep below the surface to uncover intuitive insight.&nbsp; Diagrams may be used to connect and rearrange words, pictures, ideas and concepts. It is important to hear from everyone in an environment where there are no wrong answers or statements.<b> <\/b><\/span><\/p>\n\n\n\n<p class=\"p1\"><\/p>\n\n\n\n<h2 class=\"wp-block-heading p1\"><span class=\"s1\">\u00bfCu\u00e1les son los beneficios de un taller de ideaci\u00f3n?<\/span><\/h2>\n\n\n\n<p class=\"p1\"><span class=\"s1\">En alg\u00fan momento, normalmente entre una hora y 90 minutos, habr\u00e1n surgido muchas ideas y el ritmo de otras nuevas disminuir\u00e1. Deber\u00eda ser posible agruparlos, discutirlos y luego evaluarlos y clasificarlos de acuerdo con criterios acordados internamente (por ejemplo, resuelve un problema de usuario com\u00fan, es factible y puede producirse dentro de un l\u00edmite de tiempo o costo razonable). <\/span><\/p>\n\n\n\n<p class=\"p1\"><span class=\"s1\">Since the goal is to fulfill unmet customer needs and desires, there is really no limit to how many options should be pursued. But from a practical point of view, perhaps just a handful should be further explored in terms of resources required and potential <a href=\"https:\/\/www.sisinternational.com\/es\/retorno-de-la-inversion-en-investigacion-de-mercado\/\" title=\"Retorno de la inversi\u00f3n en investigaci\u00f3n de mercado\"  data-wpil-monitor-id=\"8536\">return on investment<\/a>.<\/span><\/p>\n\n\n\n<p class=\"p1\"><span class=\"s1\">Ultimately, terrific ideas for innovative new products or <a href=\"https:\/\/www.sisinternational.com\/es\/soluciones\/investigacion-de-consultoria-estrategica-fintech\/consultoria-de-adquisicion-de-clientes-de-servicios-financieros\/\" title=\"Consultor\u00eda de adquisici\u00f3n de clientes de servicios financieros\"  data-wpil-monitor-id=\"8533\">services that solve problems for your customers<\/a> will be the outcome.<\/span><\/p>\n\n\n\n<p><\/p>","protected":false},"excerpt":{"rendered":"<p>Ideaci\u00f3n La investigaci\u00f3n conduce al desarrollo de nuevos productos mejorados e inimaginables. Los participantes brindan informaci\u00f3n de vanguardia.<\/p>","protected":false},"author":1,"featured_media":62800,"parent":14459,"menu_order":1,"comment_status":"open","ping_status":"open","template":"","meta":{"footnotes":""},"class_list":["post-18880","page","type-page","status-publish","has-post-thumbnail"],"_links":{"self":[{"href":"https:\/\/www.sisinternational.com\/es\/wp-json\/wp\/v2\/pages\/18880","targetHints":{"allow":["GET"]}}],"collection":[{"href":"https:\/\/www.sisinternational.com\/es\/wp-json\/wp\/v2\/pages"}],"about":[{"href":"https:\/\/www.sisinternational.com\/es\/wp-json\/wp\/v2\/types\/page"}],"author":[{"embeddable":true,"href":"https:\/\/www.sisinternational.com\/es\/wp-json\/wp\/v2\/users\/1"}],"replies":[{"embeddable":true,"href":"https:\/\/www.sisinternational.com\/es\/wp-json\/wp\/v2\/comments?post=18880"}],"version-history":[{"count":5,"href":"https:\/\/www.sisinternational.com\/es\/wp-json\/wp\/v2\/pages\/18880\/revisions"}],"predecessor-version":[{"id":81431,"href":"https:\/\/www.sisinternational.com\/es\/wp-json\/wp\/v2\/pages\/18880\/revisions\/81431"}],"up":[{"embeddable":true,"href":"https:\/\/www.sisinternational.com\/es\/wp-json\/wp\/v2\/pages\/14459"}],"wp:featuredmedia":[{"embeddable":true,"href":"https:\/\/www.sisinternational.com\/es\/wp-json\/wp\/v2\/media\/62800"}],"wp:attachment":[{"href":"https:\/\/www.sisinternational.com\/es\/wp-json\/wp\/v2\/media?parent=18880"}],"curies":[{"name":"wp","href":"https:\/\/api.w.org\/{rel}","templated":true}]}}