{"id":18870,"date":"2015-09-19T20:06:45","date_gmt":"2015-09-19T20:06:45","guid":{"rendered":"https:\/\/www.sisinternational.com\/?page_id=18870"},"modified":"2026-01-25T17:27:33","modified_gmt":"2026-01-25T22:27:33","slug":"reclutamiento","status":"publish","type":"page","link":"https:\/\/www.sisinternational.com\/es\/soluciones\/soluciones-de-investigacion-cualitativa-cuantitativa\/reclutamiento\/","title":{"rendered":"Reclutamiento de investigaci\u00f3n de mercado"},"content":{"rendered":"<h1 class=\"gb-headline gb-headline-4dbe8e8b gb-headline-text\">Reclutamiento de investigaci\u00f3n de mercado<\/h1>\n\n\n\n<figure class=\"gb-block-image gb-block-image-977e4577\"><img loading=\"lazy\" decoding=\"async\" width=\"1456\" height=\"816\" class=\"gb-image gb-image-977e4577\" src=\"https:\/\/www.sisinternational.com\/wp-content\/uploads\/2025\/08\/Interview-12.jpg\" srcset=\"https:\/\/www.sisinternational.com\/wp-content\/uploads\/2025\/08\/Interview-12.jpg 1456w, https:\/\/www.sisinternational.com\/wp-content\/uploads\/2025\/08\/Interview-12-300x168.jpg 300w, https:\/\/www.sisinternational.com\/wp-content\/uploads\/2025\/08\/Interview-12-1024x574.jpg 1024w, https:\/\/www.sisinternational.com\/wp-content\/uploads\/2025\/08\/Interview-12-768x430.jpg 768w, https:\/\/www.sisinternational.com\/wp-content\/uploads\/2025\/08\/Interview-12-18x10.jpg 18w\" sizes=\"auto, (max-width: 1456px) 100vw, 1456px\" alt=\"Investigaci\u00f3n y estrategia de mercado internacional de SIS\"><\/figure>\n\n\n\n<hr class=\"wp-block-separator has-alpha-channel-opacity is-style-dots\"\/>\n\n\n\n<h2 class=\"wp-block-heading p1\"><span class=\"s1\">\u00bfQu\u00e9 es el reclutamiento de investigadores de mercado?<\/span><\/h2>\n\n\n\n<p class=\"p1\"><span class=\"s1\">El reclutamiento es uno de los pasos m\u00e1s importantes y sorprendentemente dif\u00edciles al realizar la mayor\u00eda de las investigaciones de mercado cualitativas (y muchas cuantitativas). Es una tarea desafiante y que requiere mucho tiempo y requiere que uno <\/span><span class=\"s2\">identificar, contactar y atraer<\/span><span class=\"s1\"> las personas adecuadas para participar en un estudio. Sin la cooperaci\u00f3n de quienes son verdaderamente representativos del mercado objetivo, los resultados de un proyecto de investigaci\u00f3n tendr\u00e1n menos o ning\u00fan valor.<\/span><\/p>\n\n\n\n<h2 class=\"wp-block-heading p1\"><span class=\"s1\">\u00bfC\u00f3mo se lleva a cabo el reclutamiento?<\/span><\/h2>\n\n\n\n<p class=\"p2\"><span class=\"s1\">Not all recruiting is alike. Different approaches must be considered depending on the desired number of recruits, how quickly they need to be found, and the budget size<\/span><span class=\"s1\">. The following are some common ones.<\/span><\/p>\n\n\n\n<ul class=\"wp-block-list\">\n<li><span class=\"s1\"><b>Correos electr\u00f3nicos<\/b> can be sent to a purchased list, e.g. subscribers to a publication or <a class=\"wpil_keyword_link\" href=\"https:\/\/www.sisinternational.com\/es\/boletin-informativo\/\"   title=\"Suscr\u00edbete a nuestro bolet\u00edn\" data-wpil-keyword-link=\"linked\"  data-wpil-monitor-id=\"786\">Boletin informativo<\/a>, attendees of a trade show, or members of a professional organization. Individuals already have certain known and shared interests or profiles in all such cases. <\/span>\n<ul class=\"wp-block-list\">\n<li><span class=\"s1\">Se puede utilizar un subconjunto de una lista grande para realizar una prueba previa de una encuesta telef\u00f3nica o en l\u00ednea, o se puede dividir y utilizar para m\u00e1s de un proyecto sin necesidad de contactar a ninguna persona m\u00e1s de una vez.<\/span><\/li>\n<\/ul>\n<\/li>\n\n\n\n<li><span class=\"s2\"><b>Paneles en l\u00ednea<\/b> a<\/span><span class=\"s1\">lready have selected research participants who have agreed to provide information at specified intervals. Many <a href=\"https:\/\/www.sisinternational.com\/es\/confesiones-de-un-reclutador-de-hermanas\/\" title=\"Confesiones de un reclutador de investigaci\u00f3n de mercados\"  data-wpil-monitor-id=\"3640\">investigaci\u00f3n de mercado<\/a> firms utilize online panels to save time in recruiting for their clients\u2019 projects since such panels typically have huge numbers of members who have already been screened on basic demographics or psychographics.<\/span>\n<ul class=\"wp-block-list\">\n<li><span class=\"s1\">Companies that create online panels often act as intermediaries and send out surveys on your behalf, but they do not disclose the email or phone number of the panelist to you. This makes panels less useful for qualitative work. <\/span><\/li>\n<\/ul>\n<\/li>\n\n\n\n<li><span class=\"s1\"><b>Medios de comunicaci\u00f3n social<\/b><\/span>\n<ul class=\"wp-block-list\">\n<li><span class=\"s1\">Para fines de contrataci\u00f3n B2B, <\/span><span class=\"s3\">LinkedIn<\/span><span class=\"s1\"> has become a handy tool. Potential participants can be contacted after using parametric tools to hone in on members who meet certain screening criteria.<\/span><\/li>\n\n\n\n<li><span class=\"s1\">Similarmente, <\/span><span class=\"s3\">Facebook<\/span><span class=\"s1\"> can be used to find consumers whose profiles match the desired criteria for a study.<\/span><\/li>\n<\/ul>\n<\/li>\n\n\n\n<li><span class=\"s1\"><b>Publicidad <\/b>en una variedad de medios, desde impresos hasta en l\u00ednea, puede ser eficaz.<span class=\"Apple-converted-space\">&nbsp; <\/span>Al colocar un anuncio en un peri\u00f3dico, revista o sitio web en particular, es posible solicitar la participaci\u00f3n en ciertos tipos de estudios de investigaci\u00f3n de mercado; por ejemplo, personas con ocupaciones, enfermedades o situaciones de vida espec\u00edficas pueden aprender de esta manera sobre la necesidad de temas de investigaci\u00f3n.<\/span><\/li>\n\n\n\n<li><span class=\"s1\"><b>Marketing de motores de b\u00fasqueda<\/b> (por ejemplo, Google AdWords) proporciona una forma \u00fanica de reclutar personas en funci\u00f3n de las palabras clave que buscan. Por ejemplo,<\/span>\n<ul class=\"wp-block-list\">\n<li><span class=\"s1\">Las personas que buscan dermat\u00f3logos podr\u00edan ser los mejores candidatos para un estudio sobre lociones corporales, cremas, medicamentos, detecci\u00f3n de c\u00e1ncer o temas similares relacionados con el cuidado o los problemas de la piel.<\/span><\/li>\n\n\n\n<li><span class=\"s1\">Del mismo modo, las personas que ingresan un s\u00edmbolo burs\u00e1til en lugar del nombre de una acci\u00f3n o empresa en una b\u00fasqueda tienen m\u00e1s probabilidades de tener conocimientos y estar interesadas en servicios financieros y oportunidades de inversi\u00f3n. <\/span><\/li>\n<\/ul>\n<\/li>\n\n\n\n<li><span class=\"s1\"><b>Referencias,<\/b> or Word of Mouth (WOM) may be used to build a pool of participants. Of course,since there is the likelihood that friends, colleagues and family may have much in common, this can be either a positive or a negative depending upon the research objectives. If the goal is to find people with a shared background or set of \u201clikes\u201d, then this can be a good source of participants. If, on the other hand, the research seeks a more diverse population, this might be a less effective approach.<\/span><\/li>\n<\/ul>\n\n\n\n<h2 class=\"wp-block-heading p1\"><span class=\"s1\">Cu\u00e1ndo utilizar cada enfoque<\/span><\/h2>\n\n\n\n<figure class=\"gb-block-image gb-block-image-9df1ec17\"><img loading=\"lazy\" decoding=\"async\" width=\"1456\" height=\"816\" class=\"gb-image gb-image-9df1ec17\" src=\"https:\/\/www.sisinternational.com\/wp-content\/uploads\/2025\/08\/Business-39.jpg\" srcset=\"https:\/\/www.sisinternational.com\/wp-content\/uploads\/2025\/08\/Business-39.jpg 1456w, https:\/\/www.sisinternational.com\/wp-content\/uploads\/2025\/08\/Business-39-300x168.jpg 300w, https:\/\/www.sisinternational.com\/wp-content\/uploads\/2025\/08\/Business-39-1024x574.jpg 1024w, https:\/\/www.sisinternational.com\/wp-content\/uploads\/2025\/08\/Business-39-768x430.jpg 768w, https:\/\/www.sisinternational.com\/wp-content\/uploads\/2025\/08\/Business-39-18x10.jpg 18w\" sizes=\"auto, (max-width: 1456px) 100vw, 1456px\" alt=\"Investigaci\u00f3n y estrategia de mercado internacional de SIS\"><\/figure>\n\n\n\n<p><\/p>\n\n\n\n<p class=\"p1\"><span class=\"s1\">El tiempo y el coste variar\u00e1n en cada caso.<\/span><\/p>\n\n\n\n<ul class=\"wp-block-list\">\n<li><span class=\"s1\">Para <a href=\"https:\/\/www.sisinternational.com\/es\/cobertura\/europa\/investigacion-de-mercado-san-marino-europa\/\" title=\"Investigaci\u00f3n de mercado en San Marino, Europa\"  data-wpil-monitor-id=\"4199\">research that involves the broadest market<\/a> (think of fast food, coffee, cold medicine, phone service), a very large panel is likely to have representative members, so the time and cost of recruiting will be lower.<\/span><\/li>\n\n\n\n<li><span class=\"s1\">Sin embargo, si un proyecto requiere reclutamiento de una poblaci\u00f3n de baja incidencia (rara), se dedicar\u00e1n m\u00e1s esfuerzos y costos para encontrar suficientes participantes. <\/span><\/li>\n<\/ul>\n\n\n\n<h2 class=\"wp-block-heading p2\"><span class=\"s1\">Pr\u00f3ximos pasos<\/span><\/h2>\n\n\n\n<ul class=\"wp-block-list\">\n<li><span class=\"s1\">Cuidadoso <\/span><strong><span class=\"s2\">preguntas de cribado<\/span><\/strong><span class=\"s1\">&nbsp;y <strong>cuotas<\/strong> puede mejorar las probabilidades de que una persona invitada est\u00e9 verdaderamente \u201ccalificada\u201d y no sea un \u201cprofesional\u201d. <\/span><\/li>\n\n\n\n<li><span class=\"s1\">Adecuado <\/span><strong><span class=\"s2\">compensaci\u00f3n<\/span><\/strong><span class=\"s1\"><strong>&nbsp;o incentivos<\/strong> (e.g., cash, gifts) are strong motivators for ensuring cooperation\u2014whether online, on the phone, or in person\u2014but they add to the project&#8217;s expense.<\/span>\n<ul class=\"wp-block-list\">\n<li><span class=\"s1\">Proporcionar a los participantes alg\u00fan tipo de retroalimentaci\u00f3n, como un informe resumido de los hallazgos, tambi\u00e9n puede ser un buen incentivo.<\/span><\/li>\n<\/ul>\n<\/li>\n\n\n\n<li><span class=\"s1\">Para <\/span><strong><span class=\"s2\">Cualitativo<\/span><\/strong><span class=\"s1\"><strong>&nbsp;Investigaci\u00f3n<\/strong> (grupos focales, uno a uno o IDI) es importante ser muy claro al instruir y recordar a los reclutas la fecha, hora y lugar en el que deben estar. Incluso una carta de confirmaci\u00f3n, un correo electr\u00f3nico o una llamada telef\u00f3nica no garantizan el cumplimiento de la promesa de una persona de que participar\u00e1. Si surgen obligaciones laborales, familiares u otras obligaciones sociales, un recluta no puede comunicarse con la empresa de investigaci\u00f3n ni presentarse en absoluto. Por esta raz\u00f3n, muchos estudios de investigaci\u00f3n reclutar\u00e1n en exceso, esperando una cierta tasa de ausentismo, de manera muy parecida a cuando las aerol\u00edneas sobrevenden sus vuelos.<\/span><\/li>\n\n\n\n<li><span class=\"s1\">Reclutamiento para <\/span><strong><span class=\"s2\">Paneles en l\u00ednea<\/span><\/strong><span class=\"s1\"> creates a different set of potential problems. When people are told that they can earn points, gifts, or cash, they might be tempted to join for that reason alone. There may be little to no incentive to be honest, thoughtful, or careful in answering any questions. Ideally, the subject matter or product\/service being studied will be salient and relevant to the participant. Knowing their answers to a set of profile questions can help mitigate this issue.<\/span><\/li>\n\n\n\n<li><span class=\"s1\">In all cases, the best way to recruit is to use a third party. This can be the same company conducting the study if you are outsourcing it, or it can be a list broker or panel provider you contact yourself.<\/span><\/li>\n<\/ul>\n\n\n\n<h2 class=\"wp-block-heading\">Nuestra ubicaci\u00f3n de instalaciones en Nueva York<\/h2>\n\n\n\n<p>\n\n\n\n<iframe loading=\"lazy\" src=\"https:\/\/www.google.com\/maps\/embed?pb=!1m18!1m12!1m3!1d3022.976188376966!2d-73.99130312499956!3d40.740549471389315!2m3!1f0!2f0!3f0!3m2!1i1024!2i768!4f13.1!3m3!1m2!1s0x89c259a15798c731%3A0xd695d09bdd495f25!2s11%20E%2022nd%20St%20FL%202%2C%20New%20York%2C%20NY%2010010%2C%20USA!5e0!3m2!1sen!2spe!4v1726171763526!5m2!1sen!2spe\" width=\"600\" height=\"450\" allowfullscreen=\"allowfullscreen\" data-mce-fragment=\"1\"><\/iframe>\n\n\n\n<\/p>\n\n\n\n<h3 class=\"wp-block-heading\">11 E 22nd Street, piso 2, Nueva York, NY 10010 T: +1(212) 505-6805<\/h3>\n\n\n\n<hr class=\"wp-block-separator has-alpha-channel-opacity\"\/>\n\n\n\n<h2 class=\"wp-block-heading\"><span style=\"font-weight: 400;\">Acerca de SIS Internacional<\/span><\/h2>\n\n\n\n<p><a href=\"https:\/\/www.sisinternational.com\/es\/\"><span style=\"font-weight: 400;\">SIS Internacional<\/span><\/a><span style=\"font-weight: 400;\"> ofrece investigaci\u00f3n cuantitativa, cualitativa y estrat\u00e9gica. Proporcionamos datos, herramientas, estrategias, informes y conocimientos para la toma de decisiones. Tambi\u00e9n realizamos entrevistas, encuestas, grupos focales y otros m\u00e9todos y enfoques de investigaci\u00f3n de mercado.<\/span><a href=\"https:\/\/www.sisinternational.com\/es\/sobre-la-investigacion-internacional-de-sis\/contact-sis-international-market-research\/\"><span style=\"font-weight: 400;\"> P\u00f3ngase en contacto con nosotros<\/span><\/a><span style=\"font-weight: 400;\"> para su pr\u00f3ximo proyecto de Investigaci\u00f3n de Mercado.<\/span><\/p>\n\n\n\n<p><\/p>","protected":false},"excerpt":{"rendered":"<p>El reclutamiento para investigaciones de mercado es uno de los procesos m\u00e1s importantes en la realizaci\u00f3n de investigaciones cualitativas. <\/p>","protected":false},"author":1,"featured_media":62686,"parent":14660,"menu_order":9,"comment_status":"open","ping_status":"open","template":"","meta":{"footnotes":""},"class_list":["post-18870","page","type-page","status-publish","has-post-thumbnail"],"_links":{"self":[{"href":"https:\/\/www.sisinternational.com\/es\/wp-json\/wp\/v2\/pages\/18870","targetHints":{"allow":["GET"]}}],"collection":[{"href":"https:\/\/www.sisinternational.com\/es\/wp-json\/wp\/v2\/pages"}],"about":[{"href":"https:\/\/www.sisinternational.com\/es\/wp-json\/wp\/v2\/types\/page"}],"author":[{"embeddable":true,"href":"https:\/\/www.sisinternational.com\/es\/wp-json\/wp\/v2\/users\/1"}],"replies":[{"embeddable":true,"href":"https:\/\/www.sisinternational.com\/es\/wp-json\/wp\/v2\/comments?post=18870"}],"version-history":[{"count":9,"href":"https:\/\/www.sisinternational.com\/es\/wp-json\/wp\/v2\/pages\/18870\/revisions"}],"predecessor-version":[{"id":78295,"href":"https:\/\/www.sisinternational.com\/es\/wp-json\/wp\/v2\/pages\/18870\/revisions\/78295"}],"up":[{"embeddable":true,"href":"https:\/\/www.sisinternational.com\/es\/wp-json\/wp\/v2\/pages\/14660"}],"wp:featuredmedia":[{"embeddable":true,"href":"https:\/\/www.sisinternational.com\/es\/wp-json\/wp\/v2\/media\/62686"}],"wp:attachment":[{"href":"https:\/\/www.sisinternational.com\/es\/wp-json\/wp\/v2\/media?parent=18870"}],"curies":[{"name":"wp","href":"https:\/\/api.w.org\/{rel}","templated":true}]}}