{"id":17008,"date":"2015-06-30T18:22:59","date_gmt":"2015-06-30T18:22:59","guid":{"rendered":"https:\/\/www.sisinternational.com\/?page_id=17008"},"modified":"2026-01-26T18:17:58","modified_gmt":"2026-01-26T23:17:58","slug":"investigacion-de-mercado-en-eslovenia","status":"publish","type":"page","link":"https:\/\/www.sisinternational.com\/es\/cobertura\/europa\/investigacion-de-mercado-en-eslovenia\/","title":{"rendered":"Investigaci\u00f3n de mercado en Eslovenia"},"content":{"rendered":"<h1 class=\"wp-block-heading\">Investigaci\u00f3n de mercado en Eslovenia<\/h1>\n\n\n\n<figure class=\"gb-block-image gb-block-image-766794fa\"><img loading=\"lazy\" decoding=\"async\" width=\"1456\" height=\"816\" class=\"gb-image gb-image-766794fa\" src=\"https:\/\/www.sisinternational.com\/wp-content\/uploads\/2025\/09\/Slovenia-2.jpg\" alt=\"Investigaci\u00f3n y estrategia de mercado internacional de SIS\" title=\"Slovenia (2)\" srcset=\"https:\/\/www.sisinternational.com\/wp-content\/uploads\/2025\/09\/Slovenia-2.jpg 1456w, https:\/\/www.sisinternational.com\/wp-content\/uploads\/2025\/09\/Slovenia-2-300x168.jpg 300w, https:\/\/www.sisinternational.com\/wp-content\/uploads\/2025\/09\/Slovenia-2-1024x574.jpg 1024w, https:\/\/www.sisinternational.com\/wp-content\/uploads\/2025\/09\/Slovenia-2-768x430.jpg 768w, https:\/\/www.sisinternational.com\/wp-content\/uploads\/2025\/09\/Slovenia-2-18x10.jpg 18w\" sizes=\"auto, (max-width: 1456px) 100vw, 1456px\"><\/figure>\n\n\n\n<h1 class=\"wp-block-heading smallTitleB\">&nbsp;<\/h1>\n\n\n\n<p>Con su ubicaci\u00f3n estrat\u00e9gica, industrias florecientes y un entorno empresarial favorable, Eslovenia se presenta como un destino prometedor para la exploraci\u00f3n y el crecimiento del mercado. Por eso, la investigaci\u00f3n de mercado en Eslovenia es una herramienta clave para comprender este mercado.<\/p>\n\n\n\n<h2 class=\"wp-block-heading\">\u00bfQu\u00e9 es la investigaci\u00f3n de mercado en Eslovenia? \u00bfPor qu\u00e9 es importante?<\/h2>\n\n\n\n<p>Market research in Slovenia analyzes consumer behavior, industry trends, and competitive dynamics within the Slovenian market. It helps businesses gain actionable insights into market opportunities and challenges.<\/p>\n\n\n\n<p>This market research enables businesses to understand Slovenian consumers&#8217; needs, preferences, and behaviors. Companies can tailor their products, services, and marketing strategies to effectively resonate with the local audience by gaining insights into consumer trends, buying patterns, and cultural nuances.<\/p>\n\n\n\n<p>Moreover, it helps businesses to mitigate risks and uncertainties associated with market entry and expansion into Slovenia. Market research in Slovenia also empowers businesses to identify emerging opportunities and trends in the Slovenian market.&nbsp;<\/p>\n\n\n\n<h2 class=\"wp-block-heading\">Cu\u00e1ndo realizar una investigaci\u00f3n de mercado en Eslovenia<\/h2>\n\n\n\n<figure class=\"gb-block-image gb-block-image-fe3b953e\"><img loading=\"lazy\" decoding=\"async\" width=\"1456\" height=\"816\" class=\"gb-image gb-image-fe3b953e\" src=\"https:\/\/www.sisinternational.com\/wp-content\/uploads\/2025\/09\/Slovakia-3.jpg\" srcset=\"https:\/\/www.sisinternational.com\/wp-content\/uploads\/2025\/09\/Slovakia-3.jpg 1456w, https:\/\/www.sisinternational.com\/wp-content\/uploads\/2025\/09\/Slovakia-3-300x168.jpg 300w, https:\/\/www.sisinternational.com\/wp-content\/uploads\/2025\/09\/Slovakia-3-1024x574.jpg 1024w, https:\/\/www.sisinternational.com\/wp-content\/uploads\/2025\/09\/Slovakia-3-768x430.jpg 768w, https:\/\/www.sisinternational.com\/wp-content\/uploads\/2025\/09\/Slovakia-3-18x10.jpg 18w\" sizes=\"auto, (max-width: 1456px) 100vw, 1456px\" alt=\"Investigaci\u00f3n y estrategia de mercado internacional de SIS\"><\/figure>\n\n\n\n<p><\/p>\n\n\n\n<p>Antes de entrar al <span class=\"removed_link\" title=\"https:\/\/www.sisinternational.com\/slovenias-economy\/\">mercado esloveno<\/span>, businesses should conduct preliminary market research to assess market feasibility, identify market opportunities and challenges, understand regulatory requirements, and evaluate the competitive landscape.<\/p>\n\n\n\n<p>As businesses expand their presence in Slovenia, ongoing market research is essential to monitor market trends, track competitor activities, gather customer feedback, and adapt strategies to changing market dynamics, ensuring sustained growth and competitiveness.<\/p>\n\n\n\n<p>Del mismo modo, antes de lanzar nuevos productos o servicios en el mercado esloveno, las empresas deben realizar estudios de mercado para medir la aceptaci\u00f3n del consumidor, probar conceptos de productos, evaluar la sensibilidad a los precios y afinar las estrategias de marketing para maximizar el \u00e9xito del producto y la penetraci\u00f3n en el mercado.<\/p>\n\n\n\n<h2 class=\"wp-block-heading\">Nuestra revisi\u00f3n del mercado actual<\/h2>\n\n\n\n<p>Creemos que Eslovenia est\u00e1 preparada para un crecimiento econ\u00f3mico y una diversificaci\u00f3n continuos, impulsados por el desarrollo continuo de infraestructura, la inversi\u00f3n en investigaci\u00f3n y desarrollo y una fuerza laboral calificada. Se espera que las iniciativas del gobierno para promover el esp\u00edritu empresarial, la innovaci\u00f3n y la inversi\u00f3n extranjera refuercen a\u00fan m\u00e1s la posici\u00f3n competitiva del pa\u00eds y su atractivo para las empresas que buscan oportunidades de expansi\u00f3n en la regi\u00f3n.<\/p>\n\n\n\n<p>A pesar de su tama\u00f1o relativamente peque\u00f1o, Eslovenia ofrece amplias oportunidades para que las empresas logren un retorno de la inversi\u00f3n favorable mediante la entrada y la expansi\u00f3n estrat\u00e9gicas en el mercado. Con su entorno pol\u00edtico estable, mano de obra calificada y acceso a los mercados europeos, Eslovenia es una puerta de entrada para las empresas que buscan establecer una presencia en el mercado m\u00e1s amplio de la Uni\u00f3n Europea (UE). Sin embargo, el \u00e9xito en el mercado esloveno requiere una comprensi\u00f3n matizada de la din\u00e1mica del mercado local, el comportamiento del consumidor y los requisitos regulatorios.<\/p>\n\n\n\n<h2 class=\"wp-block-heading\">Clima pol\u00edtico favorable a los negocios<\/h2>\n\n\n\n<figure class=\"gb-block-image gb-block-image-308b9ce2\"><img loading=\"lazy\" decoding=\"async\" width=\"1456\" height=\"816\" class=\"gb-image gb-image-308b9ce2\" src=\"https:\/\/www.sisinternational.com\/wp-content\/uploads\/2025\/09\/Slovenia-4.jpg\" srcset=\"https:\/\/www.sisinternational.com\/wp-content\/uploads\/2025\/09\/Slovenia-4.jpg 1456w, https:\/\/www.sisinternational.com\/wp-content\/uploads\/2025\/09\/Slovenia-4-300x168.jpg 300w, https:\/\/www.sisinternational.com\/wp-content\/uploads\/2025\/09\/Slovenia-4-1024x574.jpg 1024w, https:\/\/www.sisinternational.com\/wp-content\/uploads\/2025\/09\/Slovenia-4-768x430.jpg 768w, https:\/\/www.sisinternational.com\/wp-content\/uploads\/2025\/09\/Slovenia-4-18x10.jpg 18w\" sizes=\"auto, (max-width: 1456px) 100vw, 1456px\" alt=\"Investigaci\u00f3n y estrategia de mercado internacional de SIS\"><\/figure>\n\n\n\n<p><\/p>\n\n\n\n<p>El sistema pol\u00edtico reci\u00e9n establecido de Eslovenia esboz\u00f3 varias estrategias nuevas. Estas estrategias han permitido a Eslovenia desarrollar una fuerte econom\u00eda de mercado:<\/p>\n\n\n\n<ul class=\"wp-block-list\">\n<li>Adoptar el comercio liberal<\/li>\n\n\n\n<li>Empresa gratificante<\/li>\n\n\n\n<li>Siguiendo el estado de derecho<\/li>\n\n\n\n<li>Asimilaci\u00f3n a organizaciones intercontinentales y occidentales.<\/li>\n\n\n\n<li>Convertirse en parte de organizaciones bilaterales y de libre comercio<\/li>\n\n\n\n<li>Expansi\u00f3n del comercio hacia Occidente<\/li>\n\n\n\n<li>Aceleraci\u00f3n de la privatizaci\u00f3n<\/li>\n<\/ul>\n\n\n\n<h2 class=\"wp-block-heading\">Econom\u00eda diversa y estable<\/h2>\n\n\n\n<p>Las principales exportaciones son veh\u00edculos de carretera, maquinaria el\u00e9ctrica, productos qu\u00edmicos, muebles, calzado, cigarrillos y alimentos. El turismo tambi\u00e9n juega un papel clave en la obtenci\u00f3n de ingresos. Algunas de las importaciones de Eslovenia son equipos de transporte, maquinaria, productos manufacturados, alimentos y combustibles. La econom\u00eda de Eslovenia depende en gran medida del comercio internacional.<\/p>\n\n\n\n<p>Confronted with the collapse of communications and transport networks to south-eastern Europe and the <a href=\"https:\/\/www.sisinternational.com\/es\/pericia\/industrias\/investigacion-de-mercado-de-perdida-auditiva\/\" title=\"Investigaci\u00f3n de mercado de p\u00e9rdida auditiva\u00a0 \u00a0\"  data-wpil-monitor-id=\"6820\">loss of Yugoslav markets<\/a> in the early 1990s, Slovenia reoriented trade towards the European Union and associated countries; these now represent over two-thirds of the country\u2019s imports and exports. Other trade partners include the Russian Federation, Serbia, and Bosnia Herzegovina.<\/p>\n\n\n\n<p>Adem\u00e1s, Eslovenia cuenta con una econom\u00eda diversa con varias industrias clave que impulsan el crecimiento y la innovaci\u00f3n:<\/p>\n\n\n\n<ol class=\"wp-block-list\">\n<li><strong>Fabricaci\u00f3n<\/strong>: El sector manufacturero es la piedra angular de la econom\u00eda de Eslovenia y abarca las industrias automovil\u00edstica, de maquinaria, electr\u00f3nica y farmac\u00e9utica. Entre las empresas destacadas se incluyen Gorenje (electrodom\u00e9sticos), Revoz (autom\u00f3viles) y Krka (productos farmac\u00e9uticos).<\/li>\n\n\n\n<li><strong>Turismo<\/strong>: La belleza natural, el patrimonio cultural y las actividades al aire libre de Eslovenia atraen a turistas de todo el mundo. Las atracciones clave incluyen el lago Bled, la cueva de Postojna y la ciudad capital, Liubliana. La hosteler\u00eda, el alojamiento y el turismo de aventura son sectores pr\u00f3speros en Eslovenia.<\/li>\n\n\n\n<li><strong>Alimentos y bebidas<\/strong>: Eslovenia es conocida por sus vinos de alta calidad, delicias culinarias y productos alimenticios tradicionales. La industria de alimentos y bebidas abarca la vinificaci\u00f3n, los productos l\u00e1cteos, la confiter\u00eda y la agricultura org\u00e1nica, con exportaciones a los mercados europeos y globales.<\/li>\n<\/ol>\n\n\n\n<h2 class=\"wp-block-heading\">Ciudades y atracciones tur\u00edsticas<\/h2>\n\n\n\n<figure class=\"gb-block-image gb-block-image-58b3909c\"><img loading=\"lazy\" decoding=\"async\" width=\"1456\" height=\"816\" class=\"gb-image gb-image-58b3909c\" src=\"https:\/\/www.sisinternational.com\/wp-content\/uploads\/2025\/09\/Slovakia-4.jpg\" srcset=\"https:\/\/www.sisinternational.com\/wp-content\/uploads\/2025\/09\/Slovakia-4.jpg 1456w, https:\/\/www.sisinternational.com\/wp-content\/uploads\/2025\/09\/Slovakia-4-300x168.jpg 300w, https:\/\/www.sisinternational.com\/wp-content\/uploads\/2025\/09\/Slovakia-4-1024x574.jpg 1024w, https:\/\/www.sisinternational.com\/wp-content\/uploads\/2025\/09\/Slovakia-4-768x430.jpg 768w, https:\/\/www.sisinternational.com\/wp-content\/uploads\/2025\/09\/Slovakia-4-18x10.jpg 18w\" sizes=\"auto, (max-width: 1456px) 100vw, 1456px\" alt=\"Investigaci\u00f3n y estrategia de mercado internacional de SIS\"><\/figure>\n\n\n\n<p><\/p>\n\n\n\n<p>Las principales ciudades de Eslovenia son Ljubljana (la capital), Maribor, Celje, Kranj y Velenje. Entre las ciudades m\u00e1s peque\u00f1as pero importantes se incluyen Jesenice, Koper, Murska Sobota, Nova Gorica, Novo Mesto y Trbovlje. Eslovenia tiene una costa muy corta y casi no tiene salida al mar. El pa\u00eds tiene tres puertos principales: el puerto de Izola, el puerto de Koper y el puerto de Piran. Los principales aeropuertos son el aeropuerto Jo\u017ee Pu\u010dnik de Liubliana, el aeropuerto Maribor Edvard Rusjan y el aeropuerto de Portoro\u017e.<\/p>\n\n\n\n<p>Eslovenia tiene una gran cantidad de atractivos naturales y culturales que atraen a turistas de todo el mundo. A continuaci\u00f3n te presentamos siete de los atractivos tur\u00edsticos m\u00e1s importantes:<\/p>\n\n\n\n<ol class=\"wp-block-list\">\n<li><strong>Lago Bled<\/strong>: El lago Bled es famoso por su entorno pintoresco, sus aguas cristalinas y su emblem\u00e1tica isla con una iglesia. Los visitantes pueden explorar el lago en barcos tradicionales de madera llamados pletnas, caminar hasta el castillo de Bled para disfrutar de vistas panor\u00e1micas o disfrutar del famoso pastel de crema de Bled.<\/li>\n\n\n\n<li><strong>Cueva de Postoina<\/strong>: La cueva de Postojna, uno de los sistemas de cuevas m\u00e1s extensos de Europa, ofrece una fascinante experiencia subterr\u00e1nea. Los visitantes pueden realizar una visita guiada a trav\u00e9s de los pasajes laber\u00ednticos, maravillarse con las impresionantes formaciones rocosas y encontrarse con criaturas \u00fanicas que habitan en cuevas como el olm, tambi\u00e9n conocido como el &quot;pez humano&quot;.<\/li>\n\n\n\n<li><strong>Liubliana<\/strong>: La encantadora capital de Eslovenia, Liubliana, rezuma encanto hist\u00f3rico, belleza arquitect\u00f3nica y una vibrante vida cultural. Pasee por el pintoresco r\u00edo Ljubljanica, explore el casco antiguo medieval con sus calles adoquinadas y coloridas fachadas, y visite atracciones como el Castillo de Ljubljana, la Plaza Preseren y el Puente Triple.<\/li>\n\n\n\n<li><strong>Castillo de Predjama<\/strong>: Situado espectacularmente sobre un acantilado, el castillo de Predjama es una maravilla medieval llena de historia y leyenda. Construido dentro de la boca de una cueva, el castillo ofrece impresionantes vistas del campo circundante y proporciona informaci\u00f3n sobre el rico patrimonio medieval de Eslovenia.<\/li>\n\n\n\n<li><strong>Cuevas de \u0160kocjan<\/strong>: Designadas como Patrimonio de la Humanidad por la UNESCO, las cuevas de \u0160kocjan son un para\u00edso geol\u00f3gico que cuenta con vastas c\u00e1maras subterr\u00e1neas, majestuosas estalactitas y estalagmitas y un ca\u00f1\u00f3n fluvial subterr\u00e1neo. Las visitas guiadas llevan a los visitantes a trav\u00e9s de esta obra maestra natural, mostrando su impresionante belleza y significado cient\u00edfico.<\/li>\n<\/ol>\n\n\n\n<iframe loading=\"lazy\" src=\"https:\/\/www.google.com\/maps\/embed?pb=!1m18!1m12!1m3!1d3022.976188376966!2d-73.99130312499956!3d40.740549471389315!2m3!1f0!2f0!3f0!3m2!1i1024!2i768!4f13.1!3m3!1m2!1s0x89c259a15798c731%3A0xd695d09bdd495f25!2s11%20E%2022nd%20St%20FL%202%2C%20New%20York%2C%20NY%2010010%2C%20USA!5e0!3m2!1sen!2spe!4v1726171763526!5m2!1sen!2spe\" width=\"600\" height=\"450\" allowfullscreen=\"allowfullscreen\" data-mce-fragment=\"1\"><\/iframe>\n\n\n\n<\/p>\n<h3 class=\"wp-block-heading\">11 E 22nd Street, piso 2, Nueva York, NY 10010 T: +1(212) 505-6805<\/h3>\n<hr>\n<h2><span style=\"font-weight: 400;\">Acerca de SIS Internacional<\/span><\/h2>\n<p><a href=\"https:\/\/www.sisinternational.com\/es\/\"><span style=\"font-weight: 400;\">SIS Internacional<\/span><\/a><span style=\"font-weight: 400;\"> ofrece investigaci\u00f3n cuantitativa, cualitativa y estrat\u00e9gica. Proporcionamos datos, herramientas, estrategias, informes y conocimientos para la toma de decisiones. Tambi\u00e9n realizamos entrevistas, encuestas, grupos focales y otros m\u00e9todos y enfoques de investigaci\u00f3n de mercado.<\/span><a href=\"https:\/\/www.sisinternational.com\/es\/sobre-la-investigacion-internacional-de-sis\/contact-sis-international-market-research\/\"><span style=\"font-weight: 400;\"> P\u00f3ngase en contacto con nosotros<\/span><\/a><span style=\"font-weight: 400;\"> para su pr\u00f3ximo proyecto de Investigaci\u00f3n de Mercado.<\/span><\/p>\n<hr><\/div>\n\n\n\n<h2 class=\"wp-block-heading\">&nbsp;<\/h2>","protected":false},"excerpt":{"rendered":"<p>Con su alto ingreso per c\u00e1pita, Eslovenia es una naci\u00f3n desarrollada pr\u00f3spera y estable. <\/p>","protected":false},"author":1,"featured_media":66065,"parent":14510,"menu_order":14,"comment_status":"closed","ping_status":"open","template":"","meta":{"footnotes":""},"class_list":["post-17008","page","type-page","status-publish","has-post-thumbnail"],"_links":{"self":[{"href":"https:\/\/www.sisinternational.com\/es\/wp-json\/wp\/v2\/pages\/17008","targetHints":{"allow":["GET"]}}],"collection":[{"href":"https:\/\/www.sisinternational.com\/es\/wp-json\/wp\/v2\/pages"}],"about":[{"href":"https:\/\/www.sisinternational.com\/es\/wp-json\/wp\/v2\/types\/page"}],"author":[{"embeddable":true,"href":"https:\/\/www.sisinternational.com\/es\/wp-json\/wp\/v2\/users\/1"}],"replies":[{"embeddable":true,"href":"https:\/\/www.sisinternational.com\/es\/wp-json\/wp\/v2\/comments?post=17008"}],"version-history":[{"count":10,"href":"https:\/\/www.sisinternational.com\/es\/wp-json\/wp\/v2\/pages\/17008\/revisions"}],"predecessor-version":[{"id":80395,"href":"https:\/\/www.sisinternational.com\/es\/wp-json\/wp\/v2\/pages\/17008\/revisions\/80395"}],"up":[{"embeddable":true,"href":"https:\/\/www.sisinternational.com\/es\/wp-json\/wp\/v2\/pages\/14510"}],"wp:featuredmedia":[{"embeddable":true,"href":"https:\/\/www.sisinternational.com\/es\/wp-json\/wp\/v2\/media\/66065"}],"wp:attachment":[{"href":"https:\/\/www.sisinternational.com\/es\/wp-json\/wp\/v2\/media?parent=17008"}],"curies":[{"name":"wp","href":"https:\/\/api.w.org\/{rel}","templated":true}]}}