{"id":16895,"date":"2015-06-30T03:43:48","date_gmt":"2015-06-30T03:43:48","guid":{"rendered":"https:\/\/www.sisinternational.com\/?page_id=16895"},"modified":"2026-04-01T13:50:11","modified_gmt":"2026-04-01T17:50:11","slug":"investigacion-de-mercado-en-austria","status":"publish","type":"page","link":"https:\/\/www.sisinternational.com\/es\/cobertura\/europa\/investigacion-de-mercado-en-austria\/","title":{"rendered":"Investigaci\u00f3n de mercado en Austria"},"content":{"rendered":"<h1 class=\"gb-headline gb-headline-edf75a4c gb-headline-text\">Investigaci\u00f3n de mercado en Austria<\/h1>\n\n\n\n<figure class=\"gb-block-image gb-block-image-8cb53b4c\"><img loading=\"lazy\" decoding=\"async\" width=\"1408\" height=\"768\" class=\"gb-image gb-image-8cb53b4c\" src=\"https:\/\/www.sisinternational.com\/wp-content\/uploads\/2026\/04\/Austria.jpg\" alt=\"Investigaci\u00f3n y estrategia de mercado internacional de SIS\" title=\"Austria\" srcset=\"https:\/\/www.sisinternational.com\/wp-content\/uploads\/2026\/04\/Austria.jpg 1408w, https:\/\/www.sisinternational.com\/wp-content\/uploads\/2026\/04\/Austria-300x164.jpg 300w, https:\/\/www.sisinternational.com\/wp-content\/uploads\/2026\/04\/Austria-1024x559.jpg 1024w, https:\/\/www.sisinternational.com\/wp-content\/uploads\/2026\/04\/Austria-768x419.jpg 768w, https:\/\/www.sisinternational.com\/wp-content\/uploads\/2026\/04\/Austria-18x10.jpg 18w\" sizes=\"auto, (max-width: 1408px) 100vw, 1408px\"><\/figure>\n\n\n\n<p><\/p>\n\n\n\n<hr class=\"wp-block-separator has-alpha-channel-opacity is-style-dots\"\/>\n\n\n\n<h3 class=\"wp-block-heading\">Varias de las empresas industriales m\u00e1s importantes de Austria fueron de propiedad estatal hasta la d\u00e9cada de 1980, pero en los \u00faltimos a\u00f1os, la privatizaci\u00f3n ha reducido los activos estatales a un nivel equivalente al de otras econom\u00edas europeas. Sin embargo, Austria es vulnerable a los cambios en la econom\u00eda alemana, ya que Alemania es su principal socio comercial.<\/h3>\n\n\n\n<p>Market research in Austria is not just a strategic option but a fundamental necessity for businesses aiming to succeed in this dynamic European market. Austria&#8217;s unique blend of economic stability, technological advancement, and cultural diversity makes it an attractive destination for domestic and international businesses. However, to harness this market&#8217;s full potential, companies must invest in comprehensive market research.<\/p>\n\n\n\n<h2 class=\"wp-block-heading\">\u00bfQu\u00e9 es la investigaci\u00f3n de mercado en Austria? \u00bfPor qu\u00e9 es importante?<\/h2>\n\n\n\n<p>La investigaci\u00f3n de mercado en Austria implica recopilar y analizar datos para comprender el tama\u00f1o del mercado, las preferencias de los consumidores, los h\u00e1bitos de compra y las oportunidades emergentes. Este an\u00e1lisis integral permite a las empresas tomar decisiones estrat\u00e9gicas adaptadas al entorno del mercado austriaco.<\/p>\n\n\n\n<p>La investigaci\u00f3n de mercado en Austria es esencial para las empresas que desean establecerse o expandir sus operaciones en el pa\u00eds. Las empresas pueden identificar segmentos de mercado sin explotar, evaluar el sentimiento de los consumidores hacia sus productos o servicios y anticipar las tendencias del mercado. Comprender las preferencias locales y los matices culturales mediante una investigaci\u00f3n de mercado eficaz permite a las empresas adaptar sus ofertas y estrategias de marketing para lograr el m\u00e1ximo impacto y resonancia.<\/p>\n\n\n\n<p>La investigaci\u00f3n de mercado en Austria ofrece beneficios tangibles que pueden tener un impacto significativo en el \u00e9xito empresarial:<\/p>\n\n\n\n<ul class=\"wp-block-list\">\n<li><strong>Validaci\u00f3n de mercado<\/strong>: <a href=\"https:\/\/www.sisinternational.com\/es\/cobertura\/las-americas\/cobertura-de-estados-unidos\/investigacion-de-mercado-guam\/\" title=\"Investigaci\u00f3n de mercado en Guam\" data-wpil-monitor-id=\"4237\">Research validates market<\/a> opportunities and helps assess the viability of product launches or expansions.<\/li>\n\n\n\n<li><strong>Perspectivas del consumidor<\/strong>: Comprender las preferencias y el comportamiento de los consumidores permite realizar esfuerzos de marketing espec\u00edficos y desarrollar productos.<\/li>\n\n\n\n<li><strong>Estrategias de marketing optimizadas<\/strong>: Los conocimientos basados en datos ayudan a dise\u00f1ar campa\u00f1as de marketing eficaces que resuenen en la audiencia austriaca.<\/li>\n\n\n\n<li><strong>Compromiso del cliente mejorado<\/strong>: Las empresas pueden fomentar relaciones m\u00e1s s\u00f3lidas con los clientes alineando las ofertas con las preferencias locales.<\/li>\n\n\n\n<li><strong>Asignaci\u00f3n de recursos<\/strong>: La investigaci\u00f3n ayuda a optimizar la asignaci\u00f3n de recursos al centrar las inversiones en segmentos de mercado de alto potencial.<\/li>\n\n\n\n<li><strong>Adaptaci\u00f3n al entorno regulatorio<\/strong>: El conocimiento de las regulaciones locales y los requisitos de cumplimiento es crucial para las operaciones comerciales.<\/li>\n<\/ul>\n\n\n\n<h2 class=\"wp-block-heading\">Asociaciones internacionales<\/h2>\n\n\n\n<figure class=\"gb-block-image gb-block-image-3b3c54f9\"><img loading=\"lazy\" decoding=\"async\" width=\"1456\" height=\"816\" class=\"gb-image gb-image-3b3c54f9\" src=\"https:\/\/www.sisinternational.com\/wp-content\/uploads\/2025\/09\/Austin-Texas-4-3.jpg\" srcset=\"https:\/\/www.sisinternational.com\/wp-content\/uploads\/2025\/09\/Austin-Texas-4-3.jpg 1456w, https:\/\/www.sisinternational.com\/wp-content\/uploads\/2025\/09\/Austin-Texas-4-3-300x168.jpg 300w, https:\/\/www.sisinternational.com\/wp-content\/uploads\/2025\/09\/Austin-Texas-4-3-1024x574.jpg 1024w, https:\/\/www.sisinternational.com\/wp-content\/uploads\/2025\/09\/Austin-Texas-4-3-768x430.jpg 768w, https:\/\/www.sisinternational.com\/wp-content\/uploads\/2025\/09\/Austin-Texas-4-3-18x10.jpg 18w\" sizes=\"auto, (max-width: 1456px) 100vw, 1456px\" alt=\"Investigaci\u00f3n y estrategia de mercado internacional de SIS\"><\/figure>\n\n\n\n<p> &nbsp;<\/p>\n\n\n\n<p>Los productos metal\u00fargicos, la maquinaria y los textiles son especialmente importantes para la fuerte econom\u00eda de Austria. Otros productos de exportaci\u00f3n importantes son los veh\u00edculos de motor y sus componentes, la maquinaria y el equipo, los productos met\u00e1licos, el papel y el cart\u00f3n, el hierro y el acero, los productos qu\u00edmicos, los alimentos y los textiles. A pesar de ser una peque\u00f1a naci\u00f3n vitivin\u00edcola, Austria se ha ganado una excelente reputaci\u00f3n entre los expertos del sector por producir algunos vinos de primera calidad.<\/p>\n\n\n\n<p>Los principales socios comerciales de Austria son los pa\u00edses miembros de la Uni\u00f3n Europea, China, Estados Unidos y Suiza. Desde la ca\u00edda de la Cortina de Hierro, los financieros y empresarios privados de Austria han encontrado un nuevo campo para la inversi\u00f3n extranjera en sus antiguos territorios imperiales, especialmente Hungr\u00eda, Eslovaquia, la Rep\u00fablica Checa, Croacia, Eslovenia y, en menor medida, el norte de Italia.<\/p>\n\n\n\n<p>Sin embargo, Austria cuenta con una econom\u00eda diversa con varias industrias vitales que impulsan su crecimiento y desarrollo econ\u00f3mico, como por ejemplo:<\/p>\n\n\n\n<ol class=\"wp-block-list\">\n<li><strong>Industria automotriz<\/strong>: Austria es conocida por su sector automovil\u00edstico, con empresas como BMW, Magna Steyr y AVL List l\u00edderes en fabricaci\u00f3n e innovaci\u00f3n.<\/li>\n\n\n\n<li><strong>Turismo y Hospitalidad<\/strong>: La industria del turismo contribuye significativamente a la econom\u00eda de Austria, con destinos emblem\u00e1ticos como Viena, Salzburgo e Innsbruck que atraen a millones de visitantes cada a\u00f1o.<\/li>\n\n\n\n<li><strong>Tecnolog\u00eda e Innovaci\u00f3n<\/strong>Austria est\u00e1 emergiendo como un centro de tecnolog\u00eda e innovaci\u00f3n, centr\u00e1ndose en nuevas empresas, investigaci\u00f3n y desarrollo en sectores como TI, biotecnolog\u00eda y energ\u00eda renovable.<\/li>\n\n\n\n<li><strong>Servicios financieros<\/strong>: Viena es un centro financiero, con bancos e instituciones financieras l\u00edderes que ofrecen diversos servicios a empresas y particulares.<\/li>\n\n\n\n<li><strong>Alimentos y bebidas<\/strong>: Austria es conocida por sus delicias culinarias y la industria de alimentos y bebidas prospera con especialidades locales como Wiener Schnitzel, Sachertorte y vinos austriacos.<\/li>\n<\/ol>\n\n\n\n<h2 class=\"wp-block-heading\">Caracter\u00edsticas demogr\u00e1ficas<\/h2>\n\n\n\n<h3 class=\"wp-block-heading\">La lengua franca y el idioma formal de Austria es el alem\u00e1n, pero algunos nacionales tambi\u00e9n hablan austro-b\u00e1varo, el idioma principal fuera de Vorarlberg, alem\u00e1n, el idioma principal en Vorarlberg, y algunos idiomas minoritarios. El serbio es la lengua minoritaria m\u00e1s hablada, seguida del turco.<\/h3>\n\n\n\n<p>Aunque cuatro d\u00e9cadas de fuerte inmigraci\u00f3n han cambiado considerablemente la poblaci\u00f3n de Austria, sigue siendo una naci\u00f3n homog\u00e9nea. S\u00f3lo existen tres grupos \u00e9tnicos importantes: los h\u00fangaros en Burgenland, los eslovenos de Carintia en la Carintia austr\u00edaca y los croatas. Casi una d\u00e9cima parte de la poblaci\u00f3n total est\u00e1 compuesta por extranjeros, lo que supone una de las tasas m\u00e1s altas de Europa. La mayor\u00eda de estos residentes extranjeros proceden de Turqu\u00eda y la antigua Yugoslavia.<\/p>\n\n\n\n<h2 class=\"wp-block-heading\">Principales atracciones tur\u00edsticas de Austria<\/h2>\n\n\n\n<figure class=\"gb-block-image gb-block-image-ebaddc73\"><img loading=\"lazy\" decoding=\"async\" width=\"1456\" height=\"816\" class=\"gb-image gb-image-ebaddc73\" src=\"https:\/\/www.sisinternational.com\/wp-content\/uploads\/2025\/09\/Austria-3.jpg\" srcset=\"https:\/\/www.sisinternational.com\/wp-content\/uploads\/2025\/09\/Austria-3.jpg 1456w, https:\/\/www.sisinternational.com\/wp-content\/uploads\/2025\/09\/Austria-3-300x168.jpg 300w, https:\/\/www.sisinternational.com\/wp-content\/uploads\/2025\/09\/Austria-3-1024x574.jpg 1024w, https:\/\/www.sisinternational.com\/wp-content\/uploads\/2025\/09\/Austria-3-768x430.jpg 768w, https:\/\/www.sisinternational.com\/wp-content\/uploads\/2025\/09\/Austria-3-18x10.jpg 18w\" sizes=\"auto, (max-width: 1456px) 100vw, 1456px\" alt=\"Investigaci\u00f3n y estrategia de mercado internacional de SIS\"><\/figure>\n\n\n\n<p><\/p>\n\n\n\n<p>Austria es famosa por sus paisajes pintorescos, su rico patrimonio cultural y sus monumentos hist\u00f3ricos, lo que la convierte en un destino tur\u00edstico de primer nivel. Aqu\u00ed tienes siete de las atracciones tur\u00edsticas m\u00e1s importantes de Austria:<\/p>\n\n\n\n<ol class=\"wp-block-list\">\n<li><strong>Viena<\/strong>: La capital de Austria, conocida por sus palacios imperiales, museos (como el Kunsthistorisches Museum y Belvedere) y su patrimonio de m\u00fasica cl\u00e1sica.<\/li>\n\n\n\n<li><strong>Salsburgo<\/strong>: Lugar de nacimiento de Mozart y famoso por su arquitectura barroca, Salzburgo es Patrimonio de la Humanidad por la UNESCO con atracciones como la Fortaleza de Hohensalzburg y el Palacio Mirabell.<\/li>\n\n\n\n<li><strong>Innsbruck<\/strong>: Ubicado en los Alpes austr\u00edacos, Innsbruck ofrece impresionantes vistas a las monta\u00f1as y es un destino popular para esquiar, hacer senderismo y explorar sitios hist\u00f3ricos como el Tejado Dorado.<\/li>\n\n\n\n<li><strong>Hallstatt<\/strong>: Hallstatt, un pueblo encantador ubicado junto a un lago pintoresco, es famoso por sus hist\u00f3ricas minas de sal y su paisaje id\u00edlico.<\/li>\n\n\n\n<li><strong>Palacio de Sch\u00f6nbrunn<\/strong>: Ubicado en Viena, este impresionante palacio imperial y sus jardines son Patrimonio de la Humanidad por la UNESCO y una atracci\u00f3n de visita obligada.<\/li>\n\n\n\n<li><strong>Carretera alpina del Grossglockner<\/strong>:Este recorrido panor\u00e1mico por los Alpes austr\u00edacos ofrece impresionantes vistas de picos monta\u00f1osos y glaciares.<\/li>\n\n\n\n<li><strong>Castillo de Hohensalzburg<\/strong>: Una majestuosa fortaleza medieval que domina Salzburgo y ofrece vistas panor\u00e1micas de la ciudad y los paisajes circundantes.<\/li>\n<\/ol>\n\n\n\n<h2 class=\"wp-block-heading\">Impulsores del mercado en Austria<\/h2>\n\n\n\n<p>Varios factores clave est\u00e1n impulsando el crecimiento y las oportunidades del mercado en Austria:<\/p>\n\n\n\n<ul class=\"wp-block-list\">\n<li><strong>Econom\u00eda estable<\/strong>: La estable econom\u00eda de Austria, caracterizada por bajas tasas de desempleo y un fuerte crecimiento del PIB, proporciona un entorno favorable para la expansi\u00f3n empresarial y la inversi\u00f3n.<\/li>\n\n\n\n<li><strong>Innovaci\u00f3n y adopci\u00f3n de tecnolog\u00eda<\/strong>: El enfoque del pa\u00eds en innovaci\u00f3n, investigaci\u00f3n y desarrollo fomenta los avances tecnol\u00f3gicos y atrae inversiones en sectores emergentes como TI y energ\u00eda renovable.<\/li>\n\n\n\n<li><strong>Ubicaci\u00f3n estrat\u00e9gica<\/strong>: La ubicaci\u00f3n central de Austria en Europa la convierte en un centro estrat\u00e9gico para el comercio y el comercio, lo que facilita el acceso a mercados europeos m\u00e1s amplios.<\/li>\n\n\n\n<li><strong>Infraestructura robusta<\/strong>: Una infraestructura bien desarrollada, incluidas redes de transporte y conectividad digital, respalda las operaciones comerciales y la eficiencia log\u00edstica.<\/li>\n\n\n\n<li><strong>Crecimiento del turismo y la hosteler\u00eda<\/strong>El crecimiento de la industria tur\u00edstica de Austria contribuye a la prosperidad econ\u00f3mica y crea oportunidades de negocio en sectores relacionados.<\/li>\n<\/ul>\n\n\n\n<h2 class=\"wp-block-heading\">Restricciones del mercado en Austria<\/h2>\n\n\n\n<figure class=\"gb-block-image gb-block-image-c6c145a0\"><img loading=\"lazy\" decoding=\"async\" width=\"1456\" height=\"816\" class=\"gb-image gb-image-c6c145a0\" src=\"https:\/\/www.sisinternational.com\/wp-content\/uploads\/2025\/09\/Austria-4.jpg\" srcset=\"https:\/\/www.sisinternational.com\/wp-content\/uploads\/2025\/09\/Austria-4.jpg 1456w, https:\/\/www.sisinternational.com\/wp-content\/uploads\/2025\/09\/Austria-4-300x168.jpg 300w, https:\/\/www.sisinternational.com\/wp-content\/uploads\/2025\/09\/Austria-4-1024x574.jpg 1024w, https:\/\/www.sisinternational.com\/wp-content\/uploads\/2025\/09\/Austria-4-768x430.jpg 768w, https:\/\/www.sisinternational.com\/wp-content\/uploads\/2025\/09\/Austria-4-18x10.jpg 18w\" sizes=\"auto, (max-width: 1456px) 100vw, 1456px\" alt=\"Investigaci\u00f3n y estrategia de mercado internacional de SIS\"><\/figure>\n\n\n\n<p><\/p>\n\n\n\n<p>A pesar de las oportunidades, existen ciertos desaf\u00edos y limitaciones en el mercado austriaco:<\/p>\n\n\n\n<ul class=\"wp-block-list\">\n<li><strong>Complejidad regulatoria<\/strong>: Navegar por los requisitos regulatorios y el cumplimiento puede ser complejo, particularmente para las empresas extranjeras que ingresan al mercado.<\/li>\n\n\n\n<li><strong>Competencia<\/strong>: La intensa competencia dentro de sectores clave requiere que las empresas se diferencien e innoven continuamente.<\/li>\n\n\n\n<li><strong>Costo de la vida<\/strong>: El costo de vida y los gastos operativos relativamente altos de Austria pueden afectar la rentabilidad y la sostenibilidad empresarial.<\/li>\n\n\n\n<li><strong>Fragmentaci\u00f3n del mercado<\/strong>:El tama\u00f1o de Austria y sus variaciones regionales requieren enfoques personalizados para abordar las diversas preferencias y comportamientos de los consumidores.<\/li>\n<\/ul>\n\n\n\n<h2 class=\"wp-block-heading\">Atractivo de la industria: an\u00e1lisis FODA del mercado austriaco<\/h2>\n\n\n\n<p>Realizar un an\u00e1lisis FODA (Fortalezas, Debilidades, Oportunidades y Amenazas) del mercado austriaco puede proporcionar informaci\u00f3n valiosa para las empresas:<\/p>\n\n\n\n<p><strong>Fortalezas:<\/strong><\/p>\n\n\n\n<ul class=\"wp-block-list\">\n<li>\n<ul class=\"wp-block-list\">\n<li>Econom\u00eda estable y diversificada<\/li>\n\n\n\n<li>Fuerte enfoque en la innovaci\u00f3n y la tecnolog\u00eda.<\/li>\n\n\n\n<li>Ubicaci\u00f3n geogr\u00e1fica estrat\u00e9gica en Europa<\/li>\n\n\n\n<li>Infraestructura y redes de transporte bien desarrolladas.<\/li>\n\n\n\n<li>Rico patrimonio cultural y atractivo tur\u00edstico<\/li>\n<\/ul>\n<\/li>\n<\/ul>\n\n\n\n<p><strong>Debilidades:<\/strong><\/p>\n\n\n\n<ul class=\"wp-block-list\">\n<li>\n<ul class=\"wp-block-list\">\n<li>Complejidad regulatoria, especialmente para empresas extranjeras.<\/li>\n\n\n\n<li>Escasez de habilidades en ciertas industrias<\/li>\n\n\n\n<li>Costo de vida y gastos operativos relativamente altos.<\/li>\n\n\n\n<li>Fragmentaci\u00f3n del mercado y variaciones regionales.<\/li>\n\n\n\n<li>Tama\u00f1o de mercado limitado en comparaci\u00f3n con las econom\u00edas europeas m\u00e1s grandes<\/li>\n<\/ul>\n<\/li>\n<\/ul>\n\n\n\n<p><strong>Oportunidades:<\/strong><\/p>\n\n\n\n<ul class=\"wp-block-list\">\n<li>\n<ul class=\"wp-block-list\">\n<li>Sectores en crecimiento como la tecnolog\u00eda, las energ\u00edas renovables y la atenci\u00f3n sanitaria.<\/li>\n\n\n\n<li>La creciente demanda de productos y servicios sostenibles<\/li>\n\n\n\n<li>Potencial de expansi\u00f3n del mercado y asociaciones internacionales.<\/li>\n\n\n\n<li>Tendencias emergentes en comercio electr\u00f3nico y transformaci\u00f3n digital<\/li>\n\n\n\n<li>Apoyo gubernamental al emprendimiento y la innovaci\u00f3n<\/li>\n<\/ul>\n<\/li>\n<\/ul>\n\n\n\n<p><strong>Amenazas:<\/strong><\/p>\n\n\n\n<ul class=\"wp-block-list\">\n<li>\n<ul class=\"wp-block-list\">\n<li>Intensa competencia dentro de industrias clave<\/li>\n\n\n\n<li>Incertidumbre econ\u00f3mica y fluctuaciones del mercado global<\/li>\n\n\n\n<li>Cambios regulatorios que afectan las operaciones comerciales<\/li>\n\n\n\n<li>Interrupciones por factores externos como eventos geopol\u00edticos o pandemias.<\/li>\n\n\n\n<li>Las preferencias y comportamientos de los consumidores est\u00e1n evolucionando r\u00e1pidamente<\/li>\n<\/ul>\n<\/li>\n<\/ul>\n\n\n\n<h2 class=\"wp-block-heading\">C\u00f3mo ayuda a las empresas la investigaci\u00f3n de mercado de SIS International en Austria<\/h2>\n\n\n\n<p><\/p>\n\n\n\n<p><a href=\"https:\/\/www.linkedin.com\/company\/sisinternationalresearch\/\" target=\"_blank\" rel=\"noopener\"><span style=\"font-weight: 400;\">SIS Internacional<\/span><\/a>&nbsp;ofrece servicios integrales de investigaci\u00f3n de mercado y consultor\u00eda adaptados a las necesidades espec\u00edficas de las empresas que operan en Austria:<\/p>\n\n\n\n<p><strong>Informaci\u00f3n detallada del mercado<\/strong>:<\/p>\n\n\n\n<p>SIS International realiza an\u00e1lisis de mercado rigurosos en Austria para proporcionar informaci\u00f3n \u00fatil sobre el comportamiento del consumidor, las tendencias del mercado y la din\u00e1mica competitiva.<\/p>\n\n\n\n<p><strong>Recomendaciones estrat\u00e9gicas<\/strong>:<\/p>\n\n\n\n<p>Con base en los resultados de la investigaci\u00f3n, SIS International ofrece recomendaciones estrat\u00e9gicas para optimizar las estrategias de entrada al mercado, el posicionamiento de productos y las campa\u00f1as de marketing.<\/p>\n\n\n\n<p><strong>Metodolog\u00edas de investigaci\u00f3n personalizadas<\/strong>:<\/p>\n\n\n\n<p><a href=\"https:\/\/twitter.com\/SISIntlResearch\" target=\"_blank\" rel=\"noopener\"><span style=\"font-weight: 400;\">SIS<\/span><\/a> dise\u00f1a metodolog\u00edas de investigaci\u00f3n personalizadas para abordar desaf\u00edos y objetivos comerciales \u00fanicos en el mercado austriaco.<\/p>\n\n\n\n<p><strong>Estrategias de mitigaci\u00f3n de riesgos<\/strong>:<\/p>\n\n\n\n<p>Al identificar los riesgos y desaf\u00edos del mercado, SIS International ayuda a las empresas a desarrollar estrategias proactivas de mitigaci\u00f3n de riesgos para operaciones sostenibles.<\/p>\n\n\n\n<p><strong>Toma de decisiones mejorada<\/strong>:<\/p>\n\n\n\n<p>Los conocimientos de SIS International permiten a las empresas tomar decisiones informadas que impulsen el crecimiento, la innovaci\u00f3n y la rentabilidad en Austria.<\/p>\n\n\n\n<p><strong>Optimizaci\u00f3n del retorno de la inversi\u00f3n<\/strong>:<\/p>\n\n\n\n<p>Los servicios de SIS International tienen como objetivo optimizar el retorno de la inversi\u00f3n (ROI) alineando las estrategias con las realidades del mercado y las demandas de los consumidores.<\/p>\n\n\n\n<h2 class=\"wp-block-heading\">Nuestra ubicaci\u00f3n de instalaciones en Nueva York<\/h2>\n\n\n\n<p>\n\n\n\n<iframe loading=\"lazy\" src=\"https:\/\/www.google.com\/maps\/embed?pb=!1m18!1m12!1m3!1d3022.976188376966!2d-73.99130312499956!3d40.740549471389315!2m3!1f0!2f0!3f0!3m2!1i1024!2i768!4f13.1!3m3!1m2!1s0x89c259a15798c731%3A0xd695d09bdd495f25!2s11%20E%2022nd%20St%20FL%202%2C%20New%20York%2C%20NY%2010010%2C%20USA!5e0!3m2!1sen!2spe!4v1726171763526!5m2!1sen!2spe\" width=\"600\" height=\"450\" allowfullscreen=\"allowfullscreen\" data-mce-fragment=\"1\"><\/iframe>\n\n\n\n<\/p>\n\n\n\n<h3 class=\"wp-block-heading\">11 E 22nd Street, piso 2, Nueva York, NY 10010 T: +1(212) 505-6805<\/h3>\n\n\n\n<hr class=\"wp-block-separator has-alpha-channel-opacity is-style-dots\"\/>\n\n\n\n<h2 class=\"wp-block-heading\"><strong>Acerca de SIS Internacional<\/strong><\/h2>\n\n\n\n<p><a href=\"https:\/\/www.sisinternational.com\/es\/\"><span style=\"font-weight: 400;\">SIS Internacional<\/span><\/a><span style=\"font-weight: 400;\"> ofrece investigaci\u00f3n cuantitativa, cualitativa y estrat\u00e9gica. Proporcionamos datos, herramientas, estrategias, informes y conocimientos para la toma de decisiones. Tambi\u00e9n realizamos entrevistas, encuestas, grupos focales y otros m\u00e9todos y enfoques de investigaci\u00f3n de mercado.<\/span><a href=\"https:\/\/www.sisinternational.com\/es\/sobre-la-investigacion-internacional-de-sis\/contact-sis-international-market-research\/\"><span style=\"font-weight: 400;\"> P\u00f3ngase en contacto con nosotros<\/span><\/a><span style=\"font-weight: 400;\"> para su pr\u00f3ximo proyecto de Investigaci\u00f3n de Mercado.<\/span><\/p>\n\n\n\n<h2 class=\"wp-block-heading\">&nbsp;<\/h2>\n\n\n\n<h2 class=\"wp-block-heading\">&nbsp;<\/h2>","protected":false},"excerpt":{"rendered":"<p>La incorporaci\u00f3n de Austria a la econom\u00eda mundial ha dado un salto cualitativo durante la \u00faltima d\u00e9cada. <\/p>","protected":false},"author":1,"featured_media":85239,"parent":14510,"menu_order":2,"comment_status":"closed","ping_status":"open","template":"","meta":{"footnotes":""},"class_list":["post-16895","page","type-page","status-publish","has-post-thumbnail"],"_links":{"self":[{"href":"https:\/\/www.sisinternational.com\/es\/wp-json\/wp\/v2\/pages\/16895","targetHints":{"allow":["GET"]}}],"collection":[{"href":"https:\/\/www.sisinternational.com\/es\/wp-json\/wp\/v2\/pages"}],"about":[{"href":"https:\/\/www.sisinternational.com\/es\/wp-json\/wp\/v2\/types\/page"}],"author":[{"embeddable":true,"href":"https:\/\/www.sisinternational.com\/es\/wp-json\/wp\/v2\/users\/1"}],"replies":[{"embeddable":true,"href":"https:\/\/www.sisinternational.com\/es\/wp-json\/wp\/v2\/comments?post=16895"}],"version-history":[{"count":9,"href":"https:\/\/www.sisinternational.com\/es\/wp-json\/wp\/v2\/pages\/16895\/revisions"}],"predecessor-version":[{"id":85240,"href":"https:\/\/www.sisinternational.com\/es\/wp-json\/wp\/v2\/pages\/16895\/revisions\/85240"}],"up":[{"embeddable":true,"href":"https:\/\/www.sisinternational.com\/es\/wp-json\/wp\/v2\/pages\/14510"}],"wp:featuredmedia":[{"embeddable":true,"href":"https:\/\/www.sisinternational.com\/es\/wp-json\/wp\/v2\/media\/85239"}],"wp:attachment":[{"href":"https:\/\/www.sisinternational.com\/es\/wp-json\/wp\/v2\/media?parent=16895"}],"curies":[{"name":"wp","href":"https:\/\/api.w.org\/{rel}","templated":true}]}}