{"id":16599,"date":"2015-06-14T04:01:01","date_gmt":"2015-06-14T04:01:01","guid":{"rendered":"https:\/\/www.sisinternational.com\/?page_id=16599"},"modified":"2026-01-24T19:13:12","modified_gmt":"2026-01-25T00:13:12","slug":"investigacion-de-mercado-de-bric","status":"publish","type":"page","link":"https:\/\/www.sisinternational.com\/es\/pericia\/investigacion-de-mercado-de-bric\/","title":{"rendered":"Investigaci\u00f3n de Mercado BRIC (Brasil, Rusia, India y China)"},"content":{"rendered":"<div style=\"height:35px\" aria-hidden=\"true\" class=\"wp-block-spacer\"><\/div>\n\n\n\n<!DOCTYPE html>\n<html lang=\"en\">\n<head>\n    <meta charset=\"UTF-8\">\n    <meta name=\"viewport\" content=\"width=device-width, initial-scale=1.0\">\n    <title>Gradient Heading<\/title>\n<\/head>\n<body>\n    <h2 style=\"background: linear-gradient(to right, #001f3f 0%, #003d7a 30%, #1e90ff 70%, #74c0fc 100%); background: -webkit-linear-gradient(left, #001f3f 0%, #003d7a 30%, #1e90ff 70%, #74c0fc 100%); -webkit-background-clip: text; -webkit-text-fill-color: transparent; background-clip: text; font-size: 2.5rem; font-weight: 700; line-height: 1.2; display: inline-block; margin: 0 0 0 20px;\">BRIC Market Research<\/h2>\n<\/body>\n<\/html>\n\n\n\n<div style=\"height:38px\" aria-hidden=\"true\" class=\"wp-block-spacer\"><\/div>\n\n\n\n<figure class=\"gb-block-image gb-block-image-e195bdb2\"><img loading=\"lazy\" decoding=\"async\" width=\"1456\" height=\"816\" class=\"gb-image gb-image-e195bdb2\" src=\"https:\/\/www.sisinternational.com\/wp-content\/uploads\/2025\/09\/Brazil-4.jpg\" alt=\"Investigaci\u00f3n y estrategia de mercado internacional de SIS\" title=\"Brazil (4)\" srcset=\"https:\/\/www.sisinternational.com\/wp-content\/uploads\/2025\/09\/Brazil-4.jpg 1456w, https:\/\/www.sisinternational.com\/wp-content\/uploads\/2025\/09\/Brazil-4-300x168.jpg 300w, https:\/\/www.sisinternational.com\/wp-content\/uploads\/2025\/09\/Brazil-4-1024x574.jpg 1024w, https:\/\/www.sisinternational.com\/wp-content\/uploads\/2025\/09\/Brazil-4-768x430.jpg 768w, https:\/\/www.sisinternational.com\/wp-content\/uploads\/2025\/09\/Brazil-4-18x10.jpg 18w\" sizes=\"auto, (max-width: 1456px) 100vw, 1456px\"><\/figure>\n\n\n\n<hr class=\"wp-block-separator has-alpha-channel-opacity is-style-dots\"\/>\n\n\n<div class=\"gb-container gb-container-2a916115\">\n\n<p>Las econom\u00edas en desarrollo como Brasil, China, India y Rusia, tambi\u00e9n conocidas como pa\u00edses BRIC, suelen ser fundamentales para este esfuerzo, ya que ofrecen el mayor potencial para una futura expansi\u00f3n.<\/p>\n\n\n\n<blockquote class=\"wp-block-quote is-layout-flow wp-block-quote-is-layout-flow\">\n<p>El entorno empresarial actual es global. Con r\u00e1pidos avances tecnol\u00f3gicos y desarrollos econ\u00f3micos, las empresas comienzan a operar internacionalmente para aprovechar las oportunidades de crecimiento global.<\/p>\n<\/blockquote>\n\n\n\n<h1 class=\"gb-headline gb-headline-a428afc0 gb-headline-text\"><strong>\u00bfQu\u00e9 es la investigaci\u00f3n de mercado BRIC?<\/strong><\/h1>\n\n\n\n<p>La investigaci\u00f3n de mercado BRIC se refiere al estudio y an\u00e1lisis de las econom\u00edas y mercados de los cuatro principales pa\u00edses emergentes: Brasil, Rusia, India y China. Estos pa\u00edses se conocen colectivamente como BRIC, t\u00e9rmino acu\u00f1ado por Goldman Sachs en 2001 para resaltar su potencial como importantes actores econ\u00f3micos globales.<\/p>\n\n\n\n<blockquote class=\"wp-block-quote is-layout-flow wp-block-quote-is-layout-flow\">\n<p>Los mercados emergentes pueden ofrecer retornos potencialmente enormes para las organizaciones que comprenden el mercado extranjero y sus clientes extranjeros.<\/p>\n<\/blockquote>\n\n\n\n<p>Sin embargo, existen diferentes desaf\u00edos relacionados con diversas condiciones pol\u00edticas, legislativas, econ\u00f3micas, culturales y de infraestructura.<\/p>\n\n\n\n<p>These challenges have significant impact upon the whole research process and methodology, as well as significant cost implications which usually turn out to be much higher due to unpredictability of conducting <a href=\"https:\/\/www.sisinternational.com\/es\/investigacion-de-mercado-milenial-en-china\/\" title=\"Investigaci\u00f3n de mercado milenial en China\"  data-wpil-monitor-id=\"2546\">research in foreign markets<\/a>. In some markets, information is not readily available while access to strategic information can be a competitive advantage.<\/p>\n\n\n\n<p>SIS ayuda a superar estos desaf\u00edos para brindar esta ventaja. Con m\u00e1s de 30 a\u00f1os de experiencia, gesti\u00f3n eficiente de proyectos y recursos locales multiling\u00fces, SIS une el proceso de investigaci\u00f3n de mercado BRIC brindando valor a los clientes.<\/p>\n\n\n\n<h2 class=\"gb-headline gb-headline-8946c37c gb-headline-text\"><strong><strong>Comprender a los clientes<\/strong><\/strong><\/h2>\n\n\n\n<p>Si bien la investigaci\u00f3n de clientes internacionales tiene el potencial de revelar conocimientos vitales para una empresa, tambi\u00e9n presenta barreras importantes para los investigadores de mercado. Las necesidades de los clientes son din\u00e1micas, cambian r\u00e1pidamente y son dif\u00edciles de predecir para muchos gerentes. Estas necesidades son a\u00fan m\u00e1s dif\u00edciles de identificar para clientes del otro lado del mundo con valores culturales completamente diferentes.<\/p>\n\n\n\n<p>La investigaci\u00f3n sobre el comportamiento del comprador, las preferencias de marca, las actitudes, los estudios de conocimiento de la marca, los estudios sobre el comportamiento de compra y los estudios de segmentaci\u00f3n del consumidor son ejemplos de estudios incluidos en la investigaci\u00f3n del cliente que podr\u00edan realizarse para obtener una mejor comprensi\u00f3n de las necesidades de los clientes extranjeros.<\/p>\n\n\n\n<p>SIS International with its global customer research knowledge has offices worldwide including the emerging continents <a href=\"https:\/\/www.sisinternational.com\/es\/marketing-b2b-china\/\" title=\"Marketing B2B en China\"  data-wpil-monitor-id=\"2589\">Asia and South America offering these BRIC<\/a> Market Research services. This local presence also means that SIS adapts and customizes their global customer research solutions specifically to each locality or culture in which the research is conducted.<\/p>\n\n\n\n<figure class=\"gb-block-image gb-block-image-70b41726\"><img loading=\"lazy\" decoding=\"async\" width=\"1456\" height=\"816\" class=\"gb-image gb-image-70b41726\" src=\"https:\/\/www.sisinternational.com\/wp-content\/uploads\/2025\/08\/Global-8.jpg\" alt=\"Investigaci\u00f3n y estrategia de mercado internacional de SIS\" title=\"Global (8)\" srcset=\"https:\/\/www.sisinternational.com\/wp-content\/uploads\/2025\/08\/Global-8.jpg 1456w, https:\/\/www.sisinternational.com\/wp-content\/uploads\/2025\/08\/Global-8-300x168.jpg 300w, https:\/\/www.sisinternational.com\/wp-content\/uploads\/2025\/08\/Global-8-1024x574.jpg 1024w, https:\/\/www.sisinternational.com\/wp-content\/uploads\/2025\/08\/Global-8-768x430.jpg 768w, https:\/\/www.sisinternational.com\/wp-content\/uploads\/2025\/08\/Global-8-18x10.jpg 18w\" sizes=\"auto, (max-width: 1456px) 100vw, 1456px\"><\/figure>\n\n\n\n<p><\/p>\n\n\n\n<h2 class=\"gb-headline gb-headline-47756c1f gb-headline-text\"><strong><strong><strong>Comprender las organizaciones y las industrias<\/strong><\/strong><\/strong><\/h2>\n\n\n\n<p>La din\u00e1mica organizacional puede ser compleja. Sin embargo, las empresas, sus sistemas y procesos pueden ser la fuente de una ventaja competitiva. La recopilaci\u00f3n de informaci\u00f3n incisiva puede ayudar a las empresas a desarrollar ventajas que pocos pueden replicar.<\/p>\n\n\n\n<p>Recopilar esta informaci\u00f3n sobre empresas extranjeras no es tan sencillo. La informaci\u00f3n sobre los mercados extranjeros puede ser limitada debido a diferentes expectativas con respecto a la cantidad y\/o frecuencia de publicaci\u00f3n de informaci\u00f3n disponible p\u00fablicamente. Otras barreras pueden ser las regulaciones gubernamentales con respecto a la publicaci\u00f3n de informaci\u00f3n corporativa y las barreras del idioma.<\/p>\n\n\n\n<h3 class=\"gb-headline gb-headline-39f0d57a gb-headline-text\"><strong><strong><strong><strong>SIS aprovecha su red mundial con m\u00e1s de 40 a\u00f1os de experiencia.<\/strong><\/strong><\/strong><\/strong><\/h3>\n\n\n\n<p>Llevamos a cabo estudios de mercado BRIC de evaluaci\u00f3n comparativa de competidores internacionales, servicios de inteligencia empresarial y de inteligencia competitiva y capacitaci\u00f3n en an\u00e1lisis competitivo para superar con \u00e9xito las barreras internacionales que las empresas individuales pueden enfrentar.<\/p>\n\n\n\n<p>Estos servicios ayudan a desarrollar las capacidades de la empresa para recopilar y analizar la informaci\u00f3n correcta sobre el mercado extranjero y comprender las mejores pr\u00e1cticas y los movimientos de la competencia. SIS tambi\u00e9n utiliza su enfoque de investigaci\u00f3n integrada que aprovecha varios niveles de conocimiento para obtener una visi\u00f3n completa del mercado y antecedentes corporativos basados en la estrategia de mercado para consultar a las empresas sobre las fortalezas y debilidades de sus competidores, sus intenciones y su posici\u00f3n en comparaci\u00f3n con su empresa, incluso en mercados en los que es Es dif\u00edcil realizar investigaciones de mercado BRIC.<\/p>\n\n\n\n<h4 class=\"gb-headline gb-headline-4c3c9864 gb-headline-text\"><strong><strong><strong><strong><strong>Crecer en nuevos mercados: entrada al mercado e investigaci\u00f3n de oportunidades<\/strong><\/strong><\/strong><\/strong><\/strong><\/h4>\n\n\n\n<p>Econom\u00edas como Brasil, China, India y Rusia se est\u00e1n desarrollando y los pron\u00f3sticos son que estos mercados causar\u00e1n un cambio de poder de las econom\u00edas m\u00e1s establecidas dentro de un par de a\u00f1os. Estos mercados est\u00e1n &quot;en auge&quot; y pueden ofrecer muchas oportunidades de crecimiento global para las empresas a las que les gusta expandirse internacionalmente.<\/p>\n\n\n\n<p>Los mercados emergentes a menudo se caracterizan por inestabilidad pol\u00edtica, barreras culturales, brechas tecnol\u00f3gicas, informaci\u00f3n inexacta y datos inconsistentes entre diversas fuentes. Comprender los mercados m\u00e1s emergentes requiere la experiencia y la comprensi\u00f3n de los clientes en transici\u00f3n.<\/p>\n\n\n\n<p>Adem\u00e1s, ingresar a las econom\u00edas desarrolladas tambi\u00e9n puede ser un desaf\u00edo. La recesi\u00f3n, los mercados saturados, la erosi\u00f3n de los precios, la r\u00e1pida adopci\u00f3n tecnol\u00f3gica y el cambio de clientes han aumentado la dificultad de ingresar a un mercado desarrollado con productos\/servicios que tienen el potencial de convertirse en un \u00e9xito.<\/p>\n\n\n\n<blockquote class=\"wp-block-quote is-layout-flow wp-block-quote-is-layout-flow\">\n<p><a class=\"wpil_keyword_link\" href=\"https:\/\/www.sisinternational.com\/es\/soluciones\/consultoria-estrategica\/investigacion-de-oportunidades-de-entrada-al-mercado\/\"   title=\"Investigaci\u00f3n de oportunidades y entrada al mercado\" data-wpil-keyword-link=\"linked\"  data-wpil-monitor-id=\"789\">Market Entry and Opportunity research<\/a> delivers critical insight and strategy on Branding, Pricing and Competition.<\/p>\n<\/blockquote>\n\n\n\n<p>Our BRIC Market Research services include market tracking, intellectual property research and risk analysis.&nbsp; Additionally our&nbsp;integrated approach allows for flexibility and creativity and nuances cultural differences which is vital for conducting this type of research and provide you with an extensive strategic report on adaption, customer value and cultural imperatives and other strategic issues guiding you to a successful foreign market entry.<\/p>\n\n\n\n<h4 class=\"gb-headline gb-headline-08ea1942 gb-headline-text\"><strong><strong><strong><strong><strong>M\u00e1s de 40 a\u00f1os de experiencia excepcional en investigaci\u00f3n de mercado BRIC<\/strong><\/strong><\/strong><\/strong><\/strong><\/h4>\n\n\n\n<p>SIS lleva a cabo estudios de mercado e inteligencia de mercado de servicio completo en mercados emergentes. Con su fuerte presencia en Brasil, China, India y Rusia, tiene entrada a los 4 mercados m\u00e1s atractivos para su expansi\u00f3n.<\/p>\n\n<\/div>","protected":false},"excerpt":{"rendered":"<p>SIS es l\u00edder mundial en investigaci\u00f3n de mercados internacionales. SIS realiza investigaciones de mercado globales cualitativas y cuantitativas. Aprende m\u00e1s.<\/p>","protected":false},"author":1,"featured_media":66218,"parent":14514,"menu_order":21,"comment_status":"closed","ping_status":"open","template":"","meta":{"footnotes":""},"class_list":["post-16599","page","type-page","status-publish","has-post-thumbnail"],"_links":{"self":[{"href":"https:\/\/www.sisinternational.com\/es\/wp-json\/wp\/v2\/pages\/16599","targetHints":{"allow":["GET"]}}],"collection":[{"href":"https:\/\/www.sisinternational.com\/es\/wp-json\/wp\/v2\/pages"}],"about":[{"href":"https:\/\/www.sisinternational.com\/es\/wp-json\/wp\/v2\/types\/page"}],"author":[{"embeddable":true,"href":"https:\/\/www.sisinternational.com\/es\/wp-json\/wp\/v2\/users\/1"}],"replies":[{"embeddable":true,"href":"https:\/\/www.sisinternational.com\/es\/wp-json\/wp\/v2\/comments?post=16599"}],"version-history":[{"count":22,"href":"https:\/\/www.sisinternational.com\/es\/wp-json\/wp\/v2\/pages\/16599\/revisions"}],"predecessor-version":[{"id":76940,"href":"https:\/\/www.sisinternational.com\/es\/wp-json\/wp\/v2\/pages\/16599\/revisions\/76940"}],"up":[{"embeddable":true,"href":"https:\/\/www.sisinternational.com\/es\/wp-json\/wp\/v2\/pages\/14514"}],"wp:featuredmedia":[{"embeddable":true,"href":"https:\/\/www.sisinternational.com\/es\/wp-json\/wp\/v2\/media\/66218"}],"wp:attachment":[{"href":"https:\/\/www.sisinternational.com\/es\/wp-json\/wp\/v2\/media?parent=16599"}],"curies":[{"name":"wp","href":"https:\/\/api.w.org\/{rel}","templated":true}]}}