{"id":16544,"date":"2015-06-14T01:33:43","date_gmt":"2015-06-14T01:33:43","guid":{"rendered":"https:\/\/www.sisinternational.com\/?page_id=16544"},"modified":"2026-01-24T18:02:36","modified_gmt":"2026-01-24T23:02:36","slug":"investigacion-de-mercado-minorista","status":"publish","type":"page","link":"https:\/\/www.sisinternational.com\/es\/soluciones\/soluciones-de-branding-e-investigacion-de-clientes\/investigacion-de-mercado-minorista\/","title":{"rendered":"Investigaci\u00f3n de mercado minorista | Investigaci\u00f3n de mercado en la tienda"},"content":{"rendered":"<h1 class=\"wp-block-heading\">Investigaci\u00f3n de mercado minorista de SIS | Investigaci\u00f3n de mercado en la tienda<\/h1>\n\n\n\n<figure class=\"gb-block-image gb-block-image-4f181d5b\"><img loading=\"lazy\" decoding=\"async\" width=\"1456\" height=\"816\" class=\"gb-image gb-image-4f181d5b\" src=\"https:\/\/www.sisinternational.com\/wp-content\/uploads\/2025\/08\/Retail-22.jpg\" srcset=\"https:\/\/www.sisinternational.com\/wp-content\/uploads\/2025\/08\/Retail-22.jpg 1456w, https:\/\/www.sisinternational.com\/wp-content\/uploads\/2025\/08\/Retail-22-300x168.jpg 300w, https:\/\/www.sisinternational.com\/wp-content\/uploads\/2025\/08\/Retail-22-1024x574.jpg 1024w, https:\/\/www.sisinternational.com\/wp-content\/uploads\/2025\/08\/Retail-22-768x430.jpg 768w, https:\/\/www.sisinternational.com\/wp-content\/uploads\/2025\/08\/Retail-22-18x10.jpg 18w\" sizes=\"auto, (max-width: 1456px) 100vw, 1456px\" alt=\"Investigaci\u00f3n y estrategia de mercado internacional de SIS\"><\/figure>\n\n\n\n<p><\/p>\n\n\n\n<p><\/p>\n\n\n\n<h2 class=\"wp-block-heading\">La investigaci\u00f3n de mercado minorista de SIS proporciona informaci\u00f3n detallada sobre c\u00f3mo interact\u00faan los consumidores en entornos minoristas.<\/h2>\n\n\n\n<h3 class=\"wp-block-heading\">A trav\u00e9s de interceptaciones de tiendas y calles, seguimiento de tiendas, investigaci\u00f3n etnogr\u00e1fica y otros m\u00e9todos, esta investigaci\u00f3n puede proporcionar informaci\u00f3n detallada para ayudar a las empresas a desarrollar mercados eficaces.<\/h3>\n\n\n\n<h3 class=\"wp-block-heading\">Our retail market&nbsp;research provides insight into:<\/h3>\n\n\n\n<ul class=\"wp-block-list\">\n<li>Mejores pr\u00e1cticas<\/li>\n\n\n\n<li>Comportamiento<\/li>\n\n\n\n<li>Las necesidades del cliente<\/li>\n\n\n\n<li>Dise\u00f1o de punto de contacto y participaci\u00f3n del cliente<\/li>\n\n\n\n<li>Inteligencia de canal<\/li>\n\n\n\n<li>Visi\u00f3n competitiva<\/li>\n\n\n\n<li>Datos de conversi\u00f3n<\/li>\n\n\n\n<li><a href=\"https:\/\/www.sisinternational.com\/es\/soluciones\/investigacion-de-consultoria-estrategica-fintech\/consultoria-de-adquisicion-de-clientes-de-servicios-financieros\/\" title=\"Consultor\u00eda de adquisici\u00f3n de clientes de servicios financieros\"  data-wpil-monitor-id=\"9688\">Experiencia y servicio al cliente.<\/a><\/li>\n\n\n\n<li>Distribuci\u00f3n del piso<\/li>\n\n\n\n<li>Displays en tiendas y puntos de compra (PoP)<\/li>\n\n\n\n<li>Mensajer\u00eda<\/li>\n\n\n\n<li>Motivaci\u00f3n, percepci\u00f3n y actitudes<\/li>\n\n\n\n<li>Puntos de dolor<\/li>\n\n\n\n<li>Pricing, <a href=\"https:\/\/www.sisinternational.com\/es\/pericia\/curriculums-de-experiencia\/estudio-de-mercado-de-productos-de-cuidado-personal\/\" title=\"Investigaci\u00f3n de mercado de productos de cuidado personal\"  data-wpil-monitor-id=\"9685\">product and marketing<\/a> mix insight<\/li>\n\n\n\n<li>Efectividad promocional<\/li>\n\n\n\n<li>H\u00e1bitos de compra<\/li>\n\n\n\n<li>Diferencias regionales<\/li>\n\n\n\n<li>H\u00e1bitos de transporte<\/li>\n<\/ul>\n\n\n\n<h2 class=\"wp-block-heading\">Auditor\u00edas de partes interesadas y auditor\u00edas de tiendas<\/h2>\n\n\n\n<h3 class=\"wp-block-heading\">Las auditor\u00edas de las partes interesadas permiten a las empresas realizar un seguimiento objetivo de su desempe\u00f1o y comprender mejor c\u00f3mo satisfacer a sus electores m\u00e1s importantes.<\/h3>\n\n\n\n<h3 class=\"wp-block-heading\">Nuestra fortaleza en las auditor\u00edas de partes interesadas se origina en nuestro enfoque de recopilar informaci\u00f3n entre todos los componentes del mercado para obtener informaci\u00f3n completa sobre todo el panorama del mercado.<\/h3>\n\n\n\n<p>Our approach provides flexibility for our researchers to probe beyond spoken words and across borders. Further, our past experience and <a href=\"https:\/\/www.sisinternational.com\/es\/investigacion-de-mercado-economia-colaborativa\/\" title=\"Investigaci\u00f3n de Mercado en la Econom\u00eda Colaborativa\"  data-wpil-monitor-id=\"1929\">thought leadership in Generational Market Research<\/a> allows us to interact with and understand age segments in their own terms.<\/p>\n\n\n\n<p>Our Stakeholder Audit studies can involve a <a href=\"https:\/\/www.sisinternational.com\/es\/pericia\/industrias\/consultoria-de-marketing-experiencial-para-tiendas-emergentes-minoristas\/\" title=\"Consultor\u00eda de marketing experiencial para tiendas emergentes minoristas\"  data-wpil-monitor-id=\"9699\">Store Audit component at the retail<\/a> level. Companies discover how much a <a href=\"https:\/\/www.sisinternational.com\/es\/soluciones\/soluciones-de-branding-e-investigacion-de-clientes\/investigacion-de-mercado-de-pruebas-de-productos\/pruebas-de-productos-minoristas-en-nueva-york-sobre-los-angeles\/\" title=\"La ventaja de realizar pruebas de productos minoristas en Nueva York en comparaci\u00f3n con Los \u00c1ngeles\"  data-wpil-monitor-id=\"9691\">product has been sold by retail<\/a> location, the effectiveness of their own and competitors\u2019 promotional strategies, insight about retailer infrastructure, the satisfaction of retailers and new opportunities.<\/p>\n\n\n\n<h2 class=\"wp-block-heading\">Estudio de caso: Auditor\u00eda global de partes interesadas<\/h2>\n\n\n\n<h3 class=\"wp-block-heading\">Un ejemplo de ello es nuestra ejecuci\u00f3n plurianual de un estudio de seguimiento de partes interesadas en 20 pa\u00edses para una importante empresa de tarjetas de cr\u00e9dito.<\/h3>\n\n\n\n<p>SIS interviewed merchant stakeholders at the local retail level to determine where the card was accepted, to identify why the card was not accepted and to specify where opportunities remained. We conducted the research in over 15 languages and delivered strategic <a href=\"https:\/\/www.sisinternational.com\/es\/soluciones\/soluciones-de-investigacion-cualitativa-cuantitativa\/analisis-de-chaid-investigacion-de-mercado\/\" title=\"An\u00e1lisis CHAID Investigaci\u00f3n de Mercado\"  data-wpil-monitor-id=\"9694\">analysis<\/a> to the client to guide their marketing program.<\/p>\n\n\n\n<h2 class=\"wp-block-heading\">Estudio de caso: Auditor\u00eda de las partes interesadas de EE. UU.<\/h2>\n\n\n\n<h3 class=\"wp-block-heading\">SIS llev\u00f3 a cabo un estudio de las partes interesadas de las empresas locales en Chinatown para el gobierno de la ciudad de Nueva York.<\/h3>\n\n\n\n<p>Nuestro <a href=\"https:\/\/www.sisinternational.com\/es\/soluciones\/soluciones-de-investigacion-cualitativa-cuantitativa\/entrevistas-telefonicas-investigacion-de-mercado\/\" title=\"Investigaci\u00f3n de mercado de entrevistas telef\u00f3nicas en profundidad\"  data-wpil-monitor-id=\"9696\">researchers conducted 306 face-to-face interviews<\/a> in Mandarin and Cantonese. The outcome was a socioeconomic analysis for an environmental impact statement regarding their views on a new Security Zone in the area.<\/p>","protected":false},"excerpt":{"rendered":"<p>Realizamos auditor\u00edas de tiendas, interceptaciones de tiendas, acompa\u00f1amientos de tiendas y entrevistas etnogr\u00e1ficas.<\/p>","protected":false},"author":1,"featured_media":62497,"parent":14650,"menu_order":4,"comment_status":"open","ping_status":"open","template":"","meta":{"footnotes":""},"class_list":["post-16544","page","type-page","status-publish","has-post-thumbnail"],"_links":{"self":[{"href":"https:\/\/www.sisinternational.com\/es\/wp-json\/wp\/v2\/pages\/16544","targetHints":{"allow":["GET"]}}],"collection":[{"href":"https:\/\/www.sisinternational.com\/es\/wp-json\/wp\/v2\/pages"}],"about":[{"href":"https:\/\/www.sisinternational.com\/es\/wp-json\/wp\/v2\/types\/page"}],"author":[{"embeddable":true,"href":"https:\/\/www.sisinternational.com\/es\/wp-json\/wp\/v2\/users\/1"}],"replies":[{"embeddable":true,"href":"https:\/\/www.sisinternational.com\/es\/wp-json\/wp\/v2\/comments?post=16544"}],"version-history":[{"count":7,"href":"https:\/\/www.sisinternational.com\/es\/wp-json\/wp\/v2\/pages\/16544\/revisions"}],"predecessor-version":[{"id":81616,"href":"https:\/\/www.sisinternational.com\/es\/wp-json\/wp\/v2\/pages\/16544\/revisions\/81616"}],"up":[{"embeddable":true,"href":"https:\/\/www.sisinternational.com\/es\/wp-json\/wp\/v2\/pages\/14650"}],"wp:featuredmedia":[{"embeddable":true,"href":"https:\/\/www.sisinternational.com\/es\/wp-json\/wp\/v2\/media\/62497"}],"wp:attachment":[{"href":"https:\/\/www.sisinternational.com\/es\/wp-json\/wp\/v2\/media?parent=16544"}],"curies":[{"name":"wp","href":"https:\/\/api.w.org\/{rel}","templated":true}]}}