{"id":16424,"date":"2015-06-11T01:06:49","date_gmt":"2015-06-11T01:06:49","guid":{"rendered":"https:\/\/www.sisinternational.com\/?page_id=16424"},"modified":"2026-01-27T16:44:18","modified_gmt":"2026-01-27T21:44:18","slug":"empresa-de-investigacion-de-mercado-de-los-angeles","status":"publish","type":"page","link":"https:\/\/www.sisinternational.com\/es\/cobertura\/north-america\/cobertura-de-estados-unidos\/empresa-de-investigacion-de-mercado-de-los-angeles\/","title":{"rendered":"Empresa de investigaci\u00f3n de mercado de Los \u00c1ngeles"},"content":{"rendered":"<h1 class=\"wp-block-heading\">Empresa de investigaci\u00f3n de mercado de Los \u00c1ngeles<\/h1>\n\n\n\n<figure class=\"gb-block-image gb-block-image-d7ac7180\"><img loading=\"lazy\" decoding=\"async\" width=\"1456\" height=\"816\" class=\"gb-image gb-image-d7ac7180\" src=\"https:\/\/www.sisinternational.com\/wp-content\/uploads\/2025\/09\/Los-Angeles-3.jpg\" srcset=\"https:\/\/www.sisinternational.com\/wp-content\/uploads\/2025\/09\/Los-Angeles-3.jpg 1456w, https:\/\/www.sisinternational.com\/wp-content\/uploads\/2025\/09\/Los-Angeles-3-300x168.jpg 300w, https:\/\/www.sisinternational.com\/wp-content\/uploads\/2025\/09\/Los-Angeles-3-1024x574.jpg 1024w, https:\/\/www.sisinternational.com\/wp-content\/uploads\/2025\/09\/Los-Angeles-3-768x430.jpg 768w, https:\/\/www.sisinternational.com\/wp-content\/uploads\/2025\/09\/Los-Angeles-3-18x10.jpg 18w\" sizes=\"auto, (max-width: 1456px) 100vw, 1456px\" alt=\"Investigaci\u00f3n y estrategia de mercado internacional de SIS\"><\/figure>\n\n\n\n<p><\/p>\n\n\n\n<h3 class=\"wp-block-heading\">\u00bfC\u00f3mo puede una firma de investigaci\u00f3n de mercado de primer nivel de Los \u00c1ngeles ayudarlo a obtener la ventaja competitiva necesaria para tener \u00e9xito en uno de los mercados m\u00e1s din\u00e1micos del mundo?<\/h3>\n\n\n\n<p>Nuestra diversa y altamente calificada firma de investigaci\u00f3n de mercado de Los \u00c1ngeles brinda estrategia comercial de servicio completo, investigaci\u00f3n de productos, pruebas de productos, estrategia de ventas, comportamiento del consumidor y soluciones de consultor\u00eda personalizadas que generan resultados tangibles para nuestros clientes. Entendemos las necesidades de los clientes nacionales e internacionales y tenemos afinidad por hacer que los m\u00e9todos de investigaci\u00f3n primarios y secundarios funcionen para las empresas de Los \u00c1ngeles.<\/p>\n\n\n\n<h2 class=\"wp-block-heading\">\u00bfQu\u00e9 distingue a SIS como una empresa l\u00edder en investigaci\u00f3n de mercado de Los \u00c1ngeles?<\/h2>\n\n\n\n<p>The value of specialized local knowledge is key in the sprawling urban expanse of Los Angeles, where industries as diverse as entertainment, technology, and manufacturing intersect. SIS International is a best-in-class Los Angeles <a href=\"https:\/\/www.sisinternational.com\/es\/empresa-de-investigacion-de-mercado-multilingue\/\" title=\"Empresa multiling\u00fce de investigaci\u00f3n de mercados y estrategias.\"  data-wpil-monitor-id=\"1958\">market research firm<\/a> that leverages deep regional insights and global experience. Our firm&#8217;s unique approach involves a blend of advanced analytics, bespoke research methodologies, and real-time data collection that are specifically tailored to the nuances of the Los Angeles marketplace.<\/p>\n\n\n\n<p>En primer lugar, SIS International emplea tecnolog\u00eda de \u00faltima generaci\u00f3n para recopilar y analizar datos, garantizando que nuestros clientes reciban la informaci\u00f3n m\u00e1s precisa y procesable. Esto incluye el uso de an\u00e1lisis basados en IA y sofisticadas herramientas de visualizaci\u00f3n de datos que dan vida a conjuntos de datos complejos. Adem\u00e1s, nuestro equipo est\u00e1 formado por expertos que se destacan en la investigaci\u00f3n cuantitativa y cualitativa y tienen un profundo conocimiento del panorama econ\u00f3mico y el entorno cultural de Los \u00c1ngeles.<\/p>\n\n\n\n<p>Adem\u00e1s, el compromiso de SIS International con la innovaci\u00f3n en la investigaci\u00f3n de mercado de Los \u00c1ngeles nos permite anticipar las tendencias y cambios del mercado en lugar de simplemente reaccionar ante ellos. Este enfoque proactivo permite a nuestros clientes mantenerse a la vanguardia, tomando decisiones estrat\u00e9gicas que capitalicen las oportunidades emergentes.<\/p>\n\n\n\n<h2 class=\"wp-block-heading\">Beneficios de contratar una de las principales empresas de investigaci\u00f3n de mercado de Los \u00c1ngeles como SIS<\/h2>\n\n\n\n<h4 class=\"wp-block-heading\">Una empresa de investigaci\u00f3n de mercado de Los \u00c1ngeles es su puerta de entrada para comprender este mercado \u00fanico y le brinda las herramientas y los conocimientos necesarios para sobresalir.<\/h4>\n\n\n\n<p>Choosing a top Los Angeles <a href=\"https:\/\/www.sisinternational.com\/es\/pericia\/industrias\/investigacion-de-mercado-de-la-empresa-de-diseno\/\" title=\"Investigaci\u00f3n de mercado de empresas de dise\u00f1o\"  data-wpil-monitor-id=\"5599\">market research firm<\/a> like ours offers many benefits that extend far beyond basic market understanding. Our comprehensive services enable businesses to identify and fully exploit the potential within the Los Angeles market.<\/p>\n\n\n\n<p><strong>Informaci\u00f3n localizada para estrategias espec\u00edficas<\/strong>:<\/p>\n\n\n\n<ul class=\"wp-block-list\">\n<li>Nuestra firma proporciona informaci\u00f3n detallada y espec\u00edfica para el \u00e1rea de Los \u00c1ngeles, lo que permite a las empresas desarrollar estrategias espec\u00edficas que resuenan con la demograf\u00eda local. Este enfoque localizado es crucial en una ciudad conocida por su base de consumidores diversa y en evoluci\u00f3n.<\/li>\n<\/ul>\n\n\n\n<p><strong>Ventaja competitiva a trav\u00e9s de an\u00e1lisis avanzado<\/strong>:<\/p>\n\n\n\n<ul class=\"wp-block-list\">\n<li>SIS International emplea t\u00e9cnicas anal\u00edticas avanzadas para analizar la din\u00e1mica del mercado y el comportamiento del consumidor. Esta profundidad de an\u00e1lisis ofrece a los clientes una ventaja competitiva, ya que pueden anticipar cambios en las preferencias de los consumidores y las condiciones del mercado m\u00e1s r\u00e1pido que sus competidores.<\/li>\n<\/ul>\n\n\n\n<p><strong>Soluciones personalizadas para diversas industrias<\/strong>:<\/p>\n\n\n\n<ul class=\"wp-block-list\">\n<li>Ya sea que se dedique al entretenimiento, la tecnolog\u00eda o la fabricaci\u00f3n, nuestra investigaci\u00f3n est\u00e1 personalizada para satisfacer los desaf\u00edos y oportunidades espec\u00edficos de su industria. Este enfoque personalizado garantiza que las estrategias sean efectivas y relevantes para su contexto empresarial.<\/li>\n<\/ul>\n\n\n\n<p><strong>Asociaci\u00f3n a largo plazo para un crecimiento continuo<\/strong>:<\/p>\n\n\n\n<ul class=\"wp-block-list\">\n<li>Nuestro compromiso no termina con un solo proyecto. SIS International cree en la construcci\u00f3n de asociaciones a largo plazo y en brindar an\u00e1lisis y apoyo continuos para ayudar a las empresas a adaptarse y crecer continuamente dentro del mercado de Los \u00c1ngeles.<\/li>\n<\/ul>\n\n\n\n<h2 class=\"wp-block-heading\">\u00bfQui\u00e9n necesita una empresa de investigaci\u00f3n de mercado de Los \u00c1ngeles para ingresar exitosamente al mercado?<\/h2>\n\n\n\n<p>Ingresar al mercado de Los \u00c1ngeles presenta desaf\u00edos y oportunidades \u00fanicos que var\u00edan significativamente entre las diferentes industrias. Una empresa de investigaci\u00f3n de mercado de Los \u00c1ngeles como SIS International es crucial para cualquier empresa, ya sea nueva, mediana o grande, que desee navegar con \u00e9xito en este complejo panorama.<\/p>\n\n\n\n<p><strong>Startups y nuevos participantes<\/strong>:<\/p>\n\n\n\n<ul class=\"wp-block-list\">\n<li>Comprender el comportamiento del consumidor local, los niveles de competencia y el entorno regulatorio es vital para las nuevas empresas. Podemos proporcionar estos conocimientos, reduciendo significativamente los riesgos asociados con la entrada a un nuevo mercado y ayudando a ajustar las ofertas de productos y las estrategias de marketing a los gustos y preferencias locales.<\/li>\n<\/ul>\n\n\n\n<p><strong>Empresas medianas que buscan expandirse<\/strong>:<\/p>\n\n\n\n<ul class=\"wp-block-list\">\n<li>Las medianas empresas pueden beneficiarse de un an\u00e1lisis de mercado detallado para identificar oportunidades de crecimiento dentro del \u00e1rea de Los \u00c1ngeles. Ya sea explorando nuevos segmentos demogr\u00e1ficos o expandi\u00e9ndose a nuevas l\u00edneas de productos, la investigaci\u00f3n detallada ayuda a garantizar que los esfuerzos de expansi\u00f3n est\u00e9n bien dirigidos y sean efectivos.<\/li>\n<\/ul>\n\n\n\n<p><strong>Grandes corporaciones que buscan consolidarse<\/strong>:<\/p>\n\n\n\n<ul class=\"wp-block-list\">\n<li>Una investigaci\u00f3n de mercado exhaustiva es fundamental para que las grandes corporaciones consoliden su presencia y optimicen sus operaciones. Los estudios en profundidad de la log\u00edstica de la cadena de suministro, el an\u00e1lisis de la competencia y la satisfacci\u00f3n del consumidor pueden ayudar a estas empresas a mantener una ventaja competitiva en un mercado saturado.<\/li>\n<\/ul>\n\n\n\n<p><strong>Empresas internacionales que exploran la entrada a EE. UU.<\/strong>:<\/p>\n\n\n\n<ul class=\"wp-block-list\">\n<li>International companies considering entry into the U.S. <a href=\"https:\/\/www.sisinternational.com\/es\/opinion-del-producto-conocimientos-culturales-entrada-al-mercado-de-asia-a-europa\/\" title=\"Investigaci\u00f3n de entrada al mercado automotriz | Caso de estudio\"  data-wpil-monitor-id=\"7051\">market through Los Angeles<\/a> will find a market research firm invaluable for understanding cultural nuances and local business practices. This insight is critical for adapting products and services to fit the local market and navigating the complex regulatory landscape.<\/li>\n<\/ul>\n\n\n\n<h2 class=\"wp-block-heading\">Entendemos el poder econ\u00f3mico de Los \u00c1ngeles.<\/h2>\n\n\n\n<p>El mercado de Los \u00c1ngeles tiende hacia la anal\u00edtica, la computaci\u00f3n en la nube, el big data y la movilidad. Las redes sociales y las herramientas de colaboraci\u00f3n tambi\u00e9n est\u00e1n teniendo un impacto. Estas tecnolog\u00edas emergentes est\u00e1n cambiando r\u00e1pidamente el mercado de Los \u00c1ngeles y afectan la forma en que los habitantes de la ciudad trabajan, se interconectan, recopilan conocimientos t\u00e1cticos y toman decisiones.<\/p>\n\n\n\n<p>Adem\u00e1s, la globalizaci\u00f3n est\u00e1 cambiando y ampliando las perspectivas de mercado de la industria de los medios de comunicaci\u00f3n recientemente convergente, mientras que la digitalizaci\u00f3n est\u00e1 modificando la forma en que se produce y distribuye el contenido (informaci\u00f3n, noticias y contenido grabado), y provocando que sectores antes divergentes de los medios y industria del entretenimiento para unirse en un solo medio.<\/p>\n\n\n\n<h4 class=\"wp-block-heading\">\u00bfAsociarse con una firma experimentada de investigaci\u00f3n de mercado de Los \u00c1ngeles puede ser la clave para desbloquear posibles oportunidades comerciales y navegar las complejidades de este vibrante centro econ\u00f3mico?<\/h4>\n\n\n\n<p>Absolutely! Partnering with a seasoned Los Angeles market <a href=\"https:\/\/www.sisinternational.com\/es\/pericia\/industrias\/investigacion-de-persona-extrema\/\" title=\"Investigaci\u00f3n de personas extremas\"  data-wpil-monitor-id=\"3378\">research firm can be extremely<\/a> helpful for businesses aiming to unlock potential opportunities and navigate the complexities of this energetic economic hub.<\/p>\n\n\n\n<p>Al colaborar con una empresa especializada en investigaci\u00f3n de mercado de Los \u00c1ngeles, las empresas pueden beneficiarse de an\u00e1lisis de datos personalizados, inteligencia competitiva y conocimientos de los consumidores espec\u00edficos del contexto regional.<\/p>\n\n\n\n<h2 class=\"wp-block-heading\">M\u00e9todos de investigaci\u00f3n de mercado<\/h2>\n\n\n\n<h4 class=\"wp-block-heading\">En el bullicioso panorama econ\u00f3mico de Los \u00c1ngeles, cada decisi\u00f3n comercial estrat\u00e9gica cuenta... Trabajar con una firma l\u00edder en investigaci\u00f3n de mercados de Los \u00c1ngeles ofrece m\u00e1s que solo datos; proporciona una hoja de ruta para navegar las complejidades del mercado.<\/h4>\n\n\n\n<ul class=\"wp-block-list\">\n<li>Grupos de discusi\u00f3n en l\u00ednea<\/li>\n\n\n\n<li>Entrevistas en v\u00eddeo<\/li>\n\n\n\n<li>Entrevistas teleprofundas<\/li>\n\n\n\n<li>Encuestas<\/li>\n\n\n\n<li>Intercepciones<\/li>\n\n\n\n<li>Entrevistas cara a cara<\/li>\n<\/ul>\n\n\n\n<h2 class=\"wp-block-heading\">\u00c1reas que servimos en Los \u00c1ngeles<\/h2>\n\n\n\n<p>El alcance y la experiencia de SIS International abarcan toda el \u00e1rea de Los \u00c1ngeles, lo que garantiza que, sin importar d\u00f3nde est\u00e9 ubicado su negocio o busque expandirse dentro de la regi\u00f3n, lo tenemos cubierto. Nuestra firma de investigaci\u00f3n de mercado de Los \u00c1ngeles est\u00e1 estrat\u00e9gicamente posicionada para prestar servicios a una amplia gama de sectores en todos los vecindarios y distritos clave, brindando informaci\u00f3n integral que atiende las necesidades espec\u00edficas de cada \u00e1rea.<\/p>\n\n\n\n<p><strong>Centro de Los \u00c1ngeles<\/strong>: En el coraz\u00f3n de la ciudad, nuestros servicios ayudan a las empresas a acceder a los mercados florecientes influenciados por las altas finanzas, las nuevas empresas tecnol\u00f3gicas y las industrias creativas. Ofrecemos informaci\u00f3n sobre las tendencias de los consumidores y la din\u00e1mica empresarial que dan forma al futuro del centro de Los \u00c1ngeles.<\/p>\n\n\n\n<p><strong>playa de silicio<\/strong>: Silicon Beach is a critical area for tech-focused businesses. Our firm provides targeted <a href=\"https:\/\/www.sisinternational.com\/es\/pericia\/industrias\/investigacion-de-mercado-botanica\/\" title=\"Investigaci\u00f3n de mercado de bot\u00e1nica\"  data-wpil-monitor-id=\"4259\">research that helps tech companies understand market<\/a> entry strategies, competitive landscape, and consumer technology adoption rates.<\/p>\n\n\n\n<p><strong>Hollywood y distritos de entretenimiento<\/strong>: Como centro mundial de entretenimiento, esta \u00e1rea exige un enfoque \u00fanico para la investigaci\u00f3n de mercado. Nuestra experiencia ayuda a las empresas de entretenimiento y medios a navegar por las preferencias de la audiencia, los lanzamientos de productos y las estrategias promocionales.<\/p>\n\n\n\n<p><strong>Valle de San Fernando<\/strong>: Conocido por sus sectores industrial y manufacturero, el Valle se beneficia de nuestros an\u00e1lisis de mercado sobre tendencias de producci\u00f3n, log\u00edstica de la cadena de suministro y mercados de consumo locales.<\/p>\n\n\n\n<p><strong>Lado oeste<\/strong>: The affluent neighborhoods of the Westside are ideal for <a href=\"https:\/\/www.sisinternational.com\/es\/descuentos-en-tiendas-de-super-lujo\/\" title=\"Descuentos en tiendas de lujo\"  data-wpil-monitor-id=\"7536\">luxury brands and high-end retail<\/a>. Our research assists businesses in understanding the purchasing patterns, lifestyle preferences, and demographic shifts that influence market opportunities in these areas.<\/p>\n\n\n\n<p><strong>Sur de Los \u00c1ngeles y ciudades de entrada<\/strong>: El sur de Los \u00c1ngeles y las Gateway Cities ofrecen oportunidades \u00fanicas para las empresas que buscan mercados m\u00e1s diversos y emergentes. Nuestra investigaci\u00f3n se centra en las tendencias demogr\u00e1ficas, el desarrollo econ\u00f3mico y los conocimientos comunitarios esenciales para las empresas que buscan generar un impacto positivo.<\/p>\n\n\n\n<p>Al cubrir todos los rincones de Los \u00c1ngeles, SIS International garantiza que donde quiera que est\u00e9 o pretenda estar, nuestros servicios de investigaci\u00f3n de mercado le brindar\u00e1n la informaci\u00f3n y la orientaci\u00f3n necesarias para prosperar en esta ciudad din\u00e1mica.<\/p>\n\n\n\n<h2 class=\"wp-block-heading\">Acerca de la investigaci\u00f3n de mercado en Los \u00c1ngeles<\/h2>\n\n\n\n<p><a href=\"https:\/\/www.linkedin.com\/company\/sisinternationalresearch\/\" target=\"_blank\" rel=\"noopener\"><span style=\"font-weight: 400;\">SIS Internacional<\/span><\/a>, una empresa de investigaci\u00f3n de mercado de Los \u00c1ngeles, ofrece soluciones de servicio completo en las industrias de consumo, B2B, industrial, sanitaria y otras. Al ofrecer una visi\u00f3n completa de todo el panorama empresarial, <a href=\"https:\/\/www.sisinternational.com\/es\/sobre-la-investigacion-internacional-de-sis\/contact-sis-international-market-research\/\">SIS<\/a> puede ayudarle a mantenerse competitivo.<\/p>\n\n\n\n<h2 class=\"wp-block-heading\">&nbsp;<\/h2>","protected":false},"excerpt":{"rendered":"<p>SIS International, una firma de investigaci\u00f3n de mercado de Los \u00c1ngeles, ofrece soluciones de servicio completo en las industrias de consumo, B2B, industrial, sanitaria y automotriz.<\/p>","protected":false},"author":1,"featured_media":66625,"parent":19303,"menu_order":2,"comment_status":"closed","ping_status":"closed","template":"","meta":{"footnotes":""},"class_list":["post-16424","page","type-page","status-publish","has-post-thumbnail"],"_links":{"self":[{"href":"https:\/\/www.sisinternational.com\/es\/wp-json\/wp\/v2\/pages\/16424","targetHints":{"allow":["GET"]}}],"collection":[{"href":"https:\/\/www.sisinternational.com\/es\/wp-json\/wp\/v2\/pages"}],"about":[{"href":"https:\/\/www.sisinternational.com\/es\/wp-json\/wp\/v2\/types\/page"}],"author":[{"embeddable":true,"href":"https:\/\/www.sisinternational.com\/es\/wp-json\/wp\/v2\/users\/1"}],"replies":[{"embeddable":true,"href":"https:\/\/www.sisinternational.com\/es\/wp-json\/wp\/v2\/comments?post=16424"}],"version-history":[{"count":11,"href":"https:\/\/www.sisinternational.com\/es\/wp-json\/wp\/v2\/pages\/16424\/revisions"}],"predecessor-version":[{"id":81162,"href":"https:\/\/www.sisinternational.com\/es\/wp-json\/wp\/v2\/pages\/16424\/revisions\/81162"}],"up":[{"embeddable":true,"href":"https:\/\/www.sisinternational.com\/es\/wp-json\/wp\/v2\/pages\/19303"}],"wp:featuredmedia":[{"embeddable":true,"href":"https:\/\/www.sisinternational.com\/es\/wp-json\/wp\/v2\/media\/66625"}],"wp:attachment":[{"href":"https:\/\/www.sisinternational.com\/es\/wp-json\/wp\/v2\/media?parent=16424"}],"curies":[{"name":"wp","href":"https:\/\/api.w.org\/{rel}","templated":true}]}}