{"id":16318,"date":"2015-06-09T17:08:56","date_gmt":"2015-06-09T17:08:56","guid":{"rendered":"https:\/\/www.sisinternational.com\/?page_id=16318"},"modified":"2025-09-08T12:40:04","modified_gmt":"2025-09-08T16:40:04","slug":"investigacion-de-mercado-de-grupo-focal","status":"publish","type":"page","link":"https:\/\/www.sisinternational.com\/es\/soluciones\/investigacion-de-mercado-de-grupo-focal\/","title":{"rendered":"Investigaci\u00f3n de mercado con grupos focales"},"content":{"rendered":"<p><\/p>\n\n\n\n<h1 class=\"gb-headline gb-headline-c69d8229 gb-headline-text\">                              Investigaci\u00f3n de mercado con grupos focales<\/h1>\n\n\n\n<p><\/p>\n\n\n<div class=\"gb-container gb-container-2a916115\">\n\n<figure class=\"gb-block-image gb-block-image-508fcfd7\"><img loading=\"lazy\" decoding=\"async\" width=\"1456\" height=\"816\" class=\"gb-image gb-image-508fcfd7\" src=\"https:\/\/www.sisinternational.com\/wp-content\/uploads\/2025\/08\/Focus-group-meeting-8.jpg\" alt=\"Investigaci\u00f3n y estrategia de mercado internacional de SIS\" title=\"Focus group &amp; meeting (8)\" srcset=\"https:\/\/www.sisinternational.com\/wp-content\/uploads\/2025\/08\/Focus-group-meeting-8.jpg 1456w, https:\/\/www.sisinternational.com\/wp-content\/uploads\/2025\/08\/Focus-group-meeting-8-300x168.jpg 300w, https:\/\/www.sisinternational.com\/wp-content\/uploads\/2025\/08\/Focus-group-meeting-8-1024x574.jpg 1024w, https:\/\/www.sisinternational.com\/wp-content\/uploads\/2025\/08\/Focus-group-meeting-8-768x430.jpg 768w, https:\/\/www.sisinternational.com\/wp-content\/uploads\/2025\/08\/Focus-group-meeting-8-18x10.jpg 18w\" sizes=\"auto, (max-width: 1456px) 100vw, 1456px\"><\/figure>\n\n\n\n<hr class=\"wp-block-separator has-alpha-channel-opacity is-style-dots\"\/>\n\n\n\n<p>La investigaci\u00f3n de mercado de grupos focales y las entrevistas en profundidad son uno de los aspectos m\u00e1s integrales de&nbsp;<a href=\"https:\/\/smallbusiness.chron.com\/focus-group-research-method-17464.html\" target=\"_blank\" rel=\"noreferrer noopener\">investigaci\u00f3n de mercado cualitativa exitosa<\/a>. La selecci\u00f3n de posibles reclutas y la selecci\u00f3n de las personas objetivo para participar son componentes clave que pueden predecir la calidad de la entrevista e inevitablemente la investigaci\u00f3n.<\/p>\n\n\n\n<p>The question remains: how and where do you find the right target people? What makes a good respondent? Aside from passing a screening questionnaire, what else demonstrates a genuine respondent? Recruiting potential candidates for studies can be more art than a science.<\/p>\n\n\n\n<h1 class=\"gb-headline gb-headline-a428afc0 gb-headline-text\"><strong>A qui\u00e9n reclutamos para la investigaci\u00f3n de mercado del grupo focal<\/strong><\/h1>\n\n\n\n<p>We recruit for Focus Groups, Online Communities, In-Depth Interviews, Dyads, Triads, <a href=\"https:\/\/www.sisinternational.com\/es\/soluciones\/soluciones-de-investigacion-cualitativa-cuantitativa\/pruebas-de-ubicacion-central-vs-grupos-focales\/\" title=\"Pruebas de ubicaci\u00f3n central vs. grupos focales\" data-wpil-monitor-id=\"11009\">Pruebas de ubicaci\u00f3n central<\/a>, Car Clinics, Product Tests, and some Quantitative research projects.<\/p>\n\n\n\n<p>For each study, we are given a profile of the person we are looking for, in addition to a screening questionnaire.<\/p>\n\n\n\n<p>Siempre que el encuestado coincida con el perfil y responda todas las preguntas con precisi\u00f3n, en teor\u00eda deber\u00eda ser una combinaci\u00f3n perfecta. En muchos casos, esta estrategia puede funcionar bien. Sin embargo, hay muchos casos en los que simplemente pasar un cuestionario de selecci\u00f3n no es suficiente para garantizar que el recluta sea adecuado. Entonces, \u00bfqu\u00e9 m\u00e1s se puede hacer?<\/p>\n\n\n\n<p>A menudo es una cuesti\u00f3n de leer entre l\u00edneas y requiere habilidades de comunicaci\u00f3n para garantizar candidatos de alta calidad.<\/p>\n\n\n\n<h2 class=\"gb-headline gb-headline-8946c37c gb-headline-text\"><strong><strong>Procesos de reclutamiento de grupos focales de SIS<\/strong><\/strong><\/h2>\n\n\n\n<p>We can use many innovative methods to recruit for our studies, and we tailor our methods to meet each client\u2019s individual needs. We have a custom internal database that we update frequently. People on the database are screened in-depth. One benefit of this is that we can identify potential candidates, then put them through additional screening and evaluate their qualifications for each study.<\/p>\n\n\n\n<p>Other forms of database sampling can include traditional samples as well as other methods such as street intercepts, social media, or custom recruitment outreach. We also have a variety of online social media solutions that can provide high-quality recruits. We then screen those people in-depth several times to ensure they are indeed genuine matches.<\/p>\n\n\n\n<p>To ensure quality, we assign expert <a href=\"https:\/\/www.sisinternational.com\/es\/publicaciones\/mujeres-de-entre-70-y-80-anos-ascendieron-a-la-alta-direccion\/\" title=\"C\u00f3mo las mujeres de los a\u00f1os 70 y 80 ascendieron a la alta direcci\u00f3n\" data-wpil-monitor-id=\"11010\">senior<\/a> fieldwork managers to manage the recruitment process at all times. We often screen recruits several times over a period of time to ensure that they are the right candidates. We have strict policies and oversight concerning our on-site staff. The results from recruitment are centralized on-site so that we can schedule and confirm according to quotas our clients need us to fill.<\/p>\n\n\n\n<h3 class=\"gb-headline gb-headline-47756c1f gb-headline-text\"><strong><strong><strong>Cobertura del mercado global de servicios de campo<\/strong><\/strong><\/strong><\/h3>\n\n\n\n<figure class=\"gb-block-image gb-block-image-f7fd4a33\"><img loading=\"lazy\" decoding=\"async\" width=\"1456\" height=\"816\" class=\"gb-image gb-image-f7fd4a33\" src=\"https:\/\/www.sisinternational.com\/wp-content\/uploads\/2025\/08\/Focus-group-meeting-6.jpg\" alt=\"Investigaci\u00f3n y estrategia de mercado internacional de SIS\" title=\"Focus group &amp; meeting (6)\" srcset=\"https:\/\/www.sisinternational.com\/wp-content\/uploads\/2025\/08\/Focus-group-meeting-6.jpg 1456w, https:\/\/www.sisinternational.com\/wp-content\/uploads\/2025\/08\/Focus-group-meeting-6-300x168.jpg 300w, https:\/\/www.sisinternational.com\/wp-content\/uploads\/2025\/08\/Focus-group-meeting-6-1024x574.jpg 1024w, https:\/\/www.sisinternational.com\/wp-content\/uploads\/2025\/08\/Focus-group-meeting-6-768x430.jpg 768w, https:\/\/www.sisinternational.com\/wp-content\/uploads\/2025\/08\/Focus-group-meeting-6-18x10.jpg 18w\" sizes=\"auto, (max-width: 1456px) 100vw, 1456px\"><\/figure>\n\n\n\n<p><\/p>\n\n\n\n<p><strong>Los mercados clave para la contrataci\u00f3n de Focus Group incluyen las siguientes ciudades:<\/strong><\/p>\n\n\n<div class=\"gb-container gb-container-f1fa9d7a\">\n<div class=\"gb-container gb-container-867bfa70\">\n\n<ul class=\"wp-block-list\">\n<li>\u00c1msterdam<\/li>\n\n\n\n<li>Atenas<\/li>\n\n\n\n<li>auckland<\/li>\n\n\n\n<li>Bangkok<\/li>\n\n\n\n<li>Barcelona<\/li>\n\n\n\n<li>Beijing<\/li>\n\n\n\n<li>Berlina<\/li>\n\n\n\n<li>Bogot\u00e1<\/li>\n\n\n\n<li>Bratislava<\/li>\n\n\n\n<li>Bruselas<\/li>\n\n\n\n<li>Bucarest<\/li>\n\n\n\n<li>budapest<\/li>\n\n\n\n<li>Buenos Aires<\/li>\n\n\n\n<li>El Cairo<\/li>\n\n\n\n<li>Caracas<\/li>\n\n\n\n<li>chicago<\/li>\n\n\n\n<li>Copenhague<\/li>\n\n\n\n<li>Delhi<\/li>\n\n\n\n<li>Doha<\/li>\n\n\n\n<li>Dub\u00e1i<\/li>\n\n\n\n<li>Dubl\u00edn<\/li>\n\n\n\n<li>Francfort<\/li>\n\n\n\n<li>Ginebra<\/li>\n\n\n\n<li>helsinki<\/li>\n<\/ul>\n\n<\/div>\n\n<div class=\"gb-container gb-container-a4dc722a\">\n\n<ul class=\"wp-block-list\">\n<li>Hong Kong<\/li>\n\n\n\n<li>Hangzhou<\/li>\n\n\n\n<li>Estanbul<\/li>\n\n\n\n<li>Jacarta<\/li>\n\n\n\n<li>Johannesburgo<\/li>\n\n\n\n<li>Kiev<\/li>\n\n\n\n<li>Kuala Lumpur<\/li>\n\n\n\n<li>Lima<\/li>\n\n\n\n<li>Lisboa<\/li>\n\n\n\n<li>Liubliana<\/li>\n\n\n\n<li>Londres<\/li>\n\n\n\n<li>Londres<\/li>\n\n\n\n<li>los Angeles<\/li>\n\n\n\n<li>Madrid<\/li>\n\n\n\n<li>Manila<\/li>\n\n\n\n<li>Ciudad de M\u00e9xico<\/li>\n\n\n\n<li>miami<\/li>\n\n\n\n<li>Mil\u00e1n<\/li>\n\n\n\n<li>Montr\u00e9al<\/li>\n\n\n\n<li>Mosc\u00fa<\/li>\n\n\n\n<li>Bombay<\/li>\n\n\n\n<li>Munich<\/li>\n\n\n\n<li>Nueva York<\/li>\n<\/ul>\n\n<\/div>\n\n<div class=\"gb-container gb-container-bb623013\">\n\n<ul class=\"wp-block-list\">\n<li>Nicosia<\/li>\n\n\n\n<li>Oslo<\/li>\n\n\n\n<li>Par\u00eds<\/li>\n\n\n\n<li>Praga<\/li>\n\n\n\n<li>riga<\/li>\n\n\n\n<li><a href=\"https:\/\/www.sisinternational.com\/es\/cobertura\/las-americas\/investigacion-de-mercado-de-america-latina\/investigacion-de-mercado-rio-de-janeiro\/\" title=\"Investigaci\u00f3n de mercado en R\u00edo de Janeiro\" data-wpil-monitor-id=\"11011\">Rio de Janeiro<\/a><\/li>\n\n\n\n<li>Roma<\/li>\n\n\n\n<li>santiago<\/li>\n\n\n\n<li>Sao Paulo<\/li>\n\n\n\n<li>Se\u00fal<\/li>\n\n\n\n<li>Llevar a la fuerza<\/li>\n\n\n\n<li>Sof\u00eda<\/li>\n\n\n\n<li>Estocolmo<\/li>\n\n\n\n<li>S\u00eddney<\/li>\n\n\n\n<li>Taip\u00e9i<\/li>\n\n\n\n<li>Tallin<\/li>\n\n\n\n<li>Tel Aviv<\/li>\n\n\n\n<li>Tokio<\/li>\n\n\n\n<li>toronto<\/li>\n\n\n\n<li>Viena<\/li>\n\n\n\n<li>Vilna<\/li>\n\n\n\n<li>Varsovia<\/li>\n\n\n\n<li>Z\u00farich<\/li>\n<\/ul>\n\n<\/div>\n<\/div>\n\n\n<h2 class=\"wp-block-heading\">Especialidades destacadas en investigaci\u00f3n de mercados de Focus Group<\/h2>\n\n\n<div class=\"gb-container gb-container-0c51f13f\">\n<div class=\"gb-container gb-container-7d4c8f78\">\n\n<ul class=\"wp-block-list\">\n<li>nivel C<\/li>\n\n\n\n<li>Cuidadores<\/li>\n\n\n\n<li>Consumidores<\/li>\n\n\n\n<li>Tomadores de decisiones<\/li>\n\n\n\n<li>Government&nbsp;officials<\/li>\n\n\n\n<li>Hospital&nbsp;Administrators<\/li>\n\n\n\n<li>Influencers<\/li>\n<\/ul>\n\n<\/div>\n\n<div class=\"gb-container gb-container-5ce24537\">\n\n<ul class=\"wp-block-list\">\n<li>Innovadores<\/li>\n\n\n\n<li>Intendentes<\/li>\n\n\n\n<li>Inversores<\/li>\n\n\n\n<li>ONG<\/li>\n\n\n\n<li>Pacientes<\/li>\n\n\n\n<li>Prosumidores<\/li>\n<\/ul>\n\n<\/div>\n<\/div>\n<\/div>\n\n<h2>Nuestra ubicaci\u00f3n de instalaciones en Nueva York<\/h2>\n<p><!-- \/wp:post-content --> <!-- wp:html --> <iframe loading=\"lazy\" src=\"https:\/\/www.google.com\/maps\/embed?pb=!1m18!1m12!1m3!1d3022.976188376966!2d-73.99130312499956!3d40.740549471389315!2m3!1f0!2f0!3f0!3m2!1i1024!2i768!4f13.1!3m3!1m2!1s0x89c259a15798c731%3A0xd695d09bdd495f25!2s11%20E%2022nd%20St%20FL%202%2C%20New%20York%2C%20NY%2010010%2C%20USA!5e0!3m2!1sen!2spe!4v1726171763526!5m2!1sen!2spe\" width=\"600\" height=\"450\" allowfullscreen=\"allowfullscreen\" data-mce-fragment=\"1\"><\/iframe> <!-- \/wp:html --> <!-- wp:paragraph --><\/p>\n<h3 class=\"wp-block-heading\">11 E 22nd Street, Piso 2, Nueva York, NY 10010 T: +1(212) 505-6805<\/h3>\n<hr \/>\n<h2><span style=\"font-weight: 400;\">Acerca de SIS Internacional<\/span><\/h2>\n<p><a href=\"https:\/\/www.sisinternational.com\/es\/\"><span style=\"font-weight: 400;\">SIS Internacional<\/span><\/a><span style=\"font-weight: 400;\"> offers Quantitative, Qualitative, and Strategy Research. We provide data, tools, strategies, reports, and insights for decision-making. We also conduct interviews, surveys, focus groups, and other <a href=\"https:\/\/www.sisinternational.com\/es\/quantitative-market-research-methods-and-techniques\/\" title=\"Quantitative Market Research Methods and Techniques\" data-wpil-monitor-id=\"11008\">Market Research methods<\/a> and approaches.<\/span><a href=\"https:\/\/www.sisinternational.com\/es\/sobre-la-investigacion-internacional-de-sis\/contact-sis-international-market-research\/\"><span style=\"font-weight: 400;\"> P\u00f3ngase en contacto con nosotros<\/span><\/a><span style=\"font-weight: 400;\"> para su pr\u00f3ximo proyecto de Investigaci\u00f3n de Mercado.<\/span><\/p>\n<\/p>","protected":false},"excerpt":{"rendered":"<p>Nos encargamos de la selecci\u00f3n de encuestados para grupos focales, entrevistas en profundidad e investigaci\u00f3n cualitativa en l\u00ednea.<\/p>","protected":false},"author":1,"featured_media":62670,"parent":14457,"menu_order":9,"comment_status":"closed","ping_status":"open","template":"","meta":{"footnotes":""},"class_list":["post-16318","page","type-page","status-publish","has-post-thumbnail"],"_links":{"self":[{"href":"https:\/\/www.sisinternational.com\/es\/wp-json\/wp\/v2\/pages\/16318","targetHints":{"allow":["GET"]}}],"collection":[{"href":"https:\/\/www.sisinternational.com\/es\/wp-json\/wp\/v2\/pages"}],"about":[{"href":"https:\/\/www.sisinternational.com\/es\/wp-json\/wp\/v2\/types\/page"}],"author":[{"embeddable":true,"href":"https:\/\/www.sisinternational.com\/es\/wp-json\/wp\/v2\/users\/1"}],"replies":[{"embeddable":true,"href":"https:\/\/www.sisinternational.com\/es\/wp-json\/wp\/v2\/comments?post=16318"}],"version-history":[{"count":18,"href":"https:\/\/www.sisinternational.com\/es\/wp-json\/wp\/v2\/pages\/16318\/revisions"}],"predecessor-version":[{"id":81802,"href":"https:\/\/www.sisinternational.com\/es\/wp-json\/wp\/v2\/pages\/16318\/revisions\/81802"}],"up":[{"embeddable":true,"href":"https:\/\/www.sisinternational.com\/es\/wp-json\/wp\/v2\/pages\/14457"}],"wp:featuredmedia":[{"embeddable":true,"href":"https:\/\/www.sisinternational.com\/es\/wp-json\/wp\/v2\/media\/62670"}],"wp:attachment":[{"href":"https:\/\/www.sisinternational.com\/es\/wp-json\/wp\/v2\/media?parent=16318"}],"curies":[{"name":"wp","href":"https:\/\/api.w.org\/{rel}","templated":true}]}}