{"id":16270,"date":"2015-06-08T16:15:11","date_gmt":"2015-06-08T16:15:11","guid":{"rendered":"https:\/\/www.sisinternational.com\/?page_id=16270"},"modified":"2026-03-13T00:59:00","modified_gmt":"2026-03-13T04:59:00","slug":"inteligencia-de-embalaje","status":"publish","type":"page","link":"https:\/\/www.sisinternational.com\/es\/consumer-market-research-page\/inteligencia-de-embalaje\/","title":{"rendered":"Consumer Packaging Strategy Solutions"},"content":{"rendered":"<h1 class=\"wp-block-heading\">Consumer Packaging Strategy Solutions<\/h1>\n\n\n\n<figure class=\"gb-block-image gb-block-image-5407c0d7\"><img loading=\"lazy\" decoding=\"async\" width=\"1456\" height=\"816\" class=\"gb-image gb-image-5407c0d7\" src=\"https:\/\/www.sisinternational.com\/wp-content\/uploads\/2025\/08\/Food-packaging-3.jpg\" srcset=\"https:\/\/www.sisinternational.com\/wp-content\/uploads\/2025\/08\/Food-packaging-3.jpg 1456w, https:\/\/www.sisinternational.com\/wp-content\/uploads\/2025\/08\/Food-packaging-3-300x168.jpg 300w, https:\/\/www.sisinternational.com\/wp-content\/uploads\/2025\/08\/Food-packaging-3-1024x574.jpg 1024w, https:\/\/www.sisinternational.com\/wp-content\/uploads\/2025\/08\/Food-packaging-3-768x430.jpg 768w, https:\/\/www.sisinternational.com\/wp-content\/uploads\/2025\/08\/Food-packaging-3-18x10.jpg 18w\" sizes=\"auto, (max-width: 1456px) 100vw, 1456px\" alt=\"Investigaci\u00f3n y estrategia de mercado internacional de SIS\"><\/figure>\n\n\n\n<p><\/p>\n\n\n\n<h2 class=\"wp-block-heading\">La estrategia de embalaje es un proceso mediante el cual uno se mantiene al tanto de los cambios en el embalaje y formula estrategias que crean una ventaja competitiva.<\/h2>\n\n\n\n<p>Packaging is one of the most important factors in the purchasing process.&nbsp; It is often referred to as the last 10 seconds on purchasing, as customers choose make split second decision based on packaging.&nbsp; Poor packaging can ruin a product, its appeal, and ultimately, its sales.<\/p>\n\n\n\n<p>Paper or plastic?&nbsp;If only all packaging decisions were reduced to such a binary option!&nbsp; For a <a href=\"https:\/\/www.sisinternational.com\/es\/pericia\/curriculums-de-experiencia\/estudio-de-mercado-de-productos-de-cuidado-personal\/\" title=\"Investigaci\u00f3n de mercado de productos de cuidado personal\"  data-wpil-monitor-id=\"9052\">product manager or marketing<\/a> team, there are a multitude of variables that enter into even the most basic of packaging decisions.<\/p>\n\n\n\n<p>El embalaje puede ser uno de los aspectos menos comprendidos y menos apreciados del \u00e9xito o el fracaso de un producto. Tambi\u00e9n es uno de los m\u00e1s din\u00e1micos y desafiantes para las empresas que venden un producto.<\/p>\n\n\n\n<h2 class=\"wp-block-heading p1\"><span class=\"s1\">Aqu\u00ed hay una muestra de lo que un empaque exitoso puede hacer:<\/span><\/h2>\n\n\n\n<ul class=\"wp-block-list\">\n<li><strong>Atraer clientes<\/strong>\n<ul class=\"wp-block-list\">\n<li>colores<\/li>\n\n\n\n<li>formas distintivas<\/li>\n\n\n\n<li>tama\u00f1os<\/li>\n\n\n\n<li>mostrar el producto \u2013 hacer que se destaque de los dem\u00e1s<\/li>\n<\/ul>\n<\/li>\n\n\n\n<li><strong>Establecer una imagen<\/strong>\n<ul class=\"wp-block-list\">\n<li>alta tecnolog\u00eda<\/li>\n\n\n\n<li>con visi\u00f3n de futuro<\/li>\n\n\n\n<li>preocupado por el medio ambiente<\/li>\n<\/ul>\n<\/li>\n\n\n\n<li><strong>Hacer que un producto sea m\u00e1s f\u00e1cil de usar <\/strong>\n<ul class=\"wp-block-list\">\n<li>apertura<\/li>\n\n\n\n<li>torrencial<\/li>\n\n\n\n<li>medici\u00f3n<\/li>\n<\/ul>\n<\/li>\n<\/ul>\n\n\n\n<ul class=\"wp-block-list\">\n<li><strong>Facilitar su transporte o manipulaci\u00f3n.<\/strong>\n<ul class=\"wp-block-list\">\n<li>materiales antideslizantes<\/li>\n\n\n\n<li>apretones<\/li>\n\n\n\n<li>sangr\u00edas<\/li>\n<\/ul>\n<\/li>\n\n\n\n<li><strong>Proporcionar una sensaci\u00f3n agradable y c\u00f3moda en manos del usuario.<\/strong><\/li>\n\n\n\n<li><strong>Prolongue la vida \u00fatil: proteja el producto\/contenido de la luz, el agua, el calor, las roturas, etc.<\/strong><\/li>\n\n\n\n<li><strong>Transmitir informaci\u00f3n vital <\/strong>\n<ul class=\"wp-block-list\">\n<li>im\u00e1genes<\/li>\n\n\n\n<li>Ingredientes, materiales contenidos en el producto.<\/li>\n\n\n\n<li>advertencias<\/li>\n\n\n\n<li>instrucciones para un uso adecuado<\/li>\n\n\n\n<li>Reducir los costos de env\u00edo (apilable, m\u00e1s liviano)<\/li>\n<\/ul>\n<\/li>\n\n\n\n<li><strong>Estar patentado y crear una barrera de entrada.<\/strong><\/li>\n\n\n\n<li><strong>Ser producido a un costo razonable.<\/strong><\/li>\n<\/ul>\n\n\n\n<p class=\"p1\"><strong><span class=\"s1\">En resumen, un buen paquete puede ayudar a que su producto:<\/span><\/strong><\/p>\n\n\n\n<ul class=\"wp-block-list\">\n<li><span class=\"s1\">destacarse de la competencia,<\/span><\/li>\n\n\n\n<li><span class=\"s1\">fortalecer su marca y <\/span><\/li>\n\n\n\n<li><span class=\"s1\">persuadir a los consumidores para que compren su producto<\/span><\/li>\n<\/ul>\n\n\n\n<h2 class=\"wp-block-heading\">Tendencias y oportunidades de embalaje<\/h2>\n\n\n\n<p>Constantemente se desarrolla e introduce en el mundo del embalaje una combinaci\u00f3n de factores. Estas son s\u00f3lo algunas tendencias que vale la pena monitorear:<\/p>\n\n\n\n<ul class=\"wp-block-list\">\n<li>Nuevos materiales\n<ul class=\"wp-block-list\">\n<li>verde, biodegradable<\/li>\n\n\n\n<li>encendedor<\/li>\n\n\n\n<li>m\u00e1s fuerte<\/li>\n\n\n\n<li>impermeable<\/li>\n\n\n\n<li>para microondas<\/li>\n<\/ul>\n<\/li>\n\n\n\n<li>Nuevos dise\u00f1os<\/li>\n\n\n\n<li>Nuevas formas<\/li>\n\n\n\n<li>Nuevas formas de abrir y resellar<\/li>\n\n\n\n<li>Nuevas formas de utilizar la automatizaci\u00f3n\/robots<\/li>\n\n\n\n<li>Nuevas tintas y opciones de impresi\u00f3n.<\/li>\n\n\n\n<li>Inclusi\u00f3n de etiquetas RFID y chips integrados para seguridad, seguimiento y gesti\u00f3n de la cadena de suministro.<\/li>\n\n\n\n<li>Seguridad (por ejemplo, a prueba de mascotas y ni\u00f1os)<\/li>\n<\/ul>\n\n\n\n<h2 class=\"wp-block-heading\">Realizaci\u00f3n de inteligencia de embalaje<\/h2>\n\n\n\n<p>The process of tracking innovations in packaging, monitoring moves by competitors, and conducting <a href=\"https:\/\/www.sisinternational.com\/es\/soluciones\/voz-del-cliente\/\" title=\"Investigaci\u00f3n de la voz del cliente\"  data-wpil-monitor-id=\"9053\">research among customers<\/a> may be handled internally and\/or with the assistance of a qualified research company.<\/p>\n\n\n\n<p>Trade shows, conferences and various online searches or news letters are a great source of information about general <a href=\"https:\/\/www.sisinternational.com\/es\/la-principal-empresa-de-prevision-de-tendencias-de-la-industria-b2b\/\" title=\"Principal empresa de previsi\u00f3n de tendencias de la industria B2B\"  data-wpil-monitor-id=\"9054\">trends in the packaging industry<\/a> as well as specific applications across a variety of markets and insights about competition.<\/p>\n\n\n\n<p>Reunirse y entrevistarse con empresas de embalaje de su cadena de suministro tambi\u00e9n es una excelente manera de mantener conocimientos actualizados sobre los cambios que podr\u00edan afectar la forma en que se presentan sus productos a los clientes.<\/p>\n\n\n\n<p>In all cases, however, knowing the customer\u2019s needs, perceptions, values and role in the buying process are all critical to a product\u2019s success.&nbsp; <a href=\"https:\/\/www.sisinternational.com\/es\/pericia\/industrias\/investigacion-de-mercado-de-diseno-de-envases\/\" title=\"Investigaci\u00f3n de mercado de dise\u00f1o de envases\"  data-wpil-monitor-id=\"9055\">Designing and creating a successful package<\/a> will ultimately involve those who will consume and\/or purchase the product it contains.<\/p>\n\n\n\n<p><strong>Los m\u00e9todos de investigaci\u00f3n primaria se pueden utilizar para:<\/strong><\/p>\n\n\n\n<ul class=\"wp-block-list\">\n<li>Present concepts via <a href=\"https:\/\/www.sisinternational.com\/es\/pericia\/industrias\/empresa-de-investigacion-de-mercado-de-paneles-en-linea\/\" title=\"Empresa de investigaci\u00f3n de mercado de paneles en l\u00ednea\"  data-wpil-monitor-id=\"9056\">online surveys or discussion panels<\/a> of consumers to gain insights into their reactions to packaging images, designs and features.<\/li>\n\n\n\n<li>Exponer prototipos en grupos focales para criticarlos y compararlos con paquetes actuales, paquetes nuevos y paquetes de la competencia.<\/li>\n<\/ul>\n\n\n\n<h2 class=\"wp-block-heading\">Acerca de las soluciones de estrategia de embalaje de SIS<\/h2>\n\n\n\n<p>SIS is a leading <a href=\"https:\/\/www.sisinternational.com\/es\/\" title=\"Inicio\"  data-wpil-monitor-id=\"9050\">Market Research and Strategy<\/a> Consulting firm.&nbsp; We have over 40+ years <a href=\"https:\/\/www.sisinternational.com\/es\/pericia\/curriculums-de-experiencia\/curriculum-de-experiencia-en-estudios-de-etnografia\/\" title=\"Experiencia en investigaci\u00f3n de mercado en etnograf\u00eda.\"  data-wpil-monitor-id=\"9057\">experience in conducting Packaging Research<\/a> and Strategy.&nbsp; Our Research group conducts packaging testing, and our <a href=\"https:\/\/www.sisinternational.com\/es\/la-necesidad-de-inteligencia-competitiva-en-esta-recesion\/\" title=\"La necesidad de inteligencia competitiva en una recesi\u00f3n\"  data-wpil-monitor-id=\"9051\">Strategy group conducts industry and competitive<\/a> analysis.&nbsp; Our key solutions include:<\/p>\n\n\n\n<ul class=\"wp-block-list\">\n<li>Pruebas de usabilidad<\/li>\n\n\n\n<li>Grupos de discusi\u00f3n<\/li>\n\n\n\n<li>Entrevistas con clientes<\/li>\n\n\n\n<li>Pruebas de uso en el hogar<\/li>\n\n\n\n<li>Etnograf\u00eda en el hogar y en las tiendas<\/li>\n\n\n\n<li>An\u00e1lisis competitivo<\/li>\n\n\n\n<li>Oportunidad de mercado<\/li>\n\n\n\n<li>Seguimiento de tendencias de embalaje<\/li>\n<\/ul>\n\n\n\n<h3 class=\"wp-block-heading p1\">A good product in a poor package may not be noticed or bought.&nbsp; So it is often worth investing time and money to ask customers about their likes and dislikes about as many possible features of your current and proposed packages.<\/h3>","protected":false},"excerpt":{"rendered":"<p>La estrategia de embalaje es un proceso mediante el cual uno se mantiene al tanto de las tendencias y formula estrategias que crean una ventaja competitiva.<\/p>","protected":false},"author":1,"featured_media":63802,"parent":84529,"menu_order":7,"comment_status":"closed","ping_status":"closed","template":"","meta":{"footnotes":""},"class_list":["post-16270","page","type-page","status-publish","has-post-thumbnail"],"_links":{"self":[{"href":"https:\/\/www.sisinternational.com\/es\/wp-json\/wp\/v2\/pages\/16270","targetHints":{"allow":["GET"]}}],"collection":[{"href":"https:\/\/www.sisinternational.com\/es\/wp-json\/wp\/v2\/pages"}],"about":[{"href":"https:\/\/www.sisinternational.com\/es\/wp-json\/wp\/v2\/types\/page"}],"author":[{"embeddable":true,"href":"https:\/\/www.sisinternational.com\/es\/wp-json\/wp\/v2\/users\/1"}],"replies":[{"embeddable":true,"href":"https:\/\/www.sisinternational.com\/es\/wp-json\/wp\/v2\/comments?post=16270"}],"version-history":[{"count":5,"href":"https:\/\/www.sisinternational.com\/es\/wp-json\/wp\/v2\/pages\/16270\/revisions"}],"predecessor-version":[{"id":81515,"href":"https:\/\/www.sisinternational.com\/es\/wp-json\/wp\/v2\/pages\/16270\/revisions\/81515"}],"up":[{"embeddable":true,"href":"https:\/\/www.sisinternational.com\/es\/wp-json\/wp\/v2\/pages\/84529"}],"wp:featuredmedia":[{"embeddable":true,"href":"https:\/\/www.sisinternational.com\/es\/wp-json\/wp\/v2\/media\/63802"}],"wp:attachment":[{"href":"https:\/\/www.sisinternational.com\/es\/wp-json\/wp\/v2\/media?parent=16270"}],"curies":[{"name":"wp","href":"https:\/\/api.w.org\/{rel}","templated":true}]}}