{"id":16214,"date":"2015-06-09T17:34:01","date_gmt":"2015-06-09T17:34:01","guid":{"rendered":"https:\/\/www.sisinternational.com\/?page_id=16214"},"modified":"2026-01-25T19:21:40","modified_gmt":"2026-01-26T00:21:40","slug":"firma-de-investigacion-de-mercado-de-nueva-york","status":"publish","type":"page","link":"https:\/\/www.sisinternational.com\/es\/cobertura\/north-america\/cobertura-de-estados-unidos\/firma-de-investigacion-de-mercado-de-nueva-york\/","title":{"rendered":"Empresa de investigaci\u00f3n de mercado de la ciudad de Nueva York"},"content":{"rendered":"<h1 class=\"wp-block-heading\">Empresa de investigaci\u00f3n de mercado de la ciudad de Nueva York<\/h1>\n\n\n\n<figure class=\"gb-block-image gb-block-image-a5a21941\"><img loading=\"lazy\" decoding=\"async\" width=\"1456\" height=\"816\" class=\"gb-image gb-image-a5a21941\" src=\"https:\/\/www.sisinternational.com\/wp-content\/uploads\/2025\/08\/NY-2-3.jpg\" srcset=\"https:\/\/www.sisinternational.com\/wp-content\/uploads\/2025\/08\/NY-2-3.jpg 1456w, https:\/\/www.sisinternational.com\/wp-content\/uploads\/2025\/08\/NY-2-3-300x168.jpg 300w, https:\/\/www.sisinternational.com\/wp-content\/uploads\/2025\/08\/NY-2-3-1024x574.jpg 1024w, https:\/\/www.sisinternational.com\/wp-content\/uploads\/2025\/08\/NY-2-3-768x430.jpg 768w, https:\/\/www.sisinternational.com\/wp-content\/uploads\/2025\/08\/NY-2-3-18x10.jpg 18w\" sizes=\"auto, (max-width: 1456px) 100vw, 1456px\" alt=\"Investigaci\u00f3n y estrategia de mercado internacional de SIS\"><\/figure>\n\n\n\n<p><\/p>\n\n\n\n<h2 class=\"wp-block-heading\">SIS International Research es una firma l\u00edder en investigaci\u00f3n de mercado de la ciudad de Nueva York que ofrece trabajo de campo cualitativo de servicio completo, recopilaci\u00f3n de datos cuantitativos y servicios de investigaci\u00f3n estrat\u00e9gica en el \u00e1rea metropolitana.<\/h2>\n\n\n\n<p>Nos especializamos en investigaci\u00f3n de consumo, B2B, m\u00e9dica, automotriz, de baja incidencia y estrat\u00e9gica. Nuestro conjunto de soluciones de investigaci\u00f3n de mercado e inteligencia estrat\u00e9gica es amplio y adaptamos cada proyecto para satisfacer las necesidades \u00fanicas de un cliente espec\u00edfico.<\/p>\n\n\n\n<h2 class=\"wp-block-heading\">\u00bfQu\u00e9 nos convierte en una empresa l\u00edder en investigaci\u00f3n de mercados en Nueva York?<\/h2>\n\n\n\n<h4 class=\"wp-block-heading\"><span style=\"font-size: inherit; background-color: var(--base-3); color: var(--contrast-2);\">\u2026 Comprender el complejo y en constante evoluci\u00f3n del mercado de Nueva York es crucial, y la empresa de investigaci\u00f3n de mercado adecuada en Nueva York puede ser su puerta de entrada a ese conocimiento.<\/span><\/h4>\n\n\n\n<p><span style=\"font-size: inherit; background-color: var(--base-3); color: var(--contrast-2);\">The sheer diversity of NYC&#8217;s population means that consumer behaviors vary dramatically between neighborhoods\u2014even between streets. A local <a href=\"https:\/\/www.sisinternational.com\/es\/empresa-de-investigacion-de-mercado-multilingue\/\" title=\"Empresa multiling\u00fce de investigaci\u00f3n de mercados y estrategias.\"  data-wpil-monitor-id=\"1962\">market research firm<\/a> has the granular knowledge required to dissect these variations, ensuring that businesses can tailor their offerings to meet the specific needs of their target audience. This level of customization is crucial for capturing and retaining customer interest in a market as saturated as New York City.<\/span><\/p>\n\n\n\n<p>Moreover, the regulatory and economic landscape in NYC is constantly evolving. Businesses must stay ahead of changes in laws, economic shifts, and even sociopolitical trends that can impact their operations. An NYC <a href=\"https:\/\/www.sisinternational.com\/es\/pericia\/industrias\/investigacion-de-mercado-de-la-empresa-de-diseno\/\" title=\"Investigaci\u00f3n de mercado de empresas de dise\u00f1o\"  data-wpil-monitor-id=\"5601\">market research firm<\/a> like ours helps you stay abreast of these developments, providing clients with timely, relevant data that supports proactive decision-making.<\/p>\n\n\n\n<h2 class=\"wp-block-heading\">Reclutamiento de investigaci\u00f3n de mercado en Nueva York<\/h2>\n\n\n\n<h4 class=\"wp-block-heading\">La asociaci\u00f3n con una firma l\u00edder en investigaci\u00f3n de mercado de la ciudad de Nueva York garantiza que cada decisi\u00f3n comercial est\u00e9 respaldada por datos s\u00f3lidos y precisos y conocimientos personalizados, lo que permite una ventaja competitiva m\u00e1s marcada.<\/h4>\n\n\n\n<p class=\"p1\"><span class=\"s1\">Con acceso a una amplia base de consumidores encuestados que incluye clientes y ejecutivos de empresas por igual, y un personal altamente capacitado y calificado que comprende los mercados globales, SIS combina una pasi\u00f3n por la investigaci\u00f3n y un curr\u00edculum impresionante de proyectos cualitativos y cuantitativos para brindar soluciones comerciales estrat\u00e9gicas para nuestros clientela. <\/span><\/p>\n\n\n\n<p class=\"p1\"><span class=\"s1\">Nuestra oficina principal est\u00e1 totalmente equipada con la \u00faltima tecnolog\u00eda y metodolog\u00edas de investigaci\u00f3n. Llevamos a cabo entrevistas y grupos focales en profundidad, incluidos aquellos con ejecutivos de nivel C (nivel superior), moderamos encuestas y grupos de discusi\u00f3n en persona y en l\u00ednea, realizamos evaluaciones telef\u00f3nicas y entrevistas, y realizamos una variedad de tareas de proyectos en el sitio. . <\/span><\/p>\n\n\n\n<h2 class=\"wp-block-heading\">Una de las principales empresas de investigaci\u00f3n de mercado de la ciudad de Nueva York en el coraz\u00f3n de la ciudad: instalaciones para grupos focales<\/h2>\n\n\n\n<h4 class=\"wp-block-heading\">Nuestras instalaciones incluyen grupos focales de servicio completo e instalaciones de pruebas en el distrito Flatiron de Manhattan.<\/h4>\n\n\n\n<p class=\"p1\"><span class=\"s1\">Proporcionamos <a href=\"https:\/\/www.sisinternational.com\/es\/soluciones\/grupos-de-enfoque\/instalaciones-para-grupos-focales-en-nueva-york\/\">Instalaciones de \u00faltima generaci\u00f3n para grupos focales.<\/a> que vienen con videoconferencia, capacidades de audio y video, un espejo unidireccional y una capacidad para 10 encuestados por sala. Nuestro personal de reclutamiento y moderadores incluyen personal experimentado y biling\u00fce.<\/span><\/p>\n\n\n\n<p class=\"p1\"><span class=\"s1\">Nuestras instalaciones de \u00faltima generaci\u00f3n permiten a nuestros clientes y al equipo de investigaci\u00f3n realizar estos grupos focales en nuestras salas de conferencias en el lugar. Las grabaciones y el monitoreo de video y audio se llevan a cabo a trav\u00e9s de espejos unidireccionales y salas de observaci\u00f3n. Adem\u00e1s, nuestro personal multiling\u00fce puede ayudar con transcripciones, entrevistas y reclutamiento en varios idiomas internacionales.<\/span><\/p>\n\n\n\n<h2 class=\"wp-block-heading\">Equipo de gesti\u00f3n de proyectos y moderadores de la ciudad de Nueva York<\/h2>\n\n\n\n<h4 class=\"wp-block-heading\">Una firma experta en investigaci\u00f3n de mercado de la ciudad de Nueva York brinda a las empresas los conocimientos necesarios para prosperar en uno de los entornos m\u00e1s competitivos del mundo.<\/h4>\n\n\n\n<p>SIS International Research tiene una amplia experiencia en gesti\u00f3n de proyectos, estrategia de empresa a empresa y consultor\u00eda. Trabaja en estrecha colaboraci\u00f3n con los clientes para personalizar los proyectos seg\u00fan sus necesidades individuales.<\/p>\n\n\n\n<p>Empleamos m\u00e9todos de investigaci\u00f3n cualitativos y cuantitativos, realizamos investigaciones in situ y producimos informes de alta calidad que ayudan a nuestros clientes a comprender mejor las tendencias de sus respectivas industrias y los comportamientos de los consumidores. Con las \u00faltimas tecnolog\u00edas de investigaci\u00f3n, incluidas pruebas sensoriales, seguimiento ocular y capacidades audiovisuales con calidad de estudio, SIS utiliza una variedad de mejores pr\u00e1cticas para reclutar opiniones administrativas y de consumidores y desbloquear conocimientos ocultos sobre los mercados en desarrollo.<\/p>\n\n\n\n<p>We employ various creative techniques to gather consumer insights, from customer satisfaction research and observational studies to in-home usability and on-site taste testing. SIS is committed to creating customized <a href=\"https:\/\/www.sisinternational.com\/es\/pericia\/industrias\/investigacion-de-mercado-botanica\/\" title=\"Investigaci\u00f3n de mercado de bot\u00e1nica\"  data-wpil-monitor-id=\"4277\">research and marketing<\/a> plans that allow our clients to confidently make critical, research-based business decisions.<\/p>\n\n\n\n<h2 class=\"wp-block-heading\">Nuestra experiencia<\/h2>\n\n\n\n<h4 class=\"wp-block-heading\">Una empresa dedicada a la investigaci\u00f3n de mercados de Nueva York hace m\u00e1s que simplemente recopilar datos: los interpreta dentro del contexto de las fuerzas m\u00e1s amplias del mercado en juego, ofreciendo orientaci\u00f3n estrat\u00e9gica que es a la vez reveladora y pr\u00e1ctica.<\/h4>\n\n\n\n<p class=\"p1\"><span class=\"s1\">Los proyectos anteriores en industrias clave incluyen investigaci\u00f3n automotriz, sanitaria, farmac\u00e9utica, de belleza y cuidado de la piel y educativa. Hemos ayudado a empresas locales e internacionales a desarrollar estrategias de marketing, evaluar amenazas competitivas, probar y promover nuevos productos y servicios, e incluso redise\u00f1ar sus tiendas y oficinas para mejorar la experiencia del cliente.<\/span><\/p>\n\n\n\n<h2 class=\"wp-block-heading\">Beneficios de realizar una investigaci\u00f3n de mercado con SIS International<\/h2>\n\n\n\n<figure class=\"gb-block-image gb-block-image-4e7229f4\"><img loading=\"lazy\" decoding=\"async\" width=\"1456\" height=\"816\" class=\"gb-image gb-image-4e7229f4\" src=\"https:\/\/www.sisinternational.com\/wp-content\/uploads\/2025\/09\/New-York-9.jpg\" alt=\"Investigaci\u00f3n y estrategia de mercado internacional de SIS\" title=\"New York (9)\" srcset=\"https:\/\/www.sisinternational.com\/wp-content\/uploads\/2025\/09\/New-York-9.jpg 1456w, https:\/\/www.sisinternational.com\/wp-content\/uploads\/2025\/09\/New-York-9-300x168.jpg 300w, https:\/\/www.sisinternational.com\/wp-content\/uploads\/2025\/09\/New-York-9-1024x574.jpg 1024w, https:\/\/www.sisinternational.com\/wp-content\/uploads\/2025\/09\/New-York-9-768x430.jpg 768w, https:\/\/www.sisinternational.com\/wp-content\/uploads\/2025\/09\/New-York-9-18x10.jpg 18w\" sizes=\"auto, (max-width: 1456px) 100vw, 1456px\"><\/figure>\n\n\n\n<p><\/p>\n\n\n\n<h4 class=\"wp-block-heading\">Una destacada firma de investigaci\u00f3n de mercado de la ciudad de Nueva York lo ayudar\u00e1 a descubrir los secretos del mercado de la ciudad de Nueva York.<\/h4>\n\n\n\n<p>Elegir SIS International para sus necesidades de investigaci\u00f3n de mercado en la ciudad de Nueva York ofrece distintas ventajas que pueden mejorar significativamente su posicionamiento estrat\u00e9gico y eficacia operativa. M\u00e1s all\u00e1 de los beneficios t\u00edpicos de comprender las tendencias del mercado y el comportamiento del consumidor, SIS International proporciona conocimientos especializados que atienden espec\u00edficamente a la din\u00e1mica de los diversos mercados de Nueva York.<\/p>\n\n\n\n<p><strong>\u2022 Experiencia localizada<\/strong>: SIS International se enorgullece de su profundo conocimiento del mercado de la ciudad de Nueva York. Esta experiencia localizada permite desarrollar estrategias perfectamente adaptadas a las necesidades espec\u00edficas de los vecindarios de la ciudad de Nueva York, abordando matices que los estudios generales de mercado podr\u00edan pasar por alto.<\/p>\n\n\n\n<p><strong>\u2022 Soluciones personalizadas<\/strong>: Cada negocio es \u00fanico y SIS International lo reconoce ofreciendo soluciones de investigaci\u00f3n personalizadas. Ya sea que desee expandirse a nuevos segmentos de mercado u optimizar las operaciones existentes, adaptamos nuestras metodolog\u00edas de investigaci\u00f3n para alinearlas estrechamente con sus objetivos comerciales.<\/p>\n\n\n\n<p><strong>\u2022&nbsp; Competitive Analysis<\/strong>: En una ciudad tan competitiva como Nueva York, conocer a sus competidores es tan crucial como conocer a sus clientes. SIS proporciona an\u00e1lisis detallados de los competidores, incluidas sus estrategias, posiciones en el mercado y debilidades, lo que le permite dise\u00f1ar estrategias que aprovechen sus fortalezas frente a las brechas del mercado.<\/p>\n\n\n\n<p><strong>\u2022 Identificaci\u00f3n de tendencias<\/strong>: Mantenerse a la vanguardia en la ciudad de Nueva York requiere reaccionar a las tendencias actuales y anticipar las futuras. SIS International se destaca en la identificaci\u00f3n de tendencias emergentes antes de que se generalicen, brindando a los clientes la ventaja de ser los primeros en diversos sectores.<\/p>\n\n\n\n<p><strong>\u2022 Planificaci\u00f3n estrat\u00e9gica mejorada<\/strong>: <a href=\"https:\/\/www.linkedin.com\/company\/sisinternationalresearch\/\" target=\"_blank\" rel=\"noopener\"><span style=\"font-weight: 400;\">SIS Internacional<\/span><\/a> permite a las empresas desarrollar planes estrat\u00e9gicos que no s\u00f3lo son reactivos sino tambi\u00e9n proactivos. Las empresas pueden prever los cambios del mercado y adaptar estrategias, posicion\u00e1ndose para tener \u00e9xito en el competitivo panorama de la ciudad de Nueva York.<\/p>\n\n\n\n<p><strong>\u2022 Mayores ingresos<\/strong>: SIS International ayuda a las empresas a adaptar sus ofertas de forma m\u00e1s eficaz mediante una orientaci\u00f3n precisa y la comprensi\u00f3n de las necesidades de los clientes. Esto conduce a una mayor satisfacci\u00f3n y lealtad del cliente, lo que impulsa el crecimiento de los ingresos.<\/p>\n\n\n\n<p><strong>\u2022 La reducci\u00f3n de riesgos<\/strong>: La investigaci\u00f3n de mercados reduce la incertidumbre en las decisiones empresariales. SIS International proporciona datos que ayudan a mitigar los riesgos asociados con el lanzamiento de nuevos productos, el ingreso a nuevos mercados o la realizaci\u00f3n de cambios sustanciales en las operaciones comerciales.<\/p>\n\n\n\n<p><strong>\u2022 Crecimiento e innovaci\u00f3n acelerados<\/strong>: Los conocimientos de la investigaci\u00f3n de mercado impulsan la innovaci\u00f3n al resaltar las brechas y oportunidades en el mercado. SIS International ayuda a las empresas a aprovechar esta informaci\u00f3n para innovar nuevos productos y servicios que satisfagan las necesidades insatisfechas de los clientes, facilitando un crecimiento m\u00e1s r\u00e1pido y sostenible.<\/p>\n\n\n\n<p><strong>\u2022 Aumento del retorno de la inversi\u00f3n (ROI)<\/strong>: Seg\u00fan los resultados de la investigaci\u00f3n, las empresas pueden optimizar varios aspectos de las operaciones comerciales para lograr un mayor retorno de la inversi\u00f3n, ya sea a trav\u00e9s de un marketing, un desarrollo de productos o un posicionamiento estrat\u00e9gico m\u00e1s efectivo.<\/p>\n\n\n\n<p><strong>\u2022 Entrada estrat\u00e9gica al mercado<\/strong>: Para las empresas que buscan ingresar al mercado de Nueva York o expandir su presencia, SIS ofrece datos cr\u00edticos que respaldan la toma de decisiones sobre d\u00f3nde, cu\u00e1ndo y c\u00f3mo lanzar operaciones de manera efectiva.<\/p>\n\n\n\n<p><strong>Optimizaci\u00f3n operativa<\/strong>: Comprender el panorama operativo y los desaf\u00edos de la ciudad de Nueva York permite a las empresas optimizar las operaciones, reducir costos y mejorar la eficiencia.<\/p>\n\n\n\n<p><strong>\u2022 Relevancia cultural<\/strong>: SIS ayuda a las empresas a comprender la din\u00e1mica cultural de los diferentes grupos demogr\u00e1ficos de la ciudad de Nueva York, garantizando que los productos, servicios y esfuerzos de marketing resuenen culturalmente con las audiencias objetivo.<\/p>\n\n\n\n<h2 class=\"wp-block-heading\">Investigaci\u00f3n cualitativa<\/h2>\n\n\n\n<h4 class=\"wp-block-heading\">Nuestro trabajo de campo cualitativo proporciona informaci\u00f3n sobre el comportamiento entre las audiencias de consumidores, B2B y atenci\u00f3n m\u00e9dica. Utilizamos muchas t\u00e9cnicas para realizar investigaciones cualitativas, algunas de las cuales incluyen:<\/h4>\n\n\n\n<ul class=\"wp-block-list\">\n<li>Grupos de discusi\u00f3n<\/li>\n\n\n\n<li>Entrevistas en profundidad<\/li>\n\n\n\n<li>Etnograf\u00eda<\/li>\n\n\n\n<li>Investigaci\u00f3n observacional<\/li>\n\n\n\n<li>Muestreo de probabilidad aleatoria<\/li>\n\n\n\n<li>Reclutamiento de trabajo de campo<\/li>\n<\/ul>\n\n\n\n<h2 class=\"wp-block-heading\">Investigaci\u00f3n cuantitativa<\/h2>\n\n\n\n<h4 class=\"wp-block-heading\">Nuestras soluciones de investigaci\u00f3n cuantitativa brindan investigaciones exhaustivas de fen\u00f3menos sociales mediante t\u00e9cnicas estad\u00edsticas, matem\u00e1ticas o computacionales, tales como:<\/h4>\n\n\n\n<ul class=\"wp-block-list\">\n<li>Investigaci\u00f3n cara a cara e interceptada<\/li>\n\n\n\n<li>Tel\u00e9fono CATI<\/li>\n\n\n\n<li>CAPI<\/li>\n\n\n\n<li>papi<\/li>\n\n\n\n<li>Encuestas por correo<\/li>\n\n\n\n<li>Encuestas en l\u00ednea<\/li>\n<\/ul>\n\n\n\n<h2 class=\"wp-block-heading\">Investigaci\u00f3n y an\u00e1lisis estrat\u00e9gicos<\/h2>\n\n\n\n<h4 class=\"wp-block-heading\">SIS proporciona un s\u00f3lido conjunto de soluciones anal\u00edticas y de investigaci\u00f3n de mercado estrat\u00e9gicas para proporcionar recomendaciones pr\u00e1cticas para la toma de decisiones:<\/h4>\n\n\n\n<ul class=\"wp-block-list\">\n<li>An\u00e1lisis de clientes<\/li>\n\n\n\n<li>Modelado de elecci\u00f3n<\/li>\n\n\n\n<li>An\u00e1lisis de la competencia<\/li>\n\n\n\n<li>An\u00e1lisis de riesgo<\/li>\n\n\n\n<li>Modelado de mezcla de marketing<\/li>\n\n\n\n<li>Evaluaciones de oportunidades de mercado, dimensionamiento y entrada<\/li>\n<\/ul>\n\n\n\n<h2 class=\"wp-block-heading\">nuestra ubicaci\u00f3n<\/h2>\n\n\n\n<p class=\"p1\"><span class=\"s1\"><strong>Estamos a solo unos pasos del ic\u00f3nico edificio Flatiron en Madison Square Park y a cuadras de Union Square Park.<\/strong>. SIS International&#8217;s Focus Group Facility is the ideal place for your next project. SIS International Research is a full-service NYC <a href=\"https:\/\/www.sisinternational.com\/es\/pericia\/industrias\/investigacion-de-mercado-de-zoologia\/\" title=\"Investigaci\u00f3n de mercado de zoolog\u00eda\" data-wpil-monitor-id=\"4293\">market<\/a> research firm ready to tackle even the most challenging projects.<\/span><\/p>\n\n\n\n<h2 class=\"wp-block-heading\">Cobertura Metropolitana<\/h2>\n\n\n\n<h4 class=\"wp-block-heading\">Cubrimos los 5 distritos de Nueva York, incluidos Manhattan, Bronx, Brooklyn, Staten Island y Queens. Las \u00e1reas clave incluyen:<\/h4>\n\n\n\n<div class=\"wp-block-columns is-layout-flex wp-container-core-columns-is-layout-9d6595d7 wp-block-columns-is-layout-flex\">\n<div class=\"wp-block-column is-layout-flow wp-block-column-is-layout-flow\">\n<h3 class=\"wp-block-heading\">manhattan<\/h3>\n\n\n\n<ul class=\"wp-block-list\">\n<li>Centro de Harlem<\/li>\n\n\n\n<li>Chelsea y Clinton<\/li>\n\n\n\n<li>Harlem del este<\/li>\n\n\n\n<li>Parque Gramercy y Murray Hill<\/li>\n\n\n\n<li>Greenwich Village y Soho<\/li>\n\n\n\n<li>Bajo Manhattan<\/li>\n\n\n\n<li>La parte baja al este<\/li>\n\n\n\n<li>Lado este superior<\/li>\n\n\n\n<li>Lado superior oeste<\/li>\n\n\n\n<li>Inwood y Washington Heights<\/li>\n<\/ul>\n<\/div>\n\n\n\n<div class=\"wp-block-column is-layout-flow wp-block-column-is-layout-flow\">\n<h3 class=\"wp-block-heading\">Isla de los Estados<\/h3>\n\n\n\n<ul class=\"wp-block-list\">\n<li>Puerto Richmond<\/li>\n\n\n\n<li>Costa sur<\/li>\n\n\n\n<li>Stapleton y San Jorge<\/li>\n\n\n\n<li>Media isla<\/li>\n<\/ul>\n<\/div>\n<\/div>\n\n\n\n<div class=\"wp-block-columns is-layout-flex wp-container-core-columns-is-layout-9d6595d7 wp-block-columns-is-layout-flex\">\n<div class=\"wp-block-column is-layout-flow wp-block-column-is-layout-flow\">\n<h3 class=\"wp-block-heading\">Brooklyn<\/h3>\n\n\n\n<ul class=\"wp-block-list\">\n<li>Centro de Brooklyn<\/li>\n\n\n\n<li>Suroeste de Brooklyn<\/li>\n\n\n\n<li>parque municipal<\/li>\n\n\n\n<li>Canarsie y Llanuras<\/li>\n\n\n\n<li>Sur de Brooklyn<\/li>\n\n\n\n<li>Noroeste de Brooklyn<\/li>\n\n\n\n<li>arbusto plano<\/li>\n\n\n\n<li>Este de Nueva York y nuevos lotes<\/li>\n\n\n\n<li>Punto verde<\/li>\n\n\n\n<li>Parque del Atardecer<\/li>\n\n\n\n<li>Bushwick y Williamsburg<\/li>\n<\/ul>\n<\/div>\n\n\n\n<div class=\"wp-block-column is-layout-flow wp-block-column-is-layout-flow\">\n<h3 class=\"wp-block-heading\">norte de nueva jersey<\/h3>\n\n\n\n<ul class=\"wp-block-list\">\n<li>Condado de Bergen<\/li>\n\n\n\n<li>Condado de Essex<\/li>\n\n\n\n<li>Condado de Hudson<\/li>\n\n\n\n<li>Condado de Hunterdon<\/li>\n\n\n\n<li>Condado de Morris<\/li>\n\n\n\n<li>Condado de Passaic<\/li>\n\n\n\n<li>Condado de Somerset<\/li>\n\n\n\n<li>Condado de Sussex<\/li>\n\n\n\n<li>Condado de Uni\u00f3n<\/li>\n\n\n\n<li>Condado de Warren<\/li>\n<\/ul>\n<\/div>\n<\/div>\n\n\n\n<div class=\"wp-block-columns is-layout-flex wp-container-core-columns-is-layout-9d6595d7 wp-block-columns-is-layout-flex\">\n<div class=\"wp-block-column is-layout-flow wp-block-column-is-layout-flow\">\n<h3 class=\"wp-block-heading\">Bronx<\/h3>\n\n\n\n<ul class=\"wp-block-list\">\n<li>Centro del Bronx<\/li>\n\n\n\n<li>Parque del Bronx y Fordham<\/li>\n\n\n\n<li>Puente Alto y Morrisania<\/li>\n\n\n\n<li>Punto de caza y Mott Haven<\/li>\n\n\n\n<li>Kingsbridge y Riverdale<\/li>\n\n\n\n<li>Noreste del Bronx<\/li>\n\n\n\n<li>Sudeste del Bronx<\/li>\n<\/ul>\n<\/div>\n\n\n\n<div class=\"wp-block-column is-layout-flow wp-block-column-is-layout-flow\">\n<h3 class=\"wp-block-heading\">Ciudades clave, centro y sur de Nueva Jersey<\/h3>\n\n\n\n<ul class=\"wp-block-list\">\n<li>Nueva York<\/li>\n\n\n\n<li>ciudad de jersey<\/li>\n\n\n\n<li>paterson<\/li>\n\n\n\n<li>Uni\u00f3n<\/li>\n\n\n\n<li>Wayne<\/li>\n\n\n\n<li>trent\u00f3n<\/li>\n\n\n\n<li>edison<\/li>\n\n\n\n<li>Uni\u00f3n<\/li>\n\n\n\n<li>Wayne<\/li>\n\n\n\n<li>ewing<\/li>\n<\/ul>\n<\/div>\n<\/div>\n\n\n\n<div class=\"wp-block-columns is-layout-flex wp-container-core-columns-is-layout-9d6595d7 wp-block-columns-is-layout-flex\">\n<div class=\"wp-block-column is-layout-flow wp-block-column-is-layout-flow\"><div class=\"gb-container gb-container-d8ce3c71\">\n\n<h3 class=\"wp-block-heading\">Ciudades clave, Nueva York<\/h3>\n\n\n\n<ul class=\"wp-block-list\">\n<li>Nueva Rochela<\/li>\n\n\n\n<li>Monte Vernon<\/li>\n\n\n\n<li>llanuras blancas<\/li>\n\n\n\n<li>Yonkers<\/li>\n\n\n\n<li>nyak<\/li>\n\n\n\n<li>Poughkeepsie<\/li>\n\n\n\n<li>Newburgh<\/li>\n\n\n\n<li>Kingston<\/li>\n<\/ul>\n\n<\/div><\/div>\n\n\n\n<div class=\"wp-block-column is-layout-flow wp-block-column-is-layout-flow\"><div class=\"gb-container gb-container-38289820\">\n\n<h3 class=\"wp-block-heading\">Ciudades clave, Connecticut<\/h3>\n\n\n\n<ul class=\"wp-block-list\">\n<li>puente de madera<\/li>\n\n\n\n<li>puente<\/li>\n\n\n\n<li>Stamford<\/li>\n\n\n\n<li>Norwalk<\/li>\n\n\n\n<li>Danbury<\/li>\n\n\n\n<li>Stratford<\/li>\n\n\n\n<li>nuevo refugio<\/li>\n\n\n\n<li>milford<\/li>\n\n\n\n<li>Torrington<\/li>\n\n\n\n<li>ciudad media<\/li>\n<\/ul>\n\n<\/div><\/div>\n<\/div>\n\n\n<div class=\"gb-container gb-container-ba871f1f\">\n\n<div class=\"wp-block-columns is-layout-flex wp-container-core-columns-is-layout-9d6595d7 wp-block-columns-is-layout-flex\">\n<div class=\"wp-block-column is-layout-flow wp-block-column-is-layout-flow\">\n<h3 class=\"wp-block-heading\">Reinas Reinas del noreste<\/h3>\n\n\n\n<ul class=\"wp-block-list\">\n<li>reinas del norte<\/li>\n\n\n\n<li>Reinas centrales<\/li>\n\n\n\n<li>Jamaica<\/li>\n\n\n\n<li>Reinas del noroeste<\/li>\n\n\n\n<li>Reinas del centro oeste<\/li>\n\n\n\n<li>Rockaways<\/li>\n\n\n\n<li>Reinas del Sureste<\/li>\n\n\n\n<li>Reinas del suroeste<\/li>\n\n\n\n<li>Reinas del Oeste<\/li>\n<\/ul>\n<\/div>\n\n\n\n<div class=\"wp-block-column is-layout-flow wp-block-column-is-layout-flow\"><\/div>\n<\/div>\n\n<\/div>\n\n\n<h2 class=\"wp-block-heading\">Acerca de SIS Internacional<\/h2>\n\n\n\n<p>Como una de las mejores firmas de investigaci\u00f3n de mercado de Nueva York, <a href=\"https:\/\/www.sisinternational.com\/es\/\">SIS Internacional<\/a> ofrece investigaci\u00f3n cuantitativa, cualitativa y estrat\u00e9gica. Proporcionamos datos, herramientas, estrategias, informes y conocimientos para la toma de decisiones. Tambi\u00e9n realizamos entrevistas, encuestas, grupos focales y otros m\u00e9todos y enfoques de investigaci\u00f3n de mercado.<a href=\"https:\/\/www.sisinternational.com\/es\/sobre-la-investigacion-internacional-de-sis\/contact-sis-international-market-research\/\"> P\u00f3ngase en contacto con nosotros<\/a> para su pr\u00f3ximo proyecto de Investigaci\u00f3n de Mercado.<\/p>\n\n\n\n<p><\/p>","protected":false},"excerpt":{"rendered":"<p>SIS es una firma l\u00edder en investigaci\u00f3n de mercado de Nueva York que brinda servicios completos de trabajo de campo, recopilaci\u00f3n de datos e investigaci\u00f3n cualitativa, cuantitativa y estrat\u00e9gica.<\/p>","protected":false},"author":1,"featured_media":62692,"parent":19303,"menu_order":0,"comment_status":"closed","ping_status":"closed","template":"","meta":{"footnotes":""},"class_list":["post-16214","page","type-page","status-publish","has-post-thumbnail"],"_links":{"self":[{"href":"https:\/\/www.sisinternational.com\/es\/wp-json\/wp\/v2\/pages\/16214","targetHints":{"allow":["GET"]}}],"collection":[{"href":"https:\/\/www.sisinternational.com\/es\/wp-json\/wp\/v2\/pages"}],"about":[{"href":"https:\/\/www.sisinternational.com\/es\/wp-json\/wp\/v2\/types\/page"}],"author":[{"embeddable":true,"href":"https:\/\/www.sisinternational.com\/es\/wp-json\/wp\/v2\/users\/1"}],"replies":[{"embeddable":true,"href":"https:\/\/www.sisinternational.com\/es\/wp-json\/wp\/v2\/comments?post=16214"}],"version-history":[{"count":11,"href":"https:\/\/www.sisinternational.com\/es\/wp-json\/wp\/v2\/pages\/16214\/revisions"}],"predecessor-version":[{"id":79331,"href":"https:\/\/www.sisinternational.com\/es\/wp-json\/wp\/v2\/pages\/16214\/revisions\/79331"}],"up":[{"embeddable":true,"href":"https:\/\/www.sisinternational.com\/es\/wp-json\/wp\/v2\/pages\/19303"}],"wp:featuredmedia":[{"embeddable":true,"href":"https:\/\/www.sisinternational.com\/es\/wp-json\/wp\/v2\/media\/62692"}],"wp:attachment":[{"href":"https:\/\/www.sisinternational.com\/es\/wp-json\/wp\/v2\/media?parent=16214"}],"curies":[{"name":"wp","href":"https:\/\/api.w.org\/{rel}","templated":true}]}}