{"id":16163,"date":"2015-06-07T15:16:23","date_gmt":"2015-06-07T15:16:23","guid":{"rendered":"https:\/\/www.sisinternational.com\/?page_id=16163"},"modified":"2026-01-27T15:24:07","modified_gmt":"2026-01-27T20:24:07","slug":"entrevistas-etnograficas-b2b","status":"publish","type":"page","link":"https:\/\/www.sisinternational.com\/es\/soluciones\/soluciones-de-investigacion-cualitativa-cuantitativa\/entrevistas-etnograficas-b2b\/","title":{"rendered":"B2B ethnographic market research"},"content":{"rendered":"<h1 class=\"wp-block-heading\">B2B ethnographic market research<\/h1>\n\n\n\n<h1 class=\"wp-block-heading\">&nbsp;<\/h1>\n\n\n\n<figure class=\"gb-block-image gb-block-image-0b452a4a\"><img loading=\"lazy\" decoding=\"async\" width=\"1456\" height=\"816\" class=\"gb-image gb-image-0b452a4a\" src=\"https:\/\/www.sisinternational.com\/wp-content\/uploads\/2025\/08\/Focus-group-meeting-12.jpg\" srcset=\"https:\/\/www.sisinternational.com\/wp-content\/uploads\/2025\/08\/Focus-group-meeting-12.jpg 1456w, https:\/\/www.sisinternational.com\/wp-content\/uploads\/2025\/08\/Focus-group-meeting-12-300x168.jpg 300w, https:\/\/www.sisinternational.com\/wp-content\/uploads\/2025\/08\/Focus-group-meeting-12-1024x574.jpg 1024w, https:\/\/www.sisinternational.com\/wp-content\/uploads\/2025\/08\/Focus-group-meeting-12-768x430.jpg 768w, https:\/\/www.sisinternational.com\/wp-content\/uploads\/2025\/08\/Focus-group-meeting-12-18x10.jpg 18w\" sizes=\"auto, (max-width: 1456px) 100vw, 1456px\" alt=\"Investigaci\u00f3n y estrategia de mercado internacional de SIS\"><\/figure>\n\n\n\n<p><\/p>\n\n\n\n<hr class=\"wp-block-separator has-alpha-channel-opacity is-style-dots\"\/>\n\n\n\n<p><span style=\"font-weight: 400;\">\u00bfAlguna vez te has preguntado qu\u00e9 impulsa a las empresas a tomar las decisiones que toman? En la intrincada red del panorama B2B, es fundamental comprender el &quot;por qu\u00e9&quot; detr\u00e1s de las decisiones corporativas.&nbsp;<\/span><\/p>\n\n\n\n<p><span style=\"font-weight: 400;\">This is where <a href=\"https:\/\/www.sisinternational.com\/es\/complejidades-del-marketing-b2b-2\/\" title=\"\u00bfQu\u00e9 es el marketing B2B?\"  data-wpil-monitor-id=\"7335\">B2B ethnographic market<\/a> research steps in, uncovering the underlying motivations and behaviors of businesses in their natural habitats\u2026 But why is this form of research so vital in today&#8217;s fast-evolving business environment? Let&#8217;s delve into the world of B2B ethnographic <a href=\"https:\/\/www.linkedin.com\/company\/sisinternationalresearch\" target=\"_blank\" rel=\"noopener\">investigaci\u00f3n de mercado<\/a> to find out.<\/span><\/p>\n\n\n\n<h2 class=\"wp-block-heading p1\">\u00bfQu\u00e9 es una entrevista etnogr\u00e1fica?<\/h2>\n\n\n\n<p class=\"p1\"><span style=\"font-weight: 400;\">B2B ethnographic market research<\/span> involves being immersed in or living with a culture, but it could also pertain to a corporation or business entity. In-person interviews help to understand behaviors, attitudes, motivations and preferences, and sometimes social rituals. If you put these together you have the core of a B2B ethnographic interview.<\/p>\n\n\n\n<p><span style=\"font-weight: 400;\">B2B ethnographic market research<\/span> provides in-depth insights into behavior by observing the workplace, people, decision-making, and non-verbal communication that can emerge in the course of the interview.&nbsp; Prototypes and messaging can be tested with respondents.&nbsp; Because the interviews are held in the respondents&#8217; workplace, it simulates the decision-making environment.<\/p>\n\n\n\n<p class=\"p1\">Como t\u00e9cnica cualitativa, es una versi\u00f3n micro de un estudio etnogr\u00e1fico en el que se observa a personas que realizan tareas en una situaci\u00f3n empresarial natural y se les pregunta qu\u00e9 est\u00e1n haciendo, por qu\u00e9 lo hacen y en qu\u00e9 est\u00e1n pensando.<\/p>\n\n\n\n<p class=\"p1\">Aunque la mayor\u00eda de los estudios etnogr\u00e1ficos se realizan en el hogar o la comunidad durante muchos d\u00edas, es posible y muy informativo entrevistar a las personas en su entorno de trabajo, aunque s\u00f3lo sea durante una o dos horas. Hacerlo proporciona una rica informaci\u00f3n sobre el espacio f\u00edsico, el equipo, el mobiliario, los compa\u00f1eros de trabajo y otros recursos que impactan las acciones, el estado de \u00e1nimo y el desempe\u00f1o de una persona que realiza su trabajo dentro de una cultura corporativa.<\/p>\n\n\n\n<h2 class=\"wp-block-heading\"><strong>Importancia de la investigaci\u00f3n de mercado etnogr\u00e1fica B2B en el entorno empresarial actual<\/strong><\/h2>\n\n\n\n<figure class=\"gb-block-image gb-block-image-934d7412\"><img loading=\"lazy\" decoding=\"async\" width=\"1456\" height=\"816\" class=\"gb-image gb-image-934d7412\" src=\"https:\/\/www.sisinternational.com\/wp-content\/uploads\/2025\/08\/Focus-group-meeting-11.jpg\" srcset=\"https:\/\/www.sisinternational.com\/wp-content\/uploads\/2025\/08\/Focus-group-meeting-11.jpg 1456w, https:\/\/www.sisinternational.com\/wp-content\/uploads\/2025\/08\/Focus-group-meeting-11-300x168.jpg 300w, https:\/\/www.sisinternational.com\/wp-content\/uploads\/2025\/08\/Focus-group-meeting-11-1024x574.jpg 1024w, https:\/\/www.sisinternational.com\/wp-content\/uploads\/2025\/08\/Focus-group-meeting-11-768x430.jpg 768w, https:\/\/www.sisinternational.com\/wp-content\/uploads\/2025\/08\/Focus-group-meeting-11-18x10.jpg 18w\" sizes=\"auto, (max-width: 1456px) 100vw, 1456px\" alt=\"Investigaci\u00f3n y estrategia de mercado internacional de SIS\"><\/figure>\n\n\n\n<p><\/p>\n\n\n\n<p><span style=\"font-weight: 400;\">El panorama empresarial es cada vez m\u00e1s complejo y din\u00e1mico. La globalizaci\u00f3n, la transformaci\u00f3n digital y las demandas cambiantes del mercado han hecho imperativo que las empresas comprendan no solo a sus consumidores finales sino tambi\u00e9n a sus socios comerciales, proveedores y competidores. Aqu\u00ed es donde entra en juego la investigaci\u00f3n de mercado etnogr\u00e1fica B2B.<\/span><\/p>\n\n\n\n<p><span style=\"font-weight: 400;\">Unlike other research methodologies that rely on surveys or data analytics, B2B ethnographic market research focuses on immersive observation and understanding. This form of research captures the nuances of business culture, decision-making processes, and the interplay of various stakeholders.<\/span><\/p>\n\n\n\n<p><span style=\"font-weight: 400;\">He aqu\u00ed un vistazo m\u00e1s de cerca a algunos de estos beneficios:<\/span><\/p>\n\n\n\n<p><b>\u2022 Perspectivas m\u00e1s profundas:<\/b><span style=\"font-weight: 400;\"> B2B ethnographic market research goes beyond the surface. It dives deep into the daily routines, challenges, and motivations of businesses, providing insights that are difficult to attain through conventional methods.&nbsp;<\/span><\/p>\n\n\n\n<p><b>\u2022 Marketing y mensajer\u00eda dirigidos: <\/b><span style=\"font-weight: 400;\">La investigaci\u00f3n etnogr\u00e1fica revela el lenguaje, los valores y las prioridades de las partes interesadas del B2B. Con este conocimiento, las organizaciones pueden adaptar sus mensajes de marketing para que resuenen con su audiencia, aumentando la eficacia de sus esfuerzos de comunicaci\u00f3n.<\/span><\/p>\n\n\n\n<p><b>\u2022 Mitigaci\u00f3n de riesgos: <\/b>Understanding the challenges and <a href=\"https:\/\/www.sisinternational.com\/es\/informe-tecnico-sobre-el-problema-de-las-comunicaciones-para-pymes-que-descubre-el-coste-oculto-de-las-barreras-y-la-latencia-de-las-comunicaciones\/\" title=\"Informe t\u00e9cnico del estudio sobre los problemas de comunicaci\u00f3n de las PYMES\" data-wpil-monitor-id=\"4490\">pain points of B2B<\/a> partners allows organizations to proactively address potential issues and risks.&nbsp;<\/span><\/p>\n\n\n\n<p><b>\u2022 Inteligencia competitiva: <a href=\"https:\/\/www.sisinternational.com\/es\/estrategia-de-marketing-multicanal-b2b\/\" title=\"Estrategia de marketing multicanal B2B\" data-wpil-monitor-id=\"844\">B2B ethnographic market<\/a> research&nbsp;can shed light on the strategies and practices of competitors within the B2B space.&nbsp;<\/span><\/p>\n\n\n\n<p><b>\u2022 Sensibilidad cultural: <\/b><span style=\"font-weight: 400;\">En un mundo empresarial globalizado, las diferencias culturales pueden afectar significativamente las interacciones B2B. La investigaci\u00f3n etnogr\u00e1fica ayuda a comprender los matices culturales, lo que permite a las organizaciones navegar en los mercados internacionales con mayor sensibilidad y eficacia.<\/span><\/p>\n\n\n\n<p><b>\u2022 Catalizador de Innovaci\u00f3n: <\/b><span style=\"font-weight: 400;\">La inmersi\u00f3n en el entorno B2B genera innovaci\u00f3n. Observar c\u00f3mo operan e interact\u00faan las empresas puede inspirar nuevas ideas y soluciones creativas que pueden impulsar el crecimiento empresarial.<\/span><\/p>\n\n\n\n<p><b>\u2022 Relaciones a largo plazo: <\/b><span style=\"font-weight: 400;\">By demonstrating a commitment to understanding the unique needs of their B2B partners, organizations can build stronger, more enduring relationships.<\/span><\/p>\n\n\n\n<p><b>\u2022 Toma de decisiones basada en datos: <\/b><span style=\"font-weight: 400;\">B2B ethnographic market research provides organizations with concrete data and real-world observations.&nbsp;<\/span><\/p>\n\n\n\n<p><b>\u2022 Mejora del servicio al cliente: <\/b><span style=\"font-weight: 400;\">Observar las operaciones diarias de las empresas puede revelar puntos d\u00e9biles en t\u00e9rminos de servicio o soporte. Abordarlos puede conducir a niveles elevados de satisfacci\u00f3n y lealtad del cliente.<\/span><\/p>\n\n\n\n<p><b>\u2022 Entrenamiento y desarrollo: <\/b><span style=\"font-weight: 400;\">Los matices adquiridos sobre el comportamiento empresarial, la toma de decisiones y los valores se pueden incorporar en los m\u00f3dulos de capacitaci\u00f3n, garantizando que los equipos est\u00e9n bien equipados para atender a los clientes B2B de manera eficiente.<\/span><\/p>\n\n\n\n<h2 class=\"wp-block-heading\">Cu\u00e1ndo utilizar entrevistas etnogr\u00e1ficas<\/h2>\n\n\n\n<figure class=\"gb-block-image gb-block-image-a0640d46\"><img decoding=\"async\" class=\"gb-image gb-image-a0640d46\" src=\"https:\/\/www.sisinternational.com\/wp-content\/uploads\/2025\/07\/How-to-Conduct-Effective-Quantitative-Market-Researc-2.jpg\" alt=\"Investigaci\u00f3n y estrategia de mercado internacional de SIS\"><\/figure>\n\n\n\n<p><\/p>\n\n\n\n<p>Para una empresa que vende un producto o servicio, es posible observar c\u00f3mo y cu\u00e1ndo se utiliza en el mundo real en el momento en que se utiliza. Los cuestionarios se pueden administrar antes y despu\u00e9s de una visita para complementar las preguntas detalladas, abiertas y de sondeo que se formulan durante una entrevista in situ.<\/p>\n\n\n\n<p>La principal diferencia entre una entrevista t\u00edpica de investigaci\u00f3n de mercado y una etnogr\u00e1fica es la atenci\u00f3n que se presta al entorno del encuestado. Entre otras cosas, uno puede ver si una persona trabaja en un cub\u00edculo o en una oficina privada, con muchos o pocos colegas, en un \u00e1rea tranquila o con distracciones, cualquiera de las cuales puede afectar la forma en que se realizan las tareas.<\/p>\n\n\n\n<h2 class=\"wp-block-heading\"><span class=\"s1\">\u00bfC\u00f3mo se realiza una Entrevista Etnogr\u00e1fica B2B?<\/span><\/h2>\n\n\n\n<ul class=\"wp-block-list\">\n<li><span class=\"s1\">A <strong>D<\/strong><\/span><strong><span class=\"s2\">gu\u00eda de discusi\u00f3n<\/span><\/strong><span class=\"s1\"> deben desarrollarse para enmarcar el contenido que se va a cubrir. Se debe informar a los sujetos de antemano que se les podr\u00eda pedir que realicen una actividad y\/o que muestren c\u00f3mo utilizan un producto o servicio mientras lo completan. Las preguntas de muestra incluyen:<\/span>\n<ul class=\"wp-block-list\">\n<li><span class=\"s1\">\u00bfEn qu\u00e9 circunstancias utiliza el producto?<\/span><\/li>\n\n\n\n<li><span class=\"s1\">\u00bfC\u00f3mo se usa exactamente?<\/span><\/li>\n\n\n\n<li><span class=\"s1\">\u00bfResuelve por completo el problema o te acostumbras a otra cosa?<\/span><\/li>\n\n\n\n<li><span class=\"s1\">\u00bfC\u00f3mo se compara el producto con las alternativas (de la competencia)?<\/span><\/li>\n\n\n\n<li><span class=\"s1\">\u00bfSe utiliza para otros fines (no previstos)?<\/span><\/li>\n\n\n\n<li><span class=\"s1\">\u00bfQui\u00e9n m\u00e1s lo utiliza? Por ejemplo, \u00bfun colega con la misma funci\u00f3n o con otra diferente?<\/span><\/li>\n\n\n\n<li><span class=\"s1\">A veces un <\/span><strong><span class=\"s2\">segundo investigador<\/span><\/strong><span class=\"s1\"><span class=\"s2\"> est\u00e1 presente para tomar notas y hacer observaciones adicionales mientras el entrevistador se concentra completamente en el di\u00e1logo con el encuestado.<\/span><\/span><br><p>\u00a0<\/p><\/li>\n<\/ul>\n<\/li>\n\n\n\n<li><span class=\"s1\"><span class=\"s1\">Debido al aumento de la seguridad desde el 11 de septiembre en casi todas las empresas, a menudo se desaconseja o se proh\u00edbe por completo la toma de fotograf\u00edas o v\u00eddeos dentro de una f\u00e1brica, edificio de oficinas o tienda. Las fotograf\u00edas pueden tomarse desde el exterior (por ejemplo, un estacionamiento p\u00fablico o una carretera) u obtenerse a trav\u00e9s de fuentes en l\u00ednea como Google Earth o Maps. Cuanto m\u00e1s pueda recopilar sobre el entorno de la persona, mejor podr\u00e1 preguntar y comprender al encuestado.<\/span><\/span><br><p>\u00a0<\/p><\/li>\n\n\n\n<li><strong><span class=\"s2\">Cuadros interiores<\/span><\/strong><span class=\"s1\"> a\u00fan se puede obtener con la autorizaci\u00f3n adecuada obtenida antes de cualquier visita\/entrevista. Una alternativa es pedir a los participantes que tomen sus propias fotograf\u00edas, que no sean de su propiedad, de su espacio de trabajo, de los productos que utilizan, de sus colegas y de espacios abiertos como una cafeter\u00eda, una sala de descanso o una sala de reuniones. Si se pueden obtener fotograf\u00edas de los propios entrevistados, se pueden compartir como parte de un informe de hallazgos que ayudar\u00e1 a otros a \u201cver\u201d qui\u00e9n fue entrevistado. Se pueden utilizar para crear un <\/span><strong><span class=\"s2\">persona<\/span><\/strong><span class=\"s1\"><span class=\"s2\"> del comprador B2B de inter\u00e9s para el cliente.<\/span><\/span><br><p>\u00a0<\/p><\/li>\n\n\n\n<li><span class=\"s1\">Antes de la entrevista, es posible hacer que un sujeto complete un breve <\/span><strong><span class=\"s2\">diario o encuesta<\/span><\/strong><span class=\"s1\"><span class=\"s2\"> Describir un d\u00eda o una semana t\u00edpicos, incluidas las responsabilidades clave, las fuentes o los productos utilizados, o el tiempo aproximado necesario para una tarea com\u00fan.<\/span><\/span><br><p>\u00a0<\/p><\/li>\n\n\n\n<li><span class=\"s1\"><span class=\"s1\">Despu\u00e9s de la entrevista, se puede desarrollar una encuesta corta diferente basada en el conjunto total de entrevistas y observaciones.<\/span><\/span><br><p>\u00a0<\/p><\/li>\n\n\n\n<li><span class=\"s1\"><span class=\"s1\">Al combinar todos los hallazgos de los m\u00e9todos cualitativos (entrevistas etnogr\u00e1ficas b2b, grupos focales) y cuantitativos (encuestas previas y posteriores), una empresa estar\u00e1 en una mejor posici\u00f3n para comprender muchos m\u00e1s factores sutiles y caracter\u00edsticas deseadas que, en \u00faltima instancia, impactan una decisi\u00f3n de compra.<span class=\"Apple-converted-space\">\u00a0 <\/span>Disponer de esta informaci\u00f3n es muy valioso para las funciones de producci\u00f3n, marketing y ventas, quienes pueden encargarse de crear nuevos productos o servicios que satisfagan mejor las necesidades de los usuarios.<\/span><\/span><br><br><\/li>\n\n\n\n<li><strong><span class=\"s2\">Reclutamiento y compensaci\u00f3n:<\/span><\/strong>\n<ul class=\"wp-block-list\">\n<li><span class=\"s1\">A diferencia de muchos otros tipos de investigaci\u00f3n de mercado, las entrevistas etnogr\u00e1ficas no se pueden realizar en l\u00ednea, por tel\u00e9fono ni de ninguna otra forma que no sea cara a cara.<\/span><\/li>\n\n\n\n<li><span class=\"s1\">El monto de la compensaci\u00f3n depender\u00e1 de cu\u00e1nto tiempo se necesitar\u00e1 para la entrevista (quiz\u00e1s una hora que coincida con el almuerzo, tomando un caf\u00e9 antes del inicio de la jornada laboral o en el lugar de trabajo despu\u00e9s de la jornada laboral).&nbsp;<\/span><\/li>\n\n\n\n<li><span class=\"s1\">Si se solicitan tareas adicionales, debe haber un pago adicional por cada una. Por ejemplo, ofrezca $100 por la entrevista, $25 por una encuesta previa y posterior y $25 por un conjunto de fotograf\u00edas que cumplan con los requisitos del cliente (esta tambi\u00e9n podr\u00eda ser una condici\u00f3n para el pago de la entrevista).<\/span><\/li>\n<\/ul>\n<\/li>\n<\/ul>\n\n\n\n<h2 class=\"wp-block-heading\"><strong>Oportunidades en la realizaci\u00f3n de investigaciones de mercado etnogr\u00e1ficas B2B:<\/strong><\/h2>\n\n\n\n<figure class=\"gb-block-image gb-block-image-dcc950ef\"><img loading=\"lazy\" decoding=\"async\" width=\"1456\" height=\"816\" class=\"gb-image gb-image-dcc950ef\" src=\"https:\/\/www.sisinternational.com\/wp-content\/uploads\/2025\/08\/Focus-group-meeting-5.jpg\" srcset=\"https:\/\/www.sisinternational.com\/wp-content\/uploads\/2025\/08\/Focus-group-meeting-5.jpg 1456w, https:\/\/www.sisinternational.com\/wp-content\/uploads\/2025\/08\/Focus-group-meeting-5-300x168.jpg 300w, https:\/\/www.sisinternational.com\/wp-content\/uploads\/2025\/08\/Focus-group-meeting-5-1024x574.jpg 1024w, https:\/\/www.sisinternational.com\/wp-content\/uploads\/2025\/08\/Focus-group-meeting-5-768x430.jpg 768w, https:\/\/www.sisinternational.com\/wp-content\/uploads\/2025\/08\/Focus-group-meeting-5-18x10.jpg 18w\" sizes=\"auto, (max-width: 1456px) 100vw, 1456px\" alt=\"Investigaci\u00f3n y estrategia de mercado internacional de SIS\"><\/figure>\n\n\n\n<p><\/p>\n\n\n\n<p><span style=\"font-weight: 400;\">El panorama de las transacciones B2B es vasto y con la investigaci\u00f3n de mercado etnogr\u00e1fica B2B, existe una oportunidad de oro para descubrir secretos que pueden conducir al crecimiento y la transformaci\u00f3n empresarial. He aqu\u00ed un vistazo a las v\u00edas que este m\u00e9todo de investigaci\u00f3n puede abrir:<\/span><\/p>\n\n\n\n<p><b>\u2022 Desarrollo de nuevo producto: <\/b><span style=\"font-weight: 400;\">Con una comprensi\u00f3n integral de las operaciones y los desaf\u00edos comerciales, existe la posibilidad de identificar brechas en el mercado. Esto puede conducir al desarrollo de productos o servicios innovadores dise\u00f1ados espec\u00edficamente para abordar estas brechas.<\/span><\/p>\n\n\n\n<p><b>\u2022 Fortalecimiento del Posicionamiento de Marca: <\/b><span style=\"font-weight: 400;\">A trav\u00e9s de la investigaci\u00f3n de mercado etnogr\u00e1fica B2B, las empresas pueden revelar propuestas de venta \u00fanicas que resuenan fuertemente en su p\u00fablico empresarial objetivo. Esto puede elevar significativamente el posicionamiento y el reconocimiento de la marca.<\/span><\/p>\n\n\n\n<p><b>\u2022 Expansi\u00f3n a Nuevos Mercados: <\/b><span style=\"font-weight: 400;\">Al estudiar empresas en diversos sectores o regiones, existe la posibilidad de identificar mercados sin explotar o desatendidos. Los conocimientos adquiridos pueden guiar las estrategias de expansi\u00f3n, garantizando una entrada m\u00e1s fluida y un mayor \u00e9xito.<\/span><\/p>\n\n\n\n<p><b>Empresas colaborativas: <\/b><span style=\"font-weight: 400;\">Reconocer necesidades comerciales o servicios complementarios puede conducir a asociaciones o colaboraciones beneficiosas, abriendo puertas a recursos, conocimientos o bases de clientes compartidos.<\/span><\/p>\n\n\n\n<p><b>\u2022 Perspectivas intersectoriales: <\/b><span style=\"font-weight: 400;\">La investigaci\u00f3n etnogr\u00e1fica puede proporcionar conocimientos intersectoriales. Las organizaciones pueden aprender de las mejores pr\u00e1cticas de los socios B2B en otros sectores, generando innovaci\u00f3n y la adopci\u00f3n de estrategias exitosas de diferentes industrias.<\/span><\/p>\n\n\n\n<h2 class=\"wp-block-heading\"><strong>Desaf\u00edos de realizar una investigaci\u00f3n de mercado etnogr\u00e1fica B2B<\/strong><\/h2>\n\n\n\n<p><span style=\"font-weight: 400;\">La investigaci\u00f3n de mercado etnogr\u00e1fica B2B presenta desaf\u00edos, y navegar en el entorno B2B requiere tacto, comprensi\u00f3n y un profundo compromiso con la \u00e9tica de la investigaci\u00f3n. Profundicemos en algunos de los desaf\u00edos importantes que pueden enfrentar las empresas:<\/span><\/p>\n\n\n\n<p><b>\u2022 Acceso a Entornos B2B:<\/b><span style=\"font-weight: 400;\"> Obtener acceso a los entornos naturales de los socios B2B puede resultar un desaf\u00edo. Las empresas suelen proteger sus operaciones y pueden mostrarse reacias a conceder acceso a los investigadores.<\/span><\/p>\n\n\n\n<p><b>\u2022 Tiempo intensivo:<\/b><span style=\"font-weight: 400;\"> La investigaci\u00f3n etnogr\u00e1fica requiere mucho tiempo. Es posible que los investigadores necesiten pasar largos per\u00edodos en el campo, observando e interactuando con las partes interesadas B2B. Esto puede requerir muchos recursos para las organizaciones.<\/span><\/p>\n\n\n\n<p><b>\u2022 Costos: <\/b><span style=\"font-weight: 400;\">La investigaci\u00f3n inmersiva puede generar costos importantes, incluidos gastos de viaje, salarios de los investigadores y gastos de an\u00e1lisis de datos. Administrar el presupuesto para la investigaci\u00f3n etnogr\u00e1fica puede ser un desaf\u00edo para algunas organizaciones.<\/span><\/p>\n\n\n\n<p><b>\u2022 Complejidad del an\u00e1lisis de datos: <\/b><span style=\"font-weight: 400;\">Analizar datos cualitativos de la investigaci\u00f3n etnogr\u00e1fica puede resultar complejo. Los investigadores deben dar sentido a datos ricos y espec\u00edficos del contexto, lo que puede requerir habilidades y herramientas especializadas.<\/span><\/p>\n\n\n\n<p><b>\u2022 Generalizabilidad:<\/b><span style=\"font-weight: 400;\"> La investigaci\u00f3n etnogr\u00e1fica suele centrarse en contextos y casos espec\u00edficos. Generalizar los hallazgos a poblaciones o industrias m\u00e1s amplias puede resultar un desaf\u00edo, por lo que es importante definir cuidadosamente el alcance y los objetivos de la investigaci\u00f3n.<\/span><\/p>\n\n\n\n<p><b>\u2022 Tama\u00f1o de muestra limitado: <\/b>B2B ethnographic market research<span style=\"font-weight: 400;\">&nbsp;often involves a limited sample size due to the intensive nature of the approach. It can raise questions about the representativeness of the findings.<\/span><\/p>\n\n\n\n<p><b>\u2022 Compromiso a largo plazo: <\/b><span style=\"font-weight: 400;\">Una investigaci\u00f3n etnogr\u00e1fica exitosa a menudo requiere un compromiso a largo plazo. Es posible que los investigadores necesiten volver a visitar a los socios B2B varias veces durante un per\u00edodo prolongado para captar comportamientos y tendencias en evoluci\u00f3n.<\/span><\/p>\n\n\n\n<h2 class=\"wp-block-heading\">Nuestra ubicaci\u00f3n de instalaciones en Nueva York<\/h2>\n\n\n\n<p>\n\n\n\n<iframe loading=\"lazy\" src=\"https:\/\/www.google.com\/maps\/embed?pb=!1m18!1m12!1m3!1d3022.976188376966!2d-73.99130312499956!3d40.740549471389315!2m3!1f0!2f0!3f0!3m2!1i1024!2i768!4f13.1!3m3!1m2!1s0x89c259a15798c731%3A0xd695d09bdd495f25!2s11%20E%2022nd%20St%20FL%202%2C%20New%20York%2C%20NY%2010010%2C%20USA!5e0!3m2!1sen!2spe!4v1726171763526!5m2!1sen!2spe\" width=\"600\" height=\"450\" allowfullscreen=\"allowfullscreen\" data-mce-fragment=\"1\"><\/iframe>\n\n\n\n<\/p>\n\n\n\n<h3 class=\"wp-block-heading\">11 E 22nd Street, piso 2, Nueva York, NY 10010 T: +1(212) 505-6805<\/h3>\n\n\n\n<hr class=\"wp-block-separator has-alpha-channel-opacity\"\/>\n\n\n\n<h2 class=\"wp-block-heading\"><span style=\"font-weight: 400;\">Acerca de SIS Internacional<\/span><\/h2>\n\n\n\n<p><a href=\"https:\/\/www.sisinternational.com\/es\/\"><span style=\"font-weight: 400;\">SIS Internacional<\/span><\/a><span style=\"font-weight: 400;\"> ofrece investigaci\u00f3n cuantitativa, cualitativa y estrat\u00e9gica. Proporcionamos datos, herramientas, estrategias, informes y conocimientos para la toma de decisiones. Tambi\u00e9n realizamos entrevistas, encuestas, grupos focales y otros m\u00e9todos y enfoques de investigaci\u00f3n de mercado.<\/span><a href=\"https:\/\/www.sisinternational.com\/es\/sobre-la-investigacion-internacional-de-sis\/contact-sis-international-market-research\/\"><span style=\"font-weight: 400;\"> P\u00f3ngase en contacto con nosotros<\/span><\/a><span style=\"font-weight: 400;\"> para su pr\u00f3ximo proyecto de Investigaci\u00f3n de Mercado.<\/span><\/p>\n\n\n\n<p><\/p>","protected":false},"excerpt":{"rendered":"<p>La etnograf\u00eda B2B implica entrevistas en persona que ayudan a comprender comportamientos, actitudes, motivaciones y preferencias.<\/p>","protected":false},"author":1,"featured_media":62674,"parent":14660,"menu_order":6,"comment_status":"open","ping_status":"open","template":"","meta":{"footnotes":""},"class_list":["post-16163","page","type-page","status-publish","has-post-thumbnail"],"_links":{"self":[{"href":"https:\/\/www.sisinternational.com\/es\/wp-json\/wp\/v2\/pages\/16163","targetHints":{"allow":["GET"]}}],"collection":[{"href":"https:\/\/www.sisinternational.com\/es\/wp-json\/wp\/v2\/pages"}],"about":[{"href":"https:\/\/www.sisinternational.com\/es\/wp-json\/wp\/v2\/types\/page"}],"author":[{"embeddable":true,"href":"https:\/\/www.sisinternational.com\/es\/wp-json\/wp\/v2\/users\/1"}],"replies":[{"embeddable":true,"href":"https:\/\/www.sisinternational.com\/es\/wp-json\/wp\/v2\/comments?post=16163"}],"version-history":[{"count":11,"href":"https:\/\/www.sisinternational.com\/es\/wp-json\/wp\/v2\/pages\/16163\/revisions"}],"predecessor-version":[{"id":80981,"href":"https:\/\/www.sisinternational.com\/es\/wp-json\/wp\/v2\/pages\/16163\/revisions\/80981"}],"up":[{"embeddable":true,"href":"https:\/\/www.sisinternational.com\/es\/wp-json\/wp\/v2\/pages\/14660"}],"wp:featuredmedia":[{"embeddable":true,"href":"https:\/\/www.sisinternational.com\/es\/wp-json\/wp\/v2\/media\/62674"}],"wp:attachment":[{"href":"https:\/\/www.sisinternational.com\/es\/wp-json\/wp\/v2\/media?parent=16163"}],"curies":[{"name":"wp","href":"https:\/\/api.w.org\/{rel}","templated":true}]}}