{"id":16145,"date":"2015-06-09T17:26:43","date_gmt":"2015-06-09T17:26:43","guid":{"rendered":"https:\/\/www.sisinternational.com\/?page_id=16145"},"modified":"2026-01-26T17:55:45","modified_gmt":"2026-01-26T22:55:45","slug":"estudios-de-dimensionamiento-de-viabilidad-de-entrada-al-mercado","status":"publish","type":"page","link":"https:\/\/www.sisinternational.com\/es\/soluciones\/consultoria-estrategica\/estudios-de-dimensionamiento-de-viabilidad-de-entrada-al-mercado\/","title":{"rendered":"Estudios de Entrada al Mercado, Viabilidad y Dimensionamiento"},"content":{"rendered":"<h1 class=\"wp-block-heading\">Estudios de Entrada al Mercado, Viabilidad y Dimensionamiento<\/h1>\n\n\n\n<figure class=\"gb-block-image gb-block-image-4af0b61f\"><img loading=\"lazy\" decoding=\"async\" width=\"1456\" height=\"816\" class=\"gb-image gb-image-4af0b61f\" src=\"https:\/\/www.sisinternational.com\/wp-content\/uploads\/2025\/08\/Marketing-5.jpg\" srcset=\"https:\/\/www.sisinternational.com\/wp-content\/uploads\/2025\/08\/Marketing-5.jpg 1456w, https:\/\/www.sisinternational.com\/wp-content\/uploads\/2025\/08\/Marketing-5-300x168.jpg 300w, https:\/\/www.sisinternational.com\/wp-content\/uploads\/2025\/08\/Marketing-5-1024x574.jpg 1024w, https:\/\/www.sisinternational.com\/wp-content\/uploads\/2025\/08\/Marketing-5-768x430.jpg 768w, https:\/\/www.sisinternational.com\/wp-content\/uploads\/2025\/08\/Marketing-5-18x10.jpg 18w\" sizes=\"auto, (max-width: 1456px) 100vw, 1456px\" alt=\"Investigaci\u00f3n y estrategia de mercado internacional de SIS\"><\/figure>\n\n\n\n<p><\/p>\n\n\n\n<h2 class=\"wp-block-heading\">Nuestro grupo de estrategia de entrada al mercado de clase mundial<\/h2>\n\n\n\n<p>SIS is a world leader in Market Entry Research studies.&nbsp; We have over 40+ years experience, vast global resources and multiple levels of intelligence for a \u201ccomplete market view\u201d of your company\u2019s Market Entry strategy.<\/p>\n\n\n\n<p>Nuestro liderazgo y cobertura en mercados globales nos permite presentar nuevos mercados a los clientes y guiarlos en su Entrada al Mercado. Nuestros especialistas en investigaci\u00f3n han escrito varios libros sobre la entrada al mercado, han dado conferencias p\u00fablicas ante los medios y han prestado servicios a las empresas m\u00e1s grandes del mundo.<\/p>\n\n\n\n<h3 class=\"wp-block-heading\">En el mercado global actual, las empresas buscan cada vez m\u00e1s ventas, conocimiento de marca y estabilidad comercial.<\/h3>\n\n\n\n<p>A menudo consideran la entrada al mercado como una forma de lograr sus objetivos estrat\u00e9gicos. Mediante la investigaci\u00f3n basada en conocimientos, las empresas pueden evaluar su estrategia de entrada en el contexto de riesgos y oportunidades. Con la investigaci\u00f3n, las empresas pueden seleccionar con mayor confianza un modo de entrada, como inversi\u00f3n extranjera directa, licencias, franquicias y alianzas estrat\u00e9gicas.<\/p>\n\n\n\n<p><span style=\"font-weight: 400;\">Al analizar la din\u00e1mica del mercado, el comportamiento del consumidor, los escenarios competitivos y los indicadores econ\u00f3micos, los estudios de entrada al mercado, viabilidad y dimensionamiento ofrecen una imagen clara de las posibles recompensas y riesgos. Sirven como gu\u00eda para las empresas, ayud\u00e1ndolas a tomar decisiones informadas, evitar pasos en falso costosos y posicionarse estrat\u00e9gicamente en nuevos mercados.<\/span><\/p>\n\n\n\n<h2 class=\"wp-block-heading\"><span style=\"font-weight: 400;\">Comprensi\u00f3n de los estudios de entrada al mercado, viabilidad y dimensionamiento<\/span><\/h2>\n\n\n\n<p><span style=\"font-weight: 400;\">Market entry, feasibility, and sizing studies are comprehensive assessments that businesses undertake to evaluate the potential of entering a new market. These studies serve as a cornerstone for strategic decision-making, offering insights that are critical for a successful <a href=\"https:\/\/www.sisinternational.com\/es\/analisis-de-la-entrada-al-mercado-de-carrefours-dubai\/\" title=\"An\u00e1lisis de entrada al mercado de Dubai de Carrefour\"  data-wpil-monitor-id=\"1866\">estrategia de entrada al mercado<\/a>. But, what exactly do these studies entail?<\/span><\/p>\n\n\n\n<p><span style=\"font-weight: 400;\">Proporcionan una visi\u00f3n hol\u00edstica de las oportunidades y desaf\u00edos en un nuevo mercado. Ayudan a las empresas a tomar decisiones basadas en datos, adaptar sus productos o servicios para satisfacer las necesidades espec\u00edficas del mercado y desarrollar estrategias que est\u00e9n alineadas con la din\u00e1mica del mercado local.<\/span><\/p>\n\n\n\n<h2 class=\"wp-block-heading\"><span style=\"font-weight: 400;\">\u00bfPor qu\u00e9 son fundamentales hoy en d\u00eda los estudios de entrada al mercado, de viabilidad y de dimensionamiento?<\/span><\/h2>\n\n\n\n<p><span style=\"font-weight: 400;\">The global marketplace is characterized by rapid technological advancements, shifting consumer preferences, and increasing competition. In such a dynamic environment, entering a new <a href=\"https:\/\/www.sisinternational.com\/es\/pericia\/industrias\/investigacion-de-mercado-de-salsas-para-mojar\/\" title=\"Investigaci\u00f3n de mercado de salsa para mojar\"  data-wpil-monitor-id=\"5751\">market without thorough research<\/a> and analysis is risky, to say the least. Therefore, market entry, feasibility, and sizing studies provide that map, offering businesses critical insights that guide their strategic decisions.<\/span><\/p>\n\n\n\n<p><span style=\"font-weight: 400;\">Estos estudios son cruciales para comprender no s\u00f3lo el &quot;qu\u00e9&quot; y el &quot;qui\u00e9n&quot; de un mercado, sino tambi\u00e9n el &quot;c\u00f3mo&quot; y el &quot;por qu\u00e9&quot;. Van m\u00e1s all\u00e1 del an\u00e1lisis superficial para profundizar en las complejidades de la din\u00e1mica del mercado, ayudando a las empresas a comprender los aspectos \u00fanicos de cada mercado, incluidos los matices culturales, los requisitos regulatorios y las presiones competitivas.<\/span><\/p>\n\n\n\n<p><span style=\"font-weight: 400;\">Adem\u00e1s, los estudios de entrada al mercado, de viabilidad y de dimensionamiento permiten a las empresas evaluar varios mercados de forma sistem\u00e1tica, identificando aquellos que ofrecen el mayor potencial y al mismo tiempo se alinean con las capacidades y los objetivos de crecimiento de la empresa.<\/span><\/p>\n\n\n\n<h2 class=\"wp-block-heading\"><span style=\"font-weight: 400;\">Beneficios de los estudios de entrada al mercado, viabilidad y dimensionamiento<\/span><\/h2>\n\n\n\n<p><span style=\"font-weight: 400;\">Los beneficios de realizar estudios de entrada al mercado, de viabilidad y de dimensionamiento son significativos. Estos estudios no s\u00f3lo mejoran la probabilidad de una entrada exitosa al mercado, sino que tambi\u00e9n contribuyen a la planificaci\u00f3n estrat\u00e9gica general y la gesti\u00f3n de riesgos de una empresa. \u00c9stos son algunos de los beneficios clave:<\/span><\/p>\n\n\n\n<p><b>\u2022 Toma de decisiones informada:<\/b><span style=\"font-weight: 400;\"> Estos estudios proporcionan informaci\u00f3n detallada sobre nuevos mercados, lo que permite a las empresas tomar decisiones basadas en datos y an\u00e1lisis en lugar de suposiciones. Este enfoque informado aumenta significativamente las posibilidades de entrada exitosa al mercado y sostenibilidad a largo plazo.<\/span><\/p>\n\n\n\n<p><b>\u2022 Mitigaci\u00f3n de riesgos: <\/b><span style=\"font-weight: 400;\">Al analizar exhaustivamente los riesgos y desaf\u00edos potenciales de ingresar a un nuevo mercado, las empresas pueden desarrollar estrategias para mitigar estos riesgos. Este enfoque proactivo de la gesti\u00f3n de riesgos puede salvar a las empresas de errores costosos y desaf\u00edos imprevistos.<\/span><\/p>\n\n\n\n<p><b>\u2022 Optimizaci\u00f3n de recursos:<\/b><span style=\"font-weight: 400;\"> Comprender la viabilidad y el tama\u00f1o de un nuevo mercado ayuda a las empresas a asignar recursos de manera m\u00e1s eficaz. Garantiza que los esfuerzos y las inversiones se dirijan a los mercados con mayor potencial de \u00e9xito, optimizando la utilizaci\u00f3n de los recursos.<\/span><\/p>\n\n\n\n<p><b>\u2022 Ventaja competitiva:<\/b><span style=\"font-weight: 400;\"> La realizaci\u00f3n de estos estudios puede proporcionar una ventaja competitiva. Al obtener un conocimiento profundo del mercado, las empresas pueden adaptar sus productos, servicios y estrategias de marketing para satisfacer mejor las necesidades de los consumidores locales, diferenci\u00e1ndose de sus competidores.<\/span><\/p>\n\n\n\n<p><b>\u2022 Alineaci\u00f3n estrat\u00e9gica: <\/b>Market entry, feasibility, and sizing <a href=\"https:\/\/www.sisinternational.com\/es\/opinion-del-producto-conocimientos-culturales-entrada-al-mercado-de-asia-a-europa\/\" title=\"Investigaci\u00f3n de entrada al mercado automotriz | Caso de estudio\"  data-wpil-monitor-id=\"6663\">studies help ensure that market entry<\/a> strategies are aligned with the overall business strategy and objectives. This alignment is crucial for maintaining coherence and focus in business operations.<\/span><\/p>\n\n\n\n<p><b>\u2022 Comprensi\u00f3n del mercado:<\/b><span style=\"font-weight: 400;\"> Estos estudios proporcionan una comprensi\u00f3n integral del mercado, incluidas las preferencias de los clientes, los matices culturales, el entorno regulatorio y el panorama competitivo.<\/span><\/p>\n\n\n\n<p><b>\u2022 Informaci\u00f3n predictiva:<\/b><span style=\"font-weight: 400;\"> M\u00e1s all\u00e1 de las condiciones actuales del mercado, estos estudios suelen ofrecer informaci\u00f3n predictiva que ayuda a las empresas a anticipar tendencias y cambios futuros en el mercado.&nbsp;<\/span><\/p>\n\n\n\n<h2 class=\"wp-block-heading\"><span style=\"font-weight: 400;\">Tendencias actuales en estudios de entrada al mercado, viabilidad y dimensionamiento<\/span><\/h2>\n\n\n\n<p><span style=\"font-weight: 400;\">El panorama de los estudios de entrada al mercado, viabilidad y dimensionamiento evoluciona continuamente, influenciado por los avances tecnol\u00f3gicos y la din\u00e1mica cambiante del mercado. Por este motivo, es fundamental comprender estas tendencias actuales para realizar estos estudios de forma eficaz y obtener conocimientos relevantes. Estas son algunas de las tendencias clave que dan forma a estos estudios:<\/span><\/p>\n\n\n\n<p><b>\u2022 Mayor dependencia del an\u00e1lisis de datos y Big Data:<\/b><span style=\"font-weight: 400;\"> El uso de big data y herramientas de an\u00e1lisis avanzado se ha vuelto m\u00e1s frecuente en la realizaci\u00f3n de estos estudios. Las empresas est\u00e1n aprovechando estas tecnolog\u00edas para procesar grandes vol\u00famenes de datos y obtener conocimientos m\u00e1s profundos sobre la din\u00e1mica del mercado, los comportamientos de los consumidores y los panoramas competitivos.<\/span><\/p>\n\n\n\n<p><b>\u2022 Integraci\u00f3n de la Inteligencia Artificial (IA): <\/b><span style=\"font-weight: 400;\">La IA se utiliza cada vez m\u00e1s para predecir las tendencias del mercado, las preferencias de los consumidores y los tama\u00f1os potenciales de los mercados con mayor precisi\u00f3n.<\/span><\/p>\n\n\n\n<p><b>\u2022 Centrarse en datos en tiempo real y metodolog\u00edas \u00e1giles: <\/b><span style=\"font-weight: 400;\">Hay un \u00e9nfasis creciente en el an\u00e1lisis de datos en tiempo real y en metodolog\u00edas de investigaci\u00f3n \u00e1giles. Este enfoque permite a las empresas adaptar r\u00e1pidamente sus estrategias en respuesta a las condiciones del mercado que cambian r\u00e1pidamente.<\/span><\/p>\n\n\n\n<p><b>\u2022 Emphasis on <\/b><a href=\"https:\/\/www.sisinternational.com\/es\/estudio-de-caso-hipotetico-de-armonia-de-analisis-de-consumidores\/\" title=\"An\u00e1lisis del consumidor: estudio de caso hipot\u00e9tico de eHarmony\"  data-wpil-monitor-id=\"4339\">Consumer Experience and Personalization: Studies<\/a> are now more focused on understanding the consumer experience and identifying opportunities for personalized offerings. This trend reflects the increasing importance of customer-centric strategies in market entry.<\/span><\/p>\n\n\n\n<p><b>\u2022 Transformaci\u00f3n Digital y Comercio Electr\u00f3nico:<\/b><span style=\"font-weight: 400;\"> La aceleraci\u00f3n de la transformaci\u00f3n digital y el crecimiento del comercio electr\u00f3nico est\u00e1n influyendo significativamente en las estrategias de entrada al mercado. Los estudios se centran cada vez m\u00e1s en los canales digitales, el comportamiento del consumidor en l\u00ednea y la preparaci\u00f3n digital de los mercados.<\/span><\/p>\n\n\n\n<p><b>\u2022 Gesti\u00f3n de Riesgos en Tiempos Inciertos:<\/b><span style=\"font-weight: 400;\"> Estos estudios est\u00e1n poniendo un mayor \u00e9nfasis en la evaluaci\u00f3n y gesti\u00f3n de riesgos, ayudando a las empresas a prepararse y navegar a trav\u00e9s de condiciones de mercado impredecibles.<\/span><\/p>\n\n\n\n<h2 class=\"wp-block-heading\"><span style=\"font-weight: 400;\">Desaf\u00edos de entrada al mercado, estudios de viabilidad y dimensionamiento para empresas<\/span><\/h2>\n\n\n\n<p><span style=\"font-weight: 400;\">Si bien los estudios de ingreso al mercado, de viabilidad y de dimensionamiento brindan informaci\u00f3n invaluable, tambi\u00e9n conllevan desaf\u00edos. Estos desaf\u00edos pueden afectar la efectividad de los estudios y la implementaci\u00f3n exitosa de sus hallazgos. Algunos de los desaf\u00edos clave incluyen:<\/span><\/p>\n\n\n\n<p><b>\u2022 Complejidad del An\u00e1lisis de Mercado: <\/b><span style=\"font-weight: 400;\">Analizar nuevos mercados, especialmente en diferentes ubicaciones geogr\u00e1ficas o industrias, puede resultar complejo. Navegar por diferentes entornos culturales, econ\u00f3micos y regulatorios requiere experiencia y una comprensi\u00f3n profunda de los matices locales.<\/span><\/p>\n\n\n\n<p><b>\u2022 Riesgo de mala interpretaci\u00f3n: <\/b><span style=\"font-weight: 400;\">El riesgo de malinterpretar los datos y las tendencias del mercado siempre est\u00e1 presente. Una mala interpretaci\u00f3n puede conducir a estrategias y decisiones equivocadas, lo que podr\u00eda causar importantes reveses para el negocio.<\/span><\/p>\n\n\n\n<p><b>\u2022 Equilibrar las necesidades globales y locales:<\/b><span style=\"font-weight: 400;\"> En el contexto de la expansi\u00f3n global, equilibrar la estrategia de marca global con las necesidades del mercado local suele ser un desaf\u00edo. Comprender las preferencias locales y adaptarse a ellas manteniendo al mismo tiempo la coherencia de la marca es fundamental.<\/span><\/p>\n\n\n\n<h3 class=\"wp-block-heading\">&nbsp;<\/h3>\n\n\n\n<h3 class=\"wp-block-heading\">SIS utiliza un enfoque integral e integrado en proyectos de entrada a nuevos mercados.<\/h3>\n\n\n\n<p>Because our clients operate in a rapidly changing world with rapid shifts in global, regional, and local markets, we use a Hybrid Intelligence approach&nbsp; combining Research, Intelligence and Strategy.&nbsp; This full analysis gives data and intelligence for tactical decision making.<\/p>\n\n\n\n<p>De manera \u00fanica, proporcionamos datos de dimensionamiento del mercado, informaci\u00f3n sobre los clientes, segmentaciones, listas, pron\u00f3sticos, servicios de abastecimiento de socios y an\u00e1lisis de viabilidad. Nuestros investigadores realizan an\u00e1lisis estrat\u00e9gicos para convertir la informaci\u00f3n en conocimientos pr\u00e1cticos. Con una visi\u00f3n completa del mercado, nuestros clientes pueden considerar con mayor confianza su estrategia de entrada al mercado.<\/p>\n\n\n\n<h2 class=\"wp-block-heading\">La diferencia SIS<\/h2>\n\n\n\n<ul class=\"wp-block-list\">\n<li>Our 35+&nbsp;years expertise in helping many of the world\u2019s most influential companies expand<\/li>\n\n\n\n<li>Nuestros renombrados expertos y autores en gesti\u00f3n<\/li>\n\n\n\n<li>Nuestro enfoque de investigaci\u00f3n integrada combina varios niveles de inteligencia para obtener una visi\u00f3n completa de todo el panorama del mercado.<\/li>\n\n\n\n<li>Nuestros servicios completos de investigaci\u00f3n y consultor\u00eda personalizados<\/li>\n\n\n\n<li>Nuestra cobertura del mercado nacional global y estadounidense<\/li>\n\n\n\n<li>Nuestra trayectoria corporativa basada en la estrategia de mercado<\/li>\n\n\n\n<li>Nuestro enfoque en el an\u00e1lisis estrat\u00e9gico y conocimientos pr\u00e1cticos m\u00e1s all\u00e1 de los datos<\/li>\n<\/ul>","protected":false},"excerpt":{"rendered":"<p>SIS es l\u00edder en estudios de viabilidad estrat\u00e9gica, dimensionamiento y oportunidades de mercado a nivel mundial.<\/p>","protected":false},"author":1,"featured_media":62841,"parent":14567,"menu_order":8,"comment_status":"open","ping_status":"open","template":"","meta":{"footnotes":""},"class_list":["post-16145","page","type-page","status-publish","has-post-thumbnail"],"_links":{"self":[{"href":"https:\/\/www.sisinternational.com\/es\/wp-json\/wp\/v2\/pages\/16145","targetHints":{"allow":["GET"]}}],"collection":[{"href":"https:\/\/www.sisinternational.com\/es\/wp-json\/wp\/v2\/pages"}],"about":[{"href":"https:\/\/www.sisinternational.com\/es\/wp-json\/wp\/v2\/types\/page"}],"author":[{"embeddable":true,"href":"https:\/\/www.sisinternational.com\/es\/wp-json\/wp\/v2\/users\/1"}],"replies":[{"embeddable":true,"href":"https:\/\/www.sisinternational.com\/es\/wp-json\/wp\/v2\/comments?post=16145"}],"version-history":[{"count":7,"href":"https:\/\/www.sisinternational.com\/es\/wp-json\/wp\/v2\/pages\/16145\/revisions"}],"predecessor-version":[{"id":80243,"href":"https:\/\/www.sisinternational.com\/es\/wp-json\/wp\/v2\/pages\/16145\/revisions\/80243"}],"up":[{"embeddable":true,"href":"https:\/\/www.sisinternational.com\/es\/wp-json\/wp\/v2\/pages\/14567"}],"wp:featuredmedia":[{"embeddable":true,"href":"https:\/\/www.sisinternational.com\/es\/wp-json\/wp\/v2\/media\/62841"}],"wp:attachment":[{"href":"https:\/\/www.sisinternational.com\/es\/wp-json\/wp\/v2\/media?parent=16145"}],"curies":[{"name":"wp","href":"https:\/\/api.w.org\/{rel}","templated":true}]}}