{"id":16134,"date":"2015-06-09T17:40:44","date_gmt":"2015-06-09T17:40:44","guid":{"rendered":"https:\/\/www.sisinternational.com\/?page_id=16134"},"modified":"2025-09-08T12:45:29","modified_gmt":"2025-09-08T16:45:29","slug":"investigacion-personalizada-primaria-2","status":"publish","type":"page","link":"https:\/\/www.sisinternational.com\/es\/pericia\/investigacion-personalizada-primaria-2\/","title":{"rendered":"Investigaci\u00f3n de mercado primario"},"content":{"rendered":"<h1 class=\"wp-block-heading\">Investigaci\u00f3n de mercado primario<\/h1>\n\n\n\n<figure class=\"gb-block-image gb-block-image-dc28f8e2\"><img loading=\"lazy\" decoding=\"async\" width=\"1456\" height=\"816\" class=\"gb-image gb-image-dc28f8e2\" src=\"https:\/\/www.sisinternational.com\/wp-content\/uploads\/2025\/08\/Desk-research-11.jpg\" srcset=\"https:\/\/www.sisinternational.com\/wp-content\/uploads\/2025\/08\/Desk-research-11.jpg 1456w, https:\/\/www.sisinternational.com\/wp-content\/uploads\/2025\/08\/Desk-research-11-300x168.jpg 300w, https:\/\/www.sisinternational.com\/wp-content\/uploads\/2025\/08\/Desk-research-11-1024x574.jpg 1024w, https:\/\/www.sisinternational.com\/wp-content\/uploads\/2025\/08\/Desk-research-11-768x430.jpg 768w, https:\/\/www.sisinternational.com\/wp-content\/uploads\/2025\/08\/Desk-research-11-18x10.jpg 18w\" sizes=\"auto, (max-width: 1456px) 100vw, 1456px\" alt=\"Investigaci\u00f3n y estrategia de mercado internacional de SIS\"><\/figure>\n\n\n\n<p><\/p>\n\n\n\n<hr class=\"wp-block-separator has-alpha-channel-opacity is-style-dots\"\/>\n\n\n\n<h3 class=\"wp-block-heading\">Como empresa de inteligencia de mercado e investigaci\u00f3n de mercado global personalizada de servicio completo, SIS International utiliza una amplia variedad de m\u00e9todos de investigaci\u00f3n de mercado primario.<\/h3>\n\n\n\n<p>SIS comienza comunic\u00e1ndose con el cliente e idea una soluci\u00f3n. Trabajamos con el cliente para garantizar que la soluci\u00f3n sea relevante y confiable. Llevamos a cabo la investigaci\u00f3n de manera eficiente bas\u00e1ndonos en nuestra experiencia de m\u00e1s de 40 a\u00f1os e involucramos a nuestro cliente en el progreso del estudio. Ofrecemos an\u00e1lisis e informes estrat\u00e9gicos avanzados, con la opci\u00f3n de servicios posteriores al proyecto para maximizar el valor de la investigaci\u00f3n de nuestros clientes.<\/p>\n\n\n\n<ul class=\"wp-block-list\">\n<li>An\u00e1lisis y estad\u00edsticas<\/li>\n\n\n\n<li>CATI Encuestas telef\u00f3nicas<\/li>\n\n\n\n<li>Correo directo<\/li>\n\n\n\n<li>Etnograf\u00eda \/ Visitas Domiciliarias \/ Entrevistas In Situ<\/li>\n\n\n\n<li>Face-to-Face Interviews \/ Store Intercepts \/ Mall Intercepts \/ <a href=\"https:\/\/www.sisinternational.com\/es\/soluciones\/soluciones-de-investigacion-cualitativa-cuantitativa\/pruebas-de-ubicacion-central-vs-grupos-focales\/\" title=\"Pruebas de ubicaci\u00f3n central vs. grupos focales\"  data-wpil-monitor-id=\"9163\">Pruebas de ubicaci\u00f3n central<\/a><\/li>\n\n\n\n<li>Grupos de discusi\u00f3n<\/li>\n\n\n\n<li>Red mundial de expertos SIS<\/li>\n\n\n\n<li>Entrevistas en profundidad<\/li>\n\n\n\n<li><a href=\"https:\/\/www.sisinternational.com\/es\/estudio-de-mercado-de-movilidad-inteligente\/\" title=\"Investigaci\u00f3n de mercado de movilidad inteligente\"  data-wpil-monitor-id=\"9164\">Investigaci\u00f3n de marketing m\u00f3vil<\/a><\/li>\n\n\n\n<li>SIS Netnograf\u00eda\u2122 \/ An\u00e1lisis web<\/li>\n\n\n\n<li>Investigaci\u00f3n de neuromarketing<\/li>\n\n\n\n<li>Seguimiento de conversaciones en l\u00ednea<\/li>\n\n\n\n<li>Encuestas en l\u00ednea<\/li>\n\n\n\n<li><a href=\"https:\/\/www.sisinternational.com\/es\/soluciones\/soluciones-de-investigacion-cualitativa-cuantitativa\/grupos-focales-en-linea-2\/\" title=\"Grupos de discusi\u00f3n en l\u00ednea\"  data-wpil-monitor-id=\"9162\">Grupos de discusi\u00f3n en l\u00ednea<\/a> \/ Online Bulletin Boards \/ Online Diaries<\/li>\n\n\n\n<li>Paneles y Bases de Datos<\/li>\n\n\n\n<li>Videoetnograf\u00eda<\/li>\n\n\n\n<li>Comunidades de conocimiento en l\u00ednea (MROC)<\/li>\n<\/ul>\n\n\n\n<h2 class=\"wp-block-heading\"><span style=\"font-weight: 400;\">\u00bfQu\u00e9 es la investigaci\u00f3n primaria?<\/span><\/h2>\n\n\n\n<p><span style=\"font-weight: 400;\">La investigaci\u00f3n primaria recopila datos nuevos y originales directamente de las fuentes, en lugar de depender de datos compilados previamente. Esta investigaci\u00f3n est\u00e1 hecha a medida y es espec\u00edfica de las preguntas que las empresas o los investigadores pretenden responder. A diferencia de la investigaci\u00f3n secundaria, que reutiliza los datos existentes, la investigaci\u00f3n primaria ofrece conocimientos que son de primera mano y directamente relevantes para el contexto o problema espec\u00edfico que se aborda.&nbsp;<\/span><\/p>\n\n\n\n<h2 class=\"wp-block-heading\"><span style=\"font-weight: 400;\">\u00bfPor qu\u00e9 es importante?<\/span><\/h2>\n\n\n\n<p><span style=\"font-weight: 400;\">La investigaci\u00f3n primaria garantiza que la informaci\u00f3n est\u00e9 dise\u00f1ada espec\u00edficamente para necesidades y preguntas \u00fanicas. A diferencia de los datos gen\u00e9ricos, estos conocimientos se adaptan directamente a sus objetivos y consultas comerciales.&nbsp;<\/span><\/p>\n\n\n\n<p><span style=\"font-weight: 400;\">It delivers fresh data that businesses can use against competitors because having data that others might not have access to can carve out unique niches and <a href=\"https:\/\/www.sisinternational.com\/es\/soluciones\/consultoria-estrategica\/investigacion-de-oportunidades-de-mercado\/\" title=\"Investigaci\u00f3n de oportunidades de mercado\"  data-wpil-monitor-id=\"9167\">opportunities in the market<\/a>. Additionally, it enables businesses to delve deep into the customer psyche, understanding their needs, preferences, and pain points from the source. This kind of firsthand knowledge can greatly enhance customer-centric strategies.<\/span><\/p>\n\n\n\n<p><span style=\"font-weight: 400;\">Pero tiene m\u00e1s beneficios como:&nbsp;<\/span><\/p>\n\n\n\n<p><b>\u2022 Unbiased <\/b><a href=\"https:\/\/www.sisinternational.com\/es\/cobertura\/europa\/investigacion-de-mercado-liverpool-reino-unido\/\" title=\"Investigaci\u00f3n de mercado en Liverpool | Grupos focales y recopilaci\u00f3n de datos del Reino Unido\"  data-wpil-monitor-id=\"9165\">Data Collection: Primary research<\/a> ensures businesses collect data firsthand, without any pre-existing biases or interpretations. This offers a clean slate for understanding the target subject.<\/span><\/p>\n\n\n\n<p><b>\u2022 Flexibilidad: <\/b><span style=\"font-weight: 400;\">Esta investigaci\u00f3n permite a las empresas girar y modificar su enfoque a medida que recopilan datos. Si ciertas preguntas no arrojan informaci\u00f3n \u00fatil, se pueden cambiar o perfeccionar en tiempo real.<\/span><\/p>\n\n\n\n<p><b>\u2022 Informaci\u00f3n del propietario: <\/b><span style=\"font-weight: 400;\">Los resultados de la investigaci\u00f3n primaria pertenecen exclusivamente a la organizaci\u00f3n que encarga la investigaci\u00f3n. Estos datos patentados pueden ofrecer una ventaja competitiva, permitiendo estrategias que los rivales tal vez no anticipen.<\/span><\/p>\n\n\n\n<p><b>\u2022 Creando confiabilidad: <\/b><span style=\"font-weight: 400;\">Los datos originales pueden reforzar la credibilidad de una empresa, especialmente si est\u00e1n tratando de posicionarse como l\u00edderes de opini\u00f3n en su industria.<\/span><\/p>\n\n\n\n<p><b>\u2022 Rentabilidad: <\/b><span style=\"font-weight: 400;\">Este tipo de investigaci\u00f3n puede tener costos iniciales m\u00e1s altos en comparaci\u00f3n con la investigaci\u00f3n secundaria, pero el retorno de la inversi\u00f3n a largo plazo puede ser sustancial. Los conocimientos personalizados pueden conducir a estrategias m\u00e1s efectivas y evitar errores costosos basados en datos generalizados u obsoletos.<\/span><\/p>\n\n\n\n<p><b>\u2022 La reducci\u00f3n de riesgos:<\/b><span style=\"font-weight: 400;\"> Before launching a new <a href=\"https:\/\/www.sisinternational.com\/es\/pericia\/curriculums-de-experiencia\/estudio-de-mercado-de-productos-de-cuidado-personal\/\" title=\"Investigaci\u00f3n de mercado de productos de cuidado personal\"  data-wpil-monitor-id=\"9168\">product or entering a new market<\/a>, primary research can offer vital information to gauge potential success and mitigate risks.<\/span><\/p>\n\n\n\n<p><b>\u2022 Oportunidades innovadoras:<\/b><span style=\"font-weight: 400;\"> Al identificar brechas en el mercado, las empresas pueden descubrir ideas y oportunidades innovadoras que de otro modo no habr\u00edan sido evidentes.<\/span><\/p>\n\n\n\n<p><b>\u2022 Diversos m\u00e9todos de recopilaci\u00f3n de datos: <\/b>Beyond traditional interviews and surveys, <a href=\"https:\/\/www.sisinternational.com\/es\/redes-sociales-en-pequenas-empresas\/\" title=\"Estrategias de redes sociales para peque\u00f1as empresas\"  data-wpil-monitor-id=\"9166\">businesses can leverage social media<\/a>, wearable tech, and IoT devices as sources of primary data.<\/span><\/p>\n\n\n\n<h2 class=\"wp-block-heading\"><span style=\"font-weight: 400;\">Tendencias emergentes en la investigaci\u00f3n primaria<\/span><\/h2>\n\n\n\n<p><span style=\"font-weight: 400;\">A medida que el mundo empresarial y la tecnolog\u00eda evolucionan, la investigaci\u00f3n debe incorporar estos cambios y comprender las \u00faltimas tendencias que dan forma a la forma en que se recopila e interpreta la informaci\u00f3n.&nbsp;<\/span><\/p>\n\n\n\n<p><b>\u2022 Integraci\u00f3n de Tecnolog\u00edas Avanzadas: <\/b><span style=\"font-weight: 400;\">La incorporaci\u00f3n de la Inteligencia Artificial (IA) y el Aprendizaje Autom\u00e1tico (ML) a la investigaci\u00f3n est\u00e1 mejorando la recopilaci\u00f3n, el an\u00e1lisis y la interpretaci\u00f3n de datos. Estas herramientas pueden predecir patrones, dando sentido a grandes conjuntos de datos de manera m\u00e1s eficiente que los m\u00e9todos tradicionales.<\/span><\/p>\n\n\n\n<p><b>\u2022 Realidad Virtual (VR) y Realidad Aumentada (AR) en Investigaci\u00f3n: <\/b><span style=\"font-weight: 400;\">Especialmente en las pruebas de productos o evaluaciones del dise\u00f1o de las tiendas, las herramientas de realidad virtual y realidad aumentada est\u00e1n transformando la escena de investigaci\u00f3n primaria, ofreciendo una experiencia m\u00e1s inmersiva a los encuestados.<\/span><\/p>\n\n\n\n<p><b>\u2022 Estudios longitudinales: <\/b><span style=\"font-weight: 400;\">Si bien las encuestas \u00fanicas brindan instant\u00e1neas, existe una tendencia creciente hacia estudios longitudinales en la investigaci\u00f3n primaria, que ofrecen informaci\u00f3n sobre los cambios a lo largo del tiempo, rastreando al mismo grupo de encuestados.<\/span><\/p>\n\n\n\n<p><b>\u2022 An\u00e1lisis en tiempo real: <\/b><span style=\"font-weight: 400;\">A medida que las empresas buscan informaci\u00f3n inmediata, el principal \u00e1mbito de investigaci\u00f3n se est\u00e1 desplazando hacia la prestaci\u00f3n de an\u00e1lisis en tiempo real, lo que permite la toma de decisiones instant\u00e1nea.<\/span><\/p>\n\n\n\n<h2 class=\"wp-block-heading\"><span style=\"font-weight: 400;\">Investigaci\u00f3n primaria: estudio de caso<\/span><\/h2>\n\n\n\n<p><b>LEGO \u2013 Reconstrucci\u00f3n de una marca hist\u00f3rica<\/b><\/p>\n\n\n\n<p><span style=\"font-weight: 400;\">A principios de la d\u00e9cada de 2000, LEGO enfrentaba una ca\u00edda en las ventas y estaba al borde de la quiebra. Entonces, en lugar de confiar \u00fanicamente en las tendencias del mercado, LEGO recurri\u00f3 a sus fan\u00e1ticos. Iniciaron una investigaci\u00f3n primaria interactuando con comunidades de usuarios dedicadas, llegando incluso a organizar convenciones y reuniones para recopilar informaci\u00f3n directamente de sus usuarios m\u00e1s apasionados.<\/span><\/p>\n\n\n\n<p><span style=\"font-weight: 400;\">LEGO descubri\u00f3 que estos fan\u00e1ticos ten\u00edan una profunda conexi\u00f3n emocional con la marca y brindaron informaci\u00f3n sobre lo que les encantaba de los sets LEGO. Tambi\u00e9n aprendieron sobre la demanda de sets m\u00e1s complejos para entusiastas mayores.<\/span><\/p>\n\n\n\n<p><span style=\"font-weight: 400;\">Como resultado, esta investigaci\u00f3n primaria condujo a la introducci\u00f3n de modelos avanzados, como las series LEGO Technic y LEGO Architecture. La empresa tambi\u00e9n colabor\u00f3 con dise\u00f1adores de fans en nuevos productos.&nbsp;<\/span><\/p>\n\n\n\n<h2 class=\"wp-block-heading\"><span style=\"font-weight: 400;\">Desaf\u00edos de la investigaci\u00f3n primaria<\/span><\/h2>\n\n\n\n<figure class=\"gb-block-image gb-block-image-379e410f\"><img loading=\"lazy\" decoding=\"async\" width=\"1456\" height=\"816\" class=\"gb-image gb-image-379e410f\" src=\"https:\/\/www.sisinternational.com\/wp-content\/uploads\/2025\/09\/Quantitative-research-11.jpg\" alt=\"Investigaci\u00f3n y estrategia de mercado internacional de SIS\" title=\"Quantitative research (11)\" srcset=\"https:\/\/www.sisinternational.com\/wp-content\/uploads\/2025\/09\/Quantitative-research-11.jpg 1456w, https:\/\/www.sisinternational.com\/wp-content\/uploads\/2025\/09\/Quantitative-research-11-300x168.jpg 300w, https:\/\/www.sisinternational.com\/wp-content\/uploads\/2025\/09\/Quantitative-research-11-1024x574.jpg 1024w, https:\/\/www.sisinternational.com\/wp-content\/uploads\/2025\/09\/Quantitative-research-11-768x430.jpg 768w, https:\/\/www.sisinternational.com\/wp-content\/uploads\/2025\/09\/Quantitative-research-11-18x10.jpg 18w\" sizes=\"auto, (max-width: 1456px) 100vw, 1456px\"><\/figure>\n\n\n\n<p><\/p>\n\n\n\n<p><span style=\"font-weight: 400;\">La investigaci\u00f3n primaria conlleva una serie de desaf\u00edos. Las empresas que deseen emprender este camino deben ser conscientes de estos posibles obst\u00e1culos para navegar eficazmente en el panorama de la investigaci\u00f3n:<\/span><\/p>\n\n\n\n<p><b>\u2022 Implicaciones de costos: <\/b><span style=\"font-weight: 400;\">Puede resultar m\u00e1s costosa que la investigaci\u00f3n secundaria debido a los recursos necesarios para dise\u00f1ar, implementar y analizar la investigaci\u00f3n original. Los costos pueden variar desde contratar expertos hasta obtener las herramientas adecuadas o pagar a los participantes.<\/span><\/p>\n\n\n\n<p><b>\u2022 P\u00e9rdida de tiempo: <\/b><span style=\"font-weight: 400;\">Recopilar datos de primera mano es un proceso que requiere mucho tiempo. Desde la conceptualizaci\u00f3n del estudio hasta la recopilaci\u00f3n y luego el an\u00e1lisis de los datos puede llevar per\u00edodos prolongados.<\/span><\/p>\n\n\n\n<p><b>\u2022 Riesgo de sesgo: <\/b><span style=\"font-weight: 400;\">Sin una planificaci\u00f3n cuidadosa, la investigaci\u00f3n primaria puede introducir sesgos. Estos podr\u00edan surgir de la forma en que se formulan las preguntas, la demograf\u00eda de los participantes o incluso el entorno en el que se lleva a cabo la investigaci\u00f3n.<\/span><\/p>\n\n\n\n<p><b>\u2022 Sobrecarga de datos: <\/b><span style=\"font-weight: 400;\">Existe el riesgo de recopilar demasiados datos, lo que lleva a una par\u00e1lisis del an\u00e1lisis, donde resulta dif\u00edcil examinarlos y extraer conclusiones significativas.<\/span><\/p>\n\n\n\n<p><b>\u2022 Alcance limitado: <\/b><span style=\"font-weight: 400;\">A diferencia de la investigaci\u00f3n secundaria, que puede ofrecer una visi\u00f3n m\u00e1s amplia, la investigaci\u00f3n a veces puede ser demasiado limitada, centr\u00e1ndose en un tema espec\u00edfico y potencialmente perdiendo el panorama general.<\/span><\/p>\n\n\n\n<p><b>\u2022 Garantizar la autenticidad de los participantes: <\/b><span style=\"font-weight: 400;\">Especialmente en las encuestas en l\u00ednea y los m\u00e9todos digitales, garantizar que los participantes sean genuinos y no est\u00e9n influenciados por factores externos puede resultar un desaf\u00edo.<\/span><\/p>\n\n\n\n<p><b>\u2022 Dependencia de factores externos: <\/b>External factors like political events, natural disasters, or <a href=\"https:\/\/www.sisinternational.com\/es\/transportistas-de-bajo-coste-en-la-industria-de-la-aviacion\/\" title=\"Investigaci\u00f3n de mercado de aerol\u00edneas de bajo costo\"  data-wpil-monitor-id=\"9161\">global pandemics can greatly affect the research<\/a> process and its outcomes.<\/span><\/p>\n\n\n\n<p><\/p>","protected":false},"excerpt":{"rendered":"<p>SIS International ofrece una amplia variedad de m\u00e9todos de investigaci\u00f3n de mercado primario.<\/p>","protected":false},"author":1,"featured_media":62808,"parent":14514,"menu_order":20,"comment_status":"closed","ping_status":"open","template":"","meta":{"footnotes":""},"class_list":["post-16134","page","type-page","status-publish","has-post-thumbnail"],"_links":{"self":[{"href":"https:\/\/www.sisinternational.com\/es\/wp-json\/wp\/v2\/pages\/16134","targetHints":{"allow":["GET"]}}],"collection":[{"href":"https:\/\/www.sisinternational.com\/es\/wp-json\/wp\/v2\/pages"}],"about":[{"href":"https:\/\/www.sisinternational.com\/es\/wp-json\/wp\/v2\/types\/page"}],"author":[{"embeddable":true,"href":"https:\/\/www.sisinternational.com\/es\/wp-json\/wp\/v2\/users\/1"}],"replies":[{"embeddable":true,"href":"https:\/\/www.sisinternational.com\/es\/wp-json\/wp\/v2\/comments?post=16134"}],"version-history":[{"count":6,"href":"https:\/\/www.sisinternational.com\/es\/wp-json\/wp\/v2\/pages\/16134\/revisions"}],"predecessor-version":[{"id":81533,"href":"https:\/\/www.sisinternational.com\/es\/wp-json\/wp\/v2\/pages\/16134\/revisions\/81533"}],"up":[{"embeddable":true,"href":"https:\/\/www.sisinternational.com\/es\/wp-json\/wp\/v2\/pages\/14514"}],"wp:featuredmedia":[{"embeddable":true,"href":"https:\/\/www.sisinternational.com\/es\/wp-json\/wp\/v2\/media\/62808"}],"wp:attachment":[{"href":"https:\/\/www.sisinternational.com\/es\/wp-json\/wp\/v2\/media?parent=16134"}],"curies":[{"name":"wp","href":"https:\/\/api.w.org\/{rel}","templated":true}]}}