{"id":15818,"date":"2015-06-02T19:50:37","date_gmt":"2015-06-02T19:50:37","guid":{"rendered":"https:\/\/www.sisinternational.com\/?page_id=15818"},"modified":"2026-03-05T23:37:38","modified_gmt":"2026-03-06T04:37:38","slug":"investigacion-de-mercado-biometrica","status":"publish","type":"page","link":"https:\/\/www.sisinternational.com\/es\/pericia\/investigacion-de-mercado-biometrica\/","title":{"rendered":"Investigaci\u00f3n de mercado biom\u00e9trica"},"content":{"rendered":"<h1 class=\"wp-block-heading\">Investigaci\u00f3n de mercado biom\u00e9trica<\/h1>\n\n\n\n<figure class=\"gb-block-image gb-block-image-133f170e\"><img loading=\"lazy\" decoding=\"async\" width=\"1456\" height=\"816\" class=\"gb-image gb-image-133f170e\" src=\"https:\/\/www.sisinternational.com\/wp-content\/uploads\/2025\/08\/Cibersecurity-security-9.jpg\" alt=\"Investigaci\u00f3n y estrategia de mercado internacional de SIS\" title=\"Cibersecurity security (9)\" srcset=\"https:\/\/www.sisinternational.com\/wp-content\/uploads\/2025\/08\/Cibersecurity-security-9.jpg 1456w, https:\/\/www.sisinternational.com\/wp-content\/uploads\/2025\/08\/Cibersecurity-security-9-300x168.jpg 300w, https:\/\/www.sisinternational.com\/wp-content\/uploads\/2025\/08\/Cibersecurity-security-9-1024x574.jpg 1024w, https:\/\/www.sisinternational.com\/wp-content\/uploads\/2025\/08\/Cibersecurity-security-9-768x430.jpg 768w, https:\/\/www.sisinternational.com\/wp-content\/uploads\/2025\/08\/Cibersecurity-security-9-18x10.jpg 18w\" sizes=\"auto, (max-width: 1456px) 100vw, 1456px\"><\/figure>\n\n\n\n<p><\/p>\n\n\n\n<hr class=\"wp-block-separator has-alpha-channel-opacity is-style-dots\"\/>\n\n\n\n<h2 class=\"wp-block-heading\">La biometr\u00eda es un campo de investigaci\u00f3n emergente en la investigaci\u00f3n de mercado de neuromarketing. Esta forma de marketing se basa en diversas tecnolog\u00edas y aplicaciones biom\u00e9tricas para ayudar a comprender las respuestas cognitivas y emocionales de un participante ante ciertos est\u00edmulos. Los est\u00edmulos pueden ser cualquier cosa, desde anuncios de televisi\u00f3n hasta anuncios en l\u00ednea.<\/h2>\n\n\n\n<p>La investigaci\u00f3n de mercado biom\u00e9trica est\u00e1 creciendo r\u00e1pidamente, ya que brinda a los investigadores la oportunidad de observar las respuestas de los consumidores hacia un determinado producto o servicio sin interferir realmente. Los resultados obtenidos de la investigaci\u00f3n suelen ser muy precisos, ya que la mayor\u00eda de los sistemas biom\u00e9tricos tienen como objetivo medir la parte subconsciente de la mente, produciendo as\u00ed una respuesta pura.<\/p>\n\n\n\n<h3 class=\"wp-block-heading\"><strong>resonancia magn\u00e9tica funcional<\/strong> significa resonancia magn\u00e9tica funcional que se utiliza para medir la actividad en el cerebro causada por cambios en el flujo sangu\u00edneo.<\/h3>\n\n\n\n<p>Se trata de una forma bastante nueva de investigaci\u00f3n de mercado biom\u00e9trica y est\u00e1 recibiendo mucha atenci\u00f3n. Esta t\u00e9cnica de escaneo cerebral ayuda a comprender c\u00f3mo se analizan los est\u00edmulos en el cerebro y qu\u00e9 t\u00e9cnica de investigaci\u00f3n funciona mejor, as\u00ed como el razonamiento detr\u00e1s de ella.<\/p>\n\n\n\n<p>Sin embargo, esta forma de investigaci\u00f3n de mercado es bastante nueva y conlleva algunas cuestiones metodol\u00f3gicas y de muestreo. P\u00f3ngase en contacto con SIS International Research para obtener m\u00e1s informaci\u00f3n.<\/p>\n\n\n\n<h3 class=\"wp-block-heading\"><strong>EEG<\/strong> es un acr\u00f3nimo de Electroencefalograma.<\/h3>\n\n\n\n<p>Este dispositivo se utiliza para medir cambios en las actividades de las ondas cerebrales. Est\u00e1 f\u00e1cilmente disponible y proporciona informaci\u00f3n precisa y confiable sobre c\u00f3mo funciona el cerebro humano. El EEG mide la actividad cerebral a un nivel subconsciente, muy por debajo de la superficie, donde influencias externas como la educaci\u00f3n, el lenguaje y otras influencias pueden afectar las respuestas.<\/p>\n\n\n\n<p>El EEG es menos costoso que la resonancia magn\u00e9tica funcional y requiere menos instalaciones, equipos y t\u00e9cnicos especializados para su funcionamiento. Un neurocient\u00edfico debe traducir los datos en informaci\u00f3n que los investigadores puedan entender.<\/p>\n\n\n\n<h3 class=\"wp-block-heading\"><strong>An\u00e1lisis observacional<\/strong> Implica examinar las reacciones de los participantes ante determinados est\u00edmulos.<\/h3>\n\n\n\n<p>Un observador calificado puede analizar las expresiones faciales, el tono de voz, la interacci\u00f3n con el producto y otros factores. Utilizando estos datos, los investigadores pueden generar conocimientos sobre mejores productos, comportamiento del consumidor y t\u00e9cnicas de marketing.<\/p>\n\n\n\n<h3 class=\"wp-block-heading\"><strong>Monitoreo de frecuencia card\u00edaca<\/strong> A menudo se realiza mediante una m\u00e1quina conocida como electrocardi\u00f3grafo (ECG).<\/h3>\n\n\n\n<p>This device is used to measure the condition and health of the human heart. In <a class=\"wpil_keyword_link\" href=\"https:\/\/www.sisinternational.com\/es\/neuromarketing-para-pequenas-empresas\/\"   title=\"Neuromarketing para peque\u00f1as empresas\" data-wpil-keyword-link=\"linked\"  data-wpil-monitor-id=\"807\">neuromarketing<\/a>, an ECG helps marketers to observe the heart\u2019s physiological responses toward emotional stimuli.<\/p>\n\n\n\n<p>Todas las respuestas emocionales hacia el miedo, el alivio y el estr\u00e9s se miden para brindar a los especialistas en marketing una mejor idea de c\u00f3mo responde un participante a un conjunto determinado de variables. Esto permite a los investigadores observar el efecto que tiene un anuncio en el inconsciente de la mente, el comportamiento del consumidor y las regiones emocionales.<\/p>\n\n\n\n<h3 class=\"wp-block-heading\"><strong>Codificaci\u00f3n facial<\/strong> es un proceso mediante el cual se leen y comprenden las verdaderas expresiones faciales de una persona.<\/h3>\n\n\n\n<p>En algunas circunstancias, las variables externas pueden afectar la forma en que las personas reaccionan a los est\u00edmulos y afectan sus comportamientos, respuestas emocionales, actitudes y opciones hacia un est\u00edmulo. La codificaci\u00f3n facial ayuda a decodificar la emoci\u00f3n subyacente que se registra en el rostro humano, por breve que sea. El uso eficaz de la codificaci\u00f3n facial puede ayudar a los investigadores a evaluar las verdaderas reacciones de los consumidores hacia el producto o servicio de una empresa.<\/p>\n\n\n<h2>Nuestra ubicaci\u00f3n de instalaciones en Nueva York<\/h2>\n<p><!-- \/wp:post-content --> <!-- wp:html --> <iframe loading=\"lazy\" src=\"https:\/\/www.google.com\/maps\/embed?pb=!1m18!1m12!1m3!1d3022.976188376966!2d-73.99130312499956!3d40.740549471389315!2m3!1f0!2f0!3f0!3m2!1i1024!2i768!4f13.1!3m3!1m2!1s0x89c259a15798c731%3A0xd695d09bdd495f25!2s11%20E%2022nd%20St%20FL%202%2C%20New%20York%2C%20NY%2010010%2C%20USA!5e0!3m2!1sen!2spe!4v1726171763526!5m2!1sen!2spe\" width=\"600\" height=\"450\" allowfullscreen=\"allowfullscreen\" data-mce-fragment=\"1\"><\/iframe> <!-- \/wp:html --> <!-- wp:paragraph --><\/p>\n<h3 class=\"wp-block-heading\">11 E 22nd Street, Piso 2, Nueva York, NY 10010 T: +1(212) 505-6805<\/h3>\n<hr \/>\n<h2><span style=\"font-weight: 400;\">Acerca de SIS Internacional<\/span><\/h2>\n<p><a href=\"https:\/\/www.sisinternational.com\/es\/\"><span style=\"font-weight: 400;\">SIS Internacional<\/span><\/a><span style=\"font-weight: 400;\"> ofrece investigaci\u00f3n cuantitativa, cualitativa y estrat\u00e9gica. Proporcionamos datos, herramientas, estrategias, informes y conocimientos para la toma de decisiones. Tambi\u00e9n realizamos entrevistas, encuestas, grupos focales y otros m\u00e9todos y enfoques de investigaci\u00f3n de mercado.<\/span><a href=\"https:\/\/www.sisinternational.com\/es\/sobre-la-investigacion-internacional-de-sis\/contact-sis-international-market-research\/\"><span style=\"font-weight: 400;\"> P\u00f3ngase en contacto con nosotros<\/span><\/a><span style=\"font-weight: 400;\"> para su pr\u00f3ximo proyecto de Investigaci\u00f3n de Mercado.<\/span><\/p>\n<\/p>","protected":false},"excerpt":{"rendered":"<p>La investigaci\u00f3n de mercado biom\u00e9trica es un campo emergente de la investigaci\u00f3n de neuromarketing. Proporciona datos sobre las respuestas de los consumidores a productos y servicios.<\/p>","protected":false},"author":1,"featured_media":0,"parent":14514,"menu_order":19,"comment_status":"closed","ping_status":"closed","template":"","meta":{"footnotes":""},"class_list":["post-15818","page","type-page","status-publish"],"_links":{"self":[{"href":"https:\/\/www.sisinternational.com\/es\/wp-json\/wp\/v2\/pages\/15818","targetHints":{"allow":["GET"]}}],"collection":[{"href":"https:\/\/www.sisinternational.com\/es\/wp-json\/wp\/v2\/pages"}],"about":[{"href":"https:\/\/www.sisinternational.com\/es\/wp-json\/wp\/v2\/types\/page"}],"author":[{"embeddable":true,"href":"https:\/\/www.sisinternational.com\/es\/wp-json\/wp\/v2\/users\/1"}],"replies":[{"embeddable":true,"href":"https:\/\/www.sisinternational.com\/es\/wp-json\/wp\/v2\/comments?post=15818"}],"version-history":[{"count":5,"href":"https:\/\/www.sisinternational.com\/es\/wp-json\/wp\/v2\/pages\/15818\/revisions"}],"predecessor-version":[{"id":75219,"href":"https:\/\/www.sisinternational.com\/es\/wp-json\/wp\/v2\/pages\/15818\/revisions\/75219"}],"up":[{"embeddable":true,"href":"https:\/\/www.sisinternational.com\/es\/wp-json\/wp\/v2\/pages\/14514"}],"wp:attachment":[{"href":"https:\/\/www.sisinternational.com\/es\/wp-json\/wp\/v2\/media?parent=15818"}],"curies":[{"name":"wp","href":"https:\/\/api.w.org\/{rel}","templated":true}]}}