{"id":15432,"date":"2015-04-21T12:48:26","date_gmt":"2015-04-21T12:48:26","guid":{"rendered":"https:\/\/www.sisinternational.com\/?page_id=15432"},"modified":"2025-10-20T01:08:52","modified_gmt":"2025-10-20T05:08:52","slug":"investigacion-de-mercado-de-diagnostico-por-imagenes","status":"publish","type":"page","link":"https:\/\/www.sisinternational.com\/es\/pericia\/investigacion-de-mercado-de-diagnostico-por-imagenes\/","title":{"rendered":"Investigaci\u00f3n de mercado de im\u00e1genes de diagn\u00f3stico"},"content":{"rendered":"<h1 class=\"wp-block-heading\">Investigaci\u00f3n de mercado de im\u00e1genes de diagn\u00f3stico<\/h1>\n\n\n\n<figure class=\"gb-block-image gb-block-image-967c7b70\"><img loading=\"lazy\" decoding=\"async\" width=\"1456\" height=\"816\" class=\"gb-image gb-image-967c7b70\" src=\"https:\/\/www.sisinternational.com\/wp-content\/uploads\/2025\/08\/Diagnostic-Imaging-3.jpg\" srcset=\"https:\/\/www.sisinternational.com\/wp-content\/uploads\/2025\/08\/Diagnostic-Imaging-3.jpg 1456w, https:\/\/www.sisinternational.com\/wp-content\/uploads\/2025\/08\/Diagnostic-Imaging-3-300x168.jpg 300w, https:\/\/www.sisinternational.com\/wp-content\/uploads\/2025\/08\/Diagnostic-Imaging-3-1024x574.jpg 1024w, https:\/\/www.sisinternational.com\/wp-content\/uploads\/2025\/08\/Diagnostic-Imaging-3-768x430.jpg 768w, https:\/\/www.sisinternational.com\/wp-content\/uploads\/2025\/08\/Diagnostic-Imaging-3-18x10.jpg 18w\" sizes=\"auto, (max-width: 1456px) 100vw, 1456px\" alt=\"Investigaci\u00f3n y estrategia de mercado internacional de SIS\"><\/figure>\n\n\n\n<p><\/p>\n\n\n\n<h2 class=\"wp-block-heading p1\">La industria de im\u00e1genes m\u00e9dicas y de diagn\u00f3stico est\u00e1 preparada para ver un crecimiento continuo en los pr\u00f3ximos a\u00f1os a medida que una poblaci\u00f3n que envejece necesitar\u00e1 cada vez m\u00e1s estos importantes servicios. Un mayor acceso al seguro m\u00e9dico para muchos estadounidenses tambi\u00e9n mejorar\u00e1 el acceso a estos servicios.<\/h2>\n\n\n\n<p class=\"p1\"><span class=\"s1\">Diagnostic imaging is a big business worldwide, generating billions in revenue.&nbsp; Diagnostic Market Research provides insight into market opportunities and positioning. <\/span><\/p>\n\n\n\n<p class=\"p1\"><span class=\"s1\">Resonancias magn\u00e9ticas, ultrasonidos,<span class=\"Apple-converted-space\">&nbsp;mi<\/span>lastography, and Thermology are becoming increasingly familiar to patients as these sought-after services provide tangible and beneficial medical results.&nbsp; <a href=\"https:\/\/www.sisinternational.com\/es\/contacto-sis-investigacion-de-mercado-internacional\/\" title=\"Cont\u00e1ctenos\"  data-wpil-monitor-id=\"8516\">SIS International Research<\/a> assists companies and new entrants in understanding the markets they are already in, and those they wish to penetrate. <\/span><\/p>\n\n\n\n<p class=\"p1\"><span class=\"s1\">We provide cutting-edge data, market insights, <a href=\"https:\/\/www.sisinternational.com\/es\/cobertura\/investigacion-de-mercado-asia\/analisis-competitivo-china\/\" title=\"An\u00e1lisis competitivo en China\"  data-wpil-monitor-id=\"8522\">competitive intelligence services, and expert analysis<\/a> that provide actionable insight for decision making.<\/span><\/p>\n\n\n\n<h3 class=\"wp-block-heading p1\">SIS International Research proporciona informaci\u00f3n sobre las actitudes, preferencias y h\u00e1bitos de los consumidores objetivo. Las entrevistas en profundidad con profesionales de la salud abren ventanas adicionales al funcionamiento interno del rentable y en r\u00e1pida evoluci\u00f3n campo del diagn\u00f3stico por im\u00e1genes.<\/h3>\n\n\n\n<h2 class=\"wp-block-heading\">Acerca de la investigaci\u00f3n de mercado de im\u00e1genes de diagn\u00f3stico<\/h2>\n\n\n\n<p>Nosotros <a href=\"https:\/\/www.sisinternational.com\/es\/how-to-conduct-in-depth-interviews-for-market-insights\/\" title=\"C\u00f3mo realizar entrevistas exhaustivas para obtener informaci\u00f3n sobre el mercado\"  data-wpil-monitor-id=\"8524\">conduct Surveys and Interviews<\/a> with a variety of Decision Makers to provide data, insights and strategies.&nbsp; We speak with industry professionals including:<\/p>\n\n\n\n<ul class=\"wp-block-list\">\n<li>Directores de laboratorio cl\u00ednico<\/li>\n\n\n\n<li>Citotecn\u00f3logos<\/li>\n\n\n\n<li>Radi\u00f3logos de diagn\u00f3stico<\/li>\n\n\n\n<li>Tecn\u00f3logos en mamograf\u00eda<\/li>\n\n\n\n<li>Directores de Imagenolog\u00eda Musculoesquel\u00e9tica<\/li>\n\n\n\n<li>Tecn\u00f3logos de ultrasonido<\/li>\n\n\n\n<li>T\u00e9cnicos de Rayos X<\/li>\n\n\n\n<li>Asociados de atenci\u00f3n al paciente<\/li>\n\n\n\n<li>Recepcionistas medicos<\/li>\n\n\n\n<li>Tecn\u00f3logos PVL<\/li>\n\n\n\n<li>Responsables de ciberseguridad<\/li>\n\n\n\n<li>Bioqu\u00edmicos<\/li>\n\n\n\n<li>Tecn\u00f3logos PET\/CT<\/li>\n<\/ul>\n\n\n\n<p>SIS can give you a better <a href=\"https:\/\/www.sisinternational.com\/es\/cobertura\/investigacion-de-mercado-africa\/investigacion-de-mercado-en-mauritania-africa\/\" title=\"Investigaci\u00f3n de mercado en Mauritania, \u00c1frica: descripci\u00f3n general\"  data-wpil-monitor-id=\"8518\">overview of target markets<\/a>, your competition, and the evolving trends that shape and transform this growing industry. Take advantage of what our 40+ years of <a href=\"https:\/\/www.sisinternational.com\/es\/pericia\/curriculums-de-experiencia\/curriculum-de-experiencia-en-estudios-de-etnografia\/\" title=\"Experiencia en investigaci\u00f3n de mercado en etnograf\u00eda.\"  data-wpil-monitor-id=\"8520\">experience in marketing research<\/a> can do for you today.<\/p>\n\n\n\n<p><\/p>","protected":false},"excerpt":{"rendered":"<p>SIS proporciona investigaci\u00f3n estrat\u00e9gica e informaci\u00f3n sobre los clientes para empresas que buscan liderar la industria del diagn\u00f3stico por im\u00e1genes.  <\/p>","protected":false},"author":1,"featured_media":64774,"parent":14514,"menu_order":18,"comment_status":"open","ping_status":"open","template":"","meta":{"footnotes":""},"class_list":["post-15432","page","type-page","status-publish","has-post-thumbnail"],"_links":{"self":[{"href":"https:\/\/www.sisinternational.com\/es\/wp-json\/wp\/v2\/pages\/15432","targetHints":{"allow":["GET"]}}],"collection":[{"href":"https:\/\/www.sisinternational.com\/es\/wp-json\/wp\/v2\/pages"}],"about":[{"href":"https:\/\/www.sisinternational.com\/es\/wp-json\/wp\/v2\/types\/page"}],"author":[{"embeddable":true,"href":"https:\/\/www.sisinternational.com\/es\/wp-json\/wp\/v2\/users\/1"}],"replies":[{"embeddable":true,"href":"https:\/\/www.sisinternational.com\/es\/wp-json\/wp\/v2\/comments?post=15432"}],"version-history":[{"count":4,"href":"https:\/\/www.sisinternational.com\/es\/wp-json\/wp\/v2\/pages\/15432\/revisions"}],"predecessor-version":[{"id":81430,"href":"https:\/\/www.sisinternational.com\/es\/wp-json\/wp\/v2\/pages\/15432\/revisions\/81430"}],"up":[{"embeddable":true,"href":"https:\/\/www.sisinternational.com\/es\/wp-json\/wp\/v2\/pages\/14514"}],"wp:featuredmedia":[{"embeddable":true,"href":"https:\/\/www.sisinternational.com\/es\/wp-json\/wp\/v2\/media\/64774"}],"wp:attachment":[{"href":"https:\/\/www.sisinternational.com\/es\/wp-json\/wp\/v2\/media?parent=15432"}],"curies":[{"name":"wp","href":"https:\/\/api.w.org\/{rel}","templated":true}]}}