{"id":15236,"date":"2015-04-10T04:31:18","date_gmt":"2015-04-10T04:31:18","guid":{"rendered":"https:\/\/www.sisinternational.com\/?page_id=15236"},"modified":"2026-03-12T12:48:05","modified_gmt":"2026-03-12T16:48:05","slug":"investigacion-de-mercado-del-cuidado-de-los-ojos","status":"publish","type":"page","link":"https:\/\/www.sisinternational.com\/es\/soluciones\/investigacion-de-mercado-biotecnologico-y-farmaceutico-de-atencion-medica\/investigacion-de-mercado-del-cuidado-de-los-ojos\/","title":{"rendered":"Investigaci\u00f3n de mercado de cuidado de los ojos"},"content":{"rendered":"<h1 class=\"wp-block-heading\">Investigaci\u00f3n de mercado de cuidado de los ojos<\/h1>\n\n\n\n<figure class=\"gb-block-image gb-block-image-5f35e46b\"><img loading=\"lazy\" decoding=\"async\" width=\"1456\" height=\"816\" class=\"gb-image gb-image-5f35e46b\" src=\"https:\/\/www.sisinternational.com\/wp-content\/uploads\/2025\/08\/Eyecare-6.jpg\" alt=\"Investigaci\u00f3n y estrategia de mercado internacional de SIS\" title=\"Eyecare (6)\" srcset=\"https:\/\/www.sisinternational.com\/wp-content\/uploads\/2025\/08\/Eyecare-6.jpg 1456w, https:\/\/www.sisinternational.com\/wp-content\/uploads\/2025\/08\/Eyecare-6-300x168.jpg 300w, https:\/\/www.sisinternational.com\/wp-content\/uploads\/2025\/08\/Eyecare-6-1024x574.jpg 1024w, https:\/\/www.sisinternational.com\/wp-content\/uploads\/2025\/08\/Eyecare-6-768x430.jpg 768w, https:\/\/www.sisinternational.com\/wp-content\/uploads\/2025\/08\/Eyecare-6-18x10.jpg 18w\" sizes=\"auto, (max-width: 1456px) 100vw, 1456px\"><\/figure>\n\n\n<div class=\"wp-block-image\">\n<figure class=\"alignleft\"><img decoding=\"async\" src=\"https:\/\/www.sisinternational.com\/wp-content\/uploads\/2015\/04\/sis-market-research-vision-eyewear.jpg\" alt=\"sis-investigaci\u00f3n-de-mercado-visi\u00f3n-gafas-\u00f3pticas-cuidado de los ojos\" class=\"wp-image-15237\"\/><\/figure>\n<\/div>\n\n\n<p><\/p>\n\n\n\n<h2 class=\"wp-block-heading p1\">SIS International Research has an eye on the optical&nbsp;world, and our vision is 20\/20 when it comes to providing optical companies, eye care professionals, and leisure eyewear businesses with market research insight, data, intelligence, and analysis.<\/h2>\n\n\n\n<p><span style=\"font-weight: 400;\">En un mundo donde la salud ocular es cada vez m\u00e1s importante debido a factores como el tiempo frente a la pantalla y el envejecimiento de la poblaci\u00f3n, es esencial comprender la din\u00e1mica del mercado del cuidado ocular. \u00bfC\u00f3mo navegan las empresas por este intrincado panorama para ofrecer soluciones \u00f3ptimas para el cuidado de la vista? La investigaci\u00f3n de mercado del cuidado oftalmol\u00f3gico suele ser la mejor herramienta para que las empresas prosperen en este mercado.<\/span><\/p>\n\n\n\n<h2 class=\"wp-block-heading\"><span style=\"font-weight: 400;\">\u00bfQu\u00e9 es la investigaci\u00f3n de mercado de Cuidado de los ojos?<\/span><\/h2>\n\n\n\n<p><span style=\"font-weight: 400;\">Eye <a href=\"https:\/\/www.sisinternational.com\/es\/pericia\/industrias\/investigacion-de-mercado-sobre-el-cuidado-de-heridas\/\" title=\"Investigaci\u00f3n de mercado sobre el cuidado de heridas\"  data-wpil-monitor-id=\"3167\">care market research<\/a> involves gathering and analyzing data related to consumer preferences, market trends, technological advancements, regulatory landscapes, and competitive dynamics within the eye care sector. The goal of <a href=\"https:\/\/www.sisinternational.com\/es\/una-mirada-al-mundo-arabe-por-ahmed-nassef-presidente-de-maktoob-research\/\" title=\"Una mirada al mundo \u00e1rabe por Ahmed Nassef, presidente de Maktoob Research\"  data-wpil-monitor-id=\"4417\">investigaci\u00f3n de mercado del cuidado de los ojos<\/a> is to provide stakeholders, including eye care providers, manufacturers, policymakers, and investors, with actionable insights that inform strategic decision-making and drive innovation in developing and delivering eye care products and services.<\/span><\/p>\n\n\n\n<h2 class=\"wp-block-heading\"><span style=\"font-weight: 400;\">\u00bfPor qu\u00e9 las empresas necesitan investigaciones de mercado sobre el cuidado de los ojos?<\/span><\/h2>\n\n\n\n<p><span style=\"font-weight: 400;\">Eye <a href=\"https:\/\/www.sisinternational.com\/es\/pericia\/industrias\/investigacion-de-mercado-de-cuidado-de-mascotas\/\" title=\"Investigaci\u00f3n de mercado de cuidado de mascotas\"  data-wpil-monitor-id=\"6312\">care market research<\/a> helps businesses understand consumers&#8217; evolving needs and preferences regarding eye health products and services. With an in-depth understanding of factors such as demographic trends, lifestyle changes, and emerging health concerns, businesses can tailor their offerings to better meet the needs of their target audience, driving customer satisfaction and loyalty.<\/span><\/p>\n\n\n\n<p><span style=\"font-weight: 400;\">La investigaci\u00f3n de mercado tambi\u00e9n permite a las empresas mantenerse al tanto de estas tendencias mediante el seguimiento de la evoluci\u00f3n del mercado, las actividades de la competencia y los avances tecnol\u00f3gicos. Al identificar las tendencias emergentes desde el principio, las empresas pueden aprovechar las oportunidades y mantenerse por delante de la competencia.<\/span><\/p>\n\n\n\n<p><span style=\"font-weight: 400;\">Moreover, eye care market research provides businesses with insights into competitor positioning, product offerings, pricing strategies, and marketing tactics. However, it delivers&nbsp; a range of additional benefits that contribute to their success in the industry, including:<\/span><\/p>\n\n\n\n<ul class=\"wp-block-list\">\n<li><b>Informaci\u00f3n sobre las preferencias del consumidor<\/b><span style=\"font-weight: 400;\">: Al realizar investigaciones de mercado, las empresas obtienen informaci\u00f3n valiosa sobre las preferencias, comportamientos y actitudes de los consumidores con respecto a los productos y servicios para el cuidado de los ojos.\u00a0<\/span><\/li>\n\n\n\n<li><b>Identificaci\u00f3n de oportunidades de mercado<\/b><span style=\"font-weight: 400;\">: La investigaci\u00f3n de mercado ayuda a las empresas a identificar oportunidades de mercado sin explotar dentro de la industria del cuidado oftalmol\u00f3gico. Este enfoque proactivo permite a las empresas capitalizar las oportunidades del mercado antes que los competidores, obteniendo una ventaja competitiva en el proceso.<\/span><\/li>\n\n\n\n<li><b>Mitigaci\u00f3n de riesgos<\/b><span style=\"font-weight: 400;\">: Esta investigaci\u00f3n de mercado permite a las empresas evaluar los riesgos y desaf\u00edos potenciales asociados con el lanzamiento de nuevos productos, expansiones de mercado o iniciativas estrat\u00e9gicas.\u00a0<\/span><\/li>\n\n\n\n<li><b>Toma de decisiones estrat\u00e9gicas<\/b><span style=\"font-weight: 400;\">: La investigaci\u00f3n de mercado de Cuidado de la vista proporciona a las empresas los datos y la informaci\u00f3n necesarios para tomar decisiones estrat\u00e9gicas que impulsen el crecimiento y la rentabilidad del negocio. Al basar sus decisiones en evidencia emp\u00edrica e inteligencia de mercado, las empresas pueden minimizar la incertidumbre, optimizar la asignaci\u00f3n de recursos y maximizar el retorno de la inversi\u00f3n.<\/span><\/li>\n<\/ul>\n\n\n\n<h2 class=\"wp-block-heading\"><span style=\"font-weight: 400;\">\u00bfQui\u00e9n utiliza la investigaci\u00f3n de mercado sobre el cuidado de los ojos?<\/span><\/h2>\n\n\n\n<p><b>Proveedores de atenci\u00f3n oftalmol\u00f3gica<\/b><span style=\"font-weight: 400;\"> Conf\u00ede en la investigaci\u00f3n de mercado para mantenerse informado sobre las tendencias de la industria, las tecnolog\u00edas emergentes y las preferencias de los pacientes. Con los conocimientos de esta investigaci\u00f3n de mercado, los proveedores de atenci\u00f3n oftalmol\u00f3gica pueden adaptar sus servicios, tratamientos y estrategias de gesti\u00f3n de consultas para satisfacer mejor las necesidades de los pacientes y seguir siendo competitivos en la industria.<\/span><\/p>\n\n\n\n<p><a href=\"https:\/\/www.sisinternational.com\/es\/pericia\/industrias\/investigacion-de-mercado-de-dispositivos-medicos\/\" title=\"Investigaci\u00f3n de mercado de dispositivos m\u00e9dicos\"  data-wpil-monitor-id=\"3166\">Medical Device Manufacturers use market research<\/a> to guide product development, innovation, and commercialization efforts. By conducting market assessments, competitor analyses, and consumer studies, they can identify unmet needs, assess market demand, and prioritize product features that address market gaps.&nbsp;<\/span><\/p>\n\n\n\n<p><a href=\"https:\/\/www.sisinternational.com\/es\/pericia\/industrias\/investigacion-de-mercado-farmaceutico\/\" title=\"Investigaci\u00f3n de mercado farmac\u00e9utico\"  data-wpil-monitor-id=\"6300\">Pharmaceutical Companies use market research<\/a> to inform their drug development pipeline, regulatory strategy, and commercialization efforts. This enables them to develop targeted therapies that address specific patient populations and gain regulatory approval.<\/span><\/p>\n\n\n\n<p><b>Inversores y analistas financieros<\/b><span style=\"font-weight: 400;\"> aprovechar la investigaci\u00f3n de mercado para evaluar oportunidades de inversi\u00f3n y evaluar el desempe\u00f1o financiero de las empresas que operan en la industria del cuidado oftalmol\u00f3gico. Les permite asignar capital a empresas con un fuerte potencial de crecimiento y oportunidades de creaci\u00f3n de valor en el din\u00e1mico mercado del cuidado oftalmol\u00f3gico.<\/span><\/p>\n\n\n\n<h2 class=\"wp-block-heading\"><span style=\"font-weight: 400;\">Cu\u00e1ndo realizar una investigaci\u00f3n de mercado sobre el cuidado de los ojos<\/span><\/h2>\n\n\n\n<figure class=\"gb-block-image gb-block-image-c407778d\"><img loading=\"lazy\" decoding=\"async\" width=\"1456\" height=\"816\" class=\"gb-image gb-image-c407778d\" src=\"https:\/\/www.sisinternational.com\/wp-content\/uploads\/2025\/08\/Eyecare-4.jpg\" alt=\"Investigaci\u00f3n y estrategia de mercado internacional de SIS\" title=\"Eyecare (4)\" srcset=\"https:\/\/www.sisinternational.com\/wp-content\/uploads\/2025\/08\/Eyecare-4.jpg 1456w, https:\/\/www.sisinternational.com\/wp-content\/uploads\/2025\/08\/Eyecare-4-300x168.jpg 300w, https:\/\/www.sisinternational.com\/wp-content\/uploads\/2025\/08\/Eyecare-4-1024x574.jpg 1024w, https:\/\/www.sisinternational.com\/wp-content\/uploads\/2025\/08\/Eyecare-4-768x430.jpg 768w, https:\/\/www.sisinternational.com\/wp-content\/uploads\/2025\/08\/Eyecare-4-18x10.jpg 18w\" sizes=\"auto, (max-width: 1456px) 100vw, 1456px\"><\/figure>\n\n\n\n<p><\/p>\n\n\n\n<p><span style=\"font-weight: 400;\">La investigaci\u00f3n de mercado del cuidado oftalmol\u00f3gico debe realizarse en puntos estrat\u00e9gicos a lo largo del ciclo de vida del producto y en respuesta a objetivos comerciales espec\u00edficos. A continuaci\u00f3n se presentan casos clave en los que realizar una investigaci\u00f3n de mercado en la industria del cuidado oftalmol\u00f3gico es particularmente beneficioso:<\/span><\/p>\n\n\n\n<ul class=\"wp-block-list\">\n<li><b>Desarrollo de nuevo producto<\/b><span style=\"font-weight: 400;\">: Antes de embarcarse en el desarrollo de un nuevo producto o servicio para el cuidado de los ojos, es fundamental realizar una investigaci\u00f3n de mercado para evaluar la demanda del mercado, identificar necesidades no satisfechas y comprender las preferencias de los consumidores.\u00a0<\/span><\/li>\n\n\n\n<li><b>Entrada o expansi\u00f3n del mercado<\/b><span style=\"font-weight: 400;\">: Al ingresar a un nuevo mercado geogr\u00e1fico o expandirse a un nuevo segmento de la industria del cuidado oftalmol\u00f3gico, la investigaci\u00f3n de mercado es esencial para comprender la din\u00e1mica del mercado local, los requisitos regulatorios y los panoramas competitivos.\u00a0<\/span><\/li>\n\n\n\n<li><b>An\u00e1lisis competitivo<\/b><span style=\"font-weight: 400;\">: Monitorear peri\u00f3dicamente las actividades de la competencia y las tendencias del mercado es fundamental para seguir siendo competitivo en la industria del cuidado oftalmol\u00f3gico. La realizaci\u00f3n de an\u00e1lisis competitivos continuos permite a las empresas identificar competidores emergentes, realizar un seguimiento de las estrategias de la competencia y comparar su desempe\u00f1o con el de sus pares de la industria.\u00a0<\/span><\/li>\n\n\n\n<li><b>Perspectivas del consumidor<\/b><span style=\"font-weight: 400;\">: Recopilar informaci\u00f3n sobre las preferencias, comportamientos y percepciones de los consumidores es esencial para desarrollar productos y servicios para el cuidado de la vista que tengan eco en el p\u00fablico objetivo. La realizaci\u00f3n de estudios de consumidores, encuestas y grupos focales permite a las empresas recopilar comentarios sobre conceptos de productos, dise\u00f1os de envases, estrategias de precios y mensajes de marketing.\u00a0<\/span><\/li>\n<\/ul>\n\n\n\n<h2 class=\"wp-block-heading\"><span style=\"font-weight: 400;\">Actores l\u00edderes en el mercado del cuidado de los ojos<\/span><\/h2>\n\n\n\n<p><span style=\"font-weight: 400;\">El mercado del cuidado de la vista comprende varios actores clave en varios segmentos, incluidos productos farmac\u00e9uticos, dispositivos m\u00e9dicos, gafas y servicios de atenci\u00f3n m\u00e9dica. Algunos actores principales en la industria del cuidado de los ojos incluyen:<\/span><\/p>\n\n\n\n<ul class=\"wp-block-list\">\n<li><b>Novartis AG<\/b><span style=\"font-weight: 400;\">: Novartis es una empresa farmac\u00e9utica multinacional con una importante presencia en el mercado del cuidado oftalmol\u00f3gico. La divisi\u00f3n Alcon de la empresa se centra en el desarrollo y fabricaci\u00f3n de una amplia gama de productos farmac\u00e9uticos oft\u00e1lmicos, equipos quir\u00fargicos y productos para el cuidado de la visi\u00f3n.\u00a0<\/span><\/li>\n\n\n\n<li><b>Visi\u00f3n de Johnson &amp; Johnson<\/b><span style=\"font-weight: 400;\">: Johnson &amp; Johnson Vision es un proveedor l\u00edder de lentes de contacto, lentes intraoculares y productos quir\u00fargicos oft\u00e1lmicos. La cartera de la empresa incluye marcas populares de lentes de contacto como Acuvue y equipos quir\u00fargicos para procedimientos como cirug\u00eda de cataratas y cirug\u00eda refractiva.\u00a0<\/span><\/li>\n\n\n\n<li><b>EssilorLuxottica<\/b><span style=\"font-weight: 400;\">: EssilorLuxottica es un actor l\u00edder en el mercado de las gafas y se especializa en el dise\u00f1o, fabricaci\u00f3n y distribuci\u00f3n de lentes oft\u00e1lmicas, monturas y gafas de sol. Las marcas de la empresa incluyen Essilor, Varilux, Transitions, Ray-Ban y Oakley, entre otras.\u00a0<\/span><\/li>\n<\/ul>\n\n\n\n<h2 class=\"wp-block-heading\"><span style=\"font-weight: 400;\">Oportunidades en el mercado del cuidado de los ojos&nbsp;<\/span><\/h2>\n\n\n\n<p><span style=\"font-weight: 400;\">Las empresas que operan en la industria del cuidado oftalmol\u00f3gico pueden aprovechar la investigaci\u00f3n de mercado para aprovechar varias oportunidades de crecimiento e innovaci\u00f3n:<\/span><\/p>\n\n\n\n<ul class=\"wp-block-list\">\n<li><b>Mercados emergentes<\/b><span style=\"font-weight: 400;\">: La investigaci\u00f3n de mercado ayuda a las empresas a identificar oportunidades de expansi\u00f3n a mercados emergentes con una demanda creciente de productos y servicios para el cuidado de la vista. Al analizar las tendencias demogr\u00e1ficas, la infraestructura sanitaria y los entornos regulatorios, las empresas pueden desarrollar estrategias personalizadas para ingresar a nuevos mercados, establecer una presencia y capturar participaci\u00f3n de mercado.<\/span><\/li>\n\n\n\n<li><b>Avances tecnol\u00f3gicos<\/b><span style=\"font-weight: 400;\">: La industria del cuidado oftalmol\u00f3gico est\u00e1 siendo testigo de r\u00e1pidos avances tecnol\u00f3gicos, incluidas innovaciones en herramientas de diagn\u00f3stico, t\u00e9cnicas quir\u00fargicas e intervenciones terap\u00e9uticas. La investigaci\u00f3n de mercado permite a las empresas mantenerse al tanto de estos desarrollos, evaluar la demanda del mercado de nuevas tecnolog\u00edas e identificar oportunidades de inversi\u00f3n o asociaci\u00f3n.\u00a0<\/span><\/li>\n\n\n\n<li><b>Medicina personalizada<\/b><span style=\"font-weight: 400;\">: La investigaci\u00f3n de mercado facilita la adopci\u00f3n de enfoques de medicina personalizada dentro de la industria del cuidado oftalmol\u00f3gico, lo que permite a las empresas desarrollar terapias e intervenciones espec\u00edficas basadas en las caracter\u00edsticas individuales de los pacientes y los perfiles gen\u00e9ticos.\u00a0<\/span><\/li>\n\n\n\n<li><b>Telemedicina y Monitoreo Remoto<\/b>: The rise of telemedicine and remote monitoring technologies presents opportunities for businesses to deliver <a href=\"https:\/\/www.sisinternational.com\/es\/establecer-una-empresa-en-turquia\/\" title=\"Establecer una empresa en Turqu\u00eda\"  data-wpil-monitor-id=\"3889\">eye care<\/a> services beyond traditional clinical settings. Market research helps businesses assess consumer attitudes toward telemedicine, identify barriers to adoption, and understand regulatory considerations.\u00a0<\/span><\/li>\n<\/ul>\n\n\n\n<h2 class=\"wp-block-heading\"><span style=\"font-weight: 400;\">C\u00f3mo la investigaci\u00f3n de mercado de atenci\u00f3n oftalmol\u00f3gica de SIS International ayuda a las empresas<\/span><\/h2>\n\n\n\n<p><a href=\"https:\/\/www.linkedin.com\/company\/sisinternationalresearch\/\" target=\"_blank\" rel=\"noopener\"><span style=\"font-weight: 400;\">SIS Internacional<\/span><\/a> <span style=\"font-weight: 400;\">ofrece servicios especializados de investigaci\u00f3n de mercado de atenci\u00f3n oftalmol\u00f3gica para brindar a las empresas conocimientos pr\u00e1cticos y orientaci\u00f3n estrat\u00e9gica. As\u00ed es como la experiencia de SIS International puede ayudar a las empresas a tener \u00e9xito en la industria del cuidado oftalmol\u00f3gico:<\/span><\/p>\n\n\n\n<p><b>Conocimiento profundo de la industria<\/b><span style=\"font-weight: 400;\">: El equipo de profesionales de investigaci\u00f3n de SIS International posee una amplia experiencia y conocimientos en la industria del cuidado oftalmol\u00f3gico. Con un profundo conocimiento de la din\u00e1mica del mercado, los panoramas regulatorios y las tendencias tecnol\u00f3gicas, SIS International ofrece a sus clientes conocimientos invaluables que informan la toma de decisiones estrat\u00e9gicas e impulsan el crecimiento empresarial.<\/span><\/p>\n\n\n\n<p><b>Soluciones de investigaci\u00f3n personalizadas<\/b><span style=\"font-weight: 400;\">: SIS ofrece soluciones de investigaci\u00f3n personalizadas dise\u00f1adas para satisfacer las necesidades y objetivos \u00fanicos de cada cliente. Desde evaluaciones de mercado y an\u00e1lisis de la competencia hasta estudios de consumidores y pruebas de productos, SIS International proporciona a los clientes los datos y conocimientos necesarios para tomar decisiones informadas y alcanzar sus objetivos comerciales.<\/span><\/p>\n\n\n\n<p><b>Alcance y experiencia global<\/b><span style=\"font-weight: 400;\">: Con una red global de profesionales de la investigaci\u00f3n y expertos de la industria, ofrecemos a las empresas acceso a inteligencia de mercado localizada y conocimientos de la industria en diferentes regiones geogr\u00e1ficas. El alcance global de SIS International permite a los clientes obtener una comprensi\u00f3n integral de las preferencias de los consumidores, las tendencias del mercado y la din\u00e1mica competitiva, lo que facilita la toma de decisiones informadas y el desarrollo de estrategias de mercado.<\/span><\/p>\n\n\n\n<p><b>Tecnolog\u00edas y herramientas avanzadas<\/b><span style=\"font-weight: 400;\">: Nuestros consultores aprovechan tecnolog\u00edas y herramientas avanzadas para mejorar la eficiencia, precisi\u00f3n y profundidad de la investigaci\u00f3n de mercado del cuidado oftalmol\u00f3gico. Desde encuestas en l\u00ednea y grupos focales hasta simulaciones de realidad virtual y tecnolog\u00eda de seguimiento ocular, empleamos enfoques innovadores para recopilar comentarios de los consumidores, analizar datos de mercado y obtener informaci\u00f3n \u00fatil.<\/span><\/p>\n\n\n\n<p><b>Orientaci\u00f3n estrat\u00e9gica y recomendaciones<\/b><span style=\"font-weight: 400;\">: SIS proporciona a los clientes orientaci\u00f3n estrat\u00e9gica y recomendaciones basadas en los resultados de la investigaci\u00f3n, lo que permite a las empresas traducir los conocimientos en resultados comerciales tangibles. Al aprovechar la experiencia y los conocimientos de SIS International, las empresas pueden navegar por las complejidades del mercado, capitalizar las oportunidades y lograr sus objetivos comerciales en la competitiva industria del cuidado oftalmol\u00f3gico.<\/span><\/p>\n\n\n\n<h2 class=\"wp-block-heading\">Soluciones de investigaci\u00f3n de mercado para el cuidado de los ojos<\/h2>\n\n\n\n<p>Nuestras soluciones de Investigaci\u00f3n de Mercado incluyen:<\/p>\n\n\n\n<ul class=\"wp-block-list\">\n<li>Grupos de discusi\u00f3n<\/li>\n\n\n\n<li>Entrevistas con pacientes<\/li>\n\n\n\n<li>Pruebas de uso en el hogar<\/li>\n\n\n\n<li>Comunidades en l\u00ednea<\/li>\n\n\n\n<li>Encuestas<\/li>\n\n\n\n<li>An\u00e1lisis competitivo<\/li>\n\n\n\n<li>Entrada al mercado y evaluaciones de oportunidades<\/li>\n<\/ul>\n\n\n\n<p class=\"p1\">Tanto en el pa\u00eds como en el extranjero abundan las oportunidades en el cuidado de los ojos. Los equipos de investigaci\u00f3n y estrategia de SIS International brindan la ventaja competitiva que las empresas necesitan para tener \u00e9xito.<\/p>","protected":false},"excerpt":{"rendered":"<p>SIS International Research tiene la vista puesta en el mundo \u00f3ptico y nuestra visi\u00f3n es 20\/20. Obtenga m\u00e1s informaci\u00f3n sobre nuestras soluciones de investigaci\u00f3n de mercado de cuidado de la vista.<\/p>","protected":false},"author":1,"featured_media":64502,"parent":11294,"menu_order":16,"comment_status":"closed","ping_status":"closed","template":"","meta":{"footnotes":""},"class_list":["post-15236","page","type-page","status-publish","has-post-thumbnail"],"_links":{"self":[{"href":"https:\/\/www.sisinternational.com\/es\/wp-json\/wp\/v2\/pages\/15236","targetHints":{"allow":["GET"]}}],"collection":[{"href":"https:\/\/www.sisinternational.com\/es\/wp-json\/wp\/v2\/pages"}],"about":[{"href":"https:\/\/www.sisinternational.com\/es\/wp-json\/wp\/v2\/types\/page"}],"author":[{"embeddable":true,"href":"https:\/\/www.sisinternational.com\/es\/wp-json\/wp\/v2\/users\/1"}],"replies":[{"embeddable":true,"href":"https:\/\/www.sisinternational.com\/es\/wp-json\/wp\/v2\/comments?post=15236"}],"version-history":[{"count":10,"href":"https:\/\/www.sisinternational.com\/es\/wp-json\/wp\/v2\/pages\/15236\/revisions"}],"predecessor-version":[{"id":79895,"href":"https:\/\/www.sisinternational.com\/es\/wp-json\/wp\/v2\/pages\/15236\/revisions\/79895"}],"up":[{"embeddable":true,"href":"https:\/\/www.sisinternational.com\/es\/wp-json\/wp\/v2\/pages\/11294"}],"wp:featuredmedia":[{"embeddable":true,"href":"https:\/\/www.sisinternational.com\/es\/wp-json\/wp\/v2\/media\/64502"}],"wp:attachment":[{"href":"https:\/\/www.sisinternational.com\/es\/wp-json\/wp\/v2\/media?parent=15236"}],"curies":[{"name":"wp","href":"https:\/\/api.w.org\/{rel}","templated":true}]}}