{"id":15230,"date":"2015-04-09T22:53:29","date_gmt":"2015-04-09T22:53:29","guid":{"rendered":"https:\/\/www.sisinternational.com\/?page_id=15230"},"modified":"2026-01-25T17:34:48","modified_gmt":"2026-01-25T22:34:48","slug":"investigacion-de-mercado-de-la-moda","status":"publish","type":"page","link":"https:\/\/www.sisinternational.com\/es\/pericia\/investigacion-de-mercado-de-la-moda\/","title":{"rendered":"Investigaci\u00f3n de mercado de moda y confecci\u00f3n"},"content":{"rendered":"<h1 class=\"wp-block-heading\">Investigaci\u00f3n de mercado de moda y confecci\u00f3n<\/h1>\n\n\n\n<figure class=\"gb-block-image gb-block-image-5b0afa6b\"><img loading=\"lazy\" decoding=\"async\" width=\"1456\" height=\"816\" class=\"gb-image gb-image-5b0afa6b\" src=\"https:\/\/www.sisinternational.com\/wp-content\/uploads\/2025\/08\/Menswear-apparel-fashion-2.jpg\" srcset=\"https:\/\/www.sisinternational.com\/wp-content\/uploads\/2025\/08\/Menswear-apparel-fashion-2.jpg 1456w, https:\/\/www.sisinternational.com\/wp-content\/uploads\/2025\/08\/Menswear-apparel-fashion-2-300x168.jpg 300w, https:\/\/www.sisinternational.com\/wp-content\/uploads\/2025\/08\/Menswear-apparel-fashion-2-1024x574.jpg 1024w, https:\/\/www.sisinternational.com\/wp-content\/uploads\/2025\/08\/Menswear-apparel-fashion-2-768x430.jpg 768w, https:\/\/www.sisinternational.com\/wp-content\/uploads\/2025\/08\/Menswear-apparel-fashion-2-18x10.jpg 18w\" sizes=\"auto, (max-width: 1456px) 100vw, 1456px\" alt=\"Investigaci\u00f3n y estrategia de mercado internacional de SIS\"><\/figure>\n\n\n\n<p><\/p>\n\n\n\n<h2 class=\"wp-block-heading p1\">Vivimos en una era de uso intensivo de datos en la que las empresas exitosas requieren informaci\u00f3n instant\u00e1nea para tomar decisiones informadas. Fashion Market Research le brinda los conocimientos, la inteligencia, los datos y el an\u00e1lisis que necesita para tomar decisiones seguras.<\/h2>\n\n\n\n<h3 class=\"wp-block-heading\">Proporcionamos:<\/h3>\n\n\n\n<ul class=\"wp-block-list\">\n<li>Investigaci\u00f3n sobre los Millennials y la Generaci\u00f3n Z<\/li>\n\n\n\n<li>Grupos focales con clientes y no clientes<\/li>\n\n\n\n<li>Investigaci\u00f3n de mercados ricos<\/li>\n\n\n\n<li>Inteligencia competitiva<\/li>\n\n\n\n<li><a href=\"https:\/\/www.sisinternational.com\/es\/soluciones\/investigacion-de-consultoria-estrategica-fintech\/investigacion-de-mercado-de-financiacion-de-la-cadena-de-suministro\/\" title=\"Investigaci\u00f3n de mercado de financiaci\u00f3n de la cadena de suministro\"  data-wpil-monitor-id=\"8180\">Investigaci\u00f3n de la cadena de suministro<\/a><\/li>\n\n\n\n<li>Informaci\u00f3n sobre tendencias<\/li>\n\n\n\n<li><a href=\"https:\/\/www.sisinternational.com\/es\/pericia\/industrias\/experiencia-del-cliente-digital-cx-investigacion-de-mercado\/\" title=\"Investigaci\u00f3n de mercado de experiencia del cliente digital (CX)\"  data-wpil-monitor-id=\"8181\">Investigaci\u00f3n sobre experiencia y fidelizaci\u00f3n del cliente<\/a><\/li>\n\n\n\n<li><a href=\"https:\/\/www.sisinternational.com\/es\/pericia\/investigacion-de-mercado-de-bric\/\" title=\"Investigaci\u00f3n de Mercado BRIC (Brasil, Rusia, India y China)\"  data-wpil-monitor-id=\"8182\">BRIC Emerging Markets<\/a> Apparel Insights<\/li>\n<\/ul>\n\n\n\n<h2 class=\"wp-block-heading\">Soluciones de investigaci\u00f3n de prendas de vestir<\/h2>\n\n\n\n<p>SIS Internacional <a href=\"https:\/\/www.sisinternational.com\/es\/pericia\/industrias\/investigacion-de-mercado-de-zoologia\/\" title=\"Investigaci\u00f3n de mercado de zoolog\u00eda\"  data-wpil-monitor-id=\"4301\">Research for our experience in comprehensive Market<\/a> Assessments, Consumer Behavioral and Attitudinal studies, Omnichannel Insights, Competitive Intelligence campaigns, Mall Intercepts, Focus Groups, Grey Goods studies and more.<\/p>\n\n\n\n<p>We are also skilled in the &#8220;Fast Fashion&#8221; <a href=\"https:\/\/www.sisinternational.com\/es\/soluciones\/investigacion-de-mercado-de-consumo\/\" title=\"Consumer Market Research Services for Smarter Business Decisions\"  data-wpil-monitor-id=\"8184\">business model and new fashion subscription service<\/a> models.<\/p>\n\n\n\n<p>Nuestras metodolog\u00edas de investigaci\u00f3n de mercado ofrecen estrategias de vanguardia para maximizar su eficiencia y efectividad en el mercado, desbloqueando los datos y el conocimiento para construir ventajas competitivas.<\/p>\n\n\n\n<h2 class=\"wp-block-heading p1\"><span class=\"s1\">Objetivos de la investigaci\u00f3n de mercado de prendas de vestir<\/span><\/h2>\n\n\n\n<ul class=\"wp-block-list\">\n<li><span class=\"s1\">Recopile informaci\u00f3n sobre el comportamiento y la actitud de los consumidores hacia la ropa y las marcas clave.<\/span><\/li>\n\n\n\n<li><span class=\"s1\">Obtenga informaci\u00f3n sobre las necesidades generales de moda de los consumidores objetivo en todas las ocasiones y estilos de vida y c\u00f3mo se traducen en su &quot;cuota de ropa en la billetera&quot;.<\/span><\/li>\n\n\n\n<li><span class=\"s1\">Obtenga informaci\u00f3n sobre la actitud de los consumidores y la interacci\u00f3n con la ropa en el segmento masivo versus las marcas premium y de lujo.<\/span><\/li>\n\n\n\n<li><span class=\"s1\">Comprender la percepci\u00f3n y relaci\u00f3n con las marcas clave para determinar:<\/span>\n<ul class=\"wp-block-list\">\n<li><span class=\"s1\">Percepci\u00f3n de las marcas y relaci\u00f3n consigo mismo.<\/span><\/li>\n\n\n\n<li><span class=\"s1\">impulso potencial y crecimiento del capital<\/span><\/li>\n\n\n\n<li><span class=\"s1\">Identificar los impulsores clave de la afiliaci\u00f3n a una marca <\/span><\/li>\n<\/ul>\n<\/li>\n\n\n\n<li><span class=\"s1\">Gain insights into <a href=\"https:\/\/www.sisinternational.com\/es\/publicaciones\/comportamiento-del-comprador-despues-del-coronavirus-nuevo-consumidor\/\" title=\"Comportamiento del comprador despu\u00e9s del coronavirus \u2013 Investigaci\u00f3n de mercado del consumidor\"  data-wpil-monitor-id=\"8183\">consumers\u2019 cross-channel purchase behavior<\/a> including a focus on digital and emerging channels.<\/span><\/li>\n<\/ul>\n\n\n\n<h2 class=\"wp-block-heading\"><b><\/b>Investigaci\u00f3n de indumentaria cara a cara<\/h2>\n\n\n\n<ul class=\"wp-block-list ul1\">\n<li><span class=\"s1\">Impresi\u00f3n de \u201cselfies\u201d tomadas por los encuestados (\u00fasela como est\u00edmulo)<\/span><\/li>\n\n\n\n<li><span class=\"s1\">Print out <a href=\"https:\/\/www.sisinternational.com\/es\/brand-audit-in-new-york-the-complete-guide-to-strengthening-your-brand\/\" title=\"Brand Audit in New York: The Complete Guide to Strengthening Your Brand\"  data-wpil-monitor-id=\"8185\">Brand Association Self Completion<\/a> forms (for distribution)<\/span><\/li>\n\n\n\n<li><span class=\"s1\">Se requiere wifi para capturar la sesi\u00f3n grupal&nbsp;<\/span><\/li>\n\n\n\n<li><span class=\"s1\">Una grabaci\u00f3n de audio de la sesi\u00f3n.<span class=\"Apple-converted-space\"> &nbsp;<\/span><\/span><\/li>\n\n\n\n<li><span class=\"s1\">Rotafolios<\/span><\/li>\n\n\n\n<li><span class=\"s1\">Post-it o tarjetas peque\u00f1as<\/span><\/li>\n\n\n\n<li><span class=\"s1\">Material para escribir<\/span><\/li>\n<\/ul>\n\n\n\n<h2 class=\"wp-block-heading\"><b><\/b><span class=\"s4\">Investigaci\u00f3n sobre selfies y tareas para el hogar<\/span><\/h2>\n\n\n\n<p><span class=\"s1\">Los participantes podr\u00e1n registrar un diario de su vestimenta mediante \u201cselfies\u201d durante un per\u00edodo de 7 d\u00edas consecutivos.<span class=\"Apple-converted-space\">&nbsp; <\/span>Estos selfies se enviar\u00e1n a los moderadores 3 d\u00edas antes de su sesi\u00f3n grupal.<\/span><\/p>\n\n\n\n<h2 class=\"wp-block-heading\"><span class=\"s1\">Perspectivas de actitud y comportamiento<\/span><\/h2>\n\n\n\n<ul class=\"wp-block-list\">\n<li>Camisas<\/li>\n\n\n\n<li>Pantalones<\/li>\n\n\n\n<li>Deportes\/ Gimnasio\/ \u201cathleisure\u201d<\/li>\n\n\n\n<li>Calzado<\/li>\n\n\n\n<li>Art\u00edculos de cuero, por ejemplo, bolsos, carteras, cinturones.<\/li>\n\n\n\n<li>Accesorios<\/li>\n\n\n\n<li>Belleza<\/li>\n<\/ul>\n\n\n\n<h2 class=\"wp-block-heading\">Informaci\u00f3n del canal<\/h2>\n\n\n\n<ul class=\"wp-block-list\">\n<li>grandes almacenes<\/li>\n\n\n\n<li>Tienda especializada en marcas premium<\/li>\n\n\n\n<li>Boutiques multimarca<\/li>\n\n\n\n<li>Tiendas de moda r\u00e1pida (minoristas\/en l\u00ednea)<\/li>\n\n\n\n<li>\u201cOff price\u201d \/ Tiendas de descuento<\/li>\n\n\n\n<li>Sitios de compras de moda en l\u00ednea.<\/li>\n\n\n\n<li>De igual a igual\/Redes sociales<\/li>\n<\/ul>\n\n\n\n<h2 class=\"wp-block-heading\">\u00c1reas de Informaci\u00f3n<\/h2>\n\n\n\n<ul class=\"wp-block-list\">\n<li>Proporci\u00f3n de guardarropa<\/li>\n\n\n\n<li>Frecuencia<\/li>\n\n\n\n<li>Las necesidades del cliente<\/li>\n\n\n\n<li>Ocasiones<\/li>\n\n\n\n<li>Fuentes de informaci\u00f3n<\/li>\n\n\n\n<li>Gasto anual<\/li>\n\n\n\n<li>Participaci\u00f3n de la billetera<\/li>\n\n\n\n<li>Gasto previsto<\/li>\n\n\n\n<li>Marca masiva versus marca premium<\/li>\n\n\n\n<li>Conciencia<\/li>\n\n\n\n<li>Afinidad<\/li>\n\n\n\n<li>Relevancia<\/li>\n\n\n\n<li>Conjunto competitivo<\/li>\n\n\n\n<li>Desencadenantes<\/li>\n\n\n\n<li>Sensorial<\/li>\n\n\n\n<li>Canales en l\u00ednea<\/li>\n\n\n\n<li>Elegancia<\/li>\n\n\n\n<li>Variedad de productos<\/li>\n\n\n\n<li>Valor por dinero<\/li>\n<\/ul>\n\n\n\n<p class=\"p1\">&nbsp;<\/p>","protected":false},"excerpt":{"rendered":"<p>SIS es una empresa l\u00edder en investigaci\u00f3n de mercados e investigaci\u00f3n estrat\u00e9gica a nivel mundial. Obtenga m\u00e1s informaci\u00f3n sobre la investigaci\u00f3n de mercado de moda y confecci\u00f3n.<\/p>","protected":false},"author":1,"featured_media":63945,"parent":14514,"menu_order":15,"comment_status":"open","ping_status":"open","template":"","meta":{"footnotes":""},"class_list":["post-15230","page","type-page","status-publish","has-post-thumbnail"],"_links":{"self":[{"href":"https:\/\/www.sisinternational.com\/es\/wp-json\/wp\/v2\/pages\/15230","targetHints":{"allow":["GET"]}}],"collection":[{"href":"https:\/\/www.sisinternational.com\/es\/wp-json\/wp\/v2\/pages"}],"about":[{"href":"https:\/\/www.sisinternational.com\/es\/wp-json\/wp\/v2\/types\/page"}],"author":[{"embeddable":true,"href":"https:\/\/www.sisinternational.com\/es\/wp-json\/wp\/v2\/users\/1"}],"replies":[{"embeddable":true,"href":"https:\/\/www.sisinternational.com\/es\/wp-json\/wp\/v2\/comments?post=15230"}],"version-history":[{"count":6,"href":"https:\/\/www.sisinternational.com\/es\/wp-json\/wp\/v2\/pages\/15230\/revisions"}],"predecessor-version":[{"id":81375,"href":"https:\/\/www.sisinternational.com\/es\/wp-json\/wp\/v2\/pages\/15230\/revisions\/81375"}],"up":[{"embeddable":true,"href":"https:\/\/www.sisinternational.com\/es\/wp-json\/wp\/v2\/pages\/14514"}],"wp:featuredmedia":[{"embeddable":true,"href":"https:\/\/www.sisinternational.com\/es\/wp-json\/wp\/v2\/media\/63945"}],"wp:attachment":[{"href":"https:\/\/www.sisinternational.com\/es\/wp-json\/wp\/v2\/media?parent=15230"}],"curies":[{"name":"wp","href":"https:\/\/api.w.org\/{rel}","templated":true}]}}