{"id":15205,"date":"2015-04-09T09:44:31","date_gmt":"2015-04-09T09:44:31","guid":{"rendered":"https:\/\/www.sisinternational.com\/?page_id=15205"},"modified":"2026-01-25T17:34:49","modified_gmt":"2026-01-25T22:34:49","slug":"investigacion-internacional-sobre-propiedad-intelectual","status":"publish","type":"page","link":"https:\/\/www.sisinternational.com\/es\/soluciones\/si-crecimiento-global\/investigacion-internacional-sobre-propiedad-intelectual\/","title":{"rendered":"Investigaci\u00f3n de mercado de propiedad intelectual"},"content":{"rendered":"<h1 class=\"wp-block-heading\">Investigaci\u00f3n de mercado de propiedad intelectual<\/h1>\n\n\n\n<figure class=\"gb-block-image gb-block-image-5493aa1d\"><img loading=\"lazy\" decoding=\"async\" width=\"1024\" height=\"574\" class=\"gb-image gb-image-5493aa1d\" src=\"https:\/\/www.sisinternational.com\/wp-content\/uploads\/2025\/08\/RegTech-5-1024x574.jpg\" alt=\"Investigaci\u00f3n y estrategia de mercado internacional de SIS\" title=\"RegTech (5)\" srcset=\"https:\/\/www.sisinternational.com\/wp-content\/uploads\/2025\/08\/RegTech-5-1024x574.jpg 1024w, https:\/\/www.sisinternational.com\/wp-content\/uploads\/2025\/08\/RegTech-5-300x168.jpg 300w, https:\/\/www.sisinternational.com\/wp-content\/uploads\/2025\/08\/RegTech-5-768x430.jpg 768w, https:\/\/www.sisinternational.com\/wp-content\/uploads\/2025\/08\/RegTech-5-18x10.jpg 18w, https:\/\/www.sisinternational.com\/wp-content\/uploads\/2025\/08\/RegTech-5.jpg 1456w\" sizes=\"auto, (max-width: 1024px) 100vw, 1024px\"><\/figure>\n\n\n\n<p><\/p>\n\n\n\n<hr class=\"wp-block-separator has-alpha-channel-opacity is-style-dots\"\/>\n\n\n\n<h2 class=\"wp-block-heading p1\">International intellectual property law involves bilateral and multilateral agreements that seek to augment domestic rules that govern and protect intellectual property (IP). Most cross-border IP issues are addressed through the World Intellectual Property Organization (WIPO).<\/h2>\n\n\n\n<p class=\"p1\">In the world of business, intellectual property issues are increasingly being encountered given its highly globalized environment wherein thousands of companies participate. Given the level of competition resulting from this climate, companies realize the importance of protecting their intellectual properties. IP includes a broad range of concepts including trade names (such as &#8220;Starbuck&#8217;s&#8221;), an industry report conducted by a research firm, movies, images, books, cooking recipes, medicines, trade secrets, manufacturing processes, and architectural design.<\/p>\n\n\n\n<p class=\"p1\">Los problemas m\u00e1s comunes que a menudo conducen a litigios costosos y dolorosos son las acusaciones de infracciones de patentes, derechos de autor y marcas registradas. Siguiendo la infraestructura tecnol\u00f3gica sobre la que ahora prosperan las empresas modernas, los derechos de propiedad relacionados con el contenido digital, el dise\u00f1o de software, los nombres de dominio y las bases de datos tambi\u00e9n son focos de confrontaciones. Esto hace que la propiedad intelectual sea un componente importante de cualquier negocio que pretenda prosperar en el \u00e1mbito mundial.<\/p>\n\n\n\n<p class=\"p1\">For managers, knowledge of IP fundamentals will not only help protect their companies&#8217; intellectual assets but also help steer their companies away from hostile legal suits arising from allegations of IP infringements. The sheer abundance of players, products, and services in just about any business sector increases the risk of companies from having their intellectual assets misappropriated by other entities. While some infringements are unintentional, others are calculated and committed by unethical business entities.<\/p>\n\n\n\n<p class=\"p1\">Aun as\u00ed, los directivos de organizaciones que se adhieren a las mejores pr\u00e1cticas de los negocios globales se ven obligados a seguir e implementar leyes de protecci\u00f3n de la propiedad intelectual reconocidas internacionalmente. La defensa de los derechos de propiedad intelectual (DPI) es lo mejor para ellos porque:<\/p>\n\n\n\n<ol class=\"wp-block-list\">\n<li>Salvaguarda los activos que dan a las empresas una ventaja competitiva.<\/li>\n\n\n\n<li>Mejora la marca<\/li>\n\n\n\n<li>Disuade a las empresas de infringir derechos existentes<\/li>\n\n\n\n<li>Puede aprovecharse como fuente de ingresos mediante licencias o transferencias de tecnolog\u00eda.<\/li>\n\n\n\n<li>Agrega valor de mercado a una empresa.<\/li>\n<\/ol>\n\n\n\n<h2 class=\"wp-block-heading\">Acerca de la investigaci\u00f3n de mercado de propiedad intelectual<\/h2>\n\n\n\n<p>La investigaci\u00f3n de mercado descubre conocimientos, inteligencia y estrategias que protegen la propiedad intelectual. Las siguientes son nuestras soluciones:<\/p>\n\n\n\n<ul class=\"wp-block-list\">\n<li>Investigaci\u00f3n secundaria sobre infracci\u00f3n de propiedad intelectual protegida<\/li>\n\n\n\n<li>Investigaci\u00f3n de clientes<\/li>\n\n\n\n<li>Trademark <a href=\"https:\/\/www.sisinternational.com\/es\/pericia\/industrias\/investigacion-de-mercado-de-zoologia\/\" title=\"Investigaci\u00f3n de mercado de zoolog\u00eda\"  data-wpil-monitor-id=\"4307\">Market Confusion research<\/a><\/li>\n\n\n\n<li>Investigaci\u00f3n de mercados emergentes<\/li>\n\n\n\n<li>Investigaci\u00f3n de mercado de China<\/li>\n\n\n\n<li>Investigaci\u00f3n de l\u00edderes de opini\u00f3n clave<\/li>\n\n\n\n<li>Investigaci\u00f3n de mercado de productos grises<\/li>\n\n\n\n<li>Investigaci\u00f3n de distribuidores<\/li>\n\n\n\n<li>Entrevistas con l\u00edderes intelectuales<\/li>\n\n\n\n<li>Adquisici\u00f3n experta<\/li>\n<\/ul>\n\n\n<h2>Nuestra ubicaci\u00f3n de instalaciones en Nueva York<\/h2>\n<p><iframe loading=\"lazy\" src=\"https:\/\/www.google.com\/maps\/embed?pb=!1m18!1m12!1m3!1d3022.976188376966!2d-73.99130312499956!3d40.740549471389315!2m3!1f0!2f0!3f0!3m2!1i1024!2i768!4f13.1!3m3!1m2!1s0x89c259a15798c731%3A0xd695d09bdd495f25!2s11%20E%2022nd%20St%20FL%202%2C%20New%20York%2C%20NY%2010010%2C%20USA!5e0!3m2!1sen!2spe!4v1726171763526!5m2!1sen!2spe\" width=\"600\" height=\"450\" allowfullscreen=\"allowfullscreen\" data-mce-fragment=\"1\"><\/iframe><\/p>\n<h3 class=\"wp-block-heading\">11 E 22nd Street, Piso 2, Nueva York, NY 10010 T: +1(212) 505-6805<\/h3>\n<hr \/>\n<h2><span style=\"font-weight: 400;\">Acerca de SIS Internacional<\/span><\/h2>\n<p><a href=\"https:\/\/www.sisinternational.com\/es\/\"><span style=\"font-weight: 400;\">SIS Internacional<\/span><\/a><span style=\"font-weight: 400;\">\u00a0ofrece investigaci\u00f3n cuantitativa, cualitativa y estrat\u00e9gica. Proporcionamos datos, herramientas, estrategias, informes y conocimientos para la toma de decisiones. Tambi\u00e9n realizamos entrevistas, encuestas, grupos focales y otros m\u00e9todos y enfoques de investigaci\u00f3n de mercado.<\/span><a href=\"https:\/\/www.sisinternational.com\/es\/sobre-la-investigacion-internacional-de-sis\/contact-sis-international-market-research\/\"><span style=\"font-weight: 400;\">\u00a0P\u00f3ngase en contacto con nosotros<\/span><\/a><span style=\"font-weight: 400;\">\u00a0para su pr\u00f3ximo proyecto de Investigaci\u00f3n de Mercado.<\/span><\/p>\n<\/p>","protected":false},"excerpt":{"rendered":"<p>Descubra c\u00f3mo la investigaci\u00f3n de mercado puede satisfacer sus necesidades de propiedad intelectual.<\/p>","protected":false},"author":1,"featured_media":64865,"parent":22092,"menu_order":0,"comment_status":"open","ping_status":"open","template":"","meta":{"footnotes":""},"class_list":["post-15205","page","type-page","status-publish","has-post-thumbnail"],"_links":{"self":[{"href":"https:\/\/www.sisinternational.com\/es\/wp-json\/wp\/v2\/pages\/15205","targetHints":{"allow":["GET"]}}],"collection":[{"href":"https:\/\/www.sisinternational.com\/es\/wp-json\/wp\/v2\/pages"}],"about":[{"href":"https:\/\/www.sisinternational.com\/es\/wp-json\/wp\/v2\/types\/page"}],"author":[{"embeddable":true,"href":"https:\/\/www.sisinternational.com\/es\/wp-json\/wp\/v2\/users\/1"}],"replies":[{"embeddable":true,"href":"https:\/\/www.sisinternational.com\/es\/wp-json\/wp\/v2\/comments?post=15205"}],"version-history":[{"count":6,"href":"https:\/\/www.sisinternational.com\/es\/wp-json\/wp\/v2\/pages\/15205\/revisions"}],"predecessor-version":[{"id":78364,"href":"https:\/\/www.sisinternational.com\/es\/wp-json\/wp\/v2\/pages\/15205\/revisions\/78364"}],"up":[{"embeddable":true,"href":"https:\/\/www.sisinternational.com\/es\/wp-json\/wp\/v2\/pages\/22092"}],"wp:featuredmedia":[{"embeddable":true,"href":"https:\/\/www.sisinternational.com\/es\/wp-json\/wp\/v2\/media\/64865"}],"wp:attachment":[{"href":"https:\/\/www.sisinternational.com\/es\/wp-json\/wp\/v2\/media?parent=15205"}],"curies":[{"name":"wp","href":"https:\/\/api.w.org\/{rel}","templated":true}]}}