{"id":15177,"date":"2015-04-08T21:12:16","date_gmt":"2015-04-08T21:12:16","guid":{"rendered":"https:\/\/www.sisinternational.com\/?page_id=15177"},"modified":"2026-01-25T19:34:37","modified_gmt":"2026-01-26T00:34:37","slug":"estrategia-para-colocar-precios","status":"publish","type":"page","link":"https:\/\/www.sisinternational.com\/es\/soluciones\/investigacion-de-consultoria-estrategica-fintech\/estrategia-para-colocar-precios\/","title":{"rendered":"Investigaci\u00f3n de estrategia de precios"},"content":{"rendered":"<h1 class=\"wp-block-heading\">Investigaci\u00f3n de estrategia de precios<\/h1>\n\n\n\n<figure class=\"gb-block-image gb-block-image-873e77f3\"><img loading=\"lazy\" decoding=\"async\" width=\"1456\" height=\"816\" class=\"gb-image gb-image-873e77f3\" src=\"https:\/\/www.sisinternational.com\/wp-content\/uploads\/2025\/08\/Strategy-consulting-4.jpg\" srcset=\"https:\/\/www.sisinternational.com\/wp-content\/uploads\/2025\/08\/Strategy-consulting-4.jpg 1456w, https:\/\/www.sisinternational.com\/wp-content\/uploads\/2025\/08\/Strategy-consulting-4-300x168.jpg 300w, https:\/\/www.sisinternational.com\/wp-content\/uploads\/2025\/08\/Strategy-consulting-4-1024x574.jpg 1024w, https:\/\/www.sisinternational.com\/wp-content\/uploads\/2025\/08\/Strategy-consulting-4-768x430.jpg 768w, https:\/\/www.sisinternational.com\/wp-content\/uploads\/2025\/08\/Strategy-consulting-4-18x10.jpg 18w\" sizes=\"auto, (max-width: 1456px) 100vw, 1456px\" alt=\"Investigaci\u00f3n y estrategia de mercado internacional de SIS\"><\/figure>\n\n\n\n<p><\/p>\n\n\n\n<hr class=\"wp-block-separator has-alpha-channel-opacity is-style-dots\"\/>\n\n\n\n<blockquote class=\"wp-block-quote is-layout-flow wp-block-quote-is-layout-flow\">\n<h3 class=\"wp-block-heading\">Choosing the appropriate price to sell a product or service is more than a challenge for every business. Getting it right is crucial to its eventual survival.<\/h3>\n<\/blockquote>\n\n\n\n<h2 class=\"wp-block-heading\">&nbsp;<\/h2>\n\n\n\n<h2 class=\"wp-block-heading\">Consideraciones sobre la estrategia de precios<\/h2>\n\n\n\n<p>Muchos factores influyen en la fijaci\u00f3n de precios, la mayor\u00eda de los cuales pueden estudiarse y orientarse para favorecer a su empresa.<\/p>\n\n\n\n<p class=\"p1\">No todos los mercados son iguales. En algunas regiones, puede haber variaciones en<\/p>\n\n\n\n<ul class=\"wp-block-list\">\n<li>Costos de producci\u00f3n debido a tarifas inmobiliarias o laborales.<\/li>\n\n\n\n<li>N\u00famero de clientes potenciales<\/li>\n\n\n\n<li>Costo de entrega de sus productos<\/li>\n<\/ul>\n\n\n\n<p>Estos factores conocidos generalmente pueden estar predeterminados y controlados.<\/p>\n\n\n\n<h2 class=\"wp-block-heading p1\">\u00bfC\u00f3mo gu\u00edan los objetivos de ventas la estrategia de precios?<\/h2>\n\n\n\n<p>Below are several common goals, which often change over time depending on their success rate and reactions from customers and competitors.<\/p>\n\n\n\n<ul class=\"wp-block-list\">\n<li>Obtener un juicio<\/li>\n\n\n\n<li>Provocar negocios repetidos<\/li>\n\n\n\n<li>Abrir un nuevo mercado<\/li>\n\n\n\n<li>Hacer crecer un mercado existente<\/li>\n\n\n\n<li>Expand a product line \u2013 offer different <a href=\"https:\/\/www.sisinternational.com\/es\/soluciones\/soluciones-de-investigacion-cualitativa-cuantitativa\/how-the-gabor-granger-pricing-model-can-enhance-your-profit-margins\/\" title=\"Gabor-Granger Pricing Model\"  data-wpil-monitor-id=\"1184\">models or features at different price<\/a> points to broaden overall appeal to customers<\/li>\n\n\n\n<li>Venta cruzada de varios productos (seguros de vida, auto y hogar; a\u00e9reo, hotelero y de autom\u00f3vil)<\/li>\n\n\n\n<li>Aumentar la cuota de mercado<\/li>\n\n\n\n<li>Defend against competition; create a barrier to entry<\/li>\n\n\n\n<li>Seek a specific profit margin over the cost of production, promotion and distribution<\/li>\n<\/ul>\n\n\n\n<p>Market research and testing can guide one to identify optimal price points for each situation.&nbsp; Here are a few examples:<\/p>\n\n\n\n<ul class=\"wp-block-list\">\n<li><strong>\u00bfQu\u00e9 precio maximizar\u00e1 una prueba?<\/strong>\n<ul class=\"wp-block-list\">\n<li>How low should initial price be?&nbsp; A survey can ask questions about different prices, or a market test can compare the percent who take the offer.<\/li>\n\n\n\n<li>Despu\u00e9s de la prueba, \u00bfse necesitar\u00e1n descuentos u ofertas adicionales o se podr\u00e1n subir los precios sin perder clientes?<\/li>\n<\/ul>\n<\/li>\n\n\n\n<li><strong>Will package or bundle pricing effectively sell more than one item or service?<\/strong>\n<ul class=\"wp-block-list\">\n<li>Se pueden probar una variedad de ofertas, por ejemplo, \u201cBOGO\u201d o \u201ctwofers\u201d, 50% de un segundo plato principal; una bolsa de golf con un juego de palos nuevos; Comprobaci\u00f3n gratuita con un servicio de corretaje.<\/li>\n<\/ul>\n<\/li>\n\n\n\n<li><strong>Can enough commodity products or supplies for the home or office be sold at a low price and still make a profit?<\/strong>\n<ul class=\"wp-block-list\">\n<li><a href=\"https:\/\/www.sisinternational.com\/es\/pericia\/industrias\/investigacion-de-mercado-de-salsas-para-mojar\/\" title=\"Investigaci\u00f3n de mercado de salsa para mojar\"  data-wpil-monitor-id=\"5754\">Research can help analyze a market<\/a>, its customers, and its competition regarding current pricing and purchase activity.<\/li>\n\n\n\n<li>Should you set a price to match your competition to remove that differentiator?<\/li>\n\n\n\n<li>In some cases, products such as batteries, printer paper, or cleaning supplies may be sold as \u201closs leaders\u201d (even below actual cost) to generate sales of more and higher-margin items.<\/li>\n<\/ul>\n<\/li>\n\n\n\n<li><strong>\u00bfPagar\u00e1 una cantidad suficiente de mercado un precio superior?<\/strong>\n<ul class=\"wp-block-list\">\n<li>Is there support for high-priced, exclusive, or luxury items? (e.g. Tiffany, Prada, Mercedes, Apple)<\/li>\n\n\n\n<li>Are there other customer tiers which can later be sold less expensive models at lower prices?&nbsp; Or can you customize a product or service and charge an even higher price for an exclusive version to satisfy specific customer needs?<\/li>\n<\/ul>\n<\/li>\n<\/ul>\n\n\n\n<h2 class=\"wp-block-heading p1\"><span class=\"s1\">\u00bfNecesita ayuda con la estrategia de precios?<\/span><\/h2>\n\n\n\n<figure class=\"gb-block-image gb-block-image-807f2de8\"><img loading=\"lazy\" decoding=\"async\" width=\"1456\" height=\"816\" class=\"gb-image gb-image-807f2de8\" src=\"https:\/\/www.sisinternational.com\/wp-content\/uploads\/2025\/08\/Strategy-consulting-3.jpg\" srcset=\"https:\/\/www.sisinternational.com\/wp-content\/uploads\/2025\/08\/Strategy-consulting-3.jpg 1456w, https:\/\/www.sisinternational.com\/wp-content\/uploads\/2025\/08\/Strategy-consulting-3-300x168.jpg 300w, https:\/\/www.sisinternational.com\/wp-content\/uploads\/2025\/08\/Strategy-consulting-3-1024x574.jpg 1024w, https:\/\/www.sisinternational.com\/wp-content\/uploads\/2025\/08\/Strategy-consulting-3-768x430.jpg 768w, https:\/\/www.sisinternational.com\/wp-content\/uploads\/2025\/08\/Strategy-consulting-3-18x10.jpg 18w\" sizes=\"auto, (max-width: 1456px) 100vw, 1456px\" alt=\"Investigaci\u00f3n y estrategia de mercado internacional de SIS\"><\/figure>\n\n\n\n<p><\/p>\n\n\n\n<p class=\"p1\"><span class=\"s1\">You do not need to gamble and hope. Rather, you can calculate all the costs involved in producing, promoting\/selling, and distributing a product&nbsp;and then set a price that covers expenses while providing some level of profit.<\/span><\/p>\n\n\n\n<p class=\"p1\"><span class=\"s1\">However, to approach an optimum price point, it may be useful to observe and\/or survey your customers. Even better, get a sense of what your competition is or might be doing regarding&nbsp;pricing.<\/span><\/p>\n\n\n\n<p class=\"p1\"><span class=\"s1\">Asking customers what they would pay for a product or service is tricky. Getting insights into your competitors&#8217; strategies&nbsp;is a bigger challenge.<\/span><\/p>\n\n\n\n<h3 class=\"wp-block-heading p4\"><strong><span class=\"s2\">Clientes <\/span><\/strong><span class=\"s1\">pueden estar expuestos al producto a trav\u00e9s de una encuesta (en l\u00ednea o por tel\u00e9fono) o en persona.&nbsp;<\/span><\/h3>\n\n\n\n<ul class=\"wp-block-list\">\n<li><span class=\"s1\">Here, a set of variables, including price, might be presented to a subject. A statistical technique called conjoint analysis may be applied to determine the optimal tradeoffs of features and prices.<\/span><\/li>\n\n\n\n<li><span class=\"s1\">You can assess price elasticity and experiment within such a range.<\/span><\/li>\n\n\n\n<li><span class=\"s1\">Adem\u00e1s, puede identificar grupos coincidentes de clientes actuales o potenciales, ofrecer a cada uno un precio diferente a trav\u00e9s de Internet, cupones, anuncios, etc., y luego medir el porcentaje que compra a cada precio.<\/span><\/li>\n\n\n\n<li><span class=\"s1\">(Nota:<span class=\"Apple-converted-space\">&nbsp; <\/span>Hay casos en los que es posible que desees saber cu\u00e1nto pagar\u00eda un cliente en funci\u00f3n de un concepto o prototipo (antes de comenzar la producci\u00f3n) para estar seguro de que hay espacio para obtener ganancias).<\/span><\/li>\n<\/ul>\n\n\n\n<h3 class=\"wp-block-heading p4\"><strong><span class=\"s2\">Actividad competitiva<\/span><\/strong><span class=\"s1\"> can be monitored by following their channels of distribution (e.g. site visits to stores, following online and offline ads), attending trade shows, and perhaps speaking with your customers.&nbsp;<\/span><\/h3>\n\n\n\n<ul class=\"wp-block-list\">\n<li><span class=\"s1\">Pero para conocer sus planes futuros casi siempre es necesario recurrir a un tercero para realizar entrevistas en un esfuerzo por descubrir dicha informaci\u00f3n.<\/span><\/li>\n<\/ul>\n\n\n\n<p class=\"p1\"><span class=\"s1\">Unfortunately, there is more to the equation!&nbsp; <\/span>Your company is not operating in a vacuum.&nbsp; As such, just like you, your competitors may alter pricing to achieve specific objectives.&nbsp;&nbsp;<span class=\"s1\">Por lo tanto, la estrategia de fijaci\u00f3n de precios es un proceso continuo que necesita atenci\u00f3n y ajustes casi constantes.<\/span><\/p>\n\n\n\n<h2 class=\"wp-block-heading\">Nuestra ubicaci\u00f3n de instalaciones en Nueva York<\/h2>\n\n\n\n<p>\n\n\n\n<iframe loading=\"lazy\" src=\"https:\/\/www.google.com\/maps\/embed?pb=!1m18!1m12!1m3!1d3022.976188376966!2d-73.99130312499956!3d40.740549471389315!2m3!1f0!2f0!3f0!3m2!1i1024!2i768!4f13.1!3m3!1m2!1s0x89c259a15798c731%3A0xd695d09bdd495f25!2s11%20E%2022nd%20St%20FL%202%2C%20New%20York%2C%20NY%2010010%2C%20USA!5e0!3m2!1sen!2spe!4v1726171763526!5m2!1sen!2spe\" width=\"600\" height=\"450\" allowfullscreen=\"allowfullscreen\" data-mce-fragment=\"1\"><\/iframe>\n\n\n\n<\/p>\n\n\n\n<h3 class=\"wp-block-heading\">11 E 22nd Street, piso 2, Nueva York, NY 10010 T: +1(212) 505-6805<\/h3>\n\n\n\n<hr class=\"wp-block-separator has-alpha-channel-opacity\"\/>\n\n\n\n<h2 class=\"wp-block-heading\"><span style=\"font-weight: 400;\">Acerca de SIS Internacional<\/span><\/h2>\n\n\n\n<p><a href=\"https:\/\/www.sisinternational.com\/es\/\"><span style=\"font-weight: 400;\">SIS Internacional<\/span><\/a><span style=\"font-weight: 400;\"> ofrece investigaci\u00f3n cuantitativa, cualitativa y estrat\u00e9gica. Proporcionamos datos, herramientas, estrategias, informes y conocimientos para la toma de decisiones. Tambi\u00e9n realizamos entrevistas, encuestas, grupos focales y otros m\u00e9todos y enfoques de investigaci\u00f3n de mercado.<\/span><a href=\"https:\/\/www.sisinternational.com\/es\/sobre-la-investigacion-internacional-de-sis\/contact-sis-international-market-research\/\"><span style=\"font-weight: 400;\"> P\u00f3ngase en contacto con nosotros<\/span><\/a><span style=\"font-weight: 400;\"> para su pr\u00f3ximo proyecto de Investigaci\u00f3n de Mercado.<\/span><\/p>\n\n\n\n<p><\/p>","protected":false},"excerpt":{"rendered":"<p>Proporcionamos investigaci\u00f3n de estrategias de precios para que las empresas impulsen la rentabilidad en todo el mundo.<\/p>","protected":false},"author":1,"featured_media":62547,"parent":27462,"menu_order":0,"comment_status":"open","ping_status":"open","template":"","meta":{"footnotes":""},"class_list":["post-15177","page","type-page","status-publish","has-post-thumbnail"],"_links":{"self":[{"href":"https:\/\/www.sisinternational.com\/es\/wp-json\/wp\/v2\/pages\/15177","targetHints":{"allow":["GET"]}}],"collection":[{"href":"https:\/\/www.sisinternational.com\/es\/wp-json\/wp\/v2\/pages"}],"about":[{"href":"https:\/\/www.sisinternational.com\/es\/wp-json\/wp\/v2\/types\/page"}],"author":[{"embeddable":true,"href":"https:\/\/www.sisinternational.com\/es\/wp-json\/wp\/v2\/users\/1"}],"replies":[{"embeddable":true,"href":"https:\/\/www.sisinternational.com\/es\/wp-json\/wp\/v2\/comments?post=15177"}],"version-history":[{"count":9,"href":"https:\/\/www.sisinternational.com\/es\/wp-json\/wp\/v2\/pages\/15177\/revisions"}],"predecessor-version":[{"id":79441,"href":"https:\/\/www.sisinternational.com\/es\/wp-json\/wp\/v2\/pages\/15177\/revisions\/79441"}],"up":[{"embeddable":true,"href":"https:\/\/www.sisinternational.com\/es\/wp-json\/wp\/v2\/pages\/27462"}],"wp:featuredmedia":[{"embeddable":true,"href":"https:\/\/www.sisinternational.com\/es\/wp-json\/wp\/v2\/media\/62547"}],"wp:attachment":[{"href":"https:\/\/www.sisinternational.com\/es\/wp-json\/wp\/v2\/media?parent=15177"}],"curies":[{"name":"wp","href":"https:\/\/api.w.org\/{rel}","templated":true}]}}