{"id":15125,"date":"2015-04-01T18:31:05","date_gmt":"2015-04-01T18:31:05","guid":{"rendered":"https:\/\/www.sisinternational.com\/?page_id=15125"},"modified":"2026-01-26T17:10:35","modified_gmt":"2026-01-26T22:10:35","slug":"alimentos-y-bebidas-en-asia-pacifico","status":"publish","type":"page","link":"https:\/\/www.sisinternational.com\/es\/pericia\/curriculums-de-experiencia\/alimentos-y-bebidas-en-asia-pacifico\/","title":{"rendered":"Investigaci\u00f3n de mercado de alimentos y bebidas en Asia"},"content":{"rendered":"<h1 class=\"wp-block-heading\">Investigaci\u00f3n de mercado de alimentos y bebidas en Asia<\/h1>\n\n\n\n<figure class=\"gb-block-image gb-block-image-6c08cd34\"><img loading=\"lazy\" decoding=\"async\" width=\"1456\" height=\"816\" class=\"gb-image gb-image-6c08cd34\" src=\"https:\/\/www.sisinternational.com\/wp-content\/uploads\/2025\/09\/Asian-food-55-1.jpg\" alt=\"Investigaci\u00f3n y estrategia de mercado internacional de SIS\" title=\"Asian food 55 (1)\" srcset=\"https:\/\/www.sisinternational.com\/wp-content\/uploads\/2025\/09\/Asian-food-55-1.jpg 1456w, https:\/\/www.sisinternational.com\/wp-content\/uploads\/2025\/09\/Asian-food-55-1-300x168.jpg 300w, https:\/\/www.sisinternational.com\/wp-content\/uploads\/2025\/09\/Asian-food-55-1-1024x574.jpg 1024w, https:\/\/www.sisinternational.com\/wp-content\/uploads\/2025\/09\/Asian-food-55-1-768x430.jpg 768w, https:\/\/www.sisinternational.com\/wp-content\/uploads\/2025\/09\/Asian-food-55-1-18x10.jpg 18w\" sizes=\"auto, (max-width: 1456px) 100vw, 1456px\"><\/figure>\n\n\n\n<p><\/p>\n\n\n\n<h2 class=\"wp-block-heading\">SIS es una empresa l\u00edder en investigaci\u00f3n de mercados globales. Explora nuestra experiencia.<\/h2>\n\n\n\n<h2 class=\"wp-block-heading\">Porcelana<\/h2>\n\n\n\n<ul class=\"wp-block-list\">\n<li>Se llev\u00f3 a cabo un estudio sobre la etiqueta del sake japon\u00e9s en Shanghai.<\/li>\n\n\n\n<li>Proyecto de bebidas alcoh\u00f3licas realizado en China (y Francia)<\/li>\n<\/ul>\n\n\n\n<h2 class=\"wp-block-heading\">Corea del Sur<\/h2>\n\n\n\n<ul class=\"wp-block-list\">\n<li>Se llev\u00f3 a cabo un estudio de investigaci\u00f3n para determinar el \u00e9xito de las ferias de comida coreana.<\/li>\n\n\n\n<li>Estudio de oportunidades de mercado realizado en Corea.<\/li>\n\n\n\n<li>Participantes reclutados para entrevistas a domicilio en Se\u00fal, Corea del Sur<\/li>\n<\/ul>\n\n\n\n<h2 class=\"wp-block-heading\">Otros pa\u00edses de Asia Pac\u00edfico<\/h2>\n\n\n\n<ul class=\"wp-block-list\">\n<li>Se realiz\u00f3 un estudio de entrevista cara a cara en Tokio, incluida una prueba de producto.<\/li>\n\n\n\n<li>Estudio de entrevista en profundidad realizado en Bangkok<\/li>\n\n\n\n<li><a href=\"https:\/\/www.sisinternational.com\/es\/grupos_enfoque_en_asia\/\" title=\"Grupos focales en Asia\"  data-wpil-monitor-id=\"2464\">Focus group study in Asia<\/a> regarding brand research<\/li>\n\n\n\n<li>Entrevistas con distribuidores de equipos agr\u00edcolas en Vietnam<\/li>\n\n\n\n<li>Estudio de investigaci\u00f3n de mercado realizado sobre el mercado de distribuci\u00f3n en Jap\u00f3n.<\/li>\n\n\n\n<li>Realiz\u00f3 un grupo focal en Yakarta, Indonesia.<\/li>\n\n\n\n<li>Se realiz\u00f3 un estudio de investigaci\u00f3n sobre la industria del t\u00e9 Honey Citron en Singapur.<\/li>\n<\/ul>\n\n\n\n<h2 class=\"wp-block-heading\">Global<\/h2>\n\n\n\n<ul class=\"wp-block-list\">\n<li>Realic\u00e9 un estudio de inteligencia competitiva para una cadena de comida r\u00e1pida en M\u00e9xico<\/li>\n\n\n\n<li><a href=\"https:\/\/www.sisinternational.com\/es\/pericia\/industrias\/estudio-de-mercado-de-snacks\/\" title=\"Investigaci\u00f3n de mercado de snacks\"  data-wpil-monitor-id=\"6442\">Snack food desk research<\/a> estudiar<\/li>\n\n\n\n<li>Se llev\u00f3 a cabo un estudio cualitativo que prob\u00f3 nuevos conceptos de men\u00fa para comida r\u00e1pida en tres mercados diferentes.<\/li>\n\n\n\n<li>Realic\u00e9 grupos focales en m\u00e1s de 14 pa\u00edses para determinar una campa\u00f1a publicitaria global.<\/li>\n\n\n\n<li>Se realizaron dos grupos focales para probar una serie de s\u00e1ndwiches de desayuno.<\/li>\n\n\n\n<li>Realizaci\u00f3n de un grupo focal para consumidores de batidos en Los \u00c1ngeles y Nueva York.<\/li>\n\n\n\n<li>Realic\u00e9 varios estudios de selecci\u00f3n de sitio para una cadena de comida r\u00e1pida en M\u00e9xico.<\/li>\n\n\n\n<li>Se realizaron interceptaciones de consumidores en ubicaciones de Burger King para determinar su nivel de satisfacci\u00f3n con el servicio en ubicaciones espec\u00edficas en Indiana.<\/li>\n\n\n\n<li>Conducted a global menu change study in over 14 countries covering Western, Central, and Eastern Europe, Asia and Latin America<\/li>\n\n\n\n<li>Conducted a market feasibility study for site locations in select countries in <a href=\"https:\/\/www.sisinternational.com\/es\/investigacion-de-mercado-en-el-medio-oriente\/\" title=\"Investigaci\u00f3n de mercado en Medio Oriente\"  data-wpil-monitor-id=\"2944\">Asia and in the Middle East<\/a><\/li>\n\n\n\n<li>Conducted a site location study in Greece, Jakarta, Indonesia, and Manila, Philippines for the potential for fast food outlets<\/li>\n\n\n\n<li>Realic\u00e9 grupos focales con ni\u00f1os para determinar art\u00edculos promocionales para una cadena de comida r\u00e1pida.<\/li>\n\n\n\n<li>Realiz\u00f3 un estudio sobre el gasto en tecnolog\u00edas de la informaci\u00f3n en la industria de alimentos y comida r\u00e1pida.<\/li>\n\n\n\n<li>Realizaci\u00f3n de grupos focales en Medio Oriente para determinar el cambio de men\u00fa para una empresa de comida r\u00e1pida.<\/li>\n\n\n\n<li>Se llev\u00f3 a cabo un proyecto de investigaci\u00f3n sobre patatas fritas y se centr\u00f3 en el posicionamiento y las l\u00edneas de marca.<\/li>\n\n\n\n<li>Realiz\u00f3 un estudio de investigaci\u00f3n sobre el queso dan\u00e9s.<\/li>\n<\/ul>","protected":false},"excerpt":{"rendered":"<p>Se realiz\u00f3 un estudio de investigaci\u00f3n sobre la industria del t\u00e9 de miel y lim\u00f3n en<br \/>\nSingapur<\/p>","protected":false},"author":1,"featured_media":63207,"parent":15106,"menu_order":1,"comment_status":"open","ping_status":"open","template":"","meta":{"footnotes":""},"class_list":["post-15125","page","type-page","status-publish","has-post-thumbnail"],"_links":{"self":[{"href":"https:\/\/www.sisinternational.com\/es\/wp-json\/wp\/v2\/pages\/15125","targetHints":{"allow":["GET"]}}],"collection":[{"href":"https:\/\/www.sisinternational.com\/es\/wp-json\/wp\/v2\/pages"}],"about":[{"href":"https:\/\/www.sisinternational.com\/es\/wp-json\/wp\/v2\/types\/page"}],"author":[{"embeddable":true,"href":"https:\/\/www.sisinternational.com\/es\/wp-json\/wp\/v2\/users\/1"}],"replies":[{"embeddable":true,"href":"https:\/\/www.sisinternational.com\/es\/wp-json\/wp\/v2\/comments?post=15125"}],"version-history":[{"count":6,"href":"https:\/\/www.sisinternational.com\/es\/wp-json\/wp\/v2\/pages\/15125\/revisions"}],"predecessor-version":[{"id":80025,"href":"https:\/\/www.sisinternational.com\/es\/wp-json\/wp\/v2\/pages\/15125\/revisions\/80025"}],"up":[{"embeddable":true,"href":"https:\/\/www.sisinternational.com\/es\/wp-json\/wp\/v2\/pages\/15106"}],"wp:featuredmedia":[{"embeddable":true,"href":"https:\/\/www.sisinternational.com\/es\/wp-json\/wp\/v2\/media\/63207"}],"wp:attachment":[{"href":"https:\/\/www.sisinternational.com\/es\/wp-json\/wp\/v2\/media?parent=15125"}],"curies":[{"name":"wp","href":"https:\/\/api.w.org\/{rel}","templated":true}]}}