{"id":15112,"date":"2015-04-01T01:39:17","date_gmt":"2015-04-01T01:39:17","guid":{"rendered":"https:\/\/www.sisinternational.com\/?page_id=15112"},"modified":"2026-01-26T17:44:51","modified_gmt":"2026-01-26T22:44:51","slug":"investigacion-de-marca","status":"publish","type":"page","link":"https:\/\/www.sisinternational.com\/es\/pericia\/curriculums-de-experiencia\/investigacion-de-marca\/","title":{"rendered":"Empresa de investigaci\u00f3n de marca"},"content":{"rendered":"<h1 class=\"wp-block-heading\">Empresa de investigaci\u00f3n de marca<\/h1>\n\n\n\n<figure class=\"gb-block-image gb-block-image-2e51f189\"><img loading=\"lazy\" decoding=\"async\" width=\"1456\" height=\"816\" class=\"gb-image gb-image-2e51f189\" src=\"https:\/\/www.sisinternational.com\/wp-content\/uploads\/2025\/08\/Marketing-7.jpg\" alt=\"Investigaci\u00f3n y estrategia de mercado internacional de SIS\" title=\"Marketing (7)\" srcset=\"https:\/\/www.sisinternational.com\/wp-content\/uploads\/2025\/08\/Marketing-7.jpg 1456w, https:\/\/www.sisinternational.com\/wp-content\/uploads\/2025\/08\/Marketing-7-300x168.jpg 300w, https:\/\/www.sisinternational.com\/wp-content\/uploads\/2025\/08\/Marketing-7-1024x574.jpg 1024w, https:\/\/www.sisinternational.com\/wp-content\/uploads\/2025\/08\/Marketing-7-768x430.jpg 768w, https:\/\/www.sisinternational.com\/wp-content\/uploads\/2025\/08\/Marketing-7-18x10.jpg 18w\" sizes=\"auto, (max-width: 1456px) 100vw, 1456px\"><\/figure>\n\n\n\n<p><\/p>\n\n\n\n<h2 class=\"wp-block-heading\">SIS is a leading Brand Research company.&nbsp; Explore our experience.<\/h2>\n\n\n\n<h2 class=\"wp-block-heading\">Imagen de marca<\/h2>\n\n\n\n<ul class=\"wp-block-list\">\n<li>Brand image study for a major airline conducted via CATI in US and the UK. Respondents&nbsp;were international leisure and business travelers.<\/li>\n\n\n\n<li>Conducted mall intercepts in US on consumers attitudes toward retail clothing store brand&nbsp;names.<\/li>\n\n\n\n<li>Realizaci\u00f3n de focus groups para art\u00edculos de marca.<\/li>\n\n\n\n<li>Quantitative Brand Image Study for US and Europe for Industrial Cleaning products by end&nbsp;use Market Segments.<\/li>\n\n\n\n<li>Encuesta cuantitativa sobre la imagen de marca de fabricantes de vidrio en EE. UU.<\/li>\n\n\n\n<li>Encuesta Cuantitativa de Imagen de Marca para un Fabricante de Vidrio.<\/li>\n\n\n\n<li>Realic\u00e9 un estudio de intercepci\u00f3n sobre la imagen de marca para empresas de alimentos.<\/li>\n\n\n\n<li>Realizaci\u00f3n de estudio de imagen y eficacia de marca de una empresa de muebles.<\/li>\n<\/ul>\n\n\n\n<h2 class=\"wp-block-heading\">Valor de marca<\/h2>\n\n\n\n<ul class=\"wp-block-list\">\n<li>Estudio de Branding Global para empresas de confiter\u00eda para una empresa de publicidad asi\u00e1tica.<\/li>\n\n\n\n<li>Se complet\u00f3 un estudio de seguimiento del conocimiento de la marca para un fabricante global de una herramienta el\u00e9ctrica multiprop\u00f3sito en Australia, Chile y Argentina. Realizamos una oleada previa y posterior de entrevistas telef\u00f3nicas para discutir estas campa\u00f1as medi\u00e1ticas.<\/li>\n\n\n\n<li>Realic\u00e9 un estudio de valor y conocimiento de marca en el mercado de muebles de Am\u00e9rica del Norte.<\/li>\n\n\n\n<li>Conducted a brand equity and brand research <a href=\"https:\/\/www.sisinternational.com\/es\/investigacion-a-gran-escala-para-pequenas-empresas\/\" title=\"Investigaci\u00f3n a gran escala para peque\u00f1as empresas\"  data-wpil-monitor-id=\"2337\">strategy study for a major aerospace company<\/a> in the North American market. In 2009, we conducted a comprehensive, multiphase global brand equity study for a major global aircraft engine manufacturer. We followed this with one-on-one interviews with key industry executives regarding current and anticipated industry issues. We surveyed airlines, appraisers, bankers, lessors, cargo companies and MROs including everyone from procurement and finance people to fleet managers and company executives. Our client used this <a href=\"https:\/\/www.sisinternational.com\/es\/pericia\/industrias\/investigacion-de-mercado-de-salsas-para-mojar\/\" title=\"Investigaci\u00f3n de mercado de salsa para mojar\"  data-wpil-monitor-id=\"5757\">research to refine their marketing<\/a> strategies and to inform next generation aircraft engine initiatives.<\/li>\n\n\n\n<li>Conducted <a href=\"https:\/\/www.sisinternational.com\/es\/monitor-de-marca-de-neumaticos-ee-uu-alemania-brasil\/\" title=\"Investigaci\u00f3n de marcas de neum\u00e1ticos en EE. UU., Alemania y Brasil\"  data-wpil-monitor-id=\"6595\">research of brand<\/a> loyalty, for an online quantitative questionnaire.<\/li>\n<\/ul>\n\n\n\n<h2 class=\"wp-block-heading\">Identidad de la marca<\/h2>\n\n\n\n<ul class=\"wp-block-list\">\n<li>Se realizaron interceptaciones en centros comerciales de EE. UU. sobre las actitudes de los consumidores hacia las marcas de tiendas minoristas de ropa.<\/li>\n\n\n\n<li>Realizaci\u00f3n de focus groups para art\u00edculos de marca.<\/li>\n\n\n\n<li>Realic\u00e9 un estudio para ayudar a determinar la marca y los nombres de las funciones de un nuevo sistema operativo en Jap\u00f3n y Alemania con usuarios de PC.<\/li>\n\n\n\n<li>Realic\u00e9 IDI con periodistas y analistas sobre su identidad\/conocimiento de marca para paneles solares.<\/li>\n<\/ul>\n\n\n\n<h2 class=\"wp-block-heading\">Estrategia de marca<\/h2>\n\n\n\n<ul class=\"wp-block-list\">\n<li>Realizaci\u00f3n de un estudio de soluci\u00f3n de marca europea con radi\u00f3logos.<\/li>\n\n\n\n<li>Investigaci\u00f3n cualitativa entre m\u00e9dicos y madres reaccionando al concepto de tener toda una l\u00ednea de productos nutricionales bajo una \u00fanica marca global y su posicionamiento.<\/li>\n\n\n\n<li>T\u00e9cnicas exitosas de gesti\u00f3n de marca en la industria minorista de EE. UU.<\/li>\n\n\n\n<li>Reposicion\u00e9 la estrategia de marca de un cliente de fabricaci\u00f3n de ventanas para apuntar a contratistas profesionales.<\/li>\n\n\n\n<li>Realic\u00e9 IDIS para evaluar los slogans de marca corporativa de un importante fabricante de celulares<\/li>\n<\/ul>\n\n\n\n<p><\/p>\n\n\n\n<p><\/p>","protected":false},"excerpt":{"rendered":"<p>SIS aprovech\u00f3 una variedad de m\u00e9tricas clave, incluida la personalidad de la marca, la lealtad a la marca, la vitalidad de la marca, la diferenciaci\u00f3n de la marca y otras m\u00e9tricas clave.<\/p>","protected":false},"author":1,"featured_media":62843,"parent":15106,"menu_order":0,"comment_status":"closed","ping_status":"open","template":"","meta":{"footnotes":""},"class_list":["post-15112","page","type-page","status-publish","has-post-thumbnail"],"_links":{"self":[{"href":"https:\/\/www.sisinternational.com\/es\/wp-json\/wp\/v2\/pages\/15112","targetHints":{"allow":["GET"]}}],"collection":[{"href":"https:\/\/www.sisinternational.com\/es\/wp-json\/wp\/v2\/pages"}],"about":[{"href":"https:\/\/www.sisinternational.com\/es\/wp-json\/wp\/v2\/types\/page"}],"author":[{"embeddable":true,"href":"https:\/\/www.sisinternational.com\/es\/wp-json\/wp\/v2\/users\/1"}],"replies":[{"embeddable":true,"href":"https:\/\/www.sisinternational.com\/es\/wp-json\/wp\/v2\/comments?post=15112"}],"version-history":[{"count":8,"href":"https:\/\/www.sisinternational.com\/es\/wp-json\/wp\/v2\/pages\/15112\/revisions"}],"predecessor-version":[{"id":80174,"href":"https:\/\/www.sisinternational.com\/es\/wp-json\/wp\/v2\/pages\/15112\/revisions\/80174"}],"up":[{"embeddable":true,"href":"https:\/\/www.sisinternational.com\/es\/wp-json\/wp\/v2\/pages\/15106"}],"wp:featuredmedia":[{"embeddable":true,"href":"https:\/\/www.sisinternational.com\/es\/wp-json\/wp\/v2\/media\/62843"}],"wp:attachment":[{"href":"https:\/\/www.sisinternational.com\/es\/wp-json\/wp\/v2\/media?parent=15112"}],"curies":[{"name":"wp","href":"https:\/\/api.w.org\/{rel}","templated":true}]}}