{"id":15100,"date":"2015-03-31T13:59:22","date_gmt":"2015-03-31T13:59:22","guid":{"rendered":"https:\/\/www.sisinternational.com\/?page_id=15100"},"modified":"2026-01-24T21:08:40","modified_gmt":"2026-01-25T02:08:40","slug":"investigacion-de-mercado-de-cuidado-de-mascotas","status":"publish","type":"page","link":"https:\/\/www.sisinternational.com\/es\/pericia\/investigacion-de-mercado-de-cuidado-de-mascotas\/","title":{"rendered":"Investigaci\u00f3n de mercado de cuidado de mascotas"},"content":{"rendered":"<h1 class=\"wp-block-heading\">Pet Care&nbsp;Market Research<\/h1>\n\n\n\n<figure class=\"gb-block-image gb-block-image-2578a930\"><img loading=\"lazy\" decoding=\"async\" width=\"1456\" height=\"816\" class=\"gb-image gb-image-2578a930\" src=\"https:\/\/www.sisinternational.com\/wp-content\/uploads\/2025\/08\/Pets-dogs-cats-8.jpg\" srcset=\"https:\/\/www.sisinternational.com\/wp-content\/uploads\/2025\/08\/Pets-dogs-cats-8.jpg 1456w, https:\/\/www.sisinternational.com\/wp-content\/uploads\/2025\/08\/Pets-dogs-cats-8-300x168.jpg 300w, https:\/\/www.sisinternational.com\/wp-content\/uploads\/2025\/08\/Pets-dogs-cats-8-1024x574.jpg 1024w, https:\/\/www.sisinternational.com\/wp-content\/uploads\/2025\/08\/Pets-dogs-cats-8-768x430.jpg 768w, https:\/\/www.sisinternational.com\/wp-content\/uploads\/2025\/08\/Pets-dogs-cats-8-18x10.jpg 18w\" sizes=\"auto, (max-width: 1456px) 100vw, 1456px\" alt=\"Investigaci\u00f3n y estrategia de mercado internacional de SIS\"><\/figure>\n\n\n\n<p><\/p>\n\n\n\n<p><\/p>\n\n\n\n<h2 class=\"wp-block-heading p1\">La gente gasta una cantidad cada vez mayor de ingresos discrecionales en sus mascotas.<\/h2>\n\n\n\n<p class=\"p1\">La industria del cuidado de mascotas est\u00e1 en auge, pero es un mercado extremadamente competitivo, saturado de nuevas entradas que ahora deben competir cara a cara con las grandes tiendas y los crecientes competidores del comercio electr\u00f3nico que han ingresado al mercado.<\/p>\n\n\n\n<p class=\"p1\">Las empresas orientadas a las mascotas est\u00e1n empleando m\u00e9todos cada vez m\u00e1s sofisticados para obtener una ventaja sobre la competencia, incluyendo redes sociales, aplicaciones, estrategias de ventas espec\u00edficas, nuevos ingredientes, tecnolog\u00edas m\u00f3viles y m\u00e1s.<\/p>\n\n\n\n<p class=\"p1\">A medida que la poblaci\u00f3n mundial envejece y los hogares de un solo miembro aumentan, las personas recurren a los animales en busca de compa\u00f1\u00eda y por los beneficios comprobados para la salud que brindan las mascotas (alivio del estr\u00e9s, reducci\u00f3n de la presi\u00f3n arterial). Cada vez m\u00e1s personas en todo el mundo compran mascotas (perros, gatos, peces, p\u00e1jaros, ara\u00f1as, serpientes, caballos). Evidentemente, no nos cansamos de nuestros amigos peludos y emplumados.<\/p>\n\n\n\n<p class=\"p1\">Las v\u00edas de ganancias potenciales son numerosas dentro de la industria del cuidado de mascotas, que incluyen: aseo personal, entrenamiento de obediencia, perreras, productos premium, nutrici\u00f3n, atenci\u00f3n veterinaria, monitoreo digital, atenci\u00f3n m\u00e9dica para mascotas, productos farmac\u00e9uticos, ropa para mascotas, control de peso, guarder\u00edas y seguros para mascotas. .<\/p>\n\n\n\n<h2 class=\"wp-block-heading\">Acerca de la investigaci\u00f3n de mercado de cuidado de mascotas<\/h2>\n\n\n\n<p class=\"p1\">SIS Internacional <a href=\"https:\/\/www.sisinternational.com\/es\/pericia\/industrias\/investigacion-de-mercado-sobre-el-cuidado-de-heridas\/\" title=\"Investigaci\u00f3n de mercado sobre el cuidado de heridas\"  data-wpil-monitor-id=\"3171\">Research monitors near-term and long-range pet care<\/a> market trends, assisting pet care-related businesses in formulating effective marketing strategies. Our focus groups, quantitative and qualitative studies, online surveys, intercepts, and <a href=\"https:\/\/www.sisinternational.com\/es\/global-beverage-market\/\" title=\"Global Beverage Market: Market Dynamics, Growth Projections &amp; Consumer Insights\"  data-wpil-monitor-id=\"10773\">global market<\/a> analysis efforts provide invaluable data and insight into the evolving pet care market, and into the minds of your customers. Additionally, our <a href=\"https:\/\/www.sisinternational.com\/es\/estrategia-de-marketing-integrada-para-una-innovadora-plataforma-de-comercio-en-linea\/\" title=\"Campa\u00f1a de marketing para una innovadora plataforma de comercio en l\u00ednea\"  data-wpil-monitor-id=\"8224\">market intelligence campaigns<\/a> reveal information that can offer our clients a decided competitive edge. Let <a href=\"https:\/\/www.sisinternational.com\/es\/soluciones\/soluciones-de-branding-e-investigacion-de-clientes\/investigacion-de-mercado-de-pruebas-de-productos\/prueba-de-sabor-de-alimentos-de-sis-international\/\" title=\"\u00bfQu\u00e9 hace que SIS International Research sea la principal empresa de investigaci\u00f3n de mercados para pruebas de sabor de alimentos en la ciudad de Nueva York?\"  data-wpil-monitor-id=\"10772\">SIS meet and exceed your marketing research<\/a> needs. We\u2019ll make you our pet project.<\/p>\n\n\n\n<p><\/p>","protected":false},"excerpt":{"rendered":"<p>Pet Care Market Research ayuda a las empresas a crecer con m\u00e9todos como redes sociales, aplicaciones, estrategias de ventas, nuevos ingredientes y tecnolog\u00eda m\u00f3vil.<\/p>","protected":false},"author":1,"featured_media":63857,"parent":14514,"menu_order":13,"comment_status":"open","ping_status":"open","template":"","meta":{"footnotes":""},"class_list":["post-15100","page","type-page","status-publish","has-post-thumbnail"],"_links":{"self":[{"href":"https:\/\/www.sisinternational.com\/es\/wp-json\/wp\/v2\/pages\/15100","targetHints":{"allow":["GET"]}}],"collection":[{"href":"https:\/\/www.sisinternational.com\/es\/wp-json\/wp\/v2\/pages"}],"about":[{"href":"https:\/\/www.sisinternational.com\/es\/wp-json\/wp\/v2\/types\/page"}],"author":[{"embeddable":true,"href":"https:\/\/www.sisinternational.com\/es\/wp-json\/wp\/v2\/users\/1"}],"replies":[{"embeddable":true,"href":"https:\/\/www.sisinternational.com\/es\/wp-json\/wp\/v2\/comments?post=15100"}],"version-history":[{"count":8,"href":"https:\/\/www.sisinternational.com\/es\/wp-json\/wp\/v2\/pages\/15100\/revisions"}],"predecessor-version":[{"id":81766,"href":"https:\/\/www.sisinternational.com\/es\/wp-json\/wp\/v2\/pages\/15100\/revisions\/81766"}],"up":[{"embeddable":true,"href":"https:\/\/www.sisinternational.com\/es\/wp-json\/wp\/v2\/pages\/14514"}],"wp:featuredmedia":[{"embeddable":true,"href":"https:\/\/www.sisinternational.com\/es\/wp-json\/wp\/v2\/media\/63857"}],"wp:attachment":[{"href":"https:\/\/www.sisinternational.com\/es\/wp-json\/wp\/v2\/media?parent=15100"}],"curies":[{"name":"wp","href":"https:\/\/api.w.org\/{rel}","templated":true}]}}