{"id":14650,"date":"2015-03-15T06:46:09","date_gmt":"2015-03-15T06:46:09","guid":{"rendered":"https:\/\/www.sisinternational.com\/?page_id=14650"},"modified":"2025-09-12T19:20:46","modified_gmt":"2025-09-12T23:20:46","slug":"soluciones-de-branding-e-investigacion-de-clientes","status":"publish","type":"page","link":"https:\/\/www.sisinternational.com\/es\/soluciones\/soluciones-de-branding-e-investigacion-de-clientes\/","title":{"rendered":"Soluciones de marca e investigaci\u00f3n de clientes"},"content":{"rendered":"<h1 class=\"wp-block-heading\">Soluciones de marca e investigaci\u00f3n de clientes<\/h1>\n\n\n\n<figure class=\"gb-block-image gb-block-image-eba6e7ca\"><img loading=\"lazy\" decoding=\"async\" width=\"1456\" height=\"816\" class=\"gb-image gb-image-eba6e7ca\" src=\"https:\/\/www.sisinternational.com\/wp-content\/uploads\/2025\/08\/Desk-research-5.jpg\" alt=\"Investigaci\u00f3n y estrategia de mercado internacional de SIS\" title=\"Desk research (5)\" srcset=\"https:\/\/www.sisinternational.com\/wp-content\/uploads\/2025\/08\/Desk-research-5.jpg 1456w, https:\/\/www.sisinternational.com\/wp-content\/uploads\/2025\/08\/Desk-research-5-300x168.jpg 300w, https:\/\/www.sisinternational.com\/wp-content\/uploads\/2025\/08\/Desk-research-5-1024x574.jpg 1024w, https:\/\/www.sisinternational.com\/wp-content\/uploads\/2025\/08\/Desk-research-5-768x430.jpg 768w, https:\/\/www.sisinternational.com\/wp-content\/uploads\/2025\/08\/Desk-research-5-18x10.jpg 18w\" sizes=\"auto, (max-width: 1456px) 100vw, 1456px\"><\/figure>\n\n\n\n<p><\/p>\n\n\n\n<hr class=\"wp-block-separator has-alpha-channel-opacity is-style-dots\"\/>\n\n\n\n<p class=\"p1\">\n<!-- Page-list plugin v.5.9 wordpress.org\/plugins\/page-list\/ -->\n<div class=\"page-list page-list-ext page-list-cols-2\">\n<div class=\"page-list-ext-item\"><div class=\"page-list-ext-image\"><a href=\"https:\/\/www.sisinternational.com\/es\/soluciones\/soluciones-de-branding-e-investigacion-de-clientes\/investigacion-de-clientes-de-marca\/\" title=\"Investigaci\u00f3n de marca e clientes\"><img decoding=\"async\" src=\"https:\/\/www.sisinternational.com\/wp-content\/uploads\/2025\/08\/Customer-shopping-2-150x150.jpg\" width=\"150\" alt=\"Investigaci\u00f3n de marca e clientes\" \/><\/a><\/div> <h3 class=\"page-list-ext-title\"><a href=\"https:\/\/www.sisinternational.com\/es\/soluciones\/soluciones-de-branding-e-investigacion-de-clientes\/investigacion-de-clientes-de-marca\/\" title=\"Investigaci\u00f3n de marca e clientes\">Investigaci\u00f3n de marca e clientes<\/a><\/h3><div class=\"page-list-ext-item-content\">La investigaci\u00f3n de marca y clientes descubre nuevos conocimientos que pueden impulsar el compromiso y las ganancias.<\/div><\/div>\n<div class=\"page-list-ext-item\"><h3 class=\"page-list-ext-title\"><a href=\"https:\/\/www.sisinternational.com\/es\/soluciones\/soluciones-de-branding-e-investigacion-de-clientes\/gestion-del-ciclo-de-vida\/\" title=\"Investigaci\u00f3n de mercado del ciclo de vida\">Investigaci\u00f3n de mercado del ciclo de vida<\/a><\/h3><div class=\"page-list-ext-item-content\">La gesti\u00f3n del ciclo de vida implica la gesti\u00f3n de elementos de un producto o cliente a trav\u00e9s de varias etapas de desarrollo.<\/div><\/div>\n<div class=\"page-list-ext-item\"><div class=\"page-list-ext-image\"><a href=\"https:\/\/www.sisinternational.com\/es\/soluciones\/soluciones-de-branding-e-investigacion-de-clientes\/mapeo-del-recorrido-del-cliente\/\" title=\"Mapeo del recorrido del cliente\"><img decoding=\"async\" src=\"https:\/\/www.sisinternational.com\/wp-content\/uploads\/2025\/08\/Retail-5-150x150.jpg\" width=\"150\" alt=\"Mapeo del recorrido del cliente\" \/><\/a><\/div> <h3 class=\"page-list-ext-title\"><a href=\"https:\/\/www.sisinternational.com\/es\/soluciones\/soluciones-de-branding-e-investigacion-de-clientes\/mapeo-del-recorrido-del-cliente\/\" title=\"Mapeo del recorrido del cliente\">Mapeo del recorrido del cliente<\/a><\/h3><div class=\"page-list-ext-item-content\">Journey Mapping identifica oportunidades de crecimiento, satisfacci\u00f3n y lealtad del cliente. Obtenga m\u00e1s informaci\u00f3n sobre el mapeo del recorrido del cliente.<\/div><\/div>\n<div class=\"page-list-ext-item\"><div class=\"page-list-ext-image\"><a href=\"https:\/\/www.sisinternational.com\/es\/soluciones\/soluciones-de-branding-e-investigacion-de-clientes\/investigacion-de-mercado-minorista\/\" title=\"Investigaci\u00f3n de mercado minorista | Investigaci\u00f3n de mercado en la tienda\"><img decoding=\"async\" src=\"https:\/\/www.sisinternational.com\/wp-content\/uploads\/2025\/08\/Retail-22-150x150.jpg\" width=\"150\" alt=\"Investigaci\u00f3n de mercado minorista | Investigaci\u00f3n de mercado en la tienda\" \/><\/a><\/div> <h3 class=\"page-list-ext-title\"><a href=\"https:\/\/www.sisinternational.com\/es\/soluciones\/soluciones-de-branding-e-investigacion-de-clientes\/investigacion-de-mercado-minorista\/\" title=\"Investigaci\u00f3n de mercado minorista | Investigaci\u00f3n de mercado en la tienda\">Investigaci\u00f3n de mercado minorista | Investigaci\u00f3n de mercado en la tienda<\/a><\/h3><div class=\"page-list-ext-item-content\">Realizamos auditor\u00edas de tiendas, interceptaciones de tiendas, acompa\u00f1amientos de tiendas y entrevistas etnogr\u00e1ficas.<\/div><\/div>\n<div class=\"page-list-ext-item\"><div class=\"page-list-ext-image\"><a href=\"https:\/\/www.sisinternational.com\/es\/soluciones\/soluciones-de-branding-e-investigacion-de-clientes\/comprar-a-lo-largo-de-la-investigacion\/\" title=\"Investigaci\u00f3n de mercado de compras\"><img decoding=\"async\" src=\"https:\/\/www.sisinternational.com\/wp-content\/uploads\/2025\/08\/Supermarket-5-150x150.jpg\" width=\"150\" alt=\"Investigaci\u00f3n de mercado de compras\" \/><\/a><\/div> <h3 class=\"page-list-ext-title\"><a href=\"https:\/\/www.sisinternational.com\/es\/soluciones\/soluciones-de-branding-e-investigacion-de-clientes\/comprar-a-lo-largo-de-la-investigacion\/\" title=\"Investigaci\u00f3n de mercado de compras\">Investigaci\u00f3n de mercado de compras<\/a><\/h3><div class=\"page-list-ext-item-content\">Shop-Along Market Research examina el comportamiento de compra real en lugar del comportamiento que se recuerda y se informa despu\u00e9s del evento.<\/div><\/div>\n<div class=\"page-list-ext-item\"><div class=\"page-list-ext-image\"><a href=\"https:\/\/www.sisinternational.com\/es\/soluciones\/soluciones-de-branding-e-investigacion-de-clientes\/investigacion-de-diseno-de-tienda\/\" title=\"Investigaci\u00f3n de dise\u00f1o de tienda\"><img decoding=\"async\" src=\"https:\/\/www.sisinternational.com\/wp-content\/uploads\/2025\/08\/Retail-26-150x150.jpg\" width=\"150\" alt=\"Investigaci\u00f3n de dise\u00f1o de tienda\" \/><\/a><\/div> <h3 class=\"page-list-ext-title\"><a href=\"https:\/\/www.sisinternational.com\/es\/soluciones\/soluciones-de-branding-e-investigacion-de-clientes\/investigacion-de-diseno-de-tienda\/\" title=\"Investigaci\u00f3n de dise\u00f1o de tienda\">Investigaci\u00f3n de dise\u00f1o de tienda<\/a><\/h3><div class=\"page-list-ext-item-content\">Descubra c\u00f3mo Store Layout Mapping puede maximizar las ganancias y la satisfacci\u00f3n del cliente.<\/div><\/div>\n<div class=\"page-list-ext-item\"><div class=\"page-list-ext-image\"><a href=\"https:\/\/www.sisinternational.com\/es\/soluciones\/soluciones-de-branding-e-investigacion-de-clientes\/investigacion-de-mercado-de-marca\/\" title=\"Investigaci\u00f3n de mercado de marca\"><img decoding=\"async\" src=\"https:\/\/www.sisinternational.com\/wp-content\/uploads\/2025\/08\/Retail-26-150x150.jpg\" width=\"150\" alt=\"Investigaci\u00f3n de mercado de marca\" \/><\/a><\/div> <h3 class=\"page-list-ext-title\"><a href=\"https:\/\/www.sisinternational.com\/es\/soluciones\/soluciones-de-branding-e-investigacion-de-clientes\/investigacion-de-mercado-de-marca\/\" title=\"Investigaci\u00f3n de mercado de marca\">Investigaci\u00f3n de mercado de marca<\/a><\/h3><div class=\"page-list-ext-item-content\">Los productos se desarrollan y evolucionan, pero una marca sigue viva. Descubra c\u00f3mo construir su marca con Investigaci\u00f3n y Estrategia. <\/div><\/div>\n<div class=\"page-list-ext-item\"><div class=\"page-list-ext-image\"><a href=\"https:\/\/www.sisinternational.com\/es\/soluciones\/soluciones-de-branding-e-investigacion-de-clientes\/investigacion-de-video-etnografia\/\" title=\"Investigaci\u00f3n en videoetnograf\u00eda\"><img decoding=\"async\" src=\"https:\/\/www.sisinternational.com\/wp-content\/uploads\/2025\/08\/Online-focus-group-11-1-150x150.jpg\" width=\"150\" alt=\"Investigaci\u00f3n en videoetnograf\u00eda\" \/><\/a><\/div> <h3 class=\"page-list-ext-title\"><a href=\"https:\/\/www.sisinternational.com\/es\/soluciones\/soluciones-de-branding-e-investigacion-de-clientes\/investigacion-de-video-etnografia\/\" title=\"Investigaci\u00f3n en videoetnograf\u00eda\">Investigaci\u00f3n en videoetnograf\u00eda<\/a><\/h3><div class=\"page-list-ext-item-content\">SIS realiza videoetnograf\u00eda con consumidores de todo el mundo. Esto le permite recibir entrevistas en video y comentarios en video a domicilio en todo el mundo r\u00e1pidamente. <\/div><\/div>\n<div class=\"page-list-ext-item\"><div class=\"page-list-ext-image\"><a href=\"https:\/\/www.sisinternational.com\/es\/soluciones\/soluciones-de-branding-e-investigacion-de-clientes\/investigacion-de-mercado-de-cambio-de-marca\/\" title=\"Investigaci\u00f3n de mercado de cambio de marca\"><img decoding=\"async\" src=\"https:\/\/www.sisinternational.com\/wp-content\/uploads\/2025\/08\/Marketing-45-4-150x150.jpg\" width=\"150\" alt=\"Investigaci\u00f3n de mercado de cambio de marca\" \/><\/a><\/div> <h3 class=\"page-list-ext-title\"><a href=\"https:\/\/www.sisinternational.com\/es\/soluciones\/soluciones-de-branding-e-investigacion-de-clientes\/investigacion-de-mercado-de-cambio-de-marca\/\" title=\"Investigaci\u00f3n de mercado de cambio de marca\">Investigaci\u00f3n de mercado de cambio de marca<\/a><\/h3><div class=\"page-list-ext-item-content\">Las marcas fuertes superan a las marcas de la competencia. \u00bfQu\u00e9 sucede cuando su marca envejece o queda obsoleta? Aportamos la investigaci\u00f3n para reinventar las marcas. <\/div><\/div>\n<div class=\"page-list-ext-item\"><div class=\"page-list-ext-image\"><a href=\"https:\/\/www.sisinternational.com\/es\/soluciones\/soluciones-de-branding-e-investigacion-de-clientes\/investigacion-de-mercado-de-influencers\/\" title=\"Investigaci\u00f3n de mercado de influencers\"><img decoding=\"async\" src=\"https:\/\/www.sisinternational.com\/wp-content\/uploads\/2025\/08\/Social-media-1-150x150.jpg\" width=\"150\" alt=\"Investigaci\u00f3n de mercado de influencers\" \/><\/a><\/div> <h3 class=\"page-list-ext-title\"><a href=\"https:\/\/www.sisinternational.com\/es\/soluciones\/soluciones-de-branding-e-investigacion-de-clientes\/investigacion-de-mercado-de-influencers\/\" title=\"Investigaci\u00f3n de mercado de influencers\">Investigaci\u00f3n de mercado de influencers<\/a><\/h3><div class=\"page-list-ext-item-content\">Los influencers son l\u00edderes sociales que crean grandes comunidades y seguidores. Obtenga m\u00e1s informaci\u00f3n sobre c\u00f3mo lo conectamos con Influencers en todo el mundo.<\/div><\/div>\n<div class=\"page-list-ext-item\"><div class=\"page-list-ext-image\"><a href=\"https:\/\/www.sisinternational.com\/es\/soluciones\/soluciones-de-branding-e-investigacion-de-clientes\/investigacion-de-mercado-omnicanal\/\" title=\"Investigaci\u00f3n de mercado omnicanal\"><img decoding=\"async\" src=\"https:\/\/www.sisinternational.com\/wp-content\/uploads\/2025\/08\/Smarrtphone-5g-11-150x150.jpg\" width=\"150\" alt=\"Investigaci\u00f3n de mercado omnicanal\" \/><\/a><\/div> <h3 class=\"page-list-ext-title\"><a href=\"https:\/\/www.sisinternational.com\/es\/soluciones\/soluciones-de-branding-e-investigacion-de-clientes\/investigacion-de-mercado-omnicanal\/\" title=\"Investigaci\u00f3n de mercado omnicanal\">Investigaci\u00f3n de mercado omnicanal<\/a><\/h3><div class=\"page-list-ext-item-content\">La optimizaci\u00f3n de m\u00faltiples puntos de contacto con el cliente brinda nuevas oportunidades para la participaci\u00f3n del cliente y la rentabilidad.<\/div><\/div>\n<div class=\"page-list-ext-item\"><div class=\"page-list-ext-image\"><a href=\"https:\/\/www.sisinternational.com\/es\/soluciones\/soluciones-de-branding-e-investigacion-de-clientes\/investigacion-de-mercado-de-descubrimiento-de-clientes\/\" title=\"Investigaci\u00f3n de mercado de descubrimiento de clientes\"><img decoding=\"async\" src=\"https:\/\/www.sisinternational.com\/wp-content\/uploads\/2025\/08\/Customer-shopping-1-150x150.jpg\" width=\"150\" alt=\"Investigaci\u00f3n de mercado de descubrimiento de clientes\" \/><\/a><\/div> <h3 class=\"page-list-ext-title\"><a href=\"https:\/\/www.sisinternational.com\/es\/soluciones\/soluciones-de-branding-e-investigacion-de-clientes\/investigacion-de-mercado-de-descubrimiento-de-clientes\/\" title=\"Investigaci\u00f3n de mercado de descubrimiento de clientes\">Investigaci\u00f3n de mercado de descubrimiento de clientes<\/a><\/h3><div class=\"page-list-ext-item-content\">Proporcionamos investigaci\u00f3n de mercado de descubrimiento de clientes para ayudarlo a encontrar nuevos clientes e impulsar las ventas.<\/div><\/div>\n<div class=\"page-list-ext-item\"><div class=\"page-list-ext-image\"><a href=\"https:\/\/www.sisinternational.com\/es\/soluciones\/soluciones-de-branding-e-investigacion-de-clientes\/narracion-de-historias-investigacion-de-mercado\/\" title=\"Investigaci\u00f3n de mercado de narraci\u00f3n de historias\"><img decoding=\"async\" src=\"https:\/\/www.sisinternational.com\/wp-content\/uploads\/2025\/08\/Interview-3-150x150.jpg\" width=\"150\" alt=\"Investigaci\u00f3n de mercado de narraci\u00f3n de historias\" \/><\/a><\/div> <h3 class=\"page-list-ext-title\"><a href=\"https:\/\/www.sisinternational.com\/es\/soluciones\/soluciones-de-branding-e-investigacion-de-clientes\/narracion-de-historias-investigacion-de-mercado\/\" title=\"Investigaci\u00f3n de mercado de narraci\u00f3n de historias\">Investigaci\u00f3n de mercado de narraci\u00f3n de historias<\/a><\/h3><div class=\"page-list-ext-item-content\">Descubra c\u00f3mo la investigaci\u00f3n de mercado de Story Telling puede mejorar su rendimiento.<\/div><\/div>\n<div class=\"page-list-ext-item\"><div class=\"page-list-ext-image\"><a href=\"https:\/\/www.sisinternational.com\/es\/soluciones\/soluciones-de-branding-e-investigacion-de-clientes\/investigacion-de-mercado-centrada-en-el-cliente\/\" title=\"Investigaci\u00f3n de mercado centrada en el cliente\"><img decoding=\"async\" src=\"https:\/\/www.sisinternational.com\/wp-content\/uploads\/2025\/08\/Digital-Customer-Experience-2-150x150.jpg\" width=\"150\" alt=\"Investigaci\u00f3n de mercado centrada en el cliente\" \/><\/a><\/div> <h3 class=\"page-list-ext-title\"><a href=\"https:\/\/www.sisinternational.com\/es\/soluciones\/soluciones-de-branding-e-investigacion-de-clientes\/investigacion-de-mercado-centrada-en-el-cliente\/\" title=\"Investigaci\u00f3n de mercado centrada en el cliente\">Investigaci\u00f3n de mercado centrada en el cliente<\/a><\/h3><div class=\"page-list-ext-item-content\">Descubra c\u00f3mo la investigaci\u00f3n de mercado centrada en el cliente puede transformar su empresa.<\/div><\/div>\n<div class=\"page-list-ext-item\"><div class=\"page-list-ext-image\"><a href=\"https:\/\/www.sisinternational.com\/es\/soluciones\/soluciones-de-branding-e-investigacion-de-clientes\/que-es-el-marketing-de-influencers\/\" title=\"\u00bfQu\u00e9 es el marketing de influencers? \u00bfMarketing de medios sociales?\"><img decoding=\"async\" src=\"https:\/\/www.sisinternational.com\/wp-content\/uploads\/2025\/08\/Optimizing-Multi-Channel-Marketing-Strategies-3-150x150.jpg\" width=\"150\" alt=\"\u00bfQu\u00e9 es el marketing de influencers? \u00bfMarketing de medios sociales?\" \/><\/a><\/div> <h3 class=\"page-list-ext-title\"><a href=\"https:\/\/www.sisinternational.com\/es\/soluciones\/soluciones-de-branding-e-investigacion-de-clientes\/que-es-el-marketing-de-influencers\/\" title=\"\u00bfQu\u00e9 es el marketing de influencers? \u00bfMarketing de medios sociales?\">\u00bfQu\u00e9 es el marketing de influencers? \u00bfMarketing de medios sociales?<\/a><\/h3><div class=\"page-list-ext-item-content\">Cont\u00e1ctenos hoy para darle vida a su campa\u00f1a de Influencer Marketing y conectarse con las audiencias que m\u00e1s valoran sus productos.<\/div><\/div>\n<div class=\"page-list-ext-item\"><div class=\"page-list-ext-image\"><a href=\"https:\/\/www.sisinternational.com\/es\/soluciones\/soluciones-de-branding-e-investigacion-de-clientes\/investigacion-de-mercado-de-envases\/\" title=\"Investigaci\u00f3n de mercado de envases\"><img decoding=\"async\" src=\"https:\/\/www.sisinternational.com\/wp-content\/uploads\/2025\/08\/Food-packaging-2-150x150.jpg\" width=\"150\" alt=\"Investigaci\u00f3n de mercado de envases\" \/><\/a><\/div> <h3 class=\"page-list-ext-title\"><a href=\"https:\/\/www.sisinternational.com\/es\/soluciones\/soluciones-de-branding-e-investigacion-de-clientes\/investigacion-de-mercado-de-envases\/\" title=\"Investigaci\u00f3n de mercado de envases\">Investigaci\u00f3n de mercado de envases<\/a><\/h3><div class=\"page-list-ext-item-content\">\nPackaging Market Research \n\n\n\n \n\n\n\n \n\n\n\n \n\n\n\nPackaging is also known as the packing function. Another way to look at it is as the art of placing and protecting products for storage, sale, delivery, and use. In other words, packaging prepares products...<\/div><\/div>\n<div class=\"page-list-ext-item\"><div class=\"page-list-ext-image\"><a href=\"https:\/\/www.sisinternational.com\/es\/soluciones\/soluciones-de-branding-e-investigacion-de-clientes\/investigacion-de-mercado-de-diferenciacion-de-marca\/\" title=\"Investigaci\u00f3n de Mercado de Diferenciaci\u00f3n de Marca\"><img decoding=\"async\" src=\"https:\/\/www.sisinternational.com\/wp-content\/uploads\/2025\/08\/Strategy-consulting-10-150x150.jpg\" width=\"150\" alt=\"Investigaci\u00f3n de Mercado de Diferenciaci\u00f3n de Marca\" \/><\/a><\/div> <h3 class=\"page-list-ext-title\"><a href=\"https:\/\/www.sisinternational.com\/es\/soluciones\/soluciones-de-branding-e-investigacion-de-clientes\/investigacion-de-mercado-de-diferenciacion-de-marca\/\" title=\"Investigaci\u00f3n de Mercado de Diferenciaci\u00f3n de Marca\">Investigaci\u00f3n de Mercado de Diferenciaci\u00f3n de Marca<\/a><\/h3><div class=\"page-list-ext-item-content\">La mejor ventaja que ofrece la investigaci\u00f3n de mercado de diferenciaci\u00f3n de marca es la percepci\u00f3n del precio. Las marcas pueden insensibilizar a sus clientes ante los precios m\u00e1s altos.<\/div><\/div>\n<div class=\"page-list-ext-item\"><div class=\"page-list-ext-image\"><a href=\"https:\/\/www.sisinternational.com\/es\/soluciones\/soluciones-de-branding-e-investigacion-de-clientes\/investigacion-de-mercado-posicionamiento-de-marca\/\" title=\"Investigaci\u00f3n de Mercado de Posicionamiento de Marca\"><img decoding=\"async\" src=\"https:\/\/www.sisinternational.com\/wp-content\/uploads\/2025\/08\/Strategy-consulting-11-150x150.jpg\" width=\"150\" alt=\"Investigaci\u00f3n de Mercado de Posicionamiento de Marca\" \/><\/a><\/div> <h3 class=\"page-list-ext-title\"><a href=\"https:\/\/www.sisinternational.com\/es\/soluciones\/soluciones-de-branding-e-investigacion-de-clientes\/investigacion-de-mercado-posicionamiento-de-marca\/\" title=\"Investigaci\u00f3n de Mercado de Posicionamiento de Marca\">Investigaci\u00f3n de Mercado de Posicionamiento de Marca<\/a><\/h3><div class=\"page-list-ext-item-content\">El posicionamiento de marca se relaciona con el valor \u00fanico que una marca presenta a su cliente. Muestra lo que diferencia a su marca de la competencia.<\/div><\/div>\n<div class=\"page-list-ext-item\"><div class=\"page-list-ext-image\"><a href=\"https:\/\/www.sisinternational.com\/es\/soluciones\/soluciones-de-branding-e-investigacion-de-clientes\/investigacion-de-mercado-de-seguimiento-de-marca\/\" title=\"Investigaci\u00f3n de mercado de seguimiento de marca\"><img decoding=\"async\" src=\"https:\/\/www.sisinternational.com\/wp-content\/uploads\/2025\/08\/Marketing-45-3-150x150.jpg\" width=\"150\" alt=\"Investigaci\u00f3n de mercado de seguimiento de marca\" \/><\/a><\/div> <h3 class=\"page-list-ext-title\"><a href=\"https:\/\/www.sisinternational.com\/es\/soluciones\/soluciones-de-branding-e-investigacion-de-clientes\/investigacion-de-mercado-de-seguimiento-de-marca\/\" title=\"Investigaci\u00f3n de mercado de seguimiento de marca\">Investigaci\u00f3n de mercado de seguimiento de marca<\/a><\/h3><div class=\"page-list-ext-item-content\">La investigaci\u00f3n de mercado de seguimiento de marcas ayuda a las marcas comerciales mediante la realizaci\u00f3n de encuestas, entrevistas y m\u00e9todos de investigaci\u00f3n cualitativos y cuantitativos.<\/div><\/div>\n<div class=\"page-list-ext-item\"><div class=\"page-list-ext-image\"><a href=\"https:\/\/www.sisinternational.com\/es\/soluciones\/soluciones-de-branding-e-investigacion-de-clientes\/investigacion-de-mercado-de-extension-de-marca\/\" title=\"Investigaci\u00f3n de mercado de extensi\u00f3n de marca\"><img decoding=\"async\" src=\"https:\/\/www.sisinternational.com\/wp-content\/uploads\/2025\/09\/Branding-4-150x150.jpg\" width=\"150\" alt=\"Investigaci\u00f3n de mercado de extensi\u00f3n de marca\" \/><\/a><\/div> <h3 class=\"page-list-ext-title\"><a href=\"https:\/\/www.sisinternational.com\/es\/soluciones\/soluciones-de-branding-e-investigacion-de-clientes\/investigacion-de-mercado-de-extension-de-marca\/\" title=\"Investigaci\u00f3n de mercado de extensi\u00f3n de marca\">Investigaci\u00f3n de mercado de extensi\u00f3n de marca<\/a><\/h3><div class=\"page-list-ext-item-content\">Las empresas pueden obtener informaci\u00f3n valiosa sobre c\u00f3mo expandirse a otras regiones mediante la realizaci\u00f3n de una investigaci\u00f3n de mercado integral de extensi\u00f3n de marca.<\/div><\/div>\n<div class=\"page-list-ext-item\"><div class=\"page-list-ext-image\"><a href=\"https:\/\/www.sisinternational.com\/es\/soluciones\/soluciones-de-branding-e-investigacion-de-clientes\/investigacion-de-mercado-de-medicion-de-marca\/\" title=\"Investigaci\u00f3n de mercado de medici\u00f3n de marca\"><img decoding=\"async\" src=\"https:\/\/www.sisinternational.com\/wp-content\/uploads\/2025\/09\/Branding-2-150x150.jpg\" width=\"150\" alt=\"Investigaci\u00f3n de mercado de medici\u00f3n de marca\" \/><\/a><\/div> <h3 class=\"page-list-ext-title\"><a href=\"https:\/\/www.sisinternational.com\/es\/soluciones\/soluciones-de-branding-e-investigacion-de-clientes\/investigacion-de-mercado-de-medicion-de-marca\/\" title=\"Investigaci\u00f3n de mercado de medici\u00f3n de marca\">Investigaci\u00f3n de mercado de medici\u00f3n de marca<\/a><\/h3><div class=\"page-list-ext-item-content\">La investigaci\u00f3n de mercado de medici\u00f3n de marca es clave para mejorar la percepci\u00f3n de la marca y fomentar la lealtad de los clientes para impulsar el crecimiento empresarial.<\/div><\/div>\n<div class=\"page-list-ext-item\"><div class=\"page-list-ext-image\"><a href=\"https:\/\/www.sisinternational.com\/es\/soluciones\/soluciones-de-branding-e-investigacion-de-clientes\/investigacion-de-mercado-sobre-el-modelo-de-valor-de-marca-basado-en-el-cliente\/\" title=\"Investigaci\u00f3n de mercado sobre el modelo de valor de marca basado en el cliente\"><img decoding=\"async\" src=\"https:\/\/www.sisinternational.com\/wp-content\/uploads\/2025\/08\/Retail-18-150x150.jpg\" width=\"150\" alt=\"Investigaci\u00f3n de mercado sobre el modelo de valor de marca basado en el cliente\" \/><\/a><\/div> <h3 class=\"page-list-ext-title\"><a href=\"https:\/\/www.sisinternational.com\/es\/soluciones\/soluciones-de-branding-e-investigacion-de-clientes\/investigacion-de-mercado-sobre-el-modelo-de-valor-de-marca-basado-en-el-cliente\/\" title=\"Investigaci\u00f3n de mercado sobre el modelo de valor de marca basado en el cliente\">Investigaci\u00f3n de mercado sobre el modelo de valor de marca basado en el cliente<\/a><\/h3><div class=\"page-list-ext-item-content\">\nInvestigaci\u00f3n de mercado del modelo de valor de marca basado en el cliente \u00bfC\u00f3mo pueden las marcas asegurarse de que realmente conecten con sus clientes? El \u00e9xito de cualquier marca depende de qu\u00e9 tan bien conecte con sus clientes: investigaci\u00f3n de mercado del modelo de valor de marca basado en el cliente (CBBE)...<\/div><\/div>\n\n<\/div><\/p>","protected":false},"excerpt":{"rendered":"<p>Establecer una identidad de marca \u00fanica es esencial.  Le ofrecemos ideas, herramientas y estrategias para construir su marca.<\/p>","protected":false},"author":1,"featured_media":62802,"parent":14457,"menu_order":6,"comment_status":"open","ping_status":"open","template":"","meta":{"footnotes":""},"class_list":["post-14650","page","type-page","status-publish","has-post-thumbnail"],"_links":{"self":[{"href":"https:\/\/www.sisinternational.com\/es\/wp-json\/wp\/v2\/pages\/14650","targetHints":{"allow":["GET"]}}],"collection":[{"href":"https:\/\/www.sisinternational.com\/es\/wp-json\/wp\/v2\/pages"}],"about":[{"href":"https:\/\/www.sisinternational.com\/es\/wp-json\/wp\/v2\/types\/page"}],"author":[{"embeddable":true,"href":"https:\/\/www.sisinternational.com\/es\/wp-json\/wp\/v2\/users\/1"}],"replies":[{"embeddable":true,"href":"https:\/\/www.sisinternational.com\/es\/wp-json\/wp\/v2\/comments?post=14650"}],"version-history":[{"count":7,"href":"https:\/\/www.sisinternational.com\/es\/wp-json\/wp\/v2\/pages\/14650\/revisions"}],"predecessor-version":[{"id":63437,"href":"https:\/\/www.sisinternational.com\/es\/wp-json\/wp\/v2\/pages\/14650\/revisions\/63437"}],"up":[{"embeddable":true,"href":"https:\/\/www.sisinternational.com\/es\/wp-json\/wp\/v2\/pages\/14457"}],"wp:featuredmedia":[{"embeddable":true,"href":"https:\/\/www.sisinternational.com\/es\/wp-json\/wp\/v2\/media\/62802"}],"wp:attachment":[{"href":"https:\/\/www.sisinternational.com\/es\/wp-json\/wp\/v2\/media?parent=14650"}],"curies":[{"name":"wp","href":"https:\/\/api.w.org\/{rel}","templated":true}]}}