{"id":14459,"date":"2015-02-25T16:34:06","date_gmt":"2015-02-25T16:34:06","guid":{"rendered":"https:\/\/www.sisinternational.com\/?page_id=14459"},"modified":"2025-09-07T19:43:27","modified_gmt":"2025-09-07T23:43:27","slug":"innovacion","status":"publish","type":"page","link":"https:\/\/www.sisinternational.com\/es\/soluciones\/innovacion\/","title":{"rendered":"Innovaci\u00f3n Investigaci\u00f3n"},"content":{"rendered":"<h1 class=\"wp-block-heading\">Innovaci\u00f3n Investigaci\u00f3n<\/h1>\n\n\n\n<figure class=\"gb-block-image gb-block-image-687c103c\"><img loading=\"lazy\" decoding=\"async\" width=\"1456\" height=\"816\" class=\"gb-image gb-image-687c103c\" src=\"https:\/\/www.sisinternational.com\/wp-content\/uploads\/2025\/08\/Tech-19.jpg\" alt=\"Investigaci\u00f3n y estrategia de mercado internacional de SIS\" title=\"Tech (19)\" srcset=\"https:\/\/www.sisinternational.com\/wp-content\/uploads\/2025\/08\/Tech-19.jpg 1456w, https:\/\/www.sisinternational.com\/wp-content\/uploads\/2025\/08\/Tech-19-300x168.jpg 300w, https:\/\/www.sisinternational.com\/wp-content\/uploads\/2025\/08\/Tech-19-1024x574.jpg 1024w, https:\/\/www.sisinternational.com\/wp-content\/uploads\/2025\/08\/Tech-19-768x430.jpg 768w, https:\/\/www.sisinternational.com\/wp-content\/uploads\/2025\/08\/Tech-19-18x10.jpg 18w\" sizes=\"auto, (max-width: 1456px) 100vw, 1456px\"><\/figure>\n\n\n\n<p><\/p>\n\n\n\n<h2 class=\"wp-block-heading\">Nuestras soluciones<\/h2>\n\n\n\n<p class=\"p1\">\n<!-- Page-list plugin v.5.9 wordpress.org\/plugins\/page-list\/ -->\n<div class=\"page-list page-list-ext page-list-cols-2\">\n<div class=\"page-list-ext-item\"><div class=\"page-list-ext-image\"><a href=\"https:\/\/www.sisinternational.com\/es\/soluciones\/innovacion\/inteligencia-tecnologica\/\" title=\"Investigaci\u00f3n de Mercados de Tecnolog\u00eda y TI\"><img decoding=\"async\" src=\"https:\/\/www.sisinternational.com\/wp-content\/uploads\/2025\/08\/Tech-6-150x150.jpg\" width=\"150\" alt=\"Investigaci\u00f3n de Mercados de Tecnolog\u00eda y TI\" \/><\/a><\/div> <h3 class=\"page-list-ext-title\"><a href=\"https:\/\/www.sisinternational.com\/es\/soluciones\/innovacion\/inteligencia-tecnologica\/\" title=\"Investigaci\u00f3n de Mercados de Tecnolog\u00eda y TI\">Investigaci\u00f3n de Mercados de Tecnolog\u00eda y TI<\/a><\/h3><div class=\"page-list-ext-item-content\">Technology Market Research analiza las oportunidades y amenazas que impactan el crecimiento y la supervivencia de su negocio.<\/div><\/div>\n<div class=\"page-list-ext-item\"><div class=\"page-list-ext-image\"><a href=\"https:\/\/www.sisinternational.com\/es\/soluciones\/innovacion\/talleres-de-ideacion\/\" title=\"Investigaci\u00f3n de ideaci\u00f3n\"><img decoding=\"async\" src=\"https:\/\/www.sisinternational.com\/wp-content\/uploads\/2025\/08\/Desk-research-3-150x150.jpg\" width=\"150\" alt=\"Investigaci\u00f3n de ideaci\u00f3n\" \/><\/a><\/div> <h3 class=\"page-list-ext-title\"><a href=\"https:\/\/www.sisinternational.com\/es\/soluciones\/innovacion\/talleres-de-ideacion\/\" title=\"Investigaci\u00f3n de ideaci\u00f3n\">Investigaci\u00f3n de ideaci\u00f3n<\/a><\/h3><div class=\"page-list-ext-item-content\">Ideaci\u00f3n La investigaci\u00f3n conduce al desarrollo de nuevos productos mejorados e inimaginables. Los participantes brindan informaci\u00f3n de vanguardia.<\/div><\/div>\n<div class=\"page-list-ext-item\"><div class=\"page-list-ext-image\"><a href=\"https:\/\/www.sisinternational.com\/es\/soluciones\/innovacion\/el-pensamiento-de-diseno\/\" title=\"Investigaci\u00f3n de mercado de pensamiento de dise\u00f1o\"><img decoding=\"async\" src=\"https:\/\/www.sisinternational.com\/wp-content\/uploads\/2025\/08\/Creativity-22-150x150.jpg\" width=\"150\" alt=\"Investigaci\u00f3n de mercado de pensamiento de dise\u00f1o\" \/><\/a><\/div> <h3 class=\"page-list-ext-title\"><a href=\"https:\/\/www.sisinternational.com\/es\/soluciones\/innovacion\/el-pensamiento-de-diseno\/\" title=\"Investigaci\u00f3n de mercado de pensamiento de dise\u00f1o\">Investigaci\u00f3n de mercado de pensamiento de dise\u00f1o<\/a><\/h3><div class=\"page-list-ext-item-content\">El pensamiento de dise\u00f1o comienza con un objetivo preciso de resolver un problema para el cliente. <\/div><\/div>\n<div class=\"page-list-ext-item\"><div class=\"page-list-ext-image\"><a href=\"https:\/\/www.sisinternational.com\/es\/soluciones\/innovacion\/investigacion-de-mercado-no-cliente\/\" title=\"Investigaci\u00f3n de mercado no cliente\"><img decoding=\"async\" src=\"https:\/\/www.sisinternational.com\/wp-content\/uploads\/2025\/08\/Customer-goods-1-150x150.jpg\" width=\"150\" alt=\"Investigaci\u00f3n de mercado no cliente\" \/><\/a><\/div> <h3 class=\"page-list-ext-title\"><a href=\"https:\/\/www.sisinternational.com\/es\/soluciones\/innovacion\/investigacion-de-mercado-no-cliente\/\" title=\"Investigaci\u00f3n de mercado no cliente\">Investigaci\u00f3n de mercado no cliente<\/a><\/h3><div class=\"page-list-ext-item-content\">Proporcionamos estudios de mercado no relacionados con el cliente para proporcionar informaci\u00f3n de vanguardia para la innovaci\u00f3n.<\/div><\/div>\n<div class=\"page-list-ext-item\"><div class=\"page-list-ext-image\"><a href=\"https:\/\/www.sisinternational.com\/es\/soluciones\/innovacion\/investigacion-de-mercado-agil\/\" title=\"Investigaci\u00f3n de mercado \u00e1gil\"><img decoding=\"async\" src=\"https:\/\/www.sisinternational.com\/wp-content\/uploads\/2025\/08\/Strategy-consulting-36-150x150.jpg\" width=\"150\" alt=\"Investigaci\u00f3n de mercado \u00e1gil\" \/><\/a><\/div> <h3 class=\"page-list-ext-title\"><a href=\"https:\/\/www.sisinternational.com\/es\/soluciones\/innovacion\/investigacion-de-mercado-agil\/\" title=\"Investigaci\u00f3n de mercado \u00e1gil\">Investigaci\u00f3n de mercado \u00e1gil<\/a><\/h3><div class=\"page-list-ext-item-content\">Descubra c\u00f3mo hacer que su negocio sea m\u00e1s \u00e1gil con investigaci\u00f3n y datos.<\/div><\/div>\n<div class=\"page-list-ext-item\"><div class=\"page-list-ext-image\"><a href=\"https:\/\/www.sisinternational.com\/es\/soluciones\/innovacion\/como-escalar-un-negocio\/\" title=\"C\u00f3mo escalar un negocio | Lograr un crecimiento exponencial\"><img decoding=\"async\" src=\"https:\/\/www.sisinternational.com\/wp-content\/uploads\/2025\/08\/CEO-woman-business-woman-10-150x150.jpg\" width=\"150\" alt=\"C\u00f3mo escalar un negocio | Lograr un crecimiento exponencial\" \/><\/a><\/div> <h3 class=\"page-list-ext-title\"><a href=\"https:\/\/www.sisinternational.com\/es\/soluciones\/innovacion\/como-escalar-un-negocio\/\" title=\"C\u00f3mo escalar un negocio | Lograr un crecimiento exponencial\">C\u00f3mo escalar un negocio | Lograr un crecimiento exponencial<\/a><\/h3><div class=\"page-list-ext-item-content\">Aqu\u00ed hay 16 formas de escalar su negocio. Haga crecer su negocio y prospere.<\/div><\/div>\n<div class=\"page-list-ext-item\"><div class=\"page-list-ext-image\"><a href=\"https:\/\/www.sisinternational.com\/es\/soluciones\/innovacion\/economia-del-comportamiento-en-la-investigacion-de-mercados\/\" title=\"Econom\u00eda del comportamiento en la investigaci\u00f3n de mercados\"><img decoding=\"async\" src=\"https:\/\/www.sisinternational.com\/wp-content\/uploads\/2025\/08\/Statistics-3-150x150.jpg\" width=\"150\" alt=\"Econom\u00eda del comportamiento en la investigaci\u00f3n de mercados\" \/><\/a><\/div> <h3 class=\"page-list-ext-title\"><a href=\"https:\/\/www.sisinternational.com\/es\/soluciones\/innovacion\/economia-del-comportamiento-en-la-investigacion-de-mercados\/\" title=\"Econom\u00eda del comportamiento en la investigaci\u00f3n de mercados\">Econom\u00eda del comportamiento en la investigaci\u00f3n de mercados<\/a><\/h3><div class=\"page-list-ext-item-content\">Descubra c\u00f3mo la investigaci\u00f3n de mercado de econom\u00eda del comportamiento puede mejorar su rendimiento.<\/div><\/div>\n<div class=\"page-list-ext-item\"><div class=\"page-list-ext-image\"><a href=\"https:\/\/www.sisinternational.com\/es\/soluciones\/innovacion\/investigacion-de-mercado-de-aprendizaje-profundo-2\/\" title=\"Investigaci\u00f3n de mercado de aprendizaje profundo\"><img decoding=\"async\" src=\"https:\/\/www.sisinternational.com\/wp-content\/uploads\/2025\/08\/Deep-learning-machine-learning-42-150x150.jpg\" width=\"150\" alt=\"Investigaci\u00f3n de mercado de aprendizaje profundo\" \/><\/a><\/div> <h3 class=\"page-list-ext-title\"><a href=\"https:\/\/www.sisinternational.com\/es\/soluciones\/innovacion\/investigacion-de-mercado-de-aprendizaje-profundo-2\/\" title=\"Investigaci\u00f3n de mercado de aprendizaje profundo\">Investigaci\u00f3n de mercado de aprendizaje profundo<\/a><\/h3><div class=\"page-list-ext-item-content\">\nDeep Learning Market Research \n\n\n\n \n\n\n\n \n\n\n\nWhat is Deep Learning? \n\n\n\nDeep Learning is part of Machine Learning. The goal of Deep Learning is to make Artificial Intelligence smarter. It does this by copying the way that the human brain learns. The human...<\/div><\/div>\n<div class=\"page-list-ext-item\"><div class=\"page-list-ext-image\"><a href=\"https:\/\/www.sisinternational.com\/es\/soluciones\/innovacion\/investigacion-de-mercado-genetica\/\" title=\"Investigaci\u00f3n de mercado de gen\u00e9tica\"><img decoding=\"async\" src=\"https:\/\/www.sisinternational.com\/wp-content\/uploads\/2025\/09\/DNA-Genetics-27-150x150.jpg\" width=\"150\" alt=\"Investigaci\u00f3n de mercado de gen\u00e9tica\" \/><\/a><\/div> <h3 class=\"page-list-ext-title\"><a href=\"https:\/\/www.sisinternational.com\/es\/soluciones\/innovacion\/investigacion-de-mercado-genetica\/\" title=\"Investigaci\u00f3n de mercado de gen\u00e9tica\">Investigaci\u00f3n de mercado de gen\u00e9tica<\/a><\/h3><div class=\"page-list-ext-item-content\">\nGenetics Market Research \n\n\n\n \n\n\n\n \n\n\n\nWhat Is Genetics? \n\n\n\nGenetics is an area of biology that studies all life forms. It includes DNA, how genes form, and how plants and animals inherit those genes. It looks at how organisms pass genes and traits...<\/div><\/div>\n\n<\/div><\/p>","protected":false},"excerpt":{"rendered":"<p>La investigaci\u00f3n para la innovaci\u00f3n consiste en buscar soluciones, ya sea a necesidades conocidas o, a veces, indefinidas.<\/p>","protected":false},"author":1,"featured_media":62736,"parent":14457,"menu_order":4,"comment_status":"open","ping_status":"open","template":"","meta":{"footnotes":""},"class_list":["post-14459","page","type-page","status-publish","has-post-thumbnail"],"_links":{"self":[{"href":"https:\/\/www.sisinternational.com\/es\/wp-json\/wp\/v2\/pages\/14459","targetHints":{"allow":["GET"]}}],"collection":[{"href":"https:\/\/www.sisinternational.com\/es\/wp-json\/wp\/v2\/pages"}],"about":[{"href":"https:\/\/www.sisinternational.com\/es\/wp-json\/wp\/v2\/types\/page"}],"author":[{"embeddable":true,"href":"https:\/\/www.sisinternational.com\/es\/wp-json\/wp\/v2\/users\/1"}],"replies":[{"embeddable":true,"href":"https:\/\/www.sisinternational.com\/es\/wp-json\/wp\/v2\/comments?post=14459"}],"version-history":[{"count":9,"href":"https:\/\/www.sisinternational.com\/es\/wp-json\/wp\/v2\/pages\/14459\/revisions"}],"predecessor-version":[{"id":67345,"href":"https:\/\/www.sisinternational.com\/es\/wp-json\/wp\/v2\/pages\/14459\/revisions\/67345"}],"up":[{"embeddable":true,"href":"https:\/\/www.sisinternational.com\/es\/wp-json\/wp\/v2\/pages\/14457"}],"wp:featuredmedia":[{"embeddable":true,"href":"https:\/\/www.sisinternational.com\/es\/wp-json\/wp\/v2\/media\/62736"}],"wp:attachment":[{"href":"https:\/\/www.sisinternational.com\/es\/wp-json\/wp\/v2\/media?parent=14459"}],"curies":[{"name":"wp","href":"https:\/\/api.w.org\/{rel}","templated":true}]}}