{"id":14285,"date":"2015-02-13T10:58:33","date_gmt":"2015-02-13T10:58:33","guid":{"rendered":"https:\/\/www.sisinternational.com\/?page_id=14285"},"modified":"2025-09-05T22:14:32","modified_gmt":"2025-09-06T02:14:32","slug":"investigacion-de-mercado-dental","status":"publish","type":"page","link":"https:\/\/www.sisinternational.com\/es\/pericia\/investigacion-de-mercado-dental\/","title":{"rendered":"Investigaci\u00f3n de mercado dental"},"content":{"rendered":"<h1 class=\"wp-block-heading\">Investigaci\u00f3n de mercado dental<\/h1>\n\n\n\n<figure class=\"gb-block-image gb-block-image-2b3124a0\"><img loading=\"lazy\" decoding=\"async\" width=\"1456\" height=\"816\" class=\"gb-image gb-image-2b3124a0\" src=\"https:\/\/www.sisinternational.com\/wp-content\/uploads\/2025\/08\/Pharmaceutical-25.jpg\" alt=\"Investigaci\u00f3n y estrategia de mercado internacional de SIS\" title=\"Pharmaceutical (25)\" srcset=\"https:\/\/www.sisinternational.com\/wp-content\/uploads\/2025\/08\/Pharmaceutical-25.jpg 1456w, https:\/\/www.sisinternational.com\/wp-content\/uploads\/2025\/08\/Pharmaceutical-25-300x168.jpg 300w, https:\/\/www.sisinternational.com\/wp-content\/uploads\/2025\/08\/Pharmaceutical-25-1024x574.jpg 1024w, https:\/\/www.sisinternational.com\/wp-content\/uploads\/2025\/08\/Pharmaceutical-25-768x430.jpg 768w, https:\/\/www.sisinternational.com\/wp-content\/uploads\/2025\/08\/Pharmaceutical-25-18x10.jpg 18w\" sizes=\"auto, (max-width: 1456px) 100vw, 1456px\"><\/figure>\n\n\n\n<p><\/p>\n\n\n\n<h2 class=\"wp-block-heading p1\">La industria dental mundial representa una industria multimillonaria.<\/h2>\n\n\n\n<p class=\"p1\">Las econom\u00edas en muchas partes del mundo se est\u00e1n recuperando, y la industria dental tambi\u00e9n, impulsada por el envejecimiento de la poblaci\u00f3n mundial, un mayor conocimiento sobre la salud bucal y una creciente demanda de odontolog\u00eda cosm\u00e9tica.<\/p>\n\n\n\n<p class=\"p1\">Como las personas tienen m\u00e1s para gastar, es natural que regresen a sus dentistas, quienes a su vez necesitan m\u00e1s suministros, equipos y servicios de laboratorio para sus consultas.<\/p>\n\n\n\n<h2 class=\"wp-block-heading p1\">Oportunidades en el mercado dental<\/h2>\n\n\n\n<p class=\"p1\">Dental Supply businesses are focusing on new global markets (Asia-Pacific is of prime interest), innovative products for pain alleviation, and orthodontic applications that increase revenues. New dental materials and computer-assisted manufacturing technologies are also showing profit-generating potential. In dental practices, mobile optimization, heightened social media presence, and citations are increasingly important for appointment booking. In addition, the creation of premium web content and placement in local internet directories are also critical in maintaining a profitable practice in the <a href=\"https:\/\/www.sisinternational.com\/es\/mercado-de-publicidad-digital\/\" title=\"Marketing y publicidad en la era digital\"  data-wpil-monitor-id=\"9023\">digital marketing age<\/a>.<\/p>\n\n\n\n<h2 class=\"wp-block-heading\">M\u00e9todos de investigaci\u00f3n de mercado<\/h2>\n\n\n\n<p>SIS conducts Dental Market Research, particularly in-person or video ethnographic interviews with consumers worldwide.&nbsp; The benefits are rapid, cost effective <a href=\"https:\/\/www.sisinternational.com\/es\/global-beverage-market\/\" title=\"Global Beverage Market: Market Dynamics, Growth Projections &amp; Consumer Insights\"  data-wpil-monitor-id=\"9030\">insights in High Growth<\/a> Emerging Economies.&nbsp; We <a href=\"https:\/\/www.sisinternational.com\/es\/soluciones\/investigacion-de-mercado-de-grupo-focal\/como-realizar-un-grupo-focal\/\" title=\"C\u00f3mo realizar un grupo focal\"  data-wpil-monitor-id=\"9026\">conduct Focus Groups<\/a>, Online Communities, Surveys and In-Depth Interviews with Dental professionals.<\/p>\n\n\n\n<p><strong>Realizamos investigaciones con una variedad de tomadores de decisiones:<\/strong><\/p>\n\n\n\n<ul class=\"wp-block-list\">\n<li>Pacientes<\/li>\n\n\n\n<li>Dentistas<\/li>\n\n\n\n<li>higienistas<\/li>\n\n\n\n<li>T\u00e9cnicos de laboratorio<\/li>\n\n\n\n<li>Asistentes dentales<\/li>\n\n\n\n<li>Cirujanos Orales y Maxilofaciales<\/li>\n\n\n\n<li>T\u00e9cnicos de laboratorio dental<\/li>\n\n\n\n<li>Higienistas dentales<\/li>\n\n\n\n<li>Gerentes de oficina<\/li>\n\n\n\n<li>Personal de oficina<\/li>\n\n\n\n<li>Ortodoncistas<\/li>\n\n\n\n<li>Periodoncistas<\/li>\n\n\n\n<li>Fabricantes<\/li>\n<\/ul>\n\n\n\n<h2 class=\"wp-block-heading\">Acerca de la investigaci\u00f3n de mercado dental<\/h2>\n\n\n\n<p><a href=\"https:\/\/www.sisinternational.com\/es\/contacto-sis-investigacion-de-mercado-internacional\/\" title=\"Cont\u00e1ctenos\"  data-wpil-monitor-id=\"9018\">SIS International Research<\/a> makes it our business to remain aware of important trends in the global dental industry. We\u2019ve studied dental programs worldwide, interviewing patients, dentists, manufacturers, and insurance interests regarding practices, products, and industry innovations. Our intelligence efforts reveal invaluable information that helps our clients remain <a href=\"https:\/\/www.sisinternational.com\/es\/la-necesidad-de-inteligencia-competitiva-en-esta-recesion\/\" title=\"La necesidad de inteligencia competitiva en una recesi\u00f3n\"  data-wpil-monitor-id=\"9031\">competitivo<\/a> and profitable. In addition, we conduct <a href=\"https:\/\/www.sisinternational.com\/es\/soluciones\/grupos-de-enfoque\/grupos-de-discusion-en-nueva-york-para-probar-productos-de-la-generacion-z\/\" title=\"Aprovechar los grupos de discusi\u00f3n en Nueva York para probar productos de la Generaci\u00f3n Z\"  data-wpil-monitor-id=\"9029\">Grupos de discusi\u00f3n<\/a> and surveys that zero-in on product performance, consumer attitudes, the opinions of professionals, and the mindsets of manufacturers that define the dental industry. Make an appointment to speak with us soon.<\/p>\n\n\n\n<p><\/p>","protected":false},"excerpt":{"rendered":"<p>En Dental Market Research, SIS habla con pacientes, dentistas y fabricantes y estudia seguros, productos e innovaciones.<\/p>","protected":false},"author":1,"featured_media":62745,"parent":14514,"menu_order":12,"comment_status":"open","ping_status":"closed","template":"","meta":{"footnotes":""},"class_list":["post-14285","page","type-page","status-publish","has-post-thumbnail"],"_links":{"self":[{"href":"https:\/\/www.sisinternational.com\/es\/wp-json\/wp\/v2\/pages\/14285","targetHints":{"allow":["GET"]}}],"collection":[{"href":"https:\/\/www.sisinternational.com\/es\/wp-json\/wp\/v2\/pages"}],"about":[{"href":"https:\/\/www.sisinternational.com\/es\/wp-json\/wp\/v2\/types\/page"}],"author":[{"embeddable":true,"href":"https:\/\/www.sisinternational.com\/es\/wp-json\/wp\/v2\/users\/1"}],"replies":[{"embeddable":true,"href":"https:\/\/www.sisinternational.com\/es\/wp-json\/wp\/v2\/comments?post=14285"}],"version-history":[{"count":6,"href":"https:\/\/www.sisinternational.com\/es\/wp-json\/wp\/v2\/pages\/14285\/revisions"}],"predecessor-version":[{"id":68403,"href":"https:\/\/www.sisinternational.com\/es\/wp-json\/wp\/v2\/pages\/14285\/revisions\/68403"}],"up":[{"embeddable":true,"href":"https:\/\/www.sisinternational.com\/es\/wp-json\/wp\/v2\/pages\/14514"}],"wp:featuredmedia":[{"embeddable":true,"href":"https:\/\/www.sisinternational.com\/es\/wp-json\/wp\/v2\/media\/62745"}],"wp:attachment":[{"href":"https:\/\/www.sisinternational.com\/es\/wp-json\/wp\/v2\/media?parent=14285"}],"curies":[{"name":"wp","href":"https:\/\/api.w.org\/{rel}","templated":true}]}}