{"id":14207,"date":"2015-02-11T14:10:38","date_gmt":"2015-02-11T14:10:38","guid":{"rendered":"https:\/\/www.sisinternational.com\/?page_id=14207"},"modified":"2026-01-25T17:39:16","modified_gmt":"2026-01-25T22:39:16","slug":"investigacion-de-mercado-deportivo","status":"publish","type":"page","link":"https:\/\/www.sisinternational.com\/es\/pericia\/investigacion-de-mercado-deportivo\/","title":{"rendered":"Investigaci\u00f3n de mercado deportivo"},"content":{"rendered":"<h1 class=\"wp-block-heading\">Investigaci\u00f3n de mercado deportivo<\/h1>\n\n\n\n<figure class=\"gb-block-image gb-block-image-b48c2ad9\"><img loading=\"lazy\" decoding=\"async\" width=\"1456\" height=\"816\" class=\"gb-image gb-image-b48c2ad9\" src=\"https:\/\/www.sisinternational.com\/wp-content\/uploads\/2025\/08\/Soccer-football-sport-7.jpg\" srcset=\"https:\/\/www.sisinternational.com\/wp-content\/uploads\/2025\/08\/Soccer-football-sport-7.jpg 1456w, https:\/\/www.sisinternational.com\/wp-content\/uploads\/2025\/08\/Soccer-football-sport-7-300x168.jpg 300w, https:\/\/www.sisinternational.com\/wp-content\/uploads\/2025\/08\/Soccer-football-sport-7-1024x574.jpg 1024w, https:\/\/www.sisinternational.com\/wp-content\/uploads\/2025\/08\/Soccer-football-sport-7-768x430.jpg 768w, https:\/\/www.sisinternational.com\/wp-content\/uploads\/2025\/08\/Soccer-football-sport-7-18x10.jpg 18w\" sizes=\"auto, (max-width: 1456px) 100vw, 1456px\" alt=\"Investigaci\u00f3n y estrategia de mercado internacional de SIS\"><\/figure>\n\n\n\n<p><\/p>\n\n\n\n<h2 class=\"wp-block-heading p1\">Sports Market Research proporciona datos, an\u00e1lisis, conocimientos y estrategias sobre actividades deportivas y recreativas.<\/h2>\n\n\n\n<p class=\"p1\">In the Sports industry, there are products manufactures, apparel companies, advertisers, teams, media and other companies.&nbsp; Sports are also growing in popularity in High Growth Emerging Markets.<\/p>\n\n\n\n<p class=\"p1\">Some sports are experiencing challenges with declining audiences in traditional TV broadcasting media.&nbsp; At the same time, there are new opportunities in online streaming, subscription revenue models and new sponsorship deals.<\/p>\n\n\n\n<p class=\"p1\">Las organizaciones deportivas utilizan el poder de una investigaci\u00f3n de mercado efectiva para obtener informaci\u00f3n sobre canales lucrativos de publicidad y comercializaci\u00f3n, para vislumbrar las mentes de los fan\u00e1ticos y desarrollar formas interesantes de mejorar su experiencia de entretenimiento en general. Las investigaciones tambi\u00e9n descubren formas de cultivar su base de fans.<\/p>\n\n\n\n<p class=\"p1\">SIS proporciona datos, conocimientos, herramientas, an\u00e1lisis y estrategias para impulsar su negocio de deportes.<\/p>\n\n\n\n<p class=\"p1\"><strong>Gimnasios, clubes deportivos y centros de fitness.<\/strong> often need <a href=\"https:\/\/www.sisinternational.com\/es\/pericia\/industrias\/estudio-de-mercado-de-apuestas-deportivas\/\" title=\"Investigaci\u00f3n de mercado de apuestas deportivas\"  data-wpil-monitor-id=\"3986\">investigaci\u00f3n de mercado deportivo<\/a> assistance on many levels.&nbsp; In-depth market analysis can reveal unmet customer needs, promotion strategies, pricing insights.&nbsp; Focus Groups can uncover information about what fitness fans expect.&nbsp; With the new information that becomes available, business leaders gain the confidence and new ideas to make tactical decisions needed to move forward successfully.<\/p>\n\n\n\n<p class=\"p1\"><strong>Equipo deportivo y de fitness.<\/strong> sales are big business. Massive markets exist on a global scale for not only retail sales, but organizational contracts, as well. Effective <a href=\"https:\/\/www.sisinternational.com\/es\/pericia\/industrias\/investigacion-de-mercados-de-articulos-deportivos\/\" title=\"Investigaci\u00f3n de mercados de art\u00edculos deportivos\"  data-wpil-monitor-id=\"6240\">investigaci\u00f3n de mercado deportivo<\/a> can improve your outreach and performance locally, regionally, nationally, and around the world. Competitive Intelligence provides key insights into the world\u2019s most prosperous firms, revealing effective marketing approaches and strategies. Innovative digital, social media and mobile-based promotions for peak market visibility are all part of assembling an overall game winning strategy.<\/p>\n\n\n\n<h2 class=\"wp-block-heading\">Soluciones de investigaci\u00f3n de mercado deportivo<\/h2>\n\n\n\n<p>SIS tiene m\u00e1s de 40 a\u00f1os de experiencia en la realizaci\u00f3n de investigaciones y estrategias para la industria del deporte. Proporcionamos:<\/p>\n\n\n\n<ul class=\"wp-block-list\">\n<li>Grupos de discusi\u00f3n<\/li>\n\n\n\n<li>Entrevistas con clientes<\/li>\n\n\n\n<li>Comunidades de conocimiento en l\u00ednea<\/li>\n\n\n\n<li>Prueba de anuncios<\/li>\n\n\n\n<li>Pruebas de usabilidad<\/li>\n\n\n\n<li>Encuestas y entrevistas de eventos<\/li>\n\n\n\n<li>Inteligencia competitiva<\/li>\n\n\n\n<li><a href=\"https:\/\/www.sisinternational.com\/es\/pericia\/investigacion-de-mercado-de-conservantes-desinfectantes\/\" title=\"Investigaci\u00f3n de mercado de desinfectantes y conservantes\"  data-wpil-monitor-id=\"4359\">Investigaci\u00f3n de oportunidades y entrada al mercado<\/a><\/li>\n<\/ul>\n\n\n\n<h2 class=\"wp-block-heading\"><a href=\"https:\/\/www.sisinternational.com\/es\/about-sis\/contact-sis-international-market-research\/\">Cont\u00e1ctenos para su pr\u00f3ximo Proyecto de Investigaci\u00f3n de Mercado Deportivo.<\/a><\/h2>","protected":false},"excerpt":{"rendered":"<p>Brindamos soluciones de estrategia e investigaci\u00f3n de mercado deportivo en los EE. UU. y en todo el mundo.<\/p>","protected":false},"author":1,"featured_media":63341,"parent":14514,"menu_order":6,"comment_status":"open","ping_status":"closed","template":"","meta":{"footnotes":""},"class_list":["post-14207","page","type-page","status-publish","has-post-thumbnail"],"_links":{"self":[{"href":"https:\/\/www.sisinternational.com\/es\/wp-json\/wp\/v2\/pages\/14207","targetHints":{"allow":["GET"]}}],"collection":[{"href":"https:\/\/www.sisinternational.com\/es\/wp-json\/wp\/v2\/pages"}],"about":[{"href":"https:\/\/www.sisinternational.com\/es\/wp-json\/wp\/v2\/types\/page"}],"author":[{"embeddable":true,"href":"https:\/\/www.sisinternational.com\/es\/wp-json\/wp\/v2\/users\/1"}],"replies":[{"embeddable":true,"href":"https:\/\/www.sisinternational.com\/es\/wp-json\/wp\/v2\/comments?post=14207"}],"version-history":[{"count":7,"href":"https:\/\/www.sisinternational.com\/es\/wp-json\/wp\/v2\/pages\/14207\/revisions"}],"predecessor-version":[{"id":79823,"href":"https:\/\/www.sisinternational.com\/es\/wp-json\/wp\/v2\/pages\/14207\/revisions\/79823"}],"up":[{"embeddable":true,"href":"https:\/\/www.sisinternational.com\/es\/wp-json\/wp\/v2\/pages\/14514"}],"wp:featuredmedia":[{"embeddable":true,"href":"https:\/\/www.sisinternational.com\/es\/wp-json\/wp\/v2\/media\/63341"}],"wp:attachment":[{"href":"https:\/\/www.sisinternational.com\/es\/wp-json\/wp\/v2\/media?parent=14207"}],"curies":[{"name":"wp","href":"https:\/\/api.w.org\/{rel}","templated":true}]}}