{"id":12926,"date":"2015-01-18T14:38:14","date_gmt":"2015-01-18T14:38:14","guid":{"rendered":"https:\/\/www.sisinternational.com\/?page_id=12926"},"modified":"2026-03-12T21:35:57","modified_gmt":"2026-03-13T01:35:57","slug":"investigacion-de-mercado-de-pruebas-de-productos","status":"publish","type":"page","link":"https:\/\/www.sisinternational.com\/es\/pericia\/investigacion-de-mercado-de-pruebas-de-productos\/","title":{"rendered":"Investigaci\u00f3n de mercado de pruebas de productos"},"content":{"rendered":"<h1 class=\"wp-block-heading\">Investigaci\u00f3n de mercado de pruebas de productos<\/h1>\n\n\n\n<p><\/p>\n\n\n\n<figure class=\"gb-block-image gb-block-image-32cb63f2\"><img loading=\"lazy\" decoding=\"async\" width=\"1350\" height=\"736\" class=\"gb-image gb-image-32cb63f2\" src=\"https:\/\/www.sisinternational.com\/wp-content\/uploads\/2025\/09\/Sensory-testing-1.1.jpg\" alt=\"Investigaci\u00f3n y estrategia de mercado internacional de SIS\" title=\"Sensory testing (1).1\" srcset=\"https:\/\/www.sisinternational.com\/wp-content\/uploads\/2025\/09\/Sensory-testing-1.1.jpg 1350w, https:\/\/www.sisinternational.com\/wp-content\/uploads\/2025\/09\/Sensory-testing-1.1-300x164.jpg 300w, https:\/\/www.sisinternational.com\/wp-content\/uploads\/2025\/09\/Sensory-testing-1.1-1024x558.jpg 1024w, https:\/\/www.sisinternational.com\/wp-content\/uploads\/2025\/09\/Sensory-testing-1.1-768x419.jpg 768w, https:\/\/www.sisinternational.com\/wp-content\/uploads\/2025\/09\/Sensory-testing-1.1-18x10.jpg 18w\" sizes=\"auto, (max-width: 1350px) 100vw, 1350px\"><\/figure>\n\n\n\n<h2 class=\"wp-block-heading p1\">Llevar un producto a trav\u00e9s de la fase de concepto puede ser un proceso desalentador en un mercado complejo y en constante cambio.<\/h2>\n\n\n\n<p>Conducting comprehensive and insight-rich testing with targeted stakeholders and consumers is crucial to mitigating the risks associated with launching a new product.&nbsp;We take a unique and innovative approach to conducting product tests and delivering critical pre-launch consumer analysis to clients.<\/p>\n\n\n\n<h2 class=\"wp-block-heading\">\u00bfQu\u00e9 es la investigaci\u00f3n de mercado de pruebas de productos?<\/h2>\n\n\n\n<p>La investigaci\u00f3n de mercado de pruebas de productos es un componente esencial del desarrollo de productos. Al recopilar conocimientos y datos de clientes potenciales, las empresas pueden aprender m\u00e1s sobre el rendimiento, la usabilidad y el atractivo de un producto.<\/p>\n\n\n\n<p>With these findings, companies have the information necessary to make wise decisions about their products, increasing <a href=\"https:\/\/www.sisinternational.com\/es\/mejorar-las-relaciones-con-los-clientes\/\" title=\"C\u00f3mo mejorar la satisfacci\u00f3n del cliente y complacer a los clientes insatisfechos\"  data-wpil-monitor-id=\"10718\">customer satisfaction while simultaneously improving<\/a> sales.<\/p>\n\n\n\n<h2 class=\"wp-block-heading p5\">\u00bfPor qu\u00e9 es tan importante la investigaci\u00f3n de mercado de pruebas de productos?<\/h2>\n\n\n\n<p class=\"p3\">Product testing market research is critical for making sure the products truly matter to customers. This is because you can study market trends and current consumer preferences that may change from year to year depending on the <a href=\"https:\/\/www.sisinternational.com\/es\/transportistas-de-bajo-coste-en-la-industria-de-la-aviacion\/\" title=\"Investigaci\u00f3n de mercado de aerol\u00edneas de bajo costo\"  data-wpil-monitor-id=\"10713\">global<\/a> market and its trends.<\/p>\n\n\n\n<p class=\"p3\">Por lo tanto, las empresas deben realizar investigaciones de mercado de prueba de productos para comprender c\u00f3mo los clientes potenciales perciben sus productos, descubrir cualquier problema o inquietud que puedan tener los consumidores y modificarlos en consecuencia. Sin esta investigaci\u00f3n, las empresas corren el riesgo de lanzar productos que no cumplan con las expectativas de los clientes. <span class=\"s1\">\u2013<\/span> y esto puede provocar bajas ventas y da\u00f1ar la reputaci\u00f3n de la marca.<\/p>\n\n\n\n<p class=\"p3\">Adem\u00e1s, estos conocimientos pueden ayudar a las empresas a desarrollar estrategias refinadas para sus productos que las distingan de la competencia, brind\u00e1ndoles a las empresas una ventaja competitiva.<\/p>\n\n\n\n<h2 class=\"wp-block-heading p5\">Oportunidades y desaf\u00edos de la investigaci\u00f3n de mercado de pruebas de productos.<\/h2>\n\n\n\n<p class=\"p6\">La investigaci\u00f3n de mercado de pruebas de productos abre grandes ventanas de oportunidades para las empresas. Sin embargo, tambi\u00e9n hay que tener en cuenta que este estudio presenta algunos desaf\u00edos a superar para tener una imagen precisa de los gustos de los consumidores en un mercado espec\u00edfico.<\/p>\n\n\n\n<h3 class=\"wp-block-heading p6\">Oportunidades<\/h3>\n\n\n\n<ul class=\"wp-block-list ul1\">\n<li><b>Innovaci\u00f3n<\/b>: Product testing <a href=\"https:\/\/www.sisinternational.com\/es\/soluciones\/soluciones-de-investigacion-cualitativa-cuantitativa\/wine-taste-testing\/\" title=\"Wine Taste Testing\"  data-wpil-monitor-id=\"1245\">investigaci\u00f3n de mercado<\/a> delivers valuable insights into customer demands and tastes, helping companies identify potential areas for innovation and differentiate their products from those of their competitors.<\/li>\n\n\n\n<li><b>Personalizaci\u00f3n<\/b>: Las empresas pueden aumentar la lealtad y la satisfacci\u00f3n de los clientes mediante la elaboraci\u00f3n de productos que respondan directamente a las necesidades de los clientes. Al aprovechar lo que impulsa sus preferencias, las empresas generar\u00e1n confianza y al mismo tiempo crear\u00e1n soluciones personalizadas que satisfagan cada requisito \u00fanico.<\/li>\n\n\n\n<li><b>Marca<\/b>: La investigaci\u00f3n de mercado de pruebas de productos proporciona una enorme informaci\u00f3n sobre c\u00f3mo los consumidores perciben los productos de la empresa. Permite al equipo que toma decisiones perfeccionar la identidad de la marca.<\/li>\n\n\n\n<li><b>Reducci\u00f3n de costo<\/b>: Las empresas pueden reducir el costo de las mejoras posteriores al lanzamiento del producto resolviendo los problemas antes del lanzamiento, lo que resulta en una mayor eficiencia y mayores ganancias.<\/li>\n\n\n\n<li><b>Expansi\u00f3n de mercado<\/b>: <a href=\"https:\/\/www.sisinternational.com\/es\/publicaciones\/investigacion-de-mercado-empresarial-escalable-7-formas-de-construir-un-negocio-escalable\/\" title=\"Investigaci\u00f3n de mercado empresarial escalable: 7 formas de construir un negocio escalable\"  data-wpil-monitor-id=\"10720\">Investigaci\u00f3n de mercado<\/a> can uncover untapped potential for businesses, unveiling fresh and unexplored market opportunities that could lead to expansive growth.<\/li>\n\n\n\n<li><b><a href=\"https:\/\/www.sisinternational.com\/es\/campana-de-marketing-multicanal\/\" title=\"Optimizaci\u00f3n de estrategias de marketing multicanal para una mayor penetraci\u00f3n en el mercado\"  data-wpil-monitor-id=\"10717\">Estrategias de marketing mejoradas<\/a><\/b>: Al aprovechar los comentarios de los clientes, las empresas pueden beneficiarse de conocimientos profundos para personalizar sus estrategias de marketing y llegar a una audiencia m\u00e1s amplia y a m\u00e1s clientes potenciales.<\/li>\n<\/ul>\n\n\n\n<h3 class=\"wp-block-heading p8\">Desaf\u00edos<\/h3>\n\n\n\n<p class=\"p3\">La investigaci\u00f3n de mercado sobre pruebas de productos puede ser beneficiosa para las empresas, pero surgen algunos desaf\u00edos al realizar este tipo de estudio:<\/p>\n\n\n\n<ul class=\"wp-block-list ul1\">\n<li>Realizar una investigaci\u00f3n de mercado para probar productos puede ser una tarea larga y costosa si la empresa busca probar varios productos o planea ingresar a varios mercados al mismo tiempo. Las empresas deben invertir el tiempo y los fondos necesarios para garantizar que la investigaci\u00f3n se realice con precisi\u00f3n.<\/li>\n\n\n\n<li>Encontrar participantes adecuados para la investigaci\u00f3n puede resultar un desaf\u00edo dependiendo de las caracter\u00edsticas particulares de la muestra del mercado objetivo.<\/li>\n\n\n\n<li>Las empresas deben garantizar que el tama\u00f1o de la muestra de sus investigaciones sea suficiente para obtener resultados v\u00e1lidos. De lo contrario, no podr\u00e1n extraer conclusiones fiables de los datos recopilados.<\/li>\n\n\n\n<li>Las empresas consultoras deben mitigar los sesgos durante las pruebas de productos y las investigaciones de mercado. Si el moderador no pide a los participantes que expliquen sus respuestas con m\u00e1s detalle, estos podr\u00edan sentirse presionados socialmente y dar respuestas similares.<\/li>\n\n\n\n<li>Interpreting the research results may be a complex task if there are multiple <a href=\"https:\/\/www.sisinternational.com\/es\/cobertura\/investigacion-de-mercado-africa\/investigacion-de-mercado-camerun\/\" title=\"Investigaci\u00f3n de mercado en Camer\u00fan\"  data-wpil-monitor-id=\"5275\">productos<\/a> for different market segments. Companies must carefully evaluate the data they receive and use it to make effective product development decisions.<\/li>\n<\/ul>\n\n\n\n<h2 class=\"wp-block-heading p1\">Nuestro enfoque<\/h2>\n\n\n\n<p><\/p>\n\n\n\n<figure class=\"gb-block-image gb-block-image-1622b002\"><img loading=\"lazy\" decoding=\"async\" width=\"1456\" height=\"816\" class=\"gb-image gb-image-1622b002\" src=\"https:\/\/www.sisinternational.com\/wp-content\/uploads\/2025\/09\/Sensory-testing-3.jpg\" alt=\"Investigaci\u00f3n y estrategia de mercado internacional de SIS\" title=\"Sensory testing (3)\" srcset=\"https:\/\/www.sisinternational.com\/wp-content\/uploads\/2025\/09\/Sensory-testing-3.jpg 1456w, https:\/\/www.sisinternational.com\/wp-content\/uploads\/2025\/09\/Sensory-testing-3-300x168.jpg 300w, https:\/\/www.sisinternational.com\/wp-content\/uploads\/2025\/09\/Sensory-testing-3-1024x574.jpg 1024w, https:\/\/www.sisinternational.com\/wp-content\/uploads\/2025\/09\/Sensory-testing-3-768x430.jpg 768w, https:\/\/www.sisinternational.com\/wp-content\/uploads\/2025\/09\/Sensory-testing-3-18x10.jpg 18w\" sizes=\"auto, (max-width: 1456px) 100vw, 1456px\"><\/figure>\n\n\n\n<p class=\"p1\">Nuestras t\u00e9cnicas de prueba de concepto de m\u00faltiples capas se centran en identificar las relaciones de los consumidores, las fuentes de conexiones emocionales, las necesidades no satisfechas y las preferencias de productos. Las mejores y m\u00e1s efectivas pruebas de concepto suelen utilizar una metodolog\u00eda h\u00edbrida, que emplea tanto debates cualitativos como encuestas cuantitativas a mayor escala. En \u00faltima instancia, nuestras soluciones proporcionan a nuestros clientes ricas capas de datos procesables que impulsan los resultados de sus nuevos productos en el mercado.<\/p>\n\n\n\n<h2 class=\"wp-block-heading\">Estudio de caso: Pruebas de productos en lentes de c\u00e1maras DSLR<\/h2>\n\n\n\n<h3 class=\"wp-block-heading\">Antecedentes y objetivos de la investigaci\u00f3n<\/h3>\n\n\n\n<p>El cliente, un fabricante de lentes para c\u00e1maras DSLR, quer\u00eda comprender las razones que se escond\u00edan tras las opiniones de los consumidores estadounidenses sobre los elementos est\u00e9ticos de las lentes para c\u00e1maras DSLR de gama media y alta. El inter\u00e9s se centraba espec\u00edficamente en los aspectos visuales, t\u00e1ctiles y auditivos de las lentes, m\u00e1s que en la calidad fotogr\u00e1fica que produc\u00edan. Las actitudes de los consumidores respecto de la apariencia, la sensaci\u00f3n y la estructura de las lentes se han pasado por alto en investigaciones anteriores en esta \u00e1rea, que se han centrado principalmente en los aspectos funcionales de la calidad de las lentes.<\/p>\n\n\n\n<p><strong>Metodolog\u00eda<\/strong><\/p>\n\n\n\n<p>Se seleccionaron 23 encuestados bas\u00e1ndose en tres criterios principales:<\/p>\n\n\n\n<ol class=\"wp-block-list\">\n<li>Poseer c\u00e1maras digitales Canon y Nikon de gama alta y media<\/li>\n\n\n\n<li>Poseer al menos 3 lentes de c\u00e1mara DSLR<\/li>\n\n\n\n<li>Tomar fotograf\u00edas con una c\u00e1mara DSLR al menos cinco veces por semana.<\/li>\n<\/ol>\n\n\n\n<p>These respondents were invited to a Manhattan photo studio where they provided their in-depth opinions on 14 different DSLR camera lenses. The lenses, each from different manufacturers, were selected to represent different aesthetic styles and choices that designers make, e.g. the location of labels and controls on the lens, the ease or difficulty with which the focus and zoom rings can be turned, and the feeling of the material the lens is made of. Each respondent completed one hand-written survey per lens, which included both scale-ranking questions as well as open-ended, qualitative questions. The results of these surveys were then analyzed on both a quantitative and <a href=\"https:\/\/www.sisinternational.com\/es\/future-trends-in-qualitative-market-research\/\" title=\"Future Trends in Qualitative Market Research\"  data-wpil-monitor-id=\"10719\">qualitative level to uncover market trends<\/a>.<\/p>\n\n\n\n<p><strong>Hallazgos y conclusiones<\/strong><\/p>\n\n\n\n<p>El an\u00e1lisis de estos cuestionarios arroj\u00f3 varios hallazgos clave, entre ellos:<\/p>\n\n\n\n<p>El cliente se dio cuenta de la oportunidad que supone fabricar anillos de zoom y enfoque que requieran un m\u00ednimo esfuerzo para ajustarlos y que, al mismo tiempo, mantengan una sensaci\u00f3n de precisi\u00f3n y robustez. Esto surgi\u00f3 a partir del sorprendente hallazgo de que este era el factor determinante m\u00e1s importante de la calidad general de la lente. Las entrevistas en profundidad con encuestados seleccionados pusieron de relieve la necesidad de tener lentes que hagan el menor ruido posible cuando se trabaja en entornos profesionales para no distraer a los sujetos de las fotograf\u00edas, lo que representa una oportunidad para comercializar lentes silenciosas para fot\u00f3grafos profesionales. El an\u00e1lisis de la encuesta revel\u00f3 que el peso de la lente es un fuerte determinante de su sensaci\u00f3n general de durabilidad. Dado que estas lentes son una inversi\u00f3n importante (muchas lentes de alta gama se venden por m\u00e1s de $1000), los consumidores quieren sentir que est\u00e1n comprando un producto que durar\u00e1. El cliente pudo entonces reconocer el valor del mensaje de una lente resistente y duradera que durar\u00e1 toda la vida.<\/p>\n\n\n\n<h2 class=\"wp-block-heading\">Acerca de la investigaci\u00f3n de mercado de pruebas de productos SIS<\/h2>\n\n\n\n<p><a href=\"https:\/\/twitter.com\/SISIntlResearch\" target=\"_blank\" rel=\"noopener\"><span style=\"font-weight: 400;\">SIS<\/span><\/a> es una empresa l\u00edder en investigaci\u00f3n de mercados. Hemos realizado miles de pruebas en Estados Unidos y en todo el mundo. Las pruebas de productos se centran en los detalles y requieren experiencia para garantizar que se realicen de manera eficaz. Nosotros ofrecemos esa experiencia.<\/p>\n\n\n\n<h3 class=\"wp-block-heading\">Nuestras soluciones de investigaci\u00f3n de productos incluyen:<\/h3>\n\n\n\n<ul class=\"wp-block-list\">\n<li>Pruebas secuenciales de productos mon\u00e1dicos<\/li>\n\n\n\n<li>Pruebas de productos mon\u00e1dicos<\/li>\n\n\n\n<li>Etnograf\u00eda<\/li>\n\n\n\n<li>Pruebas de uso en el hogar<\/li>\n\n\n\n<li><a href=\"https:\/\/www.sisinternational.com\/es\/soluciones\/soluciones-de-investigacion-cualitativa-cuantitativa\/pruebas-de-ubicacion-central-vs-grupos-focales\/\" title=\"Pruebas de ubicaci\u00f3n central vs. grupos focales\" data-wpil-monitor-id=\"10715\">Pruebas de ubicaci\u00f3n central<\/a><\/li>\n\n\n\n<li>Grupos de discusi\u00f3n<\/li>\n\n\n\n<li>Etnograf\u00eda m\u00f3vil<\/li>\n<\/ul>\n\n\n\n<p><a href=\"https:\/\/www.linkedin.com\/company\/sisinternationalresearch\/\" target=\"_blank\" rel=\"noopener\"><span style=\"font-weight: 400;\">SIS Internacional<\/span><\/a> offers Quantitative, Qualitative, and Strategy Research. We provide data, tools, strategies, reports, and insights for decision-making. We also conduct interviews, surveys, focus groups, and many other <a href=\"https:\/\/www.sisinternational.com\/es\/quantitative-market-research-methods-and-techniques\/\" title=\"Quantitative Market Research Methods and Techniques\" data-wpil-monitor-id=\"10714\">Market Research methods<\/a> and approaches. Contact us for your <a href=\"https:\/\/www.sisinternational.com\/es\/pericia\/industrias\/investigacion-de-mercado-de-tecnologias-de-proxima-generacion\/\" title=\"Investigaci\u00f3n de mercado de tecnolog\u00edas de pr\u00f3xima generaci\u00f3n\" data-wpil-monitor-id=\"10716\">next Market Research<\/a> proyecto.<\/p>","protected":false},"excerpt":{"rendered":"<p>SIS es una empresa l\u00edder en Investigaci\u00f3n de Mercados. La investigaci\u00f3n de mercado de pruebas de productos proporciona informaci\u00f3n y datos a las empresas que lanzan nuevos productos.<\/p>","protected":false},"author":1,"featured_media":66987,"parent":14514,"menu_order":1,"comment_status":"closed","ping_status":"closed","template":"","meta":{"footnotes":""},"class_list":["post-12926","page","type-page","status-publish","has-post-thumbnail"],"_links":{"self":[{"href":"https:\/\/www.sisinternational.com\/es\/wp-json\/wp\/v2\/pages\/12926","targetHints":{"allow":["GET"]}}],"collection":[{"href":"https:\/\/www.sisinternational.com\/es\/wp-json\/wp\/v2\/pages"}],"about":[{"href":"https:\/\/www.sisinternational.com\/es\/wp-json\/wp\/v2\/types\/page"}],"author":[{"embeddable":true,"href":"https:\/\/www.sisinternational.com\/es\/wp-json\/wp\/v2\/users\/1"}],"replies":[{"embeddable":true,"href":"https:\/\/www.sisinternational.com\/es\/wp-json\/wp\/v2\/comments?post=12926"}],"version-history":[{"count":8,"href":"https:\/\/www.sisinternational.com\/es\/wp-json\/wp\/v2\/pages\/12926\/revisions"}],"predecessor-version":[{"id":81756,"href":"https:\/\/www.sisinternational.com\/es\/wp-json\/wp\/v2\/pages\/12926\/revisions\/81756"}],"up":[{"embeddable":true,"href":"https:\/\/www.sisinternational.com\/es\/wp-json\/wp\/v2\/pages\/14514"}],"wp:featuredmedia":[{"embeddable":true,"href":"https:\/\/www.sisinternational.com\/es\/wp-json\/wp\/v2\/media\/66987"}],"wp:attachment":[{"href":"https:\/\/www.sisinternational.com\/es\/wp-json\/wp\/v2\/media?parent=12926"}],"curies":[{"name":"wp","href":"https:\/\/api.w.org\/{rel}","templated":true}]}}