{"id":12895,"date":"2015-01-18T11:45:45","date_gmt":"2015-01-18T11:45:45","guid":{"rendered":"https:\/\/www.sisinternational.com\/?page_id=12895"},"modified":"2025-09-16T14:03:47","modified_gmt":"2025-09-16T18:03:47","slug":"investigacion-de-mercado-del-sudeste-asiatico","status":"publish","type":"page","link":"https:\/\/www.sisinternational.com\/es\/cobertura\/investigacion-de-mercado-asia\/investigacion-de-mercado-del-sudeste-asiatico\/","title":{"rendered":"Investigaci\u00f3n de mercado en el sudeste asi\u00e1tico"},"content":{"rendered":"<h1 class=\"wp-block-heading\">Investigaci\u00f3n de mercado en el sudeste asi\u00e1tico<\/h1>\n\n\n\n<h2 class=\"wp-block-heading\">&nbsp;<\/h2>\n\n\n\n<figure class=\"gb-block-image gb-block-image-f3d69311\"><img loading=\"lazy\" decoding=\"async\" width=\"1456\" height=\"816\" class=\"gb-image gb-image-f3d69311\" src=\"https:\/\/www.sisinternational.com\/wp-content\/uploads\/2025\/09\/Thailand-1.jpg\" alt=\"Investigaci\u00f3n y estrategia de mercado internacional de SIS\" title=\"Thailand (1)\" srcset=\"https:\/\/www.sisinternational.com\/wp-content\/uploads\/2025\/09\/Thailand-1.jpg 1456w, https:\/\/www.sisinternational.com\/wp-content\/uploads\/2025\/09\/Thailand-1-300x168.jpg 300w, https:\/\/www.sisinternational.com\/wp-content\/uploads\/2025\/09\/Thailand-1-1024x574.jpg 1024w, https:\/\/www.sisinternational.com\/wp-content\/uploads\/2025\/09\/Thailand-1-768x430.jpg 768w, https:\/\/www.sisinternational.com\/wp-content\/uploads\/2025\/09\/Thailand-1-18x10.jpg 18w\" sizes=\"auto, (max-width: 1456px) 100vw, 1456px\"><\/figure>\n\n\n\n<p><\/p>\n\n\n\n<h2 class=\"wp-block-heading\">SIS International Southeast Asia gu\u00eda a sus clientes para navegar a trav\u00e9s de las numerosas oportunidades y desaf\u00edos que implica realizar investigaciones en el Sudeste Asi\u00e1tico.<\/h2>\n\n\n\n<p>El principal desaf\u00edo que se suele encontrar es el \u201cidioma\u201d, ya que en cada pa\u00eds se hablan entre cinco y cientos de idiomas. En Indonesia hay m\u00e1s de 700 idiomas y en Filipinas, aunque el ingl\u00e9s y el filipino son los idiomas oficiales, se hablan 185 idiomas.<\/p>\n\n\n\n<p>A diferencia de la mayor\u00eda de las econom\u00edas occidentales y desarrolladas, los datos de investigaci\u00f3n secundaria (tanto online como offline) son limitados. La transparencia gubernamental no se practica de manera sistem\u00e1tica y existe censura para el contenido online.<\/p>\n\n\n\n<h2 class=\"wp-block-heading p1\">Haciendo negocios en el sudeste asi\u00e1tico:<\/h2>\n\n\n\n<p><span style=\"color: #003366;\">The weather can have a major impact on fieldwork<\/span><br><br>La mayor\u00eda de los pa\u00edses de la regi\u00f3n se encuentran dentro de la trayectoria de los tifones tropicales anuales. Entre mayo y octubre de cada a\u00f1o, el Sudeste Asi\u00e1tico sufre fuertes lluvias y tifones que afectan gravemente la programaci\u00f3n del trabajo de campo y la movilidad debido a las inundaciones y a los cortes de electricidad y telecomunicaciones, especialmente en pa\u00edses con infraestructura deficiente.<\/p>\n\n\n\n<p><span style=\"color: #003366;\">La congesti\u00f3n del tr\u00e1fico vehicular limita la movilidad<\/span><br>En las \u00e1reas urbanas y metropolitanas, la falta de transporte p\u00fablico eficiente, el enorme volumen de veh\u00edculos, la falta de una gesti\u00f3n eficaz y los proyectos de infraestructura a gran escala causan congesti\u00f3n que afecta el tiempo y la programaci\u00f3n del trabajo de campo. Esto limita el n\u00famero de visitas domiciliarias y entrevistas en profundidad (IDI) por d\u00eda, ya que el viaje de un \u00e1rea a otra lleva mucho m\u00e1s tiempo.<\/p>\n\n\n\n<p><span style=\"color: #003366;\">Tenga en cuenta las cuestiones de seguridad durante la noche.<\/span><br><br>La movilidad de las masas es limitada debido a la falta de transporte p\u00fablico fiable, los delitos menores y las pr\u00e1cticas inescrupulosas de los taxistas. Tambi\u00e9n es dif\u00edcil programar entrevistas a altas horas de la noche; la programaci\u00f3n suele realizarse durante el d\u00eda hasta las primeras horas de la noche para garantizar la seguridad de los encuestados y del equipo de investigaci\u00f3n.<\/p>\n\n\n\n<p><span style=\"color: #003366;\">Se deber\u00e1 tener el debido respeto y cumplimiento de los horarios de oraci\u00f3n y fiestas religiosas.<\/span><br>En pa\u00edses predominantemente cristianos como Filipinas y Timor Oriental, la Pascua y la Navidad son d\u00edas festivos importantes, y los comercios cierran una o dos semanas antes, durante y despu\u00e9s de estos d\u00edas festivos. En pa\u00edses predominantemente musulmanes como Indonesia, Brunei y Malasia, las visitas domiciliarias y las entrevistas deben programarse teniendo en cuenta los horarios de oraci\u00f3n y las festividades religiosas.<\/p>\n\n\n\n<p><span style=\"color: #003366;\">Comprender la cultura de la hospitalidad y la jerarqu\u00eda.<\/span><br><br>En la mayor\u00eda de las sociedades del Sudeste Asi\u00e1tico, los extranjeros, en especial los occidentales, siguen gozando de gran consideraci\u00f3n. Existe un alto grado de servicio y respeto, lo que se traduce en deferencia y aceptaci\u00f3n, lo que a menudo puede malinterpretarse como una falta de iniciativa y de aportaci\u00f3n anal\u00edtica.<\/p>\n\n\n\n<p><span style=\"color: #003366;\">Reconocer la existencia continua de las Sociedades Patriarcales.<\/span><br><br>Si bien se est\u00e1n produciendo una industrializaci\u00f3n masiva y un empoderamiento femenino en toda SEA, todav\u00eda existe un fuerte enfoque subyacente en la deferencia a la opini\u00f3n y direcci\u00f3n de los miembros masculinos de la familia, las empresas y la sociedad en general. Al realizar discusiones de grupos focales o visitas domiciliarias, es posible que la mayor\u00eda de las mujeres encuestadas no puedan expresar abiertamente sus perspectivas cuando se les pregunta en presencia de un hombre.<\/p>\n\n\n\n<p><span style=\"color: #003366;\">Aprenda pr\u00e1cticas adecuadas de comunicaci\u00f3n y retroalimentaci\u00f3n.<\/span><br><br>En toda la cultura asi\u00e1tica, la amabilidad, la diplomacia y el respeto son esenciales en la comunicaci\u00f3n. El lenguaje directo y las exigencias se responden con silencio y acuerdo, pero no necesariamente con comprensi\u00f3n, aceptaci\u00f3n y cumplimiento. Las opiniones o comentarios negativos tambi\u00e9n son culturalmente inaceptables. Por lo tanto, se necesita un enfoque positivo para compartir informaci\u00f3n y cr\u00edticas constructivas para tener una comunicaci\u00f3n abierta y transparente y una ejecuci\u00f3n adecuada del proyecto.<\/p>\n\n\n\n<p><span style=\"color: #003366;\">Establecer una relaci\u00f3n e interacci\u00f3n personal<\/span><br><br>Es muy importante establecer una relaci\u00f3n personal, ya sea al realizar negocios o entrevistas. Aunque existe una adopci\u00f3n generalizada de la tecnolog\u00eda en t\u00e9rminos de telecomunicaciones m\u00f3viles e Internet, una reuni\u00f3n personal debe preceder a las transacciones comerciales, y las entrevistas en profundidad deben realizarse cara a cara. Existe una aceptaci\u00f3n muy baja de las encuestas en l\u00ednea, ya que existe una desconfianza general y se percibe como inapropiado pedir la opini\u00f3n y el punto de vista de alguien sin estar f\u00edsicamente presente. Por lo tanto, las mejores opciones son las entrevistas personales asistidas por computadora o las encuestas en l\u00ednea en las instalaciones para fomentar una ejecuci\u00f3n exitosa.<\/p>\n\n\n\n<p><span style=\"color: #003366;\">Always consider the localization of concepts and the nuances of Language.<\/span><br><br>Concepts and context must be clearly understood. SEA languages are contextual, and definitions and meanings are affected by different tones; the same words with slight differences in tones can mean something completely different. It is essential that project objectives, screeners, questionnaires, and expected outputs are discussed and understood in detail before the project. There must be an emphasis on proper translation of documents as rough interpretations may totally change meanings and definitions.<\/p>\n\n\n\n<h2 class=\"wp-block-heading\">Factores claves del \u00e9xito<\/h2>\n\n\n\n<p><\/p>\n\n\n\n<figure class=\"gb-block-image gb-block-image-f95ba4ce\"><img loading=\"lazy\" decoding=\"async\" width=\"1456\" height=\"816\" class=\"gb-image gb-image-f95ba4ce\" src=\"https:\/\/www.sisinternational.com\/wp-content\/uploads\/2025\/09\/Vietnam-2.jpg\" alt=\"Investigaci\u00f3n y estrategia de mercado internacional de SIS\" title=\"Vietnam (2)\" srcset=\"https:\/\/www.sisinternational.com\/wp-content\/uploads\/2025\/09\/Vietnam-2.jpg 1456w, https:\/\/www.sisinternational.com\/wp-content\/uploads\/2025\/09\/Vietnam-2-300x168.jpg 300w, https:\/\/www.sisinternational.com\/wp-content\/uploads\/2025\/09\/Vietnam-2-1024x574.jpg 1024w, https:\/\/www.sisinternational.com\/wp-content\/uploads\/2025\/09\/Vietnam-2-768x430.jpg 768w, https:\/\/www.sisinternational.com\/wp-content\/uploads\/2025\/09\/Vietnam-2-18x10.jpg 18w\" sizes=\"auto, (max-width: 1456px) 100vw, 1456px\"><\/figure>\n\n\n\n<p><strong>Estudios cuantitativos<\/strong><\/p>\n\n\n\n<p>Las investigaciones cuantitativas de mercado exitosas suelen realizarse cara a cara, ya sea mediante intercepciones o puerta a puerta. La interacci\u00f3n personal es imprescindible en el sudeste asi\u00e1tico y, a pesar de la amplia adopci\u00f3n del uso de Internet y los tel\u00e9fonos m\u00f3viles, las entrevistas todav\u00eda se realizan en persona. El bajo costo de la mano de obra y los costos operativos permiten la ejecuci\u00f3n econ\u00f3mica de entrevistas personales con ayuda de papel. Dado que las encuestas en l\u00ednea a menudo no se ejecutan correctamente y con \u00e9xito, una alternativa en crecimiento son las entrevistas personales asistidas por computadora, que se realizan en las instalaciones o mediante dispositivos port\u00e1tiles (en \u00e1reas urbanas). Por lo tanto, en SIS International, contamos con nuestros recursos sobre el terreno para garantizar la ejecuci\u00f3n local, eficiente y exitosa de los estudios de trabajo de campo.<\/p>\n\n\n\n<p><strong>Estudios Cualitativos<\/strong><\/p>\n\n\n\n<p>Las entrevistas de investigaci\u00f3n de mercado cualitativa todav\u00eda se realizan tradicionalmente, aunque existe una creciente adopci\u00f3n de nuevas tecnolog\u00edas y procesos mediante el uso de software y plataformas innovadoras.<\/p>\n\n\n\n<p><strong>Inteligencia competitiva y entrevistas entre empresas (B2B)<\/strong><\/p>\n\n\n\n<p>Aunque a menudo resulta dif\u00edcil al principio debido a la falta de bases de datos y materiales secundarios para identificar a los encuestados adecuados, una vez que se establecen conexiones profesionales y personales, la mayor\u00eda de los habitantes del sudeste asi\u00e1tico suelen ser abiertos, serviciales y ansiosos de compartir informaci\u00f3n con otro profesional.<\/p>\n\n\n\n<p>Los proveedores de paneles han aumentado su cobertura en la regi\u00f3n, en vista de la creciente demanda de acceso al mercado, panorama de la industria y estudios competitivos. Las mejores fuentes siguen siendo las membres\u00edas en grupos profesionales, sociales, religiosos y de pr\u00e1ctica.<\/p>\n\n\n\n<h2 class=\"wp-block-heading\">C\u00f3mo la investigaci\u00f3n de mercado de SIS International en el sudeste asi\u00e1tico ayuda a las empresas<\/h2>\n\n\n\n<p><a href=\"https:\/\/www.linkedin.com\/company\/sisinternationalresearch\/\" target=\"_blank\" rel=\"noopener\"><span style=\"font-weight: 400;\">SIS Internacional<\/span><\/a>La investigaci\u00f3n de mercado de en el Sudeste Asi\u00e1tico proporciona a las empresas los conocimientos esenciales necesarios para desenvolverse en una de las regiones m\u00e1s diversas y de m\u00e1s r\u00e1pido crecimiento del mundo. El Sudeste Asi\u00e1tico, que comprende pa\u00edses como Indonesia, Vietnam, Tailandia, Filipinas y Malasia, alberga econom\u00edas en r\u00e1pida expansi\u00f3n, clases medias en ascenso y un creciente apetito por la innovaci\u00f3n y los bienes de consumo. A continuaci\u00f3n, se muestra c\u00f3mo nuestra investigaci\u00f3n de mercado ayuda a las empresas a aprovechar las oportunidades que presenta esta din\u00e1mica regi\u00f3n:<\/p>\n\n\n\n<ul class=\"wp-block-list\">\n<li><p><strong>Comprender la diversidad del mercado<\/strong>:<\/p>\n<ul class=\"wp-block-list\">\n<li>Nuestro <a href=\"https:\/\/www.sisinternational.com\/es\/oportunidades-de-mercado-en-el-sudeste-asiatico\/\" title=\"Investigaci\u00f3n de oportunidades de mercado en el sudeste asi\u00e1tico\" data-wpil-monitor-id=\"2460\">market research in Southeast Asia<\/a> helps businesses understand the distinct characteristics of each market, from consumer behavior in urban centers like Jakarta and Bangkok to the unique business environments in emerging economies such as Cambodia and Myanmar. This deep understanding allows businesses to tailor their strategies to the needs and preferences of each market, increasing the likelihood of success.<br><\/li>\n<\/ul>\n<\/li>\n\n\n\n<li><p><strong>Identificaci\u00f3n de sectores y oportunidades de crecimiento<\/strong>:<\/p>\n<ul class=\"wp-block-list\">\n<li>Nuestra investigaci\u00f3n identifica las industrias de m\u00e1s r\u00e1pido crecimiento y ofrece a las empresas una hoja de ruta para ingresar a estos mercados de alto potencial. Ya sea que una empresa est\u00e9 buscando invertir en el floreciente panorama tecnol\u00f3gico de Vietnam o aprovechar la creciente clase media de Indonesia, nuestros conocimientos garantizan que las empresas est\u00e9n bien posicionadas para aprovechar oportunidades lucrativas.<br><\/li>\n<\/ul>\n<\/li>\n\n\n\n<li><p><strong>C\u00f3mo navegar por las regulaciones locales y la entrada al mercado<\/strong>:<\/p>\n<ul class=\"wp-block-list\">\n<li>SIS ayuda a las empresas a sortear las leyes locales, los acuerdos comerciales y los obst\u00e1culos regulatorios. Al comprender el panorama regulatorio en pa\u00edses como Singapur, que funciona como centro de negocios, o en mercados m\u00e1s complejos como Tailandia, las empresas pueden minimizar los riesgos y garantizar el cumplimiento normativo al ingresar a nuevos mercados.<br><\/li>\n<\/ul>\n<\/li>\n\n\n\n<li><p><strong>Comportamiento y preferencias del consumidor<\/strong>:<\/p>\n<ul class=\"wp-block-list\">\n<li>Nuestro equipo descubre los factores que impulsan las decisiones de los consumidores en toda la regi\u00f3n, incluidos el poder adquisitivo, la lealtad a la marca y el comportamiento digital. Esto permite a las empresas adaptar sus estrategias de marketing y productos para alinearlas con las preferencias de los diferentes grupos demogr\u00e1ficos.<br><\/li>\n<\/ul>\n<\/li>\n\n\n\n<li><p><strong>Adaptaci\u00f3n a las tendencias digitales y del comercio electr\u00f3nico<\/strong>:<\/p>\n<ul class=\"wp-block-list\">\n<li>En pa\u00edses como Vietnam y Filipinas, las compras en l\u00ednea y los servicios digitales est\u00e1n adoptando r\u00e1pidamente la tecnolog\u00eda. Nuestra investigaci\u00f3n ayuda a las empresas a mantenerse a la vanguardia de estas tendencias, ya que proporciona datos sobre el uso de Internet, la adopci\u00f3n de dispositivos m\u00f3viles y el crecimiento del comercio electr\u00f3nico. Con estos conocimientos, las empresas pueden aprovechar las plataformas digitales para llegar a sus audiencias objetivo y mejorar la interacci\u00f3n con los clientes.<\/li>\n<\/ul>\n<\/li>\n<\/ul>\n\n\n\n<h2 class=\"wp-block-heading\">&nbsp;<\/h2>\n\n\n\n<h2 class=\"wp-block-heading\">Acerca de SIS Internacional<\/h2>\n\n\n\n<p><a href=\"https:\/\/www.sisinternational.com\/es\/\">SIS Internacional<\/a> ofrece investigaci\u00f3n cuantitativa, cualitativa y estrat\u00e9gica. Proporcionamos datos, herramientas, estrategias, informes y conocimientos para la toma de decisiones. Tambi\u00e9n realizamos entrevistas, encuestas, grupos focales y otros m\u00e9todos y enfoques de investigaci\u00f3n de mercado.<a href=\"https:\/\/www.sisinternational.com\/es\/sobre-la-investigacion-internacional-de-sis\/contact-sis-international-market-research\/\"> P\u00f3ngase en contacto con nosotros<\/a> para su pr\u00f3ximo proyecto de Investigaci\u00f3n de Mercado.<\/p>","protected":false},"excerpt":{"rendered":"<p>Descubra c\u00f3mo hacer crecer su negocio en el sudeste asi\u00e1tico.<\/p>","protected":false},"author":1,"featured_media":65734,"parent":14508,"menu_order":1,"comment_status":"closed","ping_status":"closed","template":"","meta":{"footnotes":""},"class_list":["post-12895","page","type-page","status-publish","has-post-thumbnail"],"_links":{"self":[{"href":"https:\/\/www.sisinternational.com\/es\/wp-json\/wp\/v2\/pages\/12895","targetHints":{"allow":["GET"]}}],"collection":[{"href":"https:\/\/www.sisinternational.com\/es\/wp-json\/wp\/v2\/pages"}],"about":[{"href":"https:\/\/www.sisinternational.com\/es\/wp-json\/wp\/v2\/types\/page"}],"author":[{"embeddable":true,"href":"https:\/\/www.sisinternational.com\/es\/wp-json\/wp\/v2\/users\/1"}],"replies":[{"embeddable":true,"href":"https:\/\/www.sisinternational.com\/es\/wp-json\/wp\/v2\/comments?post=12895"}],"version-history":[{"count":7,"href":"https:\/\/www.sisinternational.com\/es\/wp-json\/wp\/v2\/pages\/12895\/revisions"}],"predecessor-version":[{"id":76806,"href":"https:\/\/www.sisinternational.com\/es\/wp-json\/wp\/v2\/pages\/12895\/revisions\/76806"}],"up":[{"embeddable":true,"href":"https:\/\/www.sisinternational.com\/es\/wp-json\/wp\/v2\/pages\/14508"}],"wp:featuredmedia":[{"embeddable":true,"href":"https:\/\/www.sisinternational.com\/es\/wp-json\/wp\/v2\/media\/65734"}],"wp:attachment":[{"href":"https:\/\/www.sisinternational.com\/es\/wp-json\/wp\/v2\/media?parent=12895"}],"curies":[{"name":"wp","href":"https:\/\/api.w.org\/{rel}","templated":true}]}}