{"id":11829,"date":"2014-11-28T18:19:52","date_gmt":"2014-11-28T18:19:52","guid":{"rendered":"https:\/\/www.sisinternational.com\/?page_id=11829"},"modified":"2026-03-12T23:50:03","modified_gmt":"2026-03-13T03:50:03","slug":"investigacion-de-oportunidades-de-entrada-al-mercado","status":"publish","type":"page","link":"https:\/\/www.sisinternational.com\/es\/market-entry-intelligence-page\/investigacion-de-oportunidades-de-entrada-al-mercado\/","title":{"rendered":"Investigaci\u00f3n de oportunidades y entrada al mercado"},"content":{"rendered":"<h1 class=\"wp-block-heading entry-title\">Investigaci\u00f3n de oportunidades y entrada al mercado<\/h1>\n\n\n\n<p><\/p>\n\n\n\n<figure class=\"gb-block-image gb-block-image-c87852c5\"><img loading=\"lazy\" decoding=\"async\" width=\"1456\" height=\"816\" class=\"gb-image gb-image-c87852c5\" src=\"https:\/\/www.sisinternational.com\/wp-content\/uploads\/2025\/09\/Market-Entry-Consulting-in-China-1.jpg\" srcset=\"https:\/\/www.sisinternational.com\/wp-content\/uploads\/2025\/09\/Market-Entry-Consulting-in-China-1.jpg 1456w, https:\/\/www.sisinternational.com\/wp-content\/uploads\/2025\/09\/Market-Entry-Consulting-in-China-1-300x168.jpg 300w, https:\/\/www.sisinternational.com\/wp-content\/uploads\/2025\/09\/Market-Entry-Consulting-in-China-1-1024x574.jpg 1024w, https:\/\/www.sisinternational.com\/wp-content\/uploads\/2025\/09\/Market-Entry-Consulting-in-China-1-768x430.jpg 768w, https:\/\/www.sisinternational.com\/wp-content\/uploads\/2025\/09\/Market-Entry-Consulting-in-China-1-18x10.jpg 18w\" sizes=\"auto, (max-width: 1456px) 100vw, 1456px\" alt=\"Investigaci\u00f3n y estrategia de mercado internacional de SIS\"><\/figure>\n\n\n\n<p><\/p>\n\n\n\n<h2 class=\"wp-block-heading p1\">SIS Strategy puede ayudarle a explorar oportunidades en nuevas geograf\u00edas y sectores industriales.<\/h2>\n\n\n\n<p class=\"p1\">With Market Entry and Opportunity Research, we start by understanding your objectives, then the context of your business within the local or global trends most impacting your decisions. Through our research arm, SIS can further tap into the \u201cVoice of the Customer,\u201d exploring the impact and appetite towards your product or service. Our Competitive Intelligence services will further help you glean insight into the competitive landscape, including possible market adjustments or even investment\/divestment opportunities.&nbsp;Working closely with our local offices\u2014Shanghai, Manila, Seoul, London, and Frankfurt, to name a few\u2014as well as our extensive database of local <a href=\"https:\/\/www.sisinternational.com\/es\/investigacion-de-oportunidades-de-entrada-al-mercado-china\/\" title=\"Investigaci\u00f3n de oportunidades y entrada de mercado en China\"  data-wpil-monitor-id=\"3606\">market entry and Opportunity<\/a> knowledge, we connect you with incisive intelligence to rapidly capture new opportunities in the marketplace.<\/p>\n\n\n\n<p>Desde sus objetivos hasta el contexto del mercado, continuamos desarrollando la inteligencia sobre el terreno que m\u00e1s importa. Luego, esta inteligencia se utiliza para generar ideas y recomendaciones clave, junto con las decisiones de hacer\/asociarse\/comprar e ir\/no ir que necesita explorar al pensar en la entrada en l\u00edneas de productos nuevas o en la extensi\u00f3n de las existentes.<\/p>\n\n\n\n<h2 class=\"wp-block-heading\">Oportunidades de mercado y temas de entrada<\/h2>\n\n\n\n<ul class=\"wp-block-list\">\n<li>Panorama del mercado: \u00bfOfrece el mercado suficientes unidades y volumen de ventas para ingresar al mercado?<\/li>\n\n\n\n<li>Market Size&nbsp;\u2013 units and revenue volume<\/li>\n\n\n\n<li>Panorama competitivo: \u00bfqui\u00e9nes son los principales competidores?<\/li>\n\n\n\n<li>Canales de distribuci\u00f3n<\/li>\n\n\n\n<li>OEM: \u00bfQui\u00e9nes son los principales OEM? \u00bfPuede desarrollar una relaci\u00f3n con ellos?<\/li>\n\n\n\n<li>Barreras de entrada sociales, pol\u00edticas y legales<\/li>\n\n\n\n<li>Necesidades nacionales cubiertas por proveedores locales e internacionales.<\/li>\n\n\n\n<li>Necesidades del mercado insatisfechas<\/li>\n\n\n\n<li>Estrategia para colocar precios<\/li>\n\n\n\n<li>Estrategia promocional<\/li>\n\n\n\n<li>\u00c1reas de oportunidad de mercado<\/li>\n\n\n\n<li>Conclusiones y Recomendaciones<\/li>\n<\/ul>\n\n\n\n<h4 class=\"wp-block-heading\">Through our research arm, SIS can further tap into the \u201cVoice of the Customer\u201d, exploring the impact and appetite towards your product or service.&nbsp; Our Competitive Intelligence services will further help you glean insight into the competitive landscape, including possible market adjustments or even investment\/divestment opportunities.<\/h4>\n\n\n\n<h2 class=\"wp-block-heading\"><\/h2>\n\n\n\n<h2 class=\"wp-block-heading\">\u00bfQu\u00e9 es la investigaci\u00f3n de oportunidades de mercado?<\/h2>\n\n\n\n<p>Una oportunidad de mercado (MO) es un producto o servicio potencial que los consumidores pueden desear. De hecho, si otras empresas no lo suministran, ah\u00ed radica la oportunidad. Por lo tanto, es esencial obtener tantos detalles como sea posible al respecto para poder beneficiarse de un nuevo mercado. Ah\u00ed es donde entra en juego la investigaci\u00f3n de mercado. La investigaci\u00f3n de mercado permite a una empresa obtener m\u00e1s informaci\u00f3n sobre la demanda en nuevos mercados. Al realizar su investigaci\u00f3n sobre MO, hay algunas \u00e1reas clave a tener en cuenta:<\/p>\n\n\n\n<h3 class=\"wp-block-heading\">1. Investigue a sus clientes y a su competencia.<\/h3>\n\n\n\n<p>Utilice la investigaci\u00f3n de mercado para comprender en profundidad a sus clientes y rivales. Le ayudar\u00e1 a ver si la demanda del producto\/servicio es genuina y si vale la pena correr el riesgo de que su empresa se expanda a un nuevo mercado.<\/p>\n\n\n\n<h3 class=\"wp-block-heading\">2. Obtenga una visi\u00f3n de alto nivel del mercado.<\/h3>\n\n\n\n<p>Al realizar una investigaci\u00f3n, es esencial obtener una visi\u00f3n profunda del mercado. Por ejemplo, debes preguntar:<\/p>\n\n\n\n<ul class=\"wp-block-list\">\n<li>\u00bfCu\u00e1l es el tama\u00f1o del mercado?<\/li>\n\n\n\n<li>\u00bfA qu\u00e9 velocidad se expande o contrae?<\/li>\n\n\n\n<li>\u00bfCu\u00e1ntos compradores hay?<\/li>\n\n\n\n<li>\u00bfQu\u00e9 tan intensa es la competencia?<\/li>\n<\/ul>\n\n\n\n<h3 class=\"wp-block-heading\">3. Explore otras oportunidades.<\/h3>\n\n\n\n<p>Tambi\u00e9n tiene sentido buscar otras opciones. Muchas empresas con un historial comprobado de \u00e9xito tienen esto en cuenta. Otro punto clave es que estar al tanto del mercado te permitir\u00e1 encontrar nuevas formas de expandir tu marca. Tambi\u00e9n te permitir\u00e1 superar a tus rivales.<\/p>\n\n\n\n<h4 class=\"wp-block-heading\">4. Comprender el entorno empresarial.<\/h4>\n\n\n\n<p>Muchas cosas pueden afectar el funcionamiento de las empresas. Algunos ejemplos son el desarrollo tecnol\u00f3gico, los indicadores econ\u00f3micos y los cambios geopol\u00edticos. Por ejemplo, el Brexit en el Reino Unido, donde la naci\u00f3n abandon\u00f3 la UE, caus\u00f3 muchos problemas. La salida del Reino Unido de la UE aument\u00f3 la presi\u00f3n sobre las cadenas de suministro que salen del pa\u00eds. Del mismo modo, llevar mercanc\u00edas al resto de Europa se convirti\u00f3 en un desaf\u00edo.<\/p>\n\n\n\n<h2 class=\"wp-block-heading\">\u00bfPor qu\u00e9 es importante la investigaci\u00f3n de oportunidades de mercado?<\/h2>\n\n\n\n<p>Una oportunidad de mercado es una posibilidad para cualquier empresa en crecimiento de establecerse en un nuevo mercado, por ejemplo, con muchos tipos diferentes de tel\u00e9fonos inteligentes. En los primeros d\u00edas de la industria telef\u00f3nica, exist\u00edan los tel\u00e9fonos inteligentes. Pero ninguno de ellos ten\u00eda una pantalla t\u00e1ctil intuitiva. Eso fue hasta que Apple se dio cuenta de que hab\u00eda demanda. Entonces, crearon un tel\u00e9fono port\u00e1til intuitivo con muchas funciones. Y en respuesta, lanzaron el iPhone en junio de 2007. La oportunidad, junto con la reacci\u00f3n de Apple, cambi\u00f3 el panorama del mercado para siempre.<\/p>\n\n\n\n<h2 class=\"wp-block-heading\">T\u00edtulos de trabajo clave<\/h2>\n\n\n\n<p>There are notable jobs in Market Opportunity <a href=\"https:\/\/www.sisinternational.com\/es\/el-tesoro-de-datos-de-las-redes-sociales-para-investigadores-de-marketing\/\" title=\"Investigaci\u00f3n de mercado de redes sociales: oportunidades y desaf\u00edos\"  data-wpil-monitor-id=\"2710\">Estudios de mercado<\/a>.<\/p>\n\n\n\n<ul class=\"wp-block-list\">\n<li>Analista de Investigaci\u00f3n de Mercado<\/li>\n\n\n\n<li>Analista de investigaci\u00f3n de datos<\/li>\n\n\n\n<li>Gerente de Mercadeo<\/li>\n<\/ul>\n\n\n\n<h2 class=\"wp-block-heading\">Por qu\u00e9 las empresas necesitan una investigaci\u00f3n de oportunidades de mercado<\/h2>\n\n\n\n<p>Para que una empresa sobreviva y prospere, necesita aprovechar las oportunidades del mercado. Y para ello necesita informaci\u00f3n relevante sobre el mercado, que s\u00f3lo puede obtener con una buena investigaci\u00f3n de mercado. En casos como estos, es bueno recordar la frase &quot;Si no lo haces, alguien lo har\u00e1&quot;. Es mejor que primero se establezca en un nuevo mercado. Es mejor eso que que alguien m\u00e1s llegue antes que usted y levante las barreras de entrada.<\/p>\n\n\n\n<h2 class=\"wp-block-heading\">Factores claves del \u00e9xito<\/h2>\n\n\n\n<p>For a business is to be successful, it needs to be timely. It needs to be able to work with the most current info. It must also be able to find out the best <a href=\"https:\/\/www.sisinternational.com\/es\/el-cambiante-mercado-africano\/\" title=\"Investigaci\u00f3n de oportunidades de mercado en \u00c1frica\"  data-wpil-monitor-id=\"7247\">opportunities in the market<\/a>. Also, it needs to be thorough. A business that wants to move into a new market or expand must inform itself well. If not, that mistake can allow the competition to take hold of that new market for themselves.<\/p>\n\n\n\n<h2 class=\"wp-block-heading\">Acerca de la investigaci\u00f3n de oportunidades de mercado<\/h2>\n\n\n\n<p>Al realizar su investigaci\u00f3n de mercado, utilice todas las herramientas a su disposici\u00f3n. Ya existen muchas bases de datos en l\u00ednea para ofrecer una visi\u00f3n amplia del estado del mercado. Estos tendr\u00e1n un buen dise\u00f1o del informe de los hallazgos Cuantitativos y Cualitativos. Tenga en cuenta que los nichos de mercado necesitar\u00e1n datos espec\u00edficos. Adem\u00e1s, es f\u00e1cil obtener la informaci\u00f3n si encargas un proyecto de investigaci\u00f3n de mercado personalizado. Estos pueden utilizar muchas t\u00e9cnicas, incluidas encuestas, entrevistas y grupos focales. Estas son excelentes fuentes primarias que puede utilizar para aumentar la recopilaci\u00f3n de datos valiosos.<\/p>\n\n\n\n<p><\/p>\n\n\n\n<p><\/p>\n\n\n\n<p><\/p>","protected":false},"excerpt":{"rendered":"<p>SIS es una firma l\u00edder mundial en consultor\u00eda de estrategia e investigaci\u00f3n de mercado, que ofrece estrategias integrales de entrada y oportunidades de mercado.<\/p>","protected":false},"author":1,"featured_media":65573,"parent":84510,"menu_order":1,"comment_status":"closed","ping_status":"closed","template":"","meta":{"footnotes":""},"class_list":["post-11829","page","type-page","status-publish","has-post-thumbnail"],"_links":{"self":[{"href":"https:\/\/www.sisinternational.com\/es\/wp-json\/wp\/v2\/pages\/11829","targetHints":{"allow":["GET"]}}],"collection":[{"href":"https:\/\/www.sisinternational.com\/es\/wp-json\/wp\/v2\/pages"}],"about":[{"href":"https:\/\/www.sisinternational.com\/es\/wp-json\/wp\/v2\/types\/page"}],"author":[{"embeddable":true,"href":"https:\/\/www.sisinternational.com\/es\/wp-json\/wp\/v2\/users\/1"}],"replies":[{"embeddable":true,"href":"https:\/\/www.sisinternational.com\/es\/wp-json\/wp\/v2\/comments?post=11829"}],"version-history":[{"count":9,"href":"https:\/\/www.sisinternational.com\/es\/wp-json\/wp\/v2\/pages\/11829\/revisions"}],"predecessor-version":[{"id":80895,"href":"https:\/\/www.sisinternational.com\/es\/wp-json\/wp\/v2\/pages\/11829\/revisions\/80895"}],"up":[{"embeddable":true,"href":"https:\/\/www.sisinternational.com\/es\/wp-json\/wp\/v2\/pages\/84510"}],"wp:featuredmedia":[{"embeddable":true,"href":"https:\/\/www.sisinternational.com\/es\/wp-json\/wp\/v2\/media\/65573"}],"wp:attachment":[{"href":"https:\/\/www.sisinternational.com\/es\/wp-json\/wp\/v2\/media?parent=11829"}],"curies":[{"name":"wp","href":"https:\/\/api.w.org\/{rel}","templated":true}]}}