{"id":11786,"date":"2014-11-28T15:42:16","date_gmt":"2014-11-28T15:42:16","guid":{"rendered":"https:\/\/www.sisinternational.com\/?page_id=11786"},"modified":"2025-09-08T11:47:08","modified_gmt":"2025-09-08T15:47:08","slug":"carreras-en-sis-internacional","status":"publish","type":"page","link":"https:\/\/www.sisinternational.com\/es\/sobre-la-investigacion-internacional-de-sis\/carreras-en-sis-internacional\/","title":{"rendered":"Carreras en SIS Internacional"},"content":{"rendered":"<figure class=\"gb-block-image gb-block-image-ceeed9c5\"><img loading=\"lazy\" decoding=\"async\" width=\"1158\" height=\"775\" class=\"gb-image gb-image-ceeed9c5\" src=\"https:\/\/www.sisinternational.com\/wp-content\/uploads\/2018\/12\/SIS-Careers.jpg\" srcset=\"https:\/\/www.sisinternational.com\/wp-content\/uploads\/2018\/12\/SIS-Careers.jpg 1158w, https:\/\/www.sisinternational.com\/wp-content\/uploads\/2018\/12\/SIS-Careers-300x201.jpg 300w, https:\/\/www.sisinternational.com\/wp-content\/uploads\/2018\/12\/SIS-Careers-768x514.jpg 768w, https:\/\/www.sisinternational.com\/wp-content\/uploads\/2018\/12\/SIS-Careers-1024x685.jpg 1024w, https:\/\/www.sisinternational.com\/wp-content\/uploads\/2018\/12\/SIS-Careers-200x134.jpg 200w, https:\/\/www.sisinternational.com\/wp-content\/uploads\/2018\/12\/SIS-Careers-400x268.jpg 400w, https:\/\/www.sisinternational.com\/wp-content\/uploads\/2018\/12\/SIS-Careers-600x402.jpg 600w, https:\/\/www.sisinternational.com\/wp-content\/uploads\/2018\/12\/SIS-Careers-800x535.jpg 800w\" sizes=\"auto, (max-width: 1158px) 100vw, 1158px\" alt=\"Investigaci\u00f3n y estrategia de mercado internacional de SIS\"><\/figure>\n\n\n\n<p><\/p>\n\n\n\n<h2 class=\"wp-block-heading\">SIS International Research is a leading global Market Research and Strategy Research&nbsp;company.<\/h2>\n\n\n\n<p>Durante 40 a\u00f1os, SIS ha prestado servicios a muchas de las organizaciones m\u00e1s influyentes del mundo con conocimientos corporativos y soluciones estrat\u00e9gicas que les ayudan a abordar sus prioridades estrat\u00e9gicas.<\/p>\n\n\n\n<p>Our company is headquartered in New York City.&nbsp; We have offices in London and Shanghai.&nbsp; Other significant operations include Los Angeles, San Francisco, Boston, Miami, Chicago and Washington DC.<\/p>\n\n\n\n<p>Since our founding, we have cultivated a dynamic global team that encourages individual and team&nbsp;development. We work together across cultures and timezones in a fast-paced, internationally-focused&nbsp;workplace. We emphasize hands-on learning, teamwork and innovation.<\/p>\n\n\n\n<p>Our core business is providing conducting interviews and surveys, analyzing&nbsp;data and preparing reports. Our core solutions include Brand research, Market Intelligence, Strategy&nbsp;research, Fieldwork, Data Collection and Full-Service Market Research.<\/p>\n\n\n\n<h2 class=\"wp-block-heading p1\">Aspectos destacados de las carreras en SIS:<\/h2>\n\n\n\n<p>At SIS we are highly team-oriented. We work as a nimble, cohesive global team with&nbsp;professionals from diverse backgrounds and skills. This environment allows our&nbsp;vibrant team to communicate and collaborate effectively in a fast-paced global economy.<\/p>\n\n\n\n<p>En SIS, estamos comprometidos a fomentar un entorno empresarial diverso y multicultural en el que nuestros profesionales interact\u00faen con diferentes culturas. Nuestra perspectiva internacional nos anima a trabajar juntos en equipos de manera eficiente en diferentes culturas.<\/p>\n\n\n\n<p>Aqu\u00ed en SIS se hablan muchos idiomas, a nivel mundial y dentro de nuestras oficinas. \u00a1Algunos de los idiomas que se hablan aqu\u00ed incluyen eslovaco, uzbeko y laosiano!<\/p>\n\n\n\n<p>SIS provides \u201cHands-on\u201d experience &nbsp;and training with senior executives, providing a unique team of expert&nbsp;and skilled professionals. Given our global scale, numerous leadership&nbsp;opportunities exist for those who are entrepreneurial and hard-working. Training, mentoring,&nbsp;thought leadership, travel and practical learning are only a few of the ways people grow at SIS.<\/p>\n\n\n\n<p>SIS fue fundada por un emprendedor apasionado en la d\u00e9cada de 1980 y desde entonces ha crecido r\u00e1pidamente gracias a nuestro compromiso con el esp\u00edritu empresarial y la innovaci\u00f3n. Como tal, animamos a los miembros de nuestro equipo a descubrir qu\u00e9 es lo que m\u00e1s les apasiona. Hemos descubierto que esto fomenta la innovaci\u00f3n, la creatividad y el esp\u00edritu empresarial a medida que nuestros profesionales establecen una trayectoria profesional y alcanzan su m\u00e1ximo potencial.<\/p>\n\n\n\n<p><\/p>","protected":false},"excerpt":{"rendered":"<p>SIS International Research es una firma l\u00edder en consultor\u00eda estrat\u00e9gica e investigaci\u00f3n de mercado global con oficinas en todo el mundo. Obtenga m\u00e1s informaci\u00f3n sobre carreras en SIS.<\/p>","protected":false},"author":1,"featured_media":64031,"parent":14777,"menu_order":0,"comment_status":"closed","ping_status":"closed","template":"","meta":{"footnotes":""},"class_list":["post-11786","page","type-page","status-publish","has-post-thumbnail"],"_links":{"self":[{"href":"https:\/\/www.sisinternational.com\/es\/wp-json\/wp\/v2\/pages\/11786","targetHints":{"allow":["GET"]}}],"collection":[{"href":"https:\/\/www.sisinternational.com\/es\/wp-json\/wp\/v2\/pages"}],"about":[{"href":"https:\/\/www.sisinternational.com\/es\/wp-json\/wp\/v2\/types\/page"}],"author":[{"embeddable":true,"href":"https:\/\/www.sisinternational.com\/es\/wp-json\/wp\/v2\/users\/1"}],"replies":[{"embeddable":true,"href":"https:\/\/www.sisinternational.com\/es\/wp-json\/wp\/v2\/comments?post=11786"}],"version-history":[{"count":8,"href":"https:\/\/www.sisinternational.com\/es\/wp-json\/wp\/v2\/pages\/11786\/revisions"}],"predecessor-version":[{"id":67526,"href":"https:\/\/www.sisinternational.com\/es\/wp-json\/wp\/v2\/pages\/11786\/revisions\/67526"}],"up":[{"embeddable":true,"href":"https:\/\/www.sisinternational.com\/es\/wp-json\/wp\/v2\/pages\/14777"}],"wp:featuredmedia":[{"embeddable":true,"href":"https:\/\/www.sisinternational.com\/es\/wp-json\/wp\/v2\/media\/64031"}],"wp:attachment":[{"href":"https:\/\/www.sisinternational.com\/es\/wp-json\/wp\/v2\/media?parent=11786"}],"curies":[{"name":"wp","href":"https:\/\/api.w.org\/{rel}","templated":true}]}}