{"id":11783,"date":"2014-11-27T01:32:05","date_gmt":"2014-11-27T01:32:05","guid":{"rendered":"https:\/\/www.sisinternational.com\/?page_id=11783"},"modified":"2026-01-26T14:24:16","modified_gmt":"2026-01-26T19:24:16","slug":"investigacion-de-clientes-de-marca","status":"publish","type":"page","link":"https:\/\/www.sisinternational.com\/es\/soluciones\/soluciones-de-branding-e-investigacion-de-clientes\/investigacion-de-clientes-de-marca\/","title":{"rendered":"Investigaci\u00f3n de marca e clientes"},"content":{"rendered":"<h1 class=\"wp-block-heading p1\">Investigaci\u00f3n de marca e clientes<\/h1>\n\n\n\n<figure class=\"gb-block-image gb-block-image-aa4c6532\"><img loading=\"lazy\" decoding=\"async\" width=\"1456\" height=\"816\" class=\"gb-image gb-image-aa4c6532\" src=\"https:\/\/www.sisinternational.com\/wp-content\/uploads\/2025\/08\/Customer-shopping-2.jpg\" alt=\"Investigaci\u00f3n y estrategia de mercado internacional de SIS\" title=\"Customer shopping (2)\" srcset=\"https:\/\/www.sisinternational.com\/wp-content\/uploads\/2025\/08\/Customer-shopping-2.jpg 1456w, https:\/\/www.sisinternational.com\/wp-content\/uploads\/2025\/08\/Customer-shopping-2-300x168.jpg 300w, https:\/\/www.sisinternational.com\/wp-content\/uploads\/2025\/08\/Customer-shopping-2-1024x574.jpg 1024w, https:\/\/www.sisinternational.com\/wp-content\/uploads\/2025\/08\/Customer-shopping-2-768x430.jpg 768w, https:\/\/www.sisinternational.com\/wp-content\/uploads\/2025\/08\/Customer-shopping-2-18x10.jpg 18w\" sizes=\"auto, (max-width: 1456px) 100vw, 1456px\"><\/figure>\n\n\n\n<p><\/p>\n\n\n\n<hr class=\"wp-block-separator has-alpha-channel-opacity is-style-dots\"\/>\n\n\n\n<p><span style=\"font-weight: 400;\">Why is brand and customer research a critical component of the modern business world? Every brand wishes to communicate its unique identity and values to its audience. Yet, without a deep understanding of your customer base, it becomes challenging to develop a brand identity that resonates with them. That&#8217;s why branding &amp; customer research seek to bridge this understanding gap, ensuring that businesses can craft messages, products, and experiences tailored to their desired audience.&nbsp;<\/span><\/p>\n\n\n\n<h2 class=\"wp-block-heading\"><span style=\"font-weight: 400;\">Importancia de la marca y la investigaci\u00f3n de clientes<\/span><\/h2>\n\n\n\n<p><span style=\"font-weight: 400;\"><a href=\"https:\/\/www.sisinternational.com\/es\/investigacion-de-marca-sis-y-fidelizacion-de-clientes\/\" title=\"Investigaci\u00f3n de mercado de marca y fidelizaci\u00f3n de clientes\"  data-wpil-monitor-id=\"2508\">Branding &amp; customer research<\/a> is a synergy of two crucial business components that can elevate a company&#8217;s position in the market.<\/span><\/p>\n\n\n\n<ul class=\"wp-block-list\">\n<li><b>Marca:<\/b><span style=\"font-weight: 400;\"> La marca comunica el esp\u00edritu, los valores y la propuesta de venta \u00fanica de una empresa. Sin embargo, \u00bfc\u00f3mo se puede garantizar que la marca resuene en el p\u00fablico objetivo? Ah\u00ed es donde entra en juego la investigaci\u00f3n de clientes.<\/span><\/li>\n\n\n\n<li><b>Investigaci\u00f3n de clientes:<\/b><span style=\"font-weight: 400;\"> Profundiza en la comprensi\u00f3n del comportamiento, las preferencias, las necesidades y los puntos d\u00e9biles del cliente. Al saber qui\u00e9n es el cliente, qu\u00e9 quiere y c\u00f3mo piensa, las empresas pueden afinar sus esfuerzos de marca para que sean m\u00e1s espec\u00edficos y eficaces.<\/span><\/li>\n<\/ul>\n\n\n\n<p><span style=\"font-weight: 400;\">\u2026 Y la relaci\u00f3n simbi\u00f3tica entre la marca y la investigaci\u00f3n de clientes tiene varios beneficios:<\/span><\/p>\n\n\n\n<p><b>\u2022 Experiencia del cliente mejorada:<\/b><span style=\"font-weight: 400;\"> Al comprender las preferencias, los puntos d\u00e9biles y las expectativas de los clientes, las empresas pueden optimizar el recorrido del cliente y garantizar la satisfacci\u00f3n en cada punto de contacto.<\/span><\/p>\n\n\n\n<p><b>\u2022 Comercializaci\u00f3n eficaz:<\/b><span style=\"font-weight: 400;\"> Branding &amp; customer research help companies tailor their marketing strategies. Knowing where the audience spends their time and what messaging they resonate with ensures that marketing dollars are spent effectively.<\/span><\/p>\n\n\n\n<p><b>\u2022 Riesgos comerciales reducidos:<\/b><span style=\"font-weight: 400;\"> Introducing a new product or entering a new market segment becomes less risky when backed by solid <a href=\"https:\/\/www.sisinternational.com\/es\/cobertura\/europa\/investigacion-de-mercado-en-moldavia\/\" title=\"Investigaci\u00f3n de mercado en Moldavia\"  data-wpil-monitor-id=\"5871\">investigaci\u00f3n<\/a>. It provides a clearer picture of the potential opportunities and pitfalls.<\/span><\/p>\n\n\n\n<p><b>\u2022 Mayor lealtad del cliente: <\/b><span style=\"font-weight: 400;\">Cuando las empresas cumplen o superan constantemente las expectativas de los clientes, se fomenta la confianza y la lealtad. Una marca que escucha a sus clientes y act\u00faa seg\u00fan sus comentarios tiene m\u00e1s probabilidades de retenerlos.<\/span><\/p>\n\n\n\n<p><b>\u2022 Ventaja competitiva: <\/b><span style=\"font-weight: 400;\">En industrias donde los productos y servicios suelen ser similares, el diferenciador es la marca y su comprensi\u00f3n del cliente. La investigaci\u00f3n ofrece conocimientos que pueden aprovecharse para mantenerse por delante de la competencia.<\/span><\/p>\n\n\n\n<p><b>\u2022 Desarrollo de productos:<\/b><span style=\"font-weight: 400;\"> Los comentarios de la investigaci\u00f3n de los clientes pueden ser invaluables en la fase de desarrollo del producto, asegurando que los nuevos productos o caracter\u00edsticas se alineen con las necesidades y deseos genuinos de los clientes.<\/span><\/p>\n\n\n\n<p><b>\u2022 Mayor retorno de la inversi\u00f3n:<\/b><span style=\"font-weight: 400;\"> Investments in branding and marketing efforts are more likely to yield a positive return when guided by insights from <a href=\"https:\/\/www.sisinternational.com\/es\/cobertura\/investigacion-de-mercado-asia\/investigacion-de-mercado-nepal\/\" title=\"Investigaci\u00f3n de mercado en Nepal\"  data-wpil-monitor-id=\"5407\">customer research<\/a>. Businesses can allocate resources more efficiently, targeting areas with the highest potential for growth and engagement.<\/span><\/p>\n\n\n\n<p><b>\u2022 Detectar brechas en el mercado: <\/b>Branding &amp; customer <a href=\"https:\/\/www.sisinternational.com\/es\/soluciones\/traduccion-y-transcripcion\/transcripcion-de-investigacion-de-mercado\/\" title=\"Transcripci\u00f3n de investigaci\u00f3n de mercado\"  data-wpil-monitor-id=\"5896\">research can unveil untapped market<\/a> segments or needs that a business can cater to. Identifying these gaps before competitors can give brands a first-mover advantage, allowing them to capture new customer bases.<\/span><\/p>\n\n\n\n<p><b>\u2022 Mejora de la experiencia del cliente: <\/b><span style=\"font-weight: 400;\">Al comprender los puntos d\u00e9biles, las preferencias y los deseos de los clientes, las empresas pueden perfeccionar sus productos, servicios y su experiencia general. Una marca que constantemente deleita a sus clientes tiene m\u00e1s probabilidades de fomentar la lealtad y la promoci\u00f3n.<\/span><\/p>\n\n\n\n<p><b>\u2022 Marketing y mensajer\u00eda eficaces:<\/b><span style=\"font-weight: 400;\"> Las marcas pueden adaptar sus mensajes de marketing para que resuenen profundamente en su p\u00fablico objetivo. Cuando la comunicaci\u00f3n de una marca se alinea con los sentimientos y deseos de los clientes, se logran mejores tasas de participaci\u00f3n y conversi\u00f3n.<\/span><\/p>\n\n\n\n<h2 class=\"wp-block-heading\"><span style=\"font-weight: 400;\">M\u00e9todos de investigaci\u00f3n comunes&nbsp;<\/span><\/h2>\n\n\n\n<p><span style=\"font-weight: 400;\">En el vasto mundo de la investigaci\u00f3n de clientes y marcas, diversas metodolog\u00edas permiten a las empresas profundizar en la psique, las preferencias y el comportamiento de sus clientes. Cada m\u00e9todo proporciona informaci\u00f3n \u00fanica y puede elegirse en funci\u00f3n de los objetivos espec\u00edficos de la investigaci\u00f3n. A continuaci\u00f3n se ofrece un an\u00e1lisis profundo de algunos m\u00e9todos populares utilizados:<\/span><\/p>\n\n\n\n<p><b>\u2022 Encuestas:<\/b><span style=\"font-weight: 400;\"> Las encuestas, uno de los m\u00e9todos m\u00e1s comunes, permiten a las empresas recopilar datos cuantificables de un gran grupo de personas. Al utilizar cuestionarios bien elaborados, las encuestas pueden proporcionar informaci\u00f3n sobre la satisfacci\u00f3n del cliente, las preferencias de productos y las percepciones de marca.<\/span><\/p>\n\n\n\n<p><b>\u2022 Grupos de enfoque: <\/b><span style=\"font-weight: 400;\">Los grupos focales involucran peque\u00f1os grupos de participantes que discuten un tema espec\u00edfico o un conjunto de temas relacionados con la marca y la investigaci\u00f3n de clientes. Los moderadores gu\u00edan la discusi\u00f3n y las interacciones brindan informaci\u00f3n valiosa sobre los sentimientos, percepciones e ideas de los clientes.<\/span><\/p>\n\n\n\n<p><b>\u2022 Entrevistas en profundidad: <\/b><span style=\"font-weight: 400;\">Se trata de entrevistas individuales que profundizan en las perspectivas individuales. Especialmente beneficiosos cuando se intenta comprender comportamientos o decisiones complejos relacionados con la marca y la investigaci\u00f3n de clientes, ofrecen una vista detallada de los viajes y las motivaciones de los clientes.<\/span><\/p>\n\n\n\n<p><b>\u2022 Investigaci\u00f3n observacional:<\/b><span style=\"font-weight: 400;\"> Aqu\u00ed, los investigadores observan a los clientes en entornos reales o controlados. Este m\u00e9todo es valioso para comprender comportamientos reales en lugar de comportamientos reportados o percibidos, revelando c\u00f3mo los clientes interact\u00faan genuinamente con una marca o producto.<\/span><\/p>\n\n\n\n<p><b>\u2022 Estudios Etnogr\u00e1ficos: <\/b><span style=\"font-weight: 400;\">Los estudios etnogr\u00e1ficos, una forma m\u00e1s inmersiva de investigaci\u00f3n observacional, involucran a investigadores que se sumergen en el entorno del cliente. Es un enfoque hol\u00edstico para la investigaci\u00f3n de clientes, que ayuda a las empresas a comprender los factores culturales y sociales que influyen en las decisiones de compra.<\/span><\/p>\n\n\n\n<figure class=\"gb-block-image gb-block-image-2ae3436d\"><img loading=\"lazy\" decoding=\"async\" width=\"1456\" height=\"816\" class=\"gb-image gb-image-2ae3436d\" src=\"https:\/\/www.sisinternational.com\/wp-content\/uploads\/2025\/08\/Customer-shopping-4.jpg\" srcset=\"https:\/\/www.sisinternational.com\/wp-content\/uploads\/2025\/08\/Customer-shopping-4.jpg 1456w, https:\/\/www.sisinternational.com\/wp-content\/uploads\/2025\/08\/Customer-shopping-4-300x168.jpg 300w, https:\/\/www.sisinternational.com\/wp-content\/uploads\/2025\/08\/Customer-shopping-4-1024x574.jpg 1024w, https:\/\/www.sisinternational.com\/wp-content\/uploads\/2025\/08\/Customer-shopping-4-768x430.jpg 768w, https:\/\/www.sisinternational.com\/wp-content\/uploads\/2025\/08\/Customer-shopping-4-18x10.jpg 18w\" sizes=\"auto, (max-width: 1456px) 100vw, 1456px\" alt=\"Investigaci\u00f3n y estrategia de mercado internacional de SIS\"><\/figure>\n\n\n\n<p><\/p>\n\n\n\n<h2 class=\"wp-block-heading p1\">Establecer una identidad de marca \u00fanica y diferenciada es esencial para cada producto en cada mercado.<\/h2>\n\n\n\n<p class=\"p1\">Las marcas sin una verdadera \u201cvoz\u201d que transmita claramente el valor de un producto o servicio a los clientes probablemente se pierdan entre un mar de competidores y desaparezcan r\u00e1pidamente de la conciencia del consumidor. Comprender su mercado es la clave para desarrollar mensajes de marca s\u00f3lidos y garantizar el \u00e9xito y la longevidad de un producto o servicio.<\/p>\n\n\n\n<h2 class=\"wp-block-heading p1\"><span class=\"s1\">Obtener la disposici\u00f3n del terreno<\/span><\/h2>\n\n\n\n<p class=\"p1\">SIS takes a unique approach to <a class=\"wpil_keyword_link\" href=\"https:\/\/www.sisinternational.com\/es\/pericia\/industrias\/investigacion-de-mercado-de-marca\/\"   title=\"Investigaci\u00f3n de mercado de marca\" data-wpil-keyword-link=\"linked\"  data-wpil-monitor-id=\"827\">Investigaci\u00f3n de mercado de marca<\/a>.&nbsp; We combine several forms of insight generation to provide clients with a clear and detailed understanding of their market. We start with the facts. Before a company can implement an effective strategy for its brand in the future, it must understand the current landscape of consumer perception.<\/p>\n\n\n\n<p class=\"p1\"><strong>Respondemos preguntas claves como:<\/strong><\/p>\n\n\n\n<h2 class=\"wp-block-heading p1\"><span class=\"s1\">Nuestras soluciones integrales de investigaci\u00f3n<\/span><\/h2>\n\n\n\n<p><strong>Grupos focales cualitativos:<\/strong> Nuestros moderadores internos tienen a\u00f1os de experiencia en la realizaci\u00f3n de debates efectivos de grupos focales sobre marcas, y nuestro personal de reclutamiento est\u00e1 altamente capacitado para seleccionar encuestados altamente espec\u00edficos para brindar informaci\u00f3n sobre la base de consumidores de nuestros clientes.<\/p>\n\n\n\n<p><strong>Investigaci\u00f3n de mercado cuantitativa<\/strong>: Luego, una encuesta a gran escala en l\u00ednea, telef\u00f3nica o m\u00f3vil establecer\u00e1 medidas de desempe\u00f1o de la marca, como la satisfacci\u00f3n del cliente, el valor de la marca a gran escala y los atributos y asociaciones de la marca.<\/p>\n\n\n\n<p><strong>Inteligencia de mercado estrat\u00e9gico y an\u00e1lisis de la competencia:<\/strong> Con una cantidad sin precedentes de datos e informaci\u00f3n disponibles en Internet, nuestra divisi\u00f3n de estrategia de servicio completo e inteligencia de mercado puede proporcionar una mirada incisiva a las estrategias de posicionamiento y marca de sus competidores. Comprender los mensajes de la competencia en el panorama de su mercado es esencial para un posicionamiento de marca eficaz.<\/p>\n\n\n\n<p><strong>An\u00e1lisis de redes sociales:<\/strong> Our advanced methods for conducting research through social channels can augment your understanding of how consumers perceive a <a href=\"https:\/\/www.sisinternational.com\/es\/pericia\/industrias\/investigacion-de-mercado-de-robotica\/\" title=\"Investigaci\u00f3n de mercado de rob\u00f3tica\"  data-wpil-monitor-id=\"5967\">brand<\/a> and identify the trends that are shaping the future of your market.<\/p>\n\n\n\n<p><\/p>","protected":false},"excerpt":{"rendered":"<p>La investigaci\u00f3n de marca y clientes descubre nuevos conocimientos que pueden impulsar el compromiso y las ganancias.<\/p>","protected":false},"author":1,"featured_media":62655,"parent":14650,"menu_order":0,"comment_status":"closed","ping_status":"closed","template":"","meta":{"footnotes":""},"class_list":["post-11783","page","type-page","status-publish","has-post-thumbnail"],"_links":{"self":[{"href":"https:\/\/www.sisinternational.com\/es\/wp-json\/wp\/v2\/pages\/11783","targetHints":{"allow":["GET"]}}],"collection":[{"href":"https:\/\/www.sisinternational.com\/es\/wp-json\/wp\/v2\/pages"}],"about":[{"href":"https:\/\/www.sisinternational.com\/es\/wp-json\/wp\/v2\/types\/page"}],"author":[{"embeddable":true,"href":"https:\/\/www.sisinternational.com\/es\/wp-json\/wp\/v2\/users\/1"}],"replies":[{"embeddable":true,"href":"https:\/\/www.sisinternational.com\/es\/wp-json\/wp\/v2\/comments?post=11783"}],"version-history":[{"count":9,"href":"https:\/\/www.sisinternational.com\/es\/wp-json\/wp\/v2\/pages\/11783\/revisions"}],"predecessor-version":[{"id":79640,"href":"https:\/\/www.sisinternational.com\/es\/wp-json\/wp\/v2\/pages\/11783\/revisions\/79640"}],"up":[{"embeddable":true,"href":"https:\/\/www.sisinternational.com\/es\/wp-json\/wp\/v2\/pages\/14650"}],"wp:featuredmedia":[{"embeddable":true,"href":"https:\/\/www.sisinternational.com\/es\/wp-json\/wp\/v2\/media\/62655"}],"wp:attachment":[{"href":"https:\/\/www.sisinternational.com\/es\/wp-json\/wp\/v2\/media?parent=11783"}],"curies":[{"name":"wp","href":"https:\/\/api.w.org\/{rel}","templated":true}]}}