{"id":11312,"date":"2014-11-05T01:56:14","date_gmt":"2014-11-05T01:56:14","guid":{"rendered":"https:\/\/www.sisinternational.com\/upgrade\/?page_id=11312"},"modified":"2026-01-24T17:20:22","modified_gmt":"2026-01-24T22:20:22","slug":"investigacion-de-mercado-de-europa-del-este","status":"publish","type":"page","link":"https:\/\/www.sisinternational.com\/es\/cobertura\/europa\/investigacion-de-mercado-de-europa-del-este\/","title":{"rendered":"Investigaci\u00f3n de mercado de Europa del Este"},"content":{"rendered":"<h1 class=\"wp-block-heading\">Investigaci\u00f3n de mercado de Europa del Este<\/h1>\n\n\n\n<figure class=\"gb-block-image gb-block-image-d67a954e\"><img loading=\"lazy\" decoding=\"async\" width=\"1456\" height=\"816\" class=\"gb-image gb-image-d67a954e\" src=\"https:\/\/www.sisinternational.com\/wp-content\/uploads\/2025\/09\/Eastern-Europe-market-research-3.jpg\" srcset=\"https:\/\/www.sisinternational.com\/wp-content\/uploads\/2025\/09\/Eastern-Europe-market-research-3.jpg 1456w, https:\/\/www.sisinternational.com\/wp-content\/uploads\/2025\/09\/Eastern-Europe-market-research-3-300x168.jpg 300w, https:\/\/www.sisinternational.com\/wp-content\/uploads\/2025\/09\/Eastern-Europe-market-research-3-1024x574.jpg 1024w, https:\/\/www.sisinternational.com\/wp-content\/uploads\/2025\/09\/Eastern-Europe-market-research-3-768x430.jpg 768w, https:\/\/www.sisinternational.com\/wp-content\/uploads\/2025\/09\/Eastern-Europe-market-research-3-18x10.jpg 18w\" sizes=\"auto, (max-width: 1456px) 100vw, 1456px\" alt=\"Investigaci\u00f3n y estrategia de mercado internacional de SIS\"><\/figure>\n\n\n\n<p><\/p>\n\n\n\n<hr class=\"wp-block-separator has-alpha-channel-opacity is-style-dots\"\/>\n\n\n\n<p>Los pa\u00edses de Europa central y oriental est\u00e1n muy pr\u00f3ximos a Europa occidental, pero tienen diferencias importantes con otros pa\u00edses.<\/p>\n\n\n\n<p class=\"p1\">La mayor\u00eda de ellos son de tama\u00f1o peque\u00f1o, con econom\u00edas relativamente abiertas y dependientes de las exportaciones. Tienen diferentes idiomas y diferentes normas culturales.<\/p>\n\n\n\n<p class=\"p1\">The CEE region represents 11 countries.&nbsp; In the Baltic region, the countries include Estonia, Latvia and Lithuania.&nbsp; Central European countries consist of Poland, Czech Republic, Slovakia and Hungary.&nbsp; The Balkan region includes Croatia, Slovenia, Serbia, Montenegro, Bosnia, Herzegovina, Macedonia, Kosovo, Romania and Bulgaria.<\/p>\n\n\n\n<h2 class=\"wp-block-heading p1\">Europa del Este es un punto brillante de crecimiento econ\u00f3mico.<\/h2>\n\n\n\n<p class=\"p1\">CEE countries are categorized by\u00a0global investors as\u00a0a\u00a0region with high growth potential and high attractiveness to establish company operations. Major growing economies include Poland, the Czech Republic, and\u00a0Romania.<\/p>\n\n\n\n<p class=\"p1\">The Automotive Industry is strong,\u00a0especially in the Czech Republic (\u0160koda), Slovakia (Kia, Citroen), Hungary (Mercedes-Benz), and Romania (Ford). Simultaneously, high sales growth comes from car distribution, the food industry, and wholesale trade. Other major industries include Biotechnology, Education, and the Consumer Goods sectors.<\/p>\n\n\n\n<p class=\"p1\">Eastern European countries also benefit from their proximity to\u00a0Turkey and Russia, which are becoming new powerhouses in terms of economic growth, new business opportunities, and investments.<\/p>\n\n\n\n<p>Numerous Manufacturing opportunities abound as a result of lower production costs and lower costs of living.&nbsp; Eastern European economies are part of the European Union and can avoid import duties.&nbsp; With the free movement of goods and services in the EU, Eastern Europe has become a manufacturing hub for European countries.<\/p>\n\n\n\n<h2 class=\"wp-block-heading\">Oportunidades en tecnolog\u00eda<\/h2>\n\n\n\n<p class=\"p1\">El <a href=\"https:\/\/www.sisinternational.com\/es\/pericia\/industrias\/alimentos-bebidas-tecnologia-investigacion-de-mercado-tecnologia-de-alimentos\/\" title=\"Investigaci\u00f3n de mercado de tecnolog\u00eda de alimentos y bebidas | Tecnolog\u00eda alimenticia\"  data-wpil-monitor-id=\"10809\">markets have opportunities in high technology<\/a> sectors as a result of educated workforces, multilingual staff, competitive cost of living and access to Western Europe.&nbsp; This regional advantage provides the opportunity for businesses to lead <a href=\"https:\/\/www.sisinternational.com\/es\/sis-lanza-nuevas-soluciones-de-investigacion-digital\/\" title=\"SIS lanza nuevas soluciones de Investigaci\u00f3n Digital\"  data-wpil-monitor-id=\"10803\">innovation and Digital<\/a> Disruption.<\/p>\n\n\n\n<p class=\"p1\">The increased presence of mobile devices and technology availability may lead to higher demand for certain products and services.&nbsp; <a href=\"https:\/\/www.sisinternational.com\/es\/soluciones\/investigacion-de-consultoria-estrategica-fintech\/investigacion-de-tecnologia-de-regulacion\/\" title=\"Regulation Technology Market Research\"  data-wpil-monitor-id=\"10811\">Technology adoption in these markets<\/a> can also them to play a creative role in re-inventing consumption patterns.<\/p>\n\n\n\n<p class=\"p1\">Dado que Europa est\u00e1 formada por muchos Estados con su propia cultura y tradiciones, puede resultar \u00fatil centrarse tambi\u00e9n en <i>variables psicol\u00f3gicas<\/i>&nbsp;que tienden a ser m\u00e1s fuertes que los demogr\u00e1ficos y en <i>patrimonio cultural<\/i> that may induce unique consumers&nbsp;perceptions and reactions.<\/p>\n\n\n\n<h2 class=\"wp-block-heading\">Consideraciones sobre la estrategia de entrada al mercado<\/h2>\n\n\n\n<p class=\"p1\">Before entering a new <a href=\"https:\/\/www.sisinternational.com\/es\/pericia\/curriculums-de-experiencia\/estudio-de-mercado-de-productos-de-cuidado-personal\/\" title=\"Investigaci\u00f3n de mercado de productos de cuidado personal\"  data-wpil-monitor-id=\"10814\">market with a new product<\/a>, technology, or services, it is important to get to know the critical business variables, customer perceptions and economic, political, or cultural differences of a particular country.\u00a0 <a href=\"https:\/\/www.sisinternational.com\/es\/estudio-de-caso-de-sis-sobre-informacion-sobre-tiendas-en-todo-el-mundo\/\" title=\"Informaci\u00f3n sobre los compradores en la tienda: estudio de caso de investigaci\u00f3n de mercado\"  data-wpil-monitor-id=\"10807\">Market Research uncovers these insights<\/a> and can help you develop a Go To Market strategy.<\/p>\n\n\n\n<h2 class=\"wp-block-heading\">Investigaci\u00f3n de mercado en Europa del Este<\/h2>\n\n\n\n<p><a href=\"https:\/\/www.sisinternational.com\/es\/pericia\/industrias\/investigacion-de-mercado-de-datos-de-formacion\/\" title=\"Investigaci\u00f3n de mercado de datos de formaci\u00f3n\"  data-wpil-monitor-id=\"10805\">Market Research uncovers data<\/a> and insight on customers.&nbsp; Qualitative <a href=\"https:\/\/www.sisinternational.com\/es\/soluciones\/innovacion\/economia-del-comportamiento-en-la-investigacion-de-mercados\/\" title=\"Econom\u00eda del comportamiento en la investigaci\u00f3n de mercados\"  data-wpil-monitor-id=\"10816\">Research uncovers the reasons behind behavior<\/a> and preferences.&nbsp; <a href=\"https:\/\/www.sisinternational.com\/es\/top-5-benefits-of-conducting-quantitative-market-research\/\" title=\"Top 5 Benefits of Conducting Quantitative Market Research\"  data-wpil-monitor-id=\"10802\">Investigaci\u00f3n de mercado cuantitativa<\/a> measures the extent of phenomena.&nbsp; Strategy <a href=\"https:\/\/www.sisinternational.com\/es\/entrar-en-el-mercado-de-europa-del-este\/\" title=\"Investigaci\u00f3n de entrada al mercado de Europa del Este\"  data-wpil-monitor-id=\"2621\">Research analyzes the Market<\/a> Opportunities, Market Entry considerations and Competitive Dynamics in your industry.<\/p>\n\n\n\n<p>SIS has over 40+ years of experience in conducting <a href=\"https:\/\/www.sisinternational.com\/es\/tendencias-en-el-mercado-del-bienestar-y-la-salud-en-europa\/\" title=\"Investigaci\u00f3n de mercado de atenci\u00f3n sanitaria y bienestar en Europa\"  data-wpil-monitor-id=\"1712\">research in Eastern Europe<\/a>.\u00a0 We conduct:<\/p>\n\n\n\n<ul class=\"wp-block-list\">\n<li>Grupos de discusi\u00f3n<\/li>\n\n\n\n<li>Entrevistas con clientes<\/li>\n\n\n\n<li>Encuestas<\/li>\n\n\n\n<li>An\u00e1lisis competitivo<\/li>\n\n\n\n<li>Evaluaciones de oportunidades de mercado, entrada y dimensionamiento<\/li>\n<\/ul>\n\n\n\n<h2 class=\"wp-block-heading\">Las econom\u00edas en crecimiento de Europa del Este presentan numerosas oportunidades.<\/h2>\n\n\n\n<h2 class=\"wp-block-heading\">&nbsp;<\/h2>","protected":false},"excerpt":{"rendered":"<p>SIS es l\u00edder en investigaci\u00f3n de mercado de Europa del Este y ofrece soluciones de investigaci\u00f3n cualitativa y cuantitativa para la toma de decisiones estrat\u00e9gicas.<\/p>","protected":false},"author":1,"featured_media":66165,"parent":14510,"menu_order":0,"comment_status":"closed","ping_status":"closed","template":"","meta":{"footnotes":""},"class_list":["post-11312","page","type-page","status-publish","has-post-thumbnail"],"_links":{"self":[{"href":"https:\/\/www.sisinternational.com\/es\/wp-json\/wp\/v2\/pages\/11312","targetHints":{"allow":["GET"]}}],"collection":[{"href":"https:\/\/www.sisinternational.com\/es\/wp-json\/wp\/v2\/pages"}],"about":[{"href":"https:\/\/www.sisinternational.com\/es\/wp-json\/wp\/v2\/types\/page"}],"author":[{"embeddable":true,"href":"https:\/\/www.sisinternational.com\/es\/wp-json\/wp\/v2\/users\/1"}],"replies":[{"embeddable":true,"href":"https:\/\/www.sisinternational.com\/es\/wp-json\/wp\/v2\/comments?post=11312"}],"version-history":[{"count":6,"href":"https:\/\/www.sisinternational.com\/es\/wp-json\/wp\/v2\/pages\/11312\/revisions"}],"predecessor-version":[{"id":81774,"href":"https:\/\/www.sisinternational.com\/es\/wp-json\/wp\/v2\/pages\/11312\/revisions\/81774"}],"up":[{"embeddable":true,"href":"https:\/\/www.sisinternational.com\/es\/wp-json\/wp\/v2\/pages\/14510"}],"wp:featuredmedia":[{"embeddable":true,"href":"https:\/\/www.sisinternational.com\/es\/wp-json\/wp\/v2\/media\/66165"}],"wp:attachment":[{"href":"https:\/\/www.sisinternational.com\/es\/wp-json\/wp\/v2\/media?parent=11312"}],"curies":[{"name":"wp","href":"https:\/\/api.w.org\/{rel}","templated":true}]}}