{"id":11298,"date":"2014-11-05T01:52:20","date_gmt":"2014-11-05T01:52:20","guid":{"rendered":"https:\/\/www.sisinternational.com\/upgrade\/?page_id=11298"},"modified":"2026-01-25T18:00:29","modified_gmt":"2026-01-25T23:00:29","slug":"foros-de-discusion-de-boletines-en-linea","status":"publish","type":"page","link":"https:\/\/www.sisinternational.com\/es\/soluciones\/soluciones-de-investigacion-cualitativa-cuantitativa\/foros-de-discusion-de-boletines-en-linea\/","title":{"rendered":"Investigaci\u00f3n de mercado cualitativa en l\u00ednea"},"content":{"rendered":"<h1 class=\"gb-headline gb-headline-bf3f1a97 gb-headline-text\">Soluciones de investigaci\u00f3n cualitativa en l\u00ednea<\/h1>\n\n\n\n<figure class=\"gb-block-image gb-block-image-27ef2ac0\"><img loading=\"lazy\" decoding=\"async\" width=\"1456\" height=\"816\" class=\"gb-image gb-image-27ef2ac0\" src=\"https:\/\/www.sisinternational.com\/wp-content\/uploads\/2025\/08\/Online-focus-group-19-1.jpg\" srcset=\"https:\/\/www.sisinternational.com\/wp-content\/uploads\/2025\/08\/Online-focus-group-19-1.jpg 1456w, https:\/\/www.sisinternational.com\/wp-content\/uploads\/2025\/08\/Online-focus-group-19-1-300x168.jpg 300w, https:\/\/www.sisinternational.com\/wp-content\/uploads\/2025\/08\/Online-focus-group-19-1-1024x574.jpg 1024w, https:\/\/www.sisinternational.com\/wp-content\/uploads\/2025\/08\/Online-focus-group-19-1-768x430.jpg 768w, https:\/\/www.sisinternational.com\/wp-content\/uploads\/2025\/08\/Online-focus-group-19-1-18x10.jpg 18w\" sizes=\"auto, (max-width: 1456px) 100vw, 1456px\" alt=\"Investigaci\u00f3n y estrategia de mercado internacional de SIS\"><\/figure>\n\n\n\n<p><\/p>\n\n\n\n<hr class=\"wp-block-separator has-alpha-channel-opacity is-style-dots\"\/>\n\n\n\n<h2 class=\"wp-block-heading p1\">Sus clientes pasan m\u00e1s tiempo en l\u00ednea. La investigaci\u00f3n cualitativa en l\u00ednea descubre conocimientos que le ayudar\u00e1n a mejorar el rendimiento de su negocio.<\/h2>\n\n\n\n<p><span style=\"font-weight: 400;\">La llegada de las soluciones de investigaci\u00f3n cualitativa en l\u00ednea marca una transici\u00f3n significativa con respecto a los m\u00e9todos tradicionales, ofreciendo un conjunto de herramientas que profundizan en los aspectos cualitativos de la investigaci\u00f3n de mercado. Estas soluciones aprovechan la tecnolog\u00eda de vanguardia para proporcionar un nivel de detalle y matices que antes era inalcanzable, lo que facilita una comprensi\u00f3n m\u00e1s completa del panorama del mercado.<\/span><\/p>\n\n\n\n<h2 class=\"wp-block-heading\"><strong>Importancia de elegir las soluciones de investigaci\u00f3n cualitativa en l\u00ednea adecuadas<\/strong><\/h2>\n\n\n\n<p><span style=\"font-weight: 400;\">Las soluciones de investigaci\u00f3n cualitativa en l\u00ednea ofrecen un punto de vista \u00fanico para comprender las sutilezas del comportamiento del cliente y las tendencias del mercado. A diferencia de los m\u00e9todos cuantitativos que proporcionan datos estad\u00edsticos, la investigaci\u00f3n cualitativa profundiza en el &quot;por qu\u00e9&quot; detr\u00e1s de las elecciones de los consumidores. Esta visi\u00f3n m\u00e1s profunda es crucial para que las empresas adapten sus productos y estrategias de marketing de forma eficaz.<\/span><\/p>\n\n\n\n<p><span style=\"font-weight: 400;\">Al aprovechar herramientas avanzadas como grupos focales virtuales, entrevistas en profundidad y etnograf\u00eda en l\u00ednea, las empresas pueden recopilar datos ricos y matizados que los m\u00e9todos tradicionales podr\u00edan pasar por alto.<\/span><\/p>\n\n\n\n<h2 class=\"wp-block-heading\">Tipos de investigaci\u00f3n cualitativa en l\u00ednea<\/h2>\n\n\n\n<h3 class=\"wp-block-heading\"><strong>Tablones de anuncios en l\u00ednea<\/strong><\/h3>\n\n\n\n<p class=\"p1\">Los tableros de anuncios en l\u00ednea suelen involucrar entre 10 y 20 encuestados. Los clientes pueden participar y ayudar en la ejecuci\u00f3n de la investigaci\u00f3n supervisando el contenido generado por los encuestados. Esta es una clara ventaja de esta metodolog\u00eda de investigaci\u00f3n desde la perspectiva del cliente, ya que brinda a las partes interesadas finales una oportunidad m\u00e1s directa de involucrar a los participantes sin sesgar sus comentarios.<\/p>\n\n\n\n<h3 class=\"wp-block-heading p1\"><strong>Entrevistas en v\u00eddeo<\/strong><\/h3>\n\n\n\n<p class=\"p1\">Now, with the emergence of mobile video platforms, researchers are using respondent-generated video content to gain much deeper insights into consumer behavior. Qualitative Research platforms can now analyze voice, behavior, and words spoken.&nbsp; With the ability to capture video and audio generated by respondents, researchers can analyze \u201cdigital body language,\u201d or the nonverbal communication that was once only accessible by conducting in-person studies.<\/p>\n\n\n\n<h3 class=\"wp-block-heading\"><b>Grupos focales virtuales<\/b><\/h3>\n\n\n\n<p><span style=\"font-weight: 400;\">Estos se llevan a cabo en l\u00ednea, lo que permite a participantes de diversas ubicaciones geogr\u00e1ficas participar en debates. Las herramientas para estas sesiones suelen incluir plataformas de videoconferencia con funciones para la interacci\u00f3n y la recopilaci\u00f3n de datos en tiempo real.<\/span><\/p>\n\n\n\n<p><span style=\"font-weight: 400;\">Virtual Focus Groups are like traditional focus group discussions but conducted over the Internet using digital platforms. The primary goal is to gather qualitative data by encouraging participant interaction and discussion. These discussions can reveal insights into consumer attitudes, perceptions, and decision-making processes that might not be apparent in quantitative surveys.<\/span><\/p>\n\n\n\n<h3 class=\"wp-block-heading\"><b>Entrevistas en profundidad en l\u00ednea (IDI)<\/b><\/h3>\n\n\n\n<p><span style=\"font-weight: 400;\"><a href=\"https:\/\/www.sisinternational.com\/es\/entrevistas-cara-a-cara-y-en-linea-pros-y-contras\/\" title=\"Entrevistas cara a cara y en l\u00ednea: ventajas y desventajas\"  data-wpil-monitor-id=\"970\">Online in-depth interviews<\/a> involve one-on-one sessions between a researcher and a participant, conducted using online communication tools such as video conferencing software. The aim is to deeply understand the participant\u2019s perspectives, experiences, or behaviors. These interviews allow for the exploration of complex topics, with the flexibility to probe and ask follow-up questions based on the participant&#8217;s responses.<\/span><\/p>\n\n\n\n<h3 class=\"wp-block-heading\"><b>Etnograf\u00eda m\u00f3vil<\/b><\/h3>\n\n\n\n<p><span style=\"font-weight: 400;\">Mobile ethnography is an innovative and increasingly popular method within <a href=\"https:\/\/www.sisinternational.com\/es\/soluciones\/soluciones-de-investigacion-cualitativa-cuantitativa\/etnografia\/\" title=\"Investigaci\u00f3n de mercado etnogr\u00e1fica\"  data-wpil-monitor-id=\"6459\">online qualitative research<\/a> solutions that leverages mobile technology to gather deep, contextual insights into consumer behavior and experiences.&nbsp;<\/span><\/p>\n\n\n\n<p><span style=\"font-weight: 400;\">La etnograf\u00eda m\u00f3vil implica que los participantes utilicen sus propios dispositivos m\u00f3viles para documentar y compartir sus experiencias, interacciones y entornos diarios en tiempo real. El objetivo es obtener una comprensi\u00f3n genuina de los comportamientos, estilos de vida y contextos de los consumidores observ\u00e1ndolos en su entorno natural. Este m\u00e9todo proporciona una visi\u00f3n m\u00e1s aut\u00e9ntica y hol\u00edstica de la experiencia del consumidor en comparaci\u00f3n con los m\u00e9todos de investigaci\u00f3n tradicionales.<\/span><\/p>\n\n\n\n<h3 class=\"wp-block-heading\"><b>Encuestas y sondeos en l\u00ednea<\/b><\/h3>\n\n\n\n<p><span style=\"font-weight: 400;\">Las encuestas y sondeos en l\u00ednea son cuestionarios o sondeos digitales dise\u00f1ados para recopilar informaci\u00f3n de numerosos encuestados a trav\u00e9s de Internet. Si bien normalmente se utilizan para datos cuantitativos, tambi\u00e9n se pueden dise\u00f1ar para recopilar conocimientos cualitativos al incluir preguntas abiertas que permitan a los encuestados expresar sus pensamientos y opiniones en detalle.<\/span><\/p>\n\n\n\n<h2 class=\"wp-block-heading p1\">Ventajas de la investigaci\u00f3n cualitativa en l\u00ednea<\/h2>\n\n\n\n<figure class=\"gb-block-image gb-block-image-0b88801b\"><img loading=\"lazy\" decoding=\"async\" width=\"1456\" height=\"816\" class=\"gb-image gb-image-0b88801b\" src=\"https:\/\/www.sisinternational.com\/wp-content\/uploads\/2025\/08\/Online-focus-group-6-1.jpg\" srcset=\"https:\/\/www.sisinternational.com\/wp-content\/uploads\/2025\/08\/Online-focus-group-6-1.jpg 1456w, https:\/\/www.sisinternational.com\/wp-content\/uploads\/2025\/08\/Online-focus-group-6-1-300x168.jpg 300w, https:\/\/www.sisinternational.com\/wp-content\/uploads\/2025\/08\/Online-focus-group-6-1-1024x574.jpg 1024w, https:\/\/www.sisinternational.com\/wp-content\/uploads\/2025\/08\/Online-focus-group-6-1-768x430.jpg 768w, https:\/\/www.sisinternational.com\/wp-content\/uploads\/2025\/08\/Online-focus-group-6-1-18x10.jpg 18w\" sizes=\"auto, (max-width: 1456px) 100vw, 1456px\" alt=\"Investigaci\u00f3n y estrategia de mercado internacional de SIS\"><\/figure>\n\n\n\n<p><\/p>\n\n\n\n<p><span style=\"font-weight: 400;\">La investigaci\u00f3n cualitativa online ofrece varias ventajas en comparaci\u00f3n con los m\u00e9todos tradicionales:<\/span><\/p>\n\n\n\n<p><b>\u2022 Mayor alcance geogr\u00e1fico y diversidad:<\/b><span style=\"font-weight: 400;\"> La investigaci\u00f3n en l\u00ednea rompe las barreras geogr\u00e1ficas, lo que permite a los investigadores interactuar con participantes de diversos lugares. Esto aumenta la variedad y riqueza de los datos recopilados.<\/span><\/p>\n\n\n\n<p><b>\u2022 Rentabilidad:<\/b><span style=\"font-weight: 400;\"> Reduce los costos relacionados con viajes, alquiler de lugares y materiales impresos. Las herramientas en l\u00ednea suelen tener costos m\u00e1s bajos, lo que hace que la investigaci\u00f3n sea m\u00e1s accesible.<\/span><\/p>\n\n\n\n<p><b>\u2022 Eficiencia de tiempo: <\/b><span style=\"font-weight: 400;\">Programar y realizar entrevistas, grupos focales o encuestas en l\u00ednea puede ahorrar m\u00e1s tiempo. Los participantes e investigadores pueden participar desde sus entornos, ahorrando tiempo en desplazamientos y preparaci\u00f3n.<\/span><\/p>\n\n\n\n<p><b>\u2022 Flexibilidad en la recopilaci\u00f3n de datos: <\/b><span style=\"font-weight: 400;\">Las plataformas en l\u00ednea ofrecen varios m\u00e9todos para la recopilaci\u00f3n de datos, como chat, videollamadas o foros. Esta flexibilidad puede conducir a datos m\u00e1s profundos y variados.<\/span><\/p>\n\n\n\n<p><b>\u2022 Herramientas innovadoras de an\u00e1lisis de datos:<\/b><span style=\"font-weight: 400;\"> Online research tools often include advanced data analysis features, enabling more sophisticated and quicker qualitative data analysis.<\/span><\/p>\n\n\n\n<p><b>\u2022 Accesibilidad para participantes con discapacidades: <\/b><span style=\"font-weight: 400;\">Online methods can be more accessible for people with physical disabilities or those who cannot travel.<\/span><\/p>\n\n\n\n<p><b>\u2022 Recopilaci\u00f3n y an\u00e1lisis de datos en tiempo real:<\/b><span style=\"font-weight: 400;\"> Las herramientas en l\u00ednea permiten la recopilaci\u00f3n y el an\u00e1lisis de datos inmediatos, lo que facilita un proceso de investigaci\u00f3n m\u00e1s din\u00e1mico.<\/span><\/p>\n\n\n\n<p><b>\u2022 Estudios longitudinales simplificados: <\/b><span style=\"font-weight: 400;\">Las plataformas en l\u00ednea facilitan la realizaci\u00f3n de estudios longitudinales, ya que se puede contactar a los participantes para estudios de seguimiento sin restricciones geogr\u00e1ficas.<\/span><\/p>\n\n\n\n<h2 class=\"wp-block-heading\"><strong>Oportunidades en investigaci\u00f3n cualitativa en l\u00ednea<\/strong><\/h2>\n\n\n\n<p><span style=\"font-weight: 400;\">La investigaci\u00f3n cualitativa en l\u00ednea ofrece numerosas oportunidades para las empresas, que incluyen:<\/span><\/p>\n\n\n\n<p><b>\u2022 Segmentaci\u00f3n de mercado:<\/b><span style=\"font-weight: 400;\"> Las herramientas en l\u00ednea permiten realizar estudios de segmentaci\u00f3n eficientes, lo que ayuda a las empresas a identificar y comprender diferentes grupos de clientes y adaptar sus ofertas en consecuencia.<\/span><\/p>\n\n\n\n<p><b>\u2022 Desarrollo e Innovaci\u00f3n de Productos: <\/b><span style=\"font-weight: 400;\">La interacci\u00f3n con los clientes en l\u00ednea puede proporcionar comentarios valiosos para el desarrollo de productos. Esto puede conducir a productos o servicios m\u00e1s innovadores y centrados en el usuario.<\/span><\/p>\n\n\n\n<p><b>\u2022 Pruebas de campa\u00f1as de marketing: <\/b><span style=\"font-weight: 400;\">Antes de un lanzamiento completo, las campa\u00f1as de marketing se pueden probar a trav\u00e9s de grupos focales en l\u00ednea o encuestas para medir la efectividad y realizar los ajustes necesarios.<\/span><\/p>\n\n\n\n<p><b>\u2022 Alcance global:<\/b><span style=\"font-weight: 400;\"> Online <a href=\"https:\/\/www.sisinternational.com\/es\/pericia\/industrias\/investigacion-de-mercado-de-ropa-impermeable\/\" title=\"Investigaci\u00f3n de mercado de ropa impermeable\"  data-wpil-monitor-id=\"4519\">research allows businesses to reach international markets<\/a> and understand global trends, aiding in expansion and global marketing strategies.<\/span><\/p>\n\n\n\n<p><b>\u2022 Comentarios y compromiso de los empleados: <\/b><span style=\"font-weight: 400;\">Las empresas tambi\u00e9n pueden utilizar m\u00e9todos cualitativos en l\u00ednea para recopilar comentarios de los empleados, mejorando los procesos internos y el entorno laboral.<\/span><\/p>\n\n\n\n<p><b>\u2022 Perspectivas de gesti\u00f3n de crisis: <\/b>In times of crisis, online <a href=\"https:\/\/www.sisinternational.com\/es\/pericia\/industrias\/investigacion-de-mercado-de-trajes-de-bano\/\" title=\"Investigaci\u00f3n de mercado de trajes de ba\u00f1o\"  data-wpil-monitor-id=\"4542\">research can provide rapid insights into market<\/a> reactions and consumer sentiments, enabling quicker and more effective response strategies.<\/span><\/p>\n\n\n\n<p><b>\u2022 Construcci\u00f3n de relaciones a largo plazo:<\/b><span style=\"font-weight: 400;\"> Engaging customers and stakeholders in ongoing research can help build long-term relationships and <a href=\"https:\/\/www.sisinternational.com\/es\/investigacion-cualitativa-en-china\/\" title=\"Investigaci\u00f3n cualitativa en China\"  data-wpil-monitor-id=\"2197\">brand<\/a> loyalty.<\/span><\/p>\n\n\n\n<h2 class=\"wp-block-heading\"><strong>Desaf\u00edos de la investigaci\u00f3n cualitativa en l\u00ednea<\/strong><\/h2>\n\n\n\n<p><span style=\"font-weight: 400;\">La investigaci\u00f3n cualitativa en l\u00ednea, si bien ofrece numerosas ventajas, tambi\u00e9n presenta varios desaf\u00edos para las empresas:<\/span><\/p>\n\n\n\n<p><b>\u2022 Brecha digital y problemas de accesibilidad: <\/b><span style=\"font-weight: 400;\">Not all target audiences may have equal access to digital platforms or the Internet. If certain demographics are underrepresented, this can lead to skewed results.<\/span><\/p>\n\n\n\n<p><b>\u2022 Tasas de compromiso y participaci\u00f3n:<\/b><span style=\"font-weight: 400;\"> Maintaining participant engagement online can be challenging. There&#8217;s also a risk of higher dropout rates in online studies compared to face-to-face interactions.<\/span><\/p>\n\n\n\n<p><b>\u2022 Se\u00f1ales no verbales y profundidad de los datos: <\/b><span style=\"font-weight: 400;\">Online interactions may lack the richness of non-verbal cues in face-to-face interviews, potentially impacting the depth and quality of data collected.<\/span><\/p>\n\n\n\n<p><b>\u2022 Desaf\u00edos t\u00e9cnicos y confiabilidad: <\/b><span style=\"font-weight: 400;\">Los problemas t\u00e9cnicos como la mala conectividad a Internet, los fallos del software o la falta de familiaridad con las herramientas digitales pueden afectar la calidad y la coherencia de los resultados de la investigaci\u00f3n.<\/span><\/p>\n\n\n\n<p><b>\u2022 Autenticidad y Honestidad del Participante: <\/b><span style=\"font-weight: 400;\">Ensuring participants&#8217; authenticity and responses is more challenging online, as the lack of physical presence can encourage dishonesty or misrepresentation.<\/span><\/p>\n\n\n\n<p><b>\u2022 Barreras culturales y ling\u00fc\u00edsticas: <\/b><span style=\"font-weight: 400;\">When researching different countries and cultures, linguistic and cultural barriers can be more pronounced, affecting communication and understanding.<\/span><\/p>\n\n\n\n<p><b>\u2022 Construir buenas relaciones: <\/b><span style=\"font-weight: 400;\">Establecer una buena relaci\u00f3n y confianza con los participantes puede ser m\u00e1s dif\u00edcil en l\u00ednea, lo que podr\u00eda afectar la calidad de las interacciones y los datos recopilados.<\/span><\/p>\n\n\n\n<h2 class=\"wp-block-heading\">Nuestra ubicaci\u00f3n de instalaciones en Nueva York<\/h2>\n\n\n\n<p>\n\n\n\n<iframe loading=\"lazy\" src=\"https:\/\/www.google.com\/maps\/embed?pb=!1m18!1m12!1m3!1d3022.976188376966!2d-73.99130312499956!3d40.740549471389315!2m3!1f0!2f0!3f0!3m2!1i1024!2i768!4f13.1!3m3!1m2!1s0x89c259a15798c731%3A0xd695d09bdd495f25!2s11%20E%2022nd%20St%20FL%202%2C%20New%20York%2C%20NY%2010010%2C%20USA!5e0!3m2!1sen!2spe!4v1726171763526!5m2!1sen!2spe\" width=\"600\" height=\"450\" allowfullscreen=\"allowfullscreen\" data-mce-fragment=\"1\"><\/iframe>\n\n\n\n<\/p>\n\n\n\n<h3 class=\"wp-block-heading\">11 E 22nd Street, piso 2, Nueva York, NY 10010 T: +1(212) 505-6805<\/h3>\n\n\n\n<p><\/p>\n\n\n\n<h2 class=\"wp-block-heading\"><span style=\"font-weight: 400;\">Acerca de SIS Internacional<\/span><\/h2>\n\n\n\n<p><a href=\"https:\/\/www.sisinternational.com\/es\/\"><span style=\"font-weight: 400;\">SIS Internacional<\/span><\/a><span style=\"font-weight: 400;\"> ofrece investigaci\u00f3n cuantitativa, cualitativa y estrat\u00e9gica. Proporcionamos datos, herramientas, estrategias, informes y conocimientos para la toma de decisiones. Tambi\u00e9n realizamos entrevistas, encuestas, grupos focales y otros m\u00e9todos y enfoques de investigaci\u00f3n de mercado.<\/span><a href=\"https:\/\/www.sisinternational.com\/es\/sobre-la-investigacion-internacional-de-sis\/contact-sis-international-market-research\/\"><span style=\"font-weight: 400;\"> P\u00f3ngase en contacto con nosotros<\/span><\/a><span style=\"font-weight: 400;\"> para su pr\u00f3ximo proyecto de Investigaci\u00f3n de Mercado.<\/span><\/p>\n\n\n\n<p><\/p>","protected":false},"excerpt":{"rendered":"<p>Sus clientes pasan m\u00e1s tiempo en l\u00ednea. Descubra nuevos conocimientos sobre los clientes para mejorar el rendimiento de su negocio.<\/p>","protected":false},"author":1,"featured_media":63025,"parent":14660,"menu_order":1,"comment_status":"closed","ping_status":"closed","template":"","meta":{"footnotes":""},"class_list":["post-11298","page","type-page","status-publish","has-post-thumbnail"],"_links":{"self":[{"href":"https:\/\/www.sisinternational.com\/es\/wp-json\/wp\/v2\/pages\/11298","targetHints":{"allow":["GET"]}}],"collection":[{"href":"https:\/\/www.sisinternational.com\/es\/wp-json\/wp\/v2\/pages"}],"about":[{"href":"https:\/\/www.sisinternational.com\/es\/wp-json\/wp\/v2\/types\/page"}],"author":[{"embeddable":true,"href":"https:\/\/www.sisinternational.com\/es\/wp-json\/wp\/v2\/users\/1"}],"replies":[{"embeddable":true,"href":"https:\/\/www.sisinternational.com\/es\/wp-json\/wp\/v2\/comments?post=11298"}],"version-history":[{"count":11,"href":"https:\/\/www.sisinternational.com\/es\/wp-json\/wp\/v2\/pages\/11298\/revisions"}],"predecessor-version":[{"id":80042,"href":"https:\/\/www.sisinternational.com\/es\/wp-json\/wp\/v2\/pages\/11298\/revisions\/80042"}],"up":[{"embeddable":true,"href":"https:\/\/www.sisinternational.com\/es\/wp-json\/wp\/v2\/pages\/14660"}],"wp:featuredmedia":[{"embeddable":true,"href":"https:\/\/www.sisinternational.com\/es\/wp-json\/wp\/v2\/media\/63025"}],"wp:attachment":[{"href":"https:\/\/www.sisinternational.com\/es\/wp-json\/wp\/v2\/media?parent=11298"}],"curies":[{"name":"wp","href":"https:\/\/api.w.org\/{rel}","templated":true}]}}