{"id":11123,"date":"2014-11-01T16:15:59","date_gmt":"2014-11-01T16:15:59","guid":{"rendered":"https:\/\/www.sisinternational.com\/upgrade\/?page_id=11123"},"modified":"2026-01-26T18:12:33","modified_gmt":"2026-01-26T23:12:33","slug":"etnografia","status":"publish","type":"page","link":"https:\/\/www.sisinternational.com\/es\/soluciones\/soluciones-de-investigacion-cualitativa-cuantitativa\/etnografia\/","title":{"rendered":"Investigaci\u00f3n de mercado etnogr\u00e1fica"},"content":{"rendered":"<h1 class=\"wp-block-heading\"><span class=\"s1\">Investigaci\u00f3n de mercado etnogr\u00e1fica<\/span><\/h1>\n\n\n\n<figure class=\"gb-block-image gb-block-image-63d83034\"><img loading=\"lazy\" decoding=\"async\" width=\"1456\" height=\"816\" class=\"gb-image gb-image-63d83034\" src=\"https:\/\/www.sisinternational.com\/wp-content\/uploads\/2025\/09\/Etnography-market-research-3-1.jpg\" alt=\"Investigaci\u00f3n y estrategia de mercado internacional de SIS\" title=\"Etnography market research (3)\" srcset=\"https:\/\/www.sisinternational.com\/wp-content\/uploads\/2025\/09\/Etnography-market-research-3-1.jpg 1456w, https:\/\/www.sisinternational.com\/wp-content\/uploads\/2025\/09\/Etnography-market-research-3-1-300x168.jpg 300w, https:\/\/www.sisinternational.com\/wp-content\/uploads\/2025\/09\/Etnography-market-research-3-1-1024x574.jpg 1024w, https:\/\/www.sisinternational.com\/wp-content\/uploads\/2025\/09\/Etnography-market-research-3-1-768x430.jpg 768w, https:\/\/www.sisinternational.com\/wp-content\/uploads\/2025\/09\/Etnography-market-research-3-1-18x10.jpg 18w\" sizes=\"auto, (max-width: 1456px) 100vw, 1456px\"><\/figure>\n\n\n\n<blockquote class=\"wp-block-quote is-layout-flow wp-block-quote-is-layout-flow\">\n<p>La etnograf\u00eda es un m\u00e9todo de investigaci\u00f3n de mercado cualitativo en el que un moderador y un peque\u00f1o equipo de investigaci\u00f3n entrevistar\u00e1n a un encuestado en su casa u oficina para obtener informaci\u00f3n observacional sobre su estilo de vida y comportamiento cotidiano.<\/p>\n<\/blockquote>\n\n\n\n<p>La importancia de comprender los h\u00e1bitos de los consumidores para desarrollar estrategias de marketing exitosas y productos creativos es cada vez m\u00e1s importante, y la investigaci\u00f3n de mercado etnogr\u00e1fica se est\u00e1 convirtiendo en una fuente de consulta.<\/p>\n\n\n\n<p>Este enfoque implica que los investigadores se sumerjan en el entorno cotidiano del cliente para examinar e interpretar su comportamiento. Al acercarse a los clientes, las empresas pueden obtener informaci\u00f3n valiosa sobre las influencias culturales y sociales de sus clientes y perfeccionar sus productos y servicios.<\/p>\n\n\n\n<h2 class=\"wp-block-heading\">\u00bfQu\u00e9 es la investigaci\u00f3n de mercado etnogr\u00e1fica?<\/h2>\n\n\n\n<p>La investigaci\u00f3n de mercado etnogr\u00e1fica es un m\u00e9todo cualitativo enriquecedor destinado a descubrir los matices de los consumidores. Al utilizar la investigaci\u00f3n de mercado etnogr\u00e1fica, las empresas pueden descubrir comportamientos, actitudes, creencias y pr\u00e1cticas culturales que explican por qu\u00e9 los consumidores compran ciertos productos o servicios. Esto permite a las empresas obtener informaci\u00f3n valiosa sobre c\u00f3mo deber\u00edan<span class=\"Apple-converted-space\">&nbsp; <\/span>Adaptar los mensajes de marketing a grupos espec\u00edficos.<\/p>\n\n\n\n<p>Tambi\u00e9n profundiza en la mente de los consumidores, revelando aspectos ocultos que no pueden detectarse a trav\u00e9s de encuestas o sesiones t\u00edpicas de focus group.<\/p>\n\n\n\n<p>Por esta raz\u00f3n, los resultados son invaluables y pueden conducir a creaciones de productos innovadores, campa\u00f1as de marketing exitosas y mensajes de marca a\u00fan m\u00e1s significativos que lleguen directamente a la mente de los clientes.<\/p>\n\n\n\n<h3 class=\"wp-block-heading\">Importancia de la investigaci\u00f3n de mercado etnogr\u00e1fica para comprender el comportamiento del consumidor<\/h3>\n\n\n\n<p><a href=\"https:\/\/www.sisinternational.com\/es\/pericia\/curriculums-de-experiencia\/curriculum-de-experiencia-en-estudios-de-etnografia\/\" title=\"Experiencia en investigaci\u00f3n de mercado en etnograf\u00eda.\"  data-wpil-monitor-id=\"6353\">Ethnography market research<\/a> allows researchers to better understand the cultural and social elements that shape consumers&#8217; choices. It enables researchers to view customers&#8217; behaviors in their natural setting \u2013 offering deeper comprehension of consumer preferences.<\/p>\n\n\n\n<p>Por lo tanto, las empresas se benefician de la investigaci\u00f3n de mercado etnogr\u00e1fica y obtienen informaci\u00f3n sobre las necesidades, deseos, actitudes, creencias, h\u00e1bitos y motivaciones de su p\u00fablico objetivo.<\/p>\n\n\n\n<p>These insights are critical for creating new products and tailoring marketing campaigns that truly connect with consumers on an emotional level. Additionally, <a href=\"https:\/\/www.sisinternational.com\/es\/soluciones\/soluciones-de-branding-e-investigacion-de-clientes\/investigacion-de-video-etnografia\/\" title=\"Investigaci\u00f3n en videoetnograf\u00eda\"  data-wpil-monitor-id=\"6794\">ethnography market research<\/a> lets businesses spot unmet consumer needs, especially, in international markets where culture-driven factors affect sales.<\/p>\n\n\n\n<p>A trav\u00e9s de la investigaci\u00f3n observacional, los investigadores pueden obtener informaci\u00f3n sobre el comportamiento natural de los participantes observ\u00e1ndolos en su propio entorno. Este enfoque distinto permite comprender respuestas espont\u00e1neas y genuinas que pueden no identificarse en un entorno de laboratorio estructurado.<\/p>\n\n\n\n<figure class=\"gb-block-image gb-block-image-f178cd1a\"><img loading=\"lazy\" decoding=\"async\" width=\"1456\" height=\"816\" class=\"gb-image gb-image-f178cd1a\" src=\"https:\/\/www.sisinternational.com\/wp-content\/uploads\/2025\/09\/Etnography-market-research-2.jpg\" alt=\"Investigaci\u00f3n y estrategia de mercado internacional de SIS\" title=\"Etnography market research (2)\" srcset=\"https:\/\/www.sisinternational.com\/wp-content\/uploads\/2025\/09\/Etnography-market-research-2.jpg 1456w, https:\/\/www.sisinternational.com\/wp-content\/uploads\/2025\/09\/Etnography-market-research-2-300x168.jpg 300w, https:\/\/www.sisinternational.com\/wp-content\/uploads\/2025\/09\/Etnography-market-research-2-1024x574.jpg 1024w, https:\/\/www.sisinternational.com\/wp-content\/uploads\/2025\/09\/Etnography-market-research-2-768x430.jpg 768w, https:\/\/www.sisinternational.com\/wp-content\/uploads\/2025\/09\/Etnography-market-research-2-18x10.jpg 18w\" sizes=\"auto, (max-width: 1456px) 100vw, 1456px\"><\/figure>\n\n\n\n<p><\/p>\n\n\n\n<h3 class=\"wp-block-heading\">Beneficios de la investigaci\u00f3n de mercado etnogr\u00e1fica<\/h3>\n\n\n\n<p>Esta metodolog\u00eda ofrece ventajas clave sobre enfoques m\u00e1s tradicionales de investigaci\u00f3n cualitativa, como grupos focales o entrevistas en profundidad que se llevan a cabo en un centro de investigaci\u00f3n. Cuando un encuestado es retirado del entorno en el que normalmente interact\u00faa con el sujeto de la investigaci\u00f3n, se ve obligado a basar sus declaraciones en experiencias previas, exponiendo sus ideas a la falibilidad de la memoria humana y a las influencias de otras opiniones del grupo. o \u201cpensamiento de grupo\u201d.<\/p>\n\n\n\n<p><span class=\"s2\">Un enfoque de investigaci\u00f3n de mercado etnogr\u00e1fica a domicilio ofrece una visi\u00f3n mucho m\u00e1s clara y hol\u00edstica de c\u00f3mo un producto encaja en el estilo de vida del consumidor. Al realizar una etnograf\u00eda en el hogar, un investigador puede observar de primera mano c\u00f3mo un consumidor interact\u00faa con un producto y lo utiliza en el contexto de su vida pr\u00e1ctica y cotidiana, lo que permite una comprensi\u00f3n mucho m\u00e1s matizada de las \u00e1reas potenciales de mejora del producto y una visi\u00f3n general m\u00e1s amplia. reconocimiento de qui\u00e9nes son realmente los consumidores objetivo. Podemos recopilar &quot;artefactos&quot; o tareas con el permiso del consumidor para obtener una comprensi\u00f3n m\u00e1s profunda. Este m\u00e9todo ayuda a nuestros clientes a comprender el comportamiento y las creencias desde la perspectiva de los clientes.<\/span><\/p>\n\n\n\n<p>El verdadero valor de la investigaci\u00f3n etnogr\u00e1fica a menudo viene en la forma de una observaci\u00f3n sutil del comportamiento del encuestado cuando interact\u00faa con el sujeto de la investigaci\u00f3n. \u00bfQu\u00e9 les hace \u201ciluminarse\u201d cuando hablan del producto? \u00bfQu\u00e9 les frustra al respecto? \u00bfUtilizan el producto para fines que no fueron previstos o concebidos originalmente? La investigaci\u00f3n etnogr\u00e1fica puede revelar las respuestas a estas preguntas y, en \u00faltima instancia, proporcionar a los especialistas en marketing y desarrolladores de productos conocimientos invaluables sobre su base de consumidores.<\/p>\n\n\n\n<p>En consecuencia, con su amplio potencial en diversas industrias, la investigaci\u00f3n de mercado etnogr\u00e1fica brinda una variedad de beneficios a considerar, que incluyen:<\/p>\n\n\n\n<ul class=\"wp-block-list\">\n<li><b>Comprensi\u00f3n profunda del comportamiento del consumidor.<\/b>: A trav\u00e9s de la investigaci\u00f3n de mercado etnogr\u00e1fica, las empresas pueden obtener una comprensi\u00f3n m\u00e1s profunda de los h\u00e1bitos y decisiones de los consumidores. Al examinar de cerca a los clientes en sus entornos, los investigadores tienen la oportunidad de identificar las motivaciones detr\u00e1s de la lealtad a la marca o el uso del producto. Esta forma de recopilaci\u00f3n de datos ayuda a las empresas a determinar qu\u00e9 impulsa el comportamiento de los clientes y c\u00f3mo pueden aprovechar esta informaci\u00f3n para mejorar sus esfuerzos de marketing.<\/li>\n\n\n\n<li><b>Dise\u00f1o y desarrollo de productos.<\/b>: Al aprovechar la investigaci\u00f3n de mercado etnogr\u00e1fica, los dise\u00f1adores de productos pueden obtener informaci\u00f3n valiosa sobre las necesidades y deseos de los consumidores para crear productos que sean f\u00e1ciles de usar y est\u00e9ticamente \u00fanicos. Con esta metodolog\u00eda de investigaci\u00f3n, los desarrolladores de productos tienen una mayor capacidad para crear soluciones que cumplan con las expectativas de los clientes. Esta pr\u00e1ctica permite un proceso de dise\u00f1o m\u00e1s \u00e1gil que da como resultado productos intuitivos que complementan los estilos de vida de los usuarios.<\/li>\n\n\n\n<li><b>Desarrollo de estrategias de marketing.<\/b>: Las empresas pueden crear estrategias y campa\u00f1as de marketing m\u00e1s \u00fatiles utilizando la investigaci\u00f3n de mercado etnogr\u00e1fica. Ayuda a las empresas a comprender los factores culturales y sociales subyacentes que influyen en el comportamiento del consumidor, y los investigadores pueden comprender c\u00f3mo los clientes utilizan los productos y servicios, mejorando las campa\u00f1as de marketing.<\/li>\n<\/ul>\n\n\n\n<h3 class=\"wp-block-heading\">Desaf\u00edos de la investigaci\u00f3n de mercado etnogr\u00e1fica<\/h3>\n\n\n\n<p>Though ethnographic market <a href=\"https:\/\/www.sisinternational.com\/es\/pericia\/industrias\/investigacion-de-mercado-de-intencion-del-comprador\/\" title=\"Investigaci\u00f3n de mercado de intenci\u00f3n del comprador\"  data-wpil-monitor-id=\"7154\">investigaci\u00f3n<\/a> offers a wealth of knowledge about buyer activities, there are many drawbacks involved with this approach.<\/p>\n\n\n\n<ul class=\"wp-block-list\">\n<li>La investigaci\u00f3n de mercado etnogr\u00e1fica requiere observar y examinar atentamente una muestra representativa de participantes, lo que puede restringir la extrapolaci\u00f3n de los resultados. Por lo tanto, los investigadores deben tener cuidado de no hacer afirmaciones sobre una poblaci\u00f3n extendida bas\u00e1ndose en un tama\u00f1o de muestra insignificante.<\/li>\n\n\n\n<li>Requiere una inversi\u00f3n intensiva tanto en tiempo como en recursos. Para comprender verdaderamente las experiencias de los participantes, los investigadores deben observarlos dentro de su entorno natural, un proceso que puede resultar costoso y largo.<\/li>\n\n\n\n<li>En determinadas circunstancias, obtener el consentimiento de los participantes puede resultar complicado. Es posible que no quieran que un investigador los observe en su entorno o que se sientan inc\u00f3modos al revelar detalles privados.<\/li>\n\n\n\n<li>La investigaci\u00f3n de mercado etnogr\u00e1fica requiere una consideraci\u00f3n cautelosa de las perspectivas personales y los posibles sesgos del investigador. Depende en gran medida de c\u00f3mo se interpreta la informaci\u00f3n, y los observadores deben tener especial cuidado para no permitir que sus propios puntos de vista distorsionen los datos recopilados.<\/li>\n\n\n\n<li>La investigaci\u00f3n de mercado etnogr\u00e1fica puede generar grandes cantidades de datos. Sin embargo, es fundamental analizar la informaci\u00f3n con exactitud y precisi\u00f3n para garantizar que los resultados sean exactos.<\/li>\n<\/ul>\n\n\n\n<h4 class=\"wp-block-heading\">Acerca de la investigaci\u00f3n de mercado de etnograf\u00eda de SIS<\/h4>\n\n\n\n<p>SIS es una empresa l\u00edder en Investigaci\u00f3n de Mercados. Proporcionamos investigaci\u00f3n de mercado etnogr\u00e1fica en todo el mundo. Realizamos:<\/p>\n\n\n\n<ul class=\"wp-block-list\">\n<li><strong>Etnograf\u00eda en el hogar<\/strong><\/li>\n\n\n\n<li><strong>Etnograf\u00eda en la tienda<\/strong><\/li>\n\n\n\n<li><strong>Etnograf\u00eda en la oficina<\/strong><\/li>\n\n\n\n<li><strong>Etnograf\u00eda en veh\u00edculos<\/strong><\/li>\n\n\n\n<li><strong>Etnograf\u00eda m\u00f3vil y en l\u00ednea<\/strong><\/li>\n<\/ul>\n\n\n\n<p>Tenemos capacidades en los Estados Unidos, Europa, China y Asia. Nuestra diferenciaci\u00f3n es nuestra calidad de conocimiento, cobertura del mercado global, entrevistas multiling\u00fces, servicio al cliente las 24 horas y nuestras amplias capacidades de an\u00e1lisis cualitativo.<\/p>\n\n\n\n<p>SIS International ofrece investigaci\u00f3n cuantitativa, cualitativa y estrat\u00e9gica. Proporcionamos datos, herramientas, estrategias, informes y insights para la toma de decisiones. Realizamos entrevistas, encuestas, grupos focales y muchos otros m\u00e9todos y enfoques de investigaci\u00f3n de mercado. Cont\u00e1ctenos para su pr\u00f3ximo proyecto de Investigaci\u00f3n de Mercado.<\/p>\n\n\n\n<p><\/p>","protected":false},"excerpt":{"rendered":"<p>La investigaci\u00f3n de mercado etnogr\u00e1fica revela informaci\u00f3n sobre los clientes y su comportamiento. Realizamos etnograf\u00eda de hogares, tiendas y oficinas en todo el mundo. Aprende m\u00e1s.<\/p>","protected":false},"author":1,"featured_media":67284,"parent":14660,"menu_order":0,"comment_status":"closed","ping_status":"closed","template":"","meta":{"footnotes":""},"class_list":["post-11123","page","type-page","status-publish","has-post-thumbnail"],"_links":{"self":[{"href":"https:\/\/www.sisinternational.com\/es\/wp-json\/wp\/v2\/pages\/11123","targetHints":{"allow":["GET"]}}],"collection":[{"href":"https:\/\/www.sisinternational.com\/es\/wp-json\/wp\/v2\/pages"}],"about":[{"href":"https:\/\/www.sisinternational.com\/es\/wp-json\/wp\/v2\/types\/page"}],"author":[{"embeddable":true,"href":"https:\/\/www.sisinternational.com\/es\/wp-json\/wp\/v2\/users\/1"}],"replies":[{"embeddable":true,"href":"https:\/\/www.sisinternational.com\/es\/wp-json\/wp\/v2\/comments?post=11123"}],"version-history":[{"count":8,"href":"https:\/\/www.sisinternational.com\/es\/wp-json\/wp\/v2\/pages\/11123\/revisions"}],"predecessor-version":[{"id":80716,"href":"https:\/\/www.sisinternational.com\/es\/wp-json\/wp\/v2\/pages\/11123\/revisions\/80716"}],"up":[{"embeddable":true,"href":"https:\/\/www.sisinternational.com\/es\/wp-json\/wp\/v2\/pages\/14660"}],"wp:featuredmedia":[{"embeddable":true,"href":"https:\/\/www.sisinternational.com\/es\/wp-json\/wp\/v2\/media\/67284"}],"wp:attachment":[{"href":"https:\/\/www.sisinternational.com\/es\/wp-json\/wp\/v2\/media?parent=11123"}],"curies":[{"name":"wp","href":"https:\/\/api.w.org\/{rel}","templated":true}]}}