{"id":54508,"date":"2024-12-04T05:24:02","date_gmt":"2024-12-04T10:24:02","guid":{"rendered":"https:\/\/www.sisinternational.com\/?page_id=54508"},"modified":"2026-01-24T20:52:37","modified_gmt":"2026-01-25T01:52:37","slug":"scheinjury-marktforschung-3","status":"publish","type":"page","link":"https:\/\/www.sisinternational.com\/de\/losungen\/legal-market-research\/scheinjury-marktforschung-3\/","title":{"rendered":"Top-Unternehmen f\u00fcr Scheinjury-Marktforschung"},"content":{"rendered":"<h1 class=\"wp-block-heading\">Top-Unternehmen f\u00fcr Scheinjury-Marktforschung<\/h1>\n\n\n\n<figure class=\"gb-block-image gb-block-image-b36c2504\"><img loading=\"lazy\" decoding=\"async\" width=\"1456\" height=\"816\" class=\"gb-image gb-image-b36c2504\" src=\"https:\/\/www.sisinternational.com\/wp-content\/uploads\/2025\/08\/Mock-Jury-4.jpg\" alt=\"SIS International Marktforschung &amp; Strategie\" title=\"Mock Jury (4)\" srcset=\"https:\/\/www.sisinternational.com\/wp-content\/uploads\/2025\/08\/Mock-Jury-4.jpg 1456w, https:\/\/www.sisinternational.com\/wp-content\/uploads\/2025\/08\/Mock-Jury-4-300x168.jpg 300w, https:\/\/www.sisinternational.com\/wp-content\/uploads\/2025\/08\/Mock-Jury-4-1024x574.jpg 1024w, https:\/\/www.sisinternational.com\/wp-content\/uploads\/2025\/08\/Mock-Jury-4-768x430.jpg 768w, https:\/\/www.sisinternational.com\/wp-content\/uploads\/2025\/08\/Mock-Jury-4-18x10.jpg 18w\" sizes=\"auto, (max-width: 1456px) 100vw, 1456px\"><\/figure>\n\n\n\n<hr class=\"wp-block-separator has-alpha-channel-opacity is-style-dots\"\/>\n\n\n\n<p><\/p>\n\n\n\n<h3 class=\"gb-headline gb-headline-bfa84fa8 gb-headline-text\">\u2026 Diese Forschung leistet einen bedeutenden Beitrag, indem sie es Anw\u00e4lten erm\u00f6glicht, ihre voraussichtlichen Argumente vor dem Gericht auf der Grundlage von Daten zur demografischen Zusammensetzung der Geschworenen in der Vergangenheit zu simulieren.&nbsp;<\/h3>\n\n\n\n<p>Was entscheidet \u00fcber Erfolg oder Misserfolg eines Falles? Manchmal kommt es darauf an, wie Geschworene Beweise, Argumente und Pr\u00e4sentationen sehen. SIS International ist ein f\u00fchrender Anbieter von Recherchediensten f\u00fcr Scheinjurys, die es Rechtsteams erm\u00f6glichen, ihre Strategien umfassend und effektiv zu entwickeln und zu testen. Wir arbeiten seit Jahren mit Anwaltskanzleien und Unternehmen zusammen, um umsetzbare Erkenntnisse zu gewinnen, die sie selbst auf Prozesse mit h\u00f6chstem Einsatz vorbereiten.<\/p>\n\n\n\n<p>We are a <a href=\"https:\/\/www.sisinternational.com\/de\/top-unternehmen-fur-marketingstrategien\/\" title=\"Top-Unternehmen f\u00fcr Marketingstrategien\"  data-wpil-monitor-id=\"988\">top mock jury market research company<\/a> \u2013 and by simulating realistic jury deliberation processes, we offer insights into how you can win hearts and minds with a jury.<\/p>\n\n\n\n<h2 class=\"wp-block-heading\">Was ist Schein-Jury-Marktforschung?<\/h2>\n\n\n\n<figure class=\"gb-block-image gb-block-image-226f9f3f\"><img loading=\"lazy\" decoding=\"async\" width=\"1456\" height=\"816\" class=\"gb-image gb-image-226f9f3f\" src=\"https:\/\/www.sisinternational.com\/wp-content\/uploads\/2025\/08\/Mock-Jury-6.jpg\" alt=\"SIS International Marktforschung &amp; Strategie\" title=\"Mock Jury (6)\" srcset=\"https:\/\/www.sisinternational.com\/wp-content\/uploads\/2025\/08\/Mock-Jury-6.jpg 1456w, https:\/\/www.sisinternational.com\/wp-content\/uploads\/2025\/08\/Mock-Jury-6-300x168.jpg 300w, https:\/\/www.sisinternational.com\/wp-content\/uploads\/2025\/08\/Mock-Jury-6-1024x574.jpg 1024w, https:\/\/www.sisinternational.com\/wp-content\/uploads\/2025\/08\/Mock-Jury-6-768x430.jpg 768w, https:\/\/www.sisinternational.com\/wp-content\/uploads\/2025\/08\/Mock-Jury-6-18x10.jpg 18w\" sizes=\"auto, (max-width: 1456px) 100vw, 1456px\"><\/figure>\n\n\n\n<p><\/p>\n\n\n\n<p>Mock jury <a href=\"https:\/\/www.sisinternational.com\/de\/losungen\/legal-market-research\/\" title=\"Legal Market Research\"  data-wpil-monitor-id=\"2957\">market research provides legal<\/a> teams and businesses with a roadmap for success by allowing them to course-correct before they ever stand before a real jury.&nbsp;<\/p>\n\n\n\n<p>Wir rekrutieren eine Gruppe von Personen \u2013 die so ausgew\u00e4hlt werden, dass sie den tats\u00e4chlichen Geschworenenpool repr\u00e4sentiert \u2013 f\u00fcr die Beobachtung und Beratung von Beweisen, Argumenten und Pr\u00e4sentationen.&nbsp;<\/p>\n\n\n\n<p>Dabei werden Er\u00f6ffnungserkl\u00e4rungen, einige wichtige Beweisst\u00fccke, Zeugenaussagen und Schlusspl\u00e4doyers pr\u00e4sentiert. Anschlie\u00dfend werden die Teilnehmer aufgefordert, wie in einem echten Prozess zu \u00fcberlegen und Feedback dazu zu geben, was ihre Entscheidungen beeinflusst hat.&nbsp;<\/p>\n\n\n\n<p>Bei SIS verf\u00fcgen wir \u00fcber eine Vielzahl hochmoderner Tools \u2013 darunter Echtzeitanalysen und Interviews nach der Beratung \u2013, mit denen wir jede Nuance der Reaktionen der Geschworenen erfassen k\u00f6nnen. Mit diesen Erkenntnissen k\u00f6nnen unsere Kunden ihre Botschaft optimieren, ihre Argumente sch\u00e4rfen und Schwachstellen ansprechen.<\/p>\n\n\n\n<h2 class=\"wp-block-heading\">Die zentrale Bedeutung der Rekrutierung bei der heutigen Scheinjuryforschung<\/h2>\n\n\n\n<figure class=\"gb-block-image gb-block-image-2d94f51d\"><img loading=\"lazy\" decoding=\"async\" width=\"1456\" height=\"816\" class=\"gb-image gb-image-2d94f51d\" src=\"https:\/\/www.sisinternational.com\/wp-content\/uploads\/2025\/08\/Mock-Jury-2.jpg\" alt=\"SIS International Marktforschung &amp; Strategie\" title=\"Mock Jury (2)\" srcset=\"https:\/\/www.sisinternational.com\/wp-content\/uploads\/2025\/08\/Mock-Jury-2.jpg 1456w, https:\/\/www.sisinternational.com\/wp-content\/uploads\/2025\/08\/Mock-Jury-2-300x168.jpg 300w, https:\/\/www.sisinternational.com\/wp-content\/uploads\/2025\/08\/Mock-Jury-2-1024x574.jpg 1024w, https:\/\/www.sisinternational.com\/wp-content\/uploads\/2025\/08\/Mock-Jury-2-768x430.jpg 768w, https:\/\/www.sisinternational.com\/wp-content\/uploads\/2025\/08\/Mock-Jury-2-18x10.jpg 18w\" sizes=\"auto, (max-width: 1456px) 100vw, 1456px\"><\/figure>\n\n\n\n<p><\/p>\n\n\n\n<p>Nachdem ich jahrzehntelang bei SIS International Research Forschungsarbeiten durchgef\u00fchrt habe, kann ich sagen, dass die Genauigkeit und Verl\u00e4sslichkeit der Erkenntnisse, die aus einer Scheinjury gewonnen werden, ganz von den richtigen Teilnehmern abh\u00e4ngt. Die Auswahl von Geschworenen, die die demografischen, psychografischen und geografischen Merkmale des Zielpublikums wirklich widerspiegeln, ist nach wie vor das A und O und entscheidet \u00fcber Erfolg oder Misserfolg der Studie.<\/p>\n\n\n\n<p>Eine gute Rekrutierung sollte es der Scheinjury erm\u00f6glichen, so nah wie m\u00f6glich an der tats\u00e4chlichen Jury zu sein. Wenn ein Fall beispielsweise in einem bestimmten Bezirk vor Gericht geht, ist es entscheidend, Jurymitglieder aus diesem Ort zu finden, die den kulturellen, sozialen und wirtschaftlichen Querschnitt der gesamten Gemeinschaft repr\u00e4sentieren. Eine solche Repr\u00e4sentation ist wichtig, weil sie Voreingenommenheit, individuelle Perspektiven und Entscheidungstendenzen aufdeckt, die w\u00e4hrend des Prozesses zum Vorschein kommen k\u00f6nnten.<\/p>\n\n\n\n<p>Ein weiterer wichtiger Aspekt ist Vielfalt \u2013 nicht nur in Bezug auf Ethnizit\u00e4t und Geschlecht, sondern auch in Bezug auf Perspektiven, Berufe und Lebenserfahrungen. Echte Jurys bestehen aus Menschen aus unterschiedlichen Lebensbereichen, und zu erfahren, wie sich diese Unterschiede im Beratungsraum auswirken, ist ein wesentlicher Aspekt.&nbsp;<\/p>\n\n\n\n<h2 class=\"wp-block-heading\">Beginnen Sie mit SIS International Research<\/h2>\n\n\n\n<p>Wir machen die Durchf\u00fchrung einer Scheinjury schnell, einfach und in Zusammenarbeit zwischen Ihnen und Ihrem Rechtsteam. So stellen wir sicher, dass jedes Projekt gezielt konzipiert und ausgef\u00fchrt wird, um Ihre spezifischen Ziele zu erreichen:<\/p>\n\n\n\n<p><strong>Erstberatung<\/strong><\/p>\n\n\n\n<p>Im ersten Schritt sprechen wir mit Ihrem Anwaltsteam, um Ihren Fall im Detail kennenzulernen, z. B. wo die Verhandlung stattfinden wird, die rechtlichen Argumente und welches Ergebnis Sie sich w\u00fcnschen. Diese Informationen helfen uns dabei, eine auf Ihre spezifischen Bed\u00fcrfnisse zugeschnittene Scheinjurystudie zu entwerfen.<\/p>\n\n\n\n<p><strong>Gestaltung der Forschungsstudie<\/strong><\/p>\n\n\n\n<p>Wir erstellen einen detaillierten Forschungsplan, der die Auswahl der Scheinjury, die Pr\u00e4sentation des Falls, Methoden zur Datenerfassung usw. umfasst. Wir stellen sicher, dass die Studie die Nuancen Ihres eigenen Falls darstellt und gleichzeitig so weit wie m\u00f6glich einer echten Jury \u00e4hnelt.<\/p>\n\n\n\n<p><strong>Teilnehmerrekrutierung<\/strong><\/p>\n\n\n\n<p>Mithilfe unseres umfangreichen Rekrutierungsnetzwerks und unserer Erfahrung rekrutieren und w\u00e4hlen wir Personen aus, die den demografischen und geografischen Profilen des tats\u00e4chlichen Jurypools am besten entsprechen. Dies garantiert die Zuverl\u00e4ssigkeit der gesammelten Erkenntnisse und ihrer Repr\u00e4sentation.<\/p>\n\n\n\n<p><strong>Durchf\u00fchrung der Scheinjury-Studie<\/strong><\/p>\n\n\n\n<p>Wir f\u00fchren in unseren hochmodernen Einrichtungen mit unseren erfahrenen Moderatoren simulierte Geschworenensitzungen durch, um die Prozessumgebung so gut wie m\u00f6glich nachzubilden und zu beurteilen, wie die Geschworenen auf verschiedene Elemente der Argumente, Beweise und Pr\u00e4sentationen reagieren. Wir erhalten Daten durch Echtzeit-Feedback-Tools und aufgezeichnete Beratungen<\/p>\n\n\n\n<h2 class=\"wp-block-heading\">Was macht SIS International zu einem der f\u00fchrenden Marktforschungsunternehmen f\u00fcr Scheinjurys?<\/h2>\n\n\n\n<figure class=\"gb-block-image gb-block-image-0e7c0ded\"><img decoding=\"async\" class=\"gb-image gb-image-0e7c0ded\" src=\"https:\/\/www.sisinternational.com\/wp-content\/uploads\/2019\/07\/Mock-Jury-Market-Research-Lawyer.jpg\" alt=\"Recherche zu Schein-Jurys\" title=\"Anwalt f\u00fcr Marktforschung mit Scheinjury\"\/><\/figure>\n\n\n\n<p><\/p>\n\n\n\n<p>With decades of experience and dedication to excellence, SIS is recognized as one of the industry&#8217;s <a href=\"https:\/\/www.sisinternational.com\/de\/weltweit-fuhrendes-unternehmen-fur-qualitative-forschung\/\" title=\"Weltweit f\u00fchrendes Unternehmen f\u00fcr qualitative Forschung\"  data-wpil-monitor-id=\"1033\">top mock jury market research<\/a> companies\u2026 But what sets us apart? It\u2019s our unique ability to integrate expertise, innovation, and personalized service to create results that exceed expectations.<\/p>\n\n\n<p>\n\n\n<\/p>\n<p style=\"padding-left: 40px;\"><strong>Un\u00fcbertroffene Expertise<\/strong><\/p>\n<p style=\"padding-left: 40px;\">\n\n\n\n<\/p>\n<p style=\"padding-left: 40px;\">Nach mehr als 40 Jahren in der <a href=\"https:\/\/www.linkedin.com\/pulse\/how-market-research-enables-growth-ruth-stanat-phekf\/\" target=\"_blank\" rel=\"noopener\">Marktforschung<\/a> Marktpl\u00e4tze, bei denen wir unz\u00e4hlige Scheinjurys f\u00fcr Klienten aller Art und Gr\u00f6\u00dfe durchgef\u00fchrt haben, von Fortune 500-Unternehmen bis hin zu kleinen Anwaltskanzleien, sahen wir das Problem als systematisch an. Wir verf\u00fcgen \u00fcber einzigartiges Fachwissen in der Geschworenenpsychologie und unsere F\u00e4higkeiten sind sowohl juristisch als auch betriebswirtschaftlich ausgerichtet, sodass wir unseren Klienten Informationen pr\u00e4sentieren k\u00f6nnen, auf die sie sich verlassen k\u00f6nnen.<\/p>\n<p style=\"padding-left: 40px;\">\n\n\n\n<\/p>\n<p style=\"padding-left: 40px;\"><strong>Master der Globalisierung und Lokalisierung<\/strong><\/p>\n<p style=\"padding-left: 40px;\">\n\n\n\n<\/p>\n<p style=\"padding-left: 40px;\">Mit unserer Pr\u00e4senz in \u00fcber 135 L\u00e4ndern k\u00f6nnen wir internationale F\u00e4lle unterst\u00fctzen, die l\u00e4nder\u00fcbergreifende Einblicke erfordern. F\u00fcr Scheinjurystudien rekrutieren wir jedoch mit einer lokalen Genauigkeit, die kein anderes Panel-Unternehmen erreichen kann. Wir rekrutieren Teilnehmer, die die genaue demografische und geografische Zusammensetzung Ihres gew\u00fcnschten Jury-Pools widerspiegeln.<\/p>\n<p style=\"padding-left: 40px;\">\n\n\n\n<\/p>\n<p style=\"padding-left: 40px;\"><strong>Fortschrittliche Werkzeuge und Technologien<\/strong><\/p>\n<p style=\"padding-left: 40px;\">\n\n\n\n<\/p>\n<p style=\"padding-left: 40px;\">Unsere Prozessberater verwenden modernste Tools, darunter Live-Video-Streaming, Echtzeitanalysen und Heatmapping-Software, um die Reaktionen der Geschworenen aufzuzeichnen. Dies erm\u00f6glicht uns eine objektive, datengest\u00fctzte Analyse der Aufnahme Ihrer Argumente und Beweise.<\/p>\n<p style=\"padding-left: 40px;\">\n\n\n\n<\/p>\n<p style=\"padding-left: 40px;\"><strong>Au\u00dfergew\u00f6hnlicher Kundensupport<\/strong><\/p>\n<p style=\"padding-left: 40px;\">\n\n\n\n<\/p>\n<p style=\"padding-left: 40px;\"><a href=\"https:\/\/twitter.com\/SISIntlResearch\" target=\"_blank\" rel=\"noopener\">Unser Team<\/a> arbeitet mit Ihnen vom ersten Beratungsgespr\u00e4ch bis zur Bereitstellung von Erkenntnissen und Berichten und stellt sicher, dass die Pr\u00e4sentationen mit Ihrer Strategie \u00fcbereinstimmen. Viele unserer Kunden kommen f\u00fcr mehrere Projekte zu uns zur\u00fcck. Die Zuverl\u00e4ssigkeit, das Fachwissen und der kooperative Geist unseres Teams haben sich als un\u00fcbertroffen erwiesen.<\/p>\n<p>\n\n\n<\/p>\n<p>\n\n\n<\/p>\n<h2 class=\"wp-block-heading\">FAQs<\/h2>\n<p>\n\n\n\n<\/p>\n<h3 class=\"wp-block-heading\" style=\"padding-left: 40px;\">F: Was ist ein Usability-Test und welche Bedeutung hat er?<\/h3>\n<p style=\"padding-left: 40px;\">\n\n\n\n<\/p>\n<p style=\"padding-left: 40px;\">Ziel ist es, etwaige Probleme mit der Benutzerfreundlichkeit zu erkennen, das Benutzerverhalten zu verstehen und Erkenntnisse dar\u00fcber zu gewinnen, wie einfach oder schwierig die Zielgruppe mit einem Produkt interagieren kann.<\/p>\n<p style=\"padding-left: 40px;\">\n\n\n\n<\/p>\n<h3 class=\"wp-block-heading\" style=\"padding-left: 40px;\">F: Wie k\u00f6nnen Usability-Tests die Kundenzufriedenheit steigern?<\/h3>\n<p style=\"padding-left: 40px;\">\n\n\n\n<\/p>\n<p style=\"padding-left: 40px;\">Usability-Tests bieten direktes Feedback von Endbenutzern zu ihren Erfahrungen mit einem Produkt und helfen Unternehmen dabei, Schwachstellen, Frustrationen und Verwirrungen zu lokalisieren.\u00a0<\/p>\n<p style=\"padding-left: 40px;\">\n\n\n\n<\/p>\n<h3 class=\"wp-block-heading\" style=\"padding-left: 40px;\">F: F\u00fcr welche Produkte k\u00f6nnen Usability-Tests verwendet werden?<\/h3>\n<p style=\"padding-left: 40px;\">\n\n\n\n<\/p>\n<p style=\"padding-left: 40px;\">Usability-Tests sind eine vielseitige Methode, die f\u00fcr verschiedene Arten von Produkten und Dienstleistungen in unterschiedlichen Branchen eingesetzt werden kann. Usability-Tests sind in nahezu allen Branchen ein wesentlicher Schritt, von Websites und mobilen Anwendungen bis hin zu physischen G\u00fctern und Softwareschnittstellen, um sicherzustellen, dass ein Produkt benutzerfreundlich und funktionsf\u00e4hig ist.<\/p>\n<p style=\"padding-left: 40px;\">\n\n\n\n<\/p>\n<h3 class=\"wp-block-heading\" style=\"padding-left: 40px;\">F: Wie erhalten wir die richtigen Ergebnisse aus dem Usability-Test?<\/h3>\n<p style=\"padding-left: 40px;\">\n\n\n\n<\/p>\n<p style=\"padding-left: 40px;\">Testen Sie auf einer Plattform, auf der Sie wahrscheinlich genaue und zuverl\u00e4ssige Ergebnisse erhalten. SIS International verwendet ein langwieriges Pr\u00fcfverfahren, um die Genauigkeit in allen Phasen des Tests sicherzustellen, von der Rekrutierung der Testpersonen bis zur Analyse der Daten selbst.<\/p>\n<p style=\"padding-left: 40px;\">\n\n\n\n<\/p>\n<p style=\"padding-left: 40px;\">Die Teilnehmer werden so ausgew\u00e4hlt, dass sie die Zielgruppe des Produkts m\u00f6glichst genau widerspiegeln. Anschlie\u00dfend entwickeln wir realistische Szenarien und Aufgaben, die f\u00fcr tats\u00e4chliche Benutzer repr\u00e4sentativ sind, die das Produkt in einer realen Umgebung verwenden. Wir nehmen die Daten aus dem Test und f\u00fchren eine qualitative und quantitative Analyse durch, um nach Mustern und Erkenntnissen zu suchen, die zu sinnvollen Verbesserungen des Produkts f\u00fchren k\u00f6nnen.<\/p>\n<p style=\"padding-left: 40px;\">\n\n\n\n<\/p>\n<p style=\"padding-left: 40px;\">Unser Expertenteam stellt sicher, dass jede Usability-Test-Sitzung mit m\u00f6glichst geringer Voreingenommenheit durchgef\u00fchrt wird, damit die Ergebnisse pr\u00e4zise und umsetzbar sind.<\/p>\n<p style=\"padding-left: 40px;\">\n\n\n\n<\/p>\n<h3 class=\"wp-block-heading\" style=\"padding-left: 40px;\">F: Welchen Einfluss haben Usability-Tests auf den ROI meines Produkts?<\/h3>\n<p style=\"padding-left: 40px;\">\n\n\n\n<\/p>\n<p style=\"padding-left: 40px;\">Usability-Tests k\u00f6nnen sich unmittelbar positiv auf den ROI Ihres Produkts auswirken, indem sie eine effektive Benutzerinteraktion erm\u00f6glichen. Benutzerfreundliche und relevante Produkte f\u00fchren zu h\u00f6herem Engagement, niedrigeren Abwanderungsraten und h\u00f6chster Kundentreue.<\/p>\n<p style=\"padding-left: 40px;\">\n\n\n\n<\/p>\n<h3 class=\"wp-block-heading\" style=\"padding-left: 40px;\">F: Wie verarbeiten Sie die Daten aus den Usability-Tests?<\/h3>\n<p style=\"padding-left: 40px;\">\n\n\n\n<\/p>\n<p style=\"padding-left: 40px;\">Die Auswertung der Daten aus Usability-Tests ist ebenso wichtig wie der Test selbst. SIS International verfolgt einen qualitativ-quantitativen Analyseansatz. Dabei werden Muster erkannt, die Interaktion der Benutzer mit Ihrem Produkt verfolgt und Daten mit anderen Sitzungen verglichen.<\/p>\n<p style=\"padding-left: 40px;\">\n\n\n\n<\/p>\n<p style=\"padding-left: 40px;\">Anschlie\u00dfend erstellen wir ausf\u00fchrliche Berichte, in denen wir wichtige Erkenntnisse pr\u00e4sentieren, Usability-Probleme aufdecken und praktische Vorschl\u00e4ge machen. Unsere Expertise liegt darin, Rohdaten in umsetzbare Erkenntnisse zu \u00fcbersetzen, um aufzuzeigen, wie unsere Kunden ihre Produkte basierend auf dem verwendeten Designansatz verbessern k\u00f6nnen.<\/p>\n<h2>Unser Standort in New York<\/h2>\n<p>\n\n\n\n<iframe loading=\"lazy\" src=\"https:\/\/www.google.com\/maps\/embed?pb=!1m18!1m12!1m3!1d3022.976188376966!2d-73.99130312499956!3d40.740549471389315!2m3!1f0!2f0!3f0!3m2!1i1024!2i768!4f13.1!3m3!1m2!1s0x89c259a15798c731%3A0xd695d09bdd495f25!2s11%20E%2022nd%20St%20FL%202%2C%20New%20York%2C%20NY%2010010%2C%20USA!5e0!3m2!1sen!2spe!4v1726171763526!5m2!1sen!2spe\" width=\"600\" height=\"450\" allowfullscreen=\"allowfullscreen\" data-mce-fragment=\"1\"><\/iframe>\n\n\n\n<\/p>\n<h3 class=\"wp-block-heading\">11 E 22nd Street, Floor 2, New York, NY 10010 T: +1(212) 505-6805<\/h3>\n<hr \/>\n<h2><span style=\"font-weight: 400;\">\u00dcber SIS International<\/span><\/h2>\n<p><a href=\"https:\/\/www.sisinternational.com\/de\/\"><span style=\"font-weight: 400;\">SIS International<\/span><\/a><span style=\"font-weight: 400;\"> bietet quantitative, qualitative und strategische Forschung an. Wir liefern Daten, Tools, Strategien, Berichte und Erkenntnisse zur Entscheidungsfindung. Wir f\u00fchren auch Interviews, Umfragen, Fokusgruppen und andere Methoden und Ans\u00e4tze der Marktforschung durch.<\/span><a href=\"https:\/\/www.sisinternational.com\/de\/uber-sis-international-research\/contact-sis-international-market-research\/\"><span style=\"font-weight: 400;\"> Kontakt<\/span><\/a><span style=\"font-weight: 400;\"> f\u00fcr Ihr n\u00e4chstes Marktforschungsprojekt.<\/span><\/p>\n<p>\n\n\n\n<h2 class=\"wp-block-heading\"><\/h2>","protected":false},"excerpt":{"rendered":"<p>Top Mock Jury Market Research Company &#8230; This research makes significant contributions by allowing attorneys to simulate their prospective arguments in advance of court based on data from past juror demographics.&nbsp; What makes or breaks a case? Sometimes it\u2019s how jurors see the evidence, arguments and presentation. SIS International is a leading provider of mock &#8230; <a title=\"Top-Unternehmen f\u00fcr Scheinjury-Marktforschung\" class=\"read-more\" href=\"https:\/\/www.sisinternational.com\/de\/losungen\/legal-market-research\/scheinjury-marktforschung-3\/\" aria-label=\"Mehr Informationen \u00fcber Top Mock Jury Market Research Company\">Weiterlesen \u2026<\/a><\/p>","protected":false},"author":1,"featured_media":64886,"parent":54987,"menu_order":2,"comment_status":"closed","ping_status":"closed","template":"","meta":{"footnotes":""},"class_list":["post-54508","page","type-page","status-publish","has-post-thumbnail"],"_links":{"self":[{"href":"https:\/\/www.sisinternational.com\/de\/wp-json\/wp\/v2\/pages\/54508","targetHints":{"allow":["GET"]}}],"collection":[{"href":"https:\/\/www.sisinternational.com\/de\/wp-json\/wp\/v2\/pages"}],"about":[{"href":"https:\/\/www.sisinternational.com\/de\/wp-json\/wp\/v2\/types\/page"}],"author":[{"embeddable":true,"href":"https:\/\/www.sisinternational.com\/de\/wp-json\/wp\/v2\/users\/1"}],"replies":[{"embeddable":true,"href":"https:\/\/www.sisinternational.com\/de\/wp-json\/wp\/v2\/comments?post=54508"}],"version-history":[{"count":11,"href":"https:\/\/www.sisinternational.com\/de\/wp-json\/wp\/v2\/pages\/54508\/revisions"}],"predecessor-version":[{"id":77283,"href":"https:\/\/www.sisinternational.com\/de\/wp-json\/wp\/v2\/pages\/54508\/revisions\/77283"}],"up":[{"embeddable":true,"href":"https:\/\/www.sisinternational.com\/de\/wp-json\/wp\/v2\/pages\/54987"}],"wp:featuredmedia":[{"embeddable":true,"href":"https:\/\/www.sisinternational.com\/de\/wp-json\/wp\/v2\/media\/64886"}],"wp:attachment":[{"href":"https:\/\/www.sisinternational.com\/de\/wp-json\/wp\/v2\/media?parent=54508"}],"curies":[{"name":"wp","href":"https:\/\/api.w.org\/{rel}","templated":true}]}}