{"id":54504,"date":"2024-12-05T05:18:46","date_gmt":"2024-12-05T10:18:46","guid":{"rendered":"https:\/\/www.sisinternational.com\/?page_id=54504"},"modified":"2026-03-13T01:22:14","modified_gmt":"2026-03-13T05:22:14","slug":"fuhrendes-unternehmen-fur-zentrale-standorttests","status":"publish","type":"page","link":"https:\/\/www.sisinternational.com\/de\/central-location-tests-clt-page\/fuhrendes-unternehmen-fur-zentrale-standorttests\/","title":{"rendered":"F\u00fchrendes Unternehmen f\u00fcr zentrale Standorttests"},"content":{"rendered":"<h1 class=\"wp-block-heading\">F\u00fchrendes Unternehmen f\u00fcr zentrale Standorttests<\/h1>\n\n\n\n<figure class=\"gb-block-image gb-block-image-c1b014a4\"><img loading=\"lazy\" decoding=\"async\" width=\"1456\" height=\"816\" class=\"gb-image gb-image-c1b014a4\" src=\"https:\/\/www.sisinternational.com\/wp-content\/uploads\/2018\/05\/Product-testing-1.jpg\" alt=\"SIS International Marktforschung &amp; Strategie\" title=\"Product testing (1)\" srcset=\"https:\/\/www.sisinternational.com\/wp-content\/uploads\/2018\/05\/Product-testing-1.jpg 1456w, https:\/\/www.sisinternational.com\/wp-content\/uploads\/2018\/05\/Product-testing-1-300x168.jpg 300w, https:\/\/www.sisinternational.com\/wp-content\/uploads\/2018\/05\/Product-testing-1-1024x574.jpg 1024w, https:\/\/www.sisinternational.com\/wp-content\/uploads\/2018\/05\/Product-testing-1-768x430.jpg 768w, https:\/\/www.sisinternational.com\/wp-content\/uploads\/2018\/05\/Product-testing-1-18x10.jpg 18w\" sizes=\"auto, (max-width: 1456px) 100vw, 1456px\"><\/figure>\n\n\n\n<hr class=\"wp-block-separator has-alpha-channel-opacity is-style-dots\"\/>\n\n\n\n<p>Central Location Testing (CLT) ist eine der wirksamsten Methoden, mit denen Unternehmen die Gedanken, Gef\u00fchle und W\u00fcnsche ihrer Kunden kennenlernen. Bei SIS International Research haben wir diese Methode in den letzten 40 Jahren verfeinert und mit Kunden wie IBM, Toyota und Samsung zusammengearbeitet, um bahnbrechende Daten zu liefern, die Entscheidungen beeinflussen.<\/p>\n\n\n\n<h2 class=\"wp-block-heading\">Was ist Central Location Testing \u2013 und warum ist es wichtig?<\/h2>\n\n\n\n<p>Bei Tests an zentralen Standorten werden die Teilnehmer in eine kontrollierte Umgebung eingeladen, um das Produkt zu testen, Werbung anzusehen oder Feedback zu anderen Diensten zu geben. Bei SIS haben wir diesen Ansatz perfektioniert und Kunden wie PepsiCo, Samsung und Toyota zu besser informierten Entscheidungen gef\u00fchrt, die zum Erfolg f\u00fchren.<\/p>\n\n\n\n<p>\u2026 But, why does CLT matter? It gives you an in-depth look at the target audience\u2019s perception of your brand, product, or service and the insights that surveys or an online study cannot provide. Being a <a href=\"https:\/\/www.sisinternational.com\/de\/top-branchenanalyseunternehmen-in-new-york\/\" title=\"Top-Unternehmen f\u00fcr Branchenanalysen in NY\"  data-wpil-monitor-id=\"1121\">top central location testing market research company<\/a> in New York, we focus on providing a comfortable, distraction-free setting for your participants to give you honest, meaningful feedback.<\/p>\n\n\n\n<h2 class=\"wp-block-heading\">Warum testen wir in New York?<\/h2>\n\n\n\n<figure class=\"gb-block-image gb-block-image-2c2e4cb8\"><img loading=\"lazy\" decoding=\"async\" width=\"1456\" height=\"816\" class=\"gb-image gb-image-2c2e4cb8\" src=\"https:\/\/www.sisinternational.com\/wp-content\/uploads\/2025\/08\/Focus-group-meeting-11.jpg\" alt=\"SIS International Marktforschung &amp; Strategie\" title=\"Focus group &amp; meeting (11)\" srcset=\"https:\/\/www.sisinternational.com\/wp-content\/uploads\/2025\/08\/Focus-group-meeting-11.jpg 1456w, https:\/\/www.sisinternational.com\/wp-content\/uploads\/2025\/08\/Focus-group-meeting-11-300x168.jpg 300w, https:\/\/www.sisinternational.com\/wp-content\/uploads\/2025\/08\/Focus-group-meeting-11-1024x574.jpg 1024w, https:\/\/www.sisinternational.com\/wp-content\/uploads\/2025\/08\/Focus-group-meeting-11-768x430.jpg 768w, https:\/\/www.sisinternational.com\/wp-content\/uploads\/2025\/08\/Focus-group-meeting-11-18x10.jpg 18w\" sizes=\"auto, (max-width: 1456px) 100vw, 1456px\"><\/figure>\n\n\n\n<p><\/p>\n\n\n\n<p>Als ich SIS International Research gr\u00fcndete, war ich fest davon \u00fcberzeugt, dass New York City ein wichtiger Teil unserer Geschichte sein w\u00fcrde. New York hat eine demografische Vielfalt, die es jedem Unternehmen hier erm\u00f6glicht, eine Mikrountergruppe globaler M\u00e4rkte zu erreichen. Ich habe gesehen, wie diese Vielfalt Marken dabei geholfen hat, ihre Produkte und Strategien zu verfeinern, um eine breite Palette von Verbrauchern zu erreichen.<\/p>\n\n\n\n<p>Wir verf\u00fcgen \u00fcber eine eigene Einrichtung im Herzen der Stadt f\u00fcr Teilnehmer, Moderatoren und Kunden. Ich kann Ihnen gar nicht sagen, wie oft Kunden sagen, dass sie dankbar sind, hier so einfach forschen zu k\u00f6nnen. Das hervorragende \u00f6ffentliche Verkehrssystem der Stadt bringt die Teilnehmer zu uns und die Energie der Stadt inspiriert Kreativit\u00e4t und Innovation in jedem Projekt.<\/p>\n\n\n\n<h2 class=\"wp-block-heading\">Was unterscheidet ein Top-Unternehmen f\u00fcr zentrale Standorttests vom Rest?<\/h2>\n\n\n\n<p>Ich kann Ihnen versichern, dass es beim Vergleich eines erstklassigen CLT-Anbieters mit einem durchschnittlichen Anbieter letztendlich auf ein paar wichtige Faktoren ankommt. Es geht nicht nur um die Durchf\u00fchrung des Tests; es geht um die Qualit\u00e4t der Erkenntnisse, die Methoden zur Rekrutierung der Teilnehmer \u2013 und das Wissen, wie die Forschung an die Bed\u00fcrfnisse des Kunden angepasst werden kann.&nbsp;<\/p>\n\n\n\n<h3 class=\"wp-block-heading\">Dateninterpretation und fortgeschrittene Modellierung<\/h3>\n\n\n\n<p>While many companies can collect data, the best stand out from the rest by interpreting it in a suitable manner. Some of the most important insights come from beneath the surface: At a <a href=\"https:\/\/www.sisinternational.com\/de\/top-wettbewerber-benchmarking-unternehmen\/\" title=\"Top-Wettbewerbs-Benchmarking-Unternehmen\"  data-wpil-monitor-id=\"1194\">top CLT company<\/a>, researchers identify patterns, underlying trends, and then offer actionable insights that enable businesses to act accordingly.&nbsp;<\/p>\n\n\n\n<h3 class=\"wp-block-heading\">Ma\u00dfgeschneidertes Forschungsdesign<\/h3>\n\n\n\n<p>A <a href=\"https:\/\/www.sisinternational.com\/de\/weltweit-fuhrendes-unternehmen-fur-qualitative-forschung\/\" title=\"Weltweit f\u00fchrendes Unternehmen f\u00fcr qualitative Forschung\"  data-wpil-monitor-id=\"1023\">f\u00fchrendes Unternehmen f\u00fcr zentrale Standorttests<\/a> offers customized research methods to suit the specific business objectives of each client, as they understand how every client is different. From testing a new product concept to collecting feedback on a marketing campaign or measuring customer preferences, a high-quality CLT company customizes the study design to guarantee the research performed will yield the most relevant and useful data.&nbsp;<\/p>\n\n\n\n<h3 class=\"wp-block-heading\">Umfassende Rekrutierungs- und demografische Informationen<\/h3>\n\n\n\n<p>A <a href=\"https:\/\/www.sisinternational.com\/de\/weltweit-fuhrendes-unternehmen-fur-fokusgruppen\/\" title=\"Top-Unternehmen der Global Focus Group\"  data-wpil-monitor-id=\"1022\">f\u00fchrendes Unternehmen f\u00fcr zentrale Standorttests<\/a> finds the appropriate consumer groups to identify and ensure a representative sample of the general market demographics you want to test. This provides companies with accurate feedback from various cultural, socio-economic, and age groups, making the data more reflective of the market.<\/p>\n\n\n\n<h3 class=\"wp-block-heading\">Fokus auf die Consumer Journey<\/h3>\n\n\n\n<p>A <a href=\"https:\/\/www.sisinternational.com\/de\/fuhrendes-unternehmen-fur-wettbewerbsanalyse\/\" title=\"Top-Unternehmen f\u00fcr Wettbewerbsanalysen\"  data-wpil-monitor-id=\"1270\">f\u00fchrendes Unternehmen f\u00fcr zentrale Standorttests<\/a> knows consumer buying behavior is shaped by more than one thing, it\u2019s a combination of emotional ties and practical demands. Only the leading agencies drill down deeper into the \u201cwhy\u201d behind consumer decision-making, exploring how each touchpoint \u2014 from advertising to product packaging \u2014 relate to the overall experience.&nbsp;<\/p>\n\n\n\n<h3 class=\"wp-block-heading\">Strategische Empfehlungen, die zu umsetzbaren Ergebnissen f\u00fchren<\/h3>\n\n\n\n<p>At the end of the day, a top <a href=\"https:\/\/www.sisinternational.com\/de\/losungen\/qualitative-quantitative-forschungslosungen\/zentrale-standorttests-vs-fokusgruppen\/\" title=\"Zentrale Standorttests vs. Fokusgruppen\"  data-wpil-monitor-id=\"1578\">central location testing<\/a> company does more than serve up data \u2014 they serve up results. It offers clients intelligence and strategic advice \u2014 a concrete way to move forward. It\u2019s about figuring out what information will help adjust a marketing campaign, refine a product, or enter an additional market.&nbsp;<\/p>\n\n\n\n<figure class=\"gb-block-image gb-block-image-14f8a9c6\"><img loading=\"lazy\" decoding=\"async\" width=\"1456\" height=\"816\" class=\"gb-image gb-image-14f8a9c6\" src=\"https:\/\/www.sisinternational.com\/wp-content\/uploads\/2025\/08\/Strategy-consulting-28.jpg\" alt=\"SIS International Marktforschung &amp; Strategie\" title=\"Strategy consulting (28)\" srcset=\"https:\/\/www.sisinternational.com\/wp-content\/uploads\/2025\/08\/Strategy-consulting-28.jpg 1456w, https:\/\/www.sisinternational.com\/wp-content\/uploads\/2025\/08\/Strategy-consulting-28-300x168.jpg 300w, https:\/\/www.sisinternational.com\/wp-content\/uploads\/2025\/08\/Strategy-consulting-28-1024x574.jpg 1024w, https:\/\/www.sisinternational.com\/wp-content\/uploads\/2025\/08\/Strategy-consulting-28-768x430.jpg 768w, https:\/\/www.sisinternational.com\/wp-content\/uploads\/2025\/08\/Strategy-consulting-28-18x10.jpg 18w\" sizes=\"auto, (max-width: 1456px) 100vw, 1456px\"><\/figure>\n\n\n\n<p><\/p>\n\n\n\n<h2 class=\"gb-headline gb-headline-f4fb4cf1 gb-headline-text\"><strong>H\u00e4ufig gestellte Fragen zum Central Location Testing in New York<\/strong><\/h2>\n\n\n<p>\n\n\n<\/p>\n<h3 class=\"wp-block-heading\" style=\"padding-left: 40px;\">Was ist Central Location Testing?<\/h3>\n<p style=\"padding-left: 40px;\">\n\n\n\n<\/p>\n<p style=\"padding-left: 40px;\">Zentrale Tests sind eine Form der Marktforschung, bei der ausgew\u00e4hlte Personen Produkte, Dienstleistungen oder Ideen unter kontrollierten Bedingungen an einem vorher festgelegten Ort testen. Sie werden eingesetzt, um die Reaktionen der Verbraucher auf neue Produkte, Marketing- oder Markenkonzepte zu messen, bevor diese auf den Markt kommen.<\/p>\n<p style=\"padding-left: 40px;\">\n\n\n\n<\/p>\n<h3 class=\"wp-block-heading\" style=\"padding-left: 40px;\">Welche Bedeutung hat Central Location Testing in New York?<\/h3>\n<p style=\"padding-left: 40px;\">\n\n\n\n<\/p>\n<p style=\"padding-left: 40px;\">Unternehmen nutzen Central Location Testing, um das Verbraucherverhalten in unterschiedlichen sozio\u00f6konomischen, kulturellen und demografischen Gruppen vorherzusagen und sich so ein umfassendes Bild der Verbraucherpr\u00e4ferenzen in allen Marktsegmenten zu machen.\u00a0<\/p>\n<p style=\"padding-left: 40px;\">\n\n\n\n<\/p>\n<h3 class=\"wp-block-heading\" style=\"padding-left: 40px;\">Was ist Central Location Testing und worin besteht der Unterschied zu anderen Arten der Marktforschung?<\/h3>\n<p style=\"padding-left: 40px;\">\n\n\n\n<\/p>\n<p style=\"padding-left: 40px;\">Central Location Testing bietet Forschern die Chance, Produkte oder Konzepte unter realen Bedingungen zu testen. Dies kann genauere Erkenntnisse dar\u00fcber liefern, wie Verbraucher in einer Live-Umgebung reagieren.\u00a0<\/p>\n<p style=\"padding-left: 40px;\">\n\n\n\n<\/p>\n<h3 class=\"wp-block-heading\" style=\"padding-left: 40px;\">F\u00fcr welche Arten von Produkten oder Dienstleistungen wird CLT verwendet?<\/h3>\n<p style=\"padding-left: 40px;\">\n\n\n\n<\/p>\n<p style=\"padding-left: 40px;\">Damit kann eine Reihe verschiedener Produkte und Dienstleistungen getestet werden, darunter Konsumg\u00fcter, neue Arten von Lebensmitteln oder Getr\u00e4nken, Werbekampagnen, Verpackungsdesigns, digitale Anwendungen (einschlie\u00dflich Websites) und Einzelhandelskonzepte. Unternehmen k\u00f6nnen damit Produktkonzepte testen, bevor sie gro\u00dfe Produktionslinien aufbauen, damit sie Angebote auf den Markt bringen k\u00f6nnen, die den Erwartungen der Verbraucher entsprechen.<\/p>\n<p style=\"padding-left: 40px;\">\n\n\n\n<\/p>\n<h3 class=\"wp-block-heading\" style=\"padding-left: 40px;\">Was sind die Hauptvorteile der Verwendung von CLT in New York?<\/h3>\n<p style=\"padding-left: 40px;\">\n\n\n\n<\/p>\n<p style=\"padding-left: 40px;\">Using <a href=\"https:\/\/www.sisinternational.com\/de\/losungen\/qualitative-quantitative-forschungslosungen\/tests-an-zentralen-standorten-in-new-york-city\/\" title=\"Zentrale Standorttests in New York City: Vorteile f\u00fcr Produkttests\"  data-wpil-monitor-id=\"1590\">Central Location Testing in New York<\/a> has several advantages: the first is that businesses receive access to the city\u2019s unique consumer population, allowing for more comprehensive and representative data. Due to the high foot traffic in commercial areas, it is easy to find study participants quickly. In addition, businesses obtain data on consumer behavior and preferences in a real-world, urban setting, which is vital for products made for large markets in cosmopolitan cities.<\/p>\n<p style=\"padding-left: 40px;\">\n\n\n\n<\/p>\n<h3 class=\"wp-block-heading\" style=\"padding-left: 40px;\">Wie werden die Teilnehmer f\u00fcr CLT in New York ausgew\u00e4hlt?<\/h3>\n<p style=\"padding-left: 40px;\">\n\n\n\n<\/p>\n<p style=\"padding-left: 40px;\">Die Teilnehmer werden in der Regel auf der Grundlage demografischer und psychografischer Merkmale ausgew\u00e4hlt, die der Zielgruppe f\u00fcr das Produkt oder die Dienstleistung entsprechen. Sie k\u00f6nnen in belebten Einkaufsvierteln, Online-Panels oder Datenbanken erreicht werden, wo Forschungsunternehmen schnell geeignete Teilnehmer finden k\u00f6nnen.<\/p>\n<p>\n\n<\/p>\n<h2 class=\"wp-block-heading\">Was macht SIS International Research zum f\u00fchrenden Unternehmen f\u00fcr zentrale Standorttests in New York?<\/h2>\n<p>\u00a0<\/p>\n<p><img loading=\"lazy\" decoding=\"async\" class=\"alignnone size-full wp-image-54528\" src=\"https:\/\/www.sisinternational.com\/wp-content\/uploads\/2024\/12\/Central-location-testing-2.jpeg\" alt=\"F\u00fchrendes Unternehmen f\u00fcr zentrale Standorttests\" width=\"1312\" height=\"736\" \/><\/p>\n<p>\n\n \n\n<\/p>\n<p>\u00a0<\/p>\n<p>As a <a href=\"https:\/\/www.sisinternational.com\/de\/top-unternehmen-fur-b2b-verkaufsoptimierung\/\" title=\"Top-Unternehmen f\u00fcr B2B-Verkaufsoptimierung\"  data-wpil-monitor-id=\"1677\">f\u00fchrendes Unternehmen f\u00fcr zentrale Standorttests<\/a> in New York, we own our spaces, which allows us to keep costs down but also lets us manage each part of the research process. An example I can think of is a project we worked on with a global consumer goods company that had a team attending with them. They were delighted with how seamless everything was because we didn&#8217;t need to use external facilities or coordinators.<\/p>\n<p>\n\n \n\n<\/p>\n<h3 class=\"wp-block-heading\" style=\"padding-left: 40px;\">Ein riesiger Talentpool<\/h3>\n<p style=\"padding-left: 40px;\">\n\n \n\n<\/p>\n<p style=\"padding-left: 40px;\">Ich war schon immer der Meinung, dass gro\u00dfartige Forschung mit gro\u00dfartigen Menschen beginnt. Wir haben Branchenexperten mit jahrelanger Erfahrung und Fachwissen in der Marktforschung.\u00a0<\/p>\n<p style=\"padding-left: 40px;\">\n\n \n\n<\/p>\n<h3 class=\"wp-block-heading\" style=\"padding-left: 40px;\">Fachwissen und Erfolgsbilanz<\/h3>\n<p style=\"padding-left: 40px;\">\n\n \n\n<\/p>\n<p style=\"padding-left: 40px;\">Wir haben mit einigen der weltweit angesehensten Marken zusammengearbeitet, darunter IBM, Nestl\u00e9 und Samsung. Sie alle fragen an mehreren Kontaktpunkten nach Informationen. Die langj\u00e4hrige Erfahrung, die wir in jedes Projekt einbringen, gibt Ihnen die Gewissheit, dass unsere Experten Ihre Branche verstehen.<\/p>\n<p style=\"padding-left: 40px;\">\n\n \n\n<\/p>\n<h3 class=\"wp-block-heading\" style=\"padding-left: 40px;\">Hochmoderne Einrichtungen<\/h3>\n<p style=\"padding-left: 40px;\">\n\n \n\n<\/p>\n<p style=\"padding-left: 40px;\"><a href=\"https:\/\/www.linkedin.com\/company\/sisinternationalresearch\/\" target=\"_blank\" rel=\"noopener\">Unser Standort in New York<\/a> ist mit modernsten Werkzeugen und Technologien ausgestattet, darunter Eye-Tracking-Systeme und Echtzeit-Datenanalyse.<\/p>\n<p style=\"padding-left: 40px;\">\n\n \n\n<\/p>\n<h3 class=\"wp-block-heading\" style=\"padding-left: 40px;\">Rekrutierung der Teilnehmer<\/h3>\n<p style=\"padding-left: 40px;\">\n\n \n\n<\/p>\n<p style=\"padding-left: 40px;\">New Yorks gemischte Bev\u00f6lkerungsstruktur ist eine wahre Goldgrube f\u00fcr die Marktforschung. Allerdings wissen nicht alle Marketingexperten, wie sie dieses Potenzial aussch\u00f6pfen k\u00f6nnen. Unser effizienter Rekrutierungsprozess bei SIS gew\u00e4hrleistet eine repr\u00e4sentative Stichprobe, die genau auf Ihre Zielgruppe abgestimmt ist.<\/p>\n<p style=\"padding-left: 40px;\">\n\n \n\n<\/p>\n<h3 class=\"wp-block-heading\" style=\"padding-left: 40px;\">Anpassung und Flexibilit\u00e4t<\/h3>\n<p style=\"padding-left: 40px;\">\n\n \n\n<\/p>\n<p style=\"padding-left: 40px;\">Ihre Forschungsanforderungen sind einzigartig und Ihr Testpartner sollte in der Lage sein, sich entsprechend anzupassen. Was auch immer Ihr Testziel ist \u2013 ein neues Produkt, eine Werbekampagne oder ein Konzept \u2013 <a href=\"https:\/\/twitter.com\/SISIntlResearch\" target=\"_blank\" rel=\"noopener\">SIS<\/a> verf\u00fcgt \u00fcber ma\u00dfgeschneiderte L\u00f6sungen zur Unterst\u00fctzung Ihrer Ziele.<\/p>\n<p style=\"padding-left: 40px;\">\n\n \n\n<\/p>\n<h3 class=\"wp-block-heading\" style=\"padding-left: 40px;\">Transparenz und Kommunikation\u00a0<\/h3>\n<p style=\"padding-left: 40px;\">\n\n \n\n<\/p>\n<p style=\"padding-left: 40px;\">Bei <a href=\"https:\/\/medium.com\/@sisinternational\/sis-international-c17160da8fac\" target=\"_blank\" rel=\"noopener\">SIS<\/a>Wir glauben, dass jede Kundenbeziehung eine Partnerschaft sein sollte. Wir arbeiten mit unseren Kunden von der Projektplanung bis zur endg\u00fcltigen Lieferung zusammen, damit sie sich auf die Ergebnisse verlassen k\u00f6nnen.<\/p>\n<h2>Unser Standort in New York<\/h2>\n<p>\n\n \n\n<iframe loading=\"lazy\" src=\"https:\/\/www.google.com\/maps\/embed?pb=!1m18!1m12!1m3!1d3022.976188376966!2d-73.99130312499956!3d40.740549471389315!2m3!1f0!2f0!3f0!3m2!1i1024!2i768!4f13.1!3m3!1m2!1s0x89c259a15798c731%3A0xd695d09bdd495f25!2s11%20E%2022nd%20St%20FL%202%2C%20New%20York%2C%20NY%2010010%2C%20USA!5e0!3m2!1sen!2spe!4v1726171763526!5m2!1sen!2spe\" width=\"600\" height=\"450\" allowfullscreen=\"allowfullscreen\" data-mce-fragment=\"1\"><\/iframe>\n\n \n\n<\/p>\n<h3 class=\"wp-block-heading\">11 E 22nd Street, Floor 2, New York, NY 10010 T: +1(212) 505-6805<\/h3>\n<hr \/>\n<h2><span style=\"font-weight: 400;\">\u00dcber SIS International<\/span><\/h2>\n<p><a href=\"https:\/\/www.sisinternational.com\/de\/\"><span style=\"font-weight: 400;\">SIS International<\/span><\/a><span style=\"font-weight: 400;\"> bietet quantitative, qualitative und strategische Forschung an. Wir liefern Daten, Tools, Strategien, Berichte und Erkenntnisse zur Entscheidungsfindung. Wir f\u00fchren auch Interviews, Umfragen, Fokusgruppen und andere Methoden und Ans\u00e4tze der Marktforschung durch.<\/span><a href=\"https:\/\/www.sisinternational.com\/de\/uber-sis-international-research\/contact-sis-international-market-research\/\"><span style=\"font-weight: 400;\"> Kontakt<\/span><\/a><span style=\"font-weight: 400;\"> f\u00fcr Ihr n\u00e4chstes Marktforschungsprojekt.<\/span><\/p>\n<hr \/>\n<p>\u00a0<\/p>\n<p>\n\n<\/p>\n<p>\n\n\n<\/p>\n\n\n<h2 class=\"wp-block-heading\"><\/h2>","protected":false},"excerpt":{"rendered":"<p>Top Central Location Testing Company Central location testing (CLT) is one of the most powerful ways businesses learn about consumers&#8217; thoughts, feelings, and desires. At SIS International Research, we\u2019ve refined this methodology over the past 40 years, collaborating with clients such as IBM, Toyota, and Samsung to deliver game-changing data that informs decisions. What is &#8230; <a title=\"F\u00fchrendes Unternehmen f\u00fcr zentrale Standorttests\" class=\"read-more\" href=\"https:\/\/www.sisinternational.com\/de\/central-location-tests-clt-page\/fuhrendes-unternehmen-fur-zentrale-standorttests\/\" aria-label=\"Mehr Informationen \u00fcber Top Central Location Testing Company\">Weiterlesen \u2026<\/a><\/p>","protected":false},"author":1,"featured_media":69345,"parent":84538,"menu_order":33,"comment_status":"closed","ping_status":"closed","template":"","meta":{"footnotes":""},"class_list":["post-54504","page","type-page","status-publish","has-post-thumbnail"],"_links":{"self":[{"href":"https:\/\/www.sisinternational.com\/de\/wp-json\/wp\/v2\/pages\/54504","targetHints":{"allow":["GET"]}}],"collection":[{"href":"https:\/\/www.sisinternational.com\/de\/wp-json\/wp\/v2\/pages"}],"about":[{"href":"https:\/\/www.sisinternational.com\/de\/wp-json\/wp\/v2\/types\/page"}],"author":[{"embeddable":true,"href":"https:\/\/www.sisinternational.com\/de\/wp-json\/wp\/v2\/users\/1"}],"replies":[{"embeddable":true,"href":"https:\/\/www.sisinternational.com\/de\/wp-json\/wp\/v2\/comments?post=54504"}],"version-history":[{"count":11,"href":"https:\/\/www.sisinternational.com\/de\/wp-json\/wp\/v2\/pages\/54504\/revisions"}],"predecessor-version":[{"id":76044,"href":"https:\/\/www.sisinternational.com\/de\/wp-json\/wp\/v2\/pages\/54504\/revisions\/76044"}],"up":[{"embeddable":true,"href":"https:\/\/www.sisinternational.com\/de\/wp-json\/wp\/v2\/pages\/84538"}],"wp:featuredmedia":[{"embeddable":true,"href":"https:\/\/www.sisinternational.com\/de\/wp-json\/wp\/v2\/media\/69345"}],"wp:attachment":[{"href":"https:\/\/www.sisinternational.com\/de\/wp-json\/wp\/v2\/media?parent=54504"}],"curies":[{"name":"wp","href":"https:\/\/api.w.org\/{rel}","templated":true}]}}