{"id":54501,"date":"2024-12-06T05:12:56","date_gmt":"2024-12-06T10:12:56","guid":{"rendered":"https:\/\/www.sisinternational.com\/?page_id=54501"},"modified":"2026-01-27T16:45:52","modified_gmt":"2026-01-27T21:45:52","slug":"top-automotive-market-research-company","status":"publish","type":"page","link":"https:\/\/www.sisinternational.com\/de\/sachverstand\/automobilmarktforschung\/top-automotive-market-research-company\/","title":{"rendered":"F\u00fchrendes Marktforschungsunternehmen f\u00fcr die Automobilindustrie"},"content":{"rendered":"<h1 class=\"gb-headline gb-headline-814e869a gb-headline-text\">F\u00fchrendes Marktforschungsunternehmen f\u00fcr die Automobilindustrie<\/h1>\n\n\n\n<figure class=\"gb-block-image gb-block-image-05220a99\"><img loading=\"lazy\" decoding=\"async\" width=\"1456\" height=\"816\" class=\"gb-image gb-image-05220a99\" src=\"https:\/\/www.sisinternational.com\/wp-content\/uploads\/2025\/08\/Automotive-6.jpg\" alt=\"SIS International Marktforschung &amp; Strategie\" title=\"Automotive (6)\" srcset=\"https:\/\/www.sisinternational.com\/wp-content\/uploads\/2025\/08\/Automotive-6.jpg 1456w, https:\/\/www.sisinternational.com\/wp-content\/uploads\/2025\/08\/Automotive-6-300x168.jpg 300w, https:\/\/www.sisinternational.com\/wp-content\/uploads\/2025\/08\/Automotive-6-1024x574.jpg 1024w, https:\/\/www.sisinternational.com\/wp-content\/uploads\/2025\/08\/Automotive-6-768x430.jpg 768w, https:\/\/www.sisinternational.com\/wp-content\/uploads\/2025\/08\/Automotive-6-18x10.jpg 18w\" sizes=\"auto, (max-width: 1456px) 100vw, 1456px\"><\/figure>\n\n\n\n<hr class=\"wp-block-separator has-alpha-channel-opacity is-style-dots\"\/>\n\n\n\n<h3 class=\"wp-block-heading\">Im heutigen Automobilmarkt geht es nicht mehr nur darum, Autos zu bauen; es geht vielmehr darum, die tiefgreifenden und sich st\u00e4ndig \u00e4ndernden Bed\u00fcrfnisse der Verbraucher zu verstehen, Marktver\u00e4nderungen vorherzusehen und neue Technologien zu nutzen.<\/h3>\n\n\n\n<p>Als f\u00fchrendes Marktforschungsunternehmen im Automobilbereich hatten wir das Gl\u00fcck, mit einigen der bekanntesten Automobilmarken weltweit zusammenzuarbeiten, darunter Ford, Toyota, BMW und Volkswagen. Wir erm\u00f6glichen diesen Schwergewichten, in einem sich st\u00e4ndig weiterentwickelnden Bereich immer einen Schritt voraus zu sein, und jetzt, mit dem Aufkommen von Elektrofahrzeugen, selbstfahrender Technologie und vernetzten Fahrzeugen, helfen wir ihnen zu verstehen, wie sich die Einstellung des Marktes mehr denn je ver\u00e4ndert.<\/p>\n\n\n\n<h2 class=\"wp-block-heading\">Automobilmarktforschung \u2013 Was ist das und warum ist sie wichtig?<\/h2>\n\n\n\n<p>Automobilindustrie <a href=\"https:\/\/www.linkedin.com\/pulse\/how-market-research-enables-growth-ruth-stanat-phekf\/\" target=\"_blank\" rel=\"noopener\">Marktforschung<\/a> beinhaltet das Verst\u00e4ndnis, warum Verbraucher Autos kaufen, welche Einfl\u00fcsse ihre Entscheidungen beeinflussen und was ihre Entscheidungen in Zukunft bestimmen wird. Dadurch k\u00f6nnen Unternehmen wichtige Erkenntnisse gewinnen und in einem Umfeld st\u00e4ndigen Wandels wettbewerbsf\u00e4hig bleiben.<\/p>\n\n\n\n<p>Das <a href=\"https:\/\/www.sisinternational.com\/de\/losungen\/legal-market-research\/scheinjury-marktforschung-3\/\" title=\"Top-Unternehmen f\u00fcr Scheinjury-Marktforschung\" data-wpil-monitor-id=\"916\">market research captures the data enabling companies<\/a> to adapt to changing consumer behavior. For example, consumers are becoming more environmentally aware and gravitating toward EVs and more fuel-efficient vehicles.<\/p>\n\n\n\n<h2 class=\"wp-block-heading\">Was sind die besten Marktforschungstechniken f\u00fcr die Automobilindustrie?<\/h2>\n\n\n\n<figure class=\"gb-block-image gb-block-image-26fc4209\"><img loading=\"lazy\" decoding=\"async\" width=\"1456\" height=\"816\" class=\"gb-image gb-image-26fc4209\" src=\"https:\/\/www.sisinternational.com\/wp-content\/uploads\/2025\/09\/Automotive-Market-Research-in-Europe-1.jpg\" alt=\"SIS International Marktforschung &amp; Strategie\" title=\"Automotive Market Research in Europe (1)\" srcset=\"https:\/\/www.sisinternational.com\/wp-content\/uploads\/2025\/09\/Automotive-Market-Research-in-Europe-1.jpg 1456w, https:\/\/www.sisinternational.com\/wp-content\/uploads\/2025\/09\/Automotive-Market-Research-in-Europe-1-300x168.jpg 300w, https:\/\/www.sisinternational.com\/wp-content\/uploads\/2025\/09\/Automotive-Market-Research-in-Europe-1-1024x574.jpg 1024w, https:\/\/www.sisinternational.com\/wp-content\/uploads\/2025\/09\/Automotive-Market-Research-in-Europe-1-768x430.jpg 768w, https:\/\/www.sisinternational.com\/wp-content\/uploads\/2025\/09\/Automotive-Market-Research-in-Europe-1-18x10.jpg 18w\" sizes=\"auto, (max-width: 1456px) 100vw, 1456px\"><\/figure>\n\n\n\n<p><\/p>\n\n\n\n<p>To help you understand how we provide deep, actionable insights, let me give you some <a href=\"https:\/\/www.sisinternational.com\/de\/weltweit-fuhrendes-unternehmen-fur-qualitative-forschung\/\" title=\"Weltweit f\u00fchrendes Unternehmen f\u00fcr qualitative Forschung\" data-wpil-monitor-id=\"1037\">top automotive market research<\/a> methods we use:<\/p>\n\n\n<p>\n\n\n<\/p>\n<h4 class=\"wp-block-heading\">Verbraucherumfragen und Fokusgruppen\u00a0<\/h4>\n<p>Diese Methoden erm\u00f6glichen es uns, aus erster Hand Erkenntnisse von Autok\u00e4ufern \u00fcber ihre Vorlieben, Meinungen und Verhaltensweisen zu erhalten. Wie Verfahren zur Beantwortung wichtiger Fragen eingesetzt werden k\u00f6nnen (z. B. durch strukturierte Umfragen und geleitete Fokusgruppendiskussionen):<\/p>\n<p>\n\n\n\n<\/p>\n<ul class=\"wp-block-list\">\n\n<li>Worauf legen Verbraucher beim Thema Auto Wert?<\/li>\n\n \n\n<li>\u00a0Wie stark beeinflusst die Sorge um die Umwelt ihre Kaufentscheidungen?<\/li>\n\n \n\n<li>Was l\u00f6st Markentreue im Automobilbereich aus?<\/li>\n\n<\/ul>\n<p>\n\n\n\n<\/p>\n<p>Als wir beispielsweise mit Toyota zusammenarbeiteten, um das Interesse der Verbraucher an Hybridfahrzeugen besser zu verstehen, f\u00fchrten wir in vielen Regionen Umfragen und Fokusgruppen durch. Mithilfe dieser Daten konnte Toyota sein Produktangebot und seine Marketingstrategien optimieren, was zu einer besseren Abstimmung zwischen Herstellern und Kunden f\u00fchrte.<\/p>\n<p>\n\n\n\n<\/p>\n<h4 class=\"wp-block-heading\">Wettbewerbsanalyse<\/h4>\n<p>\n\n\n\n<\/p>\n<p>Wir f\u00fchren eine detaillierte Wettbewerbsanalyse durch, um die St\u00e4rken, Schw\u00e4chen, Chancen und Risiken der wichtigsten Akteure der Branche zu ermitteln. Als Volkswagen beispielsweise ein neues Elektrofahrzeugmodell auf den Markt brachte, halfen wir dem Unternehmen zu verstehen, wie die Konkurrenz ihre Elektrofahrzeuge positionierte, was die Verbraucher wollten und wo es Marktl\u00fccken gab.<\/p>\n<p>\n\n\n\n<\/p>\n<p>Dadurch konnte Volkswagen seine Marketingkampagnen personalisieren und sicherstellen, dass seine Produkte den spezifischen Bed\u00fcrfnissen der Verbraucher entsprachen.<\/p>\n<p>\n\n\n\n<\/p>\n<h4 class=\"wp-block-heading\">Trendprognosen, Daten und Analysen<\/h4>\n<p>\n\n\n\n<\/p>\n<p>Wir k\u00f6nnen neue Trends im Verbraucherverhalten, technologische Fortschritte und Marktver\u00e4nderungen vorhersagen. Dies erm\u00f6glicht es unseren Kunden, Ver\u00e4nderungen vorwegzunehmen und als Pioniere in ihrer Branche zu agieren.<\/p>\n<p>\n\n\n\n<\/p>\n<p>So haben wir beispielsweise gemeinsam mit BMW die Verbraucherstimmung zum autonomen Fahren untersucht. Durch den Einsatz moderner Datenanalyse konnten wir den Puls der Verbraucher f\u00fchlen und mehrere allgemeine Problembereiche der Verbraucher identifizieren \u2013 wie Sicherheit, Erschwinglichkeit und regulatorisches Umfeld \u2013, die in die Marketing- und Produktentwicklungsstrategie von BMW einflossen.\u00a0<\/p>\n<p>\n\n\n<\/p>\n\n\n<h2 class=\"wp-block-heading\">Warum brauchen Sie ein Top-Marktforschungsunternehmen f\u00fcr die Automobilbranche?<\/h2>\n\n\n\n<p>In fact, from what I\u2019ve seen, there\u2019s a stark contrast between just collecting data and actually <a href=\"https:\/\/www.sisinternational.com\/de\/sachverstand\/branchen\/marktforschung-zu-versorgungsunternehmen\/\" title=\"Marktforschung zu Versorgungsunternehmen\" data-wpil-monitor-id=\"4040\">utilizing market research<\/a> to achieve legitimate business success. SIS helps automotive companies advance their insights, providing solutions that revolutionize decision-making, drive growth, and allow our clients to navigate the intricacies of the automotive industry with certainty.<\/p>\n\n\n\n<h4 class=\"wp-block-heading\">Datengest\u00fctzte Entscheidungsfindung<\/h4>\n\n\n\n<p>Einer der sch\u00f6nsten Aspekte meines Jobs ist, dass ich aus erster Hand miterlebe, wie die richtige Analyse und Interpretation von Daten den Kurs eines Unternehmens ver\u00e4ndern kann. Ich habe Unternehmen dabei beobachtet, wie sie von Verwirrung zu Klarheit gelangten und Entscheidungen auf konkreten Beweisen und nicht auf Intuition oder Vermutungen basierten.<\/p>\n\n\n\n<h4 class=\"wp-block-heading\">Tiefgreifendes Verst\u00e4ndnis des Verbraucherverhaltens<\/h4>\n\n\n\n<p>Ich behaupte schon lange, dass das \u201eWarum\u201c hinter dem Verbraucherverhalten genauso wichtig ist wie das \u201eWas\u201c. Unsere Forschung enth\u00fcllt die zugrunde liegenden Motivationen, Einstellungen und Vorlieben der Verbraucher.<\/p>\n\n\n\n<p>Ausf\u00fchrlichere Daten machen es unseren Kunden leichter, eine emotionale und praktische Verbindung zu ihrem Publikum aufzubauen. F\u00fcr mich geht es darum zu wissen, was die Daten uns sagen und wie die Geschichte dahinter zu intelligenteren Gesch\u00e4ftsentscheidungen f\u00fchren kann.<\/p>\n\n\n\n<h4 class=\"wp-block-heading\">Heben Sie sich von der Konkurrenz ab<\/h4>\n\n\n\n<p>Der Automobilsektor ist hart umk\u00e4mpft, und das wei\u00df ich aus Erfahrung. Sich in einem so ges\u00e4ttigten Markt zum Marktf\u00fchrer zu entwickeln, kann eine ziemliche Herausforderung sein. Deshalb f\u00fchren wir umfangreiche Wettbewerbsanalysen durch, um M\u00f6glichkeiten aufzudecken, mit denen sich unsere Kunden von der Konkurrenz abheben k\u00f6nnen.&nbsp;<\/p>\n\n\n\n<h4 class=\"wp-block-heading\">Erkennen Sie Marktver\u00e4nderungen und Trends<\/h4>\n\n\n\n<p>I\u2019ve been in this business long enough to see how quickly the automotive landscape changes. Trends are always changing, from the jump of electric <a href=\"https:\/\/www.sisinternational.com\/de\/sachverstand\/branchen\/automobilmarktforschung\/welche-bedenken-haben-verbraucher-gegenuber-selbstfahrenden-autos\/\" title=\"What Are Consumers&#8217; Concerns About Self-Driving Cars?\" data-wpil-monitor-id=\"1573\">cars to the growing significance of self-driving<\/a> cars.<\/p>\n\n\n\n<h2 class=\"wp-block-heading\">Die Vor- und Nachteile von Autokliniken<\/h2>\n\n\n\n<p><\/p>\n\n\n\n<figure class=\"gb-block-image gb-block-image-f3f55f29\"><img loading=\"lazy\" decoding=\"async\" width=\"1456\" height=\"816\" class=\"gb-image gb-image-f3f55f29\" src=\"https:\/\/www.sisinternational.com\/wp-content\/uploads\/2025\/09\/Automotive-Market-Research-in-Europe-4.jpg\" alt=\"SIS International Marktforschung &amp; Strategie\" title=\"Automotive Market Research in Europe (4)\" srcset=\"https:\/\/www.sisinternational.com\/wp-content\/uploads\/2025\/09\/Automotive-Market-Research-in-Europe-4.jpg 1456w, https:\/\/www.sisinternational.com\/wp-content\/uploads\/2025\/09\/Automotive-Market-Research-in-Europe-4-300x168.jpg 300w, https:\/\/www.sisinternational.com\/wp-content\/uploads\/2025\/09\/Automotive-Market-Research-in-Europe-4-1024x574.jpg 1024w, https:\/\/www.sisinternational.com\/wp-content\/uploads\/2025\/09\/Automotive-Market-Research-in-Europe-4-768x430.jpg 768w, https:\/\/www.sisinternational.com\/wp-content\/uploads\/2025\/09\/Automotive-Market-Research-in-Europe-4-18x10.jpg 18w\" sizes=\"auto, (max-width: 1456px) 100vw, 1456px\"><\/figure>\n\n\n\n<p><\/p>\n\n\n\n<p>Car clinics represent a specialized form of consumer <a href=\"https:\/\/www.sisinternational.com\/de\/sachverstand\/branchen\/automobilmarktforschung\/automobil-konsumentenforschung-fur-elektrofahrzeuge\/\" title=\"Warum die Verbraucherforschung im Automobilbereich angesichts der Zukunft von Elektrofahrzeugen heute so wichtig ist\" data-wpil-monitor-id=\"2130\">Forschung<\/a> that provides in-depth insight into vehicle design, features, and overall consumer sentiment. Having worked closely with various automotive brands to conduct car clinics, I\u2019ve seen this method&#8217;s significant benefits and potential drawbacks.&nbsp;<\/p>\n\n\n\n<h3 class=\"wp-block-heading\">Die Vorteile von Autokliniken<\/h3>\n\n\n\n<p><strong>1. Verbraucherreaktionen in Echtzeit<\/strong><\/p>\n\n\n\n<p>Im Gegensatz zu herk\u00f6mmlichen Umfragen oder Fokusgruppen werden bei Car Clinics h\u00e4ufig physische oder virtuelle Prototypen eingesetzt, sodass die Teilnehmer direkt mit dem Fahrzeug interagieren k\u00f6nnen. Diese praktische Erfahrung bietet wertvolle Einblicke in die Gef\u00fchle der Verbraucher gegen\u00fcber bestimmten Funktionen, Designs oder Technologien, bevor diese auf den Markt kommen.<\/p>\n\n\n\n<p><strong>2. Genaueres Testen von Produktkonzepten<\/strong><\/p>\n\n\n\n<p>Autokliniken bieten die M\u00f6glichkeit, aktuelle oder nahezu fertige Produktkonzepte auf eine Weise zu testen, die mit abstrakteren Forschungsmethoden nicht m\u00f6glich ist.&nbsp;<\/p>\n\n\n\n<p>Der Vorteil liegt auf der Hand: Produktkonzepte k\u00f6nnen vor Beginn der Massenproduktion verfeinert werden, wodurch die Wahrscheinlichkeit kostspieliger Fehler oder Fehltritte verringert wird. Meiner Erfahrung nach ist dieses detaillierte Feedback von unsch\u00e4tzbarem Wert f\u00fcr die Verfeinerung von Produkten in einem fr\u00fchen Stadium des Entwicklungsprozesses.<\/p>\n\n\n\n<p><strong>3. Helps Identify <a href=\"https:\/\/www.sisinternational.com\/de\/schockwerbung-und-schockmarketing\/\" title=\"Schockvertising und Schockmarketing\" data-wpil-monitor-id=\"7569\">Brand Perceptions and Market<\/a> Positionierung<\/strong><\/p>\n\n\n\n<p>Neben dem Testen bestimmter Fahrzeugfunktionen oder -konzepte helfen Car Clinics Unternehmen auch dabei, die Wahrnehmung ihrer Marke auf dem Markt zu beurteilen. Den Teilnehmern von Car Clinics werden h\u00e4ufig Fragen zum Markenimage, zur Preisgestaltung und zu Wettbewerbern gestellt, die Aufschluss dar\u00fcber geben, wo ein Unternehmen in den Augen der Verbraucher steht. Dies ist insbesondere dann hilfreich, wenn ein neues Modell auf den Markt kommt oder ein bestehendes umbenannt wird.<\/p>\n\n\n\n<h3 class=\"wp-block-heading\">Die Nachteile von Autokliniken<\/h3>\n\n\n\n<p><strong>Hohe Kosten und Ressourcen<\/strong><\/p>\n\n\n\n<p>Es fallen Kosten f\u00fcr die Anwerbung von Teilnehmern, die Anmietung von R\u00e4umlichkeiten und die Durchf\u00fchrung der Veranstaltung an. Aus der Perspektive eines CEOs wei\u00df ich, wie schnell sich diese Kosten anh\u00e4ufen k\u00f6nnen. Daher ist es f\u00fcr Unternehmen von entscheidender Bedeutung, gr\u00fcndlich zu pr\u00fcfen, ob die Erkenntnisse, die sie anstreben, die Ausgaben wert sind.<\/p>\n\n\n\n<p>Angenommen, eine Marke verf\u00fcgt nur \u00fcber ein begrenztes Budget. In diesem Fall kann es sinnvoller sein, kosteng\u00fcnstigere Forschungsmethoden wie Umfragen oder Fokusgruppen zu verwenden und mit der Car Clinic zu warten, bis ausreichend anf\u00e4ngliche Forschungsergebnisse den aufw\u00e4ndigeren Car Clinic-Prozess rechtfertigen.<\/p>\n\n\n\n<p><strong>Begrenzte Teilnehmerzahl<\/strong><\/p>\n\n\n\n<p>Autokliniken haben in der Regel weniger Teilnehmer als die meisten Marktforschungsmethoden. Obwohl diese kleineren, diskreten Gruppen differenzierte und taktische Einblicke bieten k\u00f6nnen, spiegeln sie nicht immer die Bandbreite der Perspektiven innerhalb des gr\u00f6\u00dferen Zielmarktes wider.&nbsp;<\/p>\n\n\n\n<p><strong>Forschungsbias<\/strong><\/p>\n\n\n\n<p>Moderatoren k\u00f6nnen die Antworten der Teilnehmer unbeabsichtigt einordnen und sie zu bestimmten \u00dcberzeugungen oder Reaktionen dr\u00e4ngen. Abgesehen von der Gruppendynamik k\u00f6nnen die Teilnehmer sozialen Druck versp\u00fcren, akzeptable Antworten zu geben. Obwohl wir bei SIS International mit erfahrenen Moderatoren alle Vorkehrungen treffen, um diese Voreingenommenheit zu mildern, ist dies etwas, das man bei jedem Auto-Training im Hinterkopf behalten sollte.<\/p>\n\n\n\n<h2 class=\"wp-block-heading\">H\u00e4ufig gestellte Fragen zur Automobilmarktforschung<\/h2>\n\n\n<p>\n\n\n<\/p>\n<h3 class=\"wp-block-heading\" style=\"padding-left: 40px;\">1. Was ist Marktforschung im Automobilbereich und warum ist sie wichtig?<\/h3>\n<p style=\"padding-left: 40px;\">\n\n\n\n<\/p>\n<p style=\"padding-left: 40px;\"><a href=\"https:\/\/www.sisinternational.com\/de\/sachverstand\/branchen\/automobilmarktforschung\/statische-vs-dynamische-autokliniken\/\" title=\"Market Research Methods for Automotive Research &#8211; Static vs Dynamic Car Clinics\" data-wpil-monitor-id=\"1547\">Automotive market research<\/a> allows businesses to better understand their customers and make more informed decisions as technological advancements evolve and consumer needs change.<\/p>\n<p style=\"padding-left: 40px;\">\n\n\n\n<\/p>\n<h3 class=\"wp-block-heading\" style=\"padding-left: 40px;\">2. Wie hilft die Marktforschung im Automobilbereich Unternehmen dabei, sich in einem wettbewerbsintensiven Markt gegenseitig zu \u00fcbertreffen?<\/h3>\n<p style=\"padding-left: 40px;\">\n\n\n\n<\/p>\n<p style=\"padding-left: 40px;\"><a href=\"https:\/\/www.sisinternational.com\/de\/globaler-markt-fur-automobilsensoren\/\" title=\"Marktforschung f\u00fcr Automobilsensoren\" data-wpil-monitor-id=\"1776\">Automotive market research<\/a> empowers organizations to anticipate shifts in consumer desires, competitor movements, and market dynamics \u2014 all of which inspire innovation. It helps the business to recognize new possibilities, prevent risks, and produce goods that satisfy consumer needs, allowing them to gain an advantage in the market.<\/p>\n<p style=\"padding-left: 40px;\">\n\n\n\n<\/p>\n<h3 class=\"wp-block-heading\" style=\"padding-left: 40px;\">3. Inwiefern ist das Verbraucherverhalten ein Teil der Marktforschung im Automobilbereich?<\/h3>\n<p style=\"padding-left: 40px;\">\n\n\n\n<\/p>\n<p style=\"padding-left: 40px;\"><a href=\"https:\/\/www.sisinternational.com\/de\/schlusselfaktoren-fur-den-erfolg-in-der-automobilmarktforschung\/\" title=\"Erfolgsfaktoren in der Automobilmarktforschung\" data-wpil-monitor-id=\"2507\">Automotive market research<\/a> heavily relies on consumer behavior, which is essential for the success of every business. For example, growing concern about environmental sustainability is boosting demand for electric and hybrid vehicles.<\/p>\n<p style=\"padding-left: 40px;\">\n\n\n\n<\/p>\n<h3 class=\"wp-block-heading\" style=\"padding-left: 40px;\">4. Warum ist Nachhaltigkeit in der Automobilmarktforschung wichtig?<\/h3>\n<p style=\"padding-left: 40px;\">\n\n\n\n<\/p>\n<p style=\"padding-left: 40px;\">More and more consumers are looking for environmentally friendly options, which has resulted in a surge of electric and hybrid vehicles. Automotive <a href=\"https:\/\/www.sisinternational.com\/de\/weltweit-fuhrendes-unternehmen-fur-quantitative-marktforschung\/\" title=\"Weltweit f\u00fchrendes Unternehmen f\u00fcr quantitative Marktforschung\" data-wpil-monitor-id=\"1048\">market research companies<\/a> use sustainability to understand how it impacts the decision-making process and obtain relevant features according to what consumers value, such as fuel efficiency, low emissions, or recyclable materials.<\/p>\n<p style=\"padding-left: 40px;\">\n\n\n\n<\/p>\n<h3 class=\"wp-block-heading\" style=\"padding-left: 40px;\">5. Welchen Einfluss hat die Marktforschung auf Marketing- und Werbestrategien?<\/h3>\n<p style=\"padding-left: 40px;\">\n\n\n\n<\/p>\n<p style=\"padding-left: 40px;\">Wenn Unternehmen verstehen, was Kaufentscheidungen beeinflusst \u2013 vom Preis \u00fcber die Sicherheit bis hin zur Leistung \u2013 k\u00f6nnen sie ihre Kampagnen so anpassen, dass sie ihre gew\u00fcnschte Zielgruppe erreichen. Au\u00dferdem k\u00f6nnen sie so Werbekan\u00e4le und -botschaften optimieren, um das Engagement zu erh\u00f6hen.<\/p>\n<p>\n\n\n<\/p>\n\n\n<h2 class=\"wp-block-heading\">Warum ist SIS International ein Top-Marktforschungsunternehmen im Automobilbereich?<\/h2>\n\n\n\n<p>Seit \u00fcber 40 Jahren <a href=\"https:\/\/www.linkedin.com\/company\/sisinternationalresearch\/\" target=\"_blank\" rel=\"noopener\">SIS International<\/a> hat Automobilmarken dabei geholfen, sich in globalen Komplexit\u00e4ten zurechtzufinden. Ich habe mit einer sehr talentierten Gruppe von Spezialisten zusammengearbeitet, die alle ein Ziel haben: unseren Kunden zum Erfolg zu verhelfen, indem wir ihnen hochpr\u00e4zise und umsetzbare Erkenntnisse liefern.<\/p>\n\n\n<h3 class=\"wp-block-heading\" style=\"padding-left: 40px;\">Jahrzehntelange Erfahrung bedeutet Kompetenz<\/h3>\n\n<p style=\"padding-left: 40px;\">Wir arbeiten mit f\u00fchrenden Marken zusammen und nutzen unsere umfassende Expertise in der Automobilindustrie, um ma\u00dfgeschneiderte Forschungsl\u00f6sungen bereitzustellen. Im Laufe meiner Karriere habe ich erlebt, wie sich der Automobilsektor gewaltige Ver\u00e4nderungen ereignete \u2013 neue Technologien, sich entwickelnde Verbraucherbed\u00fcrfnisse und aufkommende globale Trends \u2026 Aber eines hat sich nicht ge\u00e4ndert: unser Engagement f\u00fcr die Durchf\u00fchrung von Forschung, die Ergebnisse liefert \u2013 echte Auswirkungen auf das Gesch\u00e4ft.<\/p>\n\n<h3 class=\"wp-block-heading\" style=\"padding-left: 40px;\">Globale Reichweite, lokale Expertise<\/h3>\n\n<p style=\"padding-left: 40px;\">The automotive market is worldwide, but each market has its characteristics, preferences, and challenges. We have a range of specialists globally with in-depth knowledge of their respective <a href=\"https:\/\/www.sisinternational.com\/de\/produktmeinung-kulturelle-einblicke-markteintritt-von-asien-nach-europa\/\" title=\"Markteintrittsforschung f\u00fcr die Automobilindustrie | Fallstudie\" data-wpil-monitor-id=\"6665\">markets and strong automotive<\/a> experience. Our grounding in local expertise and global footprint provide regionally relevant and globally informed insights.<\/p>\n\n<h3 class=\"wp-block-heading\" style=\"padding-left: 40px;\">Forschungsmethoden der n\u00e4chsten Generation<\/h3>\n\n<p style=\"padding-left: 40px;\">Wir setzen moderne Tools und Techniken ein, um die bestm\u00f6glichen Daten zu sammeln. Wir sind bestrebt, unseren Kunden durch verschiedene Methoden die genauesten und umsetzbarsten Erkenntnisse zu liefern. Diese Kombination aus Methoden erm\u00f6glicht es uns, den Automobilsektor effektiv zu navigieren und Erkenntnisse zu gewinnen, die Produktdesigns, Markenbotschaften und Marketingstrategien beeinflussen.<\/p>\n\n<h3 class=\"wp-block-heading\" style=\"padding-left: 40px;\">Ma\u00dfgeschneiderte, umsetzbare Erkenntnisse<\/h3>\n\n<p style=\"padding-left: 40px;\">Am meisten bin ich stolz darauf, dass wir immer ma\u00dfgeschneiderte, umsetzbare Erkenntnisse geliefert haben. Wir wissen, dass unsere Kunden unterschiedlich sind und ihre eigenen Ziele, Herausforderungen und Bed\u00fcrfnisse haben. Deshalb ist jedes Projekt, das wir abschlie\u00dfen, ma\u00dfgeschneidert.<\/p>\n<h2>\u00a0<\/h2>\n\n<h2>Unser Standort in New York<\/h2>\n<p><!-- \/wp:post-content --> <!-- wp:html --> <iframe loading=\"lazy\" src=\"https:\/\/www.google.com\/maps\/embed?pb=!1m18!1m12!1m3!1d3022.976188376966!2d-73.99130312499956!3d40.740549471389315!2m3!1f0!2f0!3f0!3m2!1i1024!2i768!4f13.1!3m3!1m2!1s0x89c259a15798c731%3A0xd695d09bdd495f25!2s11%20E%2022nd%20St%20FL%202%2C%20New%20York%2C%20NY%2010010%2C%20USA!5e0!3m2!1sen!2spe!4v1726171763526!5m2!1sen!2spe\" width=\"600\" height=\"450\" allowfullscreen=\"allowfullscreen\" data-mce-fragment=\"1\"><\/iframe> <!-- \/wp:html --> <!-- wp:paragraph --><\/p>\n<h3 class=\"wp-block-heading\">11 E 22nd Street, Floor 2, New York, NY 10010 T: +1(212) 505-6805<\/h3>\n<hr \/>\n<h2><span style=\"font-weight: 400;\">\u00dcber SIS International<\/span><\/h2>\n<p><a href=\"https:\/\/www.sisinternational.com\/de\/\"><span style=\"font-weight: 400;\">SIS International<\/span><\/a><span style=\"font-weight: 400;\"> bietet quantitative, qualitative und strategische Forschung an. Wir liefern Daten, Tools, Strategien, Berichte und Erkenntnisse zur Entscheidungsfindung. Wir f\u00fchren auch Interviews, Umfragen, Fokusgruppen und andere Methoden und Ans\u00e4tze der Marktforschung durch.<\/span><a href=\"https:\/\/www.sisinternational.com\/de\/uber-sis-international-research\/contact-sis-international-market-research\/\"><span style=\"font-weight: 400;\"> Kontakt<\/span><\/a><span style=\"font-weight: 400;\"> f\u00fcr Ihr n\u00e4chstes Marktforschungsprojekt.<\/span><\/p>\n<hr \/>","protected":false},"excerpt":{"rendered":"<p>Top Automotive Market Research Company Today\u2019s automotive market is no longer just about building cars; it\u2019s about understanding consumers&#8217; deep, ever-changing needs, predicting market shifts, and embracing emerging technologies. As a top automotive market research company, we have been fortunate to partner with some of the best-known automotive brands globally, including Ford, Toyota, BMW, and &#8230; <a title=\"F\u00fchrendes Marktforschungsunternehmen f\u00fcr die Automobilindustrie\" class=\"read-more\" href=\"https:\/\/www.sisinternational.com\/de\/sachverstand\/automobilmarktforschung\/top-automotive-market-research-company\/\" aria-label=\"Mehr Informationen \u00fcber Top Automotive Market Research Company\">Weiterlesen \u2026<\/a><\/p>","protected":false},"author":1,"featured_media":62611,"parent":11155,"menu_order":4,"comment_status":"closed","ping_status":"closed","template":"","meta":{"footnotes":""},"class_list":["post-54501","page","type-page","status-publish","has-post-thumbnail"],"_links":{"self":[{"href":"https:\/\/www.sisinternational.com\/de\/wp-json\/wp\/v2\/pages\/54501","targetHints":{"allow":["GET"]}}],"collection":[{"href":"https:\/\/www.sisinternational.com\/de\/wp-json\/wp\/v2\/pages"}],"about":[{"href":"https:\/\/www.sisinternational.com\/de\/wp-json\/wp\/v2\/types\/page"}],"author":[{"embeddable":true,"href":"https:\/\/www.sisinternational.com\/de\/wp-json\/wp\/v2\/users\/1"}],"replies":[{"embeddable":true,"href":"https:\/\/www.sisinternational.com\/de\/wp-json\/wp\/v2\/comments?post=54501"}],"version-history":[{"count":19,"href":"https:\/\/www.sisinternational.com\/de\/wp-json\/wp\/v2\/pages\/54501\/revisions"}],"predecessor-version":[{"id":81192,"href":"https:\/\/www.sisinternational.com\/de\/wp-json\/wp\/v2\/pages\/54501\/revisions\/81192"}],"up":[{"embeddable":true,"href":"https:\/\/www.sisinternational.com\/de\/wp-json\/wp\/v2\/pages\/11155"}],"wp:featuredmedia":[{"embeddable":true,"href":"https:\/\/www.sisinternational.com\/de\/wp-json\/wp\/v2\/media\/62611"}],"wp:attachment":[{"href":"https:\/\/www.sisinternational.com\/de\/wp-json\/wp\/v2\/media?parent=54501"}],"curies":[{"name":"wp","href":"https:\/\/api.w.org\/{rel}","templated":true}]}}