{"id":54498,"date":"2024-12-07T05:04:51","date_gmt":"2024-12-07T10:04:51","guid":{"rendered":"https:\/\/www.sisinternational.com\/?page_id=54498"},"modified":"2026-03-11T10:54:48","modified_gmt":"2026-03-11T14:54:48","slug":"fuhrendes-usability-marktforschungsunternehmen","status":"publish","type":"page","link":"https:\/\/www.sisinternational.com\/de\/sachverstand\/produkttests-marktforschung\/fuhrendes-usability-marktforschungsunternehmen\/","title":{"rendered":"Usability testing Company"},"content":{"rendered":"<h1 class=\"wp-block-heading\">Usability testing Company<\/h1>\n\n\n\n<figure class=\"gb-block-image gb-block-image-3bf7016a\"><img loading=\"lazy\" decoding=\"async\" width=\"1456\" height=\"816\" class=\"gb-image gb-image-3bf7016a\" src=\"https:\/\/www.sisinternational.com\/wp-content\/uploads\/2025\/08\/Computer-Assisted-Telephone-Interviewing.jpg\" alt=\"SIS International Marktforschung &amp; Strategie\" title=\"Computer Assisted Telephone Interviewing\" srcset=\"https:\/\/www.sisinternational.com\/wp-content\/uploads\/2025\/08\/Computer-Assisted-Telephone-Interviewing.jpg 1456w, https:\/\/www.sisinternational.com\/wp-content\/uploads\/2025\/08\/Computer-Assisted-Telephone-Interviewing-300x168.jpg 300w, https:\/\/www.sisinternational.com\/wp-content\/uploads\/2025\/08\/Computer-Assisted-Telephone-Interviewing-1024x574.jpg 1024w, https:\/\/www.sisinternational.com\/wp-content\/uploads\/2025\/08\/Computer-Assisted-Telephone-Interviewing-768x430.jpg 768w, https:\/\/www.sisinternational.com\/wp-content\/uploads\/2025\/08\/Computer-Assisted-Telephone-Interviewing-18x10.jpg 18w\" sizes=\"auto, (max-width: 1456px) 100vw, 1456px\"><\/figure>\n\n\n\n<hr class=\"wp-block-separator has-alpha-channel-opacity is-style-dots\"\/>\n\n\n\n<h3 class=\"wp-block-heading\">\u201eDie St\u00e4rke von Usability-Tests liegt in ihrer F\u00e4higkeit, die L\u00fccke zwischen Innovation und Benutzererfahrung zu schlie\u00dfen.\u201c<\/h3>\n\n\n\n<p>Wie entwickelt man ein Produkt, das f\u00fcr Menschen mit unterschiedlichen Lebenserfahrungen auf der ganzen Welt relevant ist und gleichzeitig interessant und wettbewerbsf\u00e4hig bleibt? Der Schl\u00fcssel liegt meiner Meinung nach in der Verwendung der besten Methoden und Tools bei der Durchf\u00fchrung von Usability-Tests.<\/p>\n\n\n\n<p>We have spent over 40 years providing insight after insight, allowing businesses to succeed across a variety of sectors. Actually, we have been working with some of the biggest brands such as Microsoft, Pfizer and Coca-Cola to design products that their audiences are after \u2013 which makes us a <a href=\"https:\/\/www.sisinternational.com\/de\/losungen\/legal-market-research\/scheinjury-marktforschung-3\/\" title=\"Top-Unternehmen f\u00fcr Scheinjury-Marktforschung\" data-wpil-monitor-id=\"906\">f\u00fchrendes Usability-Marktforschungsunternehmen<\/a>.<\/p>\n\n\n\n<h2 class=\"wp-block-heading\">Also \u2026 was ist Usability-Testing?<\/h2>\n\n\n\n<p>Usability-Tests sind eine Methode, um die Benutzerfreundlichkeit eines Produkts oder einer Dienstleistung zu pr\u00fcfen, indem man echte Benutzer bei der Interaktion beobachtet. Dabei wird beurteilt, wie m\u00fchelos Benutzer ihre Aufgaben erledigen k\u00f6nnen. Bei diesem Prozess ist oft ein Moderator dabei, der Beispielbenutzern zeigt, wie sie verschiedene Aufgaben erledigen, Folgefragen stellt und um Feedback bittet.<\/p>\n\n\n\n<p>Eine der wirkungsvollsten Erkenntnisse meiner Karriere ist, wie fr\u00fche Usability-Tests eine ganze Entwicklung davon abhalten k\u00f6nnen, das falsche Produkt zu entwickeln. Leider geben viele Unternehmen Tausende (sogar Millionen) Dollar f\u00fcr die Entwicklung und Gestaltung von Produkten aus, die im wirklichen Leben nicht wirklich funktionieren.<\/p>\n\n\n\n<p>Durch unsere Zusammenarbeit mit Unternehmen wie Nike, Pfizer und Unilever zeigen wir, wie sich durch kleine \u00c4nderungen die Benutzerzufriedenheit und Produktqualit\u00e4t deutlich steigern lassen. Die Erkenntnisse aus dem Feedback k\u00f6nnen genutzt werden, um Benutzerprobleme zu l\u00f6sen, das Engagement und die Konversionsraten der Benutzer zu verbessern und die Kundentreue zu erh\u00f6hen.<\/p>\n\n\n\n<h2 class=\"wp-block-heading\">Aber\u2026 warum sind Usability-Tests f\u00fcr Unternehmen ein MUSS?<\/h2>\n\n\n\n<figure class=\"gb-block-image gb-block-image-7bb3944b\"><img loading=\"lazy\" decoding=\"async\" width=\"1456\" height=\"816\" class=\"gb-image gb-image-7bb3944b\" src=\"https:\/\/www.sisinternational.com\/wp-content\/uploads\/2025\/08\/Computer-Assisted-Telephone-Interviewing-2.jpg\" alt=\"SIS International Marktforschung &amp; Strategie\" title=\"Computer Assisted Telephone Interviewing (2)\" srcset=\"https:\/\/www.sisinternational.com\/wp-content\/uploads\/2025\/08\/Computer-Assisted-Telephone-Interviewing-2.jpg 1456w, https:\/\/www.sisinternational.com\/wp-content\/uploads\/2025\/08\/Computer-Assisted-Telephone-Interviewing-2-300x168.jpg 300w, https:\/\/www.sisinternational.com\/wp-content\/uploads\/2025\/08\/Computer-Assisted-Telephone-Interviewing-2-1024x574.jpg 1024w, https:\/\/www.sisinternational.com\/wp-content\/uploads\/2025\/08\/Computer-Assisted-Telephone-Interviewing-2-768x430.jpg 768w, https:\/\/www.sisinternational.com\/wp-content\/uploads\/2025\/08\/Computer-Assisted-Telephone-Interviewing-2-18x10.jpg 18w\" sizes=\"auto, (max-width: 1456px) 100vw, 1456px\"><\/figure>\n\n\n\n<p><\/p>\n\n\n\n<p>Methoden und Tools f\u00fcr Usability-Tests sind f\u00fcr Unternehmen n\u00fctzlich, um zu verstehen, wie ihre Benutzer mit ihren Produkten interagieren, und um Hindernisse zu erkennen, die den Benutzerfluss unterbrechen. Dar\u00fcber hinaus hat das Feedback aus Usability-Tests einen gro\u00dfen Einfluss auf das Design, da es Unternehmen hilft, \u00fcber den Tellerrand hinauszublicken und die tats\u00e4chliche Verwendung ihrer Produkte zu verstehen.<\/p>\n\n\n\n<p>At SIS International, as one of the best usability <a href=\"https:\/\/www.sisinternational.com\/de\/weltweit-fuhrendes-unternehmen-fur-quantitative-marktforschung\/\" title=\"Weltweit f\u00fchrendes Unternehmen f\u00fcr quantitative Marktforschung\" data-wpil-monitor-id=\"1049\">market research companies<\/a> in New York; we have conducted usability testing for clients such as Unilever and Coca-Cola to capture fresh insights that delivered more functional and engaging products. Poor usability is expensive \u2014 products that fail to meet user needs will likely experience low sales, high abandonment rates and negative customer reviews.<\/p>\n\n\n\n<h2 class=\"wp-block-heading\">G\u00e4ngige Methoden zum Usability-Testen<\/h2>\n\n\n\n<p>Die Wahl der richtigen Testmethode kann den Unterschied ausmachen, ob Sie wirkungsvolles Feedback erhalten oder nicht. Jede Methode liefert Ihnen unterschiedliche Informationen und hat je nach Projektziel ihre eigenen Vorteile. Hier sind einige der Methoden, die wir verwenden, und die Gr\u00fcnde, warum sie meiner Meinung nach so gut funktionieren:<\/p>\n\n\n\n<h3 class=\"wp-block-heading\">Moderierte Usability-Tests<\/h3>\n\n\n\n<p>Dies ist ein weit gefasstes Konzept, das ich f\u00fcr die beste aller Methoden halte. In einem moderierten Testfall gibt es einen Moderator, der die Benutzer durch bestimmte Aufgaben f\u00fchrt, Fragen stellt und sie auffordert, laut zu denken und tiefer in ihre Erfahrungen einzutauchen. Auf diese Weise k\u00f6nnen Sie live beobachten, was sie tun und wie sie reagieren, und es hilft dabei, einen Kontext bereitzustellen, der sonst nicht m\u00f6glich w\u00e4re.<\/p>\n\n\n\n<p>Dies ist besonders bei anspruchsvollen Produkten n\u00fctzlich, wenn Sie das Problem bei der Benutzerf\u00fchrung verstehen und wissen m\u00f6chten, wie Benutzer bei der Interaktion mit einem Produkt verwirrt werden k\u00f6nnen. Ein guter Moderator gibt Benutzern das n\u00f6tige Selbstvertrauen, \u00fcber sich selbst und ihre Erfahrungen zu sprechen.<\/p>\n\n\n\n<h3 class=\"wp-block-heading\">Unmoderierte Usability-Tests<\/h3>\n\n\n\n<p>Bei dieser Methode f\u00fchren Benutzer Aufgaben allein aus \u2013 ohne anwesenden Moderator \u2013 normalerweise in ihrer nat\u00fcrlichen Umgebung. Dieser Ansatz kann sehr kosteng\u00fcnstig sein, insbesondere wenn Eingaben von einem breiten Benutzerkreis gesucht werden.<\/p>\n\n\n\n<p>Was mir bei unmoderierten Tests am besten gef\u00e4llt, ist die Tatsache, dass sie zu nat\u00fcrlicheren Reaktionen f\u00fchren, da die Benutzer mit Ihrem Produkt so interagieren, wie sie es normalerweise tun w\u00fcrden.&nbsp;<\/p>\n\n\n\n<h3 class=\"wp-block-heading\">A\/B-Tests<\/h3>\n\n\n\n<p>Dies ist einer unserer datenintensivsten Ans\u00e4tze. Dabei k\u00f6nnten zwei Versionen eines Produkts angezeigt werden (z. B. zwei verschiedene Website-Layouts oder mobile Funktionsvarianten), deren Leistung verglichen und Erkenntnisse dar\u00fcber gewonnen werden, welche Version die Benutzer bevorzugen.<\/p>\n\n\n\n<p>&nbsp;Ich habe bei einigen unserer gr\u00f6\u00dften Kunden mit A\/B-Tests experimentiert. Wir haben Nike dabei geholfen, seine E-Commerce-Plattform zu optimieren, und durch A\/B-Tests haben wir den Checkout-Prozess ganz leicht angepasst, sodass sie h\u00f6here Konversionsraten erzielten. Was A\/B-Tests so wertvoll macht, ist, dass sie das R\u00e4tselraten aus Ihren Abl\u00e4ufen nehmen und Ihnen direkte, zuverl\u00e4ssige Informationen dar\u00fcber geben, was funktioniert und was nicht.<\/p>\n\n\n\n<h3 class=\"wp-block-heading\">Remote-Usability-Tests<\/h3>\n\n\n\n<p>Mithilfe von Remote-Usability-Tests k\u00f6nnen wir Benutzer von \u00fcberall auf der Welt testen. So k\u00f6nnen wir Benutzer in ihrer nat\u00fcrlichen Umgebung testen und sie interagieren mit gr\u00f6\u00dferer Wahrscheinlichkeit mit dem Produkt wie in einem realen Szenario.<\/p>\n\n\n\n<h3 class=\"wp-block-heading\">Pers\u00f6nliche Usability-Tests<\/h3>\n\n\n\n<p>Es hat etwas Magisches, einem Benutzer bei der Interaktion mit einem Produkt zuzusehen \u2013 sowohl was er sagt als auch wie er seine Emotionen ausdr\u00fcckt. Pers\u00f6nliche Tests sind im Vergleich dazu eine viel intensivere Erfahrung, da der Moderator auf auftretende Probleme sofort eingehen kann.&nbsp;<\/p>\n\n\n<p>\n\n\n<\/p>\n<h2 class=\"wp-block-heading\">Und was sind die besten Tools f\u00fcr Usability-Tests?<\/h2>\n<h3 class=\"wp-block-heading\" style=\"padding-left: 40px;\"><span style=\"color: var(--global-color-9); font-family: inherit; font-size: 24px; font-style: inherit; background-color: var(--base-3);\">Benutzertests<\/span><\/h3>\n<p>\n\n\n\n<\/p>\n<p style=\"padding-left: 40px;\">Ich empfehle UserTesting allen unseren Kunden. Es ist eine sehr benutzerfreundliche Plattform zur Durchf\u00fchrung moderierter und unmoderierter Usability-Tests.<\/p>\n<p style=\"padding-left: 40px;\">\n\n\n\n<\/p>\n<p style=\"padding-left: 40px;\">Eine der st\u00e4rksten Funktionen, die ich bei UserTesting gefunden habe, sind die Videoaufzeichnungen und das detaillierte Feedback. Sie k\u00f6nnen nicht nur zusehen, wie Benutzer live mit Ihrem Produkt interagieren, das Tool erfasst f\u00fcr Sie auch Kennzahlen wie Aufgabenerledigungsrate, Aufgabenzeit und Benutzerzufriedenheit.<\/p>\n<h3 style=\"padding-left: 40px;\">R\u00fcckblick<\/h3>\n<p>\n\n\n\n<\/p>\n<p style=\"padding-left: 40px;\">Besonders gut gef\u00e4llt mir, dass Lookback die Zusammenarbeit in Echtzeit erm\u00f6glicht, sodass Teammitglieder Benutzersitzungen gemeinsam live verfolgen und \u00fcber Ergebnisse chatten k\u00f6nnen. Dies macht den Testprozess kollaborativer und effektiver, insbesondere f\u00fcr Teams an verschiedenen Standorten.<\/p>\n<p style=\"padding-left: 40px;\">\n\n\n\n<\/p>\n<p style=\"padding-left: 40px;\">Die Aufzeichnung von Benutzerinteraktionen per Video und Audio ist ein wesentlicher Vorteil von Lookback. Dadurch erhalten wir und unsere Kunden umfangreiche Kontextdaten, mit denen wir Schwachstellen identifizieren und herausfinden k\u00f6nnen, warum diese Benutzer tun, was sie tun.<\/p>\n<p style=\"padding-left: 40px;\"><span style=\"color: var(--global-color-9); font-family: inherit; font-size: 24px; font-style: inherit; font-weight: bold; background-color: var(--base-3);\">Verr\u00fccktes Ei<\/span><\/p>\n<p>\n\n\n\n<\/p>\n<p style=\"padding-left: 40px;\">Mithilfe dieser Heatmapping-Software konnten wir das Nutzerverhalten in bestimmten Bereichen der Website ganz einfach untersuchen. So konnten wir beispielsweise feststellen, wo die Nutzer auf bestimmten Seiten geklickt und gescrollt haben und wie sie zwischen den verschiedenen Seiten wechseln.<\/p>\n<p style=\"padding-left: 40px;\">\n\n\n\n<\/p>\n<p style=\"padding-left: 40px;\">Dies bedeutet, dass Sie die Bereiche schnell isolieren und \u00e4ndern k\u00f6nnen, wenn Benutzer einen wichtigen Aufruf zum Handeln ignorieren oder Ihren Checkout-Prozess abbrechen.<\/p>\n<h3 style=\"padding-left: 40px;\">Hotjar<\/h3>\n<p>\n\n\n\n<\/p>\n<p style=\"padding-left: 40px;\">Ich kann auch Hotjar w\u00e4rmstens empfehlen, ein fantastisches Feedback-Tool, mit dem Sie Umfragen, Abstimmungen und Heatmaps erstellen k\u00f6nnen. Es verf\u00fcgt auch \u00fcber ein gro\u00dfartiges Tool zur Sitzungsaufzeichnung \u2013 Sie k\u00f6nnen den Besuchern Ihrer Seiten zusehen und sehen, wo und warum sie m\u00f6glicherweise nicht weiterkommen.\u00a0<\/p>\n<p style=\"padding-left: 40px;\">\n\n\n\n<\/p>\n<p style=\"padding-left: 40px;\">Wir haben bei Kunden im Einzelhandels- und Dienstleistungssektor gro\u00dfartige Ergebnisse mit Hotjar erzielt, um das Website-Design, die Zielseiten und die Kundendienstelemente zu verbessern und so ein nahtloseres Benutzererlebnis zu erm\u00f6glichen.<\/p>\n<p>\n\n\n\n<p><\/p>\n\n\n\n<h2 class=\"wp-block-heading\">Was macht SIS International zu einem der f\u00fchrenden Marktforschungsunternehmen im Bereich Usability?<\/h2>\n\n\n\n<p>We, as a <a href=\"https:\/\/www.sisinternational.com\/de\/top-unternehmen-fur-marketingstrategien\/\" title=\"Top-Unternehmen f\u00fcr Marketingstrategien\" data-wpil-monitor-id=\"990\">f\u00fchrendes Usability-Marktforschungsunternehmen<\/a> in New York, have helped clients build better strategies and products for their businesses and cultivated an unrivaled reputation for excellence. This is why our clients keep coming back to us for their usability testing needs :<\/p>\n\n\n\n<h3 class=\"wp-block-heading\">Wir besitzen unsere Anlage in NYC<\/h3>\n\n\n\n<p>Unsere hochmoderne Einrichtung ist ein grundlegendes Element unseres Betriebs. Unternehmen haben Zugriff auf modernste Usability-Testtechniken und -Tools und Benutzer werden f\u00fcr ihre Zeit bezahlt, ohne dass Unternehmen die \u00fcberm\u00e4\u00dfigen Gemeinkosten zahlen m\u00fcssen, die Forschungsunternehmen normalerweise f\u00fcr die Anmietung ihrer R\u00e4umlichkeiten aufwenden.<\/p>\n\n\n\n<h3 class=\"wp-block-heading\">Zentraler Standort Testgel\u00e4nde<\/h3>\n\n\n\n<p>Da unsere Einrichtung im Herzen von New York City liegt, ist sie f\u00fcr eine vielf\u00e4ltige Bev\u00f6lkerung zug\u00e4nglich und spiegelt das gesamte Spektrum kultureller und sozio\u00f6konomischer Vielfalt wider.&nbsp;<\/p>\n\n\n\n<h3 class=\"wp-block-heading\">Modernste Technologie<\/h3>\n\n\n\n<p>Unser Paket umfasst die neuesten Tools und Methoden, um ein tiefes Verst\u00e4ndnis des Nutzerverhaltens zu erlangen. Dazu geh\u00f6ren Eye-Tracking-Technologie, Heatmaps und KI-gest\u00fctzte Analysen.<\/p>\n\n\n\n<h3 class=\"wp-block-heading\">Globale Reichweite und Expertise<\/h3>\n\n\n\n<p>Unser Standort in New York ist unser Heimatstandort, aber wir sind weltweit t\u00e4tig. Mit Niederlassungen in \u00fcber 135 L\u00e4ndern k\u00f6nnen wir Usability-Tests in jeder Region durchf\u00fchren und dabei kulturelle Nuancen ber\u00fccksichtigen.<\/p>\n\n\n\n<h3 class=\"wp-block-heading\">Nachgewiesene Erfolgsbilanz bei Top-Kunden<\/h3>\n\n\n\n<p><a href=\"https:\/\/www.linkedin.com\/company\/sisinternationalresearch\/\" target=\"_blank\" rel=\"noopener\">Wir<\/a> haben Partnerschaften mit Branchenriesen wie Google, Nestl\u00e9 und Sony geschlossen. Dank unserer flexiblen Methoden- und Technologiepraxis sind wir zu einem vertrauensw\u00fcrdigen Partner geworden, dessen Ansatz Ergebnisse liefert und gut mit den Abl\u00e4ufen unserer Kunden harmoniert.<\/p>\n\n\n<h2>\n<h2 class=\"wp-block-heading\">FAQs<\/h2>\n<h3 class=\"wp-block-heading\" style=\"padding-left: 40px;\">Was sind Usability-Tests und welche Bedeutung haben sie?<\/h3>\n<p style=\"padding-left: 40px;\">Ziel ist es, etwaige Probleme mit der Benutzerfreundlichkeit zu erkennen, das Benutzerverhalten zu verstehen und Erkenntnisse dar\u00fcber zu gewinnen, wie einfach oder schwierig die Zielgruppe mit einem Produkt interagieren kann.<\/p>\n<h3 class=\"wp-block-heading\" style=\"padding-left: 40px;\">Wie k\u00f6nnen Usability-Tests die Kundenzufriedenheit steigern?<\/h3>\n<p style=\"padding-left: 40px;\">Usability-Tests bieten direktes Feedback von Endbenutzern zu ihren Erfahrungen mit einem Produkt und helfen Unternehmen dabei, Schwachstellen, Frustrationen und Verwirrungen zu lokalisieren.\u00a0<\/p>\n<h3 class=\"wp-block-heading\" style=\"padding-left: 40px;\">F\u00fcr welche Produkte k\u00f6nnen Usability-Tests eingesetzt werden?<\/h3>\n<p style=\"padding-left: 40px;\">Usability-Tests sind eine vielseitige Methode, die f\u00fcr verschiedene Arten von Produkten und Dienstleistungen in unterschiedlichen Branchen eingesetzt werden kann. Usability-Tests sind in nahezu allen Branchen ein wesentlicher Schritt, von Websites und mobilen Anwendungen bis hin zu physischen G\u00fctern und Softwareschnittstellen, um sicherzustellen, dass ein Produkt benutzerfreundlich und funktionsf\u00e4hig ist.<\/p>\n<h3 class=\"wp-block-heading\" style=\"padding-left: 40px;\">Wie erhalten wir die richtigen Ergebnisse aus Usability-Tests?<\/h3>\n<p style=\"padding-left: 40px;\">Testen Sie auf einer Plattform, auf der Sie wahrscheinlich genaue und zuverl\u00e4ssige Ergebnisse erhalten. SIS International verwendet ein langwieriges Pr\u00fcfverfahren, um die Genauigkeit in allen Phasen des Tests sicherzustellen, von der Rekrutierung der Testpersonen bis zur Analyse der Daten selbst.<\/p>\n<p style=\"padding-left: 40px;\">Die Teilnehmer werden so ausgew\u00e4hlt, dass sie die Zielgruppe des Produkts m\u00f6glichst genau widerspiegeln. Anschlie\u00dfend entwickeln wir realistische Szenarien und Aufgaben, die f\u00fcr tats\u00e4chliche Benutzer repr\u00e4sentativ sind, die das Produkt in einer realen Umgebung verwenden. Wir nehmen die Daten aus dem Test und f\u00fchren eine qualitative und quantitative Analyse durch, um nach Mustern und Erkenntnissen zu suchen, die zu sinnvollen Verbesserungen des Produkts f\u00fchren k\u00f6nnen.<\/p>\n<p style=\"padding-left: 40px;\">Unser Expertenteam stellt sicher, dass jede Usability-Test-Sitzung mit m\u00f6glichst geringer Voreingenommenheit durchgef\u00fchrt wird, damit die Ergebnisse pr\u00e4zise und umsetzbar sind.<\/p>\n<h3 class=\"wp-block-heading\" style=\"padding-left: 40px;\">Welchen Einfluss haben Usability-Tests auf den ROI meines Produkts?<\/h3>\n<p style=\"padding-left: 40px;\">Usability-Tests k\u00f6nnen sich unmittelbar positiv auf den ROI Ihres Produkts auswirken, indem sie eine effektive Benutzerinteraktion erm\u00f6glichen. Benutzerfreundliche und relevante Produkte f\u00fchren zu h\u00f6herem Engagement, niedrigeren Abwanderungsraten und h\u00f6chster Kundentreue.<\/p>\n<h3 class=\"wp-block-heading\" style=\"padding-left: 40px;\">Wie verarbeiten Sie die Daten des Usability-Tests?<\/h3>\n<p style=\"padding-left: 40px;\">Die Auswertung der Daten aus Usability-Tests ist ebenso wichtig wie der Test selbst. SIS International verfolgt einen qualitativ-quantitativen Analyseansatz. Dabei werden Muster erkannt, die Interaktion der Benutzer mit Ihrem Produkt verfolgt und Daten mit anderen Sitzungen verglichen.<\/p>\n<p style=\"padding-left: 40px;\">Anschlie\u00dfend erstellen wir ausf\u00fchrliche Berichte, in denen wir wichtige Erkenntnisse pr\u00e4sentieren, Usability-Probleme aufdecken und praktische Vorschl\u00e4ge machen. Unsere Expertise liegt darin, Rohdaten in umsetzbare Erkenntnisse zu \u00fcbersetzen, um aufzuzeigen, wie unsere Kunden ihre Produkte basierend auf dem verwendeten Designansatz verbessern k\u00f6nnen.<\/p>\n<\/h2>\n<h2>Unser Standort in New York<\/h2>\n<p><!-- \/wp:post-content --> <!-- wp:html --> <iframe loading=\"lazy\" src=\"https:\/\/www.google.com\/maps\/embed?pb=!1m18!1m12!1m3!1d3022.976188376966!2d-73.99130312499956!3d40.740549471389315!2m3!1f0!2f0!3f0!3m2!1i1024!2i768!4f13.1!3m3!1m2!1s0x89c259a15798c731%3A0xd695d09bdd495f25!2s11%20E%2022nd%20St%20FL%202%2C%20New%20York%2C%20NY%2010010%2C%20USA!5e0!3m2!1sen!2spe!4v1726171763526!5m2!1sen!2spe\" width=\"600\" height=\"450\" allowfullscreen=\"allowfullscreen\" data-mce-fragment=\"1\"><\/iframe> <!-- \/wp:html --> <!-- wp:paragraph --><\/p>\n<h3 class=\"wp-block-heading\">11 E 22nd Street, Floor 2, New York, NY 10010 T: +1(212) 505-6805<\/h3>\n<hr \/>\n<h2><strong>\u00dcber SIS International<\/strong><\/h2>\n<p><a href=\"https:\/\/www.sisinternational.com\/de\/\"><span style=\"font-weight: 400;\">SIS International<\/span><\/a><span style=\"font-weight: 400;\"> bietet quantitative, qualitative und strategische Forschung an. Wir liefern Daten, Tools, Strategien, Berichte und Erkenntnisse zur Entscheidungsfindung. Wir f\u00fchren auch Interviews, Umfragen, Fokusgruppen und andere Methoden und Ans\u00e4tze der Marktforschung durch.<\/span><a href=\"https:\/\/www.sisinternational.com\/de\/uber-sis-international-research\/contact-sis-international-market-research\/\"><span style=\"font-weight: 400;\"> Kontakt<\/span><\/a><span style=\"font-weight: 400;\"> f\u00fcr Ihr n\u00e4chstes Marktforschungsprojekt.<\/span><\/p>\n<hr \/>\n<p><!-- wp:paragraph --><\/p>\n<p><!-- \/wp:paragraph --><\/p>","protected":false},"excerpt":{"rendered":"<p>Usability testing Company \u201cThe power of usability testing lies in its ability to bridge the gap between innovation and user experience.\u201d How do you craft a product relevant to people with diverse life experiences around the world\u2026 while simultaneously keeping it sharp and competitive? The key, I believe, is using the best methods and tools &#8230; <a title=\"Usability testing Company\" class=\"read-more\" href=\"https:\/\/www.sisinternational.com\/de\/sachverstand\/produkttests-marktforschung\/fuhrendes-usability-marktforschungsunternehmen\/\" aria-label=\"Mehr Informationen \u00fcber Usability testing Company\">Weiterlesen \u2026<\/a><\/p>","protected":false},"author":1,"featured_media":64210,"parent":12926,"menu_order":34,"comment_status":"closed","ping_status":"closed","template":"","meta":{"footnotes":""},"class_list":["post-54498","page","type-page","status-publish","has-post-thumbnail"],"_links":{"self":[{"href":"https:\/\/www.sisinternational.com\/de\/wp-json\/wp\/v2\/pages\/54498","targetHints":{"allow":["GET"]}}],"collection":[{"href":"https:\/\/www.sisinternational.com\/de\/wp-json\/wp\/v2\/pages"}],"about":[{"href":"https:\/\/www.sisinternational.com\/de\/wp-json\/wp\/v2\/types\/page"}],"author":[{"embeddable":true,"href":"https:\/\/www.sisinternational.com\/de\/wp-json\/wp\/v2\/users\/1"}],"replies":[{"embeddable":true,"href":"https:\/\/www.sisinternational.com\/de\/wp-json\/wp\/v2\/comments?post=54498"}],"version-history":[{"count":11,"href":"https:\/\/www.sisinternational.com\/de\/wp-json\/wp\/v2\/pages\/54498\/revisions"}],"predecessor-version":[{"id":79545,"href":"https:\/\/www.sisinternational.com\/de\/wp-json\/wp\/v2\/pages\/54498\/revisions\/79545"}],"up":[{"embeddable":true,"href":"https:\/\/www.sisinternational.com\/de\/wp-json\/wp\/v2\/pages\/12926"}],"wp:featuredmedia":[{"embeddable":true,"href":"https:\/\/www.sisinternational.com\/de\/wp-json\/wp\/v2\/media\/64210"}],"wp:attachment":[{"href":"https:\/\/www.sisinternational.com\/de\/wp-json\/wp\/v2\/media?parent=54498"}],"curies":[{"name":"wp","href":"https:\/\/api.w.org\/{rel}","templated":true}]}}