{"id":54475,"date":"2024-12-08T21:11:02","date_gmt":"2024-12-09T02:11:02","guid":{"rendered":"https:\/\/www.sisinternational.com\/?page_id=54475"},"modified":"2026-01-27T16:45:54","modified_gmt":"2026-01-27T21:45:54","slug":"market-research-in-germany-2","status":"publish","type":"page","link":"https:\/\/www.sisinternational.com\/de\/abdeckung\/europa\/market-research-in-germany-2\/","title":{"rendered":"Marktforschung in Deutschland"},"content":{"rendered":"<h1 class=\"wp-block-heading\">Marktforschung in Deutschland<\/h1>\n\n\n\n<figure class=\"gb-block-image gb-block-image-8c635337\"><img loading=\"lazy\" decoding=\"async\" width=\"1456\" height=\"816\" class=\"gb-image gb-image-8c635337\" src=\"https:\/\/www.sisinternational.com\/wp-content\/uploads\/2025\/09\/Germany-4.jpg\" alt=\"SIS International Marktforschung &amp; Strategie\" title=\"Germany (4)\" srcset=\"https:\/\/www.sisinternational.com\/wp-content\/uploads\/2025\/09\/Germany-4.jpg 1456w, https:\/\/www.sisinternational.com\/wp-content\/uploads\/2025\/09\/Germany-4-300x168.jpg 300w, https:\/\/www.sisinternational.com\/wp-content\/uploads\/2025\/09\/Germany-4-1024x574.jpg 1024w, https:\/\/www.sisinternational.com\/wp-content\/uploads\/2025\/09\/Germany-4-768x430.jpg 768w, https:\/\/www.sisinternational.com\/wp-content\/uploads\/2025\/09\/Germany-4-18x10.jpg 18w\" sizes=\"auto, (max-width: 1456px) 100vw, 1456px\"><\/figure>\n\n\n\n<hr class=\"wp-block-separator has-alpha-channel-opacity is-style-dots\"\/>\n\n\n\n<h3 class=\"wp-block-heading\">Marktforschung in Deutschland ist f\u00fcr jedes Unternehmen von entscheidender Bedeutung, das sich auf einem der wettbewerbsintensivsten und anspruchsvollsten M\u00e4rkte Europas etablieren m\u00f6chte.<\/h3>\n\n\n\n<p>Kennen Sie den deutschen Markt so gut, wie Sie denken? Als CEO von SIS International habe ich beobachtet, dass zu viele Unternehmen die Realit\u00e4ten des Markteintritts oder Wachstums in Deutschland ignorieren. Es geht wirklich um die Feinheiten des Verbraucherverhaltens, der kulturellen Erwartungen und des regulatorischen Umfelds. Deshalb helfen unsere globale Reichweite und unser Expertenwissen Unternehmen dabei, die Daten zu nutzen und sie in umsetzbare Strategien umzuwandeln.<\/p>\n\n\n\n<h2 class=\"wp-block-heading\">Warum ist die Durchf\u00fchrung einer Marktforschung in Deutschland so wichtig?<\/h2>\n\n\n\n<p>At SIS International, we\u2019ve been in the market <a href=\"https:\/\/www.sisinternational.com\/de\/losungen\/qualitative-quantitative-forschungslosungen\/quantitative-research-in-germany\/\" title=\"Quantitative Research in Germany\"  data-wpil-monitor-id=\"862\">research business in Germany<\/a> for decades, and one thing is perfectly clear: Germany is a dynamic market with its unique demands and challenges.&nbsp;<\/p>\n\n\n\n<p><strong>Der Geschmack der deutschen Verbraucher ist eine Mischung aus altmodischer Bequemlichkeit und neuartiger Neuheit<\/strong>. Mit seiner wirtschaftlichen Stabilit\u00e4t, hohen Kaufkraft und hervorragenden industriellen Basis ist Deutschland ein attraktiver Markt f\u00fcr die internationale Expansion \u2026 Aber es gibt hier keine Einheitsl\u00f6sung. In Deutschland kann sich das Verbraucherverhalten je nach Region, Alter und sozio\u00f6konomischem Hintergrund erheblich unterscheiden.<\/p>\n\n\n\n<p><strong>Deutschland hat au\u00dferdem eines der strengsten Regulierungsumfelder in Europa<\/strong>Wenn Ihr Unternehmen ein Produkt auf den Markt bringt oder in einen Markt eintritt, m\u00fcssen Sie die \u00f6rtlichen Gesetze, Normen und Verbraucherschutzbestimmungen kennen.<\/p>\n\n\n\n<h2 class=\"wp-block-heading\">Ziel ist die Optimierung von Produkt- und Dienstleistungsangeboten<\/h2>\n\n\n\n<figure class=\"gb-block-image gb-block-image-b8adb562\"><img loading=\"lazy\" decoding=\"async\" width=\"1456\" height=\"816\" class=\"gb-image gb-image-b8adb562\" src=\"https:\/\/www.sisinternational.com\/wp-content\/uploads\/2025\/09\/Germany-1.jpg\" alt=\"SIS International Marktforschung &amp; Strategie\" title=\"Germany (1)\" srcset=\"https:\/\/www.sisinternational.com\/wp-content\/uploads\/2025\/09\/Germany-1.jpg 1456w, https:\/\/www.sisinternational.com\/wp-content\/uploads\/2025\/09\/Germany-1-300x168.jpg 300w, https:\/\/www.sisinternational.com\/wp-content\/uploads\/2025\/09\/Germany-1-1024x574.jpg 1024w, https:\/\/www.sisinternational.com\/wp-content\/uploads\/2025\/09\/Germany-1-768x430.jpg 768w, https:\/\/www.sisinternational.com\/wp-content\/uploads\/2025\/09\/Germany-1-18x10.jpg 18w\" sizes=\"auto, (max-width: 1456px) 100vw, 1456px\"><\/figure>\n\n\n\n<p><\/p>\n\n\n\n<p>Deutschland ist ein einzigartiger Markt, auf dem Innovation, Pr\u00e4zision und Kundentreue den Erfolg vorantreiben. Unternehmen m\u00fcssen verstehen, was deutsche Verbraucher bewegt und was sie wollen und erwarten. Viele Unternehmen vergessen, ihre Produkte zu lokalisieren, wenn sie sie in Deutschland einf\u00fchren. Durch umfassende Marktforschung beraten wir Unternehmen genau, welche Funktionen, Preisstrukturen und Dienstleistungen bei der lokalen Kundschaft Anklang finden.<\/p>\n\n\n\n<p>So arbeitete unser Team beispielsweise mit einem Kunden aus der Automobilbranche zusammen, der mehr \u00fcber die Vorlieben deutscher Autok\u00e4ufer erfahren wollte. Qualitative und quantitative Forschung lieferte wertvolle Einblicke in die Elemente, die Kaufentscheidungen beeinflussen, von der Kraftstoffeffizienz \u00fcber Sicherheitsfunktionen bis hin zur Markentreue.<\/p>\n\n\n\n<h2 class=\"wp-block-heading\">Chancen auf dem deutschen Markt<\/h2>\n\n\n\n<p>Deutschland bietet Unternehmen, die in Europa expandieren und diversifizieren m\u00f6chten, hervorragende M\u00f6glichkeiten. Der deutsche Markt bietet eine einzigartige Palette an Wachstumsm\u00f6glichkeiten. Um diese M\u00f6glichkeiten nutzen zu k\u00f6nnen, muss man jedoch die Dynamik des lokalen Marktes, das Verbraucherverhalten und die aufkommenden Trends kennen.<\/p>\n\n\n\n<figure class=\"gb-block-image gb-block-image-5f95954b\"><img loading=\"lazy\" decoding=\"async\" width=\"1024\" height=\"844\" class=\"gb-image gb-image-5f95954b\" src=\"https:\/\/www.sisinternational.com\/wp-content\/uploads\/2024\/12\/Market-research-in-germany-1024x844.png\" srcset=\"https:\/\/www.sisinternational.com\/wp-content\/uploads\/2024\/12\/Market-research-in-germany-1024x844.png 1024w, https:\/\/www.sisinternational.com\/wp-content\/uploads\/2024\/12\/Market-research-in-germany-300x247.png 300w, https:\/\/www.sisinternational.com\/wp-content\/uploads\/2024\/12\/Market-research-in-germany-768x633.png 768w, https:\/\/www.sisinternational.com\/wp-content\/uploads\/2024\/12\/Market-research-in-germany-1536x1266.png 1536w, https:\/\/www.sisinternational.com\/wp-content\/uploads\/2024\/12\/Market-research-in-germany-15x12.png 15w, https:\/\/www.sisinternational.com\/wp-content\/uploads\/2024\/12\/Market-research-in-germany.png 1638w\" sizes=\"auto, (max-width: 1024px) 100vw, 1024px\" alt=\"SIS International Marktforschung &amp; Strategie\"><\/figure>\n\n\n\n<p><\/p>\n\n\n\n<h3 class=\"wp-block-heading\">Technologie und Innovation<\/h3>\n\n\n\n<p>Deutschland ist Vorreiter in Sachen Innovation. Mit dem Fokus auf Industrie 4.0, digitaler Transformation und einem \u00dcbergang zu umweltfreundlicheren Technologien verf\u00fcgen Unternehmen im Technologiesektor in Deutschland \u00fcber ein enormes Wachstumspotenzial. Vom Start-up bis zum multinationalen Konzern \u2013 unsere Arbeit erm\u00f6glicht es unseren Kunden, Technologien zu \u00fcbernehmen, bevor sie in Deutschland zum Mainstream werden.<\/p>\n\n\n\n<h3 class=\"wp-block-heading\">Gr\u00fcne Innovation und Nachhaltigkeit<\/h3>\n\n\n\n<p>Deutschland wird oft als Vorreiter in Sachen Nachhaltigkeit gefeiert. Das Land ist in vielen Bereichen f\u00fchrend, von erneuerbaren Energien \u00fcber umweltfreundliche Produkte bis hin zu gr\u00fcnen Herstellungsprozessen. Dieses Engagement f\u00fcr Nachhaltigkeit er\u00f6ffnet Unternehmen, die gr\u00fcne Produkte oder Dienstleistungen anbieten, gro\u00dfe Chancen.<\/p>\n\n\n\n<h3 class=\"wp-block-heading\">E-Commerce und digitaler Einzelhandel<\/h3>\n\n\n\n<p>Europa verf\u00fcgt \u00fcber einen der gr\u00f6\u00dften E-Commerce-M\u00e4rkte der Welt und Deutschland ist eines der f\u00fchrenden L\u00e4nder mit dem am schnellsten wachsenden digitalen Einzelhandelsmarkt. Da mehr Verbraucher als je zuvor online einkaufen, haben Unternehmen in den Bereichen Mode, Elektronik und Konsumg\u00fcter jetzt exponentielle M\u00f6glichkeiten, den digitalen Wandel zu nutzen.<\/p>\n\n\n\n<h3 class=\"wp-block-heading\">Gesundheitsversorgung und alternde Bev\u00f6lkerung<\/h3>\n\n\n\n<p>Die alternde Bev\u00f6lkerung Deutschlands bietet besondere Perspektiven im Bereich der Medizintechnik, und Deutschland verf\u00fcgt \u00fcber einen wachsenden Markt f\u00fcr Dienstleistungen, Produkte und Technologien, die auf die Unterst\u00fctzung einer \u00e4lteren Bev\u00f6lkerung ausgerichtet sind. Der Wandel bringt neue Ideen in Bereichen wie Altenpflege, Gesundheitstechnologie, Pharmazeutika und Medizintechnik hervor.<\/p>\n\n\n\n<h2 class=\"wp-block-heading\">Herausforderungen f\u00fcr die Marktforschung in Deutschland<\/h2>\n\n\n\n<h3 class=\"wp-block-heading\">Navigieren durch die regionale Vielfalt<\/h3>\n\n\n\n<p>Understanding the regional diversity is one of the <a href=\"https:\/\/www.sisinternational.com\/de\/abdeckung\/die-amerikaner\/usa-berichterstattung\/marktforschung-in-maine\/\" title=\"Marktforschung in Maine\"  data-wpil-monitor-id=\"5436\">main difficulties in the market research<\/a> in Germany. Because Germany is a large country with 16 federal states, there will be considerable differences in cultural attitudes, economic conditions, and consumer behavior. What works in Berlin isn\u2019t necessarily going to work in Munich or Hamburg. Indeed, regions in the south and east of Germany can have quite different product type preferences as well as pricing or even advertising styles.<\/p>\n\n\n\n<p>Im Laufe der Jahre hat SIS erstklassige F\u00e4higkeiten entwickelt, den deutschen Markt auf regionaler Ebene zu segmentieren und dem Unternehmen dabei zu helfen, auf die spezifischen Bed\u00fcrfnisse verschiedener Verbrauchergruppen einzugehen. Dabei geht es darum, \u00fcber gro\u00dfe Klischees hinauszugehen und die tats\u00e4chlichen Motivationen und Schmerzpunkte der Verbraucher in jeder Region kennenzulernen.<\/p>\n\n\n\n<h3 class=\"wp-block-heading\">Strenge Vorschriften im Griff<\/h3>\n\n\n\n<p>Dirigieren <a href=\"https:\/\/www.sisinternational.com\/de\/losungen\/legal-market-research\/\" title=\"Legal Market Research\"  data-wpil-monitor-id=\"2959\">Marktforschung<\/a> can be a big hurdle for companies in Germany due to its legal and regulatory landscape. Much of the country has strict privacy laws and regulations \u2014 most famously the General Data Protection Regulation (GDPR) \u2014 which curtails how companies collect, store, and use consumer data. For businesses engaged in market research, GDPR compliance is essential, with violations resulting in serious fines and reputation damage.<\/p>\n\n\n\n<h3 class=\"wp-block-heading\">Umweltbewusstsein und lokale Traditionen<\/h3>\n\n\n\n<p>Markt <a href=\"https:\/\/www.sisinternational.com\/de\/sachverstand\/branchen\/extreme-persona-forschung\/\" title=\"Extreme Persona-Forschung\"  data-wpil-monitor-id=\"3364\">research in Germany must be extremely<\/a> sensitive to local values, attitudes, and preferences. A marketing campaign or product that suits another European market may fall flat in Germany even if it fits local tastes.<\/p>\n\n\n\n<p>Humor und emotionale Appelle in der Werbung m\u00f6gen in L\u00e4ndern wie Gro\u00dfbritannien oder Frankreich funktionieren, nicht jedoch in Deutschland, wo Verbraucher eher einfache und sachliche Ans\u00e4tze sch\u00e4tzen.<\/p>\n\n\n\n<h3 class=\"wp-block-heading\">Hart umk\u00e4mpfter Markt<\/h3>\n\n\n\n<p>Die gr\u00f6\u00dfte Herausforderung in Deutschland ist der Wettbewerbsdruck in vielen Branchen. In vielen Branchen gibt es viele etablierte lokale Akteure. Um sich durchzusetzen und Marktanteile zu gewinnen, ist ein Verst\u00e4ndnis des Verbraucher- und Wettbewerbsverhaltens erforderlich. In diesem Wettbewerbsumfeld erfordert effektive Marktforschung anspruchsvolle Methoden und ein scharfes Auge f\u00fcr Marktchancen und aufkommende Trends.<\/p>\n\n\n\n<h2 class=\"wp-block-heading\">Warum sollten Sie SIS International als Ihren vertrauensw\u00fcrdigen Marktforschungspartner in Deutschland w\u00e4hlen?<\/h2>\n\n\n\n<figure class=\"gb-block-image gb-block-image-c4753d37\"><img loading=\"lazy\" decoding=\"async\" width=\"1456\" height=\"816\" class=\"gb-image gb-image-c4753d37\" src=\"https:\/\/www.sisinternational.com\/wp-content\/uploads\/2025\/09\/Germany-3.jpg\" alt=\"SIS International Marktforschung &amp; Strategie\" title=\"Germany (3)\" srcset=\"https:\/\/www.sisinternational.com\/wp-content\/uploads\/2025\/09\/Germany-3.jpg 1456w, https:\/\/www.sisinternational.com\/wp-content\/uploads\/2025\/09\/Germany-3-300x168.jpg 300w, https:\/\/www.sisinternational.com\/wp-content\/uploads\/2025\/09\/Germany-3-1024x574.jpg 1024w, https:\/\/www.sisinternational.com\/wp-content\/uploads\/2025\/09\/Germany-3-768x430.jpg 768w, https:\/\/www.sisinternational.com\/wp-content\/uploads\/2025\/09\/Germany-3-18x10.jpg 18w\" sizes=\"auto, (max-width: 1456px) 100vw, 1456px\"><\/figure>\n\n\n\n<p><\/p>\n\n\n\n<p>SIS International ist mehr als nur ein Marktforschungsanbieter. Wir sind ein Partner, der Unternehmen hilft, in komplexen Marktumgebungen wie Deutschland zu wachsen und erfolgreich zu sein. Mit \u00fcber 40 Jahren Erfahrung, Pr\u00e4senz in \u00fcber 135 M\u00e4rkten weltweit und einem Spezialistenteam, das mit den lokalen M\u00e4rkten vertraut ist, wissen wir, was es braucht, um in einem der wettbewerbsintensivsten und vielf\u00e4ltigsten Umfelder Europas erfolgreich zu sein.<\/p>\n\n\n\n<h3 class=\"wp-block-heading\">Erfolg mit Branchenriesen<\/h3>\n\n\n\n<p>Another reason SIS International is one of the best companies for market <a href=\"https:\/\/www.sisinternational.com\/de\/reifenmarkenmonitor-usa-deutschland-brasilien\/\" title=\"Reifenmarkenforschung in den USA, Deutschland und Brasilien\"  data-wpil-monitor-id=\"6603\">research in Germany<\/a> is our track record. We have delivered insights to some of the most influential brands in the world, such as Fortune 500 companies, startups, and government agencies, assisting them in making data-informed decisions in Germany\u2019s fast progressing market.&nbsp;<\/p>\n\n\n\n<h3 class=\"wp-block-heading\">Hohe Expertise im deutschen Markt<\/h3>\n\n\n\n<p>Wir sind Experten darin, lokales Verbraucherverhalten, regionale Entwicklungen und Osmose in Deutschland zu \u201eentschl\u00fcsseln\u201c, was uns von jedem durchschnittlichen Marktforschungsunternehmen unterscheidet. Unser Ansatz beschr\u00e4nkt sich nicht darauf, nur an der Oberfl\u00e4che zu kratzen; wir f\u00fchren qualitative und quantitative Forschung durch, um sicherzustellen, dass unsere Empfehlungen auf solider Basis basieren und gleichzeitig so umsetzbar wie m\u00f6glich sind.<\/p>\n\n\n\n<h3 class=\"wp-block-heading\">Lokale L\u00f6sungen mit globaler Reichweite<\/h3>\n\n\n\n<p>Dank unserer umfassenden Kenntnisse der \u00f6rtlichen Umgebung und Gemeinschaft nutzen wir bei unserer Methodik die aktuellsten Fortschritte in der Forschungstechnik, um mit einem ma\u00dfgeschneiderten Ansatz sicherzustellen, dass unsere Arbeit den Anforderungen unserer Kunden entspricht.&nbsp;<\/p>\n\n\n\n<h3 class=\"wp-block-heading\">Werkzeuge und traditionelle Methoden f\u00fcr fortgeschrittene Forschung<\/h3>\n\n\n\n<p>Wir wenden eine Vielzahl hochmoderner Methoden und Forschungsinstrumente an. Wir sammeln Daten aus Verbraucherstudien, umfangreichen Umfragen und Fokusgruppen, und zwar in gro\u00dfer Datenmenge. Dadurch k\u00f6nnen wir unseren Kunden ein umfassendes Verst\u00e4ndnis des Marktes vermitteln, sodass sie auf der Grundlage konsolidierter Daten die besten Entscheidungen treffen k\u00f6nnen.<\/p>\n\n\n\n<h3 class=\"wp-block-heading\">Ma\u00dfgeschneiderte L\u00f6sungen f\u00fcr nachhaltiges Wachstum<\/h3>\n\n\n\n<p>Bei <a href=\"https:\/\/twitter.com\/SISIntlResearch\" target=\"_blank\" rel=\"noopener\">SIS<\/a> Wir wissen, dass im Wesentlichen <a href=\"https:\/\/www.linkedin.com\/pulse\/how-market-research-enables-growth-ruth-stanat-phekf\/\" target=\"_blank\" rel=\"noopener\">Marktforschung<\/a> bedeutet nichts, wenn man es nicht anwenden kann, um langfristiges, nachhaltiges Wachstum zu erm\u00f6glichen. Von der Analyse bis zur Strategie bieten wir Einblicke, die Unternehmen dabei helfen, die bevorstehenden Herausforderungen und Chancen zu meistern.&nbsp;<\/p>\n\n\n\n<h2 class=\"wp-block-heading\">FAQ: Marktforschung in Deutschland<\/h2>\n\n\n\n<h3 class=\"wp-block-heading\">1. Warum ist Marktforschung in Deutschland f\u00fcr jedes Unternehmen unverzichtbar?<\/h3>\n\n\n\n<p>Deutschland ist Europas gr\u00f6\u00dfte Volkswirtschaft und ein Zentrum f\u00fcr Branchen wie Automobil, Technologie, Fertigung und Finanzen. Einblicke in das lokale Verbraucherverhalten, regionale Unterschiede und die regulatorische Landschaft k\u00f6nnen Unternehmen dabei helfen, ma\u00dfgeschneiderte Strategien zu entwickeln, neue Trends zu erkennen und Risiken zu mindern.<\/p>\n\n\n\n<h3 class=\"wp-block-heading\">2. Mit welchen Schwierigkeiten m\u00fcssen Unternehmen bei der Durchf\u00fchrung von Marktanalysen in Deutschland rechnen?<\/h3>\n\n\n\n<p>Deutschland ist regional vielf\u00e4ltig, verf\u00fcgt \u00fcber eine komplexe Regulierungslandschaft und kulturelle Unterschiede, die f\u00fcr Marktforschungsunternehmen einige Herausforderungen darstellen. Das Verbraucherverhalten in Deutschland ist in den einzelnen Regionen unterschiedlich, weshalb es wichtig ist, regionale Forschung durchzuf\u00fchren.&nbsp;<\/p>\n\n\n\n<h3 class=\"wp-block-heading\">3. F\u00fcr welche Branchen betreibt SIS International Marktforschung in Deutschland?<\/h3>\n\n\n\n<p><a href=\"https:\/\/www.linkedin.com\/company\/sisinternationalresearch\/\" target=\"_blank\" rel=\"noopener\">SIS International<\/a>&#8216;s market research services cover a diverse range of industries in Germany, including automotive, technology, consumer goods, healthcare, finance, energy, and manufacturing. We&#8217;ve been working for global <a href=\"https:\/\/www.sisinternational.com\/de\/schockwerbung-und-schockmarketing\/\" title=\"Schockvertising und Schockmarketing\" data-wpil-monitor-id=\"7570\">brands<\/a> to help them develop a sense of local market behavior and gain consumer insights to come up with the most relevant approach to entering the German Market.&nbsp;<\/p>\n\n\n\n<h3 class=\"wp-block-heading\">4. Wie h\u00e4lt Marktforschung in Deutschland mein Unternehmen wettbewerbsf\u00e4hig?<\/h3>\n\n\n\n<p>Das Verst\u00e4ndnis des Verbraucherverhaltens, neuer Markttrends und der Strategien der Konkurrenz ist entscheidend, um in der Marktforschung in Deutschland wettbewerbsf\u00e4hig zu bleiben. So k\u00f6nnen Sie Marktl\u00fccken, effektive Preisstrategien und das f\u00fcr Ihr Produkt am besten geeignete Marketing erkennen. Wir helfen Unternehmen, diese Chancen innovativ zu nutzen, indem wir ihnen wertvolle und aktuelle Forschungseinblicke liefern, die es ihnen erm\u00f6glichen, Markttrends zu \u00fcberwachen und effektiv und zeitnah zu reagieren.<\/p>\n\n\n\n<h2 class=\"wp-block-heading\">Unser Standort in New York<\/h2>\n\n\n\n<p>\n\n\n\n<iframe loading=\"lazy\" src=\"https:\/\/www.google.com\/maps\/embed?pb=!1m18!1m12!1m3!1d3022.976188376966!2d-73.99130312499956!3d40.740549471389315!2m3!1f0!2f0!3f0!3m2!1i1024!2i768!4f13.1!3m3!1m2!1s0x89c259a15798c731%3A0xd695d09bdd495f25!2s11%20E%2022nd%20St%20FL%202%2C%20New%20York%2C%20NY%2010010%2C%20USA!5e0!3m2!1sen!2spe!4v1726171763526!5m2!1sen!2spe\" width=\"600\" height=\"450\" allowfullscreen=\"allowfullscreen\" data-mce-fragment=\"1\"><\/iframe>\n\n\n\n<\/p>\n\n\n\n<h3 class=\"wp-block-heading\">11 E 22nd Street, Floor 2, New York, NY 10010 T: +1(212) 505-6805<\/h3>\n\n\n\n<hr class=\"wp-block-separator has-alpha-channel-opacity\"\/>\n\n\n\n<h2 class=\"wp-block-heading\"><span style=\"font-weight: 400;\">\u00dcber SIS International<\/span><\/h2>\n\n\n\n<p><a href=\"https:\/\/www.sisinternational.com\/de\/\"><span style=\"font-weight: 400;\">SIS International<\/span><\/a><span style=\"font-weight: 400;\"> bietet quantitative, qualitative und strategische Forschung an. Wir liefern Daten, Tools, Strategien, Berichte und Erkenntnisse zur Entscheidungsfindung. Wir f\u00fchren auch Interviews, Umfragen, Fokusgruppen und andere Methoden und Ans\u00e4tze der Marktforschung durch.<\/span><a href=\"https:\/\/www.sisinternational.com\/de\/uber-sis-international-research\/contact-sis-international-market-research\/\"><span style=\"font-weight: 400;\"> Kontakt<\/span><\/a><span style=\"font-weight: 400;\"> f\u00fcr Ihr n\u00e4chstes Marktforschungsprojekt.<\/span><\/p>\n\n\n\n<hr class=\"wp-block-separator has-alpha-channel-opacity\"\/>","protected":false},"excerpt":{"rendered":"<p>Market Research in Germany Market research in Germany is crucial for any company looking to establish itself in one of Europe\u2019s most competitive and sophisticated markets. Do you know the German market as well as you think? As the CEO of SIS International, I have observed that too many companies ignore the realities of entering &#8230; <a title=\"Marktforschung in Deutschland\" class=\"read-more\" href=\"https:\/\/www.sisinternational.com\/de\/abdeckung\/europa\/market-research-in-germany-2\/\" aria-label=\"Mehr Informationen \u00fcber Market Research in Germany\">Weiterlesen \u2026<\/a><\/p>","protected":false},"author":1,"featured_media":65834,"parent":14510,"menu_order":76,"comment_status":"closed","ping_status":"closed","template":"","meta":{"footnotes":""},"class_list":["post-54475","page","type-page","status-publish","has-post-thumbnail"],"_links":{"self":[{"href":"https:\/\/www.sisinternational.com\/de\/wp-json\/wp\/v2\/pages\/54475","targetHints":{"allow":["GET"]}}],"collection":[{"href":"https:\/\/www.sisinternational.com\/de\/wp-json\/wp\/v2\/pages"}],"about":[{"href":"https:\/\/www.sisinternational.com\/de\/wp-json\/wp\/v2\/types\/page"}],"author":[{"embeddable":true,"href":"https:\/\/www.sisinternational.com\/de\/wp-json\/wp\/v2\/users\/1"}],"replies":[{"embeddable":true,"href":"https:\/\/www.sisinternational.com\/de\/wp-json\/wp\/v2\/comments?post=54475"}],"version-history":[{"count":15,"href":"https:\/\/www.sisinternational.com\/de\/wp-json\/wp\/v2\/pages\/54475\/revisions"}],"predecessor-version":[{"id":81193,"href":"https:\/\/www.sisinternational.com\/de\/wp-json\/wp\/v2\/pages\/54475\/revisions\/81193"}],"up":[{"embeddable":true,"href":"https:\/\/www.sisinternational.com\/de\/wp-json\/wp\/v2\/pages\/14510"}],"wp:featuredmedia":[{"embeddable":true,"href":"https:\/\/www.sisinternational.com\/de\/wp-json\/wp\/v2\/media\/65834"}],"wp:attachment":[{"href":"https:\/\/www.sisinternational.com\/de\/wp-json\/wp\/v2\/media?parent=54475"}],"curies":[{"name":"wp","href":"https:\/\/api.w.org\/{rel}","templated":true}]}}